{"id":50584,"date":"2026-04-12T08:47:38","date_gmt":"2026-04-12T06:47:38","guid":{"rendered":"https:\/\/dev6.erresse-shop.it\/shop\/unkategorisiert\/miyabi-5000-mcd-chutoh-16-cm\/"},"modified":"2025-09-14T00:46:06","modified_gmt":"2025-09-13T22:46:06","slug":"miyabi-5000-mcd-chutoh-16-cm","status":"publish","type":"product","link":"https:\/\/dev6.erresse-shop.it\/de\/shop\/kuche\/messer\/kuechenmesser\/miyabi-5000-mcd-chutoh-16-cm\/","title":{"rendered":"MIYABI 5000 MCD Chutoh 16 cm"},"content":{"rendered":"<p>Das mittelgro\u00dfe CHUTOH-Messer von Miyabi ist ideal, wenn Sie Fleisch oder Fisch schneiden oder zerteilen m\u00fcssen. Die schlanke und stabile 16 cm lange Klinge gew\u00e4hrleistet volle Kontrolle bei der Arbeit: Pr\u00e4zises Arbeiten ist mit diesem Messer ein Leichtes. Deshalb hat es Profik\u00f6che auf der ganzen Welt \u00fcberzeugt. Der Kern der Klinge besteht aus MC63-Mikrokarbid-Pulverstahl, umgeben von 100 Stahlschichten in zwei verschiedenen H\u00e4rtegraden. Die CRYODUR\u00ae-Klinge wird au\u00dferdem einem speziellen H\u00e4rteverfahren bei -196 Grad Celsius unterzogen, wodurch sie eine H\u00e4rte von etwa 63 Rockwell erh\u00e4lt. Der Honbazuke-Schliff verleiht ihm eine skalpellartige Sch\u00e4rfe. Das Sch\u00e4rfen erfolgt durch zweimaliges Schleifen der Klinge zwischen Schleifscheiben und anschlie\u00dfendes Polieren auf einer Lederscheibe. Der Griff hat die traditionelle D-Form der japanischen Messer. Dieses Messer liegt gut in der Hand und ist dank des Griffs aus Masur-Birke ein echter Hingucker. Seine zarte Maserung hebt sich von dem floralen Damastmuster der Klinge ab und bildet einen raffinierten Kontrast. Aussparungen aus rostfreiem Stahl und feine rote Linien schaffen elegante dekorative Elemente. Das CHUTOH-Messer aus der Serie MIYABI 5000MCD zeichnet sich durch seine extreme Sch\u00e4rfe aus.<\/p>\n<p>Klingenkern aus MC63-Mikrokarbid-Pulverstahl, eingebettet in 100 Stahlschichten f\u00fcr eine au\u00dfergew\u00f6hnliche H\u00e4rte von ca. 63 Rockwell (internationale Standardh\u00e4rteeinheit) und au\u00dfergew\u00f6hnliche Schnitthaltigkeit.<br \/>\nDie eisgeh\u00e4rteten CRYODUR\u00ae-Klingen bieten eine au\u00dfergew\u00f6hnliche Schnitthaltigkeit, hervorragende Korrosionsbest\u00e4ndigkeit und ausgezeichnete Klingenflexibilit\u00e4t.<br \/>\nAuthentisches japanisches Klingenprofil<br \/>\nDie symmetrische Klinge mit ultrascharfer Honbazuke-Schneide garantiert eine unglaubliche Sch\u00e4rfe.<br \/>\nTraditioneller D-Griff aus Masur-Birke f\u00fcr perfekte Balance, optimale<br \/>\nKontrolle und unerm\u00fcdliches Schneiden.<br \/>\nTraditioneller japanischer Griff aus karelischer Birke (Masur)<br \/>\nAbgerundetes Profil und Absatz<br \/>\nHandgefertigt in Seki, Japan<\/p>\n<p>EIGENSCHAFTEN<\/p>\n<p>Farbe: Braun<br \/>\nWerkstoff: MC63<br \/>\nGrifftyp: verdeckter Erl<br \/>\nKantenart: glatt<br \/>\nKantenbearbeitung: Honbazuke-Schleifen<br \/>\nHerstellungsverfahren: geschwei\u00dft<br \/>\nKlingenh\u00e4rte (HRC): 62-64 HRC<br \/>\nFarbe des Griffs: braun<br \/>\nMaterial des Griffs: Birke<\/p>\n<p>ABMESSUNGEN<\/p>\n<p>Nettogewicht: 0,15 kg<br \/>\nProduktl\u00e4nge: 29,80 cm<br \/>\nProduktbreite: 2,30 cm<br \/>\nH\u00f6he des Produkts: 4,00 cm<br \/>\nL\u00e4nge der Klinge: 16.00 cm<br \/>\nL\u00e4nge des Griffs: 13,80 cm<br \/>\nBreite des Griffs: 2,30 cm<br \/>\nKlingenbreite: 0,20 cm<br \/>\nDicke der Klinge: 0,20 cm<\/p>\n","protected":false},"excerpt":{"rendered":"<p>Das mittelgro\u00dfe CHUTOH-Messer von Miyabi ist ideal, wenn Sie Fleisch oder Fisch schneiden oder zerteilen m\u00fcssen. Die schlanke und stabile 16 cm lange Klinge gew\u00e4hrleistet volle Kontrolle bei der Arbeit: Pr\u00e4zises Arbeiten ist mit diesem Messer ein Leichtes. Deshalb hat es Profik\u00f6che auf der ganzen Welt \u00fcberzeugt. Der Kern der Klinge besteht aus MC63-Mikrokarbid-Pulverstahl, umgeben [&hellip;]<\/p>\n","protected":false},"featured_media":6353600,"template":"","meta":{"_acf_changed":false},"product_cat":[12100,12105],"product_tag":[],"class_list":{"0":"post-50584","1":"product","2":"type-product","3":"status-publish","4":"has-post-thumbnail","6":"product_cat-kuche","7":"product_cat-kuechenmesser","9":"first","10":"outofstock","11":"sale","12":"taxable","13":"shipping-taxable","14":"purchasable","15":"product-type-simple","swatches":"rey-swatches","show_selected":"","stretch_labels":"rey-swatches--stretch-labels"},"acf":[],"yoast_head":"<!-- This site is optimized with the Yoast SEO plugin v25.4 - https:\/\/yoast.com\/wordpress\/plugins\/seo\/ -->\n<title>MIYABI 5000 MCD Chutoh 16 cm - dev6 Erresse<\/title>\n<meta name=\"description\" content=\"Das mittelgro\u00dfe CHUTOH-Messer von Miyabi ist ideal, wenn Sie Fleisch oder Fisch schneiden oder zerteilen m\u00fcssen. Die schlanke und stabile 16 cm lange\" \/>\n<meta name=\"robots\" content=\"noindex, follow, max-snippet:-1, max-image-preview:large, max-video-preview:-1\" \/>\n<meta property=\"og:locale\" content=\"de_DE\" \/>\n<meta property=\"og:type\" content=\"article\" \/>\n<meta property=\"og:title\" content=\"MIYABI 5000 MCD Chutoh 16 cm - dev6 Erresse\" \/>\n<meta property=\"og:description\" content=\"Das mittelgro\u00dfe CHUTOH-Messer von Miyabi ist ideal, wenn Sie Fleisch oder Fisch schneiden oder zerteilen m\u00fcssen. Die schlanke und stabile 16 cm lange\" \/>\n<meta property=\"og:url\" content=\"https:\/\/dev6.erresse-shop.it\/de\/shop\/kuche\/messer\/kuechenmesser\/miyabi-5000-mcd-chutoh-16-cm\/\" \/>\n<meta property=\"og:site_name\" content=\"dev6 Erresse\" \/>\n<meta property=\"og:image\" content=\"https:\/\/interpim.erresse-shop.it\/Import\/Prodotti\/miyabi-5000-mcd-chutoh.jpg\" \/><meta property=\"og:image\" content=\"https:\/\/interpim.erresse-shop.it\/Import\/Prodotti\/miyabi-5000-mcd-chutoh.jpg\" \/>\n\t<meta property=\"og:image:width\" content=\"1024\" \/>\n\t<meta property=\"og:image:height\" content=\"1024\" \/>\n\t<meta property=\"og:image:type\" content=\"image\/jpeg\" \/>\n<meta name=\"twitter:card\" content=\"summary_large_image\" \/>\n<meta name=\"twitter:image\" content=\"https:\/\/interpim.erresse-shop.it\/Import\/Prodotti\/miyabi-5000-mcd-chutoh.jpg\" \/>\n<script type=\"application\/ld+json\" class=\"yoast-schema-graph\">{\"@context\":\"https:\/\/schema.org\",\"@graph\":[{\"@type\":\"WebPage\",\"@id\":\"https:\/\/dev6.erresse-shop.it\/de\/shop\/kuche\/messer\/kuechenmesser\/miyabi-5000-mcd-chutoh-16-cm\/\",\"url\":\"https:\/\/dev6.erresse-shop.it\/de\/shop\/kuche\/messer\/kuechenmesser\/miyabi-5000-mcd-chutoh-16-cm\/\",\"name\":\"MIYABI 5000 MCD Chutoh 16 cm - dev6 Erresse\",\"isPartOf\":{\"@id\":\"https:\/\/dev6.erresse-shop.it\/#website\"},\"primaryImageOfPage\":{\"@id\":\"https:\/\/dev6.erresse-shop.it\/de\/shop\/kuche\/messer\/kuechenmesser\/miyabi-5000-mcd-chutoh-16-cm\/#primaryimage\"},\"image\":{\"@id\":\"https:\/\/dev6.erresse-shop.it\/de\/shop\/kuche\/messer\/kuechenmesser\/miyabi-5000-mcd-chutoh-16-cm\/#primaryimage\"},\"thumbnailUrl\":\"https:\/\/i0.wp.com\/interpim.erresse-shop.it\/Import\/Prodotti\/miyabi-5000-mcd-chutoh.jpg?ssl=1\",\"datePublished\":\"2026-04-12T06:47:38+00:00\",\"description\":\"Das mittelgro\u00dfe CHUTOH-Messer von Miyabi ist ideal, wenn Sie Fleisch oder Fisch schneiden oder zerteilen m\u00fcssen. Die schlanke und stabile 16 cm lange\",\"breadcrumb\":{\"@id\":\"https:\/\/dev6.erresse-shop.it\/de\/shop\/kuche\/messer\/kuechenmesser\/miyabi-5000-mcd-chutoh-16-cm\/#breadcrumb\"},\"inLanguage\":\"de\",\"potentialAction\":[{\"@type\":\"ReadAction\",\"target\":[\"https:\/\/dev6.erresse-shop.it\/de\/shop\/kuche\/messer\/kuechenmesser\/miyabi-5000-mcd-chutoh-16-cm\/\"]}]},{\"@type\":\"ImageObject\",\"inLanguage\":\"de\",\"@id\":\"https:\/\/dev6.erresse-shop.it\/de\/shop\/kuche\/messer\/kuechenmesser\/miyabi-5000-mcd-chutoh-16-cm\/#primaryimage\",\"url\":\"https:\/\/i0.wp.com\/interpim.erresse-shop.it\/Import\/Prodotti\/miyabi-5000-mcd-chutoh.jpg?ssl=1\",\"contentUrl\":\"https:\/\/i0.wp.com\/interpim.erresse-shop.it\/Import\/Prodotti\/miyabi-5000-mcd-chutoh.jpg?ssl=1\"},{\"@type\":\"BreadcrumbList\",\"@id\":\"https:\/\/dev6.erresse-shop.it\/de\/shop\/kuche\/messer\/kuechenmesser\/miyabi-5000-mcd-chutoh-16-cm\/#breadcrumb\",\"itemListElement\":[{\"@type\":\"ListItem\",\"position\":1,\"name\":\"Home\",\"item\":\"https:\/\/dev6.erresse-shop.it\/\"},{\"@type\":\"ListItem\",\"position\":2,\"name\":\"Shop\",\"item\":\"https:\/\/dev6.erresse-shop.it\/shop\/\"},{\"@type\":\"ListItem\",\"position\":3,\"name\":\"MIYABI 5000 MCD Chutoh 16 cm\"}]},{\"@type\":\"WebSite\",\"@id\":\"https:\/\/dev6.erresse-shop.it\/#website\",\"url\":\"https:\/\/dev6.erresse-shop.it\/\",\"name\":\"Erresse Shop\",\"description\":\"\",\"publisher\":{\"@id\":\"https:\/\/dev6.erresse-shop.it\/#organization\"},\"potentialAction\":[{\"@type\":\"SearchAction\",\"target\":{\"@type\":\"EntryPoint\",\"urlTemplate\":\"https:\/\/dev6.erresse-shop.it\/?s={search_term_string}\"},\"query-input\":{\"@type\":\"PropertyValueSpecification\",\"valueRequired\":true,\"valueName\":\"search_term_string\"}}],\"inLanguage\":\"de\"},{\"@type\":\"Organization\",\"@id\":\"https:\/\/dev6.erresse-shop.it\/#organization\",\"name\":\"Erresse Shop\",\"url\":\"https:\/\/dev6.erresse-shop.it\/\",\"logo\":{\"@type\":\"ImageObject\",\"inLanguage\":\"de\",\"@id\":\"https:\/\/dev6.erresse-shop.it\/#\/schema\/logo\/image\/\",\"url\":\"https:\/\/dev6.erresse-shop.it\/wp-content\/uploads\/2025\/01\/LOGO-ERRESSE-CLASSICO.svg\",\"contentUrl\":\"https:\/\/dev6.erresse-shop.it\/wp-content\/uploads\/2025\/01\/LOGO-ERRESSE-CLASSICO.svg\",\"caption\":\"Erresse Shop\"},\"image\":{\"@id\":\"https:\/\/dev6.erresse-shop.it\/#\/schema\/logo\/image\/\"}}]}<\/script>\n<!-- \/ Yoast SEO plugin. -->","yoast_head_json":{"title":"MIYABI 5000 MCD Chutoh 16 cm - dev6 Erresse","description":"Das mittelgro\u00dfe CHUTOH-Messer von Miyabi ist ideal, wenn Sie Fleisch oder Fisch schneiden oder zerteilen m\u00fcssen. Die schlanke und stabile 16 cm lange","robots":{"index":"noindex","follow":"follow","max-snippet":"max-snippet:-1","max-image-preview":"max-image-preview:large","max-video-preview":"max-video-preview:-1"},"og_locale":"de_DE","og_type":"article","og_title":"MIYABI 5000 MCD Chutoh 16 cm - dev6 Erresse","og_description":"Das mittelgro\u00dfe CHUTOH-Messer von Miyabi ist ideal, wenn Sie Fleisch oder Fisch schneiden oder zerteilen m\u00fcssen. Die schlanke und stabile 16 cm lange","og_url":"https:\/\/dev6.erresse-shop.it\/de\/shop\/kuche\/messer\/kuechenmesser\/miyabi-5000-mcd-chutoh-16-cm\/","og_site_name":"dev6 Erresse","og_image":[{"url":"https:\/\/interpim.erresse-shop.it\/Import\/Prodotti\/miyabi-5000-mcd-chutoh.jpg","type":"","width":"","height":""},{"url":"https:\/\/interpim.erresse-shop.it\/Import\/Prodotti\/miyabi-5000-mcd-chutoh.jpg","width":1024,"height":1024,"type":"image\/jpeg"}],"twitter_card":"summary_large_image","twitter_image":"https:\/\/interpim.erresse-shop.it\/Import\/Prodotti\/miyabi-5000-mcd-chutoh.jpg","schema":{"@context":"https:\/\/schema.org","@graph":[{"@type":"WebPage","@id":"https:\/\/dev6.erresse-shop.it\/de\/shop\/kuche\/messer\/kuechenmesser\/miyabi-5000-mcd-chutoh-16-cm\/","url":"https:\/\/dev6.erresse-shop.it\/de\/shop\/kuche\/messer\/kuechenmesser\/miyabi-5000-mcd-chutoh-16-cm\/","name":"MIYABI 5000 MCD Chutoh 16 cm - dev6 Erresse","isPartOf":{"@id":"https:\/\/dev6.erresse-shop.it\/#website"},"primaryImageOfPage":{"@id":"https:\/\/dev6.erresse-shop.it\/de\/shop\/kuche\/messer\/kuechenmesser\/miyabi-5000-mcd-chutoh-16-cm\/#primaryimage"},"image":{"@id":"https:\/\/dev6.erresse-shop.it\/de\/shop\/kuche\/messer\/kuechenmesser\/miyabi-5000-mcd-chutoh-16-cm\/#primaryimage"},"thumbnailUrl":"https:\/\/i0.wp.com\/interpim.erresse-shop.it\/Import\/Prodotti\/miyabi-5000-mcd-chutoh.jpg?ssl=1","datePublished":"2026-04-12T06:47:38+00:00","description":"Das mittelgro\u00dfe CHUTOH-Messer von Miyabi ist ideal, wenn Sie Fleisch oder Fisch schneiden oder zerteilen m\u00fcssen. Die schlanke und stabile 16 cm lange","breadcrumb":{"@id":"https:\/\/dev6.erresse-shop.it\/de\/shop\/kuche\/messer\/kuechenmesser\/miyabi-5000-mcd-chutoh-16-cm\/#breadcrumb"},"inLanguage":"de","potentialAction":[{"@type":"ReadAction","target":["https:\/\/dev6.erresse-shop.it\/de\/shop\/kuche\/messer\/kuechenmesser\/miyabi-5000-mcd-chutoh-16-cm\/"]}]},{"@type":"ImageObject","inLanguage":"de","@id":"https:\/\/dev6.erresse-shop.it\/de\/shop\/kuche\/messer\/kuechenmesser\/miyabi-5000-mcd-chutoh-16-cm\/#primaryimage","url":"https:\/\/i0.wp.com\/interpim.erresse-shop.it\/Import\/Prodotti\/miyabi-5000-mcd-chutoh.jpg?ssl=1","contentUrl":"https:\/\/i0.wp.com\/interpim.erresse-shop.it\/Import\/Prodotti\/miyabi-5000-mcd-chutoh.jpg?ssl=1"},{"@type":"BreadcrumbList","@id":"https:\/\/dev6.erresse-shop.it\/de\/shop\/kuche\/messer\/kuechenmesser\/miyabi-5000-mcd-chutoh-16-cm\/#breadcrumb","itemListElement":[{"@type":"ListItem","position":1,"name":"Home","item":"https:\/\/dev6.erresse-shop.it\/"},{"@type":"ListItem","position":2,"name":"Shop","item":"https:\/\/dev6.erresse-shop.it\/shop\/"},{"@type":"ListItem","position":3,"name":"MIYABI 5000 MCD Chutoh 16 cm"}]},{"@type":"WebSite","@id":"https:\/\/dev6.erresse-shop.it\/#website","url":"https:\/\/dev6.erresse-shop.it\/","name":"Erresse Shop","description":"","publisher":{"@id":"https:\/\/dev6.erresse-shop.it\/#organization"},"potentialAction":[{"@type":"SearchAction","target":{"@type":"EntryPoint","urlTemplate":"https:\/\/dev6.erresse-shop.it\/?s={search_term_string}"},"query-input":{"@type":"PropertyValueSpecification","valueRequired":true,"valueName":"search_term_string"}}],"inLanguage":"de"},{"@type":"Organization","@id":"https:\/\/dev6.erresse-shop.it\/#organization","name":"Erresse Shop","url":"https:\/\/dev6.erresse-shop.it\/","logo":{"@type":"ImageObject","inLanguage":"de","@id":"https:\/\/dev6.erresse-shop.it\/#\/schema\/logo\/image\/","url":"https:\/\/dev6.erresse-shop.it\/wp-content\/uploads\/2025\/01\/LOGO-ERRESSE-CLASSICO.svg","contentUrl":"https:\/\/dev6.erresse-shop.it\/wp-content\/uploads\/2025\/01\/LOGO-ERRESSE-CLASSICO.svg","caption":"Erresse Shop"},"image":{"@id":"https:\/\/dev6.erresse-shop.it\/#\/schema\/logo\/image\/"}}]}},"df_price":239,"df_sale_price":239,"df_regular_price":339,"df_image_link":"https:\/\/i0.wp.com\/interpim.erresse-shop.it\/Import\/Prodotti\/miyabi-5000-mcd-chutoh.jpg?resize=300,300&ssl=1","fifu_image_url":"https:\/\/interpim.erresse-shop.it\/Import\/Prodotti\/miyabi-5000-mcd-chutoh.jpg","_links":{"self":[{"href":"https:\/\/dev6.erresse-shop.it\/de\/wp-json\/wp\/v2\/product\/50584","targetHints":{"allow":["GET"]}}],"collection":[{"href":"https:\/\/dev6.erresse-shop.it\/de\/wp-json\/wp\/v2\/product"}],"about":[{"href":"https:\/\/dev6.erresse-shop.it\/de\/wp-json\/wp\/v2\/types\/product"}],"wp:featuredmedia":[{"embeddable":true,"href":"https:\/\/dev6.erresse-shop.it\/de\/wp-json\/wp\/v2\/media\/6353600"}],"wp:attachment":[{"href":"https:\/\/dev6.erresse-shop.it\/de\/wp-json\/wp\/v2\/media?parent=50584"}],"wp:term":[{"taxonomy":"product_cat","embeddable":true,"href":"https:\/\/dev6.erresse-shop.it\/de\/wp-json\/wp\/v2\/product_cat?post=50584"},{"taxonomy":"product_tag","embeddable":true,"href":"https:\/\/dev6.erresse-shop.it\/de\/wp-json\/wp\/v2\/product_tag?post=50584"}],"curies":[{"name":"wp","href":"https:\/\/api.w.org\/{rel}","templated":true}]}}