{"id":50576,"date":"2026-04-04T08:46:23","date_gmt":"2026-04-04T06:46:23","guid":{"rendered":"https:\/\/dev6.erresse-shop.it\/shop\/unkategorisiert\/emile-henry-tajine-27-cm-grand-cru\/"},"modified":"2025-11-22T17:47:36","modified_gmt":"2025-11-22T16:47:36","slug":"emile-henry-tajine-27-cm-grand-cru","status":"publish","type":"product","link":"https:\/\/dev6.erresse-shop.it\/de\/shop\/toepfe-pfannen\/tajine-de\/emile-henry-tajine-27-cm-grand-cru\/","title":{"rendered":"EMILE HENRY Tajine 27 cm Grand Cru"},"content":{"rendered":"<p>Emile Henry wurde im Jahr 1850 gegr\u00fcndet.<br \/>\nDie Keramik von Emile Henry erm\u00f6glicht eine allm\u00e4hliche W\u00e4rmeverteilung beim Garen von Speisen bei niedrigen Temperaturen, so dass der Geschmack und das Aroma sowie die nat\u00fcrlichen Bestandteile der Speisen erhalten bleiben.<br \/>\nDurch das gesunde Niedertemperaturgaren der Emile Henry-Keramik bleiben Aromen, Vitamine und N\u00e4hrwerte erhalten.<br \/>\nDie Produkte von Emile Henry werden aus nat\u00fcrlichen Bestandteilen hergestellt: unbehandelter Ton f\u00fcr die Mischung, Sand, gefiltertes Wasser, nat\u00fcrliche Mineraloxide f\u00fcr die Farben. Die Produkte von Emile Henry sind frei von gesundheitssch\u00e4dlichen Schwermetallen: kein Blei, Cadmium oder Nickel.<br \/>\nDie Produkte von Emile Henry sind sto\u00dffest und k\u00f6nnen bei hohen Temperaturschwankungen verwendet werden. Sie k\u00f6nnen in der Sp\u00fclmaschine gereinigt werden.<\/p>\n<p>Enth\u00fcllen Sie alle Farben und Aromen der mediterranen K\u00fcche<br \/>\nLassen Sie sich von leckeren Rezepten mit orientalischen Aromen verf\u00fchren: H\u00e4hnchen-Tajine mit kandierten Zitronen, Tajine-Bar oder vegetarische Wintergem\u00fcse-Tajine.<\/p>\n<p>Die Tajine ist ein traditionelles marokkanisches Eintopfgericht. Im Laufe der Zeit hat sich diese Garmethode aus der Notwendigkeit heraus entwickelt, ohne Wasser zu kochen: Die Tajine bewahrt die Feuchtigkeit der Speisen, indem sie den Dampf, der von ihnen ausgeht, durch den Deckel entweichen l\u00e4sst. Der Schl\u00fcssel zu einer guten Tajine ist vor allem das langsame Garen bei sehr geringer Hitze, damit sich alle Aromen entfalten k\u00f6nnen. In unserer Tajine werden Fleisch, Fisch und Gem\u00fcse schonend gegart. Der konische Deckel erm\u00f6glicht eine optimale Dampfzirkulation f\u00fcr ein gutes Schmorgericht.<\/p>\n<p>Die Tajine von Emile Henry besteht aus Flame-Keramik, einem nat\u00fcrlichen und inerten Material, das ein gesundes Garen Ihrer Gerichte gew\u00e4hrleistet. Er leitet die Hitze sanft und gleichm\u00e4\u00dfig, um alle Zutaten zu garen. Sie k\u00f6nnen ihn auf einer direkten W\u00e4rmequelle (Gas, Elektro, Glaskeramik, mit einer Induktionsrelaisplatte), aber auch im Backofen verwenden. Die Sch\u00fcssel ist tief genug, um alle Zutaten f\u00fcr die Tajine aufzunehmen. Achten Sie darauf, dass Sie die Schichten nacheinander anordnen, damit sie optimal garen:<\/p>\n<p>Die Speisen, die Sie am Boden platzieren, garen im Bratensaft und ben\u00f6tigen mehr Garzeit.<br \/>\nOben liegende Speisen werden ged\u00e4mpft, empfindlichere Speisen, die weniger gegart werden m\u00fcssen, liegen weit oben.<\/p>\n<p>Machen Sie viel mehr mit Ihrer Emile Henry Tajine! Sie k\u00f6nnen damit auch alle Arten von Schmorgerichten zubereiten, wie z.B. Eint\u00f6pfe, ein Rindergulasch\u2026 Versuchen Sie auch s\u00fc\u00dfe Rezepte. Die Tajine eignet sich zum Beispiel zum Kochen von frischem oder getrocknetem Obst in Karamell.<\/p>\n<p>Einige Tipps zur Verwendung Ihrer Emile Henry-Tagine:<\/p>\n<p>Beginnen Sie die ersten 5 Minuten immer auf niedriger Stufe, um die Temperatur allm\u00e4hlich zu erh\u00f6hen. Erhitzen Sie den Boden Ihrer leeren Tajine nicht: F\u00fcgen Sie immer ein wenig Wasser oder \u00d6l hinzu. Achten Sie darauf, dass sich w\u00e4hrend des Kochens immer Saft in der Tajine befindet. Falls erforderlich, k\u00f6nnen Sie ein kleines Glas Wasser hinzuf\u00fcgen. Halten Sie die Tajine w\u00e4hrend des Kochens geschlossen, Sie k\u00f6nnen sie nat\u00fcrlich schnell \u00f6ffnen, um weitere Zutaten und Gew\u00fcrze hinzuzuf\u00fcgen.<\/p>\n<p>L\u00e4nge\/Durchmesser: 27cm<br \/>\nBreite: 27 cm<br \/>\nH\u00f6he: 20 cm<br \/>\nGewicht \u2013 KG: 2.5 KG<br \/>\nH\u00f6chsttemperatur: 290 \u00b0C<br \/>\nMindesttemperatur: -20 \u00b0C<\/p>\n","protected":false},"excerpt":{"rendered":"<p>Emile Henry wurde im Jahr 1850 gegr\u00fcndet. Die Keramik von Emile Henry erm\u00f6glicht eine allm\u00e4hliche W\u00e4rmeverteilung beim Garen von Speisen bei niedrigen Temperaturen, so dass der Geschmack und das Aroma sowie die nat\u00fcrlichen Bestandteile der Speisen erhalten bleiben. Durch das gesunde Niedertemperaturgaren der Emile Henry-Keramik bleiben Aromen, Vitamine und N\u00e4hrwerte erhalten. Die Produkte von Emile [&hellip;]<\/p>\n","protected":false},"featured_media":6270297,"template":"","meta":{"_acf_changed":false},"product_cat":[11667,12133,12099],"product_tag":[],"class_list":{"0":"post-50576","1":"product","2":"type-product","3":"status-publish","4":"has-post-thumbnail","6":"product_cat-padelle-pentole","7":"product_cat-tajine-de","8":"product_cat-toepfe-pfannen","10":"first","11":"outofstock","12":"sale","13":"taxable","14":"shipping-taxable","15":"purchasable","16":"product-type-simple","swatches":"rey-swatches","show_selected":"","stretch_labels":"rey-swatches--stretch-labels"},"acf":[],"yoast_head":"<!-- This site is optimized with the Yoast SEO plugin v25.4 - https:\/\/yoast.com\/wordpress\/plugins\/seo\/ -->\n<title>EMILE HENRY Tajine 27 cm Grand Cru - dev6 Erresse<\/title>\n<meta name=\"description\" content=\"Emile Henry wurde im Jahr 1850 gegr\u00fcndet. Die Keramik von Emile Henry erm\u00f6glicht eine allm\u00e4hliche W\u00e4rmeverteilung beim Garen von Speisen bei niedrigen\" \/>\n<meta name=\"robots\" content=\"noindex, follow, max-snippet:-1, max-image-preview:large, max-video-preview:-1\" \/>\n<meta property=\"og:locale\" content=\"de_DE\" \/>\n<meta property=\"og:type\" content=\"article\" \/>\n<meta property=\"og:title\" content=\"EMILE HENRY Tajine 27 cm Grand Cru - dev6 Erresse\" \/>\n<meta property=\"og:description\" content=\"Emile Henry wurde im Jahr 1850 gegr\u00fcndet. Die Keramik von Emile Henry erm\u00f6glicht eine allm\u00e4hliche W\u00e4rmeverteilung beim Garen von Speisen bei niedrigen\" \/>\n<meta property=\"og:url\" content=\"https:\/\/dev6.erresse-shop.it\/de\/shop\/toepfe-pfannen\/tajine-de\/emile-henry-tajine-27-cm-grand-cru\/\" \/>\n<meta property=\"og:site_name\" content=\"dev6 Erresse\" \/>\n<meta property=\"og:image\" content=\"https:\/\/interpim.erresse-shop.it\/Import\/Prodotti\/emile-henry-tajine-grand-cru-27-cm-rosso.jpg\" \/><meta property=\"og:image\" content=\"https:\/\/interpim.erresse-shop.it\/Import\/Prodotti\/emile-henry-tajine-grand-cru-27-cm-rosso.jpg\" \/>\n\t<meta property=\"og:image:width\" content=\"1024\" \/>\n\t<meta property=\"og:image:height\" content=\"1024\" \/>\n\t<meta property=\"og:image:type\" content=\"image\/jpeg\" \/>\n<meta name=\"twitter:card\" content=\"summary_large_image\" \/>\n<meta name=\"twitter:image\" content=\"https:\/\/interpim.erresse-shop.it\/Import\/Prodotti\/emile-henry-tajine-grand-cru-27-cm-rosso.jpg\" \/>\n<script type=\"application\/ld+json\" class=\"yoast-schema-graph\">{\"@context\":\"https:\/\/schema.org\",\"@graph\":[{\"@type\":\"WebPage\",\"@id\":\"https:\/\/dev6.erresse-shop.it\/de\/shop\/toepfe-pfannen\/tajine-de\/emile-henry-tajine-27-cm-grand-cru\/\",\"url\":\"https:\/\/dev6.erresse-shop.it\/de\/shop\/toepfe-pfannen\/tajine-de\/emile-henry-tajine-27-cm-grand-cru\/\",\"name\":\"EMILE HENRY Tajine 27 cm Grand Cru - dev6 Erresse\",\"isPartOf\":{\"@id\":\"https:\/\/dev6.erresse-shop.it\/#website\"},\"primaryImageOfPage\":{\"@id\":\"https:\/\/dev6.erresse-shop.it\/de\/shop\/toepfe-pfannen\/tajine-de\/emile-henry-tajine-27-cm-grand-cru\/#primaryimage\"},\"image\":{\"@id\":\"https:\/\/dev6.erresse-shop.it\/de\/shop\/toepfe-pfannen\/tajine-de\/emile-henry-tajine-27-cm-grand-cru\/#primaryimage\"},\"thumbnailUrl\":\"https:\/\/i2.wp.com\/interpim.erresse-shop.it\/Import\/Prodotti\/emile-henry-tajine-grand-cru-27-cm-rosso.jpg?ssl=1\",\"datePublished\":\"2026-04-04T06:46:23+00:00\",\"description\":\"Emile Henry wurde im Jahr 1850 gegr\u00fcndet. Die Keramik von Emile Henry erm\u00f6glicht eine allm\u00e4hliche W\u00e4rmeverteilung beim Garen von Speisen bei niedrigen\",\"breadcrumb\":{\"@id\":\"https:\/\/dev6.erresse-shop.it\/de\/shop\/toepfe-pfannen\/tajine-de\/emile-henry-tajine-27-cm-grand-cru\/#breadcrumb\"},\"inLanguage\":\"de\",\"potentialAction\":[{\"@type\":\"ReadAction\",\"target\":[\"https:\/\/dev6.erresse-shop.it\/de\/shop\/toepfe-pfannen\/tajine-de\/emile-henry-tajine-27-cm-grand-cru\/\"]}]},{\"@type\":\"ImageObject\",\"inLanguage\":\"de\",\"@id\":\"https:\/\/dev6.erresse-shop.it\/de\/shop\/toepfe-pfannen\/tajine-de\/emile-henry-tajine-27-cm-grand-cru\/#primaryimage\",\"url\":\"https:\/\/i2.wp.com\/interpim.erresse-shop.it\/Import\/Prodotti\/emile-henry-tajine-grand-cru-27-cm-rosso.jpg?ssl=1\",\"contentUrl\":\"https:\/\/i2.wp.com\/interpim.erresse-shop.it\/Import\/Prodotti\/emile-henry-tajine-grand-cru-27-cm-rosso.jpg?ssl=1\"},{\"@type\":\"BreadcrumbList\",\"@id\":\"https:\/\/dev6.erresse-shop.it\/de\/shop\/toepfe-pfannen\/tajine-de\/emile-henry-tajine-27-cm-grand-cru\/#breadcrumb\",\"itemListElement\":[{\"@type\":\"ListItem\",\"position\":1,\"name\":\"Home\",\"item\":\"https:\/\/dev6.erresse-shop.it\/\"},{\"@type\":\"ListItem\",\"position\":2,\"name\":\"Shop\",\"item\":\"https:\/\/dev6.erresse-shop.it\/shop\/\"},{\"@type\":\"ListItem\",\"position\":3,\"name\":\"EMILE HENRY Tajine 27 cm Grand Cru\"}]},{\"@type\":\"WebSite\",\"@id\":\"https:\/\/dev6.erresse-shop.it\/#website\",\"url\":\"https:\/\/dev6.erresse-shop.it\/\",\"name\":\"Erresse Shop\",\"description\":\"\",\"publisher\":{\"@id\":\"https:\/\/dev6.erresse-shop.it\/#organization\"},\"potentialAction\":[{\"@type\":\"SearchAction\",\"target\":{\"@type\":\"EntryPoint\",\"urlTemplate\":\"https:\/\/dev6.erresse-shop.it\/?s={search_term_string}\"},\"query-input\":{\"@type\":\"PropertyValueSpecification\",\"valueRequired\":true,\"valueName\":\"search_term_string\"}}],\"inLanguage\":\"de\"},{\"@type\":\"Organization\",\"@id\":\"https:\/\/dev6.erresse-shop.it\/#organization\",\"name\":\"Erresse Shop\",\"url\":\"https:\/\/dev6.erresse-shop.it\/\",\"logo\":{\"@type\":\"ImageObject\",\"inLanguage\":\"de\",\"@id\":\"https:\/\/dev6.erresse-shop.it\/#\/schema\/logo\/image\/\",\"url\":\"https:\/\/dev6.erresse-shop.it\/wp-content\/uploads\/2025\/01\/LOGO-ERRESSE-CLASSICO.svg\",\"contentUrl\":\"https:\/\/dev6.erresse-shop.it\/wp-content\/uploads\/2025\/01\/LOGO-ERRESSE-CLASSICO.svg\",\"caption\":\"Erresse Shop\"},\"image\":{\"@id\":\"https:\/\/dev6.erresse-shop.it\/#\/schema\/logo\/image\/\"}}]}<\/script>\n<!-- \/ Yoast SEO plugin. -->","yoast_head_json":{"title":"EMILE HENRY Tajine 27 cm Grand Cru - dev6 Erresse","description":"Emile Henry wurde im Jahr 1850 gegr\u00fcndet. Die Keramik von Emile Henry erm\u00f6glicht eine allm\u00e4hliche W\u00e4rmeverteilung beim Garen von Speisen bei niedrigen","robots":{"index":"noindex","follow":"follow","max-snippet":"max-snippet:-1","max-image-preview":"max-image-preview:large","max-video-preview":"max-video-preview:-1"},"og_locale":"de_DE","og_type":"article","og_title":"EMILE HENRY Tajine 27 cm Grand Cru - dev6 Erresse","og_description":"Emile Henry wurde im Jahr 1850 gegr\u00fcndet. Die Keramik von Emile Henry erm\u00f6glicht eine allm\u00e4hliche W\u00e4rmeverteilung beim Garen von Speisen bei niedrigen","og_url":"https:\/\/dev6.erresse-shop.it\/de\/shop\/toepfe-pfannen\/tajine-de\/emile-henry-tajine-27-cm-grand-cru\/","og_site_name":"dev6 Erresse","og_image":[{"url":"https:\/\/interpim.erresse-shop.it\/Import\/Prodotti\/emile-henry-tajine-grand-cru-27-cm-rosso.jpg","type":"","width":"","height":""},{"url":"https:\/\/interpim.erresse-shop.it\/Import\/Prodotti\/emile-henry-tajine-grand-cru-27-cm-rosso.jpg","width":1024,"height":1024,"type":"image\/jpeg"}],"twitter_card":"summary_large_image","twitter_image":"https:\/\/interpim.erresse-shop.it\/Import\/Prodotti\/emile-henry-tajine-grand-cru-27-cm-rosso.jpg","schema":{"@context":"https:\/\/schema.org","@graph":[{"@type":"WebPage","@id":"https:\/\/dev6.erresse-shop.it\/de\/shop\/toepfe-pfannen\/tajine-de\/emile-henry-tajine-27-cm-grand-cru\/","url":"https:\/\/dev6.erresse-shop.it\/de\/shop\/toepfe-pfannen\/tajine-de\/emile-henry-tajine-27-cm-grand-cru\/","name":"EMILE HENRY Tajine 27 cm Grand Cru - dev6 Erresse","isPartOf":{"@id":"https:\/\/dev6.erresse-shop.it\/#website"},"primaryImageOfPage":{"@id":"https:\/\/dev6.erresse-shop.it\/de\/shop\/toepfe-pfannen\/tajine-de\/emile-henry-tajine-27-cm-grand-cru\/#primaryimage"},"image":{"@id":"https:\/\/dev6.erresse-shop.it\/de\/shop\/toepfe-pfannen\/tajine-de\/emile-henry-tajine-27-cm-grand-cru\/#primaryimage"},"thumbnailUrl":"https:\/\/i2.wp.com\/interpim.erresse-shop.it\/Import\/Prodotti\/emile-henry-tajine-grand-cru-27-cm-rosso.jpg?ssl=1","datePublished":"2026-04-04T06:46:23+00:00","description":"Emile Henry wurde im Jahr 1850 gegr\u00fcndet. Die Keramik von Emile Henry erm\u00f6glicht eine allm\u00e4hliche W\u00e4rmeverteilung beim Garen von Speisen bei niedrigen","breadcrumb":{"@id":"https:\/\/dev6.erresse-shop.it\/de\/shop\/toepfe-pfannen\/tajine-de\/emile-henry-tajine-27-cm-grand-cru\/#breadcrumb"},"inLanguage":"de","potentialAction":[{"@type":"ReadAction","target":["https:\/\/dev6.erresse-shop.it\/de\/shop\/toepfe-pfannen\/tajine-de\/emile-henry-tajine-27-cm-grand-cru\/"]}]},{"@type":"ImageObject","inLanguage":"de","@id":"https:\/\/dev6.erresse-shop.it\/de\/shop\/toepfe-pfannen\/tajine-de\/emile-henry-tajine-27-cm-grand-cru\/#primaryimage","url":"https:\/\/i2.wp.com\/interpim.erresse-shop.it\/Import\/Prodotti\/emile-henry-tajine-grand-cru-27-cm-rosso.jpg?ssl=1","contentUrl":"https:\/\/i2.wp.com\/interpim.erresse-shop.it\/Import\/Prodotti\/emile-henry-tajine-grand-cru-27-cm-rosso.jpg?ssl=1"},{"@type":"BreadcrumbList","@id":"https:\/\/dev6.erresse-shop.it\/de\/shop\/toepfe-pfannen\/tajine-de\/emile-henry-tajine-27-cm-grand-cru\/#breadcrumb","itemListElement":[{"@type":"ListItem","position":1,"name":"Home","item":"https:\/\/dev6.erresse-shop.it\/"},{"@type":"ListItem","position":2,"name":"Shop","item":"https:\/\/dev6.erresse-shop.it\/shop\/"},{"@type":"ListItem","position":3,"name":"EMILE HENRY Tajine 27 cm Grand Cru"}]},{"@type":"WebSite","@id":"https:\/\/dev6.erresse-shop.it\/#website","url":"https:\/\/dev6.erresse-shop.it\/","name":"Erresse Shop","description":"","publisher":{"@id":"https:\/\/dev6.erresse-shop.it\/#organization"},"potentialAction":[{"@type":"SearchAction","target":{"@type":"EntryPoint","urlTemplate":"https:\/\/dev6.erresse-shop.it\/?s={search_term_string}"},"query-input":{"@type":"PropertyValueSpecification","valueRequired":true,"valueName":"search_term_string"}}],"inLanguage":"de"},{"@type":"Organization","@id":"https:\/\/dev6.erresse-shop.it\/#organization","name":"Erresse Shop","url":"https:\/\/dev6.erresse-shop.it\/","logo":{"@type":"ImageObject","inLanguage":"de","@id":"https:\/\/dev6.erresse-shop.it\/#\/schema\/logo\/image\/","url":"https:\/\/dev6.erresse-shop.it\/wp-content\/uploads\/2025\/01\/LOGO-ERRESSE-CLASSICO.svg","contentUrl":"https:\/\/dev6.erresse-shop.it\/wp-content\/uploads\/2025\/01\/LOGO-ERRESSE-CLASSICO.svg","caption":"Erresse Shop"},"image":{"@id":"https:\/\/dev6.erresse-shop.it\/#\/schema\/logo\/image\/"}}]}},"df_price":89,"df_sale_price":89,"df_regular_price":117.5,"df_image_link":"https:\/\/i2.wp.com\/interpim.erresse-shop.it\/Import\/Prodotti\/emile-henry-tajine-grand-cru-27-cm-rosso.jpg?resize=300,300&ssl=1","fifu_image_url":"https:\/\/interpim.erresse-shop.it\/Import\/Prodotti\/emile-henry-tajine-grand-cru-27-cm-rosso.jpg","_links":{"self":[{"href":"https:\/\/dev6.erresse-shop.it\/de\/wp-json\/wp\/v2\/product\/50576","targetHints":{"allow":["GET"]}}],"collection":[{"href":"https:\/\/dev6.erresse-shop.it\/de\/wp-json\/wp\/v2\/product"}],"about":[{"href":"https:\/\/dev6.erresse-shop.it\/de\/wp-json\/wp\/v2\/types\/product"}],"wp:featuredmedia":[{"embeddable":true,"href":"https:\/\/dev6.erresse-shop.it\/de\/wp-json\/wp\/v2\/media\/6270297"}],"wp:attachment":[{"href":"https:\/\/dev6.erresse-shop.it\/de\/wp-json\/wp\/v2\/media?parent=50576"}],"wp:term":[{"taxonomy":"product_cat","embeddable":true,"href":"https:\/\/dev6.erresse-shop.it\/de\/wp-json\/wp\/v2\/product_cat?post=50576"},{"taxonomy":"product_tag","embeddable":true,"href":"https:\/\/dev6.erresse-shop.it\/de\/wp-json\/wp\/v2\/product_tag?post=50576"}],"curies":[{"name":"wp","href":"https:\/\/api.w.org\/{rel}","templated":true}]}}