{"id":50570,"date":"2026-04-12T08:47:38","date_gmt":"2026-04-12T06:47:38","guid":{"rendered":"https:\/\/dev6.erresse-shop.it\/shop\/unkategorisiert\/zafferano-pirolo-junior-set-6-gemischte-glaeser\/"},"modified":"2025-07-03T20:04:55","modified_gmt":"2025-07-03T18:04:55","slug":"zafferano-pirolo-junior-set-6-gemischte-glaeser","status":"publish","type":"product","link":"https:\/\/dev6.erresse-shop.it\/de\/shop\/tisch\/trinkglaeser\/zafferano-pirolo-junior-set-6-gemischte-glaeser\/","title":{"rendered":"ZAFFERANO Pirolo Junior Set 6 Gemischte Gl\u00e4ser"},"content":{"rendered":"<p>Inhalt:<\/p>\n<p>1 wei\u00dfes Glas (PI00300)<br \/>\n1 durchsichtiges Glas (PI00301)<br \/>\n1 schwarzes Glas (PI00302)<br \/>\n1 braunes Glas (PI00304)<br \/>\n1 blaues Glas (PI00307)<br \/>\n1 gr\u00fcnes Glas (PI00313)<\/p>\n<p>Fassungsverm\u00f6gen: 26 cl<\/p>\n<p>Pirolo ist eine Kollektion von Bechern aus Borosilikatglas. Die Form des Glases ist vom Kreisel inspiriert: Ein kleines, vorstehendes Element an der Unterseite erm\u00f6glicht es ihm, sich um seine eigene Achse zu drehen und schr\u00e4g auf dem Tisch zu ruhen. Der Becher ist transparent, w\u00e4hrend das charakteristische Detail in verschiedenen Farben erh\u00e4ltlich ist.<\/p>\n<p>Aus dem Erfahrungsschatz von Federico de Majo in der Welt des Glases stammt die Zafferano-Kollektion von farbigem Glasgeschirr. Inspiriert von den einfachen Formen und Schattierungen der \u00e4ltesten Tradition des mundgeblasenen und mundgeblasenen Glases, jedoch mit innovativen Interpretationen, sind die Produkte von Zafferano die ideale Erg\u00e4nzung, um den Tisch mit Elementen von Wert und suggestiver \u00e4sthetischer Wirkung zu dekorieren.<\/p>\n<p>Die Qualit\u00e4t der Handwerkskunst in Verbindung mit dem italienischen Design verleiht diesen Kollektionen ihren Wert; daher sind kleine Unterschiede, wenn \u00fcberhaupt, als authentischer Wert zu betrachten, der von den Merkmalen einer hervorragenden Handwerkskunst zeugt. Jedes einzelne St\u00fcck ist signiert, was die Originalit\u00e4t des Produkts garantiert, mit viel Liebe zum Detail.<\/p>\n","protected":false},"excerpt":{"rendered":"<p>Inhalt: 1 wei\u00dfes Glas (PI00300) 1 durchsichtiges Glas (PI00301) 1 schwarzes Glas (PI00302) 1 braunes Glas (PI00304) 1 blaues Glas (PI00307) 1 gr\u00fcnes Glas (PI00313) Fassungsverm\u00f6gen: 26 cl Pirolo ist eine Kollektion von Bechern aus Borosilikatglas. Die Form des Glases ist vom Kreisel inspiriert: Ein kleines, vorstehendes Element an der Unterseite erm\u00f6glicht es ihm, sich [&hellip;]<\/p>\n","protected":false},"featured_media":6353541,"template":"","meta":{"_acf_changed":false},"product_cat":[11671,12103,12117],"product_tag":[],"class_list":{"0":"post-50570","1":"product","2":"type-product","3":"status-publish","4":"has-post-thumbnail","6":"product_cat-tavola","7":"product_cat-tisch","8":"product_cat-trinkglaeser","10":"first","11":"outofstock","12":"sale","13":"taxable","14":"shipping-taxable","15":"purchasable","16":"product-type-simple","swatches":"rey-swatches","show_selected":"","stretch_labels":"rey-swatches--stretch-labels"},"acf":[],"yoast_head":"<!-- This site is optimized with the Yoast SEO plugin v25.4 - https:\/\/yoast.com\/wordpress\/plugins\/seo\/ -->\n<title>ZAFFERANO Pirolo Junior Set 6 Gemischte Gl\u00e4ser - dev6 Erresse<\/title>\n<meta name=\"description\" content=\"Inhalt: 1 wei\u00dfes Glas (PI00300) 1 durchsichtiges Glas (PI00301) 1 schwarzes Glas (PI00302) 1 braunes Glas (PI00304) 1 blaues Glas (PI00307) 1 gr\u00fcnes Glas\" \/>\n<meta name=\"robots\" content=\"noindex, follow, max-snippet:-1, max-image-preview:large, max-video-preview:-1\" \/>\n<meta property=\"og:locale\" content=\"de_DE\" \/>\n<meta property=\"og:type\" content=\"article\" \/>\n<meta property=\"og:title\" content=\"ZAFFERANO Pirolo Junior Set 6 Gemischte Gl\u00e4ser - dev6 Erresse\" \/>\n<meta property=\"og:description\" content=\"Inhalt: 1 wei\u00dfes Glas (PI00300) 1 durchsichtiges Glas (PI00301) 1 schwarzes Glas (PI00302) 1 braunes Glas (PI00304) 1 blaues Glas (PI00307) 1 gr\u00fcnes Glas\" \/>\n<meta property=\"og:url\" content=\"https:\/\/dev6.erresse-shop.it\/de\/shop\/tisch\/trinkglaeser\/zafferano-pirolo-junior-set-6-gemischte-glaeser\/\" \/>\n<meta property=\"og:site_name\" content=\"dev6 Erresse\" \/>\n<meta property=\"og:image\" content=\"https:\/\/interpim.erresse-shop.it\/img-catalogo\/zafferano\/zafferano-bicchiere-tumbler-pirolo-junior-26.jpg\" \/><meta property=\"og:image\" content=\"https:\/\/interpim.erresse-shop.it\/img-catalogo\/zafferano\/zafferano-bicchiere-tumbler-pirolo-junior-26.jpg\" \/>\n\t<meta property=\"og:image:width\" content=\"1024\" \/>\n\t<meta property=\"og:image:height\" content=\"1024\" \/>\n\t<meta property=\"og:image:type\" content=\"image\/jpeg\" \/>\n<meta name=\"twitter:card\" content=\"summary_large_image\" \/>\n<meta name=\"twitter:image\" content=\"https:\/\/interpim.erresse-shop.it\/img-catalogo\/zafferano\/zafferano-bicchiere-tumbler-pirolo-junior-26.jpg\" \/>\n<script type=\"application\/ld+json\" class=\"yoast-schema-graph\">{\"@context\":\"https:\/\/schema.org\",\"@graph\":[{\"@type\":\"WebPage\",\"@id\":\"https:\/\/dev6.erresse-shop.it\/de\/shop\/tisch\/trinkglaeser\/zafferano-pirolo-junior-set-6-gemischte-glaeser\/\",\"url\":\"https:\/\/dev6.erresse-shop.it\/de\/shop\/tisch\/trinkglaeser\/zafferano-pirolo-junior-set-6-gemischte-glaeser\/\",\"name\":\"ZAFFERANO Pirolo Junior Set 6 Gemischte Gl\u00e4ser - dev6 Erresse\",\"isPartOf\":{\"@id\":\"https:\/\/dev6.erresse-shop.it\/#website\"},\"primaryImageOfPage\":{\"@id\":\"https:\/\/dev6.erresse-shop.it\/de\/shop\/tisch\/trinkglaeser\/zafferano-pirolo-junior-set-6-gemischte-glaeser\/#primaryimage\"},\"image\":{\"@id\":\"https:\/\/dev6.erresse-shop.it\/de\/shop\/tisch\/trinkglaeser\/zafferano-pirolo-junior-set-6-gemischte-glaeser\/#primaryimage\"},\"thumbnailUrl\":\"https:\/\/i0.wp.com\/interpim.erresse-shop.it\/img-catalogo\/zafferano\/zafferano-bicchiere-tumbler-pirolo-junior-26.jpg?ssl=1\",\"datePublished\":\"2026-04-12T06:47:38+00:00\",\"description\":\"Inhalt: 1 wei\u00dfes Glas (PI00300) 1 durchsichtiges Glas (PI00301) 1 schwarzes Glas (PI00302) 1 braunes Glas (PI00304) 1 blaues Glas (PI00307) 1 gr\u00fcnes Glas\",\"breadcrumb\":{\"@id\":\"https:\/\/dev6.erresse-shop.it\/de\/shop\/tisch\/trinkglaeser\/zafferano-pirolo-junior-set-6-gemischte-glaeser\/#breadcrumb\"},\"inLanguage\":\"de\",\"potentialAction\":[{\"@type\":\"ReadAction\",\"target\":[\"https:\/\/dev6.erresse-shop.it\/de\/shop\/tisch\/trinkglaeser\/zafferano-pirolo-junior-set-6-gemischte-glaeser\/\"]}]},{\"@type\":\"ImageObject\",\"inLanguage\":\"de\",\"@id\":\"https:\/\/dev6.erresse-shop.it\/de\/shop\/tisch\/trinkglaeser\/zafferano-pirolo-junior-set-6-gemischte-glaeser\/#primaryimage\",\"url\":\"https:\/\/i0.wp.com\/interpim.erresse-shop.it\/img-catalogo\/zafferano\/zafferano-bicchiere-tumbler-pirolo-junior-26.jpg?ssl=1\",\"contentUrl\":\"https:\/\/i0.wp.com\/interpim.erresse-shop.it\/img-catalogo\/zafferano\/zafferano-bicchiere-tumbler-pirolo-junior-26.jpg?ssl=1\"},{\"@type\":\"BreadcrumbList\",\"@id\":\"https:\/\/dev6.erresse-shop.it\/de\/shop\/tisch\/trinkglaeser\/zafferano-pirolo-junior-set-6-gemischte-glaeser\/#breadcrumb\",\"itemListElement\":[{\"@type\":\"ListItem\",\"position\":1,\"name\":\"Home\",\"item\":\"https:\/\/dev6.erresse-shop.it\/\"},{\"@type\":\"ListItem\",\"position\":2,\"name\":\"Shop\",\"item\":\"https:\/\/dev6.erresse-shop.it\/shop\/\"},{\"@type\":\"ListItem\",\"position\":3,\"name\":\"ZAFFERANO Pirolo Junior Set 6 Gemischte Gl\u00e4ser\"}]},{\"@type\":\"WebSite\",\"@id\":\"https:\/\/dev6.erresse-shop.it\/#website\",\"url\":\"https:\/\/dev6.erresse-shop.it\/\",\"name\":\"Erresse Shop\",\"description\":\"\",\"publisher\":{\"@id\":\"https:\/\/dev6.erresse-shop.it\/#organization\"},\"potentialAction\":[{\"@type\":\"SearchAction\",\"target\":{\"@type\":\"EntryPoint\",\"urlTemplate\":\"https:\/\/dev6.erresse-shop.it\/?s={search_term_string}\"},\"query-input\":{\"@type\":\"PropertyValueSpecification\",\"valueRequired\":true,\"valueName\":\"search_term_string\"}}],\"inLanguage\":\"de\"},{\"@type\":\"Organization\",\"@id\":\"https:\/\/dev6.erresse-shop.it\/#organization\",\"name\":\"Erresse Shop\",\"url\":\"https:\/\/dev6.erresse-shop.it\/\",\"logo\":{\"@type\":\"ImageObject\",\"inLanguage\":\"de\",\"@id\":\"https:\/\/dev6.erresse-shop.it\/#\/schema\/logo\/image\/\",\"url\":\"https:\/\/dev6.erresse-shop.it\/wp-content\/uploads\/2025\/01\/LOGO-ERRESSE-CLASSICO.svg\",\"contentUrl\":\"https:\/\/dev6.erresse-shop.it\/wp-content\/uploads\/2025\/01\/LOGO-ERRESSE-CLASSICO.svg\",\"caption\":\"Erresse Shop\"},\"image\":{\"@id\":\"https:\/\/dev6.erresse-shop.it\/#\/schema\/logo\/image\/\"}}]}<\/script>\n<!-- \/ Yoast SEO plugin. -->","yoast_head_json":{"title":"ZAFFERANO Pirolo Junior Set 6 Gemischte Gl\u00e4ser - dev6 Erresse","description":"Inhalt: 1 wei\u00dfes Glas (PI00300) 1 durchsichtiges Glas (PI00301) 1 schwarzes Glas (PI00302) 1 braunes Glas (PI00304) 1 blaues Glas (PI00307) 1 gr\u00fcnes Glas","robots":{"index":"noindex","follow":"follow","max-snippet":"max-snippet:-1","max-image-preview":"max-image-preview:large","max-video-preview":"max-video-preview:-1"},"og_locale":"de_DE","og_type":"article","og_title":"ZAFFERANO Pirolo Junior Set 6 Gemischte Gl\u00e4ser - dev6 Erresse","og_description":"Inhalt: 1 wei\u00dfes Glas (PI00300) 1 durchsichtiges Glas (PI00301) 1 schwarzes Glas (PI00302) 1 braunes Glas (PI00304) 1 blaues Glas (PI00307) 1 gr\u00fcnes Glas","og_url":"https:\/\/dev6.erresse-shop.it\/de\/shop\/tisch\/trinkglaeser\/zafferano-pirolo-junior-set-6-gemischte-glaeser\/","og_site_name":"dev6 Erresse","og_image":[{"url":"https:\/\/interpim.erresse-shop.it\/img-catalogo\/zafferano\/zafferano-bicchiere-tumbler-pirolo-junior-26.jpg","type":"","width":"","height":""},{"url":"https:\/\/interpim.erresse-shop.it\/img-catalogo\/zafferano\/zafferano-bicchiere-tumbler-pirolo-junior-26.jpg","width":1024,"height":1024,"type":"image\/jpeg"}],"twitter_card":"summary_large_image","twitter_image":"https:\/\/interpim.erresse-shop.it\/img-catalogo\/zafferano\/zafferano-bicchiere-tumbler-pirolo-junior-26.jpg","schema":{"@context":"https:\/\/schema.org","@graph":[{"@type":"WebPage","@id":"https:\/\/dev6.erresse-shop.it\/de\/shop\/tisch\/trinkglaeser\/zafferano-pirolo-junior-set-6-gemischte-glaeser\/","url":"https:\/\/dev6.erresse-shop.it\/de\/shop\/tisch\/trinkglaeser\/zafferano-pirolo-junior-set-6-gemischte-glaeser\/","name":"ZAFFERANO Pirolo Junior Set 6 Gemischte Gl\u00e4ser - dev6 Erresse","isPartOf":{"@id":"https:\/\/dev6.erresse-shop.it\/#website"},"primaryImageOfPage":{"@id":"https:\/\/dev6.erresse-shop.it\/de\/shop\/tisch\/trinkglaeser\/zafferano-pirolo-junior-set-6-gemischte-glaeser\/#primaryimage"},"image":{"@id":"https:\/\/dev6.erresse-shop.it\/de\/shop\/tisch\/trinkglaeser\/zafferano-pirolo-junior-set-6-gemischte-glaeser\/#primaryimage"},"thumbnailUrl":"https:\/\/i0.wp.com\/interpim.erresse-shop.it\/img-catalogo\/zafferano\/zafferano-bicchiere-tumbler-pirolo-junior-26.jpg?ssl=1","datePublished":"2026-04-12T06:47:38+00:00","description":"Inhalt: 1 wei\u00dfes Glas (PI00300) 1 durchsichtiges Glas (PI00301) 1 schwarzes Glas (PI00302) 1 braunes Glas (PI00304) 1 blaues Glas (PI00307) 1 gr\u00fcnes Glas","breadcrumb":{"@id":"https:\/\/dev6.erresse-shop.it\/de\/shop\/tisch\/trinkglaeser\/zafferano-pirolo-junior-set-6-gemischte-glaeser\/#breadcrumb"},"inLanguage":"de","potentialAction":[{"@type":"ReadAction","target":["https:\/\/dev6.erresse-shop.it\/de\/shop\/tisch\/trinkglaeser\/zafferano-pirolo-junior-set-6-gemischte-glaeser\/"]}]},{"@type":"ImageObject","inLanguage":"de","@id":"https:\/\/dev6.erresse-shop.it\/de\/shop\/tisch\/trinkglaeser\/zafferano-pirolo-junior-set-6-gemischte-glaeser\/#primaryimage","url":"https:\/\/i0.wp.com\/interpim.erresse-shop.it\/img-catalogo\/zafferano\/zafferano-bicchiere-tumbler-pirolo-junior-26.jpg?ssl=1","contentUrl":"https:\/\/i0.wp.com\/interpim.erresse-shop.it\/img-catalogo\/zafferano\/zafferano-bicchiere-tumbler-pirolo-junior-26.jpg?ssl=1"},{"@type":"BreadcrumbList","@id":"https:\/\/dev6.erresse-shop.it\/de\/shop\/tisch\/trinkglaeser\/zafferano-pirolo-junior-set-6-gemischte-glaeser\/#breadcrumb","itemListElement":[{"@type":"ListItem","position":1,"name":"Home","item":"https:\/\/dev6.erresse-shop.it\/"},{"@type":"ListItem","position":2,"name":"Shop","item":"https:\/\/dev6.erresse-shop.it\/shop\/"},{"@type":"ListItem","position":3,"name":"ZAFFERANO Pirolo Junior Set 6 Gemischte Gl\u00e4ser"}]},{"@type":"WebSite","@id":"https:\/\/dev6.erresse-shop.it\/#website","url":"https:\/\/dev6.erresse-shop.it\/","name":"Erresse Shop","description":"","publisher":{"@id":"https:\/\/dev6.erresse-shop.it\/#organization"},"potentialAction":[{"@type":"SearchAction","target":{"@type":"EntryPoint","urlTemplate":"https:\/\/dev6.erresse-shop.it\/?s={search_term_string}"},"query-input":{"@type":"PropertyValueSpecification","valueRequired":true,"valueName":"search_term_string"}}],"inLanguage":"de"},{"@type":"Organization","@id":"https:\/\/dev6.erresse-shop.it\/#organization","name":"Erresse Shop","url":"https:\/\/dev6.erresse-shop.it\/","logo":{"@type":"ImageObject","inLanguage":"de","@id":"https:\/\/dev6.erresse-shop.it\/#\/schema\/logo\/image\/","url":"https:\/\/dev6.erresse-shop.it\/wp-content\/uploads\/2025\/01\/LOGO-ERRESSE-CLASSICO.svg","contentUrl":"https:\/\/dev6.erresse-shop.it\/wp-content\/uploads\/2025\/01\/LOGO-ERRESSE-CLASSICO.svg","caption":"Erresse Shop"},"image":{"@id":"https:\/\/dev6.erresse-shop.it\/#\/schema\/logo\/image\/"}}]}},"df_price":74,"df_sale_price":74,"df_regular_price":81,"df_image_link":"https:\/\/i0.wp.com\/interpim.erresse-shop.it\/img-catalogo\/zafferano\/zafferano-bicchiere-tumbler-pirolo-junior-26.jpg?resize=300,300&ssl=1","fifu_image_url":"https:\/\/interpim.erresse-shop.it\/img-catalogo\/zafferano\/zafferano-bicchiere-tumbler-pirolo-junior-26.jpg","_links":{"self":[{"href":"https:\/\/dev6.erresse-shop.it\/de\/wp-json\/wp\/v2\/product\/50570","targetHints":{"allow":["GET"]}}],"collection":[{"href":"https:\/\/dev6.erresse-shop.it\/de\/wp-json\/wp\/v2\/product"}],"about":[{"href":"https:\/\/dev6.erresse-shop.it\/de\/wp-json\/wp\/v2\/types\/product"}],"wp:featuredmedia":[{"embeddable":true,"href":"https:\/\/dev6.erresse-shop.it\/de\/wp-json\/wp\/v2\/media\/6353541"}],"wp:attachment":[{"href":"https:\/\/dev6.erresse-shop.it\/de\/wp-json\/wp\/v2\/media?parent=50570"}],"wp:term":[{"taxonomy":"product_cat","embeddable":true,"href":"https:\/\/dev6.erresse-shop.it\/de\/wp-json\/wp\/v2\/product_cat?post=50570"},{"taxonomy":"product_tag","embeddable":true,"href":"https:\/\/dev6.erresse-shop.it\/de\/wp-json\/wp\/v2\/product_tag?post=50570"}],"curies":[{"name":"wp","href":"https:\/\/api.w.org\/{rel}","templated":true}]}}