{"id":50566,"date":"2026-04-12T08:47:38","date_gmt":"2026-04-12T06:47:38","guid":{"rendered":"https:\/\/dev6.erresse-shop.it\/shop\/unkategorisiert\/seletti-love-in-bloom-behaelter\/"},"modified":"2025-09-14T00:45:49","modified_gmt":"2025-09-13T22:45:49","slug":"seletti-love-in-bloom-behaelter","status":"publish","type":"product","link":"https:\/\/dev6.erresse-shop.it\/de\/shop\/einrichtung-haus\/dekoartikel\/seletti-love-in-bloom-behaelter\/","title":{"rendered":"SELETTI Love in Bloom Beh\u00e4lter"},"content":{"rendered":"<p>Etwas in Ihr Herz zu stecken ist eine einfache und romantische Idee. Eine \u00dcberraschung f\u00fcr eine wichtige Person oder eine Schachtel f\u00fcr uns selbst?<br \/>\nDarin befinden sich kleine Gegenst\u00e4nde von gro\u00dfem Wert, die an den richtigen Platz gestellt werden m\u00fcssen.<\/p>\n<p>Love in Bloom Beh\u00e4lter<\/p>\n<p>Designer: MARCANTONIO<br \/>\nMaterial: Porzellan<\/p>\n","protected":false},"excerpt":{"rendered":"<p>Etwas in Ihr Herz zu stecken ist eine einfache und romantische Idee. Eine \u00dcberraschung f\u00fcr eine wichtige Person oder eine Schachtel f\u00fcr uns selbst? Darin befinden sich kleine Gegenst\u00e4nde von gro\u00dfem Wert, die an den richtigen Platz gestellt werden m\u00fcssen. Love in Bloom Beh\u00e4lter Designer: MARCANTONIO Material: Porzellan<\/p>\n","protected":false},"featured_media":6353515,"template":"","meta":{"_acf_changed":false},"product_cat":[11666,12129,12098],"product_tag":[],"class_list":{"0":"post-50566","1":"product","2":"type-product","3":"status-publish","4":"has-post-thumbnail","6":"product_cat-arredamento-casa","7":"product_cat-dekoartikel","8":"product_cat-einrichtung-haus","10":"first","11":"outofstock","12":"sale","13":"taxable","14":"shipping-taxable","15":"purchasable","16":"product-type-simple","swatches":"rey-swatches","show_selected":"","stretch_labels":"rey-swatches--stretch-labels"},"acf":[],"yoast_head":"<!-- This site is optimized with the Yoast SEO plugin v25.4 - https:\/\/yoast.com\/wordpress\/plugins\/seo\/ -->\n<title>SELETTI Love in Bloom Beh\u00e4lter - dev6 Erresse<\/title>\n<meta name=\"description\" content=\"Etwas in Ihr Herz zu stecken ist eine einfache und romantische Idee. Eine \u00dcberraschung f\u00fcr eine wichtige Person oder eine Schachtel f\u00fcr uns selbst? Darin\" \/>\n<meta name=\"robots\" content=\"noindex, follow, max-snippet:-1, max-image-preview:large, max-video-preview:-1\" \/>\n<meta property=\"og:locale\" content=\"de_DE\" \/>\n<meta property=\"og:type\" content=\"article\" \/>\n<meta property=\"og:title\" content=\"SELETTI Love in Bloom Beh\u00e4lter - dev6 Erresse\" \/>\n<meta property=\"og:description\" content=\"Etwas in Ihr Herz zu stecken ist eine einfache und romantische Idee. Eine \u00dcberraschung f\u00fcr eine wichtige Person oder eine Schachtel f\u00fcr uns selbst? Darin\" \/>\n<meta property=\"og:url\" content=\"https:\/\/dev6.erresse-shop.it\/de\/shop\/einrichtung-haus\/dekoartikel\/seletti-love-in-bloom-behaelter\/\" \/>\n<meta property=\"og:site_name\" content=\"dev6 Erresse\" \/>\n<meta property=\"og:image\" content=\"https:\/\/interpim.erresse-shop.it\/img-catalogo\/seletti\/seletti-contenitore-love-in-bloom-2.jpg\" \/><meta property=\"og:image\" content=\"https:\/\/interpim.erresse-shop.it\/img-catalogo\/seletti\/seletti-contenitore-love-in-bloom-2.jpg\" \/>\n\t<meta property=\"og:image:width\" content=\"1024\" \/>\n\t<meta property=\"og:image:height\" content=\"1024\" \/>\n\t<meta property=\"og:image:type\" content=\"image\/jpeg\" \/>\n<meta name=\"twitter:card\" content=\"summary_large_image\" \/>\n<meta name=\"twitter:image\" content=\"https:\/\/interpim.erresse-shop.it\/img-catalogo\/seletti\/seletti-contenitore-love-in-bloom-2.jpg\" \/>\n<script type=\"application\/ld+json\" class=\"yoast-schema-graph\">{\"@context\":\"https:\/\/schema.org\",\"@graph\":[{\"@type\":\"WebPage\",\"@id\":\"https:\/\/dev6.erresse-shop.it\/de\/shop\/einrichtung-haus\/dekoartikel\/seletti-love-in-bloom-behaelter\/\",\"url\":\"https:\/\/dev6.erresse-shop.it\/de\/shop\/einrichtung-haus\/dekoartikel\/seletti-love-in-bloom-behaelter\/\",\"name\":\"SELETTI Love in Bloom Beh\u00e4lter - dev6 Erresse\",\"isPartOf\":{\"@id\":\"https:\/\/dev6.erresse-shop.it\/#website\"},\"primaryImageOfPage\":{\"@id\":\"https:\/\/dev6.erresse-shop.it\/de\/shop\/einrichtung-haus\/dekoartikel\/seletti-love-in-bloom-behaelter\/#primaryimage\"},\"image\":{\"@id\":\"https:\/\/dev6.erresse-shop.it\/de\/shop\/einrichtung-haus\/dekoartikel\/seletti-love-in-bloom-behaelter\/#primaryimage\"},\"thumbnailUrl\":\"https:\/\/i2.wp.com\/interpim.erresse-shop.it\/img-catalogo\/seletti\/seletti-contenitore-love-in-bloom-2.jpg?ssl=1\",\"datePublished\":\"2026-04-12T06:47:38+00:00\",\"description\":\"Etwas in Ihr Herz zu stecken ist eine einfache und romantische Idee. Eine \u00dcberraschung f\u00fcr eine wichtige Person oder eine Schachtel f\u00fcr uns selbst? Darin\",\"breadcrumb\":{\"@id\":\"https:\/\/dev6.erresse-shop.it\/de\/shop\/einrichtung-haus\/dekoartikel\/seletti-love-in-bloom-behaelter\/#breadcrumb\"},\"inLanguage\":\"de\",\"potentialAction\":[{\"@type\":\"ReadAction\",\"target\":[\"https:\/\/dev6.erresse-shop.it\/de\/shop\/einrichtung-haus\/dekoartikel\/seletti-love-in-bloom-behaelter\/\"]}]},{\"@type\":\"ImageObject\",\"inLanguage\":\"de\",\"@id\":\"https:\/\/dev6.erresse-shop.it\/de\/shop\/einrichtung-haus\/dekoartikel\/seletti-love-in-bloom-behaelter\/#primaryimage\",\"url\":\"https:\/\/i2.wp.com\/interpim.erresse-shop.it\/img-catalogo\/seletti\/seletti-contenitore-love-in-bloom-2.jpg?ssl=1\",\"contentUrl\":\"https:\/\/i2.wp.com\/interpim.erresse-shop.it\/img-catalogo\/seletti\/seletti-contenitore-love-in-bloom-2.jpg?ssl=1\"},{\"@type\":\"BreadcrumbList\",\"@id\":\"https:\/\/dev6.erresse-shop.it\/de\/shop\/einrichtung-haus\/dekoartikel\/seletti-love-in-bloom-behaelter\/#breadcrumb\",\"itemListElement\":[{\"@type\":\"ListItem\",\"position\":1,\"name\":\"Home\",\"item\":\"https:\/\/dev6.erresse-shop.it\/\"},{\"@type\":\"ListItem\",\"position\":2,\"name\":\"Shop\",\"item\":\"https:\/\/dev6.erresse-shop.it\/shop\/\"},{\"@type\":\"ListItem\",\"position\":3,\"name\":\"SELETTI Love in Bloom Beh\u00e4lter\"}]},{\"@type\":\"WebSite\",\"@id\":\"https:\/\/dev6.erresse-shop.it\/#website\",\"url\":\"https:\/\/dev6.erresse-shop.it\/\",\"name\":\"Erresse Shop\",\"description\":\"\",\"publisher\":{\"@id\":\"https:\/\/dev6.erresse-shop.it\/#organization\"},\"potentialAction\":[{\"@type\":\"SearchAction\",\"target\":{\"@type\":\"EntryPoint\",\"urlTemplate\":\"https:\/\/dev6.erresse-shop.it\/?s={search_term_string}\"},\"query-input\":{\"@type\":\"PropertyValueSpecification\",\"valueRequired\":true,\"valueName\":\"search_term_string\"}}],\"inLanguage\":\"de\"},{\"@type\":\"Organization\",\"@id\":\"https:\/\/dev6.erresse-shop.it\/#organization\",\"name\":\"Erresse Shop\",\"url\":\"https:\/\/dev6.erresse-shop.it\/\",\"logo\":{\"@type\":\"ImageObject\",\"inLanguage\":\"de\",\"@id\":\"https:\/\/dev6.erresse-shop.it\/#\/schema\/logo\/image\/\",\"url\":\"https:\/\/dev6.erresse-shop.it\/wp-content\/uploads\/2025\/01\/LOGO-ERRESSE-CLASSICO.svg\",\"contentUrl\":\"https:\/\/dev6.erresse-shop.it\/wp-content\/uploads\/2025\/01\/LOGO-ERRESSE-CLASSICO.svg\",\"caption\":\"Erresse Shop\"},\"image\":{\"@id\":\"https:\/\/dev6.erresse-shop.it\/#\/schema\/logo\/image\/\"}}]}<\/script>\n<!-- \/ Yoast SEO plugin. -->","yoast_head_json":{"title":"SELETTI Love in Bloom Beh\u00e4lter - dev6 Erresse","description":"Etwas in Ihr Herz zu stecken ist eine einfache und romantische Idee. Eine \u00dcberraschung f\u00fcr eine wichtige Person oder eine Schachtel f\u00fcr uns selbst? Darin","robots":{"index":"noindex","follow":"follow","max-snippet":"max-snippet:-1","max-image-preview":"max-image-preview:large","max-video-preview":"max-video-preview:-1"},"og_locale":"de_DE","og_type":"article","og_title":"SELETTI Love in Bloom Beh\u00e4lter - dev6 Erresse","og_description":"Etwas in Ihr Herz zu stecken ist eine einfache und romantische Idee. Eine \u00dcberraschung f\u00fcr eine wichtige Person oder eine Schachtel f\u00fcr uns selbst? Darin","og_url":"https:\/\/dev6.erresse-shop.it\/de\/shop\/einrichtung-haus\/dekoartikel\/seletti-love-in-bloom-behaelter\/","og_site_name":"dev6 Erresse","og_image":[{"url":"https:\/\/interpim.erresse-shop.it\/img-catalogo\/seletti\/seletti-contenitore-love-in-bloom-2.jpg","type":"","width":"","height":""},{"url":"https:\/\/interpim.erresse-shop.it\/img-catalogo\/seletti\/seletti-contenitore-love-in-bloom-2.jpg","width":1024,"height":1024,"type":"image\/jpeg"}],"twitter_card":"summary_large_image","twitter_image":"https:\/\/interpim.erresse-shop.it\/img-catalogo\/seletti\/seletti-contenitore-love-in-bloom-2.jpg","schema":{"@context":"https:\/\/schema.org","@graph":[{"@type":"WebPage","@id":"https:\/\/dev6.erresse-shop.it\/de\/shop\/einrichtung-haus\/dekoartikel\/seletti-love-in-bloom-behaelter\/","url":"https:\/\/dev6.erresse-shop.it\/de\/shop\/einrichtung-haus\/dekoartikel\/seletti-love-in-bloom-behaelter\/","name":"SELETTI Love in Bloom Beh\u00e4lter - dev6 Erresse","isPartOf":{"@id":"https:\/\/dev6.erresse-shop.it\/#website"},"primaryImageOfPage":{"@id":"https:\/\/dev6.erresse-shop.it\/de\/shop\/einrichtung-haus\/dekoartikel\/seletti-love-in-bloom-behaelter\/#primaryimage"},"image":{"@id":"https:\/\/dev6.erresse-shop.it\/de\/shop\/einrichtung-haus\/dekoartikel\/seletti-love-in-bloom-behaelter\/#primaryimage"},"thumbnailUrl":"https:\/\/i2.wp.com\/interpim.erresse-shop.it\/img-catalogo\/seletti\/seletti-contenitore-love-in-bloom-2.jpg?ssl=1","datePublished":"2026-04-12T06:47:38+00:00","description":"Etwas in Ihr Herz zu stecken ist eine einfache und romantische Idee. Eine \u00dcberraschung f\u00fcr eine wichtige Person oder eine Schachtel f\u00fcr uns selbst? Darin","breadcrumb":{"@id":"https:\/\/dev6.erresse-shop.it\/de\/shop\/einrichtung-haus\/dekoartikel\/seletti-love-in-bloom-behaelter\/#breadcrumb"},"inLanguage":"de","potentialAction":[{"@type":"ReadAction","target":["https:\/\/dev6.erresse-shop.it\/de\/shop\/einrichtung-haus\/dekoartikel\/seletti-love-in-bloom-behaelter\/"]}]},{"@type":"ImageObject","inLanguage":"de","@id":"https:\/\/dev6.erresse-shop.it\/de\/shop\/einrichtung-haus\/dekoartikel\/seletti-love-in-bloom-behaelter\/#primaryimage","url":"https:\/\/i2.wp.com\/interpim.erresse-shop.it\/img-catalogo\/seletti\/seletti-contenitore-love-in-bloom-2.jpg?ssl=1","contentUrl":"https:\/\/i2.wp.com\/interpim.erresse-shop.it\/img-catalogo\/seletti\/seletti-contenitore-love-in-bloom-2.jpg?ssl=1"},{"@type":"BreadcrumbList","@id":"https:\/\/dev6.erresse-shop.it\/de\/shop\/einrichtung-haus\/dekoartikel\/seletti-love-in-bloom-behaelter\/#breadcrumb","itemListElement":[{"@type":"ListItem","position":1,"name":"Home","item":"https:\/\/dev6.erresse-shop.it\/"},{"@type":"ListItem","position":2,"name":"Shop","item":"https:\/\/dev6.erresse-shop.it\/shop\/"},{"@type":"ListItem","position":3,"name":"SELETTI Love in Bloom Beh\u00e4lter"}]},{"@type":"WebSite","@id":"https:\/\/dev6.erresse-shop.it\/#website","url":"https:\/\/dev6.erresse-shop.it\/","name":"Erresse Shop","description":"","publisher":{"@id":"https:\/\/dev6.erresse-shop.it\/#organization"},"potentialAction":[{"@type":"SearchAction","target":{"@type":"EntryPoint","urlTemplate":"https:\/\/dev6.erresse-shop.it\/?s={search_term_string}"},"query-input":{"@type":"PropertyValueSpecification","valueRequired":true,"valueName":"search_term_string"}}],"inLanguage":"de"},{"@type":"Organization","@id":"https:\/\/dev6.erresse-shop.it\/#organization","name":"Erresse Shop","url":"https:\/\/dev6.erresse-shop.it\/","logo":{"@type":"ImageObject","inLanguage":"de","@id":"https:\/\/dev6.erresse-shop.it\/#\/schema\/logo\/image\/","url":"https:\/\/dev6.erresse-shop.it\/wp-content\/uploads\/2025\/01\/LOGO-ERRESSE-CLASSICO.svg","contentUrl":"https:\/\/dev6.erresse-shop.it\/wp-content\/uploads\/2025\/01\/LOGO-ERRESSE-CLASSICO.svg","caption":"Erresse Shop"},"image":{"@id":"https:\/\/dev6.erresse-shop.it\/#\/schema\/logo\/image\/"}}]}},"df_price":59.95,"df_sale_price":59.95,"df_regular_price":69,"df_image_link":"https:\/\/i2.wp.com\/interpim.erresse-shop.it\/img-catalogo\/seletti\/seletti-contenitore-love-in-bloom-2.jpg?resize=300,300&ssl=1","fifu_image_url":"https:\/\/interpim.erresse-shop.it\/img-catalogo\/seletti\/seletti-contenitore-love-in-bloom-2.jpg","_links":{"self":[{"href":"https:\/\/dev6.erresse-shop.it\/de\/wp-json\/wp\/v2\/product\/50566","targetHints":{"allow":["GET"]}}],"collection":[{"href":"https:\/\/dev6.erresse-shop.it\/de\/wp-json\/wp\/v2\/product"}],"about":[{"href":"https:\/\/dev6.erresse-shop.it\/de\/wp-json\/wp\/v2\/types\/product"}],"wp:featuredmedia":[{"embeddable":true,"href":"https:\/\/dev6.erresse-shop.it\/de\/wp-json\/wp\/v2\/media\/6353515"}],"wp:attachment":[{"href":"https:\/\/dev6.erresse-shop.it\/de\/wp-json\/wp\/v2\/media?parent=50566"}],"wp:term":[{"taxonomy":"product_cat","embeddable":true,"href":"https:\/\/dev6.erresse-shop.it\/de\/wp-json\/wp\/v2\/product_cat?post=50566"},{"taxonomy":"product_tag","embeddable":true,"href":"https:\/\/dev6.erresse-shop.it\/de\/wp-json\/wp\/v2\/product_tag?post=50566"}],"curies":[{"name":"wp","href":"https:\/\/api.w.org\/{rel}","templated":true}]}}