{"id":50558,"date":"2026-04-04T08:46:23","date_gmt":"2026-04-04T06:46:23","guid":{"rendered":"https:\/\/dev6.erresse-shop.it\/shop\/unkategorisiert\/le-creuset-amour-6-herz-muffins-formen\/"},"modified":"2025-11-30T17:47:20","modified_gmt":"2025-11-30T16:47:20","slug":"le-creuset-amour-6-herz-muffins-formen","status":"publish","type":"product","link":"https:\/\/dev6.erresse-shop.it\/de\/shop\/toepfe-pfannen\/kuchenfoermchen-und-crepes-toepfe\/le-creuset-amour-6-herz-muffins-formen\/","title":{"rendered":"LE CREUSET Amour 6 Herz-Muffins Formen"},"content":{"rendered":"<p>Machen Sie s\u00fc\u00dfe Leckereien zum Muttertag, zum Valentinstag, zu einem besonderen Jahrestag oder einfach nur so, weil Ihnen danach ist. Diese Form enth\u00e4lt sechs Herzformen, mit denen sich unwiderstehliche Desserts kreieren lassen. Dank der Antihaft-Technologie lassen sich Ihre Kreationen m\u00fchelos abl\u00f6sen \u2013 f\u00fcr pr\u00e4zise und bezaubernde Ergebnisse.<\/p>\n<p>Sicheres Anheben: Wir haben hitzebest\u00e4ndige Silikoneins\u00e4tze am Rand angebracht, die f\u00fcr besseren Halt und leichteres Anheben sorgen.<br \/>\nBackofengeeignet: Unsere Formen sind bis zu 240\u00b0C backofengeeignet.<br \/>\nBest in Class: Unsere Produkte werden aus den besten Materialien in Fabriken auf der ganzen Welt hergestellt, um die Qualit\u00e4t zu gew\u00e4hrleisten, die Sie von Le Creuset erwarten.<\/p>\n","protected":false},"excerpt":{"rendered":"<p>Machen Sie s\u00fc\u00dfe Leckereien zum Muttertag, zum Valentinstag, zu einem besonderen Jahrestag oder einfach nur so, weil Ihnen danach ist. Diese Form enth\u00e4lt sechs Herzformen, mit denen sich unwiderstehliche Desserts kreieren lassen. Dank der Antihaft-Technologie lassen sich Ihre Kreationen m\u00fchelos abl\u00f6sen \u2013 f\u00fcr pr\u00e4zise und bezaubernde Ergebnisse. Sicheres Anheben: Wir haben hitzebest\u00e4ndige Silikoneins\u00e4tze am Rand [&hellip;]<\/p>\n","protected":false},"featured_media":6270201,"template":"","meta":{"_acf_changed":false},"product_cat":[12158,12135,12099,11703],"product_tag":[],"class_list":{"0":"post-50558","1":"product","2":"type-product","3":"status-publish","4":"has-post-thumbnail","6":"product_cat-toepfe-und-backformen","7":"product_cat-kuchenfoermchen-und-crepes-toepfe","8":"product_cat-toepfe-pfannen","9":"product_cat-altri-prodotti","11":"first","12":"instock","13":"sale","14":"taxable","15":"shipping-taxable","16":"purchasable","17":"product-type-simple","swatches":"rey-swatches","show_selected":"","stretch_labels":"rey-swatches--stretch-labels"},"acf":[],"yoast_head":"<!-- This site is optimized with the Yoast SEO plugin v25.4 - https:\/\/yoast.com\/wordpress\/plugins\/seo\/ -->\n<title>LE CREUSET Amour 6 Herz-Muffins Formen - dev6 Erresse<\/title>\n<meta name=\"description\" content=\"Machen Sie s\u00fc\u00dfe Leckereien zum Muttertag, zum Valentinstag, zu einem besonderen Jahrestag oder einfach nur so, weil Ihnen danach ist. Diese Form enth\u00e4lt\" \/>\n<meta name=\"robots\" content=\"noindex, follow, max-snippet:-1, max-image-preview:large, max-video-preview:-1\" \/>\n<meta property=\"og:locale\" content=\"de_DE\" \/>\n<meta property=\"og:type\" content=\"article\" \/>\n<meta property=\"og:title\" content=\"LE CREUSET Amour 6 Herz-Muffins Formen - dev6 Erresse\" \/>\n<meta property=\"og:description\" content=\"Machen Sie s\u00fc\u00dfe Leckereien zum Muttertag, zum Valentinstag, zu einem besonderen Jahrestag oder einfach nur so, weil Ihnen danach ist. Diese Form enth\u00e4lt\" \/>\n<meta property=\"og:url\" content=\"https:\/\/dev6.erresse-shop.it\/de\/shop\/toepfe-pfannen\/kuchenfoermchen-und-crepes-toepfe\/le-creuset-amour-6-herz-muffins-formen\/\" \/>\n<meta property=\"og:site_name\" content=\"dev6 Erresse\" \/>\n<meta property=\"og:image\" content=\"https:\/\/interpim.erresse-shop.it\/Import\/Prodotti\/le-creuset-stampo-6-muffin-cuore-1.jpg\" \/><meta property=\"og:image\" content=\"https:\/\/interpim.erresse-shop.it\/Import\/Prodotti\/le-creuset-stampo-6-muffin-cuore-1.jpg\" \/>\n\t<meta property=\"og:image:width\" content=\"1024\" \/>\n\t<meta property=\"og:image:height\" content=\"1024\" \/>\n\t<meta property=\"og:image:type\" content=\"image\/jpeg\" \/>\n<meta name=\"twitter:card\" content=\"summary_large_image\" \/>\n<meta name=\"twitter:image\" content=\"https:\/\/interpim.erresse-shop.it\/Import\/Prodotti\/le-creuset-stampo-6-muffin-cuore-1.jpg\" \/>\n<script type=\"application\/ld+json\" class=\"yoast-schema-graph\">{\"@context\":\"https:\/\/schema.org\",\"@graph\":[{\"@type\":\"WebPage\",\"@id\":\"https:\/\/dev6.erresse-shop.it\/de\/shop\/toepfe-pfannen\/kuchenfoermchen-und-crepes-toepfe\/le-creuset-amour-6-herz-muffins-formen\/\",\"url\":\"https:\/\/dev6.erresse-shop.it\/de\/shop\/toepfe-pfannen\/kuchenfoermchen-und-crepes-toepfe\/le-creuset-amour-6-herz-muffins-formen\/\",\"name\":\"LE CREUSET Amour 6 Herz-Muffins Formen - dev6 Erresse\",\"isPartOf\":{\"@id\":\"https:\/\/dev6.erresse-shop.it\/#website\"},\"primaryImageOfPage\":{\"@id\":\"https:\/\/dev6.erresse-shop.it\/de\/shop\/toepfe-pfannen\/kuchenfoermchen-und-crepes-toepfe\/le-creuset-amour-6-herz-muffins-formen\/#primaryimage\"},\"image\":{\"@id\":\"https:\/\/dev6.erresse-shop.it\/de\/shop\/toepfe-pfannen\/kuchenfoermchen-und-crepes-toepfe\/le-creuset-amour-6-herz-muffins-formen\/#primaryimage\"},\"thumbnailUrl\":\"https:\/\/i1.wp.com\/interpim.erresse-shop.it\/Import\/Prodotti\/le-creuset-stampo-6-muffin-cuore-1.jpg?ssl=1\",\"datePublished\":\"2026-04-04T06:46:23+00:00\",\"description\":\"Machen Sie s\u00fc\u00dfe Leckereien zum Muttertag, zum Valentinstag, zu einem besonderen Jahrestag oder einfach nur so, weil Ihnen danach ist. Diese Form enth\u00e4lt\",\"breadcrumb\":{\"@id\":\"https:\/\/dev6.erresse-shop.it\/de\/shop\/toepfe-pfannen\/kuchenfoermchen-und-crepes-toepfe\/le-creuset-amour-6-herz-muffins-formen\/#breadcrumb\"},\"inLanguage\":\"de\",\"potentialAction\":[{\"@type\":\"ReadAction\",\"target\":[\"https:\/\/dev6.erresse-shop.it\/de\/shop\/toepfe-pfannen\/kuchenfoermchen-und-crepes-toepfe\/le-creuset-amour-6-herz-muffins-formen\/\"]}]},{\"@type\":\"ImageObject\",\"inLanguage\":\"de\",\"@id\":\"https:\/\/dev6.erresse-shop.it\/de\/shop\/toepfe-pfannen\/kuchenfoermchen-und-crepes-toepfe\/le-creuset-amour-6-herz-muffins-formen\/#primaryimage\",\"url\":\"https:\/\/i1.wp.com\/interpim.erresse-shop.it\/Import\/Prodotti\/le-creuset-stampo-6-muffin-cuore-1.jpg?ssl=1\",\"contentUrl\":\"https:\/\/i1.wp.com\/interpim.erresse-shop.it\/Import\/Prodotti\/le-creuset-stampo-6-muffin-cuore-1.jpg?ssl=1\"},{\"@type\":\"BreadcrumbList\",\"@id\":\"https:\/\/dev6.erresse-shop.it\/de\/shop\/toepfe-pfannen\/kuchenfoermchen-und-crepes-toepfe\/le-creuset-amour-6-herz-muffins-formen\/#breadcrumb\",\"itemListElement\":[{\"@type\":\"ListItem\",\"position\":1,\"name\":\"Home\",\"item\":\"https:\/\/dev6.erresse-shop.it\/\"},{\"@type\":\"ListItem\",\"position\":2,\"name\":\"Shop\",\"item\":\"https:\/\/dev6.erresse-shop.it\/shop\/\"},{\"@type\":\"ListItem\",\"position\":3,\"name\":\"LE CREUSET Amour 6 Herz-Muffins Formen\"}]},{\"@type\":\"WebSite\",\"@id\":\"https:\/\/dev6.erresse-shop.it\/#website\",\"url\":\"https:\/\/dev6.erresse-shop.it\/\",\"name\":\"Erresse Shop\",\"description\":\"\",\"publisher\":{\"@id\":\"https:\/\/dev6.erresse-shop.it\/#organization\"},\"potentialAction\":[{\"@type\":\"SearchAction\",\"target\":{\"@type\":\"EntryPoint\",\"urlTemplate\":\"https:\/\/dev6.erresse-shop.it\/?s={search_term_string}\"},\"query-input\":{\"@type\":\"PropertyValueSpecification\",\"valueRequired\":true,\"valueName\":\"search_term_string\"}}],\"inLanguage\":\"de\"},{\"@type\":\"Organization\",\"@id\":\"https:\/\/dev6.erresse-shop.it\/#organization\",\"name\":\"Erresse Shop\",\"url\":\"https:\/\/dev6.erresse-shop.it\/\",\"logo\":{\"@type\":\"ImageObject\",\"inLanguage\":\"de\",\"@id\":\"https:\/\/dev6.erresse-shop.it\/#\/schema\/logo\/image\/\",\"url\":\"https:\/\/dev6.erresse-shop.it\/wp-content\/uploads\/2025\/01\/LOGO-ERRESSE-CLASSICO.svg\",\"contentUrl\":\"https:\/\/dev6.erresse-shop.it\/wp-content\/uploads\/2025\/01\/LOGO-ERRESSE-CLASSICO.svg\",\"caption\":\"Erresse Shop\"},\"image\":{\"@id\":\"https:\/\/dev6.erresse-shop.it\/#\/schema\/logo\/image\/\"}}]}<\/script>\n<!-- \/ Yoast SEO plugin. -->","yoast_head_json":{"title":"LE CREUSET Amour 6 Herz-Muffins Formen - dev6 Erresse","description":"Machen Sie s\u00fc\u00dfe Leckereien zum Muttertag, zum Valentinstag, zu einem besonderen Jahrestag oder einfach nur so, weil Ihnen danach ist. Diese Form enth\u00e4lt","robots":{"index":"noindex","follow":"follow","max-snippet":"max-snippet:-1","max-image-preview":"max-image-preview:large","max-video-preview":"max-video-preview:-1"},"og_locale":"de_DE","og_type":"article","og_title":"LE CREUSET Amour 6 Herz-Muffins Formen - dev6 Erresse","og_description":"Machen Sie s\u00fc\u00dfe Leckereien zum Muttertag, zum Valentinstag, zu einem besonderen Jahrestag oder einfach nur so, weil Ihnen danach ist. Diese Form enth\u00e4lt","og_url":"https:\/\/dev6.erresse-shop.it\/de\/shop\/toepfe-pfannen\/kuchenfoermchen-und-crepes-toepfe\/le-creuset-amour-6-herz-muffins-formen\/","og_site_name":"dev6 Erresse","og_image":[{"url":"https:\/\/interpim.erresse-shop.it\/Import\/Prodotti\/le-creuset-stampo-6-muffin-cuore-1.jpg","type":"","width":"","height":""},{"url":"https:\/\/interpim.erresse-shop.it\/Import\/Prodotti\/le-creuset-stampo-6-muffin-cuore-1.jpg","width":1024,"height":1024,"type":"image\/jpeg"}],"twitter_card":"summary_large_image","twitter_image":"https:\/\/interpim.erresse-shop.it\/Import\/Prodotti\/le-creuset-stampo-6-muffin-cuore-1.jpg","schema":{"@context":"https:\/\/schema.org","@graph":[{"@type":"WebPage","@id":"https:\/\/dev6.erresse-shop.it\/de\/shop\/toepfe-pfannen\/kuchenfoermchen-und-crepes-toepfe\/le-creuset-amour-6-herz-muffins-formen\/","url":"https:\/\/dev6.erresse-shop.it\/de\/shop\/toepfe-pfannen\/kuchenfoermchen-und-crepes-toepfe\/le-creuset-amour-6-herz-muffins-formen\/","name":"LE CREUSET Amour 6 Herz-Muffins Formen - dev6 Erresse","isPartOf":{"@id":"https:\/\/dev6.erresse-shop.it\/#website"},"primaryImageOfPage":{"@id":"https:\/\/dev6.erresse-shop.it\/de\/shop\/toepfe-pfannen\/kuchenfoermchen-und-crepes-toepfe\/le-creuset-amour-6-herz-muffins-formen\/#primaryimage"},"image":{"@id":"https:\/\/dev6.erresse-shop.it\/de\/shop\/toepfe-pfannen\/kuchenfoermchen-und-crepes-toepfe\/le-creuset-amour-6-herz-muffins-formen\/#primaryimage"},"thumbnailUrl":"https:\/\/i1.wp.com\/interpim.erresse-shop.it\/Import\/Prodotti\/le-creuset-stampo-6-muffin-cuore-1.jpg?ssl=1","datePublished":"2026-04-04T06:46:23+00:00","description":"Machen Sie s\u00fc\u00dfe Leckereien zum Muttertag, zum Valentinstag, zu einem besonderen Jahrestag oder einfach nur so, weil Ihnen danach ist. Diese Form enth\u00e4lt","breadcrumb":{"@id":"https:\/\/dev6.erresse-shop.it\/de\/shop\/toepfe-pfannen\/kuchenfoermchen-und-crepes-toepfe\/le-creuset-amour-6-herz-muffins-formen\/#breadcrumb"},"inLanguage":"de","potentialAction":[{"@type":"ReadAction","target":["https:\/\/dev6.erresse-shop.it\/de\/shop\/toepfe-pfannen\/kuchenfoermchen-und-crepes-toepfe\/le-creuset-amour-6-herz-muffins-formen\/"]}]},{"@type":"ImageObject","inLanguage":"de","@id":"https:\/\/dev6.erresse-shop.it\/de\/shop\/toepfe-pfannen\/kuchenfoermchen-und-crepes-toepfe\/le-creuset-amour-6-herz-muffins-formen\/#primaryimage","url":"https:\/\/i1.wp.com\/interpim.erresse-shop.it\/Import\/Prodotti\/le-creuset-stampo-6-muffin-cuore-1.jpg?ssl=1","contentUrl":"https:\/\/i1.wp.com\/interpim.erresse-shop.it\/Import\/Prodotti\/le-creuset-stampo-6-muffin-cuore-1.jpg?ssl=1"},{"@type":"BreadcrumbList","@id":"https:\/\/dev6.erresse-shop.it\/de\/shop\/toepfe-pfannen\/kuchenfoermchen-und-crepes-toepfe\/le-creuset-amour-6-herz-muffins-formen\/#breadcrumb","itemListElement":[{"@type":"ListItem","position":1,"name":"Home","item":"https:\/\/dev6.erresse-shop.it\/"},{"@type":"ListItem","position":2,"name":"Shop","item":"https:\/\/dev6.erresse-shop.it\/shop\/"},{"@type":"ListItem","position":3,"name":"LE CREUSET Amour 6 Herz-Muffins Formen"}]},{"@type":"WebSite","@id":"https:\/\/dev6.erresse-shop.it\/#website","url":"https:\/\/dev6.erresse-shop.it\/","name":"Erresse Shop","description":"","publisher":{"@id":"https:\/\/dev6.erresse-shop.it\/#organization"},"potentialAction":[{"@type":"SearchAction","target":{"@type":"EntryPoint","urlTemplate":"https:\/\/dev6.erresse-shop.it\/?s={search_term_string}"},"query-input":{"@type":"PropertyValueSpecification","valueRequired":true,"valueName":"search_term_string"}}],"inLanguage":"de"},{"@type":"Organization","@id":"https:\/\/dev6.erresse-shop.it\/#organization","name":"Erresse Shop","url":"https:\/\/dev6.erresse-shop.it\/","logo":{"@type":"ImageObject","inLanguage":"de","@id":"https:\/\/dev6.erresse-shop.it\/#\/schema\/logo\/image\/","url":"https:\/\/dev6.erresse-shop.it\/wp-content\/uploads\/2025\/01\/LOGO-ERRESSE-CLASSICO.svg","contentUrl":"https:\/\/dev6.erresse-shop.it\/wp-content\/uploads\/2025\/01\/LOGO-ERRESSE-CLASSICO.svg","caption":"Erresse Shop"},"image":{"@id":"https:\/\/dev6.erresse-shop.it\/#\/schema\/logo\/image\/"}}]}},"df_price":38,"df_sale_price":38,"df_regular_price":45,"df_image_link":"https:\/\/i1.wp.com\/interpim.erresse-shop.it\/Import\/Prodotti\/le-creuset-stampo-6-muffin-cuore-1.jpg?resize=300,300&ssl=1","fifu_image_url":"https:\/\/interpim.erresse-shop.it\/Import\/Prodotti\/le-creuset-stampo-6-muffin-cuore-1.jpg","_links":{"self":[{"href":"https:\/\/dev6.erresse-shop.it\/de\/wp-json\/wp\/v2\/product\/50558","targetHints":{"allow":["GET"]}}],"collection":[{"href":"https:\/\/dev6.erresse-shop.it\/de\/wp-json\/wp\/v2\/product"}],"about":[{"href":"https:\/\/dev6.erresse-shop.it\/de\/wp-json\/wp\/v2\/types\/product"}],"wp:featuredmedia":[{"embeddable":true,"href":"https:\/\/dev6.erresse-shop.it\/de\/wp-json\/wp\/v2\/media\/6270201"}],"wp:attachment":[{"href":"https:\/\/dev6.erresse-shop.it\/de\/wp-json\/wp\/v2\/media?parent=50558"}],"wp:term":[{"taxonomy":"product_cat","embeddable":true,"href":"https:\/\/dev6.erresse-shop.it\/de\/wp-json\/wp\/v2\/product_cat?post=50558"},{"taxonomy":"product_tag","embeddable":true,"href":"https:\/\/dev6.erresse-shop.it\/de\/wp-json\/wp\/v2\/product_tag?post=50558"}],"curies":[{"name":"wp","href":"https:\/\/api.w.org\/{rel}","templated":true}]}}