{"id":50554,"date":"2026-04-10T09:26:12","date_gmt":"2026-04-10T07:26:12","guid":{"rendered":"https:\/\/dev6.erresse-shop.it\/shop\/unkategorisiert\/le-creuset-amour-cocotte-22-cm-weiss\/"},"modified":"2025-09-14T00:45:38","modified_gmt":"2025-09-13T22:45:38","slug":"le-creuset-amour-cocotte-22-cm-weiss","status":"publish","type":"product","link":"https:\/\/dev6.erresse-shop.it\/de\/shop\/toepfe-pfannen\/schalldaempfer-und-kokotten\/le-creuset-amour-cocotte-22-cm-weiss\/","title":{"rendered":"LE CREUSET Amour Cocotte 22 cm Wei\u00df"},"content":{"rendered":"<p>Eine bezaubernde herzf\u00f6rmige Cocotte unterscheidet diesen Topf von anderen Gusseisenprodukten, w\u00e4hrend die Funktionalit\u00e4t und die ausgezeichnete W\u00e4rmespeicherung klassisch Le Creuset bleiben.<br \/>\nDiese Cocotte wird durch einen hellgoldenen Knauf erg\u00e4nzt und eignet sich perfekt f\u00fcr Eint\u00f6pfe, Braten, Suppen und Kuchen. Es ist ein ideales Geschenk f\u00fcr Muttertag, Valentinstag, Geburtstage und andere besondere Anl\u00e4sse.<\/p>\n<p>Unser hitzebest\u00e4ndiger Knopf (bis 260 \u00b0C) ist so konzipiert, dass er auch dann gut in der Hand liegt, wenn der Deckel mit einem Topflappen angehoben wird.<br \/>\nTraumhafte Griffe: Dank unserer breiten Griffe k\u00f6nnen Sie auch mit Ofenhandschuhen problemlos vom Kochfeld auf den Tisch wechseln.<br \/>\nVielseitigkeit: Dieses Produkt ist auch zum Backen im Grillmodus und zum Kochen geeignet.<br \/>\nHervorragender Geschmack: Das verglaste Gusseisen speichert die Hitze und sorgt f\u00fcr gleichm\u00e4\u00dfiges Garen und Br\u00e4unen. So bleiben Ihre k\u00f6stlichen Kreationen am Tisch l\u00e4nger hei\u00df.<br \/>\nBewahrt die Saftigkeit: Unser Deckel h\u00e4lt den Dampf, der beim Garen der Speisen entsteht, zur\u00fcck und verst\u00e4rkt die Aromen f\u00fcr au\u00dfergew\u00f6hnliche Garergebnisse.<br \/>\nEinfach zu halten: Die eleganten und bequemen Griffe erm\u00f6glichen ein sicheres Anheben des Produkts.<br \/>\nNicht zu hei\u00df: Kochen Sie bei gleichbleibend niedriger bis mittlerer Hitze, um Ihr Produkt aus verglastem Gusseisen zu schonen und k\u00f6stliche Ergebnisse zu erzielen.<\/p>\n<p>W\u00c4RMEQUELLEN<\/p>\n<p>Backofen<br \/>\nBackofen Grillmodus<br \/>\nKochfeld elektrisch<br \/>\nGlas-Keramik<br \/>\nGas-Kochfeld<br \/>\nInduktionskochfeld<\/p>\n","protected":false},"excerpt":{"rendered":"<p>Eine bezaubernde herzf\u00f6rmige Cocotte unterscheidet diesen Topf von anderen Gusseisenprodukten, w\u00e4hrend die Funktionalit\u00e4t und die ausgezeichnete W\u00e4rmespeicherung klassisch Le Creuset bleiben. Diese Cocotte wird durch einen hellgoldenen Knauf erg\u00e4nzt und eignet sich perfekt f\u00fcr Eint\u00f6pfe, Braten, Suppen und Kuchen. Es ist ein ideales Geschenk f\u00fcr Muttertag, Valentinstag, Geburtstage und andere besondere Anl\u00e4sse. Unser hitzebest\u00e4ndiger Knopf [&hellip;]<\/p>\n","protected":false},"featured_media":6311826,"template":"","meta":{"_acf_changed":false},"product_cat":[11667,12108,12099],"product_tag":[],"class_list":{"0":"post-50554","1":"product","2":"type-product","3":"status-publish","4":"has-post-thumbnail","6":"product_cat-padelle-pentole","7":"product_cat-schalldaempfer-und-kokotten","8":"product_cat-toepfe-pfannen","10":"first","11":"outofstock","12":"sale","13":"taxable","14":"shipping-taxable","15":"purchasable","16":"product-type-simple","swatches":"rey-swatches","show_selected":"","stretch_labels":"rey-swatches--stretch-labels"},"acf":[],"yoast_head":"<!-- This site is optimized with the Yoast SEO plugin v25.4 - https:\/\/yoast.com\/wordpress\/plugins\/seo\/ -->\n<title>LE CREUSET Amour Cocotte 22 cm Wei\u00df - dev6 Erresse<\/title>\n<meta name=\"description\" content=\"Eine bezaubernde herzf\u00f6rmige Cocotte unterscheidet diesen Topf von anderen Gusseisenprodukten, w\u00e4hrend die Funktionalit\u00e4t und die ausgezeichnete\" \/>\n<meta name=\"robots\" content=\"noindex, follow, max-snippet:-1, max-image-preview:large, max-video-preview:-1\" \/>\n<meta property=\"og:locale\" content=\"de_DE\" \/>\n<meta property=\"og:type\" content=\"article\" \/>\n<meta property=\"og:title\" content=\"LE CREUSET Amour Cocotte 22 cm Wei\u00df - dev6 Erresse\" \/>\n<meta property=\"og:description\" content=\"Eine bezaubernde herzf\u00f6rmige Cocotte unterscheidet diesen Topf von anderen Gusseisenprodukten, w\u00e4hrend die Funktionalit\u00e4t und die ausgezeichnete\" \/>\n<meta property=\"og:url\" content=\"https:\/\/dev6.erresse-shop.it\/de\/shop\/toepfe-pfannen\/schalldaempfer-und-kokotten\/le-creuset-amour-cocotte-22-cm-weiss\/\" \/>\n<meta property=\"og:site_name\" content=\"dev6 Erresse\" \/>\n<meta property=\"og:image\" content=\"https:\/\/interpim.erresse-shop.it\/Import\/Prodotti\/le-creuset-amour-cocotte-22-cm-bianco.png\" \/><meta property=\"og:image\" content=\"https:\/\/interpim.erresse-shop.it\/Import\/Prodotti\/le-creuset-amour-cocotte-22-cm-bianco.png\" \/>\n\t<meta property=\"og:image:width\" content=\"1024\" \/>\n\t<meta property=\"og:image:height\" content=\"1024\" \/>\n\t<meta property=\"og:image:type\" content=\"image\/jpeg\" \/>\n<meta name=\"twitter:card\" content=\"summary_large_image\" \/>\n<meta name=\"twitter:image\" content=\"https:\/\/interpim.erresse-shop.it\/Import\/Prodotti\/le-creuset-amour-cocotte-22-cm-bianco.png\" \/>\n<script type=\"application\/ld+json\" class=\"yoast-schema-graph\">{\"@context\":\"https:\/\/schema.org\",\"@graph\":[{\"@type\":\"WebPage\",\"@id\":\"https:\/\/dev6.erresse-shop.it\/de\/shop\/toepfe-pfannen\/schalldaempfer-und-kokotten\/le-creuset-amour-cocotte-22-cm-weiss\/\",\"url\":\"https:\/\/dev6.erresse-shop.it\/de\/shop\/toepfe-pfannen\/schalldaempfer-und-kokotten\/le-creuset-amour-cocotte-22-cm-weiss\/\",\"name\":\"LE CREUSET Amour Cocotte 22 cm Wei\u00df - dev6 Erresse\",\"isPartOf\":{\"@id\":\"https:\/\/dev6.erresse-shop.it\/#website\"},\"primaryImageOfPage\":{\"@id\":\"https:\/\/dev6.erresse-shop.it\/de\/shop\/toepfe-pfannen\/schalldaempfer-und-kokotten\/le-creuset-amour-cocotte-22-cm-weiss\/#primaryimage\"},\"image\":{\"@id\":\"https:\/\/dev6.erresse-shop.it\/de\/shop\/toepfe-pfannen\/schalldaempfer-und-kokotten\/le-creuset-amour-cocotte-22-cm-weiss\/#primaryimage\"},\"thumbnailUrl\":\"https:\/\/i0.wp.com\/interpim.erresse-shop.it\/Import\/Prodotti\/le-creuset-amour-cocotte-22-cm-bianco.png?ssl=1\",\"datePublished\":\"2026-04-10T07:26:12+00:00\",\"description\":\"Eine bezaubernde herzf\u00f6rmige Cocotte unterscheidet diesen Topf von anderen Gusseisenprodukten, w\u00e4hrend die Funktionalit\u00e4t und die ausgezeichnete\",\"breadcrumb\":{\"@id\":\"https:\/\/dev6.erresse-shop.it\/de\/shop\/toepfe-pfannen\/schalldaempfer-und-kokotten\/le-creuset-amour-cocotte-22-cm-weiss\/#breadcrumb\"},\"inLanguage\":\"de\",\"potentialAction\":[{\"@type\":\"ReadAction\",\"target\":[\"https:\/\/dev6.erresse-shop.it\/de\/shop\/toepfe-pfannen\/schalldaempfer-und-kokotten\/le-creuset-amour-cocotte-22-cm-weiss\/\"]}]},{\"@type\":\"ImageObject\",\"inLanguage\":\"de\",\"@id\":\"https:\/\/dev6.erresse-shop.it\/de\/shop\/toepfe-pfannen\/schalldaempfer-und-kokotten\/le-creuset-amour-cocotte-22-cm-weiss\/#primaryimage\",\"url\":\"https:\/\/i0.wp.com\/interpim.erresse-shop.it\/Import\/Prodotti\/le-creuset-amour-cocotte-22-cm-bianco.png?ssl=1\",\"contentUrl\":\"https:\/\/i0.wp.com\/interpim.erresse-shop.it\/Import\/Prodotti\/le-creuset-amour-cocotte-22-cm-bianco.png?ssl=1\"},{\"@type\":\"BreadcrumbList\",\"@id\":\"https:\/\/dev6.erresse-shop.it\/de\/shop\/toepfe-pfannen\/schalldaempfer-und-kokotten\/le-creuset-amour-cocotte-22-cm-weiss\/#breadcrumb\",\"itemListElement\":[{\"@type\":\"ListItem\",\"position\":1,\"name\":\"Home\",\"item\":\"https:\/\/dev6.erresse-shop.it\/\"},{\"@type\":\"ListItem\",\"position\":2,\"name\":\"Shop\",\"item\":\"https:\/\/dev6.erresse-shop.it\/shop\/\"},{\"@type\":\"ListItem\",\"position\":3,\"name\":\"LE CREUSET Amour Cocotte 22 cm Wei\u00df\"}]},{\"@type\":\"WebSite\",\"@id\":\"https:\/\/dev6.erresse-shop.it\/#website\",\"url\":\"https:\/\/dev6.erresse-shop.it\/\",\"name\":\"Erresse Shop\",\"description\":\"\",\"publisher\":{\"@id\":\"https:\/\/dev6.erresse-shop.it\/#organization\"},\"potentialAction\":[{\"@type\":\"SearchAction\",\"target\":{\"@type\":\"EntryPoint\",\"urlTemplate\":\"https:\/\/dev6.erresse-shop.it\/?s={search_term_string}\"},\"query-input\":{\"@type\":\"PropertyValueSpecification\",\"valueRequired\":true,\"valueName\":\"search_term_string\"}}],\"inLanguage\":\"de\"},{\"@type\":\"Organization\",\"@id\":\"https:\/\/dev6.erresse-shop.it\/#organization\",\"name\":\"Erresse Shop\",\"url\":\"https:\/\/dev6.erresse-shop.it\/\",\"logo\":{\"@type\":\"ImageObject\",\"inLanguage\":\"de\",\"@id\":\"https:\/\/dev6.erresse-shop.it\/#\/schema\/logo\/image\/\",\"url\":\"https:\/\/dev6.erresse-shop.it\/wp-content\/uploads\/2025\/01\/LOGO-ERRESSE-CLASSICO.svg\",\"contentUrl\":\"https:\/\/dev6.erresse-shop.it\/wp-content\/uploads\/2025\/01\/LOGO-ERRESSE-CLASSICO.svg\",\"caption\":\"Erresse Shop\"},\"image\":{\"@id\":\"https:\/\/dev6.erresse-shop.it\/#\/schema\/logo\/image\/\"}}]}<\/script>\n<!-- \/ Yoast SEO plugin. -->","yoast_head_json":{"title":"LE CREUSET Amour Cocotte 22 cm Wei\u00df - dev6 Erresse","description":"Eine bezaubernde herzf\u00f6rmige Cocotte unterscheidet diesen Topf von anderen Gusseisenprodukten, w\u00e4hrend die Funktionalit\u00e4t und die ausgezeichnete","robots":{"index":"noindex","follow":"follow","max-snippet":"max-snippet:-1","max-image-preview":"max-image-preview:large","max-video-preview":"max-video-preview:-1"},"og_locale":"de_DE","og_type":"article","og_title":"LE CREUSET Amour Cocotte 22 cm Wei\u00df - dev6 Erresse","og_description":"Eine bezaubernde herzf\u00f6rmige Cocotte unterscheidet diesen Topf von anderen Gusseisenprodukten, w\u00e4hrend die Funktionalit\u00e4t und die ausgezeichnete","og_url":"https:\/\/dev6.erresse-shop.it\/de\/shop\/toepfe-pfannen\/schalldaempfer-und-kokotten\/le-creuset-amour-cocotte-22-cm-weiss\/","og_site_name":"dev6 Erresse","og_image":[{"url":"https:\/\/interpim.erresse-shop.it\/Import\/Prodotti\/le-creuset-amour-cocotte-22-cm-bianco.png","type":"","width":"","height":""},{"url":"https:\/\/interpim.erresse-shop.it\/Import\/Prodotti\/le-creuset-amour-cocotte-22-cm-bianco.png","width":1024,"height":1024,"type":"image\/jpeg"}],"twitter_card":"summary_large_image","twitter_image":"https:\/\/interpim.erresse-shop.it\/Import\/Prodotti\/le-creuset-amour-cocotte-22-cm-bianco.png","schema":{"@context":"https:\/\/schema.org","@graph":[{"@type":"WebPage","@id":"https:\/\/dev6.erresse-shop.it\/de\/shop\/toepfe-pfannen\/schalldaempfer-und-kokotten\/le-creuset-amour-cocotte-22-cm-weiss\/","url":"https:\/\/dev6.erresse-shop.it\/de\/shop\/toepfe-pfannen\/schalldaempfer-und-kokotten\/le-creuset-amour-cocotte-22-cm-weiss\/","name":"LE CREUSET Amour Cocotte 22 cm Wei\u00df - dev6 Erresse","isPartOf":{"@id":"https:\/\/dev6.erresse-shop.it\/#website"},"primaryImageOfPage":{"@id":"https:\/\/dev6.erresse-shop.it\/de\/shop\/toepfe-pfannen\/schalldaempfer-und-kokotten\/le-creuset-amour-cocotte-22-cm-weiss\/#primaryimage"},"image":{"@id":"https:\/\/dev6.erresse-shop.it\/de\/shop\/toepfe-pfannen\/schalldaempfer-und-kokotten\/le-creuset-amour-cocotte-22-cm-weiss\/#primaryimage"},"thumbnailUrl":"https:\/\/i0.wp.com\/interpim.erresse-shop.it\/Import\/Prodotti\/le-creuset-amour-cocotte-22-cm-bianco.png?ssl=1","datePublished":"2026-04-10T07:26:12+00:00","description":"Eine bezaubernde herzf\u00f6rmige Cocotte unterscheidet diesen Topf von anderen Gusseisenprodukten, w\u00e4hrend die Funktionalit\u00e4t und die ausgezeichnete","breadcrumb":{"@id":"https:\/\/dev6.erresse-shop.it\/de\/shop\/toepfe-pfannen\/schalldaempfer-und-kokotten\/le-creuset-amour-cocotte-22-cm-weiss\/#breadcrumb"},"inLanguage":"de","potentialAction":[{"@type":"ReadAction","target":["https:\/\/dev6.erresse-shop.it\/de\/shop\/toepfe-pfannen\/schalldaempfer-und-kokotten\/le-creuset-amour-cocotte-22-cm-weiss\/"]}]},{"@type":"ImageObject","inLanguage":"de","@id":"https:\/\/dev6.erresse-shop.it\/de\/shop\/toepfe-pfannen\/schalldaempfer-und-kokotten\/le-creuset-amour-cocotte-22-cm-weiss\/#primaryimage","url":"https:\/\/i0.wp.com\/interpim.erresse-shop.it\/Import\/Prodotti\/le-creuset-amour-cocotte-22-cm-bianco.png?ssl=1","contentUrl":"https:\/\/i0.wp.com\/interpim.erresse-shop.it\/Import\/Prodotti\/le-creuset-amour-cocotte-22-cm-bianco.png?ssl=1"},{"@type":"BreadcrumbList","@id":"https:\/\/dev6.erresse-shop.it\/de\/shop\/toepfe-pfannen\/schalldaempfer-und-kokotten\/le-creuset-amour-cocotte-22-cm-weiss\/#breadcrumb","itemListElement":[{"@type":"ListItem","position":1,"name":"Home","item":"https:\/\/dev6.erresse-shop.it\/"},{"@type":"ListItem","position":2,"name":"Shop","item":"https:\/\/dev6.erresse-shop.it\/shop\/"},{"@type":"ListItem","position":3,"name":"LE CREUSET Amour Cocotte 22 cm Wei\u00df"}]},{"@type":"WebSite","@id":"https:\/\/dev6.erresse-shop.it\/#website","url":"https:\/\/dev6.erresse-shop.it\/","name":"Erresse Shop","description":"","publisher":{"@id":"https:\/\/dev6.erresse-shop.it\/#organization"},"potentialAction":[{"@type":"SearchAction","target":{"@type":"EntryPoint","urlTemplate":"https:\/\/dev6.erresse-shop.it\/?s={search_term_string}"},"query-input":{"@type":"PropertyValueSpecification","valueRequired":true,"valueName":"search_term_string"}}],"inLanguage":"de"},{"@type":"Organization","@id":"https:\/\/dev6.erresse-shop.it\/#organization","name":"Erresse Shop","url":"https:\/\/dev6.erresse-shop.it\/","logo":{"@type":"ImageObject","inLanguage":"de","@id":"https:\/\/dev6.erresse-shop.it\/#\/schema\/logo\/image\/","url":"https:\/\/dev6.erresse-shop.it\/wp-content\/uploads\/2025\/01\/LOGO-ERRESSE-CLASSICO.svg","contentUrl":"https:\/\/dev6.erresse-shop.it\/wp-content\/uploads\/2025\/01\/LOGO-ERRESSE-CLASSICO.svg","caption":"Erresse Shop"},"image":{"@id":"https:\/\/dev6.erresse-shop.it\/#\/schema\/logo\/image\/"}}]}},"df_price":249.95,"df_sale_price":249.95,"df_regular_price":359,"df_image_link":"https:\/\/i0.wp.com\/interpim.erresse-shop.it\/Import\/Prodotti\/le-creuset-amour-cocotte-22-cm-bianco.png?resize=300,300&ssl=1","fifu_image_url":"https:\/\/interpim.erresse-shop.it\/Import\/Prodotti\/le-creuset-amour-cocotte-22-cm-bianco.png","_links":{"self":[{"href":"https:\/\/dev6.erresse-shop.it\/de\/wp-json\/wp\/v2\/product\/50554","targetHints":{"allow":["GET"]}}],"collection":[{"href":"https:\/\/dev6.erresse-shop.it\/de\/wp-json\/wp\/v2\/product"}],"about":[{"href":"https:\/\/dev6.erresse-shop.it\/de\/wp-json\/wp\/v2\/types\/product"}],"wp:featuredmedia":[{"embeddable":true,"href":"https:\/\/dev6.erresse-shop.it\/de\/wp-json\/wp\/v2\/media\/6311826"}],"wp:attachment":[{"href":"https:\/\/dev6.erresse-shop.it\/de\/wp-json\/wp\/v2\/media?parent=50554"}],"wp:term":[{"taxonomy":"product_cat","embeddable":true,"href":"https:\/\/dev6.erresse-shop.it\/de\/wp-json\/wp\/v2\/product_cat?post=50554"},{"taxonomy":"product_tag","embeddable":true,"href":"https:\/\/dev6.erresse-shop.it\/de\/wp-json\/wp\/v2\/product_tag?post=50554"}],"curies":[{"name":"wp","href":"https:\/\/api.w.org\/{rel}","templated":true}]}}