{"id":50540,"date":"2026-04-12T08:46:35","date_gmt":"2026-04-12T06:46:35","guid":{"rendered":"https:\/\/dev6.erresse-shop.it\/shop\/unkategorisiert\/bordallo-pinheiro-tablett-bananenblatt-35-cm\/"},"modified":"2025-11-22T17:47:34","modified_gmt":"2025-11-22T16:47:34","slug":"bordallo-pinheiro-tablett-bananenblatt-35-cm","status":"publish","type":"product","link":"https:\/\/dev6.erresse-shop.it\/de\/shop\/tisch\/serviertablette\/bordallo-pinheiro-tablett-bananenblatt-35-cm\/","title":{"rendered":"BORDALLO PINHEIRO Tablett Bananenblatt 35 cm"},"content":{"rendered":"<p>Diese neue Kollektion wurde in Zusammenarbeit mit Nini Andrade Silva entwickelt, die auf der Insel Madeira geboren wurde und zu den bekanntesten Innenarchitekten der Welt geh\u00f6rt. Sie ist eine Hommage an eines der Wahrzeichen der Insel, die Bananenstaude. Verschiedene Merkmale wie die dunkle, faltige Rinde, die gro\u00dfen gr\u00fcnen Bl\u00e4tter, der zarte Stiel und die Banane selbst werden meisterhaft in gro\u00dfe Teller und Tabletts, kleine Schalen und Tassen, sch\u00f6ne Tafelaufs\u00e4tze und Kr\u00fcge verwandelt, die ein tropisches Ambiente schaffen.<\/p>\n<p>Kollektion ausgezeichnet mit einem Iconic Awards 2020: Innovative Interior und einem German Design Award 2020.<\/p>\n<p>Material: Terrakotta<\/p>\n","protected":false},"excerpt":{"rendered":"<p>Diese neue Kollektion wurde in Zusammenarbeit mit Nini Andrade Silva entwickelt, die auf der Insel Madeira geboren wurde und zu den bekanntesten Innenarchitekten der Welt geh\u00f6rt. Sie ist eine Hommage an eines der Wahrzeichen der Insel, die Bananenstaude. Verschiedene Merkmale wie die dunkle, faltige Rinde, die gro\u00dfen gr\u00fcnen Bl\u00e4tter, der zarte Stiel und die Banane [&hellip;]<\/p>\n","protected":false},"featured_media":6353398,"template":"","meta":{"_acf_changed":false},"product_cat":[12112,11671,12103],"product_tag":[],"class_list":{"0":"post-50540","1":"product","2":"type-product","3":"status-publish","4":"has-post-thumbnail","6":"product_cat-serviertablette","7":"product_cat-tavola","8":"product_cat-tisch","10":"first","11":"instock","12":"sale","13":"taxable","14":"shipping-taxable","15":"purchasable","16":"product-type-simple","swatches":"rey-swatches","show_selected":"","stretch_labels":"rey-swatches--stretch-labels"},"acf":[],"yoast_head":"<!-- This site is optimized with the Yoast SEO plugin v25.4 - https:\/\/yoast.com\/wordpress\/plugins\/seo\/ -->\n<title>BORDALLO PINHEIRO Tablett Bananenblatt 35 cm - dev6 Erresse<\/title>\n<meta name=\"description\" content=\"Diese neue Kollektion wurde in Zusammenarbeit mit Nini Andrade Silva entwickelt, die auf der Insel Madeira geboren wurde und zu den bekanntesten\" \/>\n<meta name=\"robots\" content=\"noindex, follow, max-snippet:-1, max-image-preview:large, max-video-preview:-1\" \/>\n<meta property=\"og:locale\" content=\"de_DE\" \/>\n<meta property=\"og:type\" content=\"article\" \/>\n<meta property=\"og:title\" content=\"BORDALLO PINHEIRO Tablett Bananenblatt 35 cm - dev6 Erresse\" \/>\n<meta property=\"og:description\" content=\"Diese neue Kollektion wurde in Zusammenarbeit mit Nini Andrade Silva entwickelt, die auf der Insel Madeira geboren wurde und zu den bekanntesten\" \/>\n<meta property=\"og:url\" content=\"https:\/\/dev6.erresse-shop.it\/de\/shop\/tisch\/serviertablette\/bordallo-pinheiro-tablett-bananenblatt-35-cm\/\" \/>\n<meta property=\"og:site_name\" content=\"dev6 Erresse\" \/>\n<meta property=\"og:image\" content=\"https:\/\/interpim.erresse-shop.it\/Import\/Prodotti\/bordallo-pinheiro-vassoio-foglia-di-banana-35-cm-1.jpg\" \/><meta property=\"og:image\" content=\"https:\/\/interpim.erresse-shop.it\/Import\/Prodotti\/bordallo-pinheiro-vassoio-foglia-di-banana-35-cm-1.jpg\" \/>\n\t<meta property=\"og:image:width\" content=\"1024\" \/>\n\t<meta property=\"og:image:height\" content=\"1024\" \/>\n\t<meta property=\"og:image:type\" content=\"image\/jpeg\" \/>\n<meta name=\"twitter:card\" content=\"summary_large_image\" \/>\n<meta name=\"twitter:image\" content=\"https:\/\/interpim.erresse-shop.it\/Import\/Prodotti\/bordallo-pinheiro-vassoio-foglia-di-banana-35-cm-1.jpg\" \/>\n<script type=\"application\/ld+json\" class=\"yoast-schema-graph\">{\"@context\":\"https:\/\/schema.org\",\"@graph\":[{\"@type\":\"WebPage\",\"@id\":\"https:\/\/dev6.erresse-shop.it\/de\/shop\/tisch\/serviertablette\/bordallo-pinheiro-tablett-bananenblatt-35-cm\/\",\"url\":\"https:\/\/dev6.erresse-shop.it\/de\/shop\/tisch\/serviertablette\/bordallo-pinheiro-tablett-bananenblatt-35-cm\/\",\"name\":\"BORDALLO PINHEIRO Tablett Bananenblatt 35 cm - dev6 Erresse\",\"isPartOf\":{\"@id\":\"https:\/\/dev6.erresse-shop.it\/#website\"},\"primaryImageOfPage\":{\"@id\":\"https:\/\/dev6.erresse-shop.it\/de\/shop\/tisch\/serviertablette\/bordallo-pinheiro-tablett-bananenblatt-35-cm\/#primaryimage\"},\"image\":{\"@id\":\"https:\/\/dev6.erresse-shop.it\/de\/shop\/tisch\/serviertablette\/bordallo-pinheiro-tablett-bananenblatt-35-cm\/#primaryimage\"},\"thumbnailUrl\":\"https:\/\/i2.wp.com\/interpim.erresse-shop.it\/Import\/Prodotti\/bordallo-pinheiro-vassoio-foglia-di-banana-35-cm-1.jpg?ssl=1\",\"datePublished\":\"2026-04-12T06:46:35+00:00\",\"description\":\"Diese neue Kollektion wurde in Zusammenarbeit mit Nini Andrade Silva entwickelt, die auf der Insel Madeira geboren wurde und zu den bekanntesten\",\"breadcrumb\":{\"@id\":\"https:\/\/dev6.erresse-shop.it\/de\/shop\/tisch\/serviertablette\/bordallo-pinheiro-tablett-bananenblatt-35-cm\/#breadcrumb\"},\"inLanguage\":\"de\",\"potentialAction\":[{\"@type\":\"ReadAction\",\"target\":[\"https:\/\/dev6.erresse-shop.it\/de\/shop\/tisch\/serviertablette\/bordallo-pinheiro-tablett-bananenblatt-35-cm\/\"]}]},{\"@type\":\"ImageObject\",\"inLanguage\":\"de\",\"@id\":\"https:\/\/dev6.erresse-shop.it\/de\/shop\/tisch\/serviertablette\/bordallo-pinheiro-tablett-bananenblatt-35-cm\/#primaryimage\",\"url\":\"https:\/\/i2.wp.com\/interpim.erresse-shop.it\/Import\/Prodotti\/bordallo-pinheiro-vassoio-foglia-di-banana-35-cm-1.jpg?ssl=1\",\"contentUrl\":\"https:\/\/i2.wp.com\/interpim.erresse-shop.it\/Import\/Prodotti\/bordallo-pinheiro-vassoio-foglia-di-banana-35-cm-1.jpg?ssl=1\"},{\"@type\":\"BreadcrumbList\",\"@id\":\"https:\/\/dev6.erresse-shop.it\/de\/shop\/tisch\/serviertablette\/bordallo-pinheiro-tablett-bananenblatt-35-cm\/#breadcrumb\",\"itemListElement\":[{\"@type\":\"ListItem\",\"position\":1,\"name\":\"Home\",\"item\":\"https:\/\/dev6.erresse-shop.it\/\"},{\"@type\":\"ListItem\",\"position\":2,\"name\":\"Shop\",\"item\":\"https:\/\/dev6.erresse-shop.it\/shop\/\"},{\"@type\":\"ListItem\",\"position\":3,\"name\":\"BORDALLO PINHEIRO Tablett Bananenblatt 35 cm\"}]},{\"@type\":\"WebSite\",\"@id\":\"https:\/\/dev6.erresse-shop.it\/#website\",\"url\":\"https:\/\/dev6.erresse-shop.it\/\",\"name\":\"Erresse Shop\",\"description\":\"\",\"publisher\":{\"@id\":\"https:\/\/dev6.erresse-shop.it\/#organization\"},\"potentialAction\":[{\"@type\":\"SearchAction\",\"target\":{\"@type\":\"EntryPoint\",\"urlTemplate\":\"https:\/\/dev6.erresse-shop.it\/?s={search_term_string}\"},\"query-input\":{\"@type\":\"PropertyValueSpecification\",\"valueRequired\":true,\"valueName\":\"search_term_string\"}}],\"inLanguage\":\"de\"},{\"@type\":\"Organization\",\"@id\":\"https:\/\/dev6.erresse-shop.it\/#organization\",\"name\":\"Erresse Shop\",\"url\":\"https:\/\/dev6.erresse-shop.it\/\",\"logo\":{\"@type\":\"ImageObject\",\"inLanguage\":\"de\",\"@id\":\"https:\/\/dev6.erresse-shop.it\/#\/schema\/logo\/image\/\",\"url\":\"https:\/\/dev6.erresse-shop.it\/wp-content\/uploads\/2025\/01\/LOGO-ERRESSE-CLASSICO.svg\",\"contentUrl\":\"https:\/\/dev6.erresse-shop.it\/wp-content\/uploads\/2025\/01\/LOGO-ERRESSE-CLASSICO.svg\",\"caption\":\"Erresse Shop\"},\"image\":{\"@id\":\"https:\/\/dev6.erresse-shop.it\/#\/schema\/logo\/image\/\"}}]}<\/script>\n<!-- \/ Yoast SEO plugin. -->","yoast_head_json":{"title":"BORDALLO PINHEIRO Tablett Bananenblatt 35 cm - dev6 Erresse","description":"Diese neue Kollektion wurde in Zusammenarbeit mit Nini Andrade Silva entwickelt, die auf der Insel Madeira geboren wurde und zu den bekanntesten","robots":{"index":"noindex","follow":"follow","max-snippet":"max-snippet:-1","max-image-preview":"max-image-preview:large","max-video-preview":"max-video-preview:-1"},"og_locale":"de_DE","og_type":"article","og_title":"BORDALLO PINHEIRO Tablett Bananenblatt 35 cm - dev6 Erresse","og_description":"Diese neue Kollektion wurde in Zusammenarbeit mit Nini Andrade Silva entwickelt, die auf der Insel Madeira geboren wurde und zu den bekanntesten","og_url":"https:\/\/dev6.erresse-shop.it\/de\/shop\/tisch\/serviertablette\/bordallo-pinheiro-tablett-bananenblatt-35-cm\/","og_site_name":"dev6 Erresse","og_image":[{"url":"https:\/\/interpim.erresse-shop.it\/Import\/Prodotti\/bordallo-pinheiro-vassoio-foglia-di-banana-35-cm-1.jpg","type":"","width":"","height":""},{"url":"https:\/\/interpim.erresse-shop.it\/Import\/Prodotti\/bordallo-pinheiro-vassoio-foglia-di-banana-35-cm-1.jpg","width":1024,"height":1024,"type":"image\/jpeg"}],"twitter_card":"summary_large_image","twitter_image":"https:\/\/interpim.erresse-shop.it\/Import\/Prodotti\/bordallo-pinheiro-vassoio-foglia-di-banana-35-cm-1.jpg","schema":{"@context":"https:\/\/schema.org","@graph":[{"@type":"WebPage","@id":"https:\/\/dev6.erresse-shop.it\/de\/shop\/tisch\/serviertablette\/bordallo-pinheiro-tablett-bananenblatt-35-cm\/","url":"https:\/\/dev6.erresse-shop.it\/de\/shop\/tisch\/serviertablette\/bordallo-pinheiro-tablett-bananenblatt-35-cm\/","name":"BORDALLO PINHEIRO Tablett Bananenblatt 35 cm - dev6 Erresse","isPartOf":{"@id":"https:\/\/dev6.erresse-shop.it\/#website"},"primaryImageOfPage":{"@id":"https:\/\/dev6.erresse-shop.it\/de\/shop\/tisch\/serviertablette\/bordallo-pinheiro-tablett-bananenblatt-35-cm\/#primaryimage"},"image":{"@id":"https:\/\/dev6.erresse-shop.it\/de\/shop\/tisch\/serviertablette\/bordallo-pinheiro-tablett-bananenblatt-35-cm\/#primaryimage"},"thumbnailUrl":"https:\/\/i2.wp.com\/interpim.erresse-shop.it\/Import\/Prodotti\/bordallo-pinheiro-vassoio-foglia-di-banana-35-cm-1.jpg?ssl=1","datePublished":"2026-04-12T06:46:35+00:00","description":"Diese neue Kollektion wurde in Zusammenarbeit mit Nini Andrade Silva entwickelt, die auf der Insel Madeira geboren wurde und zu den bekanntesten","breadcrumb":{"@id":"https:\/\/dev6.erresse-shop.it\/de\/shop\/tisch\/serviertablette\/bordallo-pinheiro-tablett-bananenblatt-35-cm\/#breadcrumb"},"inLanguage":"de","potentialAction":[{"@type":"ReadAction","target":["https:\/\/dev6.erresse-shop.it\/de\/shop\/tisch\/serviertablette\/bordallo-pinheiro-tablett-bananenblatt-35-cm\/"]}]},{"@type":"ImageObject","inLanguage":"de","@id":"https:\/\/dev6.erresse-shop.it\/de\/shop\/tisch\/serviertablette\/bordallo-pinheiro-tablett-bananenblatt-35-cm\/#primaryimage","url":"https:\/\/i2.wp.com\/interpim.erresse-shop.it\/Import\/Prodotti\/bordallo-pinheiro-vassoio-foglia-di-banana-35-cm-1.jpg?ssl=1","contentUrl":"https:\/\/i2.wp.com\/interpim.erresse-shop.it\/Import\/Prodotti\/bordallo-pinheiro-vassoio-foglia-di-banana-35-cm-1.jpg?ssl=1"},{"@type":"BreadcrumbList","@id":"https:\/\/dev6.erresse-shop.it\/de\/shop\/tisch\/serviertablette\/bordallo-pinheiro-tablett-bananenblatt-35-cm\/#breadcrumb","itemListElement":[{"@type":"ListItem","position":1,"name":"Home","item":"https:\/\/dev6.erresse-shop.it\/"},{"@type":"ListItem","position":2,"name":"Shop","item":"https:\/\/dev6.erresse-shop.it\/shop\/"},{"@type":"ListItem","position":3,"name":"BORDALLO PINHEIRO Tablett Bananenblatt 35 cm"}]},{"@type":"WebSite","@id":"https:\/\/dev6.erresse-shop.it\/#website","url":"https:\/\/dev6.erresse-shop.it\/","name":"Erresse Shop","description":"","publisher":{"@id":"https:\/\/dev6.erresse-shop.it\/#organization"},"potentialAction":[{"@type":"SearchAction","target":{"@type":"EntryPoint","urlTemplate":"https:\/\/dev6.erresse-shop.it\/?s={search_term_string}"},"query-input":{"@type":"PropertyValueSpecification","valueRequired":true,"valueName":"search_term_string"}}],"inLanguage":"de"},{"@type":"Organization","@id":"https:\/\/dev6.erresse-shop.it\/#organization","name":"Erresse Shop","url":"https:\/\/dev6.erresse-shop.it\/","logo":{"@type":"ImageObject","inLanguage":"de","@id":"https:\/\/dev6.erresse-shop.it\/#\/schema\/logo\/image\/","url":"https:\/\/dev6.erresse-shop.it\/wp-content\/uploads\/2025\/01\/LOGO-ERRESSE-CLASSICO.svg","contentUrl":"https:\/\/dev6.erresse-shop.it\/wp-content\/uploads\/2025\/01\/LOGO-ERRESSE-CLASSICO.svg","caption":"Erresse Shop"},"image":{"@id":"https:\/\/dev6.erresse-shop.it\/#\/schema\/logo\/image\/"}}]}},"df_price":54,"df_sale_price":54,"df_regular_price":63,"df_image_link":"https:\/\/i2.wp.com\/interpim.erresse-shop.it\/Import\/Prodotti\/bordallo-pinheiro-vassoio-foglia-di-banana-35-cm-1.jpg?resize=300,300&ssl=1","fifu_image_url":"https:\/\/interpim.erresse-shop.it\/Import\/Prodotti\/bordallo-pinheiro-vassoio-foglia-di-banana-35-cm-1.jpg","_links":{"self":[{"href":"https:\/\/dev6.erresse-shop.it\/de\/wp-json\/wp\/v2\/product\/50540","targetHints":{"allow":["GET"]}}],"collection":[{"href":"https:\/\/dev6.erresse-shop.it\/de\/wp-json\/wp\/v2\/product"}],"about":[{"href":"https:\/\/dev6.erresse-shop.it\/de\/wp-json\/wp\/v2\/types\/product"}],"wp:featuredmedia":[{"embeddable":true,"href":"https:\/\/dev6.erresse-shop.it\/de\/wp-json\/wp\/v2\/media\/6353398"}],"wp:attachment":[{"href":"https:\/\/dev6.erresse-shop.it\/de\/wp-json\/wp\/v2\/media?parent=50540"}],"wp:term":[{"taxonomy":"product_cat","embeddable":true,"href":"https:\/\/dev6.erresse-shop.it\/de\/wp-json\/wp\/v2\/product_cat?post=50540"},{"taxonomy":"product_tag","embeddable":true,"href":"https:\/\/dev6.erresse-shop.it\/de\/wp-json\/wp\/v2\/product_tag?post=50540"}],"curies":[{"name":"wp","href":"https:\/\/api.w.org\/{rel}","templated":true}]}}