{"id":50512,"date":"2026-04-04T08:45:21","date_gmt":"2026-04-04T06:45:21","guid":{"rendered":"https:\/\/dev6.erresse-shop.it\/shop\/unkategorisiert\/bordallo-pinheiro-salatschuessel-wassermelone-35-cm\/"},"modified":"2026-01-09T01:57:32","modified_gmt":"2026-01-09T00:57:32","slug":"bordallo-pinheiro-salatschuessel-wassermelone-35-cm","status":"publish","type":"product","link":"https:\/\/dev6.erresse-shop.it\/de\/shop\/tisch\/salatschuesseln-und-terrinen\/bordallo-pinheiro-salatschuessel-wassermelone-35-cm\/","title":{"rendered":"BORDALLO PINHEIRO Salatsch\u00fcssel Wassermelone 35 cm"},"content":{"rendered":"<p>Diese gro\u00dfe, farbenfrohe Schale von Bordallo Pinheiro ist lustig und praktisch. Der Stil und die Farbe der sch\u00f6nen Wassermelone werden hier voll zur Geltung gebracht. Sie eignet sich hervorragend als Obstschale, Tafelaufsatz, Servierplatte oder Salatsch\u00fcssel.<\/p>\n<p>Material: Terrakotta<\/p>\n","protected":false},"excerpt":{"rendered":"<p>Diese gro\u00dfe, farbenfrohe Schale von Bordallo Pinheiro ist lustig und praktisch. Der Stil und die Farbe der sch\u00f6nen Wassermelone werden hier voll zur Geltung gebracht. Sie eignet sich hervorragend als Obstschale, Tafelaufsatz, Servierplatte oder Salatsch\u00fcssel. Material: Terrakotta<\/p>\n","protected":false},"featured_media":6269912,"template":"","meta":{"_acf_changed":false},"product_cat":[12124,11671,12103],"product_tag":[],"class_list":{"0":"post-50512","1":"product","2":"type-product","3":"status-publish","4":"has-post-thumbnail","6":"product_cat-salatschuesseln-und-terrinen","7":"product_cat-tavola","8":"product_cat-tisch","10":"first","11":"instock","12":"sale","13":"taxable","14":"shipping-taxable","15":"purchasable","16":"product-type-simple","swatches":"rey-swatches","show_selected":"","stretch_labels":"rey-swatches--stretch-labels"},"acf":[],"yoast_head":"<!-- This site is optimized with the Yoast SEO plugin v25.4 - https:\/\/yoast.com\/wordpress\/plugins\/seo\/ -->\n<title>BORDALLO PINHEIRO Salatsch\u00fcssel Wassermelone 35 cm - dev6 Erresse<\/title>\n<meta name=\"description\" content=\"Diese gro\u00dfe, farbenfrohe Schale von Bordallo Pinheiro ist lustig und praktisch. Der Stil und die Farbe der sch\u00f6nen Wassermelone werden hier voll zur\" \/>\n<meta name=\"robots\" content=\"noindex, follow, max-snippet:-1, max-image-preview:large, max-video-preview:-1\" \/>\n<meta property=\"og:locale\" content=\"de_DE\" \/>\n<meta property=\"og:type\" content=\"article\" \/>\n<meta property=\"og:title\" content=\"BORDALLO PINHEIRO Salatsch\u00fcssel Wassermelone 35 cm - dev6 Erresse\" \/>\n<meta property=\"og:description\" content=\"Diese gro\u00dfe, farbenfrohe Schale von Bordallo Pinheiro ist lustig und praktisch. Der Stil und die Farbe der sch\u00f6nen Wassermelone werden hier voll zur\" \/>\n<meta property=\"og:url\" content=\"https:\/\/dev6.erresse-shop.it\/de\/shop\/tisch\/salatschuesseln-und-terrinen\/bordallo-pinheiro-salatschuessel-wassermelone-35-cm\/\" \/>\n<meta property=\"og:site_name\" content=\"dev6 Erresse\" \/>\n<meta property=\"og:image\" content=\"https:\/\/interpim.erresse-shop.it\/Import\/Prodotti\/bordallo-pinheiro-insalatiera-anguria-35-cm-3.jpg\" \/><meta property=\"og:image\" content=\"https:\/\/interpim.erresse-shop.it\/Import\/Prodotti\/bordallo-pinheiro-insalatiera-anguria-35-cm-3.jpg\" \/>\n\t<meta property=\"og:image:width\" content=\"1024\" \/>\n\t<meta property=\"og:image:height\" content=\"1024\" \/>\n\t<meta property=\"og:image:type\" content=\"image\/jpeg\" \/>\n<meta name=\"twitter:card\" content=\"summary_large_image\" \/>\n<meta name=\"twitter:image\" content=\"https:\/\/interpim.erresse-shop.it\/Import\/Prodotti\/bordallo-pinheiro-insalatiera-anguria-35-cm-3.jpg\" \/>\n<script type=\"application\/ld+json\" class=\"yoast-schema-graph\">{\"@context\":\"https:\/\/schema.org\",\"@graph\":[{\"@type\":\"WebPage\",\"@id\":\"https:\/\/dev6.erresse-shop.it\/de\/shop\/tisch\/salatschuesseln-und-terrinen\/bordallo-pinheiro-salatschuessel-wassermelone-35-cm\/\",\"url\":\"https:\/\/dev6.erresse-shop.it\/de\/shop\/tisch\/salatschuesseln-und-terrinen\/bordallo-pinheiro-salatschuessel-wassermelone-35-cm\/\",\"name\":\"BORDALLO PINHEIRO Salatsch\u00fcssel Wassermelone 35 cm - dev6 Erresse\",\"isPartOf\":{\"@id\":\"https:\/\/dev6.erresse-shop.it\/#website\"},\"primaryImageOfPage\":{\"@id\":\"https:\/\/dev6.erresse-shop.it\/de\/shop\/tisch\/salatschuesseln-und-terrinen\/bordallo-pinheiro-salatschuessel-wassermelone-35-cm\/#primaryimage\"},\"image\":{\"@id\":\"https:\/\/dev6.erresse-shop.it\/de\/shop\/tisch\/salatschuesseln-und-terrinen\/bordallo-pinheiro-salatschuessel-wassermelone-35-cm\/#primaryimage\"},\"thumbnailUrl\":\"https:\/\/i1.wp.com\/interpim.erresse-shop.it\/Import\/Prodotti\/bordallo-pinheiro-insalatiera-anguria-35-cm-3.jpg?ssl=1\",\"datePublished\":\"2026-04-04T06:45:21+00:00\",\"description\":\"Diese gro\u00dfe, farbenfrohe Schale von Bordallo Pinheiro ist lustig und praktisch. Der Stil und die Farbe der sch\u00f6nen Wassermelone werden hier voll zur\",\"breadcrumb\":{\"@id\":\"https:\/\/dev6.erresse-shop.it\/de\/shop\/tisch\/salatschuesseln-und-terrinen\/bordallo-pinheiro-salatschuessel-wassermelone-35-cm\/#breadcrumb\"},\"inLanguage\":\"de\",\"potentialAction\":[{\"@type\":\"ReadAction\",\"target\":[\"https:\/\/dev6.erresse-shop.it\/de\/shop\/tisch\/salatschuesseln-und-terrinen\/bordallo-pinheiro-salatschuessel-wassermelone-35-cm\/\"]}]},{\"@type\":\"ImageObject\",\"inLanguage\":\"de\",\"@id\":\"https:\/\/dev6.erresse-shop.it\/de\/shop\/tisch\/salatschuesseln-und-terrinen\/bordallo-pinheiro-salatschuessel-wassermelone-35-cm\/#primaryimage\",\"url\":\"https:\/\/i1.wp.com\/interpim.erresse-shop.it\/Import\/Prodotti\/bordallo-pinheiro-insalatiera-anguria-35-cm-3.jpg?ssl=1\",\"contentUrl\":\"https:\/\/i1.wp.com\/interpim.erresse-shop.it\/Import\/Prodotti\/bordallo-pinheiro-insalatiera-anguria-35-cm-3.jpg?ssl=1\"},{\"@type\":\"BreadcrumbList\",\"@id\":\"https:\/\/dev6.erresse-shop.it\/de\/shop\/tisch\/salatschuesseln-und-terrinen\/bordallo-pinheiro-salatschuessel-wassermelone-35-cm\/#breadcrumb\",\"itemListElement\":[{\"@type\":\"ListItem\",\"position\":1,\"name\":\"Home\",\"item\":\"https:\/\/dev6.erresse-shop.it\/\"},{\"@type\":\"ListItem\",\"position\":2,\"name\":\"Shop\",\"item\":\"https:\/\/dev6.erresse-shop.it\/shop\/\"},{\"@type\":\"ListItem\",\"position\":3,\"name\":\"BORDALLO PINHEIRO Salatsch\u00fcssel Wassermelone 35 cm\"}]},{\"@type\":\"WebSite\",\"@id\":\"https:\/\/dev6.erresse-shop.it\/#website\",\"url\":\"https:\/\/dev6.erresse-shop.it\/\",\"name\":\"Erresse Shop\",\"description\":\"\",\"publisher\":{\"@id\":\"https:\/\/dev6.erresse-shop.it\/#organization\"},\"potentialAction\":[{\"@type\":\"SearchAction\",\"target\":{\"@type\":\"EntryPoint\",\"urlTemplate\":\"https:\/\/dev6.erresse-shop.it\/?s={search_term_string}\"},\"query-input\":{\"@type\":\"PropertyValueSpecification\",\"valueRequired\":true,\"valueName\":\"search_term_string\"}}],\"inLanguage\":\"de\"},{\"@type\":\"Organization\",\"@id\":\"https:\/\/dev6.erresse-shop.it\/#organization\",\"name\":\"Erresse Shop\",\"url\":\"https:\/\/dev6.erresse-shop.it\/\",\"logo\":{\"@type\":\"ImageObject\",\"inLanguage\":\"de\",\"@id\":\"https:\/\/dev6.erresse-shop.it\/#\/schema\/logo\/image\/\",\"url\":\"https:\/\/dev6.erresse-shop.it\/wp-content\/uploads\/2025\/01\/LOGO-ERRESSE-CLASSICO.svg\",\"contentUrl\":\"https:\/\/dev6.erresse-shop.it\/wp-content\/uploads\/2025\/01\/LOGO-ERRESSE-CLASSICO.svg\",\"caption\":\"Erresse Shop\"},\"image\":{\"@id\":\"https:\/\/dev6.erresse-shop.it\/#\/schema\/logo\/image\/\"}}]}<\/script>\n<!-- \/ Yoast SEO plugin. -->","yoast_head_json":{"title":"BORDALLO PINHEIRO Salatsch\u00fcssel Wassermelone 35 cm - dev6 Erresse","description":"Diese gro\u00dfe, farbenfrohe Schale von Bordallo Pinheiro ist lustig und praktisch. Der Stil und die Farbe der sch\u00f6nen Wassermelone werden hier voll zur","robots":{"index":"noindex","follow":"follow","max-snippet":"max-snippet:-1","max-image-preview":"max-image-preview:large","max-video-preview":"max-video-preview:-1"},"og_locale":"de_DE","og_type":"article","og_title":"BORDALLO PINHEIRO Salatsch\u00fcssel Wassermelone 35 cm - dev6 Erresse","og_description":"Diese gro\u00dfe, farbenfrohe Schale von Bordallo Pinheiro ist lustig und praktisch. Der Stil und die Farbe der sch\u00f6nen Wassermelone werden hier voll zur","og_url":"https:\/\/dev6.erresse-shop.it\/de\/shop\/tisch\/salatschuesseln-und-terrinen\/bordallo-pinheiro-salatschuessel-wassermelone-35-cm\/","og_site_name":"dev6 Erresse","og_image":[{"url":"https:\/\/interpim.erresse-shop.it\/Import\/Prodotti\/bordallo-pinheiro-insalatiera-anguria-35-cm-3.jpg","type":"","width":"","height":""},{"url":"https:\/\/interpim.erresse-shop.it\/Import\/Prodotti\/bordallo-pinheiro-insalatiera-anguria-35-cm-3.jpg","width":1024,"height":1024,"type":"image\/jpeg"}],"twitter_card":"summary_large_image","twitter_image":"https:\/\/interpim.erresse-shop.it\/Import\/Prodotti\/bordallo-pinheiro-insalatiera-anguria-35-cm-3.jpg","schema":{"@context":"https:\/\/schema.org","@graph":[{"@type":"WebPage","@id":"https:\/\/dev6.erresse-shop.it\/de\/shop\/tisch\/salatschuesseln-und-terrinen\/bordallo-pinheiro-salatschuessel-wassermelone-35-cm\/","url":"https:\/\/dev6.erresse-shop.it\/de\/shop\/tisch\/salatschuesseln-und-terrinen\/bordallo-pinheiro-salatschuessel-wassermelone-35-cm\/","name":"BORDALLO PINHEIRO Salatsch\u00fcssel Wassermelone 35 cm - dev6 Erresse","isPartOf":{"@id":"https:\/\/dev6.erresse-shop.it\/#website"},"primaryImageOfPage":{"@id":"https:\/\/dev6.erresse-shop.it\/de\/shop\/tisch\/salatschuesseln-und-terrinen\/bordallo-pinheiro-salatschuessel-wassermelone-35-cm\/#primaryimage"},"image":{"@id":"https:\/\/dev6.erresse-shop.it\/de\/shop\/tisch\/salatschuesseln-und-terrinen\/bordallo-pinheiro-salatschuessel-wassermelone-35-cm\/#primaryimage"},"thumbnailUrl":"https:\/\/i1.wp.com\/interpim.erresse-shop.it\/Import\/Prodotti\/bordallo-pinheiro-insalatiera-anguria-35-cm-3.jpg?ssl=1","datePublished":"2026-04-04T06:45:21+00:00","description":"Diese gro\u00dfe, farbenfrohe Schale von Bordallo Pinheiro ist lustig und praktisch. Der Stil und die Farbe der sch\u00f6nen Wassermelone werden hier voll zur","breadcrumb":{"@id":"https:\/\/dev6.erresse-shop.it\/de\/shop\/tisch\/salatschuesseln-und-terrinen\/bordallo-pinheiro-salatschuessel-wassermelone-35-cm\/#breadcrumb"},"inLanguage":"de","potentialAction":[{"@type":"ReadAction","target":["https:\/\/dev6.erresse-shop.it\/de\/shop\/tisch\/salatschuesseln-und-terrinen\/bordallo-pinheiro-salatschuessel-wassermelone-35-cm\/"]}]},{"@type":"ImageObject","inLanguage":"de","@id":"https:\/\/dev6.erresse-shop.it\/de\/shop\/tisch\/salatschuesseln-und-terrinen\/bordallo-pinheiro-salatschuessel-wassermelone-35-cm\/#primaryimage","url":"https:\/\/i1.wp.com\/interpim.erresse-shop.it\/Import\/Prodotti\/bordallo-pinheiro-insalatiera-anguria-35-cm-3.jpg?ssl=1","contentUrl":"https:\/\/i1.wp.com\/interpim.erresse-shop.it\/Import\/Prodotti\/bordallo-pinheiro-insalatiera-anguria-35-cm-3.jpg?ssl=1"},{"@type":"BreadcrumbList","@id":"https:\/\/dev6.erresse-shop.it\/de\/shop\/tisch\/salatschuesseln-und-terrinen\/bordallo-pinheiro-salatschuessel-wassermelone-35-cm\/#breadcrumb","itemListElement":[{"@type":"ListItem","position":1,"name":"Home","item":"https:\/\/dev6.erresse-shop.it\/"},{"@type":"ListItem","position":2,"name":"Shop","item":"https:\/\/dev6.erresse-shop.it\/shop\/"},{"@type":"ListItem","position":3,"name":"BORDALLO PINHEIRO Salatsch\u00fcssel Wassermelone 35 cm"}]},{"@type":"WebSite","@id":"https:\/\/dev6.erresse-shop.it\/#website","url":"https:\/\/dev6.erresse-shop.it\/","name":"Erresse Shop","description":"","publisher":{"@id":"https:\/\/dev6.erresse-shop.it\/#organization"},"potentialAction":[{"@type":"SearchAction","target":{"@type":"EntryPoint","urlTemplate":"https:\/\/dev6.erresse-shop.it\/?s={search_term_string}"},"query-input":{"@type":"PropertyValueSpecification","valueRequired":true,"valueName":"search_term_string"}}],"inLanguage":"de"},{"@type":"Organization","@id":"https:\/\/dev6.erresse-shop.it\/#organization","name":"Erresse Shop","url":"https:\/\/dev6.erresse-shop.it\/","logo":{"@type":"ImageObject","inLanguage":"de","@id":"https:\/\/dev6.erresse-shop.it\/#\/schema\/logo\/image\/","url":"https:\/\/dev6.erresse-shop.it\/wp-content\/uploads\/2025\/01\/LOGO-ERRESSE-CLASSICO.svg","contentUrl":"https:\/\/dev6.erresse-shop.it\/wp-content\/uploads\/2025\/01\/LOGO-ERRESSE-CLASSICO.svg","caption":"Erresse Shop"},"image":{"@id":"https:\/\/dev6.erresse-shop.it\/#\/schema\/logo\/image\/"}}]}},"df_price":69,"df_sale_price":69,"df_regular_price":86,"df_image_link":"https:\/\/i1.wp.com\/interpim.erresse-shop.it\/Import\/Prodotti\/bordallo-pinheiro-insalatiera-anguria-35-cm-3.jpg?resize=300,300&ssl=1","fifu_image_url":"https:\/\/interpim.erresse-shop.it\/Import\/Prodotti\/bordallo-pinheiro-insalatiera-anguria-35-cm-3.jpg","_links":{"self":[{"href":"https:\/\/dev6.erresse-shop.it\/de\/wp-json\/wp\/v2\/product\/50512","targetHints":{"allow":["GET"]}}],"collection":[{"href":"https:\/\/dev6.erresse-shop.it\/de\/wp-json\/wp\/v2\/product"}],"about":[{"href":"https:\/\/dev6.erresse-shop.it\/de\/wp-json\/wp\/v2\/types\/product"}],"wp:featuredmedia":[{"embeddable":true,"href":"https:\/\/dev6.erresse-shop.it\/de\/wp-json\/wp\/v2\/media\/6269912"}],"wp:attachment":[{"href":"https:\/\/dev6.erresse-shop.it\/de\/wp-json\/wp\/v2\/media?parent=50512"}],"wp:term":[{"taxonomy":"product_cat","embeddable":true,"href":"https:\/\/dev6.erresse-shop.it\/de\/wp-json\/wp\/v2\/product_cat?post=50512"},{"taxonomy":"product_tag","embeddable":true,"href":"https:\/\/dev6.erresse-shop.it\/de\/wp-json\/wp\/v2\/product_tag?post=50512"}],"curies":[{"name":"wp","href":"https:\/\/api.w.org\/{rel}","templated":true}]}}