{"id":50496,"date":"2026-04-12T08:45:35","date_gmt":"2026-04-12T06:45:35","guid":{"rendered":"https:\/\/dev6.erresse-shop.it\/shop\/unkategorisiert\/seletti-set-2-porzellanvasen-elle\/"},"modified":"2026-04-12T15:01:37","modified_gmt":"2026-04-12T13:01:37","slug":"seletti-set-2-porzellanvasen-elle","status":"publish","type":"product","link":"https:\/\/dev6.erresse-shop.it\/de\/shop\/einrichtung-haus\/vasen\/seletti-set-2-porzellanvasen-elle\/","title":{"rendered":"SELETTI Set 2 Porzellanvasen Elle"},"content":{"rendered":"<p>Set von 2 Skulpturvasen aus Porzellan, die ein Beinpaar nachbilden.<\/p>\n<p>Der Designer Alessandro Zambelli isoliert diesen Teil des K\u00f6rpers, um ihm eine gelungene Form und ein eigenst\u00e4ndiges Leben zu geben. Dieses K\u00f6rperfragment, das als fertige Skulptur gezeigt wird, besitzt eine au\u00dfergew\u00f6hnliche Ausdruckskraft. Das Fragment findet so zu seiner Autonomie und l\u00f6st sich von dem K\u00f6rper, aus dem es stammt.<\/p>\n<p>Den K\u00f6rper zu evozieren, indem man ihn aufbricht, bedeutet auch und vor allem, seinen fehlenden Teil zu evozieren. Diese einzelnen K\u00f6rperteile regen die Fantasie an und laden dazu ein, das Universum, aus dem das Fragment stammt, neu zusammenzusetzen, um den ganzen K\u00f6rper neu zu gestalten. Auf halbem Weg zwischen Kunst und Design sind diese Vasen verbl\u00fcffend: Sie verleihen Ihrer Einrichtung einen ungehemmten, exzentrischen und k\u00fcnstlerischen Touch.<\/p>\n<p>Eigenschaften<\/p>\n<p>Designer: Alessandro Zambelli<br \/>\nMaterial: Porzellan<br \/>\nAbmessungen: cm 11 x 11 h30,2<\/p>\n","protected":false},"excerpt":{"rendered":"<p>Set von 2 Skulpturvasen aus Porzellan, die ein Beinpaar nachbilden. Der Designer Alessandro Zambelli isoliert diesen Teil des K\u00f6rpers, um ihm eine gelungene Form und ein eigenst\u00e4ndiges Leben zu geben. Dieses K\u00f6rperfragment, das als fertige Skulptur gezeigt wird, besitzt eine au\u00dfergew\u00f6hnliche Ausdruckskraft. Das Fragment findet so zu seiner Autonomie und l\u00f6st sich von dem K\u00f6rper, [&hellip;]<\/p>\n","protected":false},"featured_media":6353121,"template":"","meta":{"_acf_changed":false},"product_cat":[11666,12098,12126],"product_tag":[],"class_list":{"0":"post-50496","1":"product","2":"type-product","3":"status-publish","4":"has-post-thumbnail","6":"product_cat-arredamento-casa","7":"product_cat-einrichtung-haus","8":"product_cat-vasen","10":"first","11":"outofstock","12":"sale","13":"taxable","14":"shipping-taxable","15":"purchasable","16":"product-type-simple","swatches":"rey-swatches","show_selected":"","stretch_labels":"rey-swatches--stretch-labels"},"acf":[],"yoast_head":"<!-- This site is optimized with the Yoast SEO plugin v25.4 - https:\/\/yoast.com\/wordpress\/plugins\/seo\/ -->\n<title>SELETTI Set 2 Porzellanvasen Elle - dev6 Erresse<\/title>\n<meta name=\"description\" content=\"Set von 2 Skulpturvasen aus Porzellan, die ein Beinpaar nachbilden. Der Designer Alessandro Zambelli isoliert diesen Teil des K\u00f6rpers, um ihm eine\" \/>\n<meta name=\"robots\" content=\"noindex, follow, max-snippet:-1, max-image-preview:large, max-video-preview:-1\" \/>\n<meta property=\"og:locale\" content=\"de_DE\" \/>\n<meta property=\"og:type\" content=\"article\" \/>\n<meta property=\"og:title\" content=\"SELETTI Set 2 Porzellanvasen Elle - dev6 Erresse\" \/>\n<meta property=\"og:description\" content=\"Set von 2 Skulpturvasen aus Porzellan, die ein Beinpaar nachbilden. Der Designer Alessandro Zambelli isoliert diesen Teil des K\u00f6rpers, um ihm eine\" \/>\n<meta property=\"og:url\" content=\"https:\/\/dev6.erresse-shop.it\/de\/shop\/einrichtung-haus\/vasen\/seletti-set-2-porzellanvasen-elle\/\" \/>\n<meta property=\"og:site_name\" content=\"dev6 Erresse\" \/>\n<meta property=\"article:modified_time\" content=\"2026-04-12T13:01:37+00:00\" \/>\n<meta property=\"og:image\" content=\"https:\/\/interpim.erresse-shop.it\/img-catalogo\/seletti\/seletti-set-2-vasi-porcellana-elle.jpg\" \/><meta property=\"og:image\" content=\"https:\/\/interpim.erresse-shop.it\/img-catalogo\/seletti\/seletti-set-2-vasi-porcellana-elle.jpg\" \/>\n\t<meta property=\"og:image:width\" content=\"1024\" \/>\n\t<meta property=\"og:image:height\" content=\"1024\" \/>\n\t<meta property=\"og:image:type\" content=\"image\/jpeg\" \/>\n<meta name=\"twitter:card\" content=\"summary_large_image\" \/>\n<meta name=\"twitter:image\" content=\"https:\/\/interpim.erresse-shop.it\/img-catalogo\/seletti\/seletti-set-2-vasi-porcellana-elle.jpg\" \/>\n<script type=\"application\/ld+json\" class=\"yoast-schema-graph\">{\"@context\":\"https:\/\/schema.org\",\"@graph\":[{\"@type\":\"WebPage\",\"@id\":\"https:\/\/dev6.erresse-shop.it\/de\/shop\/einrichtung-haus\/vasen\/seletti-set-2-porzellanvasen-elle\/\",\"url\":\"https:\/\/dev6.erresse-shop.it\/de\/shop\/einrichtung-haus\/vasen\/seletti-set-2-porzellanvasen-elle\/\",\"name\":\"SELETTI Set 2 Porzellanvasen Elle - dev6 Erresse\",\"isPartOf\":{\"@id\":\"https:\/\/dev6.erresse-shop.it\/#website\"},\"primaryImageOfPage\":{\"@id\":\"https:\/\/dev6.erresse-shop.it\/de\/shop\/einrichtung-haus\/vasen\/seletti-set-2-porzellanvasen-elle\/#primaryimage\"},\"image\":{\"@id\":\"https:\/\/dev6.erresse-shop.it\/de\/shop\/einrichtung-haus\/vasen\/seletti-set-2-porzellanvasen-elle\/#primaryimage\"},\"thumbnailUrl\":\"https:\/\/i0.wp.com\/interpim.erresse-shop.it\/img-catalogo\/seletti\/seletti-set-2-vasi-porcellana-elle.jpg?ssl=1\",\"datePublished\":\"2026-04-12T06:45:35+00:00\",\"dateModified\":\"2026-04-12T13:01:37+00:00\",\"description\":\"Set von 2 Skulpturvasen aus Porzellan, die ein Beinpaar nachbilden. Der Designer Alessandro Zambelli isoliert diesen Teil des K\u00f6rpers, um ihm eine\",\"breadcrumb\":{\"@id\":\"https:\/\/dev6.erresse-shop.it\/de\/shop\/einrichtung-haus\/vasen\/seletti-set-2-porzellanvasen-elle\/#breadcrumb\"},\"inLanguage\":\"de\",\"potentialAction\":[{\"@type\":\"ReadAction\",\"target\":[\"https:\/\/dev6.erresse-shop.it\/de\/shop\/einrichtung-haus\/vasen\/seletti-set-2-porzellanvasen-elle\/\"]}]},{\"@type\":\"ImageObject\",\"inLanguage\":\"de\",\"@id\":\"https:\/\/dev6.erresse-shop.it\/de\/shop\/einrichtung-haus\/vasen\/seletti-set-2-porzellanvasen-elle\/#primaryimage\",\"url\":\"https:\/\/i0.wp.com\/interpim.erresse-shop.it\/img-catalogo\/seletti\/seletti-set-2-vasi-porcellana-elle.jpg?ssl=1\",\"contentUrl\":\"https:\/\/i0.wp.com\/interpim.erresse-shop.it\/img-catalogo\/seletti\/seletti-set-2-vasi-porcellana-elle.jpg?ssl=1\"},{\"@type\":\"BreadcrumbList\",\"@id\":\"https:\/\/dev6.erresse-shop.it\/de\/shop\/einrichtung-haus\/vasen\/seletti-set-2-porzellanvasen-elle\/#breadcrumb\",\"itemListElement\":[{\"@type\":\"ListItem\",\"position\":1,\"name\":\"Home\",\"item\":\"https:\/\/dev6.erresse-shop.it\/\"},{\"@type\":\"ListItem\",\"position\":2,\"name\":\"Shop\",\"item\":\"https:\/\/dev6.erresse-shop.it\/shop\/\"},{\"@type\":\"ListItem\",\"position\":3,\"name\":\"SELETTI Set 2 Porzellanvasen Elle\"}]},{\"@type\":\"WebSite\",\"@id\":\"https:\/\/dev6.erresse-shop.it\/#website\",\"url\":\"https:\/\/dev6.erresse-shop.it\/\",\"name\":\"Erresse Shop\",\"description\":\"\",\"publisher\":{\"@id\":\"https:\/\/dev6.erresse-shop.it\/#organization\"},\"potentialAction\":[{\"@type\":\"SearchAction\",\"target\":{\"@type\":\"EntryPoint\",\"urlTemplate\":\"https:\/\/dev6.erresse-shop.it\/?s={search_term_string}\"},\"query-input\":{\"@type\":\"PropertyValueSpecification\",\"valueRequired\":true,\"valueName\":\"search_term_string\"}}],\"inLanguage\":\"de\"},{\"@type\":\"Organization\",\"@id\":\"https:\/\/dev6.erresse-shop.it\/#organization\",\"name\":\"Erresse Shop\",\"url\":\"https:\/\/dev6.erresse-shop.it\/\",\"logo\":{\"@type\":\"ImageObject\",\"inLanguage\":\"de\",\"@id\":\"https:\/\/dev6.erresse-shop.it\/#\/schema\/logo\/image\/\",\"url\":\"https:\/\/dev6.erresse-shop.it\/wp-content\/uploads\/2025\/01\/LOGO-ERRESSE-CLASSICO.svg\",\"contentUrl\":\"https:\/\/dev6.erresse-shop.it\/wp-content\/uploads\/2025\/01\/LOGO-ERRESSE-CLASSICO.svg\",\"caption\":\"Erresse Shop\"},\"image\":{\"@id\":\"https:\/\/dev6.erresse-shop.it\/#\/schema\/logo\/image\/\"}}]}<\/script>\n<!-- \/ Yoast SEO plugin. -->","yoast_head_json":{"title":"SELETTI Set 2 Porzellanvasen Elle - dev6 Erresse","description":"Set von 2 Skulpturvasen aus Porzellan, die ein Beinpaar nachbilden. Der Designer Alessandro Zambelli isoliert diesen Teil des K\u00f6rpers, um ihm eine","robots":{"index":"noindex","follow":"follow","max-snippet":"max-snippet:-1","max-image-preview":"max-image-preview:large","max-video-preview":"max-video-preview:-1"},"og_locale":"de_DE","og_type":"article","og_title":"SELETTI Set 2 Porzellanvasen Elle - dev6 Erresse","og_description":"Set von 2 Skulpturvasen aus Porzellan, die ein Beinpaar nachbilden. Der Designer Alessandro Zambelli isoliert diesen Teil des K\u00f6rpers, um ihm eine","og_url":"https:\/\/dev6.erresse-shop.it\/de\/shop\/einrichtung-haus\/vasen\/seletti-set-2-porzellanvasen-elle\/","og_site_name":"dev6 Erresse","article_modified_time":"2026-04-12T13:01:37+00:00","og_image":[{"url":"https:\/\/interpim.erresse-shop.it\/img-catalogo\/seletti\/seletti-set-2-vasi-porcellana-elle.jpg","type":"","width":"","height":""},{"url":"https:\/\/interpim.erresse-shop.it\/img-catalogo\/seletti\/seletti-set-2-vasi-porcellana-elle.jpg","width":1024,"height":1024,"type":"image\/jpeg"}],"twitter_card":"summary_large_image","twitter_image":"https:\/\/interpim.erresse-shop.it\/img-catalogo\/seletti\/seletti-set-2-vasi-porcellana-elle.jpg","schema":{"@context":"https:\/\/schema.org","@graph":[{"@type":"WebPage","@id":"https:\/\/dev6.erresse-shop.it\/de\/shop\/einrichtung-haus\/vasen\/seletti-set-2-porzellanvasen-elle\/","url":"https:\/\/dev6.erresse-shop.it\/de\/shop\/einrichtung-haus\/vasen\/seletti-set-2-porzellanvasen-elle\/","name":"SELETTI Set 2 Porzellanvasen Elle - dev6 Erresse","isPartOf":{"@id":"https:\/\/dev6.erresse-shop.it\/#website"},"primaryImageOfPage":{"@id":"https:\/\/dev6.erresse-shop.it\/de\/shop\/einrichtung-haus\/vasen\/seletti-set-2-porzellanvasen-elle\/#primaryimage"},"image":{"@id":"https:\/\/dev6.erresse-shop.it\/de\/shop\/einrichtung-haus\/vasen\/seletti-set-2-porzellanvasen-elle\/#primaryimage"},"thumbnailUrl":"https:\/\/i0.wp.com\/interpim.erresse-shop.it\/img-catalogo\/seletti\/seletti-set-2-vasi-porcellana-elle.jpg?ssl=1","datePublished":"2026-04-12T06:45:35+00:00","dateModified":"2026-04-12T13:01:37+00:00","description":"Set von 2 Skulpturvasen aus Porzellan, die ein Beinpaar nachbilden. Der Designer Alessandro Zambelli isoliert diesen Teil des K\u00f6rpers, um ihm eine","breadcrumb":{"@id":"https:\/\/dev6.erresse-shop.it\/de\/shop\/einrichtung-haus\/vasen\/seletti-set-2-porzellanvasen-elle\/#breadcrumb"},"inLanguage":"de","potentialAction":[{"@type":"ReadAction","target":["https:\/\/dev6.erresse-shop.it\/de\/shop\/einrichtung-haus\/vasen\/seletti-set-2-porzellanvasen-elle\/"]}]},{"@type":"ImageObject","inLanguage":"de","@id":"https:\/\/dev6.erresse-shop.it\/de\/shop\/einrichtung-haus\/vasen\/seletti-set-2-porzellanvasen-elle\/#primaryimage","url":"https:\/\/i0.wp.com\/interpim.erresse-shop.it\/img-catalogo\/seletti\/seletti-set-2-vasi-porcellana-elle.jpg?ssl=1","contentUrl":"https:\/\/i0.wp.com\/interpim.erresse-shop.it\/img-catalogo\/seletti\/seletti-set-2-vasi-porcellana-elle.jpg?ssl=1"},{"@type":"BreadcrumbList","@id":"https:\/\/dev6.erresse-shop.it\/de\/shop\/einrichtung-haus\/vasen\/seletti-set-2-porzellanvasen-elle\/#breadcrumb","itemListElement":[{"@type":"ListItem","position":1,"name":"Home","item":"https:\/\/dev6.erresse-shop.it\/"},{"@type":"ListItem","position":2,"name":"Shop","item":"https:\/\/dev6.erresse-shop.it\/shop\/"},{"@type":"ListItem","position":3,"name":"SELETTI Set 2 Porzellanvasen Elle"}]},{"@type":"WebSite","@id":"https:\/\/dev6.erresse-shop.it\/#website","url":"https:\/\/dev6.erresse-shop.it\/","name":"Erresse Shop","description":"","publisher":{"@id":"https:\/\/dev6.erresse-shop.it\/#organization"},"potentialAction":[{"@type":"SearchAction","target":{"@type":"EntryPoint","urlTemplate":"https:\/\/dev6.erresse-shop.it\/?s={search_term_string}"},"query-input":{"@type":"PropertyValueSpecification","valueRequired":true,"valueName":"search_term_string"}}],"inLanguage":"de"},{"@type":"Organization","@id":"https:\/\/dev6.erresse-shop.it\/#organization","name":"Erresse Shop","url":"https:\/\/dev6.erresse-shop.it\/","logo":{"@type":"ImageObject","inLanguage":"de","@id":"https:\/\/dev6.erresse-shop.it\/#\/schema\/logo\/image\/","url":"https:\/\/dev6.erresse-shop.it\/wp-content\/uploads\/2025\/01\/LOGO-ERRESSE-CLASSICO.svg","contentUrl":"https:\/\/dev6.erresse-shop.it\/wp-content\/uploads\/2025\/01\/LOGO-ERRESSE-CLASSICO.svg","caption":"Erresse Shop"},"image":{"@id":"https:\/\/dev6.erresse-shop.it\/#\/schema\/logo\/image\/"}}]}},"df_price":116,"df_sale_price":116,"df_regular_price":144,"df_image_link":"https:\/\/i0.wp.com\/interpim.erresse-shop.it\/img-catalogo\/seletti\/seletti-set-2-vasi-porcellana-elle.jpg?resize=300,300&ssl=1","fifu_image_url":"https:\/\/interpim.erresse-shop.it\/img-catalogo\/seletti\/seletti-set-2-vasi-porcellana-elle.jpg","_links":{"self":[{"href":"https:\/\/dev6.erresse-shop.it\/de\/wp-json\/wp\/v2\/product\/50496","targetHints":{"allow":["GET"]}}],"collection":[{"href":"https:\/\/dev6.erresse-shop.it\/de\/wp-json\/wp\/v2\/product"}],"about":[{"href":"https:\/\/dev6.erresse-shop.it\/de\/wp-json\/wp\/v2\/types\/product"}],"wp:featuredmedia":[{"embeddable":true,"href":"https:\/\/dev6.erresse-shop.it\/de\/wp-json\/wp\/v2\/media\/6353121"}],"wp:attachment":[{"href":"https:\/\/dev6.erresse-shop.it\/de\/wp-json\/wp\/v2\/media?parent=50496"}],"wp:term":[{"taxonomy":"product_cat","embeddable":true,"href":"https:\/\/dev6.erresse-shop.it\/de\/wp-json\/wp\/v2\/product_cat?post=50496"},{"taxonomy":"product_tag","embeddable":true,"href":"https:\/\/dev6.erresse-shop.it\/de\/wp-json\/wp\/v2\/product_tag?post=50496"}],"curies":[{"name":"wp","href":"https:\/\/api.w.org\/{rel}","templated":true}]}}