{"id":50468,"date":"2026-04-12T08:44:38","date_gmt":"2026-04-12T06:44:38","guid":{"rendered":"https:\/\/dev6.erresse-shop.it\/shop\/unkategorisiert\/versace-home-brotteller-18-cm-medusa-blau\/"},"modified":"2025-07-03T20:02:47","modified_gmt":"2025-07-03T18:02:47","slug":"versace-home-brotteller-18-cm-medusa-blau","status":"publish","type":"product","link":"https:\/\/dev6.erresse-shop.it\/de\/shop\/tisch\/teller-geschirr\/versace-home-brotteller-18-cm-medusa-blau\/","title":{"rendered":"VERSACE HOME Brotteller 18 cm Medusa Blau"},"content":{"rendered":"<p>Diese elegante Versace-Dekoration hei\u00dft Medusa Blue. Es wird aus feinstem Porzellan hergestellt und hat einen Stil, der am besten als luxuri\u00f6s und glamour\u00f6s beschrieben werden kann. Die wichtigste Farbe dieses St\u00fccks ist Blau. Die pr\u00e4chtigen Ornamente schm\u00fccken dieses St\u00fcck und machen es zu einem \u201cMust Have\u201d f\u00fcr alle, die opulentes Design lieben.<\/p>\n<p>Der antiken \u00dcberlieferung zufolge war Medusa eine der drei Gorgonen, Meeresungeheuer, deren Blick die Macht hatte, jeden zu versteinern, der ihnen direkt in die Augen sah. Die drei Schwestern, T\u00f6chter der Meeresg\u00f6tter Forco und Ceto, repr\u00e4sentierten die Perversion in ihren drei Formen: Medusa \u2013 die einzige der drei, die nicht unsterblich ist \u2013 repr\u00e4sentierte die intellektuelle Perversion, Euriale die sexuelle Perversion und Steno die moralische Perversion. Urspr\u00fcnglich war Medusa jedoch eine sch\u00f6ne Frau, die von der G\u00f6ttin Athene in ein Ungeheuer verwandelt wurde, um sie daf\u00fcr zu bestrafen, dass sie in einem ihrer Tempel mit Poseidon geschlafen hatte.<br \/>\nDas Geflecht aus Schlangen anstelle von Haaren, das die Darstellungen der Medusa in der Kunstgeschichte kennzeichnet, findet in der Ikone von Versace eine neue Eleganz und Gelassenheit, vielleicht inspiriert von Skulpturen aus der klassischen griechischen Epoche. Der Mythos der Medusa hat schon immer die Phantasie von Gianni Versace befl\u00fcgelt, der sie als Markenname f\u00fcr sein Modehaus w\u00e4hlte und sie wie folgt beschrieb: \u201cWenn man sie ansieht, kann man sich nicht mehr losrei\u00dfen, Medusa ist Verf\u00fchrung\u201d.<\/p>\n","protected":false},"excerpt":{"rendered":"<p>Diese elegante Versace-Dekoration hei\u00dft Medusa Blue. Es wird aus feinstem Porzellan hergestellt und hat einen Stil, der am besten als luxuri\u00f6s und glamour\u00f6s beschrieben werden kann. Die wichtigste Farbe dieses St\u00fccks ist Blau. Die pr\u00e4chtigen Ornamente schm\u00fccken dieses St\u00fcck und machen es zu einem \u201cMust Have\u201d f\u00fcr alle, die opulentes Design lieben. Der antiken \u00dcberlieferung [&hellip;]<\/p>\n","protected":false},"featured_media":6353014,"template":"","meta":{"_acf_changed":false},"product_cat":[11671,12122,12103],"product_tag":[],"class_list":{"0":"post-50468","1":"product","2":"type-product","3":"status-publish","4":"has-post-thumbnail","6":"product_cat-tavola","7":"product_cat-teller-geschirr","8":"product_cat-tisch","10":"first","11":"outofstock","12":"taxable","13":"shipping-taxable","14":"purchasable","15":"product-type-simple","swatches":"rey-swatches","show_selected":"","stretch_labels":"rey-swatches--stretch-labels"},"acf":[],"yoast_head":"<!-- This site is optimized with the Yoast SEO plugin v25.4 - https:\/\/yoast.com\/wordpress\/plugins\/seo\/ -->\n<title>VERSACE HOME Brotteller 18 cm Medusa Blau - dev6 Erresse<\/title>\n<meta name=\"description\" content=\"Diese elegante Versace-Dekoration hei\u00dft Medusa Blue. Es wird aus feinstem Porzellan hergestellt und hat einen Stil, der am besten als luxuri\u00f6s und\" \/>\n<meta name=\"robots\" content=\"noindex, follow, max-snippet:-1, max-image-preview:large, max-video-preview:-1\" \/>\n<meta property=\"og:locale\" content=\"de_DE\" \/>\n<meta property=\"og:type\" content=\"article\" \/>\n<meta property=\"og:title\" content=\"VERSACE HOME Brotteller 18 cm Medusa Blau - dev6 Erresse\" \/>\n<meta property=\"og:description\" content=\"Diese elegante Versace-Dekoration hei\u00dft Medusa Blue. Es wird aus feinstem Porzellan hergestellt und hat einen Stil, der am besten als luxuri\u00f6s und\" \/>\n<meta property=\"og:url\" content=\"https:\/\/dev6.erresse-shop.it\/de\/shop\/tisch\/teller-geschirr\/versace-home-brotteller-18-cm-medusa-blau\/\" \/>\n<meta property=\"og:site_name\" content=\"dev6 Erresse\" \/>\n<meta property=\"og:image\" content=\"https:\/\/interpim.erresse-shop.it\/img-catalogo\/versace\/versace-home-piatto-18-cm-medusa-blu.jpg\" \/><meta property=\"og:image\" content=\"https:\/\/interpim.erresse-shop.it\/img-catalogo\/versace\/versace-home-piatto-18-cm-medusa-blu.jpg\" \/>\n\t<meta property=\"og:image:width\" content=\"1024\" \/>\n\t<meta property=\"og:image:height\" content=\"1024\" \/>\n\t<meta property=\"og:image:type\" content=\"image\/jpeg\" \/>\n<meta name=\"twitter:card\" content=\"summary_large_image\" \/>\n<meta name=\"twitter:image\" content=\"https:\/\/interpim.erresse-shop.it\/img-catalogo\/versace\/versace-home-piatto-18-cm-medusa-blu.jpg\" \/>\n<script type=\"application\/ld+json\" class=\"yoast-schema-graph\">{\"@context\":\"https:\/\/schema.org\",\"@graph\":[{\"@type\":\"WebPage\",\"@id\":\"https:\/\/dev6.erresse-shop.it\/de\/shop\/tisch\/teller-geschirr\/versace-home-brotteller-18-cm-medusa-blau\/\",\"url\":\"https:\/\/dev6.erresse-shop.it\/de\/shop\/tisch\/teller-geschirr\/versace-home-brotteller-18-cm-medusa-blau\/\",\"name\":\"VERSACE HOME Brotteller 18 cm Medusa Blau - dev6 Erresse\",\"isPartOf\":{\"@id\":\"https:\/\/dev6.erresse-shop.it\/#website\"},\"primaryImageOfPage\":{\"@id\":\"https:\/\/dev6.erresse-shop.it\/de\/shop\/tisch\/teller-geschirr\/versace-home-brotteller-18-cm-medusa-blau\/#primaryimage\"},\"image\":{\"@id\":\"https:\/\/dev6.erresse-shop.it\/de\/shop\/tisch\/teller-geschirr\/versace-home-brotteller-18-cm-medusa-blau\/#primaryimage\"},\"thumbnailUrl\":\"https:\/\/i0.wp.com\/interpim.erresse-shop.it\/img-catalogo\/versace\/versace-home-piatto-18-cm-medusa-blu.jpg?ssl=1\",\"datePublished\":\"2026-04-12T06:44:38+00:00\",\"description\":\"Diese elegante Versace-Dekoration hei\u00dft Medusa Blue. Es wird aus feinstem Porzellan hergestellt und hat einen Stil, der am besten als luxuri\u00f6s und\",\"breadcrumb\":{\"@id\":\"https:\/\/dev6.erresse-shop.it\/de\/shop\/tisch\/teller-geschirr\/versace-home-brotteller-18-cm-medusa-blau\/#breadcrumb\"},\"inLanguage\":\"de\",\"potentialAction\":[{\"@type\":\"ReadAction\",\"target\":[\"https:\/\/dev6.erresse-shop.it\/de\/shop\/tisch\/teller-geschirr\/versace-home-brotteller-18-cm-medusa-blau\/\"]}]},{\"@type\":\"ImageObject\",\"inLanguage\":\"de\",\"@id\":\"https:\/\/dev6.erresse-shop.it\/de\/shop\/tisch\/teller-geschirr\/versace-home-brotteller-18-cm-medusa-blau\/#primaryimage\",\"url\":\"https:\/\/i0.wp.com\/interpim.erresse-shop.it\/img-catalogo\/versace\/versace-home-piatto-18-cm-medusa-blu.jpg?ssl=1\",\"contentUrl\":\"https:\/\/i0.wp.com\/interpim.erresse-shop.it\/img-catalogo\/versace\/versace-home-piatto-18-cm-medusa-blu.jpg?ssl=1\"},{\"@type\":\"BreadcrumbList\",\"@id\":\"https:\/\/dev6.erresse-shop.it\/de\/shop\/tisch\/teller-geschirr\/versace-home-brotteller-18-cm-medusa-blau\/#breadcrumb\",\"itemListElement\":[{\"@type\":\"ListItem\",\"position\":1,\"name\":\"Home\",\"item\":\"https:\/\/dev6.erresse-shop.it\/\"},{\"@type\":\"ListItem\",\"position\":2,\"name\":\"Shop\",\"item\":\"https:\/\/dev6.erresse-shop.it\/shop\/\"},{\"@type\":\"ListItem\",\"position\":3,\"name\":\"VERSACE HOME Brotteller 18 cm Medusa Blau\"}]},{\"@type\":\"WebSite\",\"@id\":\"https:\/\/dev6.erresse-shop.it\/#website\",\"url\":\"https:\/\/dev6.erresse-shop.it\/\",\"name\":\"Erresse Shop\",\"description\":\"\",\"publisher\":{\"@id\":\"https:\/\/dev6.erresse-shop.it\/#organization\"},\"potentialAction\":[{\"@type\":\"SearchAction\",\"target\":{\"@type\":\"EntryPoint\",\"urlTemplate\":\"https:\/\/dev6.erresse-shop.it\/?s={search_term_string}\"},\"query-input\":{\"@type\":\"PropertyValueSpecification\",\"valueRequired\":true,\"valueName\":\"search_term_string\"}}],\"inLanguage\":\"de\"},{\"@type\":\"Organization\",\"@id\":\"https:\/\/dev6.erresse-shop.it\/#organization\",\"name\":\"Erresse Shop\",\"url\":\"https:\/\/dev6.erresse-shop.it\/\",\"logo\":{\"@type\":\"ImageObject\",\"inLanguage\":\"de\",\"@id\":\"https:\/\/dev6.erresse-shop.it\/#\/schema\/logo\/image\/\",\"url\":\"https:\/\/dev6.erresse-shop.it\/wp-content\/uploads\/2025\/01\/LOGO-ERRESSE-CLASSICO.svg\",\"contentUrl\":\"https:\/\/dev6.erresse-shop.it\/wp-content\/uploads\/2025\/01\/LOGO-ERRESSE-CLASSICO.svg\",\"caption\":\"Erresse Shop\"},\"image\":{\"@id\":\"https:\/\/dev6.erresse-shop.it\/#\/schema\/logo\/image\/\"}}]}<\/script>\n<!-- \/ Yoast SEO plugin. -->","yoast_head_json":{"title":"VERSACE HOME Brotteller 18 cm Medusa Blau - dev6 Erresse","description":"Diese elegante Versace-Dekoration hei\u00dft Medusa Blue. Es wird aus feinstem Porzellan hergestellt und hat einen Stil, der am besten als luxuri\u00f6s und","robots":{"index":"noindex","follow":"follow","max-snippet":"max-snippet:-1","max-image-preview":"max-image-preview:large","max-video-preview":"max-video-preview:-1"},"og_locale":"de_DE","og_type":"article","og_title":"VERSACE HOME Brotteller 18 cm Medusa Blau - dev6 Erresse","og_description":"Diese elegante Versace-Dekoration hei\u00dft Medusa Blue. Es wird aus feinstem Porzellan hergestellt und hat einen Stil, der am besten als luxuri\u00f6s und","og_url":"https:\/\/dev6.erresse-shop.it\/de\/shop\/tisch\/teller-geschirr\/versace-home-brotteller-18-cm-medusa-blau\/","og_site_name":"dev6 Erresse","og_image":[{"url":"https:\/\/interpim.erresse-shop.it\/img-catalogo\/versace\/versace-home-piatto-18-cm-medusa-blu.jpg","type":"","width":"","height":""},{"url":"https:\/\/interpim.erresse-shop.it\/img-catalogo\/versace\/versace-home-piatto-18-cm-medusa-blu.jpg","width":1024,"height":1024,"type":"image\/jpeg"}],"twitter_card":"summary_large_image","twitter_image":"https:\/\/interpim.erresse-shop.it\/img-catalogo\/versace\/versace-home-piatto-18-cm-medusa-blu.jpg","schema":{"@context":"https:\/\/schema.org","@graph":[{"@type":"WebPage","@id":"https:\/\/dev6.erresse-shop.it\/de\/shop\/tisch\/teller-geschirr\/versace-home-brotteller-18-cm-medusa-blau\/","url":"https:\/\/dev6.erresse-shop.it\/de\/shop\/tisch\/teller-geschirr\/versace-home-brotteller-18-cm-medusa-blau\/","name":"VERSACE HOME Brotteller 18 cm Medusa Blau - dev6 Erresse","isPartOf":{"@id":"https:\/\/dev6.erresse-shop.it\/#website"},"primaryImageOfPage":{"@id":"https:\/\/dev6.erresse-shop.it\/de\/shop\/tisch\/teller-geschirr\/versace-home-brotteller-18-cm-medusa-blau\/#primaryimage"},"image":{"@id":"https:\/\/dev6.erresse-shop.it\/de\/shop\/tisch\/teller-geschirr\/versace-home-brotteller-18-cm-medusa-blau\/#primaryimage"},"thumbnailUrl":"https:\/\/i0.wp.com\/interpim.erresse-shop.it\/img-catalogo\/versace\/versace-home-piatto-18-cm-medusa-blu.jpg?ssl=1","datePublished":"2026-04-12T06:44:38+00:00","description":"Diese elegante Versace-Dekoration hei\u00dft Medusa Blue. Es wird aus feinstem Porzellan hergestellt und hat einen Stil, der am besten als luxuri\u00f6s und","breadcrumb":{"@id":"https:\/\/dev6.erresse-shop.it\/de\/shop\/tisch\/teller-geschirr\/versace-home-brotteller-18-cm-medusa-blau\/#breadcrumb"},"inLanguage":"de","potentialAction":[{"@type":"ReadAction","target":["https:\/\/dev6.erresse-shop.it\/de\/shop\/tisch\/teller-geschirr\/versace-home-brotteller-18-cm-medusa-blau\/"]}]},{"@type":"ImageObject","inLanguage":"de","@id":"https:\/\/dev6.erresse-shop.it\/de\/shop\/tisch\/teller-geschirr\/versace-home-brotteller-18-cm-medusa-blau\/#primaryimage","url":"https:\/\/i0.wp.com\/interpim.erresse-shop.it\/img-catalogo\/versace\/versace-home-piatto-18-cm-medusa-blu.jpg?ssl=1","contentUrl":"https:\/\/i0.wp.com\/interpim.erresse-shop.it\/img-catalogo\/versace\/versace-home-piatto-18-cm-medusa-blu.jpg?ssl=1"},{"@type":"BreadcrumbList","@id":"https:\/\/dev6.erresse-shop.it\/de\/shop\/tisch\/teller-geschirr\/versace-home-brotteller-18-cm-medusa-blau\/#breadcrumb","itemListElement":[{"@type":"ListItem","position":1,"name":"Home","item":"https:\/\/dev6.erresse-shop.it\/"},{"@type":"ListItem","position":2,"name":"Shop","item":"https:\/\/dev6.erresse-shop.it\/shop\/"},{"@type":"ListItem","position":3,"name":"VERSACE HOME Brotteller 18 cm Medusa Blau"}]},{"@type":"WebSite","@id":"https:\/\/dev6.erresse-shop.it\/#website","url":"https:\/\/dev6.erresse-shop.it\/","name":"Erresse Shop","description":"","publisher":{"@id":"https:\/\/dev6.erresse-shop.it\/#organization"},"potentialAction":[{"@type":"SearchAction","target":{"@type":"EntryPoint","urlTemplate":"https:\/\/dev6.erresse-shop.it\/?s={search_term_string}"},"query-input":{"@type":"PropertyValueSpecification","valueRequired":true,"valueName":"search_term_string"}}],"inLanguage":"de"},{"@type":"Organization","@id":"https:\/\/dev6.erresse-shop.it\/#organization","name":"Erresse Shop","url":"https:\/\/dev6.erresse-shop.it\/","logo":{"@type":"ImageObject","inLanguage":"de","@id":"https:\/\/dev6.erresse-shop.it\/#\/schema\/logo\/image\/","url":"https:\/\/dev6.erresse-shop.it\/wp-content\/uploads\/2025\/01\/LOGO-ERRESSE-CLASSICO.svg","contentUrl":"https:\/\/dev6.erresse-shop.it\/wp-content\/uploads\/2025\/01\/LOGO-ERRESSE-CLASSICO.svg","caption":"Erresse Shop"},"image":{"@id":"https:\/\/dev6.erresse-shop.it\/#\/schema\/logo\/image\/"}}]}},"df_price":75,"df_sale_price":"","df_regular_price":75,"df_image_link":"https:\/\/i0.wp.com\/interpim.erresse-shop.it\/img-catalogo\/versace\/versace-home-piatto-18-cm-medusa-blu.jpg?resize=300,300&ssl=1","fifu_image_url":"https:\/\/interpim.erresse-shop.it\/img-catalogo\/versace\/versace-home-piatto-18-cm-medusa-blu.jpg","_links":{"self":[{"href":"https:\/\/dev6.erresse-shop.it\/de\/wp-json\/wp\/v2\/product\/50468","targetHints":{"allow":["GET"]}}],"collection":[{"href":"https:\/\/dev6.erresse-shop.it\/de\/wp-json\/wp\/v2\/product"}],"about":[{"href":"https:\/\/dev6.erresse-shop.it\/de\/wp-json\/wp\/v2\/types\/product"}],"wp:featuredmedia":[{"embeddable":true,"href":"https:\/\/dev6.erresse-shop.it\/de\/wp-json\/wp\/v2\/media\/6353014"}],"wp:attachment":[{"href":"https:\/\/dev6.erresse-shop.it\/de\/wp-json\/wp\/v2\/media?parent=50468"}],"wp:term":[{"taxonomy":"product_cat","embeddable":true,"href":"https:\/\/dev6.erresse-shop.it\/de\/wp-json\/wp\/v2\/product_cat?post=50468"},{"taxonomy":"product_tag","embeddable":true,"href":"https:\/\/dev6.erresse-shop.it\/de\/wp-json\/wp\/v2\/product_tag?post=50468"}],"curies":[{"name":"wp","href":"https:\/\/api.w.org\/{rel}","templated":true}]}}