{"id":50460,"date":"2026-04-12T08:44:38","date_gmt":"2026-04-12T06:44:38","guid":{"rendered":"https:\/\/dev6.erresse-shop.it\/shop\/unkategorisiert\/ooni-koda-16-tragbare-gasoefen-fuer-pizza\/"},"modified":"2025-07-19T03:43:24","modified_gmt":"2025-07-19T01:43:24","slug":"ooni-koda-16-tragbare-gasoefen-fuer-pizza","status":"publish","type":"product","link":"https:\/\/dev6.erresse-shop.it\/de\/shop\/kleine-elektrogeraete\/oefen\/ooni-koda-16-tragbare-gasoefen-fuer-pizza\/","title":{"rendered":"OONI Koda 16 Tragbare Gas\u00f6fen f\u00fcr Pizza"},"content":{"rendered":"<p>WAS MACHT DEN OONI KODA 16 BACKOFEN SO BESONDERS?<br \/>\nMit dem Ooni Koda 16, unserem gasbetriebenen Pizzaofen f\u00fcr den Au\u00dfenbereich, der k\u00f6stliche Pizzen mit einem Durchmesser von 40 cm sowie Steaks, Fisch und Gem\u00fcse in der Flamme auf Stein zubereitet, haben Sie die Kontrolle \u00fcber Ihr Kocherlebnis im Freien.<\/p>\n<p>Der Ooni Koda 16 verbindet aufsehenerregendes Design mit dem Komfort des Gaskochens und verf\u00fcgt \u00fcber eine gro\u00dfe \u00d6ffnung, einen gro\u00dfen Cordierit-Feuerstein und eine innovative L-f\u00f6rmige Flamme. Schalten Sie auf sofortige Gasz\u00fcndung um und Sie sind in 20 Minuten kochbereit. Wie alle Ooni-Pizza\u00f6fen erreicht auch der Ooni Koda 16 500 \u00b0C \u2013 die h\u00f6llische Hitze, die n\u00f6tig ist, um eine k\u00f6stliche Pizza in 60 Sekunden auf dem Stein zu backen.<\/p>\n","protected":false},"excerpt":{"rendered":"<p>WAS MACHT DEN OONI KODA 16 BACKOFEN SO BESONDERS? Mit dem Ooni Koda 16, unserem gasbetriebenen Pizzaofen f\u00fcr den Au\u00dfenbereich, der k\u00f6stliche Pizzen mit einem Durchmesser von 40 cm sowie Steaks, Fisch und Gem\u00fcse in der Flamme auf Stein zubereitet, haben Sie die Kontrolle \u00fcber Ihr Kocherlebnis im Freien. Der Ooni Koda 16 verbindet aufsehenerregendes [&hellip;]<\/p>\n","protected":false},"featured_media":6352966,"template":"","meta":{"_acf_changed":false},"product_cat":[12163,12193],"product_tag":[],"class_list":{"0":"post-50460","1":"product","2":"type-product","3":"status-publish","4":"has-post-thumbnail","6":"product_cat-kleine-elektrogeraete","7":"product_cat-oefen","9":"first","10":"instock","11":"sale","12":"taxable","13":"shipping-taxable","14":"purchasable","15":"product-type-simple","swatches":"rey-swatches","show_selected":"","stretch_labels":"rey-swatches--stretch-labels"},"acf":[],"yoast_head":"<!-- This site is optimized with the Yoast SEO plugin v25.4 - https:\/\/yoast.com\/wordpress\/plugins\/seo\/ -->\n<title>OONI Koda 16 Tragbare Gas\u00f6fen f\u00fcr Pizza - dev6 Erresse<\/title>\n<meta name=\"description\" content=\"WAS MACHT DEN OONI KODA 16 BACKOFEN SO BESONDERS? Mit dem Ooni Koda 16, unserem gasbetriebenen Pizzaofen f\u00fcr den Au\u00dfenbereich, der k\u00f6stliche Pizzen mit\" \/>\n<meta name=\"robots\" content=\"noindex, follow, max-snippet:-1, max-image-preview:large, max-video-preview:-1\" \/>\n<meta property=\"og:locale\" content=\"de_DE\" \/>\n<meta property=\"og:type\" content=\"article\" \/>\n<meta property=\"og:title\" content=\"OONI Koda 16 Tragbare Gas\u00f6fen f\u00fcr Pizza - dev6 Erresse\" \/>\n<meta property=\"og:description\" content=\"WAS MACHT DEN OONI KODA 16 BACKOFEN SO BESONDERS? Mit dem Ooni Koda 16, unserem gasbetriebenen Pizzaofen f\u00fcr den Au\u00dfenbereich, der k\u00f6stliche Pizzen mit\" \/>\n<meta property=\"og:url\" content=\"https:\/\/dev6.erresse-shop.it\/de\/shop\/kleine-elektrogeraete\/oefen\/ooni-koda-16-tragbare-gasoefen-fuer-pizza\/\" \/>\n<meta property=\"og:site_name\" content=\"dev6 Erresse\" \/>\n<meta property=\"og:image\" content=\"https:\/\/interpim.erresse-shop.it\/img-catalogo\/ooni\/ooni-forno-portatile-a-gas-koda-16.jpg\" \/><meta property=\"og:image\" content=\"https:\/\/interpim.erresse-shop.it\/img-catalogo\/ooni\/ooni-forno-portatile-a-gas-koda-16.jpg\" \/>\n\t<meta property=\"og:image:width\" content=\"1024\" \/>\n\t<meta property=\"og:image:height\" content=\"1024\" \/>\n\t<meta property=\"og:image:type\" content=\"image\/jpeg\" \/>\n<meta name=\"twitter:card\" content=\"summary_large_image\" \/>\n<meta name=\"twitter:image\" content=\"https:\/\/interpim.erresse-shop.it\/img-catalogo\/ooni\/ooni-forno-portatile-a-gas-koda-16.jpg\" \/>\n<script type=\"application\/ld+json\" class=\"yoast-schema-graph\">{\"@context\":\"https:\/\/schema.org\",\"@graph\":[{\"@type\":\"WebPage\",\"@id\":\"https:\/\/dev6.erresse-shop.it\/de\/shop\/kleine-elektrogeraete\/oefen\/ooni-koda-16-tragbare-gasoefen-fuer-pizza\/\",\"url\":\"https:\/\/dev6.erresse-shop.it\/de\/shop\/kleine-elektrogeraete\/oefen\/ooni-koda-16-tragbare-gasoefen-fuer-pizza\/\",\"name\":\"OONI Koda 16 Tragbare Gas\u00f6fen f\u00fcr Pizza - dev6 Erresse\",\"isPartOf\":{\"@id\":\"https:\/\/dev6.erresse-shop.it\/#website\"},\"primaryImageOfPage\":{\"@id\":\"https:\/\/dev6.erresse-shop.it\/de\/shop\/kleine-elektrogeraete\/oefen\/ooni-koda-16-tragbare-gasoefen-fuer-pizza\/#primaryimage\"},\"image\":{\"@id\":\"https:\/\/dev6.erresse-shop.it\/de\/shop\/kleine-elektrogeraete\/oefen\/ooni-koda-16-tragbare-gasoefen-fuer-pizza\/#primaryimage\"},\"thumbnailUrl\":\"https:\/\/i1.wp.com\/interpim.erresse-shop.it\/img-catalogo\/ooni\/ooni-forno-portatile-a-gas-koda-16.jpg?ssl=1\",\"datePublished\":\"2026-04-12T06:44:38+00:00\",\"description\":\"WAS MACHT DEN OONI KODA 16 BACKOFEN SO BESONDERS? Mit dem Ooni Koda 16, unserem gasbetriebenen Pizzaofen f\u00fcr den Au\u00dfenbereich, der k\u00f6stliche Pizzen mit\",\"breadcrumb\":{\"@id\":\"https:\/\/dev6.erresse-shop.it\/de\/shop\/kleine-elektrogeraete\/oefen\/ooni-koda-16-tragbare-gasoefen-fuer-pizza\/#breadcrumb\"},\"inLanguage\":\"de\",\"potentialAction\":[{\"@type\":\"ReadAction\",\"target\":[\"https:\/\/dev6.erresse-shop.it\/de\/shop\/kleine-elektrogeraete\/oefen\/ooni-koda-16-tragbare-gasoefen-fuer-pizza\/\"]}]},{\"@type\":\"ImageObject\",\"inLanguage\":\"de\",\"@id\":\"https:\/\/dev6.erresse-shop.it\/de\/shop\/kleine-elektrogeraete\/oefen\/ooni-koda-16-tragbare-gasoefen-fuer-pizza\/#primaryimage\",\"url\":\"https:\/\/i1.wp.com\/interpim.erresse-shop.it\/img-catalogo\/ooni\/ooni-forno-portatile-a-gas-koda-16.jpg?ssl=1\",\"contentUrl\":\"https:\/\/i1.wp.com\/interpim.erresse-shop.it\/img-catalogo\/ooni\/ooni-forno-portatile-a-gas-koda-16.jpg?ssl=1\"},{\"@type\":\"BreadcrumbList\",\"@id\":\"https:\/\/dev6.erresse-shop.it\/de\/shop\/kleine-elektrogeraete\/oefen\/ooni-koda-16-tragbare-gasoefen-fuer-pizza\/#breadcrumb\",\"itemListElement\":[{\"@type\":\"ListItem\",\"position\":1,\"name\":\"Home\",\"item\":\"https:\/\/dev6.erresse-shop.it\/\"},{\"@type\":\"ListItem\",\"position\":2,\"name\":\"Shop\",\"item\":\"https:\/\/dev6.erresse-shop.it\/shop\/\"},{\"@type\":\"ListItem\",\"position\":3,\"name\":\"OONI Koda 16 Tragbare Gas\u00f6fen f\u00fcr Pizza\"}]},{\"@type\":\"WebSite\",\"@id\":\"https:\/\/dev6.erresse-shop.it\/#website\",\"url\":\"https:\/\/dev6.erresse-shop.it\/\",\"name\":\"Erresse Shop\",\"description\":\"\",\"publisher\":{\"@id\":\"https:\/\/dev6.erresse-shop.it\/#organization\"},\"potentialAction\":[{\"@type\":\"SearchAction\",\"target\":{\"@type\":\"EntryPoint\",\"urlTemplate\":\"https:\/\/dev6.erresse-shop.it\/?s={search_term_string}\"},\"query-input\":{\"@type\":\"PropertyValueSpecification\",\"valueRequired\":true,\"valueName\":\"search_term_string\"}}],\"inLanguage\":\"de\"},{\"@type\":\"Organization\",\"@id\":\"https:\/\/dev6.erresse-shop.it\/#organization\",\"name\":\"Erresse Shop\",\"url\":\"https:\/\/dev6.erresse-shop.it\/\",\"logo\":{\"@type\":\"ImageObject\",\"inLanguage\":\"de\",\"@id\":\"https:\/\/dev6.erresse-shop.it\/#\/schema\/logo\/image\/\",\"url\":\"https:\/\/dev6.erresse-shop.it\/wp-content\/uploads\/2025\/01\/LOGO-ERRESSE-CLASSICO.svg\",\"contentUrl\":\"https:\/\/dev6.erresse-shop.it\/wp-content\/uploads\/2025\/01\/LOGO-ERRESSE-CLASSICO.svg\",\"caption\":\"Erresse Shop\"},\"image\":{\"@id\":\"https:\/\/dev6.erresse-shop.it\/#\/schema\/logo\/image\/\"}}]}<\/script>\n<!-- \/ Yoast SEO plugin. -->","yoast_head_json":{"title":"OONI Koda 16 Tragbare Gas\u00f6fen f\u00fcr Pizza - dev6 Erresse","description":"WAS MACHT DEN OONI KODA 16 BACKOFEN SO BESONDERS? Mit dem Ooni Koda 16, unserem gasbetriebenen Pizzaofen f\u00fcr den Au\u00dfenbereich, der k\u00f6stliche Pizzen mit","robots":{"index":"noindex","follow":"follow","max-snippet":"max-snippet:-1","max-image-preview":"max-image-preview:large","max-video-preview":"max-video-preview:-1"},"og_locale":"de_DE","og_type":"article","og_title":"OONI Koda 16 Tragbare Gas\u00f6fen f\u00fcr Pizza - dev6 Erresse","og_description":"WAS MACHT DEN OONI KODA 16 BACKOFEN SO BESONDERS? Mit dem Ooni Koda 16, unserem gasbetriebenen Pizzaofen f\u00fcr den Au\u00dfenbereich, der k\u00f6stliche Pizzen mit","og_url":"https:\/\/dev6.erresse-shop.it\/de\/shop\/kleine-elektrogeraete\/oefen\/ooni-koda-16-tragbare-gasoefen-fuer-pizza\/","og_site_name":"dev6 Erresse","og_image":[{"url":"https:\/\/interpim.erresse-shop.it\/img-catalogo\/ooni\/ooni-forno-portatile-a-gas-koda-16.jpg","type":"","width":"","height":""},{"url":"https:\/\/interpim.erresse-shop.it\/img-catalogo\/ooni\/ooni-forno-portatile-a-gas-koda-16.jpg","width":1024,"height":1024,"type":"image\/jpeg"}],"twitter_card":"summary_large_image","twitter_image":"https:\/\/interpim.erresse-shop.it\/img-catalogo\/ooni\/ooni-forno-portatile-a-gas-koda-16.jpg","schema":{"@context":"https:\/\/schema.org","@graph":[{"@type":"WebPage","@id":"https:\/\/dev6.erresse-shop.it\/de\/shop\/kleine-elektrogeraete\/oefen\/ooni-koda-16-tragbare-gasoefen-fuer-pizza\/","url":"https:\/\/dev6.erresse-shop.it\/de\/shop\/kleine-elektrogeraete\/oefen\/ooni-koda-16-tragbare-gasoefen-fuer-pizza\/","name":"OONI Koda 16 Tragbare Gas\u00f6fen f\u00fcr Pizza - dev6 Erresse","isPartOf":{"@id":"https:\/\/dev6.erresse-shop.it\/#website"},"primaryImageOfPage":{"@id":"https:\/\/dev6.erresse-shop.it\/de\/shop\/kleine-elektrogeraete\/oefen\/ooni-koda-16-tragbare-gasoefen-fuer-pizza\/#primaryimage"},"image":{"@id":"https:\/\/dev6.erresse-shop.it\/de\/shop\/kleine-elektrogeraete\/oefen\/ooni-koda-16-tragbare-gasoefen-fuer-pizza\/#primaryimage"},"thumbnailUrl":"https:\/\/i1.wp.com\/interpim.erresse-shop.it\/img-catalogo\/ooni\/ooni-forno-portatile-a-gas-koda-16.jpg?ssl=1","datePublished":"2026-04-12T06:44:38+00:00","description":"WAS MACHT DEN OONI KODA 16 BACKOFEN SO BESONDERS? Mit dem Ooni Koda 16, unserem gasbetriebenen Pizzaofen f\u00fcr den Au\u00dfenbereich, der k\u00f6stliche Pizzen mit","breadcrumb":{"@id":"https:\/\/dev6.erresse-shop.it\/de\/shop\/kleine-elektrogeraete\/oefen\/ooni-koda-16-tragbare-gasoefen-fuer-pizza\/#breadcrumb"},"inLanguage":"de","potentialAction":[{"@type":"ReadAction","target":["https:\/\/dev6.erresse-shop.it\/de\/shop\/kleine-elektrogeraete\/oefen\/ooni-koda-16-tragbare-gasoefen-fuer-pizza\/"]}]},{"@type":"ImageObject","inLanguage":"de","@id":"https:\/\/dev6.erresse-shop.it\/de\/shop\/kleine-elektrogeraete\/oefen\/ooni-koda-16-tragbare-gasoefen-fuer-pizza\/#primaryimage","url":"https:\/\/i1.wp.com\/interpim.erresse-shop.it\/img-catalogo\/ooni\/ooni-forno-portatile-a-gas-koda-16.jpg?ssl=1","contentUrl":"https:\/\/i1.wp.com\/interpim.erresse-shop.it\/img-catalogo\/ooni\/ooni-forno-portatile-a-gas-koda-16.jpg?ssl=1"},{"@type":"BreadcrumbList","@id":"https:\/\/dev6.erresse-shop.it\/de\/shop\/kleine-elektrogeraete\/oefen\/ooni-koda-16-tragbare-gasoefen-fuer-pizza\/#breadcrumb","itemListElement":[{"@type":"ListItem","position":1,"name":"Home","item":"https:\/\/dev6.erresse-shop.it\/"},{"@type":"ListItem","position":2,"name":"Shop","item":"https:\/\/dev6.erresse-shop.it\/shop\/"},{"@type":"ListItem","position":3,"name":"OONI Koda 16 Tragbare Gas\u00f6fen f\u00fcr Pizza"}]},{"@type":"WebSite","@id":"https:\/\/dev6.erresse-shop.it\/#website","url":"https:\/\/dev6.erresse-shop.it\/","name":"Erresse Shop","description":"","publisher":{"@id":"https:\/\/dev6.erresse-shop.it\/#organization"},"potentialAction":[{"@type":"SearchAction","target":{"@type":"EntryPoint","urlTemplate":"https:\/\/dev6.erresse-shop.it\/?s={search_term_string}"},"query-input":{"@type":"PropertyValueSpecification","valueRequired":true,"valueName":"search_term_string"}}],"inLanguage":"de"},{"@type":"Organization","@id":"https:\/\/dev6.erresse-shop.it\/#organization","name":"Erresse Shop","url":"https:\/\/dev6.erresse-shop.it\/","logo":{"@type":"ImageObject","inLanguage":"de","@id":"https:\/\/dev6.erresse-shop.it\/#\/schema\/logo\/image\/","url":"https:\/\/dev6.erresse-shop.it\/wp-content\/uploads\/2025\/01\/LOGO-ERRESSE-CLASSICO.svg","contentUrl":"https:\/\/dev6.erresse-shop.it\/wp-content\/uploads\/2025\/01\/LOGO-ERRESSE-CLASSICO.svg","caption":"Erresse Shop"},"image":{"@id":"https:\/\/dev6.erresse-shop.it\/#\/schema\/logo\/image\/"}}]}},"df_price":519.95,"df_sale_price":519.95,"df_regular_price":599,"df_image_link":"https:\/\/i1.wp.com\/interpim.erresse-shop.it\/img-catalogo\/ooni\/ooni-forno-portatile-a-gas-koda-16.jpg?resize=300,300&ssl=1","fifu_image_url":"https:\/\/interpim.erresse-shop.it\/img-catalogo\/ooni\/ooni-forno-portatile-a-gas-koda-16.jpg","_links":{"self":[{"href":"https:\/\/dev6.erresse-shop.it\/de\/wp-json\/wp\/v2\/product\/50460","targetHints":{"allow":["GET"]}}],"collection":[{"href":"https:\/\/dev6.erresse-shop.it\/de\/wp-json\/wp\/v2\/product"}],"about":[{"href":"https:\/\/dev6.erresse-shop.it\/de\/wp-json\/wp\/v2\/types\/product"}],"wp:featuredmedia":[{"embeddable":true,"href":"https:\/\/dev6.erresse-shop.it\/de\/wp-json\/wp\/v2\/media\/6352966"}],"wp:attachment":[{"href":"https:\/\/dev6.erresse-shop.it\/de\/wp-json\/wp\/v2\/media?parent=50460"}],"wp:term":[{"taxonomy":"product_cat","embeddable":true,"href":"https:\/\/dev6.erresse-shop.it\/de\/wp-json\/wp\/v2\/product_cat?post=50460"},{"taxonomy":"product_tag","embeddable":true,"href":"https:\/\/dev6.erresse-shop.it\/de\/wp-json\/wp\/v2\/product_tag?post=50460"}],"curies":[{"name":"wp","href":"https:\/\/api.w.org\/{rel}","templated":true}]}}