{"id":50396,"date":"2026-04-12T08:43:39","date_gmt":"2026-04-12T06:43:39","guid":{"rendered":"https:\/\/dev6.erresse-shop.it\/shop\/unkategorisiert\/illy-6-packungen-mit-18-kapseln-iperespresso-klassischer-geschmack\/"},"modified":"2025-09-14T00:43:23","modified_gmt":"2025-09-13T22:43:23","slug":"illy-6-packungen-mit-18-kapseln-iperespresso-klassischer-geschmack","status":"publish","type":"product","link":"https:\/\/dev6.erresse-shop.it\/de\/shop\/kaffe\/kaffeepads-und-kapseln\/illy-6-packungen-mit-18-kapseln-iperespresso-klassischer-geschmack\/","title":{"rendered":"ILLY 6 Packungen mit 18 Kapseln IperEspresso Klassischer Geschmack"},"content":{"rendered":"<p>Verpackung mit 18 Kapseln, insgesamt 108 Kapseln (6 Verpackungen).<\/p>\n<p>AROMATISCHE ANMERKUNGEN<br \/>\nDie CLASSICO Geschmacksnuance der einzigartigen illy-Mischung aus 100% Arabica dr\u00fcckt eine s\u00fc\u00dfe und blumige Note aus, die sich mit Ankl\u00e4ngen von ger\u00f6stetem Brot, Karamell und Schokolade verbindet. F\u00fcr diejenigen, die eine Tasse Kaffee mit einem weichen und samtigen Geschmack bevorzugen.<\/p>\n","protected":false},"excerpt":{"rendered":"<p>Verpackung mit 18 Kapseln, insgesamt 108 Kapseln (6 Verpackungen). AROMATISCHE ANMERKUNGEN Die CLASSICO Geschmacksnuance der einzigartigen illy-Mischung aus 100% Arabica dr\u00fcckt eine s\u00fc\u00dfe und blumige Note aus, die sich mit Ankl\u00e4ngen von ger\u00f6stetem Brot, Karamell und Schokolade verbindet. F\u00fcr diejenigen, die eine Tasse Kaffee mit einem weichen und samtigen Geschmack bevorzugen.<\/p>\n","protected":false},"featured_media":6352748,"template":"","meta":{"_acf_changed":false},"product_cat":[12147],"product_tag":[],"class_list":{"0":"post-50396","1":"product","2":"type-product","3":"status-publish","4":"has-post-thumbnail","6":"product_cat-kaffeepads-und-kapseln","8":"first","9":"outofstock","10":"taxable","11":"shipping-taxable","12":"purchasable","13":"product-type-simple","swatches":"rey-swatches","show_selected":"","stretch_labels":"rey-swatches--stretch-labels"},"acf":[],"yoast_head":"<!-- This site is optimized with the Yoast SEO plugin v25.4 - https:\/\/yoast.com\/wordpress\/plugins\/seo\/ -->\n<title>ILLY 6 Packungen mit 18 Kapseln IperEspresso Klassischer Geschmack - dev6 Erresse<\/title>\n<meta name=\"description\" content=\"Verpackung mit 18 Kapseln, insgesamt 108 Kapseln (6 Verpackungen). AROMATISCHE ANMERKUNGEN Die CLASSICO Geschmacksnuance der einzigartigen illy-Mischung\" \/>\n<meta name=\"robots\" content=\"noindex, follow, max-snippet:-1, max-image-preview:large, max-video-preview:-1\" \/>\n<meta property=\"og:locale\" content=\"de_DE\" \/>\n<meta property=\"og:type\" content=\"article\" \/>\n<meta property=\"og:title\" content=\"ILLY 6 Packungen mit 18 Kapseln IperEspresso Klassischer Geschmack - dev6 Erresse\" \/>\n<meta property=\"og:description\" content=\"Verpackung mit 18 Kapseln, insgesamt 108 Kapseln (6 Verpackungen). AROMATISCHE ANMERKUNGEN Die CLASSICO Geschmacksnuance der einzigartigen illy-Mischung\" \/>\n<meta property=\"og:url\" content=\"https:\/\/dev6.erresse-shop.it\/de\/shop\/kaffe\/kaffeepads-und-kapseln\/illy-6-packungen-mit-18-kapseln-iperespresso-klassischer-geschmack\/\" \/>\n<meta property=\"og:site_name\" content=\"dev6 Erresse\" \/>\n<meta property=\"og:image\" content=\"https:\/\/interpim.erresse-shop.it\/Import\/Prodotti\/illy-caffe-cialde-classico.jpg\" \/><meta property=\"og:image\" content=\"https:\/\/interpim.erresse-shop.it\/Import\/Prodotti\/illy-caffe-cialde-classico.jpg\" \/>\n\t<meta property=\"og:image:width\" content=\"1024\" \/>\n\t<meta property=\"og:image:height\" content=\"1024\" \/>\n\t<meta property=\"og:image:type\" content=\"image\/jpeg\" \/>\n<meta name=\"twitter:card\" content=\"summary_large_image\" \/>\n<meta name=\"twitter:image\" content=\"https:\/\/interpim.erresse-shop.it\/Import\/Prodotti\/illy-caffe-cialde-classico.jpg\" \/>\n<script type=\"application\/ld+json\" class=\"yoast-schema-graph\">{\"@context\":\"https:\/\/schema.org\",\"@graph\":[{\"@type\":\"WebPage\",\"@id\":\"https:\/\/dev6.erresse-shop.it\/de\/shop\/kaffe\/kaffeepads-und-kapseln\/illy-6-packungen-mit-18-kapseln-iperespresso-klassischer-geschmack\/\",\"url\":\"https:\/\/dev6.erresse-shop.it\/de\/shop\/kaffe\/kaffeepads-und-kapseln\/illy-6-packungen-mit-18-kapseln-iperespresso-klassischer-geschmack\/\",\"name\":\"ILLY 6 Packungen mit 18 Kapseln IperEspresso Klassischer Geschmack - dev6 Erresse\",\"isPartOf\":{\"@id\":\"https:\/\/dev6.erresse-shop.it\/#website\"},\"primaryImageOfPage\":{\"@id\":\"https:\/\/dev6.erresse-shop.it\/de\/shop\/kaffe\/kaffeepads-und-kapseln\/illy-6-packungen-mit-18-kapseln-iperespresso-klassischer-geschmack\/#primaryimage\"},\"image\":{\"@id\":\"https:\/\/dev6.erresse-shop.it\/de\/shop\/kaffe\/kaffeepads-und-kapseln\/illy-6-packungen-mit-18-kapseln-iperespresso-klassischer-geschmack\/#primaryimage\"},\"thumbnailUrl\":\"https:\/\/i0.wp.com\/interpim.erresse-shop.it\/Import\/Prodotti\/illy-caffe-cialde-classico.jpg?ssl=1\",\"datePublished\":\"2026-04-12T06:43:39+00:00\",\"description\":\"Verpackung mit 18 Kapseln, insgesamt 108 Kapseln (6 Verpackungen). AROMATISCHE ANMERKUNGEN Die CLASSICO Geschmacksnuance der einzigartigen illy-Mischung\",\"breadcrumb\":{\"@id\":\"https:\/\/dev6.erresse-shop.it\/de\/shop\/kaffe\/kaffeepads-und-kapseln\/illy-6-packungen-mit-18-kapseln-iperespresso-klassischer-geschmack\/#breadcrumb\"},\"inLanguage\":\"de\",\"potentialAction\":[{\"@type\":\"ReadAction\",\"target\":[\"https:\/\/dev6.erresse-shop.it\/de\/shop\/kaffe\/kaffeepads-und-kapseln\/illy-6-packungen-mit-18-kapseln-iperespresso-klassischer-geschmack\/\"]}]},{\"@type\":\"ImageObject\",\"inLanguage\":\"de\",\"@id\":\"https:\/\/dev6.erresse-shop.it\/de\/shop\/kaffe\/kaffeepads-und-kapseln\/illy-6-packungen-mit-18-kapseln-iperespresso-klassischer-geschmack\/#primaryimage\",\"url\":\"https:\/\/i0.wp.com\/interpim.erresse-shop.it\/Import\/Prodotti\/illy-caffe-cialde-classico.jpg?ssl=1\",\"contentUrl\":\"https:\/\/i0.wp.com\/interpim.erresse-shop.it\/Import\/Prodotti\/illy-caffe-cialde-classico.jpg?ssl=1\"},{\"@type\":\"BreadcrumbList\",\"@id\":\"https:\/\/dev6.erresse-shop.it\/de\/shop\/kaffe\/kaffeepads-und-kapseln\/illy-6-packungen-mit-18-kapseln-iperespresso-klassischer-geschmack\/#breadcrumb\",\"itemListElement\":[{\"@type\":\"ListItem\",\"position\":1,\"name\":\"Home\",\"item\":\"https:\/\/dev6.erresse-shop.it\/\"},{\"@type\":\"ListItem\",\"position\":2,\"name\":\"Shop\",\"item\":\"https:\/\/dev6.erresse-shop.it\/shop\/\"},{\"@type\":\"ListItem\",\"position\":3,\"name\":\"ILLY 6 Packungen mit 18 Kapseln IperEspresso Klassischer Geschmack\"}]},{\"@type\":\"WebSite\",\"@id\":\"https:\/\/dev6.erresse-shop.it\/#website\",\"url\":\"https:\/\/dev6.erresse-shop.it\/\",\"name\":\"Erresse Shop\",\"description\":\"\",\"publisher\":{\"@id\":\"https:\/\/dev6.erresse-shop.it\/#organization\"},\"potentialAction\":[{\"@type\":\"SearchAction\",\"target\":{\"@type\":\"EntryPoint\",\"urlTemplate\":\"https:\/\/dev6.erresse-shop.it\/?s={search_term_string}\"},\"query-input\":{\"@type\":\"PropertyValueSpecification\",\"valueRequired\":true,\"valueName\":\"search_term_string\"}}],\"inLanguage\":\"de\"},{\"@type\":\"Organization\",\"@id\":\"https:\/\/dev6.erresse-shop.it\/#organization\",\"name\":\"Erresse Shop\",\"url\":\"https:\/\/dev6.erresse-shop.it\/\",\"logo\":{\"@type\":\"ImageObject\",\"inLanguage\":\"de\",\"@id\":\"https:\/\/dev6.erresse-shop.it\/#\/schema\/logo\/image\/\",\"url\":\"https:\/\/dev6.erresse-shop.it\/wp-content\/uploads\/2025\/01\/LOGO-ERRESSE-CLASSICO.svg\",\"contentUrl\":\"https:\/\/dev6.erresse-shop.it\/wp-content\/uploads\/2025\/01\/LOGO-ERRESSE-CLASSICO.svg\",\"caption\":\"Erresse Shop\"},\"image\":{\"@id\":\"https:\/\/dev6.erresse-shop.it\/#\/schema\/logo\/image\/\"}}]}<\/script>\n<!-- \/ Yoast SEO plugin. -->","yoast_head_json":{"title":"ILLY 6 Packungen mit 18 Kapseln IperEspresso Klassischer Geschmack - dev6 Erresse","description":"Verpackung mit 18 Kapseln, insgesamt 108 Kapseln (6 Verpackungen). AROMATISCHE ANMERKUNGEN Die CLASSICO Geschmacksnuance der einzigartigen illy-Mischung","robots":{"index":"noindex","follow":"follow","max-snippet":"max-snippet:-1","max-image-preview":"max-image-preview:large","max-video-preview":"max-video-preview:-1"},"og_locale":"de_DE","og_type":"article","og_title":"ILLY 6 Packungen mit 18 Kapseln IperEspresso Klassischer Geschmack - dev6 Erresse","og_description":"Verpackung mit 18 Kapseln, insgesamt 108 Kapseln (6 Verpackungen). AROMATISCHE ANMERKUNGEN Die CLASSICO Geschmacksnuance der einzigartigen illy-Mischung","og_url":"https:\/\/dev6.erresse-shop.it\/de\/shop\/kaffe\/kaffeepads-und-kapseln\/illy-6-packungen-mit-18-kapseln-iperespresso-klassischer-geschmack\/","og_site_name":"dev6 Erresse","og_image":[{"url":"https:\/\/interpim.erresse-shop.it\/Import\/Prodotti\/illy-caffe-cialde-classico.jpg","type":"","width":"","height":""},{"url":"https:\/\/interpim.erresse-shop.it\/Import\/Prodotti\/illy-caffe-cialde-classico.jpg","width":1024,"height":1024,"type":"image\/jpeg"}],"twitter_card":"summary_large_image","twitter_image":"https:\/\/interpim.erresse-shop.it\/Import\/Prodotti\/illy-caffe-cialde-classico.jpg","schema":{"@context":"https:\/\/schema.org","@graph":[{"@type":"WebPage","@id":"https:\/\/dev6.erresse-shop.it\/de\/shop\/kaffe\/kaffeepads-und-kapseln\/illy-6-packungen-mit-18-kapseln-iperespresso-klassischer-geschmack\/","url":"https:\/\/dev6.erresse-shop.it\/de\/shop\/kaffe\/kaffeepads-und-kapseln\/illy-6-packungen-mit-18-kapseln-iperespresso-klassischer-geschmack\/","name":"ILLY 6 Packungen mit 18 Kapseln IperEspresso Klassischer Geschmack - dev6 Erresse","isPartOf":{"@id":"https:\/\/dev6.erresse-shop.it\/#website"},"primaryImageOfPage":{"@id":"https:\/\/dev6.erresse-shop.it\/de\/shop\/kaffe\/kaffeepads-und-kapseln\/illy-6-packungen-mit-18-kapseln-iperespresso-klassischer-geschmack\/#primaryimage"},"image":{"@id":"https:\/\/dev6.erresse-shop.it\/de\/shop\/kaffe\/kaffeepads-und-kapseln\/illy-6-packungen-mit-18-kapseln-iperespresso-klassischer-geschmack\/#primaryimage"},"thumbnailUrl":"https:\/\/i0.wp.com\/interpim.erresse-shop.it\/Import\/Prodotti\/illy-caffe-cialde-classico.jpg?ssl=1","datePublished":"2026-04-12T06:43:39+00:00","description":"Verpackung mit 18 Kapseln, insgesamt 108 Kapseln (6 Verpackungen). AROMATISCHE ANMERKUNGEN Die CLASSICO Geschmacksnuance der einzigartigen illy-Mischung","breadcrumb":{"@id":"https:\/\/dev6.erresse-shop.it\/de\/shop\/kaffe\/kaffeepads-und-kapseln\/illy-6-packungen-mit-18-kapseln-iperespresso-klassischer-geschmack\/#breadcrumb"},"inLanguage":"de","potentialAction":[{"@type":"ReadAction","target":["https:\/\/dev6.erresse-shop.it\/de\/shop\/kaffe\/kaffeepads-und-kapseln\/illy-6-packungen-mit-18-kapseln-iperespresso-klassischer-geschmack\/"]}]},{"@type":"ImageObject","inLanguage":"de","@id":"https:\/\/dev6.erresse-shop.it\/de\/shop\/kaffe\/kaffeepads-und-kapseln\/illy-6-packungen-mit-18-kapseln-iperespresso-klassischer-geschmack\/#primaryimage","url":"https:\/\/i0.wp.com\/interpim.erresse-shop.it\/Import\/Prodotti\/illy-caffe-cialde-classico.jpg?ssl=1","contentUrl":"https:\/\/i0.wp.com\/interpim.erresse-shop.it\/Import\/Prodotti\/illy-caffe-cialde-classico.jpg?ssl=1"},{"@type":"BreadcrumbList","@id":"https:\/\/dev6.erresse-shop.it\/de\/shop\/kaffe\/kaffeepads-und-kapseln\/illy-6-packungen-mit-18-kapseln-iperespresso-klassischer-geschmack\/#breadcrumb","itemListElement":[{"@type":"ListItem","position":1,"name":"Home","item":"https:\/\/dev6.erresse-shop.it\/"},{"@type":"ListItem","position":2,"name":"Shop","item":"https:\/\/dev6.erresse-shop.it\/shop\/"},{"@type":"ListItem","position":3,"name":"ILLY 6 Packungen mit 18 Kapseln IperEspresso Klassischer Geschmack"}]},{"@type":"WebSite","@id":"https:\/\/dev6.erresse-shop.it\/#website","url":"https:\/\/dev6.erresse-shop.it\/","name":"Erresse Shop","description":"","publisher":{"@id":"https:\/\/dev6.erresse-shop.it\/#organization"},"potentialAction":[{"@type":"SearchAction","target":{"@type":"EntryPoint","urlTemplate":"https:\/\/dev6.erresse-shop.it\/?s={search_term_string}"},"query-input":{"@type":"PropertyValueSpecification","valueRequired":true,"valueName":"search_term_string"}}],"inLanguage":"de"},{"@type":"Organization","@id":"https:\/\/dev6.erresse-shop.it\/#organization","name":"Erresse Shop","url":"https:\/\/dev6.erresse-shop.it\/","logo":{"@type":"ImageObject","inLanguage":"de","@id":"https:\/\/dev6.erresse-shop.it\/#\/schema\/logo\/image\/","url":"https:\/\/dev6.erresse-shop.it\/wp-content\/uploads\/2025\/01\/LOGO-ERRESSE-CLASSICO.svg","contentUrl":"https:\/\/dev6.erresse-shop.it\/wp-content\/uploads\/2025\/01\/LOGO-ERRESSE-CLASSICO.svg","caption":"Erresse Shop"},"image":{"@id":"https:\/\/dev6.erresse-shop.it\/#\/schema\/logo\/image\/"}}]}},"df_price":59.4,"df_sale_price":"","df_regular_price":59.4,"df_image_link":"https:\/\/i0.wp.com\/interpim.erresse-shop.it\/Import\/Prodotti\/illy-caffe-cialde-classico.jpg?resize=300,300&ssl=1","fifu_image_url":"https:\/\/interpim.erresse-shop.it\/Import\/Prodotti\/illy-caffe-cialde-classico.jpg","_links":{"self":[{"href":"https:\/\/dev6.erresse-shop.it\/de\/wp-json\/wp\/v2\/product\/50396","targetHints":{"allow":["GET"]}}],"collection":[{"href":"https:\/\/dev6.erresse-shop.it\/de\/wp-json\/wp\/v2\/product"}],"about":[{"href":"https:\/\/dev6.erresse-shop.it\/de\/wp-json\/wp\/v2\/types\/product"}],"wp:featuredmedia":[{"embeddable":true,"href":"https:\/\/dev6.erresse-shop.it\/de\/wp-json\/wp\/v2\/media\/6352748"}],"wp:attachment":[{"href":"https:\/\/dev6.erresse-shop.it\/de\/wp-json\/wp\/v2\/media?parent=50396"}],"wp:term":[{"taxonomy":"product_cat","embeddable":true,"href":"https:\/\/dev6.erresse-shop.it\/de\/wp-json\/wp\/v2\/product_cat?post=50396"},{"taxonomy":"product_tag","embeddable":true,"href":"https:\/\/dev6.erresse-shop.it\/de\/wp-json\/wp\/v2\/product_tag?post=50396"}],"curies":[{"name":"wp","href":"https:\/\/api.w.org\/{rel}","templated":true}]}}