{"id":50388,"date":"2026-04-12T08:43:39","date_gmt":"2026-04-12T06:43:39","guid":{"rendered":"https:\/\/dev6.erresse-shop.it\/shop\/unkategorisiert\/instant-pot-multikocher-duo-evo-plus-5-7l-stahl\/"},"modified":"2025-09-14T00:43:12","modified_gmt":"2025-09-13T22:43:12","slug":"instant-pot-multikocher-duo-evo-plus-5-7l-stahl","status":"publish","type":"product","link":"https:\/\/dev6.erresse-shop.it\/de\/shop\/kleine-elektrogeraete\/kuechenmaschinen\/instant-pot-multikocher-duo-evo-plus-5-7l-stahl\/","title":{"rendered":"INSTANT POT Multikocher Duo Evo Plus 5.7L Stahl"},"content":{"rendered":"<p>Der Instant Pot Duo Evo Plus\u2122 Multicooker ist das beliebteste Modell in Italien und Europa.<\/p>\n<p>Das Duo ist 10 Ger\u00e4te in 1:<br \/>\nEinfach zu bedienen, leicht zu reinigen, schnell und vielseitig mit der idealen Kapazit\u00e4t f\u00fcr die Familie oder f\u00fcr G\u00e4ste. Er ersetzt 10 Ger\u00e4te in einem und verf\u00fcgt \u00fcber 48 Programme f\u00fcr schmackhafte Mahlzeiten mit bis zu 70 % k\u00fcrzeren Garzeiten als bei herk\u00f6mmlichen Methoden. Auf dem gro\u00dfen LCD-Display finden Sie alles, was Sie \u00fcber Garzeit, Temperatur, Druck und Status wissen m\u00fcssen. Mit den Tasten k\u00f6nnen Sie ein intelligentes Programm ausw\u00e4hlen, das Ihren Bed\u00fcrfnissen entspricht, und mit dem einfachen zentralen Drehknopf k\u00f6nnen Sie die richtige voreingestellte Option finden oder die Zeit und Temperatur individuell einstellen.<\/p>\n<p>TECHNISCHE MERKMALE<br \/>\nSchnellkochtopf, Reiskocher, Slow Cooker, Joghurtbereiter, Dampfgarer, Sous Vide, Sauteuse, Chafing Dish, Kuchenmaschine und klassischer Topf.<\/p>\n<p>Material: Deckel und Innentopf aus rostfreiem Stahl, Au\u00dfentopf aus geb\u00fcrstetem rostfreiem Stahl.<br \/>\n48 voreingestellte Programme<br \/>\nGem\u00fcse: Spargel, Bohnen, Brokkoli, Rosenkohl, Kohl, Blumenkohl, K\u00fcrbis, Karotten, Mais und Kartoffeln<br \/>\nFleisch und Eier: Rind, Huhn, Lamm, Schwein und Eier<br \/>\nH\u00fclsenfr\u00fcchte: Bohnen, Linsen, Erbsen, Kichererbsen, Sojabohnen, Puffbohnen<br \/>\nFisch: Muscheln, Garnelen, Meeresfr\u00fcchte<br \/>\nReis und K\u00f6rner: wei\u00dfer Reis, brauner Reis, Risotto, Weizen, Quinoa, Haferflocken und Haferbrei<br \/>\nFassungsverm\u00f6gen: 5,7 l<br \/>\nLeistung: 1200W<br \/>\nStromversorgung: 220V<br \/>\n9 Standard Smart One-Touch-Programme<\/p>\n<p>Druckkochen<br \/>\nReis\/Getreide<br \/>\nDampfgaren<br \/>\nSautieren\/Grillen<br \/>\nlangsames Garen<br \/>\nSous-vide<br \/>\nJoghurt<br \/>\nTorten<br \/>\nwarmhaltend<\/p>\n","protected":false},"excerpt":{"rendered":"<p>Der Instant Pot Duo Evo Plus\u2122 Multicooker ist das beliebteste Modell in Italien und Europa. Das Duo ist 10 Ger\u00e4te in 1: Einfach zu bedienen, leicht zu reinigen, schnell und vielseitig mit der idealen Kapazit\u00e4t f\u00fcr die Familie oder f\u00fcr G\u00e4ste. Er ersetzt 10 Ger\u00e4te in einem und verf\u00fcgt \u00fcber 48 Programme f\u00fcr schmackhafte Mahlzeiten [&hellip;]<\/p>\n","protected":false},"featured_media":6352699,"template":"","meta":{"_acf_changed":false},"product_cat":[12163,12174],"product_tag":[],"class_list":{"0":"post-50388","1":"product","2":"type-product","3":"status-publish","4":"has-post-thumbnail","6":"product_cat-kleine-elektrogeraete","7":"product_cat-kuechenmaschinen","9":"first","10":"outofstock","11":"taxable","12":"shipping-taxable","13":"purchasable","14":"product-type-simple","swatches":"rey-swatches","show_selected":"","stretch_labels":"rey-swatches--stretch-labels"},"acf":[],"yoast_head":"<!-- This site is optimized with the Yoast SEO plugin v25.4 - https:\/\/yoast.com\/wordpress\/plugins\/seo\/ -->\n<title>INSTANT POT Multikocher Duo Evo Plus 5.7L Stahl - dev6 Erresse<\/title>\n<meta name=\"description\" content=\"Der Instant Pot Duo Evo Plus\u2122 Multicooker ist das beliebteste Modell in Italien und Europa. Das Duo ist 10 Ger\u00e4te in 1: Einfach zu bedienen, leicht zu\" \/>\n<meta name=\"robots\" content=\"noindex, follow, max-snippet:-1, max-image-preview:large, max-video-preview:-1\" \/>\n<meta property=\"og:locale\" content=\"de_DE\" \/>\n<meta property=\"og:type\" content=\"article\" \/>\n<meta property=\"og:title\" content=\"INSTANT POT Multikocher Duo Evo Plus 5.7L Stahl - dev6 Erresse\" \/>\n<meta property=\"og:description\" content=\"Der Instant Pot Duo Evo Plus\u2122 Multicooker ist das beliebteste Modell in Italien und Europa. Das Duo ist 10 Ger\u00e4te in 1: Einfach zu bedienen, leicht zu\" \/>\n<meta property=\"og:url\" content=\"https:\/\/dev6.erresse-shop.it\/de\/shop\/kleine-elektrogeraete\/kuechenmaschinen\/instant-pot-multikocher-duo-evo-plus-5-7l-stahl\/\" \/>\n<meta property=\"og:site_name\" content=\"dev6 Erresse\" \/>\n<meta property=\"og:image\" content=\"https:\/\/interpim.erresse-shop.it\/Import\/Prodotti\/instant-pot-multicooker-duo-evo-plus.jpg\" \/><meta property=\"og:image\" content=\"https:\/\/interpim.erresse-shop.it\/Import\/Prodotti\/instant-pot-multicooker-duo-evo-plus.jpg\" \/>\n\t<meta property=\"og:image:width\" content=\"1024\" \/>\n\t<meta property=\"og:image:height\" content=\"1024\" \/>\n\t<meta property=\"og:image:type\" content=\"image\/jpeg\" \/>\n<meta name=\"twitter:card\" content=\"summary_large_image\" \/>\n<meta name=\"twitter:image\" content=\"https:\/\/interpim.erresse-shop.it\/Import\/Prodotti\/instant-pot-multicooker-duo-evo-plus.jpg\" \/>\n<script type=\"application\/ld+json\" class=\"yoast-schema-graph\">{\"@context\":\"https:\/\/schema.org\",\"@graph\":[{\"@type\":\"WebPage\",\"@id\":\"https:\/\/dev6.erresse-shop.it\/de\/shop\/kleine-elektrogeraete\/kuechenmaschinen\/instant-pot-multikocher-duo-evo-plus-5-7l-stahl\/\",\"url\":\"https:\/\/dev6.erresse-shop.it\/de\/shop\/kleine-elektrogeraete\/kuechenmaschinen\/instant-pot-multikocher-duo-evo-plus-5-7l-stahl\/\",\"name\":\"INSTANT POT Multikocher Duo Evo Plus 5.7L Stahl - dev6 Erresse\",\"isPartOf\":{\"@id\":\"https:\/\/dev6.erresse-shop.it\/#website\"},\"primaryImageOfPage\":{\"@id\":\"https:\/\/dev6.erresse-shop.it\/de\/shop\/kleine-elektrogeraete\/kuechenmaschinen\/instant-pot-multikocher-duo-evo-plus-5-7l-stahl\/#primaryimage\"},\"image\":{\"@id\":\"https:\/\/dev6.erresse-shop.it\/de\/shop\/kleine-elektrogeraete\/kuechenmaschinen\/instant-pot-multikocher-duo-evo-plus-5-7l-stahl\/#primaryimage\"},\"thumbnailUrl\":\"https:\/\/i2.wp.com\/interpim.erresse-shop.it\/Import\/Prodotti\/instant-pot-multicooker-duo-evo-plus.jpg?ssl=1\",\"datePublished\":\"2026-04-12T06:43:39+00:00\",\"description\":\"Der Instant Pot Duo Evo Plus\u2122 Multicooker ist das beliebteste Modell in Italien und Europa. Das Duo ist 10 Ger\u00e4te in 1: Einfach zu bedienen, leicht zu\",\"breadcrumb\":{\"@id\":\"https:\/\/dev6.erresse-shop.it\/de\/shop\/kleine-elektrogeraete\/kuechenmaschinen\/instant-pot-multikocher-duo-evo-plus-5-7l-stahl\/#breadcrumb\"},\"inLanguage\":\"de\",\"potentialAction\":[{\"@type\":\"ReadAction\",\"target\":[\"https:\/\/dev6.erresse-shop.it\/de\/shop\/kleine-elektrogeraete\/kuechenmaschinen\/instant-pot-multikocher-duo-evo-plus-5-7l-stahl\/\"]}]},{\"@type\":\"ImageObject\",\"inLanguage\":\"de\",\"@id\":\"https:\/\/dev6.erresse-shop.it\/de\/shop\/kleine-elektrogeraete\/kuechenmaschinen\/instant-pot-multikocher-duo-evo-plus-5-7l-stahl\/#primaryimage\",\"url\":\"https:\/\/i2.wp.com\/interpim.erresse-shop.it\/Import\/Prodotti\/instant-pot-multicooker-duo-evo-plus.jpg?ssl=1\",\"contentUrl\":\"https:\/\/i2.wp.com\/interpim.erresse-shop.it\/Import\/Prodotti\/instant-pot-multicooker-duo-evo-plus.jpg?ssl=1\"},{\"@type\":\"BreadcrumbList\",\"@id\":\"https:\/\/dev6.erresse-shop.it\/de\/shop\/kleine-elektrogeraete\/kuechenmaschinen\/instant-pot-multikocher-duo-evo-plus-5-7l-stahl\/#breadcrumb\",\"itemListElement\":[{\"@type\":\"ListItem\",\"position\":1,\"name\":\"Home\",\"item\":\"https:\/\/dev6.erresse-shop.it\/\"},{\"@type\":\"ListItem\",\"position\":2,\"name\":\"Shop\",\"item\":\"https:\/\/dev6.erresse-shop.it\/shop\/\"},{\"@type\":\"ListItem\",\"position\":3,\"name\":\"INSTANT POT Multikocher Duo Evo Plus 5.7L Stahl\"}]},{\"@type\":\"WebSite\",\"@id\":\"https:\/\/dev6.erresse-shop.it\/#website\",\"url\":\"https:\/\/dev6.erresse-shop.it\/\",\"name\":\"Erresse Shop\",\"description\":\"\",\"publisher\":{\"@id\":\"https:\/\/dev6.erresse-shop.it\/#organization\"},\"potentialAction\":[{\"@type\":\"SearchAction\",\"target\":{\"@type\":\"EntryPoint\",\"urlTemplate\":\"https:\/\/dev6.erresse-shop.it\/?s={search_term_string}\"},\"query-input\":{\"@type\":\"PropertyValueSpecification\",\"valueRequired\":true,\"valueName\":\"search_term_string\"}}],\"inLanguage\":\"de\"},{\"@type\":\"Organization\",\"@id\":\"https:\/\/dev6.erresse-shop.it\/#organization\",\"name\":\"Erresse Shop\",\"url\":\"https:\/\/dev6.erresse-shop.it\/\",\"logo\":{\"@type\":\"ImageObject\",\"inLanguage\":\"de\",\"@id\":\"https:\/\/dev6.erresse-shop.it\/#\/schema\/logo\/image\/\",\"url\":\"https:\/\/dev6.erresse-shop.it\/wp-content\/uploads\/2025\/01\/LOGO-ERRESSE-CLASSICO.svg\",\"contentUrl\":\"https:\/\/dev6.erresse-shop.it\/wp-content\/uploads\/2025\/01\/LOGO-ERRESSE-CLASSICO.svg\",\"caption\":\"Erresse Shop\"},\"image\":{\"@id\":\"https:\/\/dev6.erresse-shop.it\/#\/schema\/logo\/image\/\"}}]}<\/script>\n<!-- \/ Yoast SEO plugin. -->","yoast_head_json":{"title":"INSTANT POT Multikocher Duo Evo Plus 5.7L Stahl - dev6 Erresse","description":"Der Instant Pot Duo Evo Plus\u2122 Multicooker ist das beliebteste Modell in Italien und Europa. Das Duo ist 10 Ger\u00e4te in 1: Einfach zu bedienen, leicht zu","robots":{"index":"noindex","follow":"follow","max-snippet":"max-snippet:-1","max-image-preview":"max-image-preview:large","max-video-preview":"max-video-preview:-1"},"og_locale":"de_DE","og_type":"article","og_title":"INSTANT POT Multikocher Duo Evo Plus 5.7L Stahl - dev6 Erresse","og_description":"Der Instant Pot Duo Evo Plus\u2122 Multicooker ist das beliebteste Modell in Italien und Europa. Das Duo ist 10 Ger\u00e4te in 1: Einfach zu bedienen, leicht zu","og_url":"https:\/\/dev6.erresse-shop.it\/de\/shop\/kleine-elektrogeraete\/kuechenmaschinen\/instant-pot-multikocher-duo-evo-plus-5-7l-stahl\/","og_site_name":"dev6 Erresse","og_image":[{"url":"https:\/\/interpim.erresse-shop.it\/Import\/Prodotti\/instant-pot-multicooker-duo-evo-plus.jpg","type":"","width":"","height":""},{"url":"https:\/\/interpim.erresse-shop.it\/Import\/Prodotti\/instant-pot-multicooker-duo-evo-plus.jpg","width":1024,"height":1024,"type":"image\/jpeg"}],"twitter_card":"summary_large_image","twitter_image":"https:\/\/interpim.erresse-shop.it\/Import\/Prodotti\/instant-pot-multicooker-duo-evo-plus.jpg","schema":{"@context":"https:\/\/schema.org","@graph":[{"@type":"WebPage","@id":"https:\/\/dev6.erresse-shop.it\/de\/shop\/kleine-elektrogeraete\/kuechenmaschinen\/instant-pot-multikocher-duo-evo-plus-5-7l-stahl\/","url":"https:\/\/dev6.erresse-shop.it\/de\/shop\/kleine-elektrogeraete\/kuechenmaschinen\/instant-pot-multikocher-duo-evo-plus-5-7l-stahl\/","name":"INSTANT POT Multikocher Duo Evo Plus 5.7L Stahl - dev6 Erresse","isPartOf":{"@id":"https:\/\/dev6.erresse-shop.it\/#website"},"primaryImageOfPage":{"@id":"https:\/\/dev6.erresse-shop.it\/de\/shop\/kleine-elektrogeraete\/kuechenmaschinen\/instant-pot-multikocher-duo-evo-plus-5-7l-stahl\/#primaryimage"},"image":{"@id":"https:\/\/dev6.erresse-shop.it\/de\/shop\/kleine-elektrogeraete\/kuechenmaschinen\/instant-pot-multikocher-duo-evo-plus-5-7l-stahl\/#primaryimage"},"thumbnailUrl":"https:\/\/i2.wp.com\/interpim.erresse-shop.it\/Import\/Prodotti\/instant-pot-multicooker-duo-evo-plus.jpg?ssl=1","datePublished":"2026-04-12T06:43:39+00:00","description":"Der Instant Pot Duo Evo Plus\u2122 Multicooker ist das beliebteste Modell in Italien und Europa. Das Duo ist 10 Ger\u00e4te in 1: Einfach zu bedienen, leicht zu","breadcrumb":{"@id":"https:\/\/dev6.erresse-shop.it\/de\/shop\/kleine-elektrogeraete\/kuechenmaschinen\/instant-pot-multikocher-duo-evo-plus-5-7l-stahl\/#breadcrumb"},"inLanguage":"de","potentialAction":[{"@type":"ReadAction","target":["https:\/\/dev6.erresse-shop.it\/de\/shop\/kleine-elektrogeraete\/kuechenmaschinen\/instant-pot-multikocher-duo-evo-plus-5-7l-stahl\/"]}]},{"@type":"ImageObject","inLanguage":"de","@id":"https:\/\/dev6.erresse-shop.it\/de\/shop\/kleine-elektrogeraete\/kuechenmaschinen\/instant-pot-multikocher-duo-evo-plus-5-7l-stahl\/#primaryimage","url":"https:\/\/i2.wp.com\/interpim.erresse-shop.it\/Import\/Prodotti\/instant-pot-multicooker-duo-evo-plus.jpg?ssl=1","contentUrl":"https:\/\/i2.wp.com\/interpim.erresse-shop.it\/Import\/Prodotti\/instant-pot-multicooker-duo-evo-plus.jpg?ssl=1"},{"@type":"BreadcrumbList","@id":"https:\/\/dev6.erresse-shop.it\/de\/shop\/kleine-elektrogeraete\/kuechenmaschinen\/instant-pot-multikocher-duo-evo-plus-5-7l-stahl\/#breadcrumb","itemListElement":[{"@type":"ListItem","position":1,"name":"Home","item":"https:\/\/dev6.erresse-shop.it\/"},{"@type":"ListItem","position":2,"name":"Shop","item":"https:\/\/dev6.erresse-shop.it\/shop\/"},{"@type":"ListItem","position":3,"name":"INSTANT POT Multikocher Duo Evo Plus 5.7L Stahl"}]},{"@type":"WebSite","@id":"https:\/\/dev6.erresse-shop.it\/#website","url":"https:\/\/dev6.erresse-shop.it\/","name":"Erresse Shop","description":"","publisher":{"@id":"https:\/\/dev6.erresse-shop.it\/#organization"},"potentialAction":[{"@type":"SearchAction","target":{"@type":"EntryPoint","urlTemplate":"https:\/\/dev6.erresse-shop.it\/?s={search_term_string}"},"query-input":{"@type":"PropertyValueSpecification","valueRequired":true,"valueName":"search_term_string"}}],"inLanguage":"de"},{"@type":"Organization","@id":"https:\/\/dev6.erresse-shop.it\/#organization","name":"Erresse Shop","url":"https:\/\/dev6.erresse-shop.it\/","logo":{"@type":"ImageObject","inLanguage":"de","@id":"https:\/\/dev6.erresse-shop.it\/#\/schema\/logo\/image\/","url":"https:\/\/dev6.erresse-shop.it\/wp-content\/uploads\/2025\/01\/LOGO-ERRESSE-CLASSICO.svg","contentUrl":"https:\/\/dev6.erresse-shop.it\/wp-content\/uploads\/2025\/01\/LOGO-ERRESSE-CLASSICO.svg","caption":"Erresse Shop"},"image":{"@id":"https:\/\/dev6.erresse-shop.it\/#\/schema\/logo\/image\/"}}]}},"df_price":189.99,"df_sale_price":"","df_regular_price":189.99,"df_image_link":"https:\/\/i2.wp.com\/interpim.erresse-shop.it\/Import\/Prodotti\/instant-pot-multicooker-duo-evo-plus.jpg?resize=300,300&ssl=1","fifu_image_url":"https:\/\/interpim.erresse-shop.it\/Import\/Prodotti\/instant-pot-multicooker-duo-evo-plus.jpg","_links":{"self":[{"href":"https:\/\/dev6.erresse-shop.it\/de\/wp-json\/wp\/v2\/product\/50388","targetHints":{"allow":["GET"]}}],"collection":[{"href":"https:\/\/dev6.erresse-shop.it\/de\/wp-json\/wp\/v2\/product"}],"about":[{"href":"https:\/\/dev6.erresse-shop.it\/de\/wp-json\/wp\/v2\/types\/product"}],"wp:featuredmedia":[{"embeddable":true,"href":"https:\/\/dev6.erresse-shop.it\/de\/wp-json\/wp\/v2\/media\/6352699"}],"wp:attachment":[{"href":"https:\/\/dev6.erresse-shop.it\/de\/wp-json\/wp\/v2\/media?parent=50388"}],"wp:term":[{"taxonomy":"product_cat","embeddable":true,"href":"https:\/\/dev6.erresse-shop.it\/de\/wp-json\/wp\/v2\/product_cat?post=50388"},{"taxonomy":"product_tag","embeddable":true,"href":"https:\/\/dev6.erresse-shop.it\/de\/wp-json\/wp\/v2\/product_tag?post=50388"}],"curies":[{"name":"wp","href":"https:\/\/api.w.org\/{rel}","templated":true}]}}