{"id":50374,"date":"2026-04-12T08:42:38","date_gmt":"2026-04-12T06:42:38","guid":{"rendered":"https:\/\/dev6.erresse-shop.it\/shop\/unkategorisiert\/sage-the-foodcycler\/"},"modified":"2025-07-03T20:00:52","modified_gmt":"2025-07-03T18:00:52","slug":"sage-the-foodcycler","status":"publish","type":"product","link":"https:\/\/dev6.erresse-shop.it\/de\/shop\/einrichtung-haus\/muelltonnen\/sage-the-foodcycler\/","title":{"rendered":"SAGE The FoodCycler"},"content":{"rendered":"<p>FoodCycler f\u00fchrt ein automatisches Trocknungs-, Zerkleinerungs- und K\u00fchlungsprogramm durch, um Lebensmittelabf\u00e4lle in geruchlose EcoChips zu verwandeln. In nur 4 Stunden* werden die Lebensmittelabf\u00e4lle in Ihrem Haushalt um mehr als 80 %** ihres urspr\u00fcnglichen Volumens reduziert. Er ist dank der One-Touch-Bedienung einfach zu bedienen und sein spezielles Aktivkohlefiltersystem beseitigt Ger\u00fcche, was ihn perfekt f\u00fcr den Gebrauch in Innenr\u00e4umen macht. Mit seinem niedrigen Energieverbrauch und dem leisen Betrieb passt der FoodCycler problemlos in jede Umgebung.<\/p>\n<p>*Die Bearbeitung dauert durchschnittlich 4-6 Stunden. Die Zykluszeit h\u00e4ngt von der Art der zu verarbeitenden Lebensmittel und dem Feuchtigkeitsgehalt ab. Die maximale Bearbeitungszeit betr\u00e4gt 8 Stunden. Die Abk\u00fchlphase dauert weitere 30 Minuten.<\/p>\n<p>DIE LEBENSMITTELVERSCHWENDUNG UM MEHR ALS 80 % ZU REDUZIEREN<br \/>\nFoodCycler reduziert Lebensmittelabf\u00e4lle um \u00fcber 80 %** ihres urspr\u00fcnglichen Volumens und verwandelt Ihre Lebensmittelabf\u00e4lle in sterile, geruchlose EcoChips. Der Zerkleinerungsbeh\u00e4lter kann bis zu 2 Liter Lebensmittelabf\u00e4lle aufnehmen, die auf 0,34 Liter EcoChips reduziert werden. Die Lebensmittelabf\u00e4lle werden ihr Volumen innerhalb weniger Stunden reduzieren.<\/p>\n<p>FOODCYCLER\u00ae 3-STUFEN-SYSTEM<br \/>\nDank eines automatischen 3-Stufen-Zyklus dehydriert, zerkleinert und k\u00fchlt der FoodCycler Ihre Lebensmittelabf\u00e4lle und filtert dabei Ger\u00fcche und Gase heraus. In der Trocknungsphase werden die Lebensmittelabf\u00e4lle dehydriert und die Feuchtigkeit wird entzogen. In der anschlie\u00dfenden Zerkleinerungsphase zerkleinern die Messer die Lebensmittelabf\u00e4lle in kleine Partikel. In der K\u00fchlphase werden die entstehenden Abf\u00e4lle \u2013 die EcoChips \u2013 gek\u00fchlt.<\/p>\n<p>GERUCHSFREIE VERARBEITUNG UND LAGERUNG<br \/>\nDie beiden austauschbaren Aktivkohle-EcoFilters\u2122 kontrollieren und filtern den Luftstrom w\u00e4hrend des Prozesses und erm\u00f6glichen so einen sauberen und geruchsfreien Zyklus. Vor dem Zyklus und w\u00e4hrend die Lebensmittelabf\u00e4lle im Eimer gelagert werden, tr\u00e4gt der Deckel mit integriertem Aktivkohlefilter dazu bei, Ger\u00fcche in der Umgebung zu reduzieren.<\/p>\n<p>KOMPAKTES DESIGN F\u00dcR DEN INNENBEREICH<br \/>\nDer FoodCycler wurde f\u00fcr die heutigen Haushalte und Lebensgewohnheiten entwickelt und kann \u00fcberall aufgestellt oder gelagert werden. Der abnehmbare Eimer mit Deckel und integriertem Aktivkohlefilter zur Geruchskontrolle kann auf der Arbeitsplatte oder unter der Sp\u00fcle platziert werden, und er passt \u00fcberall hin, wo er leicht zug\u00e4nglich ist: in die K\u00fcche, die Waschk\u00fcche oder die Garage.<\/p>\n<p>LEISER UND NIEDRIGER ENERGIEVERBRAUCH<br \/>\nEine ausgekl\u00fcgelte Sensortechnik steuert jeden Zyklus individuell, indem sie den Trockenheitsgrad und die Feuchtigkeit der Lebensmittelabf\u00e4lle \u00fcberwacht, so dass eine maximale Effizienz bei minimalem Energieverbrauch erreicht wird. Der FoodCycler verbraucht durchschnittlich 1 kW pro Zyklus. Dar\u00fcber hinaus verhindert der drehbare, verschlie\u00dfbare Deckel Ger\u00fcche und L\u00e4rm w\u00e4hrend des Prozesses. Daher ist der FoodCycler w\u00e4hrend des Betriebs leiser als eine Sp\u00fclmaschine.<\/p>\n<p>EINFACH ZU BEDIENEN UND ZU REINIGEN<br \/>\nF\u00fcllen Sie den Eimer, schlie\u00dfen Sie den Deckel und dr\u00fccken Sie auf Start. Einfacher geht\u2019s nicht. Die One-Touch-Starttaste macht die Bedienung einfach, und LED-Anzeigen zeigen die verschiedenen laufenden Zyklen an. Wenn Sie w\u00e4hrend des Zyklus mehr Abfall hinzuf\u00fcgen m\u00fcssen, k\u00f6nnen Sie die Pausenfunktion nutzen (nur w\u00e4hrend der Trocknungsphase).<\/p>\n<p>EINFACH ZU REINIGEN<br \/>\nDer abnehmbare, porzellanbeschichtete Eimer ist langlebig und sp\u00fclmaschinenfest. Das bedeutet, dass er zur einfachen Reinigung in den unteren Korb des Geschirrsp\u00fclers gelegt werden kann.<\/p>\n<p>**Das Volumen des Inhalts im Eimer kann um mehr als 80 % reduziert werden, je nach Menge und Feuchtigkeit der zu verarbeitenden Lebensmittelabf\u00e4lle.<\/p>\n<p>PRODUKTSPEZIFIKATIONEN<br \/>\n\u2013 Innenma\u00dfe (BxTxH): 27,5 x 32 x 36 cm<br \/>\n\u2013 Garantie: 2 Jahre Reparaturgarantie<br \/>\n\u2013 Baumaterialien: Kunststoff und\/oder Aluminium<br \/>\n\u2013 Fassungsverm\u00f6gen: 2 l<br \/>\n\u2013 Verarbeitungsmodi: 1-Trocknung, 2-Mahlung, 3-K\u00fchlung.<br \/>\n\u2013 Bedienung per Knopfdruck<br \/>\n\u2013 Filterwechselanzeige<\/p>\n","protected":false},"excerpt":{"rendered":"<p>FoodCycler f\u00fchrt ein automatisches Trocknungs-, Zerkleinerungs- und K\u00fchlungsprogramm durch, um Lebensmittelabf\u00e4lle in geruchlose EcoChips zu verwandeln. In nur 4 Stunden* werden die Lebensmittelabf\u00e4lle in Ihrem Haushalt um mehr als 80 %** ihres urspr\u00fcnglichen Volumens reduziert. Er ist dank der One-Touch-Bedienung einfach zu bedienen und sein spezielles Aktivkohlefiltersystem beseitigt Ger\u00fcche, was ihn perfekt f\u00fcr den Gebrauch [&hellip;]<\/p>\n","protected":false},"featured_media":6352659,"template":"","meta":{"_acf_changed":false},"product_cat":[11666,12098,12137],"product_tag":[],"class_list":{"0":"post-50374","1":"product","2":"type-product","3":"status-publish","4":"has-post-thumbnail","6":"product_cat-arredamento-casa","7":"product_cat-einrichtung-haus","8":"product_cat-muelltonnen","10":"first","11":"outofstock","12":"sale","13":"taxable","14":"shipping-taxable","15":"purchasable","16":"product-type-simple","swatches":"rey-swatches","show_selected":"","stretch_labels":"rey-swatches--stretch-labels"},"acf":[],"yoast_head":"<!-- This site is optimized with the Yoast SEO plugin v25.4 - https:\/\/yoast.com\/wordpress\/plugins\/seo\/ -->\n<title>SAGE The FoodCycler - dev6 Erresse<\/title>\n<meta name=\"description\" content=\"FoodCycler f\u00fchrt ein automatisches Trocknungs-, Zerkleinerungs- und K\u00fchlungsprogramm durch, um Lebensmittelabf\u00e4lle in geruchlose EcoChips zu verwandeln.\" \/>\n<meta name=\"robots\" content=\"noindex, follow, max-snippet:-1, max-image-preview:large, max-video-preview:-1\" \/>\n<meta property=\"og:locale\" content=\"de_DE\" \/>\n<meta property=\"og:type\" content=\"article\" \/>\n<meta property=\"og:title\" content=\"SAGE The FoodCycler - dev6 Erresse\" \/>\n<meta property=\"og:description\" content=\"FoodCycler f\u00fchrt ein automatisches Trocknungs-, Zerkleinerungs- und K\u00fchlungsprogramm durch, um Lebensmittelabf\u00e4lle in geruchlose EcoChips zu verwandeln.\" \/>\n<meta property=\"og:url\" content=\"https:\/\/dev6.erresse-shop.it\/de\/shop\/einrichtung-haus\/muelltonnen\/sage-the-foodcycler\/\" \/>\n<meta property=\"og:site_name\" content=\"dev6 Erresse\" \/>\n<meta property=\"og:image\" content=\"https:\/\/interpim.erresse-shop.it\/img-catalogo\/sage\/sage-the-foodcycler-grigio.jpg\" \/><meta property=\"og:image\" content=\"https:\/\/interpim.erresse-shop.it\/img-catalogo\/sage\/sage-the-foodcycler-grigio.jpg\" \/>\n\t<meta property=\"og:image:width\" content=\"1024\" \/>\n\t<meta property=\"og:image:height\" content=\"1024\" \/>\n\t<meta property=\"og:image:type\" content=\"image\/jpeg\" \/>\n<meta name=\"twitter:card\" content=\"summary_large_image\" \/>\n<meta name=\"twitter:image\" content=\"https:\/\/interpim.erresse-shop.it\/img-catalogo\/sage\/sage-the-foodcycler-grigio.jpg\" \/>\n<script type=\"application\/ld+json\" class=\"yoast-schema-graph\">{\"@context\":\"https:\/\/schema.org\",\"@graph\":[{\"@type\":\"WebPage\",\"@id\":\"https:\/\/dev6.erresse-shop.it\/de\/shop\/einrichtung-haus\/muelltonnen\/sage-the-foodcycler\/\",\"url\":\"https:\/\/dev6.erresse-shop.it\/de\/shop\/einrichtung-haus\/muelltonnen\/sage-the-foodcycler\/\",\"name\":\"SAGE The FoodCycler - dev6 Erresse\",\"isPartOf\":{\"@id\":\"https:\/\/dev6.erresse-shop.it\/#website\"},\"primaryImageOfPage\":{\"@id\":\"https:\/\/dev6.erresse-shop.it\/de\/shop\/einrichtung-haus\/muelltonnen\/sage-the-foodcycler\/#primaryimage\"},\"image\":{\"@id\":\"https:\/\/dev6.erresse-shop.it\/de\/shop\/einrichtung-haus\/muelltonnen\/sage-the-foodcycler\/#primaryimage\"},\"thumbnailUrl\":\"https:\/\/i1.wp.com\/interpim.erresse-shop.it\/img-catalogo\/sage\/sage-the-foodcycler-grigio.jpg?ssl=1\",\"datePublished\":\"2026-04-12T06:42:38+00:00\",\"description\":\"FoodCycler f\u00fchrt ein automatisches Trocknungs-, Zerkleinerungs- und K\u00fchlungsprogramm durch, um Lebensmittelabf\u00e4lle in geruchlose EcoChips zu verwandeln.\",\"breadcrumb\":{\"@id\":\"https:\/\/dev6.erresse-shop.it\/de\/shop\/einrichtung-haus\/muelltonnen\/sage-the-foodcycler\/#breadcrumb\"},\"inLanguage\":\"de\",\"potentialAction\":[{\"@type\":\"ReadAction\",\"target\":[\"https:\/\/dev6.erresse-shop.it\/de\/shop\/einrichtung-haus\/muelltonnen\/sage-the-foodcycler\/\"]}]},{\"@type\":\"ImageObject\",\"inLanguage\":\"de\",\"@id\":\"https:\/\/dev6.erresse-shop.it\/de\/shop\/einrichtung-haus\/muelltonnen\/sage-the-foodcycler\/#primaryimage\",\"url\":\"https:\/\/i1.wp.com\/interpim.erresse-shop.it\/img-catalogo\/sage\/sage-the-foodcycler-grigio.jpg?ssl=1\",\"contentUrl\":\"https:\/\/i1.wp.com\/interpim.erresse-shop.it\/img-catalogo\/sage\/sage-the-foodcycler-grigio.jpg?ssl=1\"},{\"@type\":\"BreadcrumbList\",\"@id\":\"https:\/\/dev6.erresse-shop.it\/de\/shop\/einrichtung-haus\/muelltonnen\/sage-the-foodcycler\/#breadcrumb\",\"itemListElement\":[{\"@type\":\"ListItem\",\"position\":1,\"name\":\"Home\",\"item\":\"https:\/\/dev6.erresse-shop.it\/\"},{\"@type\":\"ListItem\",\"position\":2,\"name\":\"Shop\",\"item\":\"https:\/\/dev6.erresse-shop.it\/shop\/\"},{\"@type\":\"ListItem\",\"position\":3,\"name\":\"SAGE The FoodCycler\"}]},{\"@type\":\"WebSite\",\"@id\":\"https:\/\/dev6.erresse-shop.it\/#website\",\"url\":\"https:\/\/dev6.erresse-shop.it\/\",\"name\":\"Erresse Shop\",\"description\":\"\",\"publisher\":{\"@id\":\"https:\/\/dev6.erresse-shop.it\/#organization\"},\"potentialAction\":[{\"@type\":\"SearchAction\",\"target\":{\"@type\":\"EntryPoint\",\"urlTemplate\":\"https:\/\/dev6.erresse-shop.it\/?s={search_term_string}\"},\"query-input\":{\"@type\":\"PropertyValueSpecification\",\"valueRequired\":true,\"valueName\":\"search_term_string\"}}],\"inLanguage\":\"de\"},{\"@type\":\"Organization\",\"@id\":\"https:\/\/dev6.erresse-shop.it\/#organization\",\"name\":\"Erresse Shop\",\"url\":\"https:\/\/dev6.erresse-shop.it\/\",\"logo\":{\"@type\":\"ImageObject\",\"inLanguage\":\"de\",\"@id\":\"https:\/\/dev6.erresse-shop.it\/#\/schema\/logo\/image\/\",\"url\":\"https:\/\/dev6.erresse-shop.it\/wp-content\/uploads\/2025\/01\/LOGO-ERRESSE-CLASSICO.svg\",\"contentUrl\":\"https:\/\/dev6.erresse-shop.it\/wp-content\/uploads\/2025\/01\/LOGO-ERRESSE-CLASSICO.svg\",\"caption\":\"Erresse Shop\"},\"image\":{\"@id\":\"https:\/\/dev6.erresse-shop.it\/#\/schema\/logo\/image\/\"}}]}<\/script>\n<!-- \/ Yoast SEO plugin. -->","yoast_head_json":{"title":"SAGE The FoodCycler - dev6 Erresse","description":"FoodCycler f\u00fchrt ein automatisches Trocknungs-, Zerkleinerungs- und K\u00fchlungsprogramm durch, um Lebensmittelabf\u00e4lle in geruchlose EcoChips zu verwandeln.","robots":{"index":"noindex","follow":"follow","max-snippet":"max-snippet:-1","max-image-preview":"max-image-preview:large","max-video-preview":"max-video-preview:-1"},"og_locale":"de_DE","og_type":"article","og_title":"SAGE The FoodCycler - dev6 Erresse","og_description":"FoodCycler f\u00fchrt ein automatisches Trocknungs-, Zerkleinerungs- und K\u00fchlungsprogramm durch, um Lebensmittelabf\u00e4lle in geruchlose EcoChips zu verwandeln.","og_url":"https:\/\/dev6.erresse-shop.it\/de\/shop\/einrichtung-haus\/muelltonnen\/sage-the-foodcycler\/","og_site_name":"dev6 Erresse","og_image":[{"url":"https:\/\/interpim.erresse-shop.it\/img-catalogo\/sage\/sage-the-foodcycler-grigio.jpg","type":"","width":"","height":""},{"url":"https:\/\/interpim.erresse-shop.it\/img-catalogo\/sage\/sage-the-foodcycler-grigio.jpg","width":1024,"height":1024,"type":"image\/jpeg"}],"twitter_card":"summary_large_image","twitter_image":"https:\/\/interpim.erresse-shop.it\/img-catalogo\/sage\/sage-the-foodcycler-grigio.jpg","schema":{"@context":"https:\/\/schema.org","@graph":[{"@type":"WebPage","@id":"https:\/\/dev6.erresse-shop.it\/de\/shop\/einrichtung-haus\/muelltonnen\/sage-the-foodcycler\/","url":"https:\/\/dev6.erresse-shop.it\/de\/shop\/einrichtung-haus\/muelltonnen\/sage-the-foodcycler\/","name":"SAGE The FoodCycler - dev6 Erresse","isPartOf":{"@id":"https:\/\/dev6.erresse-shop.it\/#website"},"primaryImageOfPage":{"@id":"https:\/\/dev6.erresse-shop.it\/de\/shop\/einrichtung-haus\/muelltonnen\/sage-the-foodcycler\/#primaryimage"},"image":{"@id":"https:\/\/dev6.erresse-shop.it\/de\/shop\/einrichtung-haus\/muelltonnen\/sage-the-foodcycler\/#primaryimage"},"thumbnailUrl":"https:\/\/i1.wp.com\/interpim.erresse-shop.it\/img-catalogo\/sage\/sage-the-foodcycler-grigio.jpg?ssl=1","datePublished":"2026-04-12T06:42:38+00:00","description":"FoodCycler f\u00fchrt ein automatisches Trocknungs-, Zerkleinerungs- und K\u00fchlungsprogramm durch, um Lebensmittelabf\u00e4lle in geruchlose EcoChips zu verwandeln.","breadcrumb":{"@id":"https:\/\/dev6.erresse-shop.it\/de\/shop\/einrichtung-haus\/muelltonnen\/sage-the-foodcycler\/#breadcrumb"},"inLanguage":"de","potentialAction":[{"@type":"ReadAction","target":["https:\/\/dev6.erresse-shop.it\/de\/shop\/einrichtung-haus\/muelltonnen\/sage-the-foodcycler\/"]}]},{"@type":"ImageObject","inLanguage":"de","@id":"https:\/\/dev6.erresse-shop.it\/de\/shop\/einrichtung-haus\/muelltonnen\/sage-the-foodcycler\/#primaryimage","url":"https:\/\/i1.wp.com\/interpim.erresse-shop.it\/img-catalogo\/sage\/sage-the-foodcycler-grigio.jpg?ssl=1","contentUrl":"https:\/\/i1.wp.com\/interpim.erresse-shop.it\/img-catalogo\/sage\/sage-the-foodcycler-grigio.jpg?ssl=1"},{"@type":"BreadcrumbList","@id":"https:\/\/dev6.erresse-shop.it\/de\/shop\/einrichtung-haus\/muelltonnen\/sage-the-foodcycler\/#breadcrumb","itemListElement":[{"@type":"ListItem","position":1,"name":"Home","item":"https:\/\/dev6.erresse-shop.it\/"},{"@type":"ListItem","position":2,"name":"Shop","item":"https:\/\/dev6.erresse-shop.it\/shop\/"},{"@type":"ListItem","position":3,"name":"SAGE The FoodCycler"}]},{"@type":"WebSite","@id":"https:\/\/dev6.erresse-shop.it\/#website","url":"https:\/\/dev6.erresse-shop.it\/","name":"Erresse Shop","description":"","publisher":{"@id":"https:\/\/dev6.erresse-shop.it\/#organization"},"potentialAction":[{"@type":"SearchAction","target":{"@type":"EntryPoint","urlTemplate":"https:\/\/dev6.erresse-shop.it\/?s={search_term_string}"},"query-input":{"@type":"PropertyValueSpecification","valueRequired":true,"valueName":"search_term_string"}}],"inLanguage":"de"},{"@type":"Organization","@id":"https:\/\/dev6.erresse-shop.it\/#organization","name":"Erresse Shop","url":"https:\/\/dev6.erresse-shop.it\/","logo":{"@type":"ImageObject","inLanguage":"de","@id":"https:\/\/dev6.erresse-shop.it\/#\/schema\/logo\/image\/","url":"https:\/\/dev6.erresse-shop.it\/wp-content\/uploads\/2025\/01\/LOGO-ERRESSE-CLASSICO.svg","contentUrl":"https:\/\/dev6.erresse-shop.it\/wp-content\/uploads\/2025\/01\/LOGO-ERRESSE-CLASSICO.svg","caption":"Erresse Shop"},"image":{"@id":"https:\/\/dev6.erresse-shop.it\/#\/schema\/logo\/image\/"}}]}},"df_price":419.95,"df_sale_price":419.95,"df_regular_price":499.9,"df_image_link":"https:\/\/i1.wp.com\/interpim.erresse-shop.it\/img-catalogo\/sage\/sage-the-foodcycler-grigio.jpg?resize=300,300&ssl=1","fifu_image_url":"https:\/\/interpim.erresse-shop.it\/img-catalogo\/sage\/sage-the-foodcycler-grigio.jpg","_links":{"self":[{"href":"https:\/\/dev6.erresse-shop.it\/de\/wp-json\/wp\/v2\/product\/50374","targetHints":{"allow":["GET"]}}],"collection":[{"href":"https:\/\/dev6.erresse-shop.it\/de\/wp-json\/wp\/v2\/product"}],"about":[{"href":"https:\/\/dev6.erresse-shop.it\/de\/wp-json\/wp\/v2\/types\/product"}],"wp:featuredmedia":[{"embeddable":true,"href":"https:\/\/dev6.erresse-shop.it\/de\/wp-json\/wp\/v2\/media\/6352659"}],"wp:attachment":[{"href":"https:\/\/dev6.erresse-shop.it\/de\/wp-json\/wp\/v2\/media?parent=50374"}],"wp:term":[{"taxonomy":"product_cat","embeddable":true,"href":"https:\/\/dev6.erresse-shop.it\/de\/wp-json\/wp\/v2\/product_cat?post=50374"},{"taxonomy":"product_tag","embeddable":true,"href":"https:\/\/dev6.erresse-shop.it\/de\/wp-json\/wp\/v2\/product_tag?post=50374"}],"curies":[{"name":"wp","href":"https:\/\/api.w.org\/{rel}","templated":true}]}}