{"id":50366,"date":"2026-04-12T08:42:38","date_gmt":"2026-04-12T06:42:38","guid":{"rendered":"https:\/\/dev6.erresse-shop.it\/shop\/unkategorisiert\/sambonet-besteckservice-36-stueck-rock\/"},"modified":"2025-07-03T20:00:47","modified_gmt":"2025-07-03T18:00:47","slug":"sambonet-besteckservice-36-stueck-rock","status":"publish","type":"product","link":"https:\/\/dev6.erresse-shop.it\/de\/shop\/tisch\/besteck\/sambonet-besteckservice-36-stueck-rock\/","title":{"rendered":"SAMBONET Besteckservice 36 St\u00fcck Rock"},"content":{"rendered":"<p>F\u00fcr Sambonet geht der Begriff \u201cRock\u201d weit \u00fcber die \u00c4sthetik hinaus. Gest\u00e4rkt durch eine innovative DNA, entschlossen im Design und raffiniert im Stil, ist das neue Rock-Besteck extrem flexibel und bringt gleichzeitig Charakter und Schwung auf den Tisch. Die quadratischen Linien und die hohe Dicke des Edelstahls machen sie zu einer funktionalen und modernen Kollektion.<\/p>\n<p>Ein modernes, l\u00e4ssiges und attraktives Design, das den Tisch aufwertet.<br \/>\nKompletter Tischservice f\u00fcr 6 Personen. Enth\u00e4lt 6 Gabeln, 6 L\u00f6ffel, 6 Messer, 6 Obstgabeln, 6 Obstmesser und 6 Teel\u00f6ffel.<br \/>\nHergestellt aus langlebigem, hochwertigem Edelstahl 18\/10. Sp\u00fclmaschinenfest.<br \/>\nDie Hochglanzpolitur unterstreicht die hohe Qualit\u00e4t des Sambonet-Stahls und hebt Form und Design hervor.<br \/>\nDie bezaubernde Antique-Textur, die sich angenehm anf\u00fchlt, verleiht dem Stahl eine raffinierte und raffinierte matte Oberfl\u00e4che. Die PVD-F\u00e4rbung \u2013 ein eingetragenes Know-how von Sambonet \u2013 verleiht den Oberfl\u00e4chen Stil und St\u00e4rke.<\/p>\n<p>VOR UND NACH JEDEM GEBRAUCH<br \/>\nMit geeigneten Reinigungsmitteln, die kein Chlor oder Bleichmittel enthalten, waschen, absp\u00fclen und gr\u00fcndlich trocknen. Dann an einem trockenen Ort aufbewahren. Verwenden Sie keine Scheuerschw\u00e4mme oder -t\u00fccher und keine Scheuerschw\u00e4mme aus Metall. Reste von Salz, Zitrone, Essig, Tomatensaucen usw. sofort entfernen. Wenn Sie eine Geschirrsp\u00fclmaschine benutzen, vergewissern Sie sich, dass die Behandlung ein perfektes Trocknen und Polieren beinhaltet, und wenn nicht, machen Sie es manuell. Die Messerklingen sind aus geh\u00e4rtetem, rostfreiem Martensitstahl 420 gefertigt, der die Haltbarkeit des Schliffs gew\u00e4hrleistet, das Material aber empfindlicher gegen\u00fcber Korrosionsangriffen macht. Es ist wichtig, dass die Messer unmittelbar nach dem Gebrauch ordnungsgem\u00e4\u00df gereinigt, gewaschen und getrocknet werden.<\/p>\n","protected":false},"excerpt":{"rendered":"<p>F\u00fcr Sambonet geht der Begriff \u201cRock\u201d weit \u00fcber die \u00c4sthetik hinaus. Gest\u00e4rkt durch eine innovative DNA, entschlossen im Design und raffiniert im Stil, ist das neue Rock-Besteck extrem flexibel und bringt gleichzeitig Charakter und Schwung auf den Tisch. Die quadratischen Linien und die hohe Dicke des Edelstahls machen sie zu einer funktionalen und modernen Kollektion. [&hellip;]<\/p>\n","protected":false},"featured_media":6352631,"template":"","meta":{"_acf_changed":false},"product_cat":[12104,11671,12103],"product_tag":[],"class_list":{"0":"post-50366","1":"product","2":"type-product","3":"status-publish","4":"has-post-thumbnail","6":"product_cat-besteck","7":"product_cat-tavola","8":"product_cat-tisch","10":"first","11":"outofstock","12":"taxable","13":"shipping-taxable","14":"product-type-simple","swatches":"rey-swatches","show_selected":"","stretch_labels":"rey-swatches--stretch-labels"},"acf":[],"yoast_head":"<!-- This site is optimized with the Yoast SEO plugin v25.4 - https:\/\/yoast.com\/wordpress\/plugins\/seo\/ -->\n<title>SAMBONET Besteckservice 36 St\u00fcck Rock - dev6 Erresse<\/title>\n<meta name=\"description\" content=\"F\u00fcr Sambonet geht der Begriff \u201cRock\u201d weit \u00fcber die \u00c4sthetik hinaus. Gest\u00e4rkt durch eine innovative DNA, entschlossen im Design und raffiniert im Stil, ist\" \/>\n<meta name=\"robots\" content=\"noindex, follow, max-snippet:-1, max-image-preview:large, max-video-preview:-1\" \/>\n<meta property=\"og:locale\" content=\"de_DE\" \/>\n<meta property=\"og:type\" content=\"article\" \/>\n<meta property=\"og:title\" content=\"SAMBONET Besteckservice 36 St\u00fcck Rock - dev6 Erresse\" \/>\n<meta property=\"og:description\" content=\"F\u00fcr Sambonet geht der Begriff \u201cRock\u201d weit \u00fcber die \u00c4sthetik hinaus. Gest\u00e4rkt durch eine innovative DNA, entschlossen im Design und raffiniert im Stil, ist\" \/>\n<meta property=\"og:url\" content=\"https:\/\/dev6.erresse-shop.it\/de\/shop\/tisch\/besteck\/sambonet-besteckservice-36-stueck-rock\/\" \/>\n<meta property=\"og:site_name\" content=\"dev6 Erresse\" \/>\n<meta property=\"og:image\" content=\"https:\/\/interpim.erresse-shop.it\/img-catalogo\/sambonet\/sambinet-posate-rock-36.jpg\" \/><meta property=\"og:image\" content=\"https:\/\/interpim.erresse-shop.it\/img-catalogo\/sambonet\/sambinet-posate-rock-36.jpg\" \/>\n\t<meta property=\"og:image:width\" content=\"1024\" \/>\n\t<meta property=\"og:image:height\" content=\"1024\" \/>\n\t<meta property=\"og:image:type\" content=\"image\/jpeg\" \/>\n<meta name=\"twitter:card\" content=\"summary_large_image\" \/>\n<meta name=\"twitter:image\" content=\"https:\/\/interpim.erresse-shop.it\/img-catalogo\/sambonet\/sambinet-posate-rock-36.jpg\" \/>\n<script type=\"application\/ld+json\" class=\"yoast-schema-graph\">{\"@context\":\"https:\/\/schema.org\",\"@graph\":[{\"@type\":\"WebPage\",\"@id\":\"https:\/\/dev6.erresse-shop.it\/de\/shop\/tisch\/besteck\/sambonet-besteckservice-36-stueck-rock\/\",\"url\":\"https:\/\/dev6.erresse-shop.it\/de\/shop\/tisch\/besteck\/sambonet-besteckservice-36-stueck-rock\/\",\"name\":\"SAMBONET Besteckservice 36 St\u00fcck Rock - dev6 Erresse\",\"isPartOf\":{\"@id\":\"https:\/\/dev6.erresse-shop.it\/#website\"},\"primaryImageOfPage\":{\"@id\":\"https:\/\/dev6.erresse-shop.it\/de\/shop\/tisch\/besteck\/sambonet-besteckservice-36-stueck-rock\/#primaryimage\"},\"image\":{\"@id\":\"https:\/\/dev6.erresse-shop.it\/de\/shop\/tisch\/besteck\/sambonet-besteckservice-36-stueck-rock\/#primaryimage\"},\"thumbnailUrl\":\"https:\/\/i2.wp.com\/interpim.erresse-shop.it\/img-catalogo\/sambonet\/sambinet-posate-rock-36.jpg?ssl=1\",\"datePublished\":\"2026-04-12T06:42:38+00:00\",\"description\":\"F\u00fcr Sambonet geht der Begriff \u201cRock\u201d weit \u00fcber die \u00c4sthetik hinaus. Gest\u00e4rkt durch eine innovative DNA, entschlossen im Design und raffiniert im Stil, ist\",\"breadcrumb\":{\"@id\":\"https:\/\/dev6.erresse-shop.it\/de\/shop\/tisch\/besteck\/sambonet-besteckservice-36-stueck-rock\/#breadcrumb\"},\"inLanguage\":\"de\",\"potentialAction\":[{\"@type\":\"ReadAction\",\"target\":[\"https:\/\/dev6.erresse-shop.it\/de\/shop\/tisch\/besteck\/sambonet-besteckservice-36-stueck-rock\/\"]}]},{\"@type\":\"ImageObject\",\"inLanguage\":\"de\",\"@id\":\"https:\/\/dev6.erresse-shop.it\/de\/shop\/tisch\/besteck\/sambonet-besteckservice-36-stueck-rock\/#primaryimage\",\"url\":\"https:\/\/i2.wp.com\/interpim.erresse-shop.it\/img-catalogo\/sambonet\/sambinet-posate-rock-36.jpg?ssl=1\",\"contentUrl\":\"https:\/\/i2.wp.com\/interpim.erresse-shop.it\/img-catalogo\/sambonet\/sambinet-posate-rock-36.jpg?ssl=1\"},{\"@type\":\"BreadcrumbList\",\"@id\":\"https:\/\/dev6.erresse-shop.it\/de\/shop\/tisch\/besteck\/sambonet-besteckservice-36-stueck-rock\/#breadcrumb\",\"itemListElement\":[{\"@type\":\"ListItem\",\"position\":1,\"name\":\"Home\",\"item\":\"https:\/\/dev6.erresse-shop.it\/\"},{\"@type\":\"ListItem\",\"position\":2,\"name\":\"Shop\",\"item\":\"https:\/\/dev6.erresse-shop.it\/shop\/\"},{\"@type\":\"ListItem\",\"position\":3,\"name\":\"SAMBONET Besteckservice 36 St\u00fcck Rock\"}]},{\"@type\":\"WebSite\",\"@id\":\"https:\/\/dev6.erresse-shop.it\/#website\",\"url\":\"https:\/\/dev6.erresse-shop.it\/\",\"name\":\"Erresse Shop\",\"description\":\"\",\"publisher\":{\"@id\":\"https:\/\/dev6.erresse-shop.it\/#organization\"},\"potentialAction\":[{\"@type\":\"SearchAction\",\"target\":{\"@type\":\"EntryPoint\",\"urlTemplate\":\"https:\/\/dev6.erresse-shop.it\/?s={search_term_string}\"},\"query-input\":{\"@type\":\"PropertyValueSpecification\",\"valueRequired\":true,\"valueName\":\"search_term_string\"}}],\"inLanguage\":\"de\"},{\"@type\":\"Organization\",\"@id\":\"https:\/\/dev6.erresse-shop.it\/#organization\",\"name\":\"Erresse Shop\",\"url\":\"https:\/\/dev6.erresse-shop.it\/\",\"logo\":{\"@type\":\"ImageObject\",\"inLanguage\":\"de\",\"@id\":\"https:\/\/dev6.erresse-shop.it\/#\/schema\/logo\/image\/\",\"url\":\"https:\/\/dev6.erresse-shop.it\/wp-content\/uploads\/2025\/01\/LOGO-ERRESSE-CLASSICO.svg\",\"contentUrl\":\"https:\/\/dev6.erresse-shop.it\/wp-content\/uploads\/2025\/01\/LOGO-ERRESSE-CLASSICO.svg\",\"caption\":\"Erresse Shop\"},\"image\":{\"@id\":\"https:\/\/dev6.erresse-shop.it\/#\/schema\/logo\/image\/\"}}]}<\/script>\n<!-- \/ Yoast SEO plugin. -->","yoast_head_json":{"title":"SAMBONET Besteckservice 36 St\u00fcck Rock - dev6 Erresse","description":"F\u00fcr Sambonet geht der Begriff \u201cRock\u201d weit \u00fcber die \u00c4sthetik hinaus. Gest\u00e4rkt durch eine innovative DNA, entschlossen im Design und raffiniert im Stil, ist","robots":{"index":"noindex","follow":"follow","max-snippet":"max-snippet:-1","max-image-preview":"max-image-preview:large","max-video-preview":"max-video-preview:-1"},"og_locale":"de_DE","og_type":"article","og_title":"SAMBONET Besteckservice 36 St\u00fcck Rock - dev6 Erresse","og_description":"F\u00fcr Sambonet geht der Begriff \u201cRock\u201d weit \u00fcber die \u00c4sthetik hinaus. Gest\u00e4rkt durch eine innovative DNA, entschlossen im Design und raffiniert im Stil, ist","og_url":"https:\/\/dev6.erresse-shop.it\/de\/shop\/tisch\/besteck\/sambonet-besteckservice-36-stueck-rock\/","og_site_name":"dev6 Erresse","og_image":[{"url":"https:\/\/interpim.erresse-shop.it\/img-catalogo\/sambonet\/sambinet-posate-rock-36.jpg","type":"","width":"","height":""},{"url":"https:\/\/interpim.erresse-shop.it\/img-catalogo\/sambonet\/sambinet-posate-rock-36.jpg","width":1024,"height":1024,"type":"image\/jpeg"}],"twitter_card":"summary_large_image","twitter_image":"https:\/\/interpim.erresse-shop.it\/img-catalogo\/sambonet\/sambinet-posate-rock-36.jpg","schema":{"@context":"https:\/\/schema.org","@graph":[{"@type":"WebPage","@id":"https:\/\/dev6.erresse-shop.it\/de\/shop\/tisch\/besteck\/sambonet-besteckservice-36-stueck-rock\/","url":"https:\/\/dev6.erresse-shop.it\/de\/shop\/tisch\/besteck\/sambonet-besteckservice-36-stueck-rock\/","name":"SAMBONET Besteckservice 36 St\u00fcck Rock - dev6 Erresse","isPartOf":{"@id":"https:\/\/dev6.erresse-shop.it\/#website"},"primaryImageOfPage":{"@id":"https:\/\/dev6.erresse-shop.it\/de\/shop\/tisch\/besteck\/sambonet-besteckservice-36-stueck-rock\/#primaryimage"},"image":{"@id":"https:\/\/dev6.erresse-shop.it\/de\/shop\/tisch\/besteck\/sambonet-besteckservice-36-stueck-rock\/#primaryimage"},"thumbnailUrl":"https:\/\/i2.wp.com\/interpim.erresse-shop.it\/img-catalogo\/sambonet\/sambinet-posate-rock-36.jpg?ssl=1","datePublished":"2026-04-12T06:42:38+00:00","description":"F\u00fcr Sambonet geht der Begriff \u201cRock\u201d weit \u00fcber die \u00c4sthetik hinaus. Gest\u00e4rkt durch eine innovative DNA, entschlossen im Design und raffiniert im Stil, ist","breadcrumb":{"@id":"https:\/\/dev6.erresse-shop.it\/de\/shop\/tisch\/besteck\/sambonet-besteckservice-36-stueck-rock\/#breadcrumb"},"inLanguage":"de","potentialAction":[{"@type":"ReadAction","target":["https:\/\/dev6.erresse-shop.it\/de\/shop\/tisch\/besteck\/sambonet-besteckservice-36-stueck-rock\/"]}]},{"@type":"ImageObject","inLanguage":"de","@id":"https:\/\/dev6.erresse-shop.it\/de\/shop\/tisch\/besteck\/sambonet-besteckservice-36-stueck-rock\/#primaryimage","url":"https:\/\/i2.wp.com\/interpim.erresse-shop.it\/img-catalogo\/sambonet\/sambinet-posate-rock-36.jpg?ssl=1","contentUrl":"https:\/\/i2.wp.com\/interpim.erresse-shop.it\/img-catalogo\/sambonet\/sambinet-posate-rock-36.jpg?ssl=1"},{"@type":"BreadcrumbList","@id":"https:\/\/dev6.erresse-shop.it\/de\/shop\/tisch\/besteck\/sambonet-besteckservice-36-stueck-rock\/#breadcrumb","itemListElement":[{"@type":"ListItem","position":1,"name":"Home","item":"https:\/\/dev6.erresse-shop.it\/"},{"@type":"ListItem","position":2,"name":"Shop","item":"https:\/\/dev6.erresse-shop.it\/shop\/"},{"@type":"ListItem","position":3,"name":"SAMBONET Besteckservice 36 St\u00fcck Rock"}]},{"@type":"WebSite","@id":"https:\/\/dev6.erresse-shop.it\/#website","url":"https:\/\/dev6.erresse-shop.it\/","name":"Erresse Shop","description":"","publisher":{"@id":"https:\/\/dev6.erresse-shop.it\/#organization"},"potentialAction":[{"@type":"SearchAction","target":{"@type":"EntryPoint","urlTemplate":"https:\/\/dev6.erresse-shop.it\/?s={search_term_string}"},"query-input":{"@type":"PropertyValueSpecification","valueRequired":true,"valueName":"search_term_string"}}],"inLanguage":"de"},{"@type":"Organization","@id":"https:\/\/dev6.erresse-shop.it\/#organization","name":"Erresse Shop","url":"https:\/\/dev6.erresse-shop.it\/","logo":{"@type":"ImageObject","inLanguage":"de","@id":"https:\/\/dev6.erresse-shop.it\/#\/schema\/logo\/image\/","url":"https:\/\/dev6.erresse-shop.it\/wp-content\/uploads\/2025\/01\/LOGO-ERRESSE-CLASSICO.svg","contentUrl":"https:\/\/dev6.erresse-shop.it\/wp-content\/uploads\/2025\/01\/LOGO-ERRESSE-CLASSICO.svg","caption":"Erresse Shop"},"image":{"@id":"https:\/\/dev6.erresse-shop.it\/#\/schema\/logo\/image\/"}}]}},"df_price":"","df_sale_price":"","df_regular_price":"","df_image_link":"https:\/\/i2.wp.com\/interpim.erresse-shop.it\/img-catalogo\/sambonet\/sambinet-posate-rock-36.jpg?resize=300,300&ssl=1","fifu_image_url":"https:\/\/interpim.erresse-shop.it\/img-catalogo\/sambonet\/sambinet-posate-rock-36.jpg","_links":{"self":[{"href":"https:\/\/dev6.erresse-shop.it\/de\/wp-json\/wp\/v2\/product\/50366","targetHints":{"allow":["GET"]}}],"collection":[{"href":"https:\/\/dev6.erresse-shop.it\/de\/wp-json\/wp\/v2\/product"}],"about":[{"href":"https:\/\/dev6.erresse-shop.it\/de\/wp-json\/wp\/v2\/types\/product"}],"wp:featuredmedia":[{"embeddable":true,"href":"https:\/\/dev6.erresse-shop.it\/de\/wp-json\/wp\/v2\/media\/6352631"}],"wp:attachment":[{"href":"https:\/\/dev6.erresse-shop.it\/de\/wp-json\/wp\/v2\/media?parent=50366"}],"wp:term":[{"taxonomy":"product_cat","embeddable":true,"href":"https:\/\/dev6.erresse-shop.it\/de\/wp-json\/wp\/v2\/product_cat?post=50366"},{"taxonomy":"product_tag","embeddable":true,"href":"https:\/\/dev6.erresse-shop.it\/de\/wp-json\/wp\/v2\/product_tag?post=50366"}],"curies":[{"name":"wp","href":"https:\/\/api.w.org\/{rel}","templated":true}]}}