{"id":50348,"date":"2026-04-12T08:42:38","date_gmt":"2026-04-12T06:42:38","guid":{"rendered":"https:\/\/dev6.erresse-shop.it\/shop\/unkategorisiert\/versace-home-vase-prestige-gala-blau\/"},"modified":"2025-07-03T20:00:24","modified_gmt":"2025-07-03T18:00:24","slug":"versace-home-vase-prestige-gala-blau","status":"publish","type":"product","link":"https:\/\/dev6.erresse-shop.it\/de\/shop\/einrichtung-haus\/vasen\/versace-home-vase-prestige-gala-blau\/","title":{"rendered":"VERSACE HOME Vase Prestige Gala Blau"},"content":{"rendered":"<p>H\u00f6he: 26 cm<\/p>\n<p>Die Vase ist mit feinen Gold- und Platindekoren verziert, die gekonnt mit raffinierten dekorativen Motiven kombiniert werden, unter denen die Farbe Blau\/T\u00fcrkis besonders hervorsticht. Es ist ein Triumph der pr\u00e4chtigen Ornamente, die ihm einen exzentrischen Stil verleihen.<\/p>\n<p>Der absolute Protagonist in der Mitte ist eine gro\u00dfe vergoldete Vase, die mit kostbaren Akanthusbl\u00e4ttern und zarten Ornamenten verziert ist, w\u00e4hrend zwei imposante L\u00f6wen sie an den Seiten einrahmen. Auch der pr\u00e4chtige Kopf der Medusa kehrt zur\u00fcck, das Symbol der Verf\u00fchrung schlechthin, das vom Designer ausgew\u00e4hlt wurde und bereits als Grundlage f\u00fcr andere Rosenthal Versace-Dekorationen diente.<\/p>\n<p>Dank der speziellen Verarbeitung sind sowohl das Dekor als auch die Farbe und die Leuchtkraft \u00e4u\u00dferst kratz- und abriebfest.<\/p>\n<p>Rosenthal verdankt seinen weltweiten Ruf seiner F\u00e4higkeit, Tradition und Innovation stets zu verbinden, w\u00e4hrend Versace weltweit f\u00fcr seinen einzigartigen und luxuri\u00f6sen Glamour bekannt ist. Gemeinsam sind sie in der Lage, elegante, raffinierte und gleichzeitig aufregende Geschirr- und Geschenkkollektionen zu entwerfen, die von Epochen und Kulturen anderer Zeiten inspiriert sind.<\/p>\n","protected":false},"excerpt":{"rendered":"<p>H\u00f6he: 26 cm Die Vase ist mit feinen Gold- und Platindekoren verziert, die gekonnt mit raffinierten dekorativen Motiven kombiniert werden, unter denen die Farbe Blau\/T\u00fcrkis besonders hervorsticht. Es ist ein Triumph der pr\u00e4chtigen Ornamente, die ihm einen exzentrischen Stil verleihen. Der absolute Protagonist in der Mitte ist eine gro\u00dfe vergoldete Vase, die mit kostbaren Akanthusbl\u00e4ttern [&hellip;]<\/p>\n","protected":false},"featured_media":6352610,"template":"","meta":{"_acf_changed":false},"product_cat":[11666,12098,12126],"product_tag":[],"class_list":{"0":"post-50348","1":"product","2":"type-product","3":"status-publish","4":"has-post-thumbnail","6":"product_cat-arredamento-casa","7":"product_cat-einrichtung-haus","8":"product_cat-vasen","10":"first","11":"outofstock","12":"taxable","13":"shipping-taxable","14":"purchasable","15":"product-type-simple","swatches":"rey-swatches","show_selected":"","stretch_labels":"rey-swatches--stretch-labels"},"acf":[],"yoast_head":"<!-- This site is optimized with the Yoast SEO plugin v25.4 - https:\/\/yoast.com\/wordpress\/plugins\/seo\/ -->\n<title>VERSACE HOME Vase Prestige Gala Blau - dev6 Erresse<\/title>\n<meta name=\"description\" content=\"H\u00f6he: 26 cm Die Vase ist mit feinen Gold- und Platindekoren verziert, die gekonnt mit raffinierten dekorativen Motiven kombiniert werden, unter denen die\" \/>\n<meta name=\"robots\" content=\"noindex, follow, max-snippet:-1, max-image-preview:large, max-video-preview:-1\" \/>\n<meta property=\"og:locale\" content=\"de_DE\" \/>\n<meta property=\"og:type\" content=\"article\" \/>\n<meta property=\"og:title\" content=\"VERSACE HOME Vase Prestige Gala Blau - dev6 Erresse\" \/>\n<meta property=\"og:description\" content=\"H\u00f6he: 26 cm Die Vase ist mit feinen Gold- und Platindekoren verziert, die gekonnt mit raffinierten dekorativen Motiven kombiniert werden, unter denen die\" \/>\n<meta property=\"og:url\" content=\"https:\/\/dev6.erresse-shop.it\/de\/shop\/einrichtung-haus\/vasen\/versace-home-vase-prestige-gala-blau\/\" \/>\n<meta property=\"og:site_name\" content=\"dev6 Erresse\" \/>\n<meta property=\"og:image\" content=\"https:\/\/interpim.erresse-shop.it\/img-catalogo\/versace\/versace-home-vaso-prestige-gala-blu.jpg\" \/><meta property=\"og:image\" content=\"https:\/\/interpim.erresse-shop.it\/img-catalogo\/versace\/versace-home-vaso-prestige-gala-blu.jpg\" \/>\n\t<meta property=\"og:image:width\" content=\"1024\" \/>\n\t<meta property=\"og:image:height\" content=\"1024\" \/>\n\t<meta property=\"og:image:type\" content=\"image\/jpeg\" \/>\n<meta name=\"twitter:card\" content=\"summary_large_image\" \/>\n<meta name=\"twitter:image\" content=\"https:\/\/interpim.erresse-shop.it\/img-catalogo\/versace\/versace-home-vaso-prestige-gala-blu.jpg\" \/>\n<script type=\"application\/ld+json\" class=\"yoast-schema-graph\">{\"@context\":\"https:\/\/schema.org\",\"@graph\":[{\"@type\":\"WebPage\",\"@id\":\"https:\/\/dev6.erresse-shop.it\/de\/shop\/einrichtung-haus\/vasen\/versace-home-vase-prestige-gala-blau\/\",\"url\":\"https:\/\/dev6.erresse-shop.it\/de\/shop\/einrichtung-haus\/vasen\/versace-home-vase-prestige-gala-blau\/\",\"name\":\"VERSACE HOME Vase Prestige Gala Blau - dev6 Erresse\",\"isPartOf\":{\"@id\":\"https:\/\/dev6.erresse-shop.it\/#website\"},\"primaryImageOfPage\":{\"@id\":\"https:\/\/dev6.erresse-shop.it\/de\/shop\/einrichtung-haus\/vasen\/versace-home-vase-prestige-gala-blau\/#primaryimage\"},\"image\":{\"@id\":\"https:\/\/dev6.erresse-shop.it\/de\/shop\/einrichtung-haus\/vasen\/versace-home-vase-prestige-gala-blau\/#primaryimage\"},\"thumbnailUrl\":\"https:\/\/i0.wp.com\/interpim.erresse-shop.it\/img-catalogo\/versace\/versace-home-vaso-prestige-gala-blu.jpg?ssl=1\",\"datePublished\":\"2026-04-12T06:42:38+00:00\",\"description\":\"H\u00f6he: 26 cm Die Vase ist mit feinen Gold- und Platindekoren verziert, die gekonnt mit raffinierten dekorativen Motiven kombiniert werden, unter denen die\",\"breadcrumb\":{\"@id\":\"https:\/\/dev6.erresse-shop.it\/de\/shop\/einrichtung-haus\/vasen\/versace-home-vase-prestige-gala-blau\/#breadcrumb\"},\"inLanguage\":\"de\",\"potentialAction\":[{\"@type\":\"ReadAction\",\"target\":[\"https:\/\/dev6.erresse-shop.it\/de\/shop\/einrichtung-haus\/vasen\/versace-home-vase-prestige-gala-blau\/\"]}]},{\"@type\":\"ImageObject\",\"inLanguage\":\"de\",\"@id\":\"https:\/\/dev6.erresse-shop.it\/de\/shop\/einrichtung-haus\/vasen\/versace-home-vase-prestige-gala-blau\/#primaryimage\",\"url\":\"https:\/\/i0.wp.com\/interpim.erresse-shop.it\/img-catalogo\/versace\/versace-home-vaso-prestige-gala-blu.jpg?ssl=1\",\"contentUrl\":\"https:\/\/i0.wp.com\/interpim.erresse-shop.it\/img-catalogo\/versace\/versace-home-vaso-prestige-gala-blu.jpg?ssl=1\"},{\"@type\":\"BreadcrumbList\",\"@id\":\"https:\/\/dev6.erresse-shop.it\/de\/shop\/einrichtung-haus\/vasen\/versace-home-vase-prestige-gala-blau\/#breadcrumb\",\"itemListElement\":[{\"@type\":\"ListItem\",\"position\":1,\"name\":\"Home\",\"item\":\"https:\/\/dev6.erresse-shop.it\/\"},{\"@type\":\"ListItem\",\"position\":2,\"name\":\"Shop\",\"item\":\"https:\/\/dev6.erresse-shop.it\/shop\/\"},{\"@type\":\"ListItem\",\"position\":3,\"name\":\"VERSACE HOME Vase Prestige Gala Blau\"}]},{\"@type\":\"WebSite\",\"@id\":\"https:\/\/dev6.erresse-shop.it\/#website\",\"url\":\"https:\/\/dev6.erresse-shop.it\/\",\"name\":\"Erresse Shop\",\"description\":\"\",\"publisher\":{\"@id\":\"https:\/\/dev6.erresse-shop.it\/#organization\"},\"potentialAction\":[{\"@type\":\"SearchAction\",\"target\":{\"@type\":\"EntryPoint\",\"urlTemplate\":\"https:\/\/dev6.erresse-shop.it\/?s={search_term_string}\"},\"query-input\":{\"@type\":\"PropertyValueSpecification\",\"valueRequired\":true,\"valueName\":\"search_term_string\"}}],\"inLanguage\":\"de\"},{\"@type\":\"Organization\",\"@id\":\"https:\/\/dev6.erresse-shop.it\/#organization\",\"name\":\"Erresse Shop\",\"url\":\"https:\/\/dev6.erresse-shop.it\/\",\"logo\":{\"@type\":\"ImageObject\",\"inLanguage\":\"de\",\"@id\":\"https:\/\/dev6.erresse-shop.it\/#\/schema\/logo\/image\/\",\"url\":\"https:\/\/dev6.erresse-shop.it\/wp-content\/uploads\/2025\/01\/LOGO-ERRESSE-CLASSICO.svg\",\"contentUrl\":\"https:\/\/dev6.erresse-shop.it\/wp-content\/uploads\/2025\/01\/LOGO-ERRESSE-CLASSICO.svg\",\"caption\":\"Erresse Shop\"},\"image\":{\"@id\":\"https:\/\/dev6.erresse-shop.it\/#\/schema\/logo\/image\/\"}}]}<\/script>\n<!-- \/ Yoast SEO plugin. -->","yoast_head_json":{"title":"VERSACE HOME Vase Prestige Gala Blau - dev6 Erresse","description":"H\u00f6he: 26 cm Die Vase ist mit feinen Gold- und Platindekoren verziert, die gekonnt mit raffinierten dekorativen Motiven kombiniert werden, unter denen die","robots":{"index":"noindex","follow":"follow","max-snippet":"max-snippet:-1","max-image-preview":"max-image-preview:large","max-video-preview":"max-video-preview:-1"},"og_locale":"de_DE","og_type":"article","og_title":"VERSACE HOME Vase Prestige Gala Blau - dev6 Erresse","og_description":"H\u00f6he: 26 cm Die Vase ist mit feinen Gold- und Platindekoren verziert, die gekonnt mit raffinierten dekorativen Motiven kombiniert werden, unter denen die","og_url":"https:\/\/dev6.erresse-shop.it\/de\/shop\/einrichtung-haus\/vasen\/versace-home-vase-prestige-gala-blau\/","og_site_name":"dev6 Erresse","og_image":[{"url":"https:\/\/interpim.erresse-shop.it\/img-catalogo\/versace\/versace-home-vaso-prestige-gala-blu.jpg","type":"","width":"","height":""},{"url":"https:\/\/interpim.erresse-shop.it\/img-catalogo\/versace\/versace-home-vaso-prestige-gala-blu.jpg","width":1024,"height":1024,"type":"image\/jpeg"}],"twitter_card":"summary_large_image","twitter_image":"https:\/\/interpim.erresse-shop.it\/img-catalogo\/versace\/versace-home-vaso-prestige-gala-blu.jpg","schema":{"@context":"https:\/\/schema.org","@graph":[{"@type":"WebPage","@id":"https:\/\/dev6.erresse-shop.it\/de\/shop\/einrichtung-haus\/vasen\/versace-home-vase-prestige-gala-blau\/","url":"https:\/\/dev6.erresse-shop.it\/de\/shop\/einrichtung-haus\/vasen\/versace-home-vase-prestige-gala-blau\/","name":"VERSACE HOME Vase Prestige Gala Blau - dev6 Erresse","isPartOf":{"@id":"https:\/\/dev6.erresse-shop.it\/#website"},"primaryImageOfPage":{"@id":"https:\/\/dev6.erresse-shop.it\/de\/shop\/einrichtung-haus\/vasen\/versace-home-vase-prestige-gala-blau\/#primaryimage"},"image":{"@id":"https:\/\/dev6.erresse-shop.it\/de\/shop\/einrichtung-haus\/vasen\/versace-home-vase-prestige-gala-blau\/#primaryimage"},"thumbnailUrl":"https:\/\/i0.wp.com\/interpim.erresse-shop.it\/img-catalogo\/versace\/versace-home-vaso-prestige-gala-blu.jpg?ssl=1","datePublished":"2026-04-12T06:42:38+00:00","description":"H\u00f6he: 26 cm Die Vase ist mit feinen Gold- und Platindekoren verziert, die gekonnt mit raffinierten dekorativen Motiven kombiniert werden, unter denen die","breadcrumb":{"@id":"https:\/\/dev6.erresse-shop.it\/de\/shop\/einrichtung-haus\/vasen\/versace-home-vase-prestige-gala-blau\/#breadcrumb"},"inLanguage":"de","potentialAction":[{"@type":"ReadAction","target":["https:\/\/dev6.erresse-shop.it\/de\/shop\/einrichtung-haus\/vasen\/versace-home-vase-prestige-gala-blau\/"]}]},{"@type":"ImageObject","inLanguage":"de","@id":"https:\/\/dev6.erresse-shop.it\/de\/shop\/einrichtung-haus\/vasen\/versace-home-vase-prestige-gala-blau\/#primaryimage","url":"https:\/\/i0.wp.com\/interpim.erresse-shop.it\/img-catalogo\/versace\/versace-home-vaso-prestige-gala-blu.jpg?ssl=1","contentUrl":"https:\/\/i0.wp.com\/interpim.erresse-shop.it\/img-catalogo\/versace\/versace-home-vaso-prestige-gala-blu.jpg?ssl=1"},{"@type":"BreadcrumbList","@id":"https:\/\/dev6.erresse-shop.it\/de\/shop\/einrichtung-haus\/vasen\/versace-home-vase-prestige-gala-blau\/#breadcrumb","itemListElement":[{"@type":"ListItem","position":1,"name":"Home","item":"https:\/\/dev6.erresse-shop.it\/"},{"@type":"ListItem","position":2,"name":"Shop","item":"https:\/\/dev6.erresse-shop.it\/shop\/"},{"@type":"ListItem","position":3,"name":"VERSACE HOME Vase Prestige Gala Blau"}]},{"@type":"WebSite","@id":"https:\/\/dev6.erresse-shop.it\/#website","url":"https:\/\/dev6.erresse-shop.it\/","name":"Erresse Shop","description":"","publisher":{"@id":"https:\/\/dev6.erresse-shop.it\/#organization"},"potentialAction":[{"@type":"SearchAction","target":{"@type":"EntryPoint","urlTemplate":"https:\/\/dev6.erresse-shop.it\/?s={search_term_string}"},"query-input":{"@type":"PropertyValueSpecification","valueRequired":true,"valueName":"search_term_string"}}],"inLanguage":"de"},{"@type":"Organization","@id":"https:\/\/dev6.erresse-shop.it\/#organization","name":"Erresse Shop","url":"https:\/\/dev6.erresse-shop.it\/","logo":{"@type":"ImageObject","inLanguage":"de","@id":"https:\/\/dev6.erresse-shop.it\/#\/schema\/logo\/image\/","url":"https:\/\/dev6.erresse-shop.it\/wp-content\/uploads\/2025\/01\/LOGO-ERRESSE-CLASSICO.svg","contentUrl":"https:\/\/dev6.erresse-shop.it\/wp-content\/uploads\/2025\/01\/LOGO-ERRESSE-CLASSICO.svg","caption":"Erresse Shop"},"image":{"@id":"https:\/\/dev6.erresse-shop.it\/#\/schema\/logo\/image\/"}}]}},"df_price":445,"df_sale_price":"","df_regular_price":445,"df_image_link":"https:\/\/i0.wp.com\/interpim.erresse-shop.it\/img-catalogo\/versace\/versace-home-vaso-prestige-gala-blu.jpg?resize=300,300&ssl=1","fifu_image_url":"https:\/\/interpim.erresse-shop.it\/img-catalogo\/versace\/versace-home-vaso-prestige-gala-blu.jpg","_links":{"self":[{"href":"https:\/\/dev6.erresse-shop.it\/de\/wp-json\/wp\/v2\/product\/50348","targetHints":{"allow":["GET"]}}],"collection":[{"href":"https:\/\/dev6.erresse-shop.it\/de\/wp-json\/wp\/v2\/product"}],"about":[{"href":"https:\/\/dev6.erresse-shop.it\/de\/wp-json\/wp\/v2\/types\/product"}],"wp:featuredmedia":[{"embeddable":true,"href":"https:\/\/dev6.erresse-shop.it\/de\/wp-json\/wp\/v2\/media\/6352610"}],"wp:attachment":[{"href":"https:\/\/dev6.erresse-shop.it\/de\/wp-json\/wp\/v2\/media?parent=50348"}],"wp:term":[{"taxonomy":"product_cat","embeddable":true,"href":"https:\/\/dev6.erresse-shop.it\/de\/wp-json\/wp\/v2\/product_cat?post=50348"},{"taxonomy":"product_tag","embeddable":true,"href":"https:\/\/dev6.erresse-shop.it\/de\/wp-json\/wp\/v2\/product_tag?post=50348"}],"curies":[{"name":"wp","href":"https:\/\/api.w.org\/{rel}","templated":true}]}}