{"id":50326,"date":"2026-04-12T08:41:36","date_gmt":"2026-04-12T06:41:36","guid":{"rendered":"https:\/\/dev6.erresse-shop.it\/shop\/unkategorisiert\/zwilling-freshsave-vakuum-set-mix-7-teilig\/"},"modified":"2025-09-14T00:43:00","modified_gmt":"2025-09-13T22:43:00","slug":"zwilling-freshsave-vakuum-set-mix-7-teilig","status":"publish","type":"product","link":"https:\/\/dev6.erresse-shop.it\/de\/shop\/kuche\/messer\/messerblocke-messer\/zwilling-freshsave-vakuum-set-mix-7-teilig\/","title":{"rendered":"ZWILLING Fresh&#038;Save Vakuum-Set Mix 7-teilig"},"content":{"rendered":"<p>Erstes FRESH &amp; SAVE Glas-Vakuum-Set: die entspannte Art, Frische zu genie\u00dfen.<\/p>\n<p>Dieses Set wird Sie schnell \u00fcberzeugen: Der gro\u00dfe, elegante Vakuumbeh\u00e4lter aus Glas, die mittelgro\u00dfe Lunchbox aus leichtem, unzerbrechlichem Kunststoff, die vier wiederverwendbaren Vakuumbeutel und die Vakuumpumpe (praktisch, automatisch und kabellos!) werden Ihre neuen Verb\u00fcndeten in der K\u00fcche sein.<\/p>\n<p>Im Vergleich zu normalen Aufbewahrungsmethoden bleiben die Lebensmittel dank der Vakuumverpackung bis zu f\u00fcnfmal l\u00e4nger frisch!<\/p>\n<p>Mit den FRESH &amp; SAVE-Vakuumverpackungen aus Glas k\u00f6nnen Sie Obst, Gem\u00fcse, Fleisch oder Fisch im K\u00fchlschrank (oder Gefrierfach) aufbewahren oder mit Vakuumbeuteln Ihre eigene Frischetheke zu Hause einrichten. Sie k\u00f6nnen k\u00f6stliche Gerichte auch schon Tage im Voraus zubereiten und sie frisch genie\u00dfen, wenn Sie es w\u00fcnschen. Und in der Lunch Box k\u00f6nnen Sie dank der praktischen, flexiblen Trennwand alles mitnehmen, was Sie wollen. Wussten Sie, dass Sie die Vakuumbeh\u00e4lter auch zum Sous-vide-Garen oder Marinieren von Fleisch in nur 30 Minuten verwenden k\u00f6nnen? Und wenn Sie unterwegs sind \u2013 in der Schule, im B\u00fcro oder auf Reisen \u2013 h\u00e4lt der praktische Vakuumbeh\u00e4lter leckere Snacks f\u00fcr Sie bereit.<\/p>\n<p>Aber wie funktioniert das? Setzen Sie die Pumpe einfach \u00fcber das Ventil, dr\u00fccken Sie den Knopf und innerhalb von Sekunden wird ein Vakuum erzeugt. Die Pumpe stoppt automatisch, wenn sie ein ausreichendes Vakuum erzeugt hat. Und Sie k\u00f6nnen sicher sein, dass Aromen und Vitamine erhalten bleiben.<\/p>\n<p>Mit der ZWILLING Culinary World App haben Sie Ihre Vorr\u00e4te immer unter Kontrolle: Scannen Sie einfach den QR-Code auf den Beh\u00e4ltern oder Vakuumbeuteln und Sie werden daran erinnert, wann Sie Ihren Vorrat aufbrauchen m\u00fcssen. Das erste innovative FRESH &amp; SAVE Vakuumier-Set: entwickelt, um das Leben einfacher zu machen.<\/p>\n<p>Wie funktioniert die Vakuumverpackung? Im Vergleich zu normalen Aufbewahrungsmethoden bleiben die Lebensmittel bis zu f\u00fcnfmal l\u00e4nger frisch, wodurch Geschmack und N\u00e4hrstoffe erhalten bleiben und die Lebensmittelverschwendung reduziert wird.<br \/>\nSie k\u00f6nnen Lebensmittel gestapelt im K\u00fchl- oder Gefrierschrank aufbewahren, was ebenfalls Platz spart.<br \/>\nDer formsch\u00f6ne Glasbeh\u00e4lter eignet sich auch hervorragend zum Servieren bei Tisch \/ backofengeeignet (ohne Deckel, f\u00fcr Temperaturen bis 180 \u00b0C).<br \/>\nUltraleichte und unzerbrechliche Lunchbox zum Mitnehmen von allem, was Sie wollen, dank der praktischen flexiblen Trennwand.<br \/>\nSichere Aufbewahrung von Lebensmitteln und Fertiggerichten (Vakuum reduziert Gefrierbrand).<br \/>\nWiederverwendbare Vakuumbeutel: sicher, hitzebest\u00e4ndig, perfekt zum Sous-Vide-Garen, mikrowellengeeignet.<br \/>\nDas Set enth\u00e4lt eine Vakuumpumpe, 1 Glasbeh\u00e4lter, 1 Lunch Box und 4 wiederverwendbare Beutel (zwei in Gr\u00f6\u00dfe S und zwei in Gr\u00f6\u00dfe M). Beh\u00e4lterinhalt, ohne Deckel \/ max. F\u00fcllh\u00f6he: M 0,8 l \/ 0,65 l; L 2,0 l \/ 1,6 l; Vakuumbeutel: S 1,25 l \/ M 4 l<br \/>\nMaterialien: BPA-frei; Glasbeh\u00e4lter: Borosilikatglas (Boden), Kunststoff (Deckel), Silikon (Ventil, Dichtung); wiederverwendbarer Beutel: Kunststoff (Beutel, Rei\u00dfverschluss), Silikon (Ventil).<br \/>\nDank der ZWILLING Culinary World App und dem QR-Code auf dem Deckel, mit dem man die Lebensmittel und ihre Haltbarkeit im Blick behalten kann, hat man immer alles unter Kontrolle.<br \/>\nDie kostenlose App berechnet, wie lange Lebensmittel und Geschirr im Vakuum aufbewahrt werden k\u00f6nnen, und die Erinnerungsfunktion weist Sie darauf hin, wann es Zeit ist, das Vorr\u00e4tige zu verbrauchen. Die App enth\u00e4lt auch Rezepte, ein Erkl\u00e4rvideo und eine Einkaufslistenfunktion.<br \/>\nDie kostenlose App berechnet die Haltbarkeit von Lebensmitteln und Gerichten und die Erinnerungsfunktion sagt Ihnen, wann es an der Zeit ist, das Vorr\u00e4tige aufzubrauchen. Plus in der App, Rezepte, Videoerkl\u00e4rung und Einkaufslistenfunktion.<\/p>\n","protected":false},"excerpt":{"rendered":"<p>Erstes FRESH &amp; SAVE Glas-Vakuum-Set: die entspannte Art, Frische zu genie\u00dfen. Dieses Set wird Sie schnell \u00fcberzeugen: Der gro\u00dfe, elegante Vakuumbeh\u00e4lter aus Glas, die mittelgro\u00dfe Lunchbox aus leichtem, unzerbrechlichem Kunststoff, die vier wiederverwendbaren Vakuumbeutel und die Vakuumpumpe (praktisch, automatisch und kabellos!) werden Ihre neuen Verb\u00fcndeten in der K\u00fcche sein. Im Vergleich zu normalen Aufbewahrungsmethoden bleiben [&hellip;]<\/p>\n","protected":false},"featured_media":6352555,"template":"","meta":{"_acf_changed":false},"product_cat":[11668,12100,12203,12107],"product_tag":[],"class_list":{"0":"post-50326","1":"product","2":"type-product","3":"status-publish","4":"has-post-thumbnail","6":"product_cat-cucina","7":"product_cat-kuche","8":"product_cat-vakuum","9":"product_cat-messerblocke-messer","11":"first","12":"outofstock","13":"sale","14":"taxable","15":"shipping-taxable","16":"purchasable","17":"product-type-simple","swatches":"rey-swatches","show_selected":"","stretch_labels":"rey-swatches--stretch-labels"},"acf":[],"yoast_head":"<!-- This site is optimized with the Yoast SEO plugin v25.4 - https:\/\/yoast.com\/wordpress\/plugins\/seo\/ -->\n<title>ZWILLING Fresh&#038;Save Vakuum-Set Mix 7-teilig - dev6 Erresse<\/title>\n<meta name=\"description\" content=\"Erstes FRESH &amp; SAVE Glas-Vakuum-Set: die entspannte Art, Frische zu genie\u00dfen. Dieses Set wird Sie schnell \u00fcberzeugen: Der gro\u00dfe, elegante\" \/>\n<meta name=\"robots\" content=\"noindex, follow, max-snippet:-1, max-image-preview:large, max-video-preview:-1\" \/>\n<meta property=\"og:locale\" content=\"de_DE\" \/>\n<meta property=\"og:type\" content=\"article\" \/>\n<meta property=\"og:title\" content=\"ZWILLING Fresh&#038;Save Vakuum-Set Mix 7-teilig - dev6 Erresse\" \/>\n<meta property=\"og:description\" content=\"Erstes FRESH &amp; SAVE Glas-Vakuum-Set: die entspannte Art, Frische zu genie\u00dfen. Dieses Set wird Sie schnell \u00fcberzeugen: Der gro\u00dfe, elegante\" \/>\n<meta property=\"og:url\" content=\"https:\/\/dev6.erresse-shop.it\/de\/shop\/kuche\/messer\/messerblocke-messer\/zwilling-freshsave-vakuum-set-mix-7-teilig\/\" \/>\n<meta property=\"og:site_name\" content=\"dev6 Erresse\" \/>\n<meta property=\"og:image\" content=\"https:\/\/interpim.erresse-shop.it\/img-catalogo\/zwilling\/zwilling-set-sottovuoto-mix-freshsave-7-pezzi.jpg\" \/><meta property=\"og:image\" content=\"https:\/\/interpim.erresse-shop.it\/img-catalogo\/zwilling\/zwilling-set-sottovuoto-mix-freshsave-7-pezzi.jpg\" \/>\n\t<meta property=\"og:image:width\" content=\"1024\" \/>\n\t<meta property=\"og:image:height\" content=\"1024\" \/>\n\t<meta property=\"og:image:type\" content=\"image\/jpeg\" \/>\n<meta name=\"twitter:card\" content=\"summary_large_image\" \/>\n<meta name=\"twitter:image\" content=\"https:\/\/interpim.erresse-shop.it\/img-catalogo\/zwilling\/zwilling-set-sottovuoto-mix-freshsave-7-pezzi.jpg\" \/>\n<script type=\"application\/ld+json\" class=\"yoast-schema-graph\">{\"@context\":\"https:\/\/schema.org\",\"@graph\":[{\"@type\":\"WebPage\",\"@id\":\"https:\/\/dev6.erresse-shop.it\/de\/shop\/kuche\/messer\/messerblocke-messer\/zwilling-freshsave-vakuum-set-mix-7-teilig\/\",\"url\":\"https:\/\/dev6.erresse-shop.it\/de\/shop\/kuche\/messer\/messerblocke-messer\/zwilling-freshsave-vakuum-set-mix-7-teilig\/\",\"name\":\"ZWILLING Fresh&#038;Save Vakuum-Set Mix 7-teilig - dev6 Erresse\",\"isPartOf\":{\"@id\":\"https:\/\/dev6.erresse-shop.it\/#website\"},\"primaryImageOfPage\":{\"@id\":\"https:\/\/dev6.erresse-shop.it\/de\/shop\/kuche\/messer\/messerblocke-messer\/zwilling-freshsave-vakuum-set-mix-7-teilig\/#primaryimage\"},\"image\":{\"@id\":\"https:\/\/dev6.erresse-shop.it\/de\/shop\/kuche\/messer\/messerblocke-messer\/zwilling-freshsave-vakuum-set-mix-7-teilig\/#primaryimage\"},\"thumbnailUrl\":\"https:\/\/i0.wp.com\/interpim.erresse-shop.it\/img-catalogo\/zwilling\/zwilling-set-sottovuoto-mix-freshsave-7-pezzi.jpg?ssl=1\",\"datePublished\":\"2026-04-12T06:41:36+00:00\",\"description\":\"Erstes FRESH &amp; SAVE Glas-Vakuum-Set: die entspannte Art, Frische zu genie\u00dfen. Dieses Set wird Sie schnell \u00fcberzeugen: Der gro\u00dfe, elegante\",\"breadcrumb\":{\"@id\":\"https:\/\/dev6.erresse-shop.it\/de\/shop\/kuche\/messer\/messerblocke-messer\/zwilling-freshsave-vakuum-set-mix-7-teilig\/#breadcrumb\"},\"inLanguage\":\"de\",\"potentialAction\":[{\"@type\":\"ReadAction\",\"target\":[\"https:\/\/dev6.erresse-shop.it\/de\/shop\/kuche\/messer\/messerblocke-messer\/zwilling-freshsave-vakuum-set-mix-7-teilig\/\"]}]},{\"@type\":\"ImageObject\",\"inLanguage\":\"de\",\"@id\":\"https:\/\/dev6.erresse-shop.it\/de\/shop\/kuche\/messer\/messerblocke-messer\/zwilling-freshsave-vakuum-set-mix-7-teilig\/#primaryimage\",\"url\":\"https:\/\/i0.wp.com\/interpim.erresse-shop.it\/img-catalogo\/zwilling\/zwilling-set-sottovuoto-mix-freshsave-7-pezzi.jpg?ssl=1\",\"contentUrl\":\"https:\/\/i0.wp.com\/interpim.erresse-shop.it\/img-catalogo\/zwilling\/zwilling-set-sottovuoto-mix-freshsave-7-pezzi.jpg?ssl=1\"},{\"@type\":\"BreadcrumbList\",\"@id\":\"https:\/\/dev6.erresse-shop.it\/de\/shop\/kuche\/messer\/messerblocke-messer\/zwilling-freshsave-vakuum-set-mix-7-teilig\/#breadcrumb\",\"itemListElement\":[{\"@type\":\"ListItem\",\"position\":1,\"name\":\"Home\",\"item\":\"https:\/\/dev6.erresse-shop.it\/\"},{\"@type\":\"ListItem\",\"position\":2,\"name\":\"Shop\",\"item\":\"https:\/\/dev6.erresse-shop.it\/shop\/\"},{\"@type\":\"ListItem\",\"position\":3,\"name\":\"ZWILLING Fresh&#038;Save Vakuum-Set Mix 7-teilig\"}]},{\"@type\":\"WebSite\",\"@id\":\"https:\/\/dev6.erresse-shop.it\/#website\",\"url\":\"https:\/\/dev6.erresse-shop.it\/\",\"name\":\"Erresse Shop\",\"description\":\"\",\"publisher\":{\"@id\":\"https:\/\/dev6.erresse-shop.it\/#organization\"},\"potentialAction\":[{\"@type\":\"SearchAction\",\"target\":{\"@type\":\"EntryPoint\",\"urlTemplate\":\"https:\/\/dev6.erresse-shop.it\/?s={search_term_string}\"},\"query-input\":{\"@type\":\"PropertyValueSpecification\",\"valueRequired\":true,\"valueName\":\"search_term_string\"}}],\"inLanguage\":\"de\"},{\"@type\":\"Organization\",\"@id\":\"https:\/\/dev6.erresse-shop.it\/#organization\",\"name\":\"Erresse Shop\",\"url\":\"https:\/\/dev6.erresse-shop.it\/\",\"logo\":{\"@type\":\"ImageObject\",\"inLanguage\":\"de\",\"@id\":\"https:\/\/dev6.erresse-shop.it\/#\/schema\/logo\/image\/\",\"url\":\"https:\/\/dev6.erresse-shop.it\/wp-content\/uploads\/2025\/01\/LOGO-ERRESSE-CLASSICO.svg\",\"contentUrl\":\"https:\/\/dev6.erresse-shop.it\/wp-content\/uploads\/2025\/01\/LOGO-ERRESSE-CLASSICO.svg\",\"caption\":\"Erresse Shop\"},\"image\":{\"@id\":\"https:\/\/dev6.erresse-shop.it\/#\/schema\/logo\/image\/\"}}]}<\/script>\n<!-- \/ Yoast SEO plugin. -->","yoast_head_json":{"title":"ZWILLING Fresh&#038;Save Vakuum-Set Mix 7-teilig - dev6 Erresse","description":"Erstes FRESH &amp; SAVE Glas-Vakuum-Set: die entspannte Art, Frische zu genie\u00dfen. Dieses Set wird Sie schnell \u00fcberzeugen: Der gro\u00dfe, elegante","robots":{"index":"noindex","follow":"follow","max-snippet":"max-snippet:-1","max-image-preview":"max-image-preview:large","max-video-preview":"max-video-preview:-1"},"og_locale":"de_DE","og_type":"article","og_title":"ZWILLING Fresh&#038;Save Vakuum-Set Mix 7-teilig - dev6 Erresse","og_description":"Erstes FRESH &amp; SAVE Glas-Vakuum-Set: die entspannte Art, Frische zu genie\u00dfen. Dieses Set wird Sie schnell \u00fcberzeugen: Der gro\u00dfe, elegante","og_url":"https:\/\/dev6.erresse-shop.it\/de\/shop\/kuche\/messer\/messerblocke-messer\/zwilling-freshsave-vakuum-set-mix-7-teilig\/","og_site_name":"dev6 Erresse","og_image":[{"url":"https:\/\/interpim.erresse-shop.it\/img-catalogo\/zwilling\/zwilling-set-sottovuoto-mix-freshsave-7-pezzi.jpg","type":"","width":"","height":""},{"url":"https:\/\/interpim.erresse-shop.it\/img-catalogo\/zwilling\/zwilling-set-sottovuoto-mix-freshsave-7-pezzi.jpg","width":1024,"height":1024,"type":"image\/jpeg"}],"twitter_card":"summary_large_image","twitter_image":"https:\/\/interpim.erresse-shop.it\/img-catalogo\/zwilling\/zwilling-set-sottovuoto-mix-freshsave-7-pezzi.jpg","schema":{"@context":"https:\/\/schema.org","@graph":[{"@type":"WebPage","@id":"https:\/\/dev6.erresse-shop.it\/de\/shop\/kuche\/messer\/messerblocke-messer\/zwilling-freshsave-vakuum-set-mix-7-teilig\/","url":"https:\/\/dev6.erresse-shop.it\/de\/shop\/kuche\/messer\/messerblocke-messer\/zwilling-freshsave-vakuum-set-mix-7-teilig\/","name":"ZWILLING Fresh&#038;Save Vakuum-Set Mix 7-teilig - dev6 Erresse","isPartOf":{"@id":"https:\/\/dev6.erresse-shop.it\/#website"},"primaryImageOfPage":{"@id":"https:\/\/dev6.erresse-shop.it\/de\/shop\/kuche\/messer\/messerblocke-messer\/zwilling-freshsave-vakuum-set-mix-7-teilig\/#primaryimage"},"image":{"@id":"https:\/\/dev6.erresse-shop.it\/de\/shop\/kuche\/messer\/messerblocke-messer\/zwilling-freshsave-vakuum-set-mix-7-teilig\/#primaryimage"},"thumbnailUrl":"https:\/\/i0.wp.com\/interpim.erresse-shop.it\/img-catalogo\/zwilling\/zwilling-set-sottovuoto-mix-freshsave-7-pezzi.jpg?ssl=1","datePublished":"2026-04-12T06:41:36+00:00","description":"Erstes FRESH &amp; SAVE Glas-Vakuum-Set: die entspannte Art, Frische zu genie\u00dfen. Dieses Set wird Sie schnell \u00fcberzeugen: Der gro\u00dfe, elegante","breadcrumb":{"@id":"https:\/\/dev6.erresse-shop.it\/de\/shop\/kuche\/messer\/messerblocke-messer\/zwilling-freshsave-vakuum-set-mix-7-teilig\/#breadcrumb"},"inLanguage":"de","potentialAction":[{"@type":"ReadAction","target":["https:\/\/dev6.erresse-shop.it\/de\/shop\/kuche\/messer\/messerblocke-messer\/zwilling-freshsave-vakuum-set-mix-7-teilig\/"]}]},{"@type":"ImageObject","inLanguage":"de","@id":"https:\/\/dev6.erresse-shop.it\/de\/shop\/kuche\/messer\/messerblocke-messer\/zwilling-freshsave-vakuum-set-mix-7-teilig\/#primaryimage","url":"https:\/\/i0.wp.com\/interpim.erresse-shop.it\/img-catalogo\/zwilling\/zwilling-set-sottovuoto-mix-freshsave-7-pezzi.jpg?ssl=1","contentUrl":"https:\/\/i0.wp.com\/interpim.erresse-shop.it\/img-catalogo\/zwilling\/zwilling-set-sottovuoto-mix-freshsave-7-pezzi.jpg?ssl=1"},{"@type":"BreadcrumbList","@id":"https:\/\/dev6.erresse-shop.it\/de\/shop\/kuche\/messer\/messerblocke-messer\/zwilling-freshsave-vakuum-set-mix-7-teilig\/#breadcrumb","itemListElement":[{"@type":"ListItem","position":1,"name":"Home","item":"https:\/\/dev6.erresse-shop.it\/"},{"@type":"ListItem","position":2,"name":"Shop","item":"https:\/\/dev6.erresse-shop.it\/shop\/"},{"@type":"ListItem","position":3,"name":"ZWILLING Fresh&#038;Save Vakuum-Set Mix 7-teilig"}]},{"@type":"WebSite","@id":"https:\/\/dev6.erresse-shop.it\/#website","url":"https:\/\/dev6.erresse-shop.it\/","name":"Erresse Shop","description":"","publisher":{"@id":"https:\/\/dev6.erresse-shop.it\/#organization"},"potentialAction":[{"@type":"SearchAction","target":{"@type":"EntryPoint","urlTemplate":"https:\/\/dev6.erresse-shop.it\/?s={search_term_string}"},"query-input":{"@type":"PropertyValueSpecification","valueRequired":true,"valueName":"search_term_string"}}],"inLanguage":"de"},{"@type":"Organization","@id":"https:\/\/dev6.erresse-shop.it\/#organization","name":"Erresse Shop","url":"https:\/\/dev6.erresse-shop.it\/","logo":{"@type":"ImageObject","inLanguage":"de","@id":"https:\/\/dev6.erresse-shop.it\/#\/schema\/logo\/image\/","url":"https:\/\/dev6.erresse-shop.it\/wp-content\/uploads\/2025\/01\/LOGO-ERRESSE-CLASSICO.svg","contentUrl":"https:\/\/dev6.erresse-shop.it\/wp-content\/uploads\/2025\/01\/LOGO-ERRESSE-CLASSICO.svg","caption":"Erresse Shop"},"image":{"@id":"https:\/\/dev6.erresse-shop.it\/#\/schema\/logo\/image\/"}}]}},"df_price":84,"df_sale_price":84,"df_regular_price":99.95,"df_image_link":"https:\/\/i0.wp.com\/interpim.erresse-shop.it\/img-catalogo\/zwilling\/zwilling-set-sottovuoto-mix-freshsave-7-pezzi.jpg?resize=300,300&ssl=1","fifu_image_url":"https:\/\/interpim.erresse-shop.it\/img-catalogo\/zwilling\/zwilling-set-sottovuoto-mix-freshsave-7-pezzi.jpg","_links":{"self":[{"href":"https:\/\/dev6.erresse-shop.it\/de\/wp-json\/wp\/v2\/product\/50326","targetHints":{"allow":["GET"]}}],"collection":[{"href":"https:\/\/dev6.erresse-shop.it\/de\/wp-json\/wp\/v2\/product"}],"about":[{"href":"https:\/\/dev6.erresse-shop.it\/de\/wp-json\/wp\/v2\/types\/product"}],"wp:featuredmedia":[{"embeddable":true,"href":"https:\/\/dev6.erresse-shop.it\/de\/wp-json\/wp\/v2\/media\/6352555"}],"wp:attachment":[{"href":"https:\/\/dev6.erresse-shop.it\/de\/wp-json\/wp\/v2\/media?parent=50326"}],"wp:term":[{"taxonomy":"product_cat","embeddable":true,"href":"https:\/\/dev6.erresse-shop.it\/de\/wp-json\/wp\/v2\/product_cat?post=50326"},{"taxonomy":"product_tag","embeddable":true,"href":"https:\/\/dev6.erresse-shop.it\/de\/wp-json\/wp\/v2\/product_tag?post=50326"}],"curies":[{"name":"wp","href":"https:\/\/api.w.org\/{rel}","templated":true}]}}