{"id":50320,"date":"2026-04-12T08:41:36","date_gmt":"2026-04-12T06:41:36","guid":{"rendered":"https:\/\/dev6.erresse-shop.it\/shop\/unkategorisiert\/zwilling-freshsave-niedertemperatur-kochset-8-teilig\/"},"modified":"2025-09-14T00:42:58","modified_gmt":"2025-09-13T22:42:58","slug":"zwilling-freshsave-niedertemperatur-kochset-8-teilig","status":"publish","type":"product","link":"https:\/\/dev6.erresse-shop.it\/de\/shop\/kuche\/messer\/messerblocke-messer\/zwilling-freshsave-niedertemperatur-kochset-8-teilig\/","title":{"rendered":"ZWILLING Fresh&#038;Save Niedertemperatur-Kochset 8-teilig"},"content":{"rendered":"<p>Zehn Beutel, drei Gr\u00f6\u00dfen, unendlich viele M\u00f6glichkeiten: Die ZWILLING FRESH &amp; SAVE Vakuumbeutel sind wahre Allesk\u00f6nner in der K\u00fcche. Sie k\u00f6nnen die Luft in nur wenigen Sekunden absaugen und Ihre Lebensmittel bleiben bis zu f\u00fcnfmal l\u00e4nger frisch als bei herk\u00f6mmlicher Vakuumlagerung, ohne dass sie an Aroma oder N\u00e4hrstoffen verlieren. So k\u00f6nnen Sie Fleisch, Fisch und Gem\u00fcse einfach zubereiten und sp\u00e4ter genie\u00dfen. Dank der verschiedenen Gr\u00f6\u00dfen finden Sie immer die ideale Gr\u00f6\u00dfe f\u00fcr Ihre Lebensmittel. Mit dem Rei\u00dfverschluss k\u00f6nnen die wiederverschlie\u00dfbaren Vakuum-Lebensmittelbeutel leicht nachgef\u00fcllt werden. Aber Vakuum ist nicht nur zur Aufbewahrung da. Wussten Sie zum Beispiel, dass Sie Fleisch und Fisch effektiv im Vakuum marinieren k\u00f6nnen? Das Marinierzubeh\u00f6r ist im Taschenset enthalten. Vakuumbeutel sind auch ideal zum Kochen. Dar\u00fcber hinaus sind die Gefrierbeutel auch f\u00fcr die Mikrowelle geeignet, so dass Sie Lebensmittel aufw\u00e4rmen oder auftauen k\u00f6nnen, ohne sie in einen anderen Beh\u00e4lter umf\u00fcllen zu m\u00fcssen.<br \/>\nUnd mit der kostenlosen ZWILLING Culinary World App k\u00f6nnen Sie Ihr Essen ganz einfach \u00fcberwachen. Damit Sie jederzeit alles im Blick haben, verf\u00fcgen die Taschen nicht nur \u00fcber ein Feld f\u00fcr die Beschriftung, sondern auch \u00fcber eine eindeutige ID mit QR-Code. Auf diese Weise k\u00f6nnen Sie dank der App auch identische Lebensmittel problemlos getrennt halten. Dar\u00fcber hinaus schl\u00e4gt die App passende Rezepte vor und informiert Sie, wenn Ihre Lebensmittel bald ablaufen. Diese intelligente Aufbewahrung hilft Ihnen, Abfall zu vermeiden!<\/p>\n<p>Vakuumfunktion: Lebensmittel bleiben bis zu f\u00fcnfmal l\u00e4nger frisch als bei herk\u00f6mmlicher Vakuumlagerung: Aromen und N\u00e4hrstoffe bleiben sicher erhalten, die Abfallmenge wird reduziert.<br \/>\nPerfekt zum Vakuumgaren, Marinieren und Aufbewahren von Lebensmitteln im K\u00fchlschrank und in der Gefriertruhe (Vakuum reduziert das Risiko von Gefrierbrand)<br \/>\nEinfaches Marinieren mit dem Marinieraufsatz<br \/>\nGeeignet f\u00fcr Mikrowellen<br \/>\nSet bestehend aus 4 Vakuumbeuteln Gr\u00f6\u00dfe S (Fassungsverm\u00f6gen: 1,25 l, Abmessungen: 23 x 20 cm [L x B]), 4 Vakuumbeuteln Gr\u00f6\u00dfe M (Fassungsverm\u00f6gen: 4 l, Abmessungen: 35 x 25 cm [L x B]) und 2 Vakuumbeuteln Gr\u00f6\u00dfe L (Fassungsverm\u00f6gen: 8,5 l, Abmessungen: 49 x 30 cm [L x B])<br \/>\nMaterialien: BPA-freier Kunststoff (Beutel, Rei\u00dfverschluss), Silikon (Ventil)<br \/>\nWiederverwendbar, mit Platz f\u00fcr Beschriftung<br \/>\nEinfache Handhabung von Vakuumbeuteln dank innovativem Ventil (abschlie\u00dfbarer Betrieb mit Vakuumpumpe) und praktischem Rei\u00dfverschluss zum einfachen \u00d6ffnen und Schlie\u00dfen.<br \/>\nEinfache Verbindung der Vakuumbeutel mit der ZWILLING Culinary World App via QR-Code zur Lebensmittel\u00fcberwachung und -konservierung<br \/>\nEine eindeutige ID auf jedem Vakuumbeutel erleichtert die Identifizierung identischer Tiefk\u00fchl- und K\u00fchlkost.<br \/>\nDie kostenlose App ermittelt die Haltbarkeitsdauer von Lebensmitteln und Gerichten und weist dank der Erinnerungsfunktion darauf hin, wann sie verbraucht werden sollten. Rezepte, Erkl\u00e4rvideos und eine Einkaufsliste runden den Service der App ab.<\/p>\n<p>MERKMALE<br \/>\nFarbe: transparent<br \/>\nHitzebest\u00e4ndigkeit: 92,00 \u00baC<br \/>\nK\u00e4ltebest\u00e4ndigkeit: -18,00 \u00baC<br \/>\nMaterial: Kunststoff<br \/>\nGeeignet f\u00fcr Gefrierschrank: Ja<\/p>\n","protected":false},"excerpt":{"rendered":"<p>Zehn Beutel, drei Gr\u00f6\u00dfen, unendlich viele M\u00f6glichkeiten: Die ZWILLING FRESH &amp; SAVE Vakuumbeutel sind wahre Allesk\u00f6nner in der K\u00fcche. Sie k\u00f6nnen die Luft in nur wenigen Sekunden absaugen und Ihre Lebensmittel bleiben bis zu f\u00fcnfmal l\u00e4nger frisch als bei herk\u00f6mmlicher Vakuumlagerung, ohne dass sie an Aroma oder N\u00e4hrstoffen verlieren. So k\u00f6nnen Sie Fleisch, Fisch und [&hellip;]<\/p>\n","protected":false},"featured_media":6352518,"template":"","meta":{"_acf_changed":false},"product_cat":[11668,12100,12203,12107],"product_tag":[],"class_list":{"0":"post-50320","1":"product","2":"type-product","3":"status-publish","4":"has-post-thumbnail","6":"product_cat-cucina","7":"product_cat-kuche","8":"product_cat-vakuum","9":"product_cat-messerblocke-messer","11":"first","12":"outofstock","13":"sale","14":"taxable","15":"shipping-taxable","16":"purchasable","17":"product-type-simple","swatches":"rey-swatches","show_selected":"","stretch_labels":"rey-swatches--stretch-labels"},"acf":[],"yoast_head":"<!-- This site is optimized with the Yoast SEO plugin v25.4 - https:\/\/yoast.com\/wordpress\/plugins\/seo\/ -->\n<title>ZWILLING Fresh&#038;Save Niedertemperatur-Kochset 8-teilig - dev6 Erresse<\/title>\n<meta name=\"description\" content=\"Zehn Beutel, drei Gr\u00f6\u00dfen, unendlich viele M\u00f6glichkeiten: Die ZWILLING FRESH &amp; SAVE Vakuumbeutel sind wahre Allesk\u00f6nner in der K\u00fcche. Sie k\u00f6nnen die\" \/>\n<meta name=\"robots\" content=\"noindex, follow, max-snippet:-1, max-image-preview:large, max-video-preview:-1\" \/>\n<meta property=\"og:locale\" content=\"de_DE\" \/>\n<meta property=\"og:type\" content=\"article\" \/>\n<meta property=\"og:title\" content=\"ZWILLING Fresh&#038;Save Niedertemperatur-Kochset 8-teilig - dev6 Erresse\" \/>\n<meta property=\"og:description\" content=\"Zehn Beutel, drei Gr\u00f6\u00dfen, unendlich viele M\u00f6glichkeiten: Die ZWILLING FRESH &amp; SAVE Vakuumbeutel sind wahre Allesk\u00f6nner in der K\u00fcche. Sie k\u00f6nnen die\" \/>\n<meta property=\"og:url\" content=\"https:\/\/dev6.erresse-shop.it\/de\/shop\/kuche\/messer\/messerblocke-messer\/zwilling-freshsave-niedertemperatur-kochset-8-teilig\/\" \/>\n<meta property=\"og:site_name\" content=\"dev6 Erresse\" \/>\n<meta property=\"og:image\" content=\"https:\/\/interpim.erresse-shop.it\/img-catalogo\/zwilling\/zwilling-set-cottura-bassa-temperatura-freshsave-8-pezzi.jpg\" \/><meta property=\"og:image\" content=\"https:\/\/interpim.erresse-shop.it\/img-catalogo\/zwilling\/zwilling-set-cottura-bassa-temperatura-freshsave-8-pezzi.jpg\" \/>\n\t<meta property=\"og:image:width\" content=\"1024\" \/>\n\t<meta property=\"og:image:height\" content=\"1024\" \/>\n\t<meta property=\"og:image:type\" content=\"image\/jpeg\" \/>\n<meta name=\"twitter:card\" content=\"summary_large_image\" \/>\n<meta name=\"twitter:image\" content=\"https:\/\/interpim.erresse-shop.it\/img-catalogo\/zwilling\/zwilling-set-cottura-bassa-temperatura-freshsave-8-pezzi.jpg\" \/>\n<script type=\"application\/ld+json\" class=\"yoast-schema-graph\">{\"@context\":\"https:\/\/schema.org\",\"@graph\":[{\"@type\":\"WebPage\",\"@id\":\"https:\/\/dev6.erresse-shop.it\/de\/shop\/kuche\/messer\/messerblocke-messer\/zwilling-freshsave-niedertemperatur-kochset-8-teilig\/\",\"url\":\"https:\/\/dev6.erresse-shop.it\/de\/shop\/kuche\/messer\/messerblocke-messer\/zwilling-freshsave-niedertemperatur-kochset-8-teilig\/\",\"name\":\"ZWILLING Fresh&#038;Save Niedertemperatur-Kochset 8-teilig - dev6 Erresse\",\"isPartOf\":{\"@id\":\"https:\/\/dev6.erresse-shop.it\/#website\"},\"primaryImageOfPage\":{\"@id\":\"https:\/\/dev6.erresse-shop.it\/de\/shop\/kuche\/messer\/messerblocke-messer\/zwilling-freshsave-niedertemperatur-kochset-8-teilig\/#primaryimage\"},\"image\":{\"@id\":\"https:\/\/dev6.erresse-shop.it\/de\/shop\/kuche\/messer\/messerblocke-messer\/zwilling-freshsave-niedertemperatur-kochset-8-teilig\/#primaryimage\"},\"thumbnailUrl\":\"https:\/\/i2.wp.com\/interpim.erresse-shop.it\/img-catalogo\/zwilling\/zwilling-set-cottura-bassa-temperatura-freshsave-8-pezzi.jpg?ssl=1\",\"datePublished\":\"2026-04-12T06:41:36+00:00\",\"description\":\"Zehn Beutel, drei Gr\u00f6\u00dfen, unendlich viele M\u00f6glichkeiten: Die ZWILLING FRESH &amp; SAVE Vakuumbeutel sind wahre Allesk\u00f6nner in der K\u00fcche. Sie k\u00f6nnen die\",\"breadcrumb\":{\"@id\":\"https:\/\/dev6.erresse-shop.it\/de\/shop\/kuche\/messer\/messerblocke-messer\/zwilling-freshsave-niedertemperatur-kochset-8-teilig\/#breadcrumb\"},\"inLanguage\":\"de\",\"potentialAction\":[{\"@type\":\"ReadAction\",\"target\":[\"https:\/\/dev6.erresse-shop.it\/de\/shop\/kuche\/messer\/messerblocke-messer\/zwilling-freshsave-niedertemperatur-kochset-8-teilig\/\"]}]},{\"@type\":\"ImageObject\",\"inLanguage\":\"de\",\"@id\":\"https:\/\/dev6.erresse-shop.it\/de\/shop\/kuche\/messer\/messerblocke-messer\/zwilling-freshsave-niedertemperatur-kochset-8-teilig\/#primaryimage\",\"url\":\"https:\/\/i2.wp.com\/interpim.erresse-shop.it\/img-catalogo\/zwilling\/zwilling-set-cottura-bassa-temperatura-freshsave-8-pezzi.jpg?ssl=1\",\"contentUrl\":\"https:\/\/i2.wp.com\/interpim.erresse-shop.it\/img-catalogo\/zwilling\/zwilling-set-cottura-bassa-temperatura-freshsave-8-pezzi.jpg?ssl=1\"},{\"@type\":\"BreadcrumbList\",\"@id\":\"https:\/\/dev6.erresse-shop.it\/de\/shop\/kuche\/messer\/messerblocke-messer\/zwilling-freshsave-niedertemperatur-kochset-8-teilig\/#breadcrumb\",\"itemListElement\":[{\"@type\":\"ListItem\",\"position\":1,\"name\":\"Home\",\"item\":\"https:\/\/dev6.erresse-shop.it\/\"},{\"@type\":\"ListItem\",\"position\":2,\"name\":\"Shop\",\"item\":\"https:\/\/dev6.erresse-shop.it\/shop\/\"},{\"@type\":\"ListItem\",\"position\":3,\"name\":\"ZWILLING Fresh&#038;Save Niedertemperatur-Kochset 8-teilig\"}]},{\"@type\":\"WebSite\",\"@id\":\"https:\/\/dev6.erresse-shop.it\/#website\",\"url\":\"https:\/\/dev6.erresse-shop.it\/\",\"name\":\"Erresse Shop\",\"description\":\"\",\"publisher\":{\"@id\":\"https:\/\/dev6.erresse-shop.it\/#organization\"},\"potentialAction\":[{\"@type\":\"SearchAction\",\"target\":{\"@type\":\"EntryPoint\",\"urlTemplate\":\"https:\/\/dev6.erresse-shop.it\/?s={search_term_string}\"},\"query-input\":{\"@type\":\"PropertyValueSpecification\",\"valueRequired\":true,\"valueName\":\"search_term_string\"}}],\"inLanguage\":\"de\"},{\"@type\":\"Organization\",\"@id\":\"https:\/\/dev6.erresse-shop.it\/#organization\",\"name\":\"Erresse Shop\",\"url\":\"https:\/\/dev6.erresse-shop.it\/\",\"logo\":{\"@type\":\"ImageObject\",\"inLanguage\":\"de\",\"@id\":\"https:\/\/dev6.erresse-shop.it\/#\/schema\/logo\/image\/\",\"url\":\"https:\/\/dev6.erresse-shop.it\/wp-content\/uploads\/2025\/01\/LOGO-ERRESSE-CLASSICO.svg\",\"contentUrl\":\"https:\/\/dev6.erresse-shop.it\/wp-content\/uploads\/2025\/01\/LOGO-ERRESSE-CLASSICO.svg\",\"caption\":\"Erresse Shop\"},\"image\":{\"@id\":\"https:\/\/dev6.erresse-shop.it\/#\/schema\/logo\/image\/\"}}]}<\/script>\n<!-- \/ Yoast SEO plugin. -->","yoast_head_json":{"title":"ZWILLING Fresh&#038;Save Niedertemperatur-Kochset 8-teilig - dev6 Erresse","description":"Zehn Beutel, drei Gr\u00f6\u00dfen, unendlich viele M\u00f6glichkeiten: Die ZWILLING FRESH &amp; SAVE Vakuumbeutel sind wahre Allesk\u00f6nner in der K\u00fcche. Sie k\u00f6nnen die","robots":{"index":"noindex","follow":"follow","max-snippet":"max-snippet:-1","max-image-preview":"max-image-preview:large","max-video-preview":"max-video-preview:-1"},"og_locale":"de_DE","og_type":"article","og_title":"ZWILLING Fresh&#038;Save Niedertemperatur-Kochset 8-teilig - dev6 Erresse","og_description":"Zehn Beutel, drei Gr\u00f6\u00dfen, unendlich viele M\u00f6glichkeiten: Die ZWILLING FRESH &amp; SAVE Vakuumbeutel sind wahre Allesk\u00f6nner in der K\u00fcche. Sie k\u00f6nnen die","og_url":"https:\/\/dev6.erresse-shop.it\/de\/shop\/kuche\/messer\/messerblocke-messer\/zwilling-freshsave-niedertemperatur-kochset-8-teilig\/","og_site_name":"dev6 Erresse","og_image":[{"url":"https:\/\/interpim.erresse-shop.it\/img-catalogo\/zwilling\/zwilling-set-cottura-bassa-temperatura-freshsave-8-pezzi.jpg","type":"","width":"","height":""},{"url":"https:\/\/interpim.erresse-shop.it\/img-catalogo\/zwilling\/zwilling-set-cottura-bassa-temperatura-freshsave-8-pezzi.jpg","width":1024,"height":1024,"type":"image\/jpeg"}],"twitter_card":"summary_large_image","twitter_image":"https:\/\/interpim.erresse-shop.it\/img-catalogo\/zwilling\/zwilling-set-cottura-bassa-temperatura-freshsave-8-pezzi.jpg","schema":{"@context":"https:\/\/schema.org","@graph":[{"@type":"WebPage","@id":"https:\/\/dev6.erresse-shop.it\/de\/shop\/kuche\/messer\/messerblocke-messer\/zwilling-freshsave-niedertemperatur-kochset-8-teilig\/","url":"https:\/\/dev6.erresse-shop.it\/de\/shop\/kuche\/messer\/messerblocke-messer\/zwilling-freshsave-niedertemperatur-kochset-8-teilig\/","name":"ZWILLING Fresh&#038;Save Niedertemperatur-Kochset 8-teilig - dev6 Erresse","isPartOf":{"@id":"https:\/\/dev6.erresse-shop.it\/#website"},"primaryImageOfPage":{"@id":"https:\/\/dev6.erresse-shop.it\/de\/shop\/kuche\/messer\/messerblocke-messer\/zwilling-freshsave-niedertemperatur-kochset-8-teilig\/#primaryimage"},"image":{"@id":"https:\/\/dev6.erresse-shop.it\/de\/shop\/kuche\/messer\/messerblocke-messer\/zwilling-freshsave-niedertemperatur-kochset-8-teilig\/#primaryimage"},"thumbnailUrl":"https:\/\/i2.wp.com\/interpim.erresse-shop.it\/img-catalogo\/zwilling\/zwilling-set-cottura-bassa-temperatura-freshsave-8-pezzi.jpg?ssl=1","datePublished":"2026-04-12T06:41:36+00:00","description":"Zehn Beutel, drei Gr\u00f6\u00dfen, unendlich viele M\u00f6glichkeiten: Die ZWILLING FRESH &amp; SAVE Vakuumbeutel sind wahre Allesk\u00f6nner in der K\u00fcche. Sie k\u00f6nnen die","breadcrumb":{"@id":"https:\/\/dev6.erresse-shop.it\/de\/shop\/kuche\/messer\/messerblocke-messer\/zwilling-freshsave-niedertemperatur-kochset-8-teilig\/#breadcrumb"},"inLanguage":"de","potentialAction":[{"@type":"ReadAction","target":["https:\/\/dev6.erresse-shop.it\/de\/shop\/kuche\/messer\/messerblocke-messer\/zwilling-freshsave-niedertemperatur-kochset-8-teilig\/"]}]},{"@type":"ImageObject","inLanguage":"de","@id":"https:\/\/dev6.erresse-shop.it\/de\/shop\/kuche\/messer\/messerblocke-messer\/zwilling-freshsave-niedertemperatur-kochset-8-teilig\/#primaryimage","url":"https:\/\/i2.wp.com\/interpim.erresse-shop.it\/img-catalogo\/zwilling\/zwilling-set-cottura-bassa-temperatura-freshsave-8-pezzi.jpg?ssl=1","contentUrl":"https:\/\/i2.wp.com\/interpim.erresse-shop.it\/img-catalogo\/zwilling\/zwilling-set-cottura-bassa-temperatura-freshsave-8-pezzi.jpg?ssl=1"},{"@type":"BreadcrumbList","@id":"https:\/\/dev6.erresse-shop.it\/de\/shop\/kuche\/messer\/messerblocke-messer\/zwilling-freshsave-niedertemperatur-kochset-8-teilig\/#breadcrumb","itemListElement":[{"@type":"ListItem","position":1,"name":"Home","item":"https:\/\/dev6.erresse-shop.it\/"},{"@type":"ListItem","position":2,"name":"Shop","item":"https:\/\/dev6.erresse-shop.it\/shop\/"},{"@type":"ListItem","position":3,"name":"ZWILLING Fresh&#038;Save Niedertemperatur-Kochset 8-teilig"}]},{"@type":"WebSite","@id":"https:\/\/dev6.erresse-shop.it\/#website","url":"https:\/\/dev6.erresse-shop.it\/","name":"Erresse Shop","description":"","publisher":{"@id":"https:\/\/dev6.erresse-shop.it\/#organization"},"potentialAction":[{"@type":"SearchAction","target":{"@type":"EntryPoint","urlTemplate":"https:\/\/dev6.erresse-shop.it\/?s={search_term_string}"},"query-input":{"@type":"PropertyValueSpecification","valueRequired":true,"valueName":"search_term_string"}}],"inLanguage":"de"},{"@type":"Organization","@id":"https:\/\/dev6.erresse-shop.it\/#organization","name":"Erresse Shop","url":"https:\/\/dev6.erresse-shop.it\/","logo":{"@type":"ImageObject","inLanguage":"de","@id":"https:\/\/dev6.erresse-shop.it\/#\/schema\/logo\/image\/","url":"https:\/\/dev6.erresse-shop.it\/wp-content\/uploads\/2025\/01\/LOGO-ERRESSE-CLASSICO.svg","contentUrl":"https:\/\/dev6.erresse-shop.it\/wp-content\/uploads\/2025\/01\/LOGO-ERRESSE-CLASSICO.svg","caption":"Erresse Shop"},"image":{"@id":"https:\/\/dev6.erresse-shop.it\/#\/schema\/logo\/image\/"}}]}},"df_price":159,"df_sale_price":159,"df_regular_price":199,"df_image_link":"https:\/\/i2.wp.com\/interpim.erresse-shop.it\/img-catalogo\/zwilling\/zwilling-set-cottura-bassa-temperatura-freshsave-8-pezzi.jpg?resize=300,300&ssl=1","fifu_image_url":"https:\/\/interpim.erresse-shop.it\/img-catalogo\/zwilling\/zwilling-set-cottura-bassa-temperatura-freshsave-8-pezzi.jpg","_links":{"self":[{"href":"https:\/\/dev6.erresse-shop.it\/de\/wp-json\/wp\/v2\/product\/50320","targetHints":{"allow":["GET"]}}],"collection":[{"href":"https:\/\/dev6.erresse-shop.it\/de\/wp-json\/wp\/v2\/product"}],"about":[{"href":"https:\/\/dev6.erresse-shop.it\/de\/wp-json\/wp\/v2\/types\/product"}],"wp:featuredmedia":[{"embeddable":true,"href":"https:\/\/dev6.erresse-shop.it\/de\/wp-json\/wp\/v2\/media\/6352518"}],"wp:attachment":[{"href":"https:\/\/dev6.erresse-shop.it\/de\/wp-json\/wp\/v2\/media?parent=50320"}],"wp:term":[{"taxonomy":"product_cat","embeddable":true,"href":"https:\/\/dev6.erresse-shop.it\/de\/wp-json\/wp\/v2\/product_cat?post=50320"},{"taxonomy":"product_tag","embeddable":true,"href":"https:\/\/dev6.erresse-shop.it\/de\/wp-json\/wp\/v2\/product_tag?post=50320"}],"curies":[{"name":"wp","href":"https:\/\/api.w.org\/{rel}","templated":true}]}}