{"id":50312,"date":"2026-04-04T08:40:30","date_gmt":"2026-04-04T06:40:30","guid":{"rendered":"https:\/\/dev6.erresse-shop.it\/shop\/unkategorisiert\/zwilling-enfinigy-toaster-2-schlitze-schwarz\/"},"modified":"2025-07-03T19:59:43","modified_gmt":"2025-07-03T17:59:43","slug":"zwilling-enfinigy-toaster-2-schlitze-schwarz","status":"publish","type":"product","link":"https:\/\/dev6.erresse-shop.it\/de\/shop\/kleine-elektrogeraete\/toaster\/zwilling-enfinigy-toaster-2-schlitze-schwarz\/","title":{"rendered":"ZWILLING Enfinigy Toaster 2 Schlitze Schwarz"},"content":{"rendered":"<p>Genie\u00dfen Sie Ihren Toast, so wie sie ihn am liebsten haben. Jedes Mal. Der hochwertige ZWILLING Toaster f\u00fcr 2 Brotscheiben im modernen Design sorgt auch bei mehreren Toastvorg\u00e4ngen f\u00fcr eine immer gleichbleibende Br\u00e4unung der Toastscheiben. Daf\u00fcr verk\u00fcrzt er automatisch die R\u00f6stdauer, um die eingestellte Br\u00e4unung zu erreichen. Durch die 2 separaten Heizelemente des 1000-Watt-Toasters wird jeder Toast gleichm\u00e4\u00dfig auf beiden Seiten gebr\u00e4unt. Das Ergebnis ist au\u00dfen knusprig und innen noch weich \u2013 ein echter ZWILLING Toast. Fertige Toasts fliegen nicht aus dem Toaster. Die Toastscheiben gleiten dank Soft-Lift-Funktion sanft nach oben und mit der integrierten Nachhebefunktion k\u00f6nnen auch kleinere Scheiben bequem aus dem Toaster gehoben werden. Die Toasts k\u00f6nnen nicht verbrennen: Der Toaster schaltet sich nach der eingestellten R\u00f6stdauer automatisch ab. Selbst auf der h\u00f6chsten Stufe werden die Toasts maximal dunkelbraun. Mit der Stopp-Taste kann jeder Vorgang sofort abgebrochen werden. Kr\u00fcmel landen in der einfach herausnehmbaren Kr\u00fcmelschublade. Neben 7 Br\u00e4unungsstufen verf\u00fcgt der Toaster \u00fcber 3 Automatikprogramme. Mit der Aufw\u00e4rmfunktion kann kalt gewordener Toast wieder aufgew\u00e4rmt werden. Die Auftaufunktion erlaubt das direkte Toasten von gefrorenem Toast. Und die Bagelfunktion mit Brotscheibenzentrierung erm\u00f6glicht ideale Bagel-Toastergebnisse \u2013 innen ger\u00f6stet und au\u00dfen knusprig. Mit dem abnehmbaren Br\u00f6tchenaufsatz k\u00f6nnen zus\u00e4tzlich 2 Br\u00f6tchen aufgew\u00e4rmt oder getoastet werden. Dar\u00fcber hinaus kann der Br\u00f6tchenaufsatz dank symmetrisch angeordneter Querstreben auch ideal als Servierteller f\u00fcr Ihre Toasts verwendet werden.<\/p>\n<p>\u2013 Toaster f\u00fcr 2 Scheiben<br \/>\n\u2013 Automatische Anpassung der R\u00f6stdauer f\u00fcr gleichbleibende Br\u00e4unung auch bei mehreren Toastvorg\u00e4ngen<br \/>\n\u2013 3 Automatikprogramme: Auftau-, Aufw\u00e4rm- und Bagelfunktion<br \/>\n\u2013 Soft-Lift-Funktion sorgt f\u00fcr sanftes Hochfahren der Toastscheiben<br \/>\n\u2013 Sicherheitsfunktion mit Abschaltautomatik verhindert verbrannten Toast<br \/>\n\u2013 Abnehmbarer Br\u00f6tchenaufsatz<br \/>\n\u2013 Integrierte Kabelaufwicklung zum komfortablen Verstauen<br \/>\n\u2013 Entwickelt von ZWILLING in Deutschland, designt in Mailand, Italien, von Matteo Thun &amp; Antonio Rodriguez<\/p>\n<p>Eigenschaften<br \/>\n\u2013 Farbe: Silver<br \/>\n\u2013 Material: Stahl<br \/>\n\u2013 Beschichtung: heat insulating stainless steel case 2 separate heating units for constant browning results<br \/>\n\u2013 Voltzahl: 220-240 V<br \/>\n\u2013 Netzfrequenz: 50\/60 Hz<br \/>\n\u2013 Kabelaufbewahrung: Ja<br \/>\n\u2013 Leistung: 1.000 W<\/p>\n<p>Abmessungen<br \/>\n\u2013 Gewicht netto: 2,00 kg<br \/>\n\u2013 Produktl\u00e4nge: 29,20 cm<br \/>\n\u2013 Produktbreite: 16,80 cm<br \/>\n\u2013 Produkth\u00f6he: 20,60 cm<\/p>\n<p>Not for sale outside from Europe<\/p>\n","protected":false},"excerpt":{"rendered":"<p>Genie\u00dfen Sie Ihren Toast, so wie sie ihn am liebsten haben. Jedes Mal. Der hochwertige ZWILLING Toaster f\u00fcr 2 Brotscheiben im modernen Design sorgt auch bei mehreren Toastvorg\u00e4ngen f\u00fcr eine immer gleichbleibende Br\u00e4unung der Toastscheiben. Daf\u00fcr verk\u00fcrzt er automatisch die R\u00f6stdauer, um die eingestellte Br\u00e4unung zu erreichen. Durch die 2 separaten Heizelemente des 1000-Watt-Toasters wird [&hellip;]<\/p>\n","protected":false},"featured_media":6269171,"template":"","meta":{"_acf_changed":false},"product_cat":[12163,12176],"product_tag":[],"class_list":{"0":"post-50312","1":"product","2":"type-product","3":"status-publish","4":"has-post-thumbnail","6":"product_cat-kleine-elektrogeraete","7":"product_cat-toaster","9":"first","10":"outofstock","11":"sale","12":"taxable","13":"shipping-taxable","14":"purchasable","15":"product-type-simple","swatches":"rey-swatches","show_selected":"","stretch_labels":"rey-swatches--stretch-labels"},"acf":[],"yoast_head":"<!-- This site is optimized with the Yoast SEO plugin v25.4 - https:\/\/yoast.com\/wordpress\/plugins\/seo\/ -->\n<title>ZWILLING Enfinigy Toaster 2 Schlitze Schwarz - dev6 Erresse<\/title>\n<meta name=\"description\" content=\"Genie\u00dfen Sie Ihren Toast, so wie sie ihn am liebsten haben. Jedes Mal. Der hochwertige ZWILLING Toaster f\u00fcr 2 Brotscheiben im modernen Design sorgt auch\" \/>\n<meta name=\"robots\" content=\"noindex, follow, max-snippet:-1, max-image-preview:large, max-video-preview:-1\" \/>\n<meta property=\"og:locale\" content=\"de_DE\" \/>\n<meta property=\"og:type\" content=\"article\" \/>\n<meta property=\"og:title\" content=\"ZWILLING Enfinigy Toaster 2 Schlitze Schwarz - dev6 Erresse\" \/>\n<meta property=\"og:description\" content=\"Genie\u00dfen Sie Ihren Toast, so wie sie ihn am liebsten haben. Jedes Mal. Der hochwertige ZWILLING Toaster f\u00fcr 2 Brotscheiben im modernen Design sorgt auch\" \/>\n<meta property=\"og:url\" content=\"https:\/\/dev6.erresse-shop.it\/de\/shop\/kleine-elektrogeraete\/toaster\/zwilling-enfinigy-toaster-2-schlitze-schwarz\/\" \/>\n<meta property=\"og:site_name\" content=\"dev6 Erresse\" \/>\n<meta property=\"og:image\" content=\"https:\/\/interpim.erresse-shop.it\/img-catalogo\/zwilling\/zwilling-enfinigy-tostapane-2-fette-nero.jpg\" \/><meta property=\"og:image\" content=\"https:\/\/interpim.erresse-shop.it\/img-catalogo\/zwilling\/zwilling-enfinigy-tostapane-2-fette-nero.jpg\" \/>\n\t<meta property=\"og:image:width\" content=\"1024\" \/>\n\t<meta property=\"og:image:height\" content=\"1024\" \/>\n\t<meta property=\"og:image:type\" content=\"image\/jpeg\" \/>\n<meta name=\"twitter:card\" content=\"summary_large_image\" \/>\n<meta name=\"twitter:image\" content=\"https:\/\/interpim.erresse-shop.it\/img-catalogo\/zwilling\/zwilling-enfinigy-tostapane-2-fette-nero.jpg\" \/>\n<script type=\"application\/ld+json\" class=\"yoast-schema-graph\">{\"@context\":\"https:\/\/schema.org\",\"@graph\":[{\"@type\":\"WebPage\",\"@id\":\"https:\/\/dev6.erresse-shop.it\/de\/shop\/kleine-elektrogeraete\/toaster\/zwilling-enfinigy-toaster-2-schlitze-schwarz\/\",\"url\":\"https:\/\/dev6.erresse-shop.it\/de\/shop\/kleine-elektrogeraete\/toaster\/zwilling-enfinigy-toaster-2-schlitze-schwarz\/\",\"name\":\"ZWILLING Enfinigy Toaster 2 Schlitze Schwarz - dev6 Erresse\",\"isPartOf\":{\"@id\":\"https:\/\/dev6.erresse-shop.it\/#website\"},\"primaryImageOfPage\":{\"@id\":\"https:\/\/dev6.erresse-shop.it\/de\/shop\/kleine-elektrogeraete\/toaster\/zwilling-enfinigy-toaster-2-schlitze-schwarz\/#primaryimage\"},\"image\":{\"@id\":\"https:\/\/dev6.erresse-shop.it\/de\/shop\/kleine-elektrogeraete\/toaster\/zwilling-enfinigy-toaster-2-schlitze-schwarz\/#primaryimage\"},\"thumbnailUrl\":\"https:\/\/i3.wp.com\/interpim.erresse-shop.it\/img-catalogo\/zwilling\/zwilling-enfinigy-tostapane-2-fette-nero.jpg?ssl=1\",\"datePublished\":\"2026-04-04T06:40:30+00:00\",\"description\":\"Genie\u00dfen Sie Ihren Toast, so wie sie ihn am liebsten haben. Jedes Mal. Der hochwertige ZWILLING Toaster f\u00fcr 2 Brotscheiben im modernen Design sorgt auch\",\"breadcrumb\":{\"@id\":\"https:\/\/dev6.erresse-shop.it\/de\/shop\/kleine-elektrogeraete\/toaster\/zwilling-enfinigy-toaster-2-schlitze-schwarz\/#breadcrumb\"},\"inLanguage\":\"de\",\"potentialAction\":[{\"@type\":\"ReadAction\",\"target\":[\"https:\/\/dev6.erresse-shop.it\/de\/shop\/kleine-elektrogeraete\/toaster\/zwilling-enfinigy-toaster-2-schlitze-schwarz\/\"]}]},{\"@type\":\"ImageObject\",\"inLanguage\":\"de\",\"@id\":\"https:\/\/dev6.erresse-shop.it\/de\/shop\/kleine-elektrogeraete\/toaster\/zwilling-enfinigy-toaster-2-schlitze-schwarz\/#primaryimage\",\"url\":\"https:\/\/i3.wp.com\/interpim.erresse-shop.it\/img-catalogo\/zwilling\/zwilling-enfinigy-tostapane-2-fette-nero.jpg?ssl=1\",\"contentUrl\":\"https:\/\/i3.wp.com\/interpim.erresse-shop.it\/img-catalogo\/zwilling\/zwilling-enfinigy-tostapane-2-fette-nero.jpg?ssl=1\"},{\"@type\":\"BreadcrumbList\",\"@id\":\"https:\/\/dev6.erresse-shop.it\/de\/shop\/kleine-elektrogeraete\/toaster\/zwilling-enfinigy-toaster-2-schlitze-schwarz\/#breadcrumb\",\"itemListElement\":[{\"@type\":\"ListItem\",\"position\":1,\"name\":\"Home\",\"item\":\"https:\/\/dev6.erresse-shop.it\/\"},{\"@type\":\"ListItem\",\"position\":2,\"name\":\"Shop\",\"item\":\"https:\/\/dev6.erresse-shop.it\/shop\/\"},{\"@type\":\"ListItem\",\"position\":3,\"name\":\"ZWILLING Enfinigy Toaster 2 Schlitze Schwarz\"}]},{\"@type\":\"WebSite\",\"@id\":\"https:\/\/dev6.erresse-shop.it\/#website\",\"url\":\"https:\/\/dev6.erresse-shop.it\/\",\"name\":\"Erresse Shop\",\"description\":\"\",\"publisher\":{\"@id\":\"https:\/\/dev6.erresse-shop.it\/#organization\"},\"potentialAction\":[{\"@type\":\"SearchAction\",\"target\":{\"@type\":\"EntryPoint\",\"urlTemplate\":\"https:\/\/dev6.erresse-shop.it\/?s={search_term_string}\"},\"query-input\":{\"@type\":\"PropertyValueSpecification\",\"valueRequired\":true,\"valueName\":\"search_term_string\"}}],\"inLanguage\":\"de\"},{\"@type\":\"Organization\",\"@id\":\"https:\/\/dev6.erresse-shop.it\/#organization\",\"name\":\"Erresse Shop\",\"url\":\"https:\/\/dev6.erresse-shop.it\/\",\"logo\":{\"@type\":\"ImageObject\",\"inLanguage\":\"de\",\"@id\":\"https:\/\/dev6.erresse-shop.it\/#\/schema\/logo\/image\/\",\"url\":\"https:\/\/dev6.erresse-shop.it\/wp-content\/uploads\/2025\/01\/LOGO-ERRESSE-CLASSICO.svg\",\"contentUrl\":\"https:\/\/dev6.erresse-shop.it\/wp-content\/uploads\/2025\/01\/LOGO-ERRESSE-CLASSICO.svg\",\"caption\":\"Erresse Shop\"},\"image\":{\"@id\":\"https:\/\/dev6.erresse-shop.it\/#\/schema\/logo\/image\/\"}}]}<\/script>\n<!-- \/ Yoast SEO plugin. -->","yoast_head_json":{"title":"ZWILLING Enfinigy Toaster 2 Schlitze Schwarz - dev6 Erresse","description":"Genie\u00dfen Sie Ihren Toast, so wie sie ihn am liebsten haben. Jedes Mal. Der hochwertige ZWILLING Toaster f\u00fcr 2 Brotscheiben im modernen Design sorgt auch","robots":{"index":"noindex","follow":"follow","max-snippet":"max-snippet:-1","max-image-preview":"max-image-preview:large","max-video-preview":"max-video-preview:-1"},"og_locale":"de_DE","og_type":"article","og_title":"ZWILLING Enfinigy Toaster 2 Schlitze Schwarz - dev6 Erresse","og_description":"Genie\u00dfen Sie Ihren Toast, so wie sie ihn am liebsten haben. Jedes Mal. Der hochwertige ZWILLING Toaster f\u00fcr 2 Brotscheiben im modernen Design sorgt auch","og_url":"https:\/\/dev6.erresse-shop.it\/de\/shop\/kleine-elektrogeraete\/toaster\/zwilling-enfinigy-toaster-2-schlitze-schwarz\/","og_site_name":"dev6 Erresse","og_image":[{"url":"https:\/\/interpim.erresse-shop.it\/img-catalogo\/zwilling\/zwilling-enfinigy-tostapane-2-fette-nero.jpg","type":"","width":"","height":""},{"url":"https:\/\/interpim.erresse-shop.it\/img-catalogo\/zwilling\/zwilling-enfinigy-tostapane-2-fette-nero.jpg","width":1024,"height":1024,"type":"image\/jpeg"}],"twitter_card":"summary_large_image","twitter_image":"https:\/\/interpim.erresse-shop.it\/img-catalogo\/zwilling\/zwilling-enfinigy-tostapane-2-fette-nero.jpg","schema":{"@context":"https:\/\/schema.org","@graph":[{"@type":"WebPage","@id":"https:\/\/dev6.erresse-shop.it\/de\/shop\/kleine-elektrogeraete\/toaster\/zwilling-enfinigy-toaster-2-schlitze-schwarz\/","url":"https:\/\/dev6.erresse-shop.it\/de\/shop\/kleine-elektrogeraete\/toaster\/zwilling-enfinigy-toaster-2-schlitze-schwarz\/","name":"ZWILLING Enfinigy Toaster 2 Schlitze Schwarz - dev6 Erresse","isPartOf":{"@id":"https:\/\/dev6.erresse-shop.it\/#website"},"primaryImageOfPage":{"@id":"https:\/\/dev6.erresse-shop.it\/de\/shop\/kleine-elektrogeraete\/toaster\/zwilling-enfinigy-toaster-2-schlitze-schwarz\/#primaryimage"},"image":{"@id":"https:\/\/dev6.erresse-shop.it\/de\/shop\/kleine-elektrogeraete\/toaster\/zwilling-enfinigy-toaster-2-schlitze-schwarz\/#primaryimage"},"thumbnailUrl":"https:\/\/i3.wp.com\/interpim.erresse-shop.it\/img-catalogo\/zwilling\/zwilling-enfinigy-tostapane-2-fette-nero.jpg?ssl=1","datePublished":"2026-04-04T06:40:30+00:00","description":"Genie\u00dfen Sie Ihren Toast, so wie sie ihn am liebsten haben. Jedes Mal. Der hochwertige ZWILLING Toaster f\u00fcr 2 Brotscheiben im modernen Design sorgt auch","breadcrumb":{"@id":"https:\/\/dev6.erresse-shop.it\/de\/shop\/kleine-elektrogeraete\/toaster\/zwilling-enfinigy-toaster-2-schlitze-schwarz\/#breadcrumb"},"inLanguage":"de","potentialAction":[{"@type":"ReadAction","target":["https:\/\/dev6.erresse-shop.it\/de\/shop\/kleine-elektrogeraete\/toaster\/zwilling-enfinigy-toaster-2-schlitze-schwarz\/"]}]},{"@type":"ImageObject","inLanguage":"de","@id":"https:\/\/dev6.erresse-shop.it\/de\/shop\/kleine-elektrogeraete\/toaster\/zwilling-enfinigy-toaster-2-schlitze-schwarz\/#primaryimage","url":"https:\/\/i3.wp.com\/interpim.erresse-shop.it\/img-catalogo\/zwilling\/zwilling-enfinigy-tostapane-2-fette-nero.jpg?ssl=1","contentUrl":"https:\/\/i3.wp.com\/interpim.erresse-shop.it\/img-catalogo\/zwilling\/zwilling-enfinigy-tostapane-2-fette-nero.jpg?ssl=1"},{"@type":"BreadcrumbList","@id":"https:\/\/dev6.erresse-shop.it\/de\/shop\/kleine-elektrogeraete\/toaster\/zwilling-enfinigy-toaster-2-schlitze-schwarz\/#breadcrumb","itemListElement":[{"@type":"ListItem","position":1,"name":"Home","item":"https:\/\/dev6.erresse-shop.it\/"},{"@type":"ListItem","position":2,"name":"Shop","item":"https:\/\/dev6.erresse-shop.it\/shop\/"},{"@type":"ListItem","position":3,"name":"ZWILLING Enfinigy Toaster 2 Schlitze Schwarz"}]},{"@type":"WebSite","@id":"https:\/\/dev6.erresse-shop.it\/#website","url":"https:\/\/dev6.erresse-shop.it\/","name":"Erresse Shop","description":"","publisher":{"@id":"https:\/\/dev6.erresse-shop.it\/#organization"},"potentialAction":[{"@type":"SearchAction","target":{"@type":"EntryPoint","urlTemplate":"https:\/\/dev6.erresse-shop.it\/?s={search_term_string}"},"query-input":{"@type":"PropertyValueSpecification","valueRequired":true,"valueName":"search_term_string"}}],"inLanguage":"de"},{"@type":"Organization","@id":"https:\/\/dev6.erresse-shop.it\/#organization","name":"Erresse Shop","url":"https:\/\/dev6.erresse-shop.it\/","logo":{"@type":"ImageObject","inLanguage":"de","@id":"https:\/\/dev6.erresse-shop.it\/#\/schema\/logo\/image\/","url":"https:\/\/dev6.erresse-shop.it\/wp-content\/uploads\/2025\/01\/LOGO-ERRESSE-CLASSICO.svg","contentUrl":"https:\/\/dev6.erresse-shop.it\/wp-content\/uploads\/2025\/01\/LOGO-ERRESSE-CLASSICO.svg","caption":"Erresse Shop"},"image":{"@id":"https:\/\/dev6.erresse-shop.it\/#\/schema\/logo\/image\/"}}]}},"df_price":79,"df_sale_price":79,"df_regular_price":89.95,"df_image_link":"https:\/\/i3.wp.com\/interpim.erresse-shop.it\/img-catalogo\/zwilling\/zwilling-enfinigy-tostapane-2-fette-nero.jpg?resize=300,300&ssl=1","fifu_image_url":"https:\/\/interpim.erresse-shop.it\/img-catalogo\/zwilling\/zwilling-enfinigy-tostapane-2-fette-nero.jpg","_links":{"self":[{"href":"https:\/\/dev6.erresse-shop.it\/de\/wp-json\/wp\/v2\/product\/50312","targetHints":{"allow":["GET"]}}],"collection":[{"href":"https:\/\/dev6.erresse-shop.it\/de\/wp-json\/wp\/v2\/product"}],"about":[{"href":"https:\/\/dev6.erresse-shop.it\/de\/wp-json\/wp\/v2\/types\/product"}],"wp:featuredmedia":[{"embeddable":true,"href":"https:\/\/dev6.erresse-shop.it\/de\/wp-json\/wp\/v2\/media\/6269171"}],"wp:attachment":[{"href":"https:\/\/dev6.erresse-shop.it\/de\/wp-json\/wp\/v2\/media?parent=50312"}],"wp:term":[{"taxonomy":"product_cat","embeddable":true,"href":"https:\/\/dev6.erresse-shop.it\/de\/wp-json\/wp\/v2\/product_cat?post=50312"},{"taxonomy":"product_tag","embeddable":true,"href":"https:\/\/dev6.erresse-shop.it\/de\/wp-json\/wp\/v2\/product_tag?post=50312"}],"curies":[{"name":"wp","href":"https:\/\/api.w.org\/{rel}","templated":true}]}}