{"id":50310,"date":"2026-04-04T08:40:30","date_gmt":"2026-04-04T06:40:30","guid":{"rendered":"https:\/\/dev6.erresse-shop.it\/shop\/unkategorisiert\/zwilling-enfinigy-wasserkocher-pro-schwarz\/"},"modified":"2025-07-03T19:59:40","modified_gmt":"2025-07-03T17:59:40","slug":"zwilling-enfinigy-wasserkocher-pro-schwarz","status":"publish","type":"product","link":"https:\/\/dev6.erresse-shop.it\/de\/shop\/kleine-elektrogeraete\/elektrische-wasserkocher\/zwilling-enfinigy-wasserkocher-pro-schwarz\/","title":{"rendered":"ZWILLING Enfinigy Wasserkocher Pro Schwarz"},"content":{"rendered":"<p>Wasser kann jede Form annehmen, dies ist die sch\u00f6nste: der Wasserkocher Pro im zeitlosen ZWILLING Design. Der moderne Kocher \u00fcberzeugt aber nicht nur durch sein hochwertiges Design, sondern auch durch zahlreiche Funktionen. Der Wasserkocher mit Temperatureinstellung bietet 7 Programme, die \u00fcber die 360\u00b0-Basisstation mit Sensor-Touch-Display ausgew\u00e4hlt werden k\u00f6nnen. So erreicht der 1850-Watt-Kocher mit seinem Temperaturregler immer die ideale Gradzahl f\u00fcr beispielsweise Kaffee, Tee oder Babynahrung. Mit der integrierten Warmhaltefunktion bleibt das Wasser bis zu 30 Minuten auf Wunschtemperatur. Auch das w\u00e4rmeisolierende doppelwandige Geh\u00e4use h\u00e4lt das Wasser im Inneren l\u00e4nger warm und sorgt gleichzeitig f\u00fcr eine k\u00fchle Au\u00dfenwand. Der nahtlose 1,5-Liter-Beh\u00e4lter aus rostfreiem Edelstahl ist dabei besonders leicht zu reinigen und der integrierte Kalkfilter \u2013 ebenfalls teilweise aus Edelstahl \u2013 sorgt f\u00fcr besseren Geschmack. Mit hei\u00dfem Wasser muss man vorsichtig umgehen. Der passgenaue Filter verschlie\u00dft den Ausguss des Wasserkochers bei geschlossenem Deckel \u2013 so treten auch beim versehentlichen Umsto\u00dfen des elektrischen Wasserkochers nur sehr geringe Mengen Wasser aus.<\/p>\n<p>\u2013 7 Programme zur idealen Temperaturauswahl f\u00fcr Kaffee, Tee oder Babynahrung<br \/>\n\u2013 Praktische Warmhaltefunktion h\u00e4lt das Wasser bis zu 30 Minuten auf der gew\u00fcnschten Temperatur<br \/>\n\u2013 Warmhalten bei 100 \u00b0C erm\u00f6glicht das Sterilisieren von Babyflaschen<br \/>\n\u2013 Doppelwandgeh\u00e4use speichert die Temperatur im Inneren l\u00e4nger und sorgt f\u00fcr eine k\u00fchle Au\u00dfenwand<br \/>\n\u2013 70-Grad-\u00d6ffnung verhindert direkten Kontakt mit hei\u00dfem Dampf<br \/>\n\u2013 Nahtloser Edelstahlbeh\u00e4lter f\u00fcr einfache, r\u00fcckstandslose Reinigung<br \/>\n\u2013 Kalkfilter teilweise aus Edelstahl f\u00fcr besseren Geschmack und weniger Kalkablagerungen in Tee und Kaffee<br \/>\n\u2013 Integrierte Kabelaufwicklung zum komfortablen Verstauen<br \/>\n\u2013 Entwickelt von ZWILLING in Deutschland, designt in Mailand, Italien, von Matteo Thun &amp; Antonio Rodriguez<\/p>\n<p>Eigenschaften<br \/>\n\u2013 Farbe: Silver<br \/>\n\u2013 Material: Kunststoff<br \/>\n\u2013 Voltzahl: 220-240 V<br \/>\n\u2013 Temperaturregler: Ja<br \/>\n\u2013 Netzfrequenz: 50\/60 Hz<br \/>\n\u2013 Kabelaufbewahrung: Ja<br \/>\n\u2013 LCD Display: Ja<br \/>\n\u2013 Leistung: 1.850 W<\/p>\n<p>Abmessungen<br \/>\n\u2013 Gewicht netto: 1,70 kg<br \/>\n\u2013 Fassungsverm\u00f6gen: 1,50 l<br \/>\n\u2013 Produktl\u00e4nge: 22,30 cm<br \/>\n\u2013 Produktbreite: 15,20 cm<br \/>\n\u2013 Produkth\u00f6he: 24,40 cm<\/p>\n<p>Not for sale outside from Europe<\/p>\n","protected":false},"excerpt":{"rendered":"<p>Wasser kann jede Form annehmen, dies ist die sch\u00f6nste: der Wasserkocher Pro im zeitlosen ZWILLING Design. Der moderne Kocher \u00fcberzeugt aber nicht nur durch sein hochwertiges Design, sondern auch durch zahlreiche Funktionen. Der Wasserkocher mit Temperatureinstellung bietet 7 Programme, die \u00fcber die 360\u00b0-Basisstation mit Sensor-Touch-Display ausgew\u00e4hlt werden k\u00f6nnen. So erreicht der 1850-Watt-Kocher mit seinem Temperaturregler [&hellip;]<\/p>\n","protected":false},"featured_media":6269156,"template":"","meta":{"_acf_changed":false},"product_cat":[12166,12163],"product_tag":[],"class_list":{"0":"post-50310","1":"product","2":"type-product","3":"status-publish","4":"has-post-thumbnail","6":"product_cat-elektrische-wasserkocher","7":"product_cat-kleine-elektrogeraete","9":"first","10":"outofstock","11":"sale","12":"taxable","13":"shipping-taxable","14":"purchasable","15":"product-type-simple","swatches":"rey-swatches","show_selected":"","stretch_labels":"rey-swatches--stretch-labels"},"acf":[],"yoast_head":"<!-- This site is optimized with the Yoast SEO plugin v25.4 - https:\/\/yoast.com\/wordpress\/plugins\/seo\/ -->\n<title>ZWILLING Enfinigy Wasserkocher Pro Schwarz - dev6 Erresse<\/title>\n<meta name=\"description\" content=\"Wasser kann jede Form annehmen, dies ist die sch\u00f6nste: der Wasserkocher Pro im zeitlosen ZWILLING Design. Der moderne Kocher \u00fcberzeugt aber nicht nur\" \/>\n<meta name=\"robots\" content=\"noindex, follow, max-snippet:-1, max-image-preview:large, max-video-preview:-1\" \/>\n<meta property=\"og:locale\" content=\"de_DE\" \/>\n<meta property=\"og:type\" content=\"article\" \/>\n<meta property=\"og:title\" content=\"ZWILLING Enfinigy Wasserkocher Pro Schwarz - dev6 Erresse\" \/>\n<meta property=\"og:description\" content=\"Wasser kann jede Form annehmen, dies ist die sch\u00f6nste: der Wasserkocher Pro im zeitlosen ZWILLING Design. Der moderne Kocher \u00fcberzeugt aber nicht nur\" \/>\n<meta property=\"og:url\" content=\"https:\/\/dev6.erresse-shop.it\/de\/shop\/kleine-elektrogeraete\/elektrische-wasserkocher\/zwilling-enfinigy-wasserkocher-pro-schwarz\/\" \/>\n<meta property=\"og:site_name\" content=\"dev6 Erresse\" \/>\n<meta property=\"og:image\" content=\"https:\/\/interpim.erresse-shop.it\/img-catalogo\/zwilling\/zwilling-enfinigy-bollitore-elettrico-pro-nero.4.jpg\" \/><meta property=\"og:image\" content=\"https:\/\/interpim.erresse-shop.it\/img-catalogo\/zwilling\/zwilling-enfinigy-bollitore-elettrico-pro-nero.4.jpg\" \/>\n\t<meta property=\"og:image:width\" content=\"1024\" \/>\n\t<meta property=\"og:image:height\" content=\"1024\" \/>\n\t<meta property=\"og:image:type\" content=\"image\/jpeg\" \/>\n<meta name=\"twitter:card\" content=\"summary_large_image\" \/>\n<meta name=\"twitter:image\" content=\"https:\/\/interpim.erresse-shop.it\/img-catalogo\/zwilling\/zwilling-enfinigy-bollitore-elettrico-pro-nero.4.jpg\" \/>\n<script type=\"application\/ld+json\" class=\"yoast-schema-graph\">{\"@context\":\"https:\/\/schema.org\",\"@graph\":[{\"@type\":\"WebPage\",\"@id\":\"https:\/\/dev6.erresse-shop.it\/de\/shop\/kleine-elektrogeraete\/elektrische-wasserkocher\/zwilling-enfinigy-wasserkocher-pro-schwarz\/\",\"url\":\"https:\/\/dev6.erresse-shop.it\/de\/shop\/kleine-elektrogeraete\/elektrische-wasserkocher\/zwilling-enfinigy-wasserkocher-pro-schwarz\/\",\"name\":\"ZWILLING Enfinigy Wasserkocher Pro Schwarz - dev6 Erresse\",\"isPartOf\":{\"@id\":\"https:\/\/dev6.erresse-shop.it\/#website\"},\"primaryImageOfPage\":{\"@id\":\"https:\/\/dev6.erresse-shop.it\/de\/shop\/kleine-elektrogeraete\/elektrische-wasserkocher\/zwilling-enfinigy-wasserkocher-pro-schwarz\/#primaryimage\"},\"image\":{\"@id\":\"https:\/\/dev6.erresse-shop.it\/de\/shop\/kleine-elektrogeraete\/elektrische-wasserkocher\/zwilling-enfinigy-wasserkocher-pro-schwarz\/#primaryimage\"},\"thumbnailUrl\":\"https:\/\/i1.wp.com\/interpim.erresse-shop.it\/img-catalogo\/zwilling\/zwilling-enfinigy-bollitore-elettrico-pro-nero.4.jpg?ssl=1\",\"datePublished\":\"2026-04-04T06:40:30+00:00\",\"description\":\"Wasser kann jede Form annehmen, dies ist die sch\u00f6nste: der Wasserkocher Pro im zeitlosen ZWILLING Design. Der moderne Kocher \u00fcberzeugt aber nicht nur\",\"breadcrumb\":{\"@id\":\"https:\/\/dev6.erresse-shop.it\/de\/shop\/kleine-elektrogeraete\/elektrische-wasserkocher\/zwilling-enfinigy-wasserkocher-pro-schwarz\/#breadcrumb\"},\"inLanguage\":\"de\",\"potentialAction\":[{\"@type\":\"ReadAction\",\"target\":[\"https:\/\/dev6.erresse-shop.it\/de\/shop\/kleine-elektrogeraete\/elektrische-wasserkocher\/zwilling-enfinigy-wasserkocher-pro-schwarz\/\"]}]},{\"@type\":\"ImageObject\",\"inLanguage\":\"de\",\"@id\":\"https:\/\/dev6.erresse-shop.it\/de\/shop\/kleine-elektrogeraete\/elektrische-wasserkocher\/zwilling-enfinigy-wasserkocher-pro-schwarz\/#primaryimage\",\"url\":\"https:\/\/i1.wp.com\/interpim.erresse-shop.it\/img-catalogo\/zwilling\/zwilling-enfinigy-bollitore-elettrico-pro-nero.4.jpg?ssl=1\",\"contentUrl\":\"https:\/\/i1.wp.com\/interpim.erresse-shop.it\/img-catalogo\/zwilling\/zwilling-enfinigy-bollitore-elettrico-pro-nero.4.jpg?ssl=1\"},{\"@type\":\"BreadcrumbList\",\"@id\":\"https:\/\/dev6.erresse-shop.it\/de\/shop\/kleine-elektrogeraete\/elektrische-wasserkocher\/zwilling-enfinigy-wasserkocher-pro-schwarz\/#breadcrumb\",\"itemListElement\":[{\"@type\":\"ListItem\",\"position\":1,\"name\":\"Home\",\"item\":\"https:\/\/dev6.erresse-shop.it\/\"},{\"@type\":\"ListItem\",\"position\":2,\"name\":\"Shop\",\"item\":\"https:\/\/dev6.erresse-shop.it\/shop\/\"},{\"@type\":\"ListItem\",\"position\":3,\"name\":\"ZWILLING Enfinigy Wasserkocher Pro Schwarz\"}]},{\"@type\":\"WebSite\",\"@id\":\"https:\/\/dev6.erresse-shop.it\/#website\",\"url\":\"https:\/\/dev6.erresse-shop.it\/\",\"name\":\"Erresse Shop\",\"description\":\"\",\"publisher\":{\"@id\":\"https:\/\/dev6.erresse-shop.it\/#organization\"},\"potentialAction\":[{\"@type\":\"SearchAction\",\"target\":{\"@type\":\"EntryPoint\",\"urlTemplate\":\"https:\/\/dev6.erresse-shop.it\/?s={search_term_string}\"},\"query-input\":{\"@type\":\"PropertyValueSpecification\",\"valueRequired\":true,\"valueName\":\"search_term_string\"}}],\"inLanguage\":\"de\"},{\"@type\":\"Organization\",\"@id\":\"https:\/\/dev6.erresse-shop.it\/#organization\",\"name\":\"Erresse Shop\",\"url\":\"https:\/\/dev6.erresse-shop.it\/\",\"logo\":{\"@type\":\"ImageObject\",\"inLanguage\":\"de\",\"@id\":\"https:\/\/dev6.erresse-shop.it\/#\/schema\/logo\/image\/\",\"url\":\"https:\/\/dev6.erresse-shop.it\/wp-content\/uploads\/2025\/01\/LOGO-ERRESSE-CLASSICO.svg\",\"contentUrl\":\"https:\/\/dev6.erresse-shop.it\/wp-content\/uploads\/2025\/01\/LOGO-ERRESSE-CLASSICO.svg\",\"caption\":\"Erresse Shop\"},\"image\":{\"@id\":\"https:\/\/dev6.erresse-shop.it\/#\/schema\/logo\/image\/\"}}]}<\/script>\n<!-- \/ Yoast SEO plugin. -->","yoast_head_json":{"title":"ZWILLING Enfinigy Wasserkocher Pro Schwarz - dev6 Erresse","description":"Wasser kann jede Form annehmen, dies ist die sch\u00f6nste: der Wasserkocher Pro im zeitlosen ZWILLING Design. Der moderne Kocher \u00fcberzeugt aber nicht nur","robots":{"index":"noindex","follow":"follow","max-snippet":"max-snippet:-1","max-image-preview":"max-image-preview:large","max-video-preview":"max-video-preview:-1"},"og_locale":"de_DE","og_type":"article","og_title":"ZWILLING Enfinigy Wasserkocher Pro Schwarz - dev6 Erresse","og_description":"Wasser kann jede Form annehmen, dies ist die sch\u00f6nste: der Wasserkocher Pro im zeitlosen ZWILLING Design. Der moderne Kocher \u00fcberzeugt aber nicht nur","og_url":"https:\/\/dev6.erresse-shop.it\/de\/shop\/kleine-elektrogeraete\/elektrische-wasserkocher\/zwilling-enfinigy-wasserkocher-pro-schwarz\/","og_site_name":"dev6 Erresse","og_image":[{"url":"https:\/\/interpim.erresse-shop.it\/img-catalogo\/zwilling\/zwilling-enfinigy-bollitore-elettrico-pro-nero.4.jpg","type":"","width":"","height":""},{"url":"https:\/\/interpim.erresse-shop.it\/img-catalogo\/zwilling\/zwilling-enfinigy-bollitore-elettrico-pro-nero.4.jpg","width":1024,"height":1024,"type":"image\/jpeg"}],"twitter_card":"summary_large_image","twitter_image":"https:\/\/interpim.erresse-shop.it\/img-catalogo\/zwilling\/zwilling-enfinigy-bollitore-elettrico-pro-nero.4.jpg","schema":{"@context":"https:\/\/schema.org","@graph":[{"@type":"WebPage","@id":"https:\/\/dev6.erresse-shop.it\/de\/shop\/kleine-elektrogeraete\/elektrische-wasserkocher\/zwilling-enfinigy-wasserkocher-pro-schwarz\/","url":"https:\/\/dev6.erresse-shop.it\/de\/shop\/kleine-elektrogeraete\/elektrische-wasserkocher\/zwilling-enfinigy-wasserkocher-pro-schwarz\/","name":"ZWILLING Enfinigy Wasserkocher Pro Schwarz - dev6 Erresse","isPartOf":{"@id":"https:\/\/dev6.erresse-shop.it\/#website"},"primaryImageOfPage":{"@id":"https:\/\/dev6.erresse-shop.it\/de\/shop\/kleine-elektrogeraete\/elektrische-wasserkocher\/zwilling-enfinigy-wasserkocher-pro-schwarz\/#primaryimage"},"image":{"@id":"https:\/\/dev6.erresse-shop.it\/de\/shop\/kleine-elektrogeraete\/elektrische-wasserkocher\/zwilling-enfinigy-wasserkocher-pro-schwarz\/#primaryimage"},"thumbnailUrl":"https:\/\/i1.wp.com\/interpim.erresse-shop.it\/img-catalogo\/zwilling\/zwilling-enfinigy-bollitore-elettrico-pro-nero.4.jpg?ssl=1","datePublished":"2026-04-04T06:40:30+00:00","description":"Wasser kann jede Form annehmen, dies ist die sch\u00f6nste: der Wasserkocher Pro im zeitlosen ZWILLING Design. Der moderne Kocher \u00fcberzeugt aber nicht nur","breadcrumb":{"@id":"https:\/\/dev6.erresse-shop.it\/de\/shop\/kleine-elektrogeraete\/elektrische-wasserkocher\/zwilling-enfinigy-wasserkocher-pro-schwarz\/#breadcrumb"},"inLanguage":"de","potentialAction":[{"@type":"ReadAction","target":["https:\/\/dev6.erresse-shop.it\/de\/shop\/kleine-elektrogeraete\/elektrische-wasserkocher\/zwilling-enfinigy-wasserkocher-pro-schwarz\/"]}]},{"@type":"ImageObject","inLanguage":"de","@id":"https:\/\/dev6.erresse-shop.it\/de\/shop\/kleine-elektrogeraete\/elektrische-wasserkocher\/zwilling-enfinigy-wasserkocher-pro-schwarz\/#primaryimage","url":"https:\/\/i1.wp.com\/interpim.erresse-shop.it\/img-catalogo\/zwilling\/zwilling-enfinigy-bollitore-elettrico-pro-nero.4.jpg?ssl=1","contentUrl":"https:\/\/i1.wp.com\/interpim.erresse-shop.it\/img-catalogo\/zwilling\/zwilling-enfinigy-bollitore-elettrico-pro-nero.4.jpg?ssl=1"},{"@type":"BreadcrumbList","@id":"https:\/\/dev6.erresse-shop.it\/de\/shop\/kleine-elektrogeraete\/elektrische-wasserkocher\/zwilling-enfinigy-wasserkocher-pro-schwarz\/#breadcrumb","itemListElement":[{"@type":"ListItem","position":1,"name":"Home","item":"https:\/\/dev6.erresse-shop.it\/"},{"@type":"ListItem","position":2,"name":"Shop","item":"https:\/\/dev6.erresse-shop.it\/shop\/"},{"@type":"ListItem","position":3,"name":"ZWILLING Enfinigy Wasserkocher Pro Schwarz"}]},{"@type":"WebSite","@id":"https:\/\/dev6.erresse-shop.it\/#website","url":"https:\/\/dev6.erresse-shop.it\/","name":"Erresse Shop","description":"","publisher":{"@id":"https:\/\/dev6.erresse-shop.it\/#organization"},"potentialAction":[{"@type":"SearchAction","target":{"@type":"EntryPoint","urlTemplate":"https:\/\/dev6.erresse-shop.it\/?s={search_term_string}"},"query-input":{"@type":"PropertyValueSpecification","valueRequired":true,"valueName":"search_term_string"}}],"inLanguage":"de"},{"@type":"Organization","@id":"https:\/\/dev6.erresse-shop.it\/#organization","name":"Erresse Shop","url":"https:\/\/dev6.erresse-shop.it\/","logo":{"@type":"ImageObject","inLanguage":"de","@id":"https:\/\/dev6.erresse-shop.it\/#\/schema\/logo\/image\/","url":"https:\/\/dev6.erresse-shop.it\/wp-content\/uploads\/2025\/01\/LOGO-ERRESSE-CLASSICO.svg","contentUrl":"https:\/\/dev6.erresse-shop.it\/wp-content\/uploads\/2025\/01\/LOGO-ERRESSE-CLASSICO.svg","caption":"Erresse Shop"},"image":{"@id":"https:\/\/dev6.erresse-shop.it\/#\/schema\/logo\/image\/"}}]}},"df_price":109,"df_sale_price":109,"df_regular_price":129,"df_image_link":"https:\/\/i1.wp.com\/interpim.erresse-shop.it\/img-catalogo\/zwilling\/zwilling-enfinigy-bollitore-elettrico-pro-nero.4.jpg?resize=300,300&ssl=1","fifu_image_url":"https:\/\/interpim.erresse-shop.it\/img-catalogo\/zwilling\/zwilling-enfinigy-bollitore-elettrico-pro-nero.4.jpg","_links":{"self":[{"href":"https:\/\/dev6.erresse-shop.it\/de\/wp-json\/wp\/v2\/product\/50310","targetHints":{"allow":["GET"]}}],"collection":[{"href":"https:\/\/dev6.erresse-shop.it\/de\/wp-json\/wp\/v2\/product"}],"about":[{"href":"https:\/\/dev6.erresse-shop.it\/de\/wp-json\/wp\/v2\/types\/product"}],"wp:featuredmedia":[{"embeddable":true,"href":"https:\/\/dev6.erresse-shop.it\/de\/wp-json\/wp\/v2\/media\/6269156"}],"wp:attachment":[{"href":"https:\/\/dev6.erresse-shop.it\/de\/wp-json\/wp\/v2\/media?parent=50310"}],"wp:term":[{"taxonomy":"product_cat","embeddable":true,"href":"https:\/\/dev6.erresse-shop.it\/de\/wp-json\/wp\/v2\/product_cat?post=50310"},{"taxonomy":"product_tag","embeddable":true,"href":"https:\/\/dev6.erresse-shop.it\/de\/wp-json\/wp\/v2\/product_tag?post=50310"}],"curies":[{"name":"wp","href":"https:\/\/api.w.org\/{rel}","templated":true}]}}