{"id":50308,"date":"2026-04-04T08:40:30","date_gmt":"2026-04-04T06:40:30","guid":{"rendered":"https:\/\/dev6.erresse-shop.it\/shop\/unkategorisiert\/zwilling-enfinigy-hochleistungsstandmixer-schwarz\/"},"modified":"2025-09-14T00:42:49","modified_gmt":"2025-09-13T22:42:49","slug":"zwilling-enfinigy-hochleistungsstandmixer-schwarz","status":"publish","type":"product","link":"https:\/\/dev6.erresse-shop.it\/de\/shop\/kleine-elektrogeraete\/mixer\/zwilling-enfinigy-hochleistungsstandmixer-schwarz\/","title":{"rendered":"ZWILLING Enfinigy Hochleistungsstandmixer Schwarz"},"content":{"rendered":"<p>Das Messer haben wir perfektioniert. Jetzt ist der Standmixer dran. Der Hochleistungsstandmixer aus der ENFINIGY Serie \u00fcberzeugt mit einer neuen, zweifl\u00fcgeligen Klinge von ZWILLING. Sie wurde in Solingen f\u00fcr den K\u00fcchenmixer entwickelt. Durch den speziellen Wellenschliff mit Piranha-Zahnung sorgt sie f\u00fcr m\u00fcheloses Zerkleinern und ist besonders langlebig. Die perfekt aufeinander abgestimmte Kombination aus hochwertiger ZWILLING Edelstahlklinge, leistungsstarkem 1600-Watt-Motor und optimierter Beh\u00e4lterform sorgt f\u00fcr ideale P\u00fcrierergebnisse. Der 1,8-Liter-Mixbeh\u00e4lter aus BPA-freiem Tritan ist auch f\u00fcr gro\u00dfe Portionen geeignet. Er ist bruchfest und k\u00e4lte- sowie hitzebest\u00e4ndig \u2013 die Reinigung per Hand oder ganz einfach mit dem integrierten Reinigungsprogramm wird empfohlen. Auch die Oberfl\u00e4chen des Profi-Blenders sind durch das moderne One-Button-Design mit integriertem Display leicht zu reinigen. Durch die eingebaute Sicherheitsfunktion l\u00e4sst sich der Hochleistungsmixer nur mit Deckel betreiben \u2013 so besteht keine Verletzungsgefahr. Mit dem intuitiv zu bedienenden Drehknopf k\u00f6nnen 6 Automatikprogramme (Pulse, Smoothie, Cocktail, Eiscreme, Eiscrusher und Reinigung) und 12 Geschwindigkeitsstufen des Power Blenders ausgew\u00e4hlt werden. Auch Shakes, Dips, Saucen und vieles mehr k\u00f6nnen so mit der idealen Geschwindigkeit zubereitet werden. Das passende Zubeh\u00f6r ist bereits enthalten: Ein Messbecher und ein hochwertiger Stampfer erg\u00e4nzen den Hochleistungsstandmixer.<\/p>\n<p>\u2013 Kraftvoller 1600-Watt-Hochleistungsmotor f\u00fcr Mixen ohne Leistungsabfall<br \/>\n\u2013 ZWILLING Winglet-Klinge mit speziellem Wellenschliff und Piranha-Zahnung f\u00fcr feinste P\u00fcrierergebnisse<br \/>\n\u2013 6 Automatikprogramme: Pulse, Smoothie, Cocktail, Eiscreme, Eiscrusher und Reinigung<br \/>\n\u2013 Zahlreiche Zusatzfeatures wie Sicherheitsverriegelung und beleuchtetes Display<br \/>\n\u2013 Messbecher und ein hochwertiger Stampfer werden als praktisches Zubeh\u00f6r mitgeliefert<br \/>\n\u2013 Bruchfester und leicht zu reinigender 1,8-Liter-Mixbeh\u00e4lter aus BPA-freiem Tritan<br \/>\n\u2013 Entwickelt von ZWILLING in Deutschland, designt in Mailand, Italien, von Matteo Thun &amp; Antonio Rodriguez<\/p>\n<p>Eigenschaften<br \/>\n\u2013 Farbe: Silver<br \/>\n\u2013 Material: Kunststoff<br \/>\n\u2013 Voltzahl: 220-240 V<br \/>\n\u2013 Netzfrequenz: 50\/60 Hz<br \/>\n\u2013 Fassungsverm\u00f6gen des Tritan-Gef\u00e4\u00dfes: 1800 ml<br \/>\n\u2013 Verriegelungssystem: Ja<br \/>\n\u2013 Motorart: AC Motor<br \/>\n\u2013 Kabelaufbewahrung: Ja<br \/>\n\u2013 Programme: 6<br \/>\n\u2013 Klingenart: Winglet-Klinge<br \/>\n\u2013 Geschwindigkeitsstufen: 12<br \/>\n\u2013 LCD Display: Ja<br \/>\n\u2013 Leistung: 1.600 W<\/p>\n<p>Abmessungen<br \/>\n\u2013 Gewicht netto: 4,70 kg<br \/>\n\u2013 Fassungsverm\u00f6gen: 1,80 l<br \/>\n\u2013 Produktl\u00e4nge: 19,30 cm<br \/>\n\u2013 Produktbreite: 19,30 cm<br \/>\n\u2013 Produkth\u00f6he: 42,30 cm<\/p>\n<p>Not for sale outside from Europe<\/p>\n","protected":false},"excerpt":{"rendered":"<p>Das Messer haben wir perfektioniert. Jetzt ist der Standmixer dran. Der Hochleistungsstandmixer aus der ENFINIGY Serie \u00fcberzeugt mit einer neuen, zweifl\u00fcgeligen Klinge von ZWILLING. Sie wurde in Solingen f\u00fcr den K\u00fcchenmixer entwickelt. Durch den speziellen Wellenschliff mit Piranha-Zahnung sorgt sie f\u00fcr m\u00fcheloses Zerkleinern und ist besonders langlebig. Die perfekt aufeinander abgestimmte Kombination aus hochwertiger ZWILLING [&hellip;]<\/p>\n","protected":false},"featured_media":6269136,"template":"","meta":{"_acf_changed":false},"product_cat":[12163,12169],"product_tag":[],"class_list":{"0":"post-50308","1":"product","2":"type-product","3":"status-publish","4":"has-post-thumbnail","6":"product_cat-kleine-elektrogeraete","7":"product_cat-mixer","9":"first","10":"outofstock","11":"sale","12":"taxable","13":"shipping-taxable","14":"purchasable","15":"product-type-simple","swatches":"rey-swatches","show_selected":"","stretch_labels":"rey-swatches--stretch-labels"},"acf":[],"yoast_head":"<!-- This site is optimized with the Yoast SEO plugin v25.4 - https:\/\/yoast.com\/wordpress\/plugins\/seo\/ -->\n<title>ZWILLING Enfinigy Hochleistungsstandmixer Schwarz - dev6 Erresse<\/title>\n<meta name=\"description\" content=\"Das Messer haben wir perfektioniert. Jetzt ist der Standmixer dran. Der Hochleistungsstandmixer aus der ENFINIGY Serie \u00fcberzeugt mit einer neuen,\" \/>\n<meta name=\"robots\" content=\"noindex, follow, max-snippet:-1, max-image-preview:large, max-video-preview:-1\" \/>\n<meta property=\"og:locale\" content=\"de_DE\" \/>\n<meta property=\"og:type\" content=\"article\" \/>\n<meta property=\"og:title\" content=\"ZWILLING Enfinigy Hochleistungsstandmixer Schwarz - dev6 Erresse\" \/>\n<meta property=\"og:description\" content=\"Das Messer haben wir perfektioniert. Jetzt ist der Standmixer dran. Der Hochleistungsstandmixer aus der ENFINIGY Serie \u00fcberzeugt mit einer neuen,\" \/>\n<meta property=\"og:url\" content=\"https:\/\/dev6.erresse-shop.it\/de\/shop\/kleine-elektrogeraete\/mixer\/zwilling-enfinigy-hochleistungsstandmixer-schwarz\/\" \/>\n<meta property=\"og:site_name\" content=\"dev6 Erresse\" \/>\n<meta property=\"og:image\" content=\"https:\/\/interpim.erresse-shop.it\/img-catalogo\/zwilling\/zwilling-enfinigy-frullatore-da-tavolo-nero.jpg\" \/><meta property=\"og:image\" content=\"https:\/\/interpim.erresse-shop.it\/img-catalogo\/zwilling\/zwilling-enfinigy-frullatore-da-tavolo-nero.jpg\" \/>\n\t<meta property=\"og:image:width\" content=\"1024\" \/>\n\t<meta property=\"og:image:height\" content=\"1024\" \/>\n\t<meta property=\"og:image:type\" content=\"image\/jpeg\" \/>\n<meta name=\"twitter:card\" content=\"summary_large_image\" \/>\n<meta name=\"twitter:image\" content=\"https:\/\/interpim.erresse-shop.it\/img-catalogo\/zwilling\/zwilling-enfinigy-frullatore-da-tavolo-nero.jpg\" \/>\n<script type=\"application\/ld+json\" class=\"yoast-schema-graph\">{\"@context\":\"https:\/\/schema.org\",\"@graph\":[{\"@type\":\"WebPage\",\"@id\":\"https:\/\/dev6.erresse-shop.it\/de\/shop\/kleine-elektrogeraete\/mixer\/zwilling-enfinigy-hochleistungsstandmixer-schwarz\/\",\"url\":\"https:\/\/dev6.erresse-shop.it\/de\/shop\/kleine-elektrogeraete\/mixer\/zwilling-enfinigy-hochleistungsstandmixer-schwarz\/\",\"name\":\"ZWILLING Enfinigy Hochleistungsstandmixer Schwarz - dev6 Erresse\",\"isPartOf\":{\"@id\":\"https:\/\/dev6.erresse-shop.it\/#website\"},\"primaryImageOfPage\":{\"@id\":\"https:\/\/dev6.erresse-shop.it\/de\/shop\/kleine-elektrogeraete\/mixer\/zwilling-enfinigy-hochleistungsstandmixer-schwarz\/#primaryimage\"},\"image\":{\"@id\":\"https:\/\/dev6.erresse-shop.it\/de\/shop\/kleine-elektrogeraete\/mixer\/zwilling-enfinigy-hochleistungsstandmixer-schwarz\/#primaryimage\"},\"thumbnailUrl\":\"https:\/\/i0.wp.com\/interpim.erresse-shop.it\/img-catalogo\/zwilling\/zwilling-enfinigy-frullatore-da-tavolo-nero.jpg?ssl=1\",\"datePublished\":\"2026-04-04T06:40:30+00:00\",\"description\":\"Das Messer haben wir perfektioniert. Jetzt ist der Standmixer dran. Der Hochleistungsstandmixer aus der ENFINIGY Serie \u00fcberzeugt mit einer neuen,\",\"breadcrumb\":{\"@id\":\"https:\/\/dev6.erresse-shop.it\/de\/shop\/kleine-elektrogeraete\/mixer\/zwilling-enfinigy-hochleistungsstandmixer-schwarz\/#breadcrumb\"},\"inLanguage\":\"de\",\"potentialAction\":[{\"@type\":\"ReadAction\",\"target\":[\"https:\/\/dev6.erresse-shop.it\/de\/shop\/kleine-elektrogeraete\/mixer\/zwilling-enfinigy-hochleistungsstandmixer-schwarz\/\"]}]},{\"@type\":\"ImageObject\",\"inLanguage\":\"de\",\"@id\":\"https:\/\/dev6.erresse-shop.it\/de\/shop\/kleine-elektrogeraete\/mixer\/zwilling-enfinigy-hochleistungsstandmixer-schwarz\/#primaryimage\",\"url\":\"https:\/\/i0.wp.com\/interpim.erresse-shop.it\/img-catalogo\/zwilling\/zwilling-enfinigy-frullatore-da-tavolo-nero.jpg?ssl=1\",\"contentUrl\":\"https:\/\/i0.wp.com\/interpim.erresse-shop.it\/img-catalogo\/zwilling\/zwilling-enfinigy-frullatore-da-tavolo-nero.jpg?ssl=1\"},{\"@type\":\"BreadcrumbList\",\"@id\":\"https:\/\/dev6.erresse-shop.it\/de\/shop\/kleine-elektrogeraete\/mixer\/zwilling-enfinigy-hochleistungsstandmixer-schwarz\/#breadcrumb\",\"itemListElement\":[{\"@type\":\"ListItem\",\"position\":1,\"name\":\"Home\",\"item\":\"https:\/\/dev6.erresse-shop.it\/\"},{\"@type\":\"ListItem\",\"position\":2,\"name\":\"Shop\",\"item\":\"https:\/\/dev6.erresse-shop.it\/shop\/\"},{\"@type\":\"ListItem\",\"position\":3,\"name\":\"ZWILLING Enfinigy Hochleistungsstandmixer Schwarz\"}]},{\"@type\":\"WebSite\",\"@id\":\"https:\/\/dev6.erresse-shop.it\/#website\",\"url\":\"https:\/\/dev6.erresse-shop.it\/\",\"name\":\"Erresse Shop\",\"description\":\"\",\"publisher\":{\"@id\":\"https:\/\/dev6.erresse-shop.it\/#organization\"},\"potentialAction\":[{\"@type\":\"SearchAction\",\"target\":{\"@type\":\"EntryPoint\",\"urlTemplate\":\"https:\/\/dev6.erresse-shop.it\/?s={search_term_string}\"},\"query-input\":{\"@type\":\"PropertyValueSpecification\",\"valueRequired\":true,\"valueName\":\"search_term_string\"}}],\"inLanguage\":\"de\"},{\"@type\":\"Organization\",\"@id\":\"https:\/\/dev6.erresse-shop.it\/#organization\",\"name\":\"Erresse Shop\",\"url\":\"https:\/\/dev6.erresse-shop.it\/\",\"logo\":{\"@type\":\"ImageObject\",\"inLanguage\":\"de\",\"@id\":\"https:\/\/dev6.erresse-shop.it\/#\/schema\/logo\/image\/\",\"url\":\"https:\/\/dev6.erresse-shop.it\/wp-content\/uploads\/2025\/01\/LOGO-ERRESSE-CLASSICO.svg\",\"contentUrl\":\"https:\/\/dev6.erresse-shop.it\/wp-content\/uploads\/2025\/01\/LOGO-ERRESSE-CLASSICO.svg\",\"caption\":\"Erresse Shop\"},\"image\":{\"@id\":\"https:\/\/dev6.erresse-shop.it\/#\/schema\/logo\/image\/\"}}]}<\/script>\n<!-- \/ Yoast SEO plugin. -->","yoast_head_json":{"title":"ZWILLING Enfinigy Hochleistungsstandmixer Schwarz - dev6 Erresse","description":"Das Messer haben wir perfektioniert. Jetzt ist der Standmixer dran. Der Hochleistungsstandmixer aus der ENFINIGY Serie \u00fcberzeugt mit einer neuen,","robots":{"index":"noindex","follow":"follow","max-snippet":"max-snippet:-1","max-image-preview":"max-image-preview:large","max-video-preview":"max-video-preview:-1"},"og_locale":"de_DE","og_type":"article","og_title":"ZWILLING Enfinigy Hochleistungsstandmixer Schwarz - dev6 Erresse","og_description":"Das Messer haben wir perfektioniert. Jetzt ist der Standmixer dran. Der Hochleistungsstandmixer aus der ENFINIGY Serie \u00fcberzeugt mit einer neuen,","og_url":"https:\/\/dev6.erresse-shop.it\/de\/shop\/kleine-elektrogeraete\/mixer\/zwilling-enfinigy-hochleistungsstandmixer-schwarz\/","og_site_name":"dev6 Erresse","og_image":[{"url":"https:\/\/interpim.erresse-shop.it\/img-catalogo\/zwilling\/zwilling-enfinigy-frullatore-da-tavolo-nero.jpg","type":"","width":"","height":""},{"url":"https:\/\/interpim.erresse-shop.it\/img-catalogo\/zwilling\/zwilling-enfinigy-frullatore-da-tavolo-nero.jpg","width":1024,"height":1024,"type":"image\/jpeg"}],"twitter_card":"summary_large_image","twitter_image":"https:\/\/interpim.erresse-shop.it\/img-catalogo\/zwilling\/zwilling-enfinigy-frullatore-da-tavolo-nero.jpg","schema":{"@context":"https:\/\/schema.org","@graph":[{"@type":"WebPage","@id":"https:\/\/dev6.erresse-shop.it\/de\/shop\/kleine-elektrogeraete\/mixer\/zwilling-enfinigy-hochleistungsstandmixer-schwarz\/","url":"https:\/\/dev6.erresse-shop.it\/de\/shop\/kleine-elektrogeraete\/mixer\/zwilling-enfinigy-hochleistungsstandmixer-schwarz\/","name":"ZWILLING Enfinigy Hochleistungsstandmixer Schwarz - dev6 Erresse","isPartOf":{"@id":"https:\/\/dev6.erresse-shop.it\/#website"},"primaryImageOfPage":{"@id":"https:\/\/dev6.erresse-shop.it\/de\/shop\/kleine-elektrogeraete\/mixer\/zwilling-enfinigy-hochleistungsstandmixer-schwarz\/#primaryimage"},"image":{"@id":"https:\/\/dev6.erresse-shop.it\/de\/shop\/kleine-elektrogeraete\/mixer\/zwilling-enfinigy-hochleistungsstandmixer-schwarz\/#primaryimage"},"thumbnailUrl":"https:\/\/i0.wp.com\/interpim.erresse-shop.it\/img-catalogo\/zwilling\/zwilling-enfinigy-frullatore-da-tavolo-nero.jpg?ssl=1","datePublished":"2026-04-04T06:40:30+00:00","description":"Das Messer haben wir perfektioniert. Jetzt ist der Standmixer dran. Der Hochleistungsstandmixer aus der ENFINIGY Serie \u00fcberzeugt mit einer neuen,","breadcrumb":{"@id":"https:\/\/dev6.erresse-shop.it\/de\/shop\/kleine-elektrogeraete\/mixer\/zwilling-enfinigy-hochleistungsstandmixer-schwarz\/#breadcrumb"},"inLanguage":"de","potentialAction":[{"@type":"ReadAction","target":["https:\/\/dev6.erresse-shop.it\/de\/shop\/kleine-elektrogeraete\/mixer\/zwilling-enfinigy-hochleistungsstandmixer-schwarz\/"]}]},{"@type":"ImageObject","inLanguage":"de","@id":"https:\/\/dev6.erresse-shop.it\/de\/shop\/kleine-elektrogeraete\/mixer\/zwilling-enfinigy-hochleistungsstandmixer-schwarz\/#primaryimage","url":"https:\/\/i0.wp.com\/interpim.erresse-shop.it\/img-catalogo\/zwilling\/zwilling-enfinigy-frullatore-da-tavolo-nero.jpg?ssl=1","contentUrl":"https:\/\/i0.wp.com\/interpim.erresse-shop.it\/img-catalogo\/zwilling\/zwilling-enfinigy-frullatore-da-tavolo-nero.jpg?ssl=1"},{"@type":"BreadcrumbList","@id":"https:\/\/dev6.erresse-shop.it\/de\/shop\/kleine-elektrogeraete\/mixer\/zwilling-enfinigy-hochleistungsstandmixer-schwarz\/#breadcrumb","itemListElement":[{"@type":"ListItem","position":1,"name":"Home","item":"https:\/\/dev6.erresse-shop.it\/"},{"@type":"ListItem","position":2,"name":"Shop","item":"https:\/\/dev6.erresse-shop.it\/shop\/"},{"@type":"ListItem","position":3,"name":"ZWILLING Enfinigy Hochleistungsstandmixer Schwarz"}]},{"@type":"WebSite","@id":"https:\/\/dev6.erresse-shop.it\/#website","url":"https:\/\/dev6.erresse-shop.it\/","name":"Erresse Shop","description":"","publisher":{"@id":"https:\/\/dev6.erresse-shop.it\/#organization"},"potentialAction":[{"@type":"SearchAction","target":{"@type":"EntryPoint","urlTemplate":"https:\/\/dev6.erresse-shop.it\/?s={search_term_string}"},"query-input":{"@type":"PropertyValueSpecification","valueRequired":true,"valueName":"search_term_string"}}],"inLanguage":"de"},{"@type":"Organization","@id":"https:\/\/dev6.erresse-shop.it\/#organization","name":"Erresse Shop","url":"https:\/\/dev6.erresse-shop.it\/","logo":{"@type":"ImageObject","inLanguage":"de","@id":"https:\/\/dev6.erresse-shop.it\/#\/schema\/logo\/image\/","url":"https:\/\/dev6.erresse-shop.it\/wp-content\/uploads\/2025\/01\/LOGO-ERRESSE-CLASSICO.svg","contentUrl":"https:\/\/dev6.erresse-shop.it\/wp-content\/uploads\/2025\/01\/LOGO-ERRESSE-CLASSICO.svg","caption":"Erresse Shop"},"image":{"@id":"https:\/\/dev6.erresse-shop.it\/#\/schema\/logo\/image\/"}}]}},"df_price":269,"df_sale_price":269,"df_regular_price":349,"df_image_link":"https:\/\/i0.wp.com\/interpim.erresse-shop.it\/img-catalogo\/zwilling\/zwilling-enfinigy-frullatore-da-tavolo-nero.jpg?resize=300,300&ssl=1","fifu_image_url":"https:\/\/interpim.erresse-shop.it\/img-catalogo\/zwilling\/zwilling-enfinigy-frullatore-da-tavolo-nero.jpg","_links":{"self":[{"href":"https:\/\/dev6.erresse-shop.it\/de\/wp-json\/wp\/v2\/product\/50308","targetHints":{"allow":["GET"]}}],"collection":[{"href":"https:\/\/dev6.erresse-shop.it\/de\/wp-json\/wp\/v2\/product"}],"about":[{"href":"https:\/\/dev6.erresse-shop.it\/de\/wp-json\/wp\/v2\/types\/product"}],"wp:featuredmedia":[{"embeddable":true,"href":"https:\/\/dev6.erresse-shop.it\/de\/wp-json\/wp\/v2\/media\/6269136"}],"wp:attachment":[{"href":"https:\/\/dev6.erresse-shop.it\/de\/wp-json\/wp\/v2\/media?parent=50308"}],"wp:term":[{"taxonomy":"product_cat","embeddable":true,"href":"https:\/\/dev6.erresse-shop.it\/de\/wp-json\/wp\/v2\/product_cat?post=50308"},{"taxonomy":"product_tag","embeddable":true,"href":"https:\/\/dev6.erresse-shop.it\/de\/wp-json\/wp\/v2\/product_tag?post=50308"}],"curies":[{"name":"wp","href":"https:\/\/api.w.org\/{rel}","templated":true}]}}