{"id":50298,"date":"2026-04-12T08:41:36","date_gmt":"2026-04-12T06:41:36","guid":{"rendered":"https:\/\/dev6.erresse-shop.it\/shop\/unkategorisiert\/les-jardins-de-la-comtesse-picknickkorb-2-personen-concorde\/"},"modified":"2025-07-03T19:59:23","modified_gmt":"2025-07-03T17:59:23","slug":"les-jardins-de-la-comtesse-picknickkorb-2-personen-concorde","status":"publish","type":"product","link":"https:\/\/dev6.erresse-shop.it\/de\/shop\/tisch\/picknickkoerbe\/les-jardins-de-la-comtesse-picknickkorb-2-personen-concorde\/","title":{"rendered":"LES JARDINS DE LA COMTESSE Picknickkorb 2 Personen Concorde"},"content":{"rendered":"<p>Der Picknickkorb \u201cConcorde\u201d ist aus nat\u00fcrlichem, honigfarbenem Weidengeflecht gefertigt. Dieser Picknickkorb f\u00fcr 2 Personen hat einen sch\u00f6nen grauen Stoff mit wei\u00dfen Karos.<br \/>\nEr hat alles, was man f\u00fcr ein Picknick im Wald oder am Strand braucht: Besteck, Gl\u00e4ser, Metallbecher.<br \/>\nDieser Korb ist f\u00fcr einen besonderen Moment zu zweit zwischen Liebenden oder Freunden gedacht.<\/p>\n<p>Der Boden des Picknickkorbs bildet ein isothermisches Fach, um Speisen und Getr\u00e4nke k\u00fchl oder warm zu halten.<br \/>\nEr l\u00e4sst sich dank des zentralen Griffs oder des verstellbaren Schultergurts einfach \u00fcber der Schulter tragen.<\/p>\n<p>Ein Isolierfach<br \/>\n2 Monogramm-Keramikteller (Durchmesser 20 cm)<br \/>\n2 komplette Sets mit Designer-Metallbesteck<br \/>\n2 Glasgl\u00e4ser (14 cl)<br \/>\n2 Metalltassen f\u00fcr Wasser und Kaffee<br \/>\n1 Korkenzieher \/ Flaschen\u00f6ffner<br \/>\n1 Salzstreuer<br \/>\n1 Pfefferstreuer<br \/>\n2 Flaschenverschl\u00fcsse<br \/>\n1 wasserdichter Beutel zur Aufbewahrung von schmutzigem Geschirr nach dem Picknick<\/p>\n<p>Abmessungen : 42 x 30 x 23 cm<br \/>\nGewicht : 3.100 g<\/p>\n","protected":false},"excerpt":{"rendered":"<p>Der Picknickkorb \u201cConcorde\u201d ist aus nat\u00fcrlichem, honigfarbenem Weidengeflecht gefertigt. Dieser Picknickkorb f\u00fcr 2 Personen hat einen sch\u00f6nen grauen Stoff mit wei\u00dfen Karos. Er hat alles, was man f\u00fcr ein Picknick im Wald oder am Strand braucht: Besteck, Gl\u00e4ser, Metallbecher. Dieser Korb ist f\u00fcr einen besonderen Moment zu zweit zwischen Liebenden oder Freunden gedacht. Der Boden [&hellip;]<\/p>\n","protected":false},"featured_media":6352366,"template":"","meta":{"_acf_changed":false},"product_cat":[12140,11671,12103],"product_tag":[],"class_list":{"0":"post-50298","1":"product","2":"type-product","3":"status-publish","4":"has-post-thumbnail","6":"product_cat-picknickkoerbe","7":"product_cat-tavola","8":"product_cat-tisch","10":"first","11":"outofstock","12":"sale","13":"taxable","14":"shipping-taxable","15":"purchasable","16":"product-type-simple","swatches":"rey-swatches","show_selected":"","stretch_labels":"rey-swatches--stretch-labels"},"acf":[],"yoast_head":"<!-- This site is optimized with the Yoast SEO plugin v25.4 - https:\/\/yoast.com\/wordpress\/plugins\/seo\/ -->\n<title>LES JARDINS DE LA COMTESSE Picknickkorb 2 Personen Concorde - dev6 Erresse<\/title>\n<meta name=\"description\" content=\"Der Picknickkorb \u201cConcorde\u201d ist aus nat\u00fcrlichem, honigfarbenem Weidengeflecht gefertigt. Dieser Picknickkorb f\u00fcr 2 Personen hat einen sch\u00f6nen grauen Stoff\" \/>\n<meta name=\"robots\" content=\"noindex, follow, max-snippet:-1, max-image-preview:large, max-video-preview:-1\" \/>\n<meta property=\"og:locale\" content=\"de_DE\" \/>\n<meta property=\"og:type\" content=\"article\" \/>\n<meta property=\"og:title\" content=\"LES JARDINS DE LA COMTESSE Picknickkorb 2 Personen Concorde - dev6 Erresse\" \/>\n<meta property=\"og:description\" content=\"Der Picknickkorb \u201cConcorde\u201d ist aus nat\u00fcrlichem, honigfarbenem Weidengeflecht gefertigt. Dieser Picknickkorb f\u00fcr 2 Personen hat einen sch\u00f6nen grauen Stoff\" \/>\n<meta property=\"og:url\" content=\"https:\/\/dev6.erresse-shop.it\/de\/shop\/tisch\/picknickkoerbe\/les-jardins-de-la-comtesse-picknickkorb-2-personen-concorde\/\" \/>\n<meta property=\"og:site_name\" content=\"dev6 Erresse\" \/>\n<meta property=\"og:image\" content=\"https:\/\/interpim.erresse-shop.it\/Import\/Prodotti\/les-jardins-de-la-comtesse-cestino-picnic-concorde-2p.jpg\" \/><meta property=\"og:image\" content=\"https:\/\/interpim.erresse-shop.it\/Import\/Prodotti\/les-jardins-de-la-comtesse-cestino-picnic-concorde-2p.jpg\" \/>\n\t<meta property=\"og:image:width\" content=\"1024\" \/>\n\t<meta property=\"og:image:height\" content=\"1024\" \/>\n\t<meta property=\"og:image:type\" content=\"image\/jpeg\" \/>\n<meta name=\"twitter:card\" content=\"summary_large_image\" \/>\n<meta name=\"twitter:image\" content=\"https:\/\/interpim.erresse-shop.it\/Import\/Prodotti\/les-jardins-de-la-comtesse-cestino-picnic-concorde-2p.jpg\" \/>\n<script type=\"application\/ld+json\" class=\"yoast-schema-graph\">{\"@context\":\"https:\/\/schema.org\",\"@graph\":[{\"@type\":\"WebPage\",\"@id\":\"https:\/\/dev6.erresse-shop.it\/de\/shop\/tisch\/picknickkoerbe\/les-jardins-de-la-comtesse-picknickkorb-2-personen-concorde\/\",\"url\":\"https:\/\/dev6.erresse-shop.it\/de\/shop\/tisch\/picknickkoerbe\/les-jardins-de-la-comtesse-picknickkorb-2-personen-concorde\/\",\"name\":\"LES JARDINS DE LA COMTESSE Picknickkorb 2 Personen Concorde - dev6 Erresse\",\"isPartOf\":{\"@id\":\"https:\/\/dev6.erresse-shop.it\/#website\"},\"primaryImageOfPage\":{\"@id\":\"https:\/\/dev6.erresse-shop.it\/de\/shop\/tisch\/picknickkoerbe\/les-jardins-de-la-comtesse-picknickkorb-2-personen-concorde\/#primaryimage\"},\"image\":{\"@id\":\"https:\/\/dev6.erresse-shop.it\/de\/shop\/tisch\/picknickkoerbe\/les-jardins-de-la-comtesse-picknickkorb-2-personen-concorde\/#primaryimage\"},\"thumbnailUrl\":\"https:\/\/i2.wp.com\/interpim.erresse-shop.it\/Import\/Prodotti\/les-jardins-de-la-comtesse-cestino-picnic-concorde-2p.jpg?ssl=1\",\"datePublished\":\"2026-04-12T06:41:36+00:00\",\"description\":\"Der Picknickkorb \u201cConcorde\u201d ist aus nat\u00fcrlichem, honigfarbenem Weidengeflecht gefertigt. Dieser Picknickkorb f\u00fcr 2 Personen hat einen sch\u00f6nen grauen Stoff\",\"breadcrumb\":{\"@id\":\"https:\/\/dev6.erresse-shop.it\/de\/shop\/tisch\/picknickkoerbe\/les-jardins-de-la-comtesse-picknickkorb-2-personen-concorde\/#breadcrumb\"},\"inLanguage\":\"de\",\"potentialAction\":[{\"@type\":\"ReadAction\",\"target\":[\"https:\/\/dev6.erresse-shop.it\/de\/shop\/tisch\/picknickkoerbe\/les-jardins-de-la-comtesse-picknickkorb-2-personen-concorde\/\"]}]},{\"@type\":\"ImageObject\",\"inLanguage\":\"de\",\"@id\":\"https:\/\/dev6.erresse-shop.it\/de\/shop\/tisch\/picknickkoerbe\/les-jardins-de-la-comtesse-picknickkorb-2-personen-concorde\/#primaryimage\",\"url\":\"https:\/\/i2.wp.com\/interpim.erresse-shop.it\/Import\/Prodotti\/les-jardins-de-la-comtesse-cestino-picnic-concorde-2p.jpg?ssl=1\",\"contentUrl\":\"https:\/\/i2.wp.com\/interpim.erresse-shop.it\/Import\/Prodotti\/les-jardins-de-la-comtesse-cestino-picnic-concorde-2p.jpg?ssl=1\"},{\"@type\":\"BreadcrumbList\",\"@id\":\"https:\/\/dev6.erresse-shop.it\/de\/shop\/tisch\/picknickkoerbe\/les-jardins-de-la-comtesse-picknickkorb-2-personen-concorde\/#breadcrumb\",\"itemListElement\":[{\"@type\":\"ListItem\",\"position\":1,\"name\":\"Home\",\"item\":\"https:\/\/dev6.erresse-shop.it\/\"},{\"@type\":\"ListItem\",\"position\":2,\"name\":\"Shop\",\"item\":\"https:\/\/dev6.erresse-shop.it\/shop\/\"},{\"@type\":\"ListItem\",\"position\":3,\"name\":\"LES JARDINS DE LA COMTESSE Picknickkorb 2 Personen Concorde\"}]},{\"@type\":\"WebSite\",\"@id\":\"https:\/\/dev6.erresse-shop.it\/#website\",\"url\":\"https:\/\/dev6.erresse-shop.it\/\",\"name\":\"Erresse Shop\",\"description\":\"\",\"publisher\":{\"@id\":\"https:\/\/dev6.erresse-shop.it\/#organization\"},\"potentialAction\":[{\"@type\":\"SearchAction\",\"target\":{\"@type\":\"EntryPoint\",\"urlTemplate\":\"https:\/\/dev6.erresse-shop.it\/?s={search_term_string}\"},\"query-input\":{\"@type\":\"PropertyValueSpecification\",\"valueRequired\":true,\"valueName\":\"search_term_string\"}}],\"inLanguage\":\"de\"},{\"@type\":\"Organization\",\"@id\":\"https:\/\/dev6.erresse-shop.it\/#organization\",\"name\":\"Erresse Shop\",\"url\":\"https:\/\/dev6.erresse-shop.it\/\",\"logo\":{\"@type\":\"ImageObject\",\"inLanguage\":\"de\",\"@id\":\"https:\/\/dev6.erresse-shop.it\/#\/schema\/logo\/image\/\",\"url\":\"https:\/\/dev6.erresse-shop.it\/wp-content\/uploads\/2025\/01\/LOGO-ERRESSE-CLASSICO.svg\",\"contentUrl\":\"https:\/\/dev6.erresse-shop.it\/wp-content\/uploads\/2025\/01\/LOGO-ERRESSE-CLASSICO.svg\",\"caption\":\"Erresse Shop\"},\"image\":{\"@id\":\"https:\/\/dev6.erresse-shop.it\/#\/schema\/logo\/image\/\"}}]}<\/script>\n<!-- \/ Yoast SEO plugin. -->","yoast_head_json":{"title":"LES JARDINS DE LA COMTESSE Picknickkorb 2 Personen Concorde - dev6 Erresse","description":"Der Picknickkorb \u201cConcorde\u201d ist aus nat\u00fcrlichem, honigfarbenem Weidengeflecht gefertigt. Dieser Picknickkorb f\u00fcr 2 Personen hat einen sch\u00f6nen grauen Stoff","robots":{"index":"noindex","follow":"follow","max-snippet":"max-snippet:-1","max-image-preview":"max-image-preview:large","max-video-preview":"max-video-preview:-1"},"og_locale":"de_DE","og_type":"article","og_title":"LES JARDINS DE LA COMTESSE Picknickkorb 2 Personen Concorde - dev6 Erresse","og_description":"Der Picknickkorb \u201cConcorde\u201d ist aus nat\u00fcrlichem, honigfarbenem Weidengeflecht gefertigt. Dieser Picknickkorb f\u00fcr 2 Personen hat einen sch\u00f6nen grauen Stoff","og_url":"https:\/\/dev6.erresse-shop.it\/de\/shop\/tisch\/picknickkoerbe\/les-jardins-de-la-comtesse-picknickkorb-2-personen-concorde\/","og_site_name":"dev6 Erresse","og_image":[{"url":"https:\/\/interpim.erresse-shop.it\/Import\/Prodotti\/les-jardins-de-la-comtesse-cestino-picnic-concorde-2p.jpg","type":"","width":"","height":""},{"url":"https:\/\/interpim.erresse-shop.it\/Import\/Prodotti\/les-jardins-de-la-comtesse-cestino-picnic-concorde-2p.jpg","width":1024,"height":1024,"type":"image\/jpeg"}],"twitter_card":"summary_large_image","twitter_image":"https:\/\/interpim.erresse-shop.it\/Import\/Prodotti\/les-jardins-de-la-comtesse-cestino-picnic-concorde-2p.jpg","schema":{"@context":"https:\/\/schema.org","@graph":[{"@type":"WebPage","@id":"https:\/\/dev6.erresse-shop.it\/de\/shop\/tisch\/picknickkoerbe\/les-jardins-de-la-comtesse-picknickkorb-2-personen-concorde\/","url":"https:\/\/dev6.erresse-shop.it\/de\/shop\/tisch\/picknickkoerbe\/les-jardins-de-la-comtesse-picknickkorb-2-personen-concorde\/","name":"LES JARDINS DE LA COMTESSE Picknickkorb 2 Personen Concorde - dev6 Erresse","isPartOf":{"@id":"https:\/\/dev6.erresse-shop.it\/#website"},"primaryImageOfPage":{"@id":"https:\/\/dev6.erresse-shop.it\/de\/shop\/tisch\/picknickkoerbe\/les-jardins-de-la-comtesse-picknickkorb-2-personen-concorde\/#primaryimage"},"image":{"@id":"https:\/\/dev6.erresse-shop.it\/de\/shop\/tisch\/picknickkoerbe\/les-jardins-de-la-comtesse-picknickkorb-2-personen-concorde\/#primaryimage"},"thumbnailUrl":"https:\/\/i2.wp.com\/interpim.erresse-shop.it\/Import\/Prodotti\/les-jardins-de-la-comtesse-cestino-picnic-concorde-2p.jpg?ssl=1","datePublished":"2026-04-12T06:41:36+00:00","description":"Der Picknickkorb \u201cConcorde\u201d ist aus nat\u00fcrlichem, honigfarbenem Weidengeflecht gefertigt. Dieser Picknickkorb f\u00fcr 2 Personen hat einen sch\u00f6nen grauen Stoff","breadcrumb":{"@id":"https:\/\/dev6.erresse-shop.it\/de\/shop\/tisch\/picknickkoerbe\/les-jardins-de-la-comtesse-picknickkorb-2-personen-concorde\/#breadcrumb"},"inLanguage":"de","potentialAction":[{"@type":"ReadAction","target":["https:\/\/dev6.erresse-shop.it\/de\/shop\/tisch\/picknickkoerbe\/les-jardins-de-la-comtesse-picknickkorb-2-personen-concorde\/"]}]},{"@type":"ImageObject","inLanguage":"de","@id":"https:\/\/dev6.erresse-shop.it\/de\/shop\/tisch\/picknickkoerbe\/les-jardins-de-la-comtesse-picknickkorb-2-personen-concorde\/#primaryimage","url":"https:\/\/i2.wp.com\/interpim.erresse-shop.it\/Import\/Prodotti\/les-jardins-de-la-comtesse-cestino-picnic-concorde-2p.jpg?ssl=1","contentUrl":"https:\/\/i2.wp.com\/interpim.erresse-shop.it\/Import\/Prodotti\/les-jardins-de-la-comtesse-cestino-picnic-concorde-2p.jpg?ssl=1"},{"@type":"BreadcrumbList","@id":"https:\/\/dev6.erresse-shop.it\/de\/shop\/tisch\/picknickkoerbe\/les-jardins-de-la-comtesse-picknickkorb-2-personen-concorde\/#breadcrumb","itemListElement":[{"@type":"ListItem","position":1,"name":"Home","item":"https:\/\/dev6.erresse-shop.it\/"},{"@type":"ListItem","position":2,"name":"Shop","item":"https:\/\/dev6.erresse-shop.it\/shop\/"},{"@type":"ListItem","position":3,"name":"LES JARDINS DE LA COMTESSE Picknickkorb 2 Personen Concorde"}]},{"@type":"WebSite","@id":"https:\/\/dev6.erresse-shop.it\/#website","url":"https:\/\/dev6.erresse-shop.it\/","name":"Erresse Shop","description":"","publisher":{"@id":"https:\/\/dev6.erresse-shop.it\/#organization"},"potentialAction":[{"@type":"SearchAction","target":{"@type":"EntryPoint","urlTemplate":"https:\/\/dev6.erresse-shop.it\/?s={search_term_string}"},"query-input":{"@type":"PropertyValueSpecification","valueRequired":true,"valueName":"search_term_string"}}],"inLanguage":"de"},{"@type":"Organization","@id":"https:\/\/dev6.erresse-shop.it\/#organization","name":"Erresse Shop","url":"https:\/\/dev6.erresse-shop.it\/","logo":{"@type":"ImageObject","inLanguage":"de","@id":"https:\/\/dev6.erresse-shop.it\/#\/schema\/logo\/image\/","url":"https:\/\/dev6.erresse-shop.it\/wp-content\/uploads\/2025\/01\/LOGO-ERRESSE-CLASSICO.svg","contentUrl":"https:\/\/dev6.erresse-shop.it\/wp-content\/uploads\/2025\/01\/LOGO-ERRESSE-CLASSICO.svg","caption":"Erresse Shop"},"image":{"@id":"https:\/\/dev6.erresse-shop.it\/#\/schema\/logo\/image\/"}}]}},"df_price":109.95,"df_sale_price":109.95,"df_regular_price":129,"df_image_link":"https:\/\/i2.wp.com\/interpim.erresse-shop.it\/Import\/Prodotti\/les-jardins-de-la-comtesse-cestino-picnic-concorde-2p.jpg?resize=300,300&ssl=1","fifu_image_url":"https:\/\/interpim.erresse-shop.it\/Import\/Prodotti\/les-jardins-de-la-comtesse-cestino-picnic-concorde-2p.jpg","_links":{"self":[{"href":"https:\/\/dev6.erresse-shop.it\/de\/wp-json\/wp\/v2\/product\/50298","targetHints":{"allow":["GET"]}}],"collection":[{"href":"https:\/\/dev6.erresse-shop.it\/de\/wp-json\/wp\/v2\/product"}],"about":[{"href":"https:\/\/dev6.erresse-shop.it\/de\/wp-json\/wp\/v2\/types\/product"}],"wp:featuredmedia":[{"embeddable":true,"href":"https:\/\/dev6.erresse-shop.it\/de\/wp-json\/wp\/v2\/media\/6352366"}],"wp:attachment":[{"href":"https:\/\/dev6.erresse-shop.it\/de\/wp-json\/wp\/v2\/media?parent=50298"}],"wp:term":[{"taxonomy":"product_cat","embeddable":true,"href":"https:\/\/dev6.erresse-shop.it\/de\/wp-json\/wp\/v2\/product_cat?post=50298"},{"taxonomy":"product_tag","embeddable":true,"href":"https:\/\/dev6.erresse-shop.it\/de\/wp-json\/wp\/v2\/product_tag?post=50298"}],"curies":[{"name":"wp","href":"https:\/\/api.w.org\/{rel}","templated":true}]}}