{"id":50280,"date":"2026-04-04T08:40:30","date_gmt":"2026-04-04T06:40:30","guid":{"rendered":"https:\/\/dev6.erresse-shop.it\/shop\/unkategorisiert\/lagostina-schnellkochtopf-la-classica-5-l-22-cm\/"},"modified":"2025-09-26T19:00:27","modified_gmt":"2025-09-26T17:00:27","slug":"lagostina-schnellkochtopf-la-classica-5-l-22-cm","status":"publish","type":"product","link":"https:\/\/dev6.erresse-shop.it\/de\/shop\/toepfe-pfannen\/toepfe-und-kochtoepfen\/lagostina-schnellkochtopf-la-classica-5-l-22-cm\/","title":{"rendered":"LAGOSTINA Schnellkochtopf La Classica 5 L 22 cm"},"content":{"rendered":"<p>Seit den 1960er Jahren ist Lagostina das Synonym f\u00fcr Schnellkocht\u00f6pfe f\u00fcr Italiener, die die Werte der Familie, des Teilens und des Zusammenseins lieben. La Classica Lagofusion\u00ae kehrt mit dem urspr\u00fcnglichen Design des Schnellkochtopfs in unsere K\u00fcchen zur\u00fcck, kombiniert mit den modernsten Technologien f\u00fcr Edelstahl und Sicherheit: Der Lagofusion\u00ae-Boden garantiert n\u00e4mlich eine um 50 % h\u00f6here W\u00e4rmeverteilung f\u00fcr ein noch gleichm\u00e4\u00dfigeres Garen der Speisen. Ausgestattet mit einem Korb, einer \u00d6kodose, bringt La Classica Lagofusion\u00ae den Geschmack der Authentizit\u00e4t auf die Tische neuer Generationen von Italienern und verbindet das Know-how der Vergangenheit mit der Lust am Experimentieren mit Leidenschaft, Spa\u00df und einfacher Handhabung.<\/p>\n<p>Betriebsventil<br \/>\nEr setzt sich in Gang und l\u00e4sst allm\u00e4hlich Dampf ab, sobald der Innendruck die voreingestellte Gartemperatur erreicht hat.<\/p>\n<p>Hebelblock\u00ae<br \/>\nVerhindert ein unbeabsichtigtes \u00d6ffnen, bis der gesamte Dampf aus dem Kocher entwichen ist.<\/p>\n<p>Sicherheitsventil<br \/>\nDas Sicherheitsventil funktioniert und l\u00e4sst \u00fcbersch\u00fcssigen Dampf entweichen.<\/p>\n","protected":false},"excerpt":{"rendered":"<p>Seit den 1960er Jahren ist Lagostina das Synonym f\u00fcr Schnellkocht\u00f6pfe f\u00fcr Italiener, die die Werte der Familie, des Teilens und des Zusammenseins lieben. La Classica Lagofusion\u00ae kehrt mit dem urspr\u00fcnglichen Design des Schnellkochtopfs in unsere K\u00fcchen zur\u00fcck, kombiniert mit den modernsten Technologien f\u00fcr Edelstahl und Sicherheit: Der Lagofusion\u00ae-Boden garantiert n\u00e4mlich eine um 50 % h\u00f6here [&hellip;]<\/p>\n","protected":false},"featured_media":6269037,"template":"","meta":{"_acf_changed":false},"product_cat":[11667,12109,12099],"product_tag":[],"class_list":{"0":"post-50280","1":"product","2":"type-product","3":"status-publish","4":"has-post-thumbnail","6":"product_cat-padelle-pentole","7":"product_cat-toepfe-und-kochtoepfen","8":"product_cat-toepfe-pfannen","10":"first","11":"outofstock","12":"sale","13":"taxable","14":"shipping-taxable","15":"purchasable","16":"product-type-simple","swatches":"rey-swatches","show_selected":"","stretch_labels":"rey-swatches--stretch-labels"},"acf":[],"yoast_head":"<!-- This site is optimized with the Yoast SEO plugin v25.4 - https:\/\/yoast.com\/wordpress\/plugins\/seo\/ -->\n<title>LAGOSTINA Schnellkochtopf La Classica 5 L 22 cm - dev6 Erresse<\/title>\n<meta name=\"description\" content=\"Seit den 1960er Jahren ist Lagostina das Synonym f\u00fcr Schnellkocht\u00f6pfe f\u00fcr Italiener, die die Werte der Familie, des Teilens und des Zusammenseins lieben.\" \/>\n<meta name=\"robots\" content=\"noindex, follow, max-snippet:-1, max-image-preview:large, max-video-preview:-1\" \/>\n<meta property=\"og:locale\" content=\"de_DE\" \/>\n<meta property=\"og:type\" content=\"article\" \/>\n<meta property=\"og:title\" content=\"LAGOSTINA Schnellkochtopf La Classica 5 L 22 cm - dev6 Erresse\" \/>\n<meta property=\"og:description\" content=\"Seit den 1960er Jahren ist Lagostina das Synonym f\u00fcr Schnellkocht\u00f6pfe f\u00fcr Italiener, die die Werte der Familie, des Teilens und des Zusammenseins lieben.\" \/>\n<meta property=\"og:url\" content=\"https:\/\/dev6.erresse-shop.it\/de\/shop\/toepfe-pfannen\/toepfe-und-kochtoepfen\/lagostina-schnellkochtopf-la-classica-5-l-22-cm\/\" \/>\n<meta property=\"og:site_name\" content=\"dev6 Erresse\" \/>\n<meta property=\"og:image\" content=\"https:\/\/interpim.erresse-shop.it\/Import\/Prodotti\/lagostina-pentola-pressione-la-classica-5-l-22-cm.jpg\" \/><meta property=\"og:image\" content=\"https:\/\/interpim.erresse-shop.it\/Import\/Prodotti\/lagostina-pentola-pressione-la-classica-5-l-22-cm.jpg\" \/>\n\t<meta property=\"og:image:width\" content=\"1024\" \/>\n\t<meta property=\"og:image:height\" content=\"1024\" \/>\n\t<meta property=\"og:image:type\" content=\"image\/jpeg\" \/>\n<meta name=\"twitter:card\" content=\"summary_large_image\" \/>\n<meta name=\"twitter:image\" content=\"https:\/\/interpim.erresse-shop.it\/Import\/Prodotti\/lagostina-pentola-pressione-la-classica-5-l-22-cm.jpg\" \/>\n<script type=\"application\/ld+json\" class=\"yoast-schema-graph\">{\"@context\":\"https:\/\/schema.org\",\"@graph\":[{\"@type\":\"WebPage\",\"@id\":\"https:\/\/dev6.erresse-shop.it\/de\/shop\/toepfe-pfannen\/toepfe-und-kochtoepfen\/lagostina-schnellkochtopf-la-classica-5-l-22-cm\/\",\"url\":\"https:\/\/dev6.erresse-shop.it\/de\/shop\/toepfe-pfannen\/toepfe-und-kochtoepfen\/lagostina-schnellkochtopf-la-classica-5-l-22-cm\/\",\"name\":\"LAGOSTINA Schnellkochtopf La Classica 5 L 22 cm - dev6 Erresse\",\"isPartOf\":{\"@id\":\"https:\/\/dev6.erresse-shop.it\/#website\"},\"primaryImageOfPage\":{\"@id\":\"https:\/\/dev6.erresse-shop.it\/de\/shop\/toepfe-pfannen\/toepfe-und-kochtoepfen\/lagostina-schnellkochtopf-la-classica-5-l-22-cm\/#primaryimage\"},\"image\":{\"@id\":\"https:\/\/dev6.erresse-shop.it\/de\/shop\/toepfe-pfannen\/toepfe-und-kochtoepfen\/lagostina-schnellkochtopf-la-classica-5-l-22-cm\/#primaryimage\"},\"thumbnailUrl\":\"https:\/\/i2.wp.com\/interpim.erresse-shop.it\/Import\/Prodotti\/lagostina-pentola-pressione-la-classica-5-l-22-cm.jpg?ssl=1\",\"datePublished\":\"2026-04-04T06:40:30+00:00\",\"description\":\"Seit den 1960er Jahren ist Lagostina das Synonym f\u00fcr Schnellkocht\u00f6pfe f\u00fcr Italiener, die die Werte der Familie, des Teilens und des Zusammenseins lieben.\",\"breadcrumb\":{\"@id\":\"https:\/\/dev6.erresse-shop.it\/de\/shop\/toepfe-pfannen\/toepfe-und-kochtoepfen\/lagostina-schnellkochtopf-la-classica-5-l-22-cm\/#breadcrumb\"},\"inLanguage\":\"de\",\"potentialAction\":[{\"@type\":\"ReadAction\",\"target\":[\"https:\/\/dev6.erresse-shop.it\/de\/shop\/toepfe-pfannen\/toepfe-und-kochtoepfen\/lagostina-schnellkochtopf-la-classica-5-l-22-cm\/\"]}]},{\"@type\":\"ImageObject\",\"inLanguage\":\"de\",\"@id\":\"https:\/\/dev6.erresse-shop.it\/de\/shop\/toepfe-pfannen\/toepfe-und-kochtoepfen\/lagostina-schnellkochtopf-la-classica-5-l-22-cm\/#primaryimage\",\"url\":\"https:\/\/i2.wp.com\/interpim.erresse-shop.it\/Import\/Prodotti\/lagostina-pentola-pressione-la-classica-5-l-22-cm.jpg?ssl=1\",\"contentUrl\":\"https:\/\/i2.wp.com\/interpim.erresse-shop.it\/Import\/Prodotti\/lagostina-pentola-pressione-la-classica-5-l-22-cm.jpg?ssl=1\"},{\"@type\":\"BreadcrumbList\",\"@id\":\"https:\/\/dev6.erresse-shop.it\/de\/shop\/toepfe-pfannen\/toepfe-und-kochtoepfen\/lagostina-schnellkochtopf-la-classica-5-l-22-cm\/#breadcrumb\",\"itemListElement\":[{\"@type\":\"ListItem\",\"position\":1,\"name\":\"Home\",\"item\":\"https:\/\/dev6.erresse-shop.it\/\"},{\"@type\":\"ListItem\",\"position\":2,\"name\":\"Shop\",\"item\":\"https:\/\/dev6.erresse-shop.it\/shop\/\"},{\"@type\":\"ListItem\",\"position\":3,\"name\":\"LAGOSTINA Schnellkochtopf La Classica 5 L 22 cm\"}]},{\"@type\":\"WebSite\",\"@id\":\"https:\/\/dev6.erresse-shop.it\/#website\",\"url\":\"https:\/\/dev6.erresse-shop.it\/\",\"name\":\"Erresse Shop\",\"description\":\"\",\"publisher\":{\"@id\":\"https:\/\/dev6.erresse-shop.it\/#organization\"},\"potentialAction\":[{\"@type\":\"SearchAction\",\"target\":{\"@type\":\"EntryPoint\",\"urlTemplate\":\"https:\/\/dev6.erresse-shop.it\/?s={search_term_string}\"},\"query-input\":{\"@type\":\"PropertyValueSpecification\",\"valueRequired\":true,\"valueName\":\"search_term_string\"}}],\"inLanguage\":\"de\"},{\"@type\":\"Organization\",\"@id\":\"https:\/\/dev6.erresse-shop.it\/#organization\",\"name\":\"Erresse Shop\",\"url\":\"https:\/\/dev6.erresse-shop.it\/\",\"logo\":{\"@type\":\"ImageObject\",\"inLanguage\":\"de\",\"@id\":\"https:\/\/dev6.erresse-shop.it\/#\/schema\/logo\/image\/\",\"url\":\"https:\/\/dev6.erresse-shop.it\/wp-content\/uploads\/2025\/01\/LOGO-ERRESSE-CLASSICO.svg\",\"contentUrl\":\"https:\/\/dev6.erresse-shop.it\/wp-content\/uploads\/2025\/01\/LOGO-ERRESSE-CLASSICO.svg\",\"caption\":\"Erresse Shop\"},\"image\":{\"@id\":\"https:\/\/dev6.erresse-shop.it\/#\/schema\/logo\/image\/\"}}]}<\/script>\n<!-- \/ Yoast SEO plugin. -->","yoast_head_json":{"title":"LAGOSTINA Schnellkochtopf La Classica 5 L 22 cm - dev6 Erresse","description":"Seit den 1960er Jahren ist Lagostina das Synonym f\u00fcr Schnellkocht\u00f6pfe f\u00fcr Italiener, die die Werte der Familie, des Teilens und des Zusammenseins lieben.","robots":{"index":"noindex","follow":"follow","max-snippet":"max-snippet:-1","max-image-preview":"max-image-preview:large","max-video-preview":"max-video-preview:-1"},"og_locale":"de_DE","og_type":"article","og_title":"LAGOSTINA Schnellkochtopf La Classica 5 L 22 cm - dev6 Erresse","og_description":"Seit den 1960er Jahren ist Lagostina das Synonym f\u00fcr Schnellkocht\u00f6pfe f\u00fcr Italiener, die die Werte der Familie, des Teilens und des Zusammenseins lieben.","og_url":"https:\/\/dev6.erresse-shop.it\/de\/shop\/toepfe-pfannen\/toepfe-und-kochtoepfen\/lagostina-schnellkochtopf-la-classica-5-l-22-cm\/","og_site_name":"dev6 Erresse","og_image":[{"url":"https:\/\/interpim.erresse-shop.it\/Import\/Prodotti\/lagostina-pentola-pressione-la-classica-5-l-22-cm.jpg","type":"","width":"","height":""},{"url":"https:\/\/interpim.erresse-shop.it\/Import\/Prodotti\/lagostina-pentola-pressione-la-classica-5-l-22-cm.jpg","width":1024,"height":1024,"type":"image\/jpeg"}],"twitter_card":"summary_large_image","twitter_image":"https:\/\/interpim.erresse-shop.it\/Import\/Prodotti\/lagostina-pentola-pressione-la-classica-5-l-22-cm.jpg","schema":{"@context":"https:\/\/schema.org","@graph":[{"@type":"WebPage","@id":"https:\/\/dev6.erresse-shop.it\/de\/shop\/toepfe-pfannen\/toepfe-und-kochtoepfen\/lagostina-schnellkochtopf-la-classica-5-l-22-cm\/","url":"https:\/\/dev6.erresse-shop.it\/de\/shop\/toepfe-pfannen\/toepfe-und-kochtoepfen\/lagostina-schnellkochtopf-la-classica-5-l-22-cm\/","name":"LAGOSTINA Schnellkochtopf La Classica 5 L 22 cm - dev6 Erresse","isPartOf":{"@id":"https:\/\/dev6.erresse-shop.it\/#website"},"primaryImageOfPage":{"@id":"https:\/\/dev6.erresse-shop.it\/de\/shop\/toepfe-pfannen\/toepfe-und-kochtoepfen\/lagostina-schnellkochtopf-la-classica-5-l-22-cm\/#primaryimage"},"image":{"@id":"https:\/\/dev6.erresse-shop.it\/de\/shop\/toepfe-pfannen\/toepfe-und-kochtoepfen\/lagostina-schnellkochtopf-la-classica-5-l-22-cm\/#primaryimage"},"thumbnailUrl":"https:\/\/i2.wp.com\/interpim.erresse-shop.it\/Import\/Prodotti\/lagostina-pentola-pressione-la-classica-5-l-22-cm.jpg?ssl=1","datePublished":"2026-04-04T06:40:30+00:00","description":"Seit den 1960er Jahren ist Lagostina das Synonym f\u00fcr Schnellkocht\u00f6pfe f\u00fcr Italiener, die die Werte der Familie, des Teilens und des Zusammenseins lieben.","breadcrumb":{"@id":"https:\/\/dev6.erresse-shop.it\/de\/shop\/toepfe-pfannen\/toepfe-und-kochtoepfen\/lagostina-schnellkochtopf-la-classica-5-l-22-cm\/#breadcrumb"},"inLanguage":"de","potentialAction":[{"@type":"ReadAction","target":["https:\/\/dev6.erresse-shop.it\/de\/shop\/toepfe-pfannen\/toepfe-und-kochtoepfen\/lagostina-schnellkochtopf-la-classica-5-l-22-cm\/"]}]},{"@type":"ImageObject","inLanguage":"de","@id":"https:\/\/dev6.erresse-shop.it\/de\/shop\/toepfe-pfannen\/toepfe-und-kochtoepfen\/lagostina-schnellkochtopf-la-classica-5-l-22-cm\/#primaryimage","url":"https:\/\/i2.wp.com\/interpim.erresse-shop.it\/Import\/Prodotti\/lagostina-pentola-pressione-la-classica-5-l-22-cm.jpg?ssl=1","contentUrl":"https:\/\/i2.wp.com\/interpim.erresse-shop.it\/Import\/Prodotti\/lagostina-pentola-pressione-la-classica-5-l-22-cm.jpg?ssl=1"},{"@type":"BreadcrumbList","@id":"https:\/\/dev6.erresse-shop.it\/de\/shop\/toepfe-pfannen\/toepfe-und-kochtoepfen\/lagostina-schnellkochtopf-la-classica-5-l-22-cm\/#breadcrumb","itemListElement":[{"@type":"ListItem","position":1,"name":"Home","item":"https:\/\/dev6.erresse-shop.it\/"},{"@type":"ListItem","position":2,"name":"Shop","item":"https:\/\/dev6.erresse-shop.it\/shop\/"},{"@type":"ListItem","position":3,"name":"LAGOSTINA Schnellkochtopf La Classica 5 L 22 cm"}]},{"@type":"WebSite","@id":"https:\/\/dev6.erresse-shop.it\/#website","url":"https:\/\/dev6.erresse-shop.it\/","name":"Erresse Shop","description":"","publisher":{"@id":"https:\/\/dev6.erresse-shop.it\/#organization"},"potentialAction":[{"@type":"SearchAction","target":{"@type":"EntryPoint","urlTemplate":"https:\/\/dev6.erresse-shop.it\/?s={search_term_string}"},"query-input":{"@type":"PropertyValueSpecification","valueRequired":true,"valueName":"search_term_string"}}],"inLanguage":"de"},{"@type":"Organization","@id":"https:\/\/dev6.erresse-shop.it\/#organization","name":"Erresse Shop","url":"https:\/\/dev6.erresse-shop.it\/","logo":{"@type":"ImageObject","inLanguage":"de","@id":"https:\/\/dev6.erresse-shop.it\/#\/schema\/logo\/image\/","url":"https:\/\/dev6.erresse-shop.it\/wp-content\/uploads\/2025\/01\/LOGO-ERRESSE-CLASSICO.svg","contentUrl":"https:\/\/dev6.erresse-shop.it\/wp-content\/uploads\/2025\/01\/LOGO-ERRESSE-CLASSICO.svg","caption":"Erresse Shop"},"image":{"@id":"https:\/\/dev6.erresse-shop.it\/#\/schema\/logo\/image\/"}}]}},"df_price":109.95,"df_sale_price":109.95,"df_regular_price":157.2,"df_image_link":"https:\/\/i2.wp.com\/interpim.erresse-shop.it\/Import\/Prodotti\/lagostina-pentola-pressione-la-classica-5-l-22-cm.jpg?resize=300,300&ssl=1","fifu_image_url":"https:\/\/interpim.erresse-shop.it\/Import\/Prodotti\/lagostina-pentola-pressione-la-classica-5-l-22-cm.jpg","_links":{"self":[{"href":"https:\/\/dev6.erresse-shop.it\/de\/wp-json\/wp\/v2\/product\/50280","targetHints":{"allow":["GET"]}}],"collection":[{"href":"https:\/\/dev6.erresse-shop.it\/de\/wp-json\/wp\/v2\/product"}],"about":[{"href":"https:\/\/dev6.erresse-shop.it\/de\/wp-json\/wp\/v2\/types\/product"}],"wp:featuredmedia":[{"embeddable":true,"href":"https:\/\/dev6.erresse-shop.it\/de\/wp-json\/wp\/v2\/media\/6269037"}],"wp:attachment":[{"href":"https:\/\/dev6.erresse-shop.it\/de\/wp-json\/wp\/v2\/media?parent=50280"}],"wp:term":[{"taxonomy":"product_cat","embeddable":true,"href":"https:\/\/dev6.erresse-shop.it\/de\/wp-json\/wp\/v2\/product_cat?post=50280"},{"taxonomy":"product_tag","embeddable":true,"href":"https:\/\/dev6.erresse-shop.it\/de\/wp-json\/wp\/v2\/product_tag?post=50280"}],"curies":[{"name":"wp","href":"https:\/\/api.w.org\/{rel}","templated":true}]}}