{"id":50276,"date":"2026-04-12T08:41:36","date_gmt":"2026-04-12T06:41:36","guid":{"rendered":"https:\/\/dev6.erresse-shop.it\/shop\/unkategorisiert\/lagostina-smart-set-9-stuecke\/"},"modified":"2025-09-14T00:42:41","modified_gmt":"2025-09-13T22:42:41","slug":"lagostina-smart-set-9-stuecke","status":"publish","type":"product","link":"https:\/\/dev6.erresse-shop.it\/de\/shop\/toepfe-pfannen\/topfsets\/lagostina-smart-set-9-stuecke\/","title":{"rendered":"LAGOSTINA Smart-Set 9 St\u00fccke"},"content":{"rendered":"<p>Das neue Smart-Set ist ein 9-teiliges Set aus Edelstahl 18\/10, das dank des dreifach gekapselten, auch induktionsgeeigneten LAGOSEAL\u00ae PLUS-Bodens, der eine gleichm\u00e4\u00dfige W\u00e4rmeverteilung f\u00fcr maximale Leistung in der K\u00fcche gew\u00e4hrleistet, ein hervorragendes Kochergebnis erm\u00f6glicht. Die Deckel sind aus Glas f\u00fcr eine bessere Kochkontrolle. Die Struktur der Pfannen umfasst einen Rand mit einem Ausguss, der zusammen mit der Perforation des Deckels ein sehr bequemes Ablassen von Fl\u00fcssigkeiten erm\u00f6glicht. Die Griffe sind breit, bequem und sicher.<\/p>\n<p>Lagoseal\u00aePlus-Basis<br \/>\nDer gekapselte LAGOSEAL\u00ae PLUS-Boden mit drei Schichten (Stahl-Aluminium-Stahl) eignet sich f\u00fcr jede Kochfl\u00e4che und f\u00f6rdert die perfekte W\u00e4rmeverteilung, wodurch das Risiko des Anhaftens von Speisen minimiert wird.<\/p>\n<p>Glasdeckel<br \/>\nGlasdeckel mit doppelter Perforation zum bequemen Abtropfen.<\/p>\n<p>Kante<br \/>\nDie Konstruktion des Kochgeschirrs umfasst einen Rand mit einem Ausguss, der zusammen mit der Perforation des Deckels ein bequemes Abgie\u00dfen von Fl\u00fcssigkeiten erm\u00f6glicht.<\/p>\n<p>Das Set enth\u00e4lt:<\/p>\n<p>Tiefe Kasserolle mit langem Griff und Deckel 14 cm.<br \/>\nTiefe Kasserolle mit Deckel cm. 18<br \/>\nTiefe Kasserolle mit Deckel cm. 22<br \/>\nNiedriger Kochtopf mit Deckel cm. 24<br \/>\nKochtopf cm. 22<\/p>\n","protected":false},"excerpt":{"rendered":"<p>Das neue Smart-Set ist ein 9-teiliges Set aus Edelstahl 18\/10, das dank des dreifach gekapselten, auch induktionsgeeigneten LAGOSEAL\u00ae PLUS-Bodens, der eine gleichm\u00e4\u00dfige W\u00e4rmeverteilung f\u00fcr maximale Leistung in der K\u00fcche gew\u00e4hrleistet, ein hervorragendes Kochergebnis erm\u00f6glicht. Die Deckel sind aus Glas f\u00fcr eine bessere Kochkontrolle. Die Struktur der Pfannen umfasst einen Rand mit einem Ausguss, der zusammen [&hellip;]<\/p>\n","protected":false},"featured_media":6352304,"template":"","meta":{"_acf_changed":false},"product_cat":[11667,12099,12132],"product_tag":[],"class_list":{"0":"post-50276","1":"product","2":"type-product","3":"status-publish","4":"has-post-thumbnail","6":"product_cat-padelle-pentole","7":"product_cat-toepfe-pfannen","8":"product_cat-topfsets","10":"first","11":"outofstock","12":"sale","13":"taxable","14":"shipping-taxable","15":"purchasable","16":"product-type-simple","swatches":"rey-swatches","show_selected":"","stretch_labels":"rey-swatches--stretch-labels"},"acf":[],"yoast_head":"<!-- This site is optimized with the Yoast SEO plugin v25.4 - https:\/\/yoast.com\/wordpress\/plugins\/seo\/ -->\n<title>LAGOSTINA Smart-Set 9 St\u00fccke - dev6 Erresse<\/title>\n<meta name=\"description\" content=\"Das neue Smart-Set ist ein 9-teiliges Set aus Edelstahl 18\/10, das dank des dreifach gekapselten, auch induktionsgeeigneten LAGOSEAL\u00ae PLUS-Bodens, der\" \/>\n<meta name=\"robots\" content=\"noindex, follow, max-snippet:-1, max-image-preview:large, max-video-preview:-1\" \/>\n<meta property=\"og:locale\" content=\"de_DE\" \/>\n<meta property=\"og:type\" content=\"article\" \/>\n<meta property=\"og:title\" content=\"LAGOSTINA Smart-Set 9 St\u00fccke - dev6 Erresse\" \/>\n<meta property=\"og:description\" content=\"Das neue Smart-Set ist ein 9-teiliges Set aus Edelstahl 18\/10, das dank des dreifach gekapselten, auch induktionsgeeigneten LAGOSEAL\u00ae PLUS-Bodens, der\" \/>\n<meta property=\"og:url\" content=\"https:\/\/dev6.erresse-shop.it\/de\/shop\/toepfe-pfannen\/topfsets\/lagostina-smart-set-9-stuecke\/\" \/>\n<meta property=\"og:site_name\" content=\"dev6 Erresse\" \/>\n<meta property=\"og:image\" content=\"https:\/\/interpim.erresse-shop.it\/Import\/Prodotti\/lagostina-set-smart-9-pezzi.jpg\" \/><meta property=\"og:image\" content=\"https:\/\/interpim.erresse-shop.it\/Import\/Prodotti\/lagostina-set-smart-9-pezzi.jpg\" \/>\n\t<meta property=\"og:image:width\" content=\"1024\" \/>\n\t<meta property=\"og:image:height\" content=\"1024\" \/>\n\t<meta property=\"og:image:type\" content=\"image\/jpeg\" \/>\n<meta name=\"twitter:card\" content=\"summary_large_image\" \/>\n<meta name=\"twitter:image\" content=\"https:\/\/interpim.erresse-shop.it\/Import\/Prodotti\/lagostina-set-smart-9-pezzi.jpg\" \/>\n<script type=\"application\/ld+json\" class=\"yoast-schema-graph\">{\"@context\":\"https:\/\/schema.org\",\"@graph\":[{\"@type\":\"WebPage\",\"@id\":\"https:\/\/dev6.erresse-shop.it\/de\/shop\/toepfe-pfannen\/topfsets\/lagostina-smart-set-9-stuecke\/\",\"url\":\"https:\/\/dev6.erresse-shop.it\/de\/shop\/toepfe-pfannen\/topfsets\/lagostina-smart-set-9-stuecke\/\",\"name\":\"LAGOSTINA Smart-Set 9 St\u00fccke - dev6 Erresse\",\"isPartOf\":{\"@id\":\"https:\/\/dev6.erresse-shop.it\/#website\"},\"primaryImageOfPage\":{\"@id\":\"https:\/\/dev6.erresse-shop.it\/de\/shop\/toepfe-pfannen\/topfsets\/lagostina-smart-set-9-stuecke\/#primaryimage\"},\"image\":{\"@id\":\"https:\/\/dev6.erresse-shop.it\/de\/shop\/toepfe-pfannen\/topfsets\/lagostina-smart-set-9-stuecke\/#primaryimage\"},\"thumbnailUrl\":\"https:\/\/i3.wp.com\/interpim.erresse-shop.it\/Import\/Prodotti\/lagostina-set-smart-9-pezzi.jpg?ssl=1\",\"datePublished\":\"2026-04-12T06:41:36+00:00\",\"description\":\"Das neue Smart-Set ist ein 9-teiliges Set aus Edelstahl 18\/10, das dank des dreifach gekapselten, auch induktionsgeeigneten LAGOSEAL\u00ae PLUS-Bodens, der\",\"breadcrumb\":{\"@id\":\"https:\/\/dev6.erresse-shop.it\/de\/shop\/toepfe-pfannen\/topfsets\/lagostina-smart-set-9-stuecke\/#breadcrumb\"},\"inLanguage\":\"de\",\"potentialAction\":[{\"@type\":\"ReadAction\",\"target\":[\"https:\/\/dev6.erresse-shop.it\/de\/shop\/toepfe-pfannen\/topfsets\/lagostina-smart-set-9-stuecke\/\"]}]},{\"@type\":\"ImageObject\",\"inLanguage\":\"de\",\"@id\":\"https:\/\/dev6.erresse-shop.it\/de\/shop\/toepfe-pfannen\/topfsets\/lagostina-smart-set-9-stuecke\/#primaryimage\",\"url\":\"https:\/\/i3.wp.com\/interpim.erresse-shop.it\/Import\/Prodotti\/lagostina-set-smart-9-pezzi.jpg?ssl=1\",\"contentUrl\":\"https:\/\/i3.wp.com\/interpim.erresse-shop.it\/Import\/Prodotti\/lagostina-set-smart-9-pezzi.jpg?ssl=1\"},{\"@type\":\"BreadcrumbList\",\"@id\":\"https:\/\/dev6.erresse-shop.it\/de\/shop\/toepfe-pfannen\/topfsets\/lagostina-smart-set-9-stuecke\/#breadcrumb\",\"itemListElement\":[{\"@type\":\"ListItem\",\"position\":1,\"name\":\"Home\",\"item\":\"https:\/\/dev6.erresse-shop.it\/\"},{\"@type\":\"ListItem\",\"position\":2,\"name\":\"Shop\",\"item\":\"https:\/\/dev6.erresse-shop.it\/shop\/\"},{\"@type\":\"ListItem\",\"position\":3,\"name\":\"LAGOSTINA Smart-Set 9 St\u00fccke\"}]},{\"@type\":\"WebSite\",\"@id\":\"https:\/\/dev6.erresse-shop.it\/#website\",\"url\":\"https:\/\/dev6.erresse-shop.it\/\",\"name\":\"Erresse Shop\",\"description\":\"\",\"publisher\":{\"@id\":\"https:\/\/dev6.erresse-shop.it\/#organization\"},\"potentialAction\":[{\"@type\":\"SearchAction\",\"target\":{\"@type\":\"EntryPoint\",\"urlTemplate\":\"https:\/\/dev6.erresse-shop.it\/?s={search_term_string}\"},\"query-input\":{\"@type\":\"PropertyValueSpecification\",\"valueRequired\":true,\"valueName\":\"search_term_string\"}}],\"inLanguage\":\"de\"},{\"@type\":\"Organization\",\"@id\":\"https:\/\/dev6.erresse-shop.it\/#organization\",\"name\":\"Erresse Shop\",\"url\":\"https:\/\/dev6.erresse-shop.it\/\",\"logo\":{\"@type\":\"ImageObject\",\"inLanguage\":\"de\",\"@id\":\"https:\/\/dev6.erresse-shop.it\/#\/schema\/logo\/image\/\",\"url\":\"https:\/\/dev6.erresse-shop.it\/wp-content\/uploads\/2025\/01\/LOGO-ERRESSE-CLASSICO.svg\",\"contentUrl\":\"https:\/\/dev6.erresse-shop.it\/wp-content\/uploads\/2025\/01\/LOGO-ERRESSE-CLASSICO.svg\",\"caption\":\"Erresse Shop\"},\"image\":{\"@id\":\"https:\/\/dev6.erresse-shop.it\/#\/schema\/logo\/image\/\"}}]}<\/script>\n<!-- \/ Yoast SEO plugin. -->","yoast_head_json":{"title":"LAGOSTINA Smart-Set 9 St\u00fccke - dev6 Erresse","description":"Das neue Smart-Set ist ein 9-teiliges Set aus Edelstahl 18\/10, das dank des dreifach gekapselten, auch induktionsgeeigneten LAGOSEAL\u00ae PLUS-Bodens, der","robots":{"index":"noindex","follow":"follow","max-snippet":"max-snippet:-1","max-image-preview":"max-image-preview:large","max-video-preview":"max-video-preview:-1"},"og_locale":"de_DE","og_type":"article","og_title":"LAGOSTINA Smart-Set 9 St\u00fccke - dev6 Erresse","og_description":"Das neue Smart-Set ist ein 9-teiliges Set aus Edelstahl 18\/10, das dank des dreifach gekapselten, auch induktionsgeeigneten LAGOSEAL\u00ae PLUS-Bodens, der","og_url":"https:\/\/dev6.erresse-shop.it\/de\/shop\/toepfe-pfannen\/topfsets\/lagostina-smart-set-9-stuecke\/","og_site_name":"dev6 Erresse","og_image":[{"url":"https:\/\/interpim.erresse-shop.it\/Import\/Prodotti\/lagostina-set-smart-9-pezzi.jpg","type":"","width":"","height":""},{"url":"https:\/\/interpim.erresse-shop.it\/Import\/Prodotti\/lagostina-set-smart-9-pezzi.jpg","width":1024,"height":1024,"type":"image\/jpeg"}],"twitter_card":"summary_large_image","twitter_image":"https:\/\/interpim.erresse-shop.it\/Import\/Prodotti\/lagostina-set-smart-9-pezzi.jpg","schema":{"@context":"https:\/\/schema.org","@graph":[{"@type":"WebPage","@id":"https:\/\/dev6.erresse-shop.it\/de\/shop\/toepfe-pfannen\/topfsets\/lagostina-smart-set-9-stuecke\/","url":"https:\/\/dev6.erresse-shop.it\/de\/shop\/toepfe-pfannen\/topfsets\/lagostina-smart-set-9-stuecke\/","name":"LAGOSTINA Smart-Set 9 St\u00fccke - dev6 Erresse","isPartOf":{"@id":"https:\/\/dev6.erresse-shop.it\/#website"},"primaryImageOfPage":{"@id":"https:\/\/dev6.erresse-shop.it\/de\/shop\/toepfe-pfannen\/topfsets\/lagostina-smart-set-9-stuecke\/#primaryimage"},"image":{"@id":"https:\/\/dev6.erresse-shop.it\/de\/shop\/toepfe-pfannen\/topfsets\/lagostina-smart-set-9-stuecke\/#primaryimage"},"thumbnailUrl":"https:\/\/i3.wp.com\/interpim.erresse-shop.it\/Import\/Prodotti\/lagostina-set-smart-9-pezzi.jpg?ssl=1","datePublished":"2026-04-12T06:41:36+00:00","description":"Das neue Smart-Set ist ein 9-teiliges Set aus Edelstahl 18\/10, das dank des dreifach gekapselten, auch induktionsgeeigneten LAGOSEAL\u00ae PLUS-Bodens, der","breadcrumb":{"@id":"https:\/\/dev6.erresse-shop.it\/de\/shop\/toepfe-pfannen\/topfsets\/lagostina-smart-set-9-stuecke\/#breadcrumb"},"inLanguage":"de","potentialAction":[{"@type":"ReadAction","target":["https:\/\/dev6.erresse-shop.it\/de\/shop\/toepfe-pfannen\/topfsets\/lagostina-smart-set-9-stuecke\/"]}]},{"@type":"ImageObject","inLanguage":"de","@id":"https:\/\/dev6.erresse-shop.it\/de\/shop\/toepfe-pfannen\/topfsets\/lagostina-smart-set-9-stuecke\/#primaryimage","url":"https:\/\/i3.wp.com\/interpim.erresse-shop.it\/Import\/Prodotti\/lagostina-set-smart-9-pezzi.jpg?ssl=1","contentUrl":"https:\/\/i3.wp.com\/interpim.erresse-shop.it\/Import\/Prodotti\/lagostina-set-smart-9-pezzi.jpg?ssl=1"},{"@type":"BreadcrumbList","@id":"https:\/\/dev6.erresse-shop.it\/de\/shop\/toepfe-pfannen\/topfsets\/lagostina-smart-set-9-stuecke\/#breadcrumb","itemListElement":[{"@type":"ListItem","position":1,"name":"Home","item":"https:\/\/dev6.erresse-shop.it\/"},{"@type":"ListItem","position":2,"name":"Shop","item":"https:\/\/dev6.erresse-shop.it\/shop\/"},{"@type":"ListItem","position":3,"name":"LAGOSTINA Smart-Set 9 St\u00fccke"}]},{"@type":"WebSite","@id":"https:\/\/dev6.erresse-shop.it\/#website","url":"https:\/\/dev6.erresse-shop.it\/","name":"Erresse Shop","description":"","publisher":{"@id":"https:\/\/dev6.erresse-shop.it\/#organization"},"potentialAction":[{"@type":"SearchAction","target":{"@type":"EntryPoint","urlTemplate":"https:\/\/dev6.erresse-shop.it\/?s={search_term_string}"},"query-input":{"@type":"PropertyValueSpecification","valueRequired":true,"valueName":"search_term_string"}}],"inLanguage":"de"},{"@type":"Organization","@id":"https:\/\/dev6.erresse-shop.it\/#organization","name":"Erresse Shop","url":"https:\/\/dev6.erresse-shop.it\/","logo":{"@type":"ImageObject","inLanguage":"de","@id":"https:\/\/dev6.erresse-shop.it\/#\/schema\/logo\/image\/","url":"https:\/\/dev6.erresse-shop.it\/wp-content\/uploads\/2025\/01\/LOGO-ERRESSE-CLASSICO.svg","contentUrl":"https:\/\/dev6.erresse-shop.it\/wp-content\/uploads\/2025\/01\/LOGO-ERRESSE-CLASSICO.svg","caption":"Erresse Shop"},"image":{"@id":"https:\/\/dev6.erresse-shop.it\/#\/schema\/logo\/image\/"}}]}},"df_price":99.95,"df_sale_price":99.95,"df_regular_price":179.9,"df_image_link":"https:\/\/i3.wp.com\/interpim.erresse-shop.it\/Import\/Prodotti\/lagostina-set-smart-9-pezzi.jpg?resize=300,300&ssl=1","fifu_image_url":"https:\/\/interpim.erresse-shop.it\/Import\/Prodotti\/lagostina-set-smart-9-pezzi.jpg","_links":{"self":[{"href":"https:\/\/dev6.erresse-shop.it\/de\/wp-json\/wp\/v2\/product\/50276","targetHints":{"allow":["GET"]}}],"collection":[{"href":"https:\/\/dev6.erresse-shop.it\/de\/wp-json\/wp\/v2\/product"}],"about":[{"href":"https:\/\/dev6.erresse-shop.it\/de\/wp-json\/wp\/v2\/types\/product"}],"wp:featuredmedia":[{"embeddable":true,"href":"https:\/\/dev6.erresse-shop.it\/de\/wp-json\/wp\/v2\/media\/6352304"}],"wp:attachment":[{"href":"https:\/\/dev6.erresse-shop.it\/de\/wp-json\/wp\/v2\/media?parent=50276"}],"wp:term":[{"taxonomy":"product_cat","embeddable":true,"href":"https:\/\/dev6.erresse-shop.it\/de\/wp-json\/wp\/v2\/product_cat?post=50276"},{"taxonomy":"product_tag","embeddable":true,"href":"https:\/\/dev6.erresse-shop.it\/de\/wp-json\/wp\/v2\/product_tag?post=50276"}],"curies":[{"name":"wp","href":"https:\/\/api.w.org\/{rel}","templated":true}]}}