{"id":50206,"date":"2026-04-10T09:18:09","date_gmt":"2026-04-10T07:18:09","guid":{"rendered":"https:\/\/dev6.erresse-shop.it\/shop\/unkategorisiert\/venini-fazzoletto-vase-oxblood-rot-und-puderrosa-h-13-5-cm\/"},"modified":"2025-07-03T19:58:17","modified_gmt":"2025-07-03T17:58:17","slug":"venini-fazzoletto-vase-oxblood-rot-und-puderrosa-h-13-5-cm","status":"publish","type":"product","link":"https:\/\/dev6.erresse-shop.it\/de\/shop\/einrichtung-haus\/vasen\/venini-fazzoletto-vase-oxblood-rot-und-puderrosa-h-13-5-cm\/","title":{"rendered":"VENINI Fazzoletto Vase Oxblood Rot und Puderrosa H 13.5 cm"},"content":{"rendered":"<p>Die Vase Fazzoletto von Fulvio Bianconi ist eine Abwandlung einer fr\u00fcheren Vase, der Vase Cartoccio, die Piero Chiesa 1985 f\u00fcr FontanaArte entwarf. W\u00e4hrend die Cartoccio-Vase aus industriellem, in einer Form gepresstem Glas hergestellt wurde und einen schr\u00e4gen oberen Rand hatte, unterschied sich Bianconis Vase durch ihre asymmetrischen Spitzen, die dadurch entstanden, dass das geschmolzene Glas im Kreis gedreht wurde und die Schwerkraft die Spitzen zuf\u00e4llig formte.<\/p>\n<p>Das geschmolzene Glas, das im Blasrohr urspr\u00fcnglich zu einer Kugel werden sollte, wurde beim Blasen zu einer Form, die frei im Raum flatterte, wie ein Spitzentaschentuch, das vom Wind in der Luft gehalten wird.<\/p>\n<p>Ab 1960 begann Venini, die Vase in einfarbiger Ausf\u00fchrung zu produzieren, und 1987 wurde das Modell, das durch \u00dcberlagerung von zwei Farben entstand, Fazzoletto Opalino genannt.<\/p>\n<p>Diese Vase wurde bald zu einem der erfolgreichsten Objekte von Venini und wurde international vermarktet, wobei ihre Popularit\u00e4t noch zunahm, nachdem sie in die Wanderausstellung Italy at Work aufgenommen wurde, die zwischen 1951 und 1953 durch die Vereinigten Staaten tourte.<\/p>\n<p>Die Fazzoletto-Vase wird seit Jahrzehnten produziert und ist zu einem repr\u00e4sentativen Objekt der italienischen Glasherstellung in den 1950er Jahren geworden.<\/p>\n<p>SOFFIATO OPALINO<br \/>\nOpalglas wird von Hand geblasen und bearbeitet und entsteht durch \u00dcberlagerung von Lattimo mit anderem Glas. Die Technik ist so definiert, weil die Handwerker das Glas ausdehnen und formen, indem sie Luft in einen langen Metallstab blasen, der mit dem Glas verbunden ist, gem\u00e4\u00df der tausendj\u00e4hrigen Tradition der Glasherstellung. Dieser uralte Vorgang, kombiniert mit der Erfahrung und dem K\u00f6nnen der Glasmacher, verwandelt einfaches Glas in wahre k\u00fcnstlerische Meisterwerke, die einzigartig sind.<\/p>\n<p>FLIEGENDE H\u00c4NDE<br \/>\n Dieser Ausdruck bezeichnet die flinke und geschickte Bewegung der Hand des Glasmachermeisters bei der Hei\u00dfbearbeitung eines feinen Glases.<\/p>\n","protected":false},"excerpt":{"rendered":"<p>Die Vase Fazzoletto von Fulvio Bianconi ist eine Abwandlung einer fr\u00fcheren Vase, der Vase Cartoccio, die Piero Chiesa 1985 f\u00fcr FontanaArte entwarf. W\u00e4hrend die Cartoccio-Vase aus industriellem, in einer Form gepresstem Glas hergestellt wurde und einen schr\u00e4gen oberen Rand hatte, unterschied sich Bianconis Vase durch ihre asymmetrischen Spitzen, die dadurch entstanden, dass das geschmolzene Glas [&hellip;]<\/p>\n","protected":false},"featured_media":6310491,"template":"","meta":{"_acf_changed":false},"product_cat":[11666,12098,12126],"product_tag":[],"class_list":{"0":"post-50206","1":"product","2":"type-product","3":"status-publish","4":"has-post-thumbnail","6":"product_cat-arredamento-casa","7":"product_cat-einrichtung-haus","8":"product_cat-vasen","10":"first","11":"outofstock","12":"taxable","13":"shipping-taxable","14":"purchasable","15":"product-type-simple","swatches":"rey-swatches","show_selected":"","stretch_labels":"rey-swatches--stretch-labels"},"acf":[],"yoast_head":"<!-- This site is optimized with the Yoast SEO plugin v25.4 - https:\/\/yoast.com\/wordpress\/plugins\/seo\/ -->\n<title>VENINI Fazzoletto Vase Oxblood Rot und Puderrosa H 13.5 cm - dev6 Erresse<\/title>\n<meta name=\"description\" content=\"Die Vase Fazzoletto von Fulvio Bianconi ist eine Abwandlung einer fr\u00fcheren Vase, der Vase Cartoccio, die Piero Chiesa 1985 f\u00fcr FontanaArte entwarf.\" \/>\n<meta name=\"robots\" content=\"noindex, follow, max-snippet:-1, max-image-preview:large, max-video-preview:-1\" \/>\n<meta property=\"og:locale\" content=\"de_DE\" \/>\n<meta property=\"og:type\" content=\"article\" \/>\n<meta property=\"og:title\" content=\"VENINI Fazzoletto Vase Oxblood Rot und Puderrosa H 13.5 cm - dev6 Erresse\" \/>\n<meta property=\"og:description\" content=\"Die Vase Fazzoletto von Fulvio Bianconi ist eine Abwandlung einer fr\u00fcheren Vase, der Vase Cartoccio, die Piero Chiesa 1985 f\u00fcr FontanaArte entwarf.\" \/>\n<meta property=\"og:url\" content=\"https:\/\/dev6.erresse-shop.it\/de\/shop\/einrichtung-haus\/vasen\/venini-fazzoletto-vase-oxblood-rot-und-puderrosa-h-13-5-cm\/\" \/>\n<meta property=\"og:site_name\" content=\"dev6 Erresse\" \/>\n<meta property=\"og:image\" content=\"https:\/\/interpim.erresse-shop.it\/img-catalogo\/venini\/venini-vaso-fazzoletto-rosso-e-rosa-h13.5.jpg\" \/><meta property=\"og:image\" content=\"https:\/\/interpim.erresse-shop.it\/img-catalogo\/venini\/venini-vaso-fazzoletto-rosso-e-rosa-h13.5.jpg\" \/>\n\t<meta property=\"og:image:width\" content=\"1024\" \/>\n\t<meta property=\"og:image:height\" content=\"1024\" \/>\n\t<meta property=\"og:image:type\" content=\"image\/jpeg\" \/>\n<meta name=\"twitter:card\" content=\"summary_large_image\" \/>\n<meta name=\"twitter:image\" content=\"https:\/\/interpim.erresse-shop.it\/img-catalogo\/venini\/venini-vaso-fazzoletto-rosso-e-rosa-h13.5.jpg\" \/>\n<script type=\"application\/ld+json\" class=\"yoast-schema-graph\">{\"@context\":\"https:\/\/schema.org\",\"@graph\":[{\"@type\":\"WebPage\",\"@id\":\"https:\/\/dev6.erresse-shop.it\/de\/shop\/einrichtung-haus\/vasen\/venini-fazzoletto-vase-oxblood-rot-und-puderrosa-h-13-5-cm\/\",\"url\":\"https:\/\/dev6.erresse-shop.it\/de\/shop\/einrichtung-haus\/vasen\/venini-fazzoletto-vase-oxblood-rot-und-puderrosa-h-13-5-cm\/\",\"name\":\"VENINI Fazzoletto Vase Oxblood Rot und Puderrosa H 13.5 cm - dev6 Erresse\",\"isPartOf\":{\"@id\":\"https:\/\/dev6.erresse-shop.it\/#website\"},\"primaryImageOfPage\":{\"@id\":\"https:\/\/dev6.erresse-shop.it\/de\/shop\/einrichtung-haus\/vasen\/venini-fazzoletto-vase-oxblood-rot-und-puderrosa-h-13-5-cm\/#primaryimage\"},\"image\":{\"@id\":\"https:\/\/dev6.erresse-shop.it\/de\/shop\/einrichtung-haus\/vasen\/venini-fazzoletto-vase-oxblood-rot-und-puderrosa-h-13-5-cm\/#primaryimage\"},\"thumbnailUrl\":\"https:\/\/i1.wp.com\/interpim.erresse-shop.it\/img-catalogo\/venini\/venini-vaso-fazzoletto-rosso-e-rosa-h13.5.jpg?ssl=1\",\"datePublished\":\"2026-04-10T07:18:09+00:00\",\"description\":\"Die Vase Fazzoletto von Fulvio Bianconi ist eine Abwandlung einer fr\u00fcheren Vase, der Vase Cartoccio, die Piero Chiesa 1985 f\u00fcr FontanaArte entwarf.\",\"breadcrumb\":{\"@id\":\"https:\/\/dev6.erresse-shop.it\/de\/shop\/einrichtung-haus\/vasen\/venini-fazzoletto-vase-oxblood-rot-und-puderrosa-h-13-5-cm\/#breadcrumb\"},\"inLanguage\":\"de\",\"potentialAction\":[{\"@type\":\"ReadAction\",\"target\":[\"https:\/\/dev6.erresse-shop.it\/de\/shop\/einrichtung-haus\/vasen\/venini-fazzoletto-vase-oxblood-rot-und-puderrosa-h-13-5-cm\/\"]}]},{\"@type\":\"ImageObject\",\"inLanguage\":\"de\",\"@id\":\"https:\/\/dev6.erresse-shop.it\/de\/shop\/einrichtung-haus\/vasen\/venini-fazzoletto-vase-oxblood-rot-und-puderrosa-h-13-5-cm\/#primaryimage\",\"url\":\"https:\/\/i1.wp.com\/interpim.erresse-shop.it\/img-catalogo\/venini\/venini-vaso-fazzoletto-rosso-e-rosa-h13.5.jpg?ssl=1\",\"contentUrl\":\"https:\/\/i1.wp.com\/interpim.erresse-shop.it\/img-catalogo\/venini\/venini-vaso-fazzoletto-rosso-e-rosa-h13.5.jpg?ssl=1\"},{\"@type\":\"BreadcrumbList\",\"@id\":\"https:\/\/dev6.erresse-shop.it\/de\/shop\/einrichtung-haus\/vasen\/venini-fazzoletto-vase-oxblood-rot-und-puderrosa-h-13-5-cm\/#breadcrumb\",\"itemListElement\":[{\"@type\":\"ListItem\",\"position\":1,\"name\":\"Home\",\"item\":\"https:\/\/dev6.erresse-shop.it\/\"},{\"@type\":\"ListItem\",\"position\":2,\"name\":\"Shop\",\"item\":\"https:\/\/dev6.erresse-shop.it\/shop\/\"},{\"@type\":\"ListItem\",\"position\":3,\"name\":\"VENINI Fazzoletto Vase Oxblood Rot und Puderrosa H 13.5 cm\"}]},{\"@type\":\"WebSite\",\"@id\":\"https:\/\/dev6.erresse-shop.it\/#website\",\"url\":\"https:\/\/dev6.erresse-shop.it\/\",\"name\":\"Erresse Shop\",\"description\":\"\",\"publisher\":{\"@id\":\"https:\/\/dev6.erresse-shop.it\/#organization\"},\"potentialAction\":[{\"@type\":\"SearchAction\",\"target\":{\"@type\":\"EntryPoint\",\"urlTemplate\":\"https:\/\/dev6.erresse-shop.it\/?s={search_term_string}\"},\"query-input\":{\"@type\":\"PropertyValueSpecification\",\"valueRequired\":true,\"valueName\":\"search_term_string\"}}],\"inLanguage\":\"de\"},{\"@type\":\"Organization\",\"@id\":\"https:\/\/dev6.erresse-shop.it\/#organization\",\"name\":\"Erresse Shop\",\"url\":\"https:\/\/dev6.erresse-shop.it\/\",\"logo\":{\"@type\":\"ImageObject\",\"inLanguage\":\"de\",\"@id\":\"https:\/\/dev6.erresse-shop.it\/#\/schema\/logo\/image\/\",\"url\":\"https:\/\/dev6.erresse-shop.it\/wp-content\/uploads\/2025\/01\/LOGO-ERRESSE-CLASSICO.svg\",\"contentUrl\":\"https:\/\/dev6.erresse-shop.it\/wp-content\/uploads\/2025\/01\/LOGO-ERRESSE-CLASSICO.svg\",\"caption\":\"Erresse Shop\"},\"image\":{\"@id\":\"https:\/\/dev6.erresse-shop.it\/#\/schema\/logo\/image\/\"}}]}<\/script>\n<!-- \/ Yoast SEO plugin. -->","yoast_head_json":{"title":"VENINI Fazzoletto Vase Oxblood Rot und Puderrosa H 13.5 cm - dev6 Erresse","description":"Die Vase Fazzoletto von Fulvio Bianconi ist eine Abwandlung einer fr\u00fcheren Vase, der Vase Cartoccio, die Piero Chiesa 1985 f\u00fcr FontanaArte entwarf.","robots":{"index":"noindex","follow":"follow","max-snippet":"max-snippet:-1","max-image-preview":"max-image-preview:large","max-video-preview":"max-video-preview:-1"},"og_locale":"de_DE","og_type":"article","og_title":"VENINI Fazzoletto Vase Oxblood Rot und Puderrosa H 13.5 cm - dev6 Erresse","og_description":"Die Vase Fazzoletto von Fulvio Bianconi ist eine Abwandlung einer fr\u00fcheren Vase, der Vase Cartoccio, die Piero Chiesa 1985 f\u00fcr FontanaArte entwarf.","og_url":"https:\/\/dev6.erresse-shop.it\/de\/shop\/einrichtung-haus\/vasen\/venini-fazzoletto-vase-oxblood-rot-und-puderrosa-h-13-5-cm\/","og_site_name":"dev6 Erresse","og_image":[{"url":"https:\/\/interpim.erresse-shop.it\/img-catalogo\/venini\/venini-vaso-fazzoletto-rosso-e-rosa-h13.5.jpg","type":"","width":"","height":""},{"url":"https:\/\/interpim.erresse-shop.it\/img-catalogo\/venini\/venini-vaso-fazzoletto-rosso-e-rosa-h13.5.jpg","width":1024,"height":1024,"type":"image\/jpeg"}],"twitter_card":"summary_large_image","twitter_image":"https:\/\/interpim.erresse-shop.it\/img-catalogo\/venini\/venini-vaso-fazzoletto-rosso-e-rosa-h13.5.jpg","schema":{"@context":"https:\/\/schema.org","@graph":[{"@type":"WebPage","@id":"https:\/\/dev6.erresse-shop.it\/de\/shop\/einrichtung-haus\/vasen\/venini-fazzoletto-vase-oxblood-rot-und-puderrosa-h-13-5-cm\/","url":"https:\/\/dev6.erresse-shop.it\/de\/shop\/einrichtung-haus\/vasen\/venini-fazzoletto-vase-oxblood-rot-und-puderrosa-h-13-5-cm\/","name":"VENINI Fazzoletto Vase Oxblood Rot und Puderrosa H 13.5 cm - dev6 Erresse","isPartOf":{"@id":"https:\/\/dev6.erresse-shop.it\/#website"},"primaryImageOfPage":{"@id":"https:\/\/dev6.erresse-shop.it\/de\/shop\/einrichtung-haus\/vasen\/venini-fazzoletto-vase-oxblood-rot-und-puderrosa-h-13-5-cm\/#primaryimage"},"image":{"@id":"https:\/\/dev6.erresse-shop.it\/de\/shop\/einrichtung-haus\/vasen\/venini-fazzoletto-vase-oxblood-rot-und-puderrosa-h-13-5-cm\/#primaryimage"},"thumbnailUrl":"https:\/\/i1.wp.com\/interpim.erresse-shop.it\/img-catalogo\/venini\/venini-vaso-fazzoletto-rosso-e-rosa-h13.5.jpg?ssl=1","datePublished":"2026-04-10T07:18:09+00:00","description":"Die Vase Fazzoletto von Fulvio Bianconi ist eine Abwandlung einer fr\u00fcheren Vase, der Vase Cartoccio, die Piero Chiesa 1985 f\u00fcr FontanaArte entwarf.","breadcrumb":{"@id":"https:\/\/dev6.erresse-shop.it\/de\/shop\/einrichtung-haus\/vasen\/venini-fazzoletto-vase-oxblood-rot-und-puderrosa-h-13-5-cm\/#breadcrumb"},"inLanguage":"de","potentialAction":[{"@type":"ReadAction","target":["https:\/\/dev6.erresse-shop.it\/de\/shop\/einrichtung-haus\/vasen\/venini-fazzoletto-vase-oxblood-rot-und-puderrosa-h-13-5-cm\/"]}]},{"@type":"ImageObject","inLanguage":"de","@id":"https:\/\/dev6.erresse-shop.it\/de\/shop\/einrichtung-haus\/vasen\/venini-fazzoletto-vase-oxblood-rot-und-puderrosa-h-13-5-cm\/#primaryimage","url":"https:\/\/i1.wp.com\/interpim.erresse-shop.it\/img-catalogo\/venini\/venini-vaso-fazzoletto-rosso-e-rosa-h13.5.jpg?ssl=1","contentUrl":"https:\/\/i1.wp.com\/interpim.erresse-shop.it\/img-catalogo\/venini\/venini-vaso-fazzoletto-rosso-e-rosa-h13.5.jpg?ssl=1"},{"@type":"BreadcrumbList","@id":"https:\/\/dev6.erresse-shop.it\/de\/shop\/einrichtung-haus\/vasen\/venini-fazzoletto-vase-oxblood-rot-und-puderrosa-h-13-5-cm\/#breadcrumb","itemListElement":[{"@type":"ListItem","position":1,"name":"Home","item":"https:\/\/dev6.erresse-shop.it\/"},{"@type":"ListItem","position":2,"name":"Shop","item":"https:\/\/dev6.erresse-shop.it\/shop\/"},{"@type":"ListItem","position":3,"name":"VENINI Fazzoletto Vase Oxblood Rot und Puderrosa H 13.5 cm"}]},{"@type":"WebSite","@id":"https:\/\/dev6.erresse-shop.it\/#website","url":"https:\/\/dev6.erresse-shop.it\/","name":"Erresse Shop","description":"","publisher":{"@id":"https:\/\/dev6.erresse-shop.it\/#organization"},"potentialAction":[{"@type":"SearchAction","target":{"@type":"EntryPoint","urlTemplate":"https:\/\/dev6.erresse-shop.it\/?s={search_term_string}"},"query-input":{"@type":"PropertyValueSpecification","valueRequired":true,"valueName":"search_term_string"}}],"inLanguage":"de"},{"@type":"Organization","@id":"https:\/\/dev6.erresse-shop.it\/#organization","name":"Erresse Shop","url":"https:\/\/dev6.erresse-shop.it\/","logo":{"@type":"ImageObject","inLanguage":"de","@id":"https:\/\/dev6.erresse-shop.it\/#\/schema\/logo\/image\/","url":"https:\/\/dev6.erresse-shop.it\/wp-content\/uploads\/2025\/01\/LOGO-ERRESSE-CLASSICO.svg","contentUrl":"https:\/\/dev6.erresse-shop.it\/wp-content\/uploads\/2025\/01\/LOGO-ERRESSE-CLASSICO.svg","caption":"Erresse Shop"},"image":{"@id":"https:\/\/dev6.erresse-shop.it\/#\/schema\/logo\/image\/"}}]}},"df_price":445,"df_sale_price":"","df_regular_price":445,"df_image_link":"https:\/\/i1.wp.com\/interpim.erresse-shop.it\/img-catalogo\/venini\/venini-vaso-fazzoletto-rosso-e-rosa-h13.5.jpg?resize=300,300&ssl=1","fifu_image_url":"https:\/\/interpim.erresse-shop.it\/img-catalogo\/venini\/venini-vaso-fazzoletto-rosso-e-rosa-h13.5.jpg","_links":{"self":[{"href":"https:\/\/dev6.erresse-shop.it\/de\/wp-json\/wp\/v2\/product\/50206","targetHints":{"allow":["GET"]}}],"collection":[{"href":"https:\/\/dev6.erresse-shop.it\/de\/wp-json\/wp\/v2\/product"}],"about":[{"href":"https:\/\/dev6.erresse-shop.it\/de\/wp-json\/wp\/v2\/types\/product"}],"wp:featuredmedia":[{"embeddable":true,"href":"https:\/\/dev6.erresse-shop.it\/de\/wp-json\/wp\/v2\/media\/6310491"}],"wp:attachment":[{"href":"https:\/\/dev6.erresse-shop.it\/de\/wp-json\/wp\/v2\/media?parent=50206"}],"wp:term":[{"taxonomy":"product_cat","embeddable":true,"href":"https:\/\/dev6.erresse-shop.it\/de\/wp-json\/wp\/v2\/product_cat?post=50206"},{"taxonomy":"product_tag","embeddable":true,"href":"https:\/\/dev6.erresse-shop.it\/de\/wp-json\/wp\/v2\/product_tag?post=50206"}],"curies":[{"name":"wp","href":"https:\/\/api.w.org\/{rel}","templated":true}]}}