{"id":50188,"date":"2026-04-12T08:39:36","date_gmt":"2026-04-12T06:39:36","guid":{"rendered":"https:\/\/dev6.erresse-shop.it\/shop\/unkategorisiert\/venini-idria-vase-amber-und-lattimo-h-27-cm\/"},"modified":"2026-02-05T18:31:36","modified_gmt":"2026-02-05T17:31:36","slug":"venini-idria-vase-amber-und-lattimo-h-27-cm","status":"publish","type":"product","link":"https:\/\/dev6.erresse-shop.it\/de\/shop\/einrichtung-haus\/vasen\/venini-idria-vase-amber-und-lattimo-h-27-cm\/","title":{"rendered":"VENINI Idria Vase Amber und Lattimo H 27 cm"},"content":{"rendered":"<p>Der antike griechische Wasserbeh\u00e4lter wird von Venini aus Terrakotta in Glas verwandelt. In seinen Linien spricht er von Rhythmen, die es nicht mehr gibt, und erweckt sie wieder zum Leben, indem er zeigt, wie zeitlos Sch\u00f6nheit ist.<br \/>\nDie Vase Idria ist von der Vergangenheit, von Traditionen inspiriert, geh\u00f6rt aber zu den j\u00fcngsten Kreationen aus dem Jahr 2016.<br \/>\nDer Name leitet sich vom griechischen Hydria ab und erinnert an das Wasser, das traditionell in dieser Art von Amphore transportiert wurde. In ihrer Form erz\u00e4hlt Hydria eine Geschichte, die den Charme alter t\u00e4glicher Rituale hat.<br \/>\nSie wird von Hand geblasen und mit der Technik des Soffiato Opalino bearbeitet. Dabei werden ein oder mehrere d\u00fcnne, transparente und farbige Gl\u00e4ser \u00fcbereinander gelegt, so dass pr\u00e4chtige Objekte mit intensiven und leuchtenden Farben entstehen.<\/p>\n<p>GEBLASENES OPALIN<br \/>\nOpalglas ist mundgeblasen und handbearbeitet und wird durch \u00dcberlagerung von Lattimo mit anderem Glas hergestellt. Die Technik hei\u00dft so, weil die Handwerker das Glas durch Einblasen von Luft in einen langen Metallstab, der mit dem Glas verbunden ist, ausdehnen und formen, gem\u00e4\u00df der jahrtausendealten Tradition der Glasherstellung. Dieser uralte Vorgang, kombiniert mit der Erfahrung und dem K\u00f6nnen der Glasmacher, verwandelt einfaches Glas in wahre k\u00fcnstlerische Meisterwerke, die einzigartig sind.<\/p>\n","protected":false},"excerpt":{"rendered":"<p>Der antike griechische Wasserbeh\u00e4lter wird von Venini aus Terrakotta in Glas verwandelt. In seinen Linien spricht er von Rhythmen, die es nicht mehr gibt, und erweckt sie wieder zum Leben, indem er zeigt, wie zeitlos Sch\u00f6nheit ist. Die Vase Idria ist von der Vergangenheit, von Traditionen inspiriert, geh\u00f6rt aber zu den j\u00fcngsten Kreationen aus dem [&hellip;]<\/p>\n","protected":false},"featured_media":6352103,"template":"","meta":{"_acf_changed":false},"product_cat":[11666,12098,12126],"product_tag":[],"class_list":{"0":"post-50188","1":"product","2":"type-product","3":"status-publish","4":"has-post-thumbnail","6":"product_cat-arredamento-casa","7":"product_cat-einrichtung-haus","8":"product_cat-vasen","10":"first","11":"outofstock","12":"sale","13":"taxable","14":"shipping-taxable","15":"purchasable","16":"product-type-simple","swatches":"rey-swatches","show_selected":"","stretch_labels":"rey-swatches--stretch-labels"},"acf":[],"yoast_head":"<!-- This site is optimized with the Yoast SEO plugin v25.4 - https:\/\/yoast.com\/wordpress\/plugins\/seo\/ -->\n<title>VENINI Idria Vase Amber und Lattimo H 27 cm - dev6 Erresse<\/title>\n<meta name=\"description\" content=\"Der antike griechische Wasserbeh\u00e4lter wird von Venini aus Terrakotta in Glas verwandelt. In seinen Linien spricht er von Rhythmen, die es nicht mehr gibt,\" \/>\n<meta name=\"robots\" content=\"noindex, follow, max-snippet:-1, max-image-preview:large, max-video-preview:-1\" \/>\n<meta property=\"og:locale\" content=\"de_DE\" \/>\n<meta property=\"og:type\" content=\"article\" \/>\n<meta property=\"og:title\" content=\"VENINI Idria Vase Amber und Lattimo H 27 cm - dev6 Erresse\" \/>\n<meta property=\"og:description\" content=\"Der antike griechische Wasserbeh\u00e4lter wird von Venini aus Terrakotta in Glas verwandelt. In seinen Linien spricht er von Rhythmen, die es nicht mehr gibt,\" \/>\n<meta property=\"og:url\" content=\"https:\/\/dev6.erresse-shop.it\/de\/shop\/einrichtung-haus\/vasen\/venini-idria-vase-amber-und-lattimo-h-27-cm\/\" \/>\n<meta property=\"og:site_name\" content=\"dev6 Erresse\" \/>\n<meta property=\"og:image\" content=\"https:\/\/interpim.erresse-shop.it\/img-catalogo\/venini\/venini-vaso-idria-giallo-h27.jpg\" \/><meta property=\"og:image\" content=\"https:\/\/interpim.erresse-shop.it\/img-catalogo\/venini\/venini-vaso-idria-giallo-h27.jpg\" \/>\n\t<meta property=\"og:image:width\" content=\"1024\" \/>\n\t<meta property=\"og:image:height\" content=\"1024\" \/>\n\t<meta property=\"og:image:type\" content=\"image\/jpeg\" \/>\n<meta name=\"twitter:card\" content=\"summary_large_image\" \/>\n<meta name=\"twitter:image\" content=\"https:\/\/interpim.erresse-shop.it\/img-catalogo\/venini\/venini-vaso-idria-giallo-h27.jpg\" \/>\n<script type=\"application\/ld+json\" class=\"yoast-schema-graph\">{\"@context\":\"https:\/\/schema.org\",\"@graph\":[{\"@type\":\"WebPage\",\"@id\":\"https:\/\/dev6.erresse-shop.it\/de\/shop\/einrichtung-haus\/vasen\/venini-idria-vase-amber-und-lattimo-h-27-cm\/\",\"url\":\"https:\/\/dev6.erresse-shop.it\/de\/shop\/einrichtung-haus\/vasen\/venini-idria-vase-amber-und-lattimo-h-27-cm\/\",\"name\":\"VENINI Idria Vase Amber und Lattimo H 27 cm - dev6 Erresse\",\"isPartOf\":{\"@id\":\"https:\/\/dev6.erresse-shop.it\/#website\"},\"primaryImageOfPage\":{\"@id\":\"https:\/\/dev6.erresse-shop.it\/de\/shop\/einrichtung-haus\/vasen\/venini-idria-vase-amber-und-lattimo-h-27-cm\/#primaryimage\"},\"image\":{\"@id\":\"https:\/\/dev6.erresse-shop.it\/de\/shop\/einrichtung-haus\/vasen\/venini-idria-vase-amber-und-lattimo-h-27-cm\/#primaryimage\"},\"thumbnailUrl\":\"https:\/\/i0.wp.com\/interpim.erresse-shop.it\/img-catalogo\/venini\/venini-vaso-idria-giallo-h27.jpg?ssl=1\",\"datePublished\":\"2026-04-12T06:39:36+00:00\",\"description\":\"Der antike griechische Wasserbeh\u00e4lter wird von Venini aus Terrakotta in Glas verwandelt. In seinen Linien spricht er von Rhythmen, die es nicht mehr gibt,\",\"breadcrumb\":{\"@id\":\"https:\/\/dev6.erresse-shop.it\/de\/shop\/einrichtung-haus\/vasen\/venini-idria-vase-amber-und-lattimo-h-27-cm\/#breadcrumb\"},\"inLanguage\":\"de\",\"potentialAction\":[{\"@type\":\"ReadAction\",\"target\":[\"https:\/\/dev6.erresse-shop.it\/de\/shop\/einrichtung-haus\/vasen\/venini-idria-vase-amber-und-lattimo-h-27-cm\/\"]}]},{\"@type\":\"ImageObject\",\"inLanguage\":\"de\",\"@id\":\"https:\/\/dev6.erresse-shop.it\/de\/shop\/einrichtung-haus\/vasen\/venini-idria-vase-amber-und-lattimo-h-27-cm\/#primaryimage\",\"url\":\"https:\/\/i0.wp.com\/interpim.erresse-shop.it\/img-catalogo\/venini\/venini-vaso-idria-giallo-h27.jpg?ssl=1\",\"contentUrl\":\"https:\/\/i0.wp.com\/interpim.erresse-shop.it\/img-catalogo\/venini\/venini-vaso-idria-giallo-h27.jpg?ssl=1\"},{\"@type\":\"BreadcrumbList\",\"@id\":\"https:\/\/dev6.erresse-shop.it\/de\/shop\/einrichtung-haus\/vasen\/venini-idria-vase-amber-und-lattimo-h-27-cm\/#breadcrumb\",\"itemListElement\":[{\"@type\":\"ListItem\",\"position\":1,\"name\":\"Home\",\"item\":\"https:\/\/dev6.erresse-shop.it\/\"},{\"@type\":\"ListItem\",\"position\":2,\"name\":\"Shop\",\"item\":\"https:\/\/dev6.erresse-shop.it\/shop\/\"},{\"@type\":\"ListItem\",\"position\":3,\"name\":\"VENINI Idria Vase Amber und Lattimo H 27 cm\"}]},{\"@type\":\"WebSite\",\"@id\":\"https:\/\/dev6.erresse-shop.it\/#website\",\"url\":\"https:\/\/dev6.erresse-shop.it\/\",\"name\":\"Erresse Shop\",\"description\":\"\",\"publisher\":{\"@id\":\"https:\/\/dev6.erresse-shop.it\/#organization\"},\"potentialAction\":[{\"@type\":\"SearchAction\",\"target\":{\"@type\":\"EntryPoint\",\"urlTemplate\":\"https:\/\/dev6.erresse-shop.it\/?s={search_term_string}\"},\"query-input\":{\"@type\":\"PropertyValueSpecification\",\"valueRequired\":true,\"valueName\":\"search_term_string\"}}],\"inLanguage\":\"de\"},{\"@type\":\"Organization\",\"@id\":\"https:\/\/dev6.erresse-shop.it\/#organization\",\"name\":\"Erresse Shop\",\"url\":\"https:\/\/dev6.erresse-shop.it\/\",\"logo\":{\"@type\":\"ImageObject\",\"inLanguage\":\"de\",\"@id\":\"https:\/\/dev6.erresse-shop.it\/#\/schema\/logo\/image\/\",\"url\":\"https:\/\/dev6.erresse-shop.it\/wp-content\/uploads\/2025\/01\/LOGO-ERRESSE-CLASSICO.svg\",\"contentUrl\":\"https:\/\/dev6.erresse-shop.it\/wp-content\/uploads\/2025\/01\/LOGO-ERRESSE-CLASSICO.svg\",\"caption\":\"Erresse Shop\"},\"image\":{\"@id\":\"https:\/\/dev6.erresse-shop.it\/#\/schema\/logo\/image\/\"}}]}<\/script>\n<!-- \/ Yoast SEO plugin. -->","yoast_head_json":{"title":"VENINI Idria Vase Amber und Lattimo H 27 cm - dev6 Erresse","description":"Der antike griechische Wasserbeh\u00e4lter wird von Venini aus Terrakotta in Glas verwandelt. In seinen Linien spricht er von Rhythmen, die es nicht mehr gibt,","robots":{"index":"noindex","follow":"follow","max-snippet":"max-snippet:-1","max-image-preview":"max-image-preview:large","max-video-preview":"max-video-preview:-1"},"og_locale":"de_DE","og_type":"article","og_title":"VENINI Idria Vase Amber und Lattimo H 27 cm - dev6 Erresse","og_description":"Der antike griechische Wasserbeh\u00e4lter wird von Venini aus Terrakotta in Glas verwandelt. In seinen Linien spricht er von Rhythmen, die es nicht mehr gibt,","og_url":"https:\/\/dev6.erresse-shop.it\/de\/shop\/einrichtung-haus\/vasen\/venini-idria-vase-amber-und-lattimo-h-27-cm\/","og_site_name":"dev6 Erresse","og_image":[{"url":"https:\/\/interpim.erresse-shop.it\/img-catalogo\/venini\/venini-vaso-idria-giallo-h27.jpg","type":"","width":"","height":""},{"url":"https:\/\/interpim.erresse-shop.it\/img-catalogo\/venini\/venini-vaso-idria-giallo-h27.jpg","width":1024,"height":1024,"type":"image\/jpeg"}],"twitter_card":"summary_large_image","twitter_image":"https:\/\/interpim.erresse-shop.it\/img-catalogo\/venini\/venini-vaso-idria-giallo-h27.jpg","schema":{"@context":"https:\/\/schema.org","@graph":[{"@type":"WebPage","@id":"https:\/\/dev6.erresse-shop.it\/de\/shop\/einrichtung-haus\/vasen\/venini-idria-vase-amber-und-lattimo-h-27-cm\/","url":"https:\/\/dev6.erresse-shop.it\/de\/shop\/einrichtung-haus\/vasen\/venini-idria-vase-amber-und-lattimo-h-27-cm\/","name":"VENINI Idria Vase Amber und Lattimo H 27 cm - dev6 Erresse","isPartOf":{"@id":"https:\/\/dev6.erresse-shop.it\/#website"},"primaryImageOfPage":{"@id":"https:\/\/dev6.erresse-shop.it\/de\/shop\/einrichtung-haus\/vasen\/venini-idria-vase-amber-und-lattimo-h-27-cm\/#primaryimage"},"image":{"@id":"https:\/\/dev6.erresse-shop.it\/de\/shop\/einrichtung-haus\/vasen\/venini-idria-vase-amber-und-lattimo-h-27-cm\/#primaryimage"},"thumbnailUrl":"https:\/\/i0.wp.com\/interpim.erresse-shop.it\/img-catalogo\/venini\/venini-vaso-idria-giallo-h27.jpg?ssl=1","datePublished":"2026-04-12T06:39:36+00:00","description":"Der antike griechische Wasserbeh\u00e4lter wird von Venini aus Terrakotta in Glas verwandelt. In seinen Linien spricht er von Rhythmen, die es nicht mehr gibt,","breadcrumb":{"@id":"https:\/\/dev6.erresse-shop.it\/de\/shop\/einrichtung-haus\/vasen\/venini-idria-vase-amber-und-lattimo-h-27-cm\/#breadcrumb"},"inLanguage":"de","potentialAction":[{"@type":"ReadAction","target":["https:\/\/dev6.erresse-shop.it\/de\/shop\/einrichtung-haus\/vasen\/venini-idria-vase-amber-und-lattimo-h-27-cm\/"]}]},{"@type":"ImageObject","inLanguage":"de","@id":"https:\/\/dev6.erresse-shop.it\/de\/shop\/einrichtung-haus\/vasen\/venini-idria-vase-amber-und-lattimo-h-27-cm\/#primaryimage","url":"https:\/\/i0.wp.com\/interpim.erresse-shop.it\/img-catalogo\/venini\/venini-vaso-idria-giallo-h27.jpg?ssl=1","contentUrl":"https:\/\/i0.wp.com\/interpim.erresse-shop.it\/img-catalogo\/venini\/venini-vaso-idria-giallo-h27.jpg?ssl=1"},{"@type":"BreadcrumbList","@id":"https:\/\/dev6.erresse-shop.it\/de\/shop\/einrichtung-haus\/vasen\/venini-idria-vase-amber-und-lattimo-h-27-cm\/#breadcrumb","itemListElement":[{"@type":"ListItem","position":1,"name":"Home","item":"https:\/\/dev6.erresse-shop.it\/"},{"@type":"ListItem","position":2,"name":"Shop","item":"https:\/\/dev6.erresse-shop.it\/shop\/"},{"@type":"ListItem","position":3,"name":"VENINI Idria Vase Amber und Lattimo H 27 cm"}]},{"@type":"WebSite","@id":"https:\/\/dev6.erresse-shop.it\/#website","url":"https:\/\/dev6.erresse-shop.it\/","name":"Erresse Shop","description":"","publisher":{"@id":"https:\/\/dev6.erresse-shop.it\/#organization"},"potentialAction":[{"@type":"SearchAction","target":{"@type":"EntryPoint","urlTemplate":"https:\/\/dev6.erresse-shop.it\/?s={search_term_string}"},"query-input":{"@type":"PropertyValueSpecification","valueRequired":true,"valueName":"search_term_string"}}],"inLanguage":"de"},{"@type":"Organization","@id":"https:\/\/dev6.erresse-shop.it\/#organization","name":"Erresse Shop","url":"https:\/\/dev6.erresse-shop.it\/","logo":{"@type":"ImageObject","inLanguage":"de","@id":"https:\/\/dev6.erresse-shop.it\/#\/schema\/logo\/image\/","url":"https:\/\/dev6.erresse-shop.it\/wp-content\/uploads\/2025\/01\/LOGO-ERRESSE-CLASSICO.svg","contentUrl":"https:\/\/dev6.erresse-shop.it\/wp-content\/uploads\/2025\/01\/LOGO-ERRESSE-CLASSICO.svg","caption":"Erresse Shop"},"image":{"@id":"https:\/\/dev6.erresse-shop.it\/#\/schema\/logo\/image\/"}}]}},"df_price":569,"df_sale_price":569,"df_regular_price":890,"df_image_link":"https:\/\/i0.wp.com\/interpim.erresse-shop.it\/img-catalogo\/venini\/venini-vaso-idria-giallo-h27.jpg?resize=300,300&ssl=1","fifu_image_url":"https:\/\/interpim.erresse-shop.it\/img-catalogo\/venini\/venini-vaso-idria-giallo-h27.jpg","_links":{"self":[{"href":"https:\/\/dev6.erresse-shop.it\/de\/wp-json\/wp\/v2\/product\/50188","targetHints":{"allow":["GET"]}}],"collection":[{"href":"https:\/\/dev6.erresse-shop.it\/de\/wp-json\/wp\/v2\/product"}],"about":[{"href":"https:\/\/dev6.erresse-shop.it\/de\/wp-json\/wp\/v2\/types\/product"}],"wp:featuredmedia":[{"embeddable":true,"href":"https:\/\/dev6.erresse-shop.it\/de\/wp-json\/wp\/v2\/media\/6352103"}],"wp:attachment":[{"href":"https:\/\/dev6.erresse-shop.it\/de\/wp-json\/wp\/v2\/media?parent=50188"}],"wp:term":[{"taxonomy":"product_cat","embeddable":true,"href":"https:\/\/dev6.erresse-shop.it\/de\/wp-json\/wp\/v2\/product_cat?post=50188"},{"taxonomy":"product_tag","embeddable":true,"href":"https:\/\/dev6.erresse-shop.it\/de\/wp-json\/wp\/v2\/product_tag?post=50188"}],"curies":[{"name":"wp","href":"https:\/\/api.w.org\/{rel}","templated":true}]}}