{"id":50170,"date":"2026-04-04T08:38:31","date_gmt":"2026-04-04T06:38:31","guid":{"rendered":"https:\/\/dev6.erresse-shop.it\/shop\/unkategorisiert\/venini-opalino-vase-orizzonte-h-42-cm\/"},"modified":"2026-02-05T18:31:35","modified_gmt":"2026-02-05T17:31:35","slug":"venini-opalino-vase-orizzonte-h-42-cm","status":"publish","type":"product","link":"https:\/\/dev6.erresse-shop.it\/de\/shop\/einrichtung-haus\/vasen\/venini-opalino-vase-orizzonte-h-42-cm\/","title":{"rendered":"VENINI Opalino Vase Orizzonte H 42 cm"},"content":{"rendered":"<p>Die Vase Opalino wurde 1932 von Paolo Venini erdacht und ist ebenso anmutig im Ton wie in der Form.<br \/>\nEine Zeitreise verbindet das 15. Jahrhundert mit dem Neoklassizismus des 20. Jahrhunderts und f\u00fchrt zur Kreation der Opalino-Vase.<br \/>\nSie ist die Entdeckung einer neuen Ordnung mit wesentlichen und raffinierten Linien. Sie pr\u00e4sentiert sich in raffinierten Farben, die durch die antike und komplexe Bearbeitung des Lattimo-Glases, das im 15. Jahrhundert zur Imitation von Porzellan entstand und durch die Experimente des Ofens wieder aufgegriffen wurde, einzigartig sind.<\/p>\n<p>GEBLASENES OPALIN<br \/>\nOpalino-Glas wird von Hand geblasen und bearbeitet und entsteht durch die \u00dcberlagerung von Lattimo mit anderem Glas. Die Technik ist so definiert, weil die Handwerker das Glas durch Einblasen von Luft in einen langen Metallstab, der mit dem Glas verbunden ist, ausdehnen und formen, entsprechend der tausendj\u00e4hrigen Tradition der Glasherstellung. Dieser uralte Vorgang, kombiniert mit der Erfahrung und dem K\u00f6nnen der Glasmacher, verwandelt einfaches Glas in wahre k\u00fcnstlerische Meisterwerke, die einzigartig sind.<\/p>\n","protected":false},"excerpt":{"rendered":"<p>Die Vase Opalino wurde 1932 von Paolo Venini erdacht und ist ebenso anmutig im Ton wie in der Form. Eine Zeitreise verbindet das 15. Jahrhundert mit dem Neoklassizismus des 20. Jahrhunderts und f\u00fchrt zur Kreation der Opalino-Vase. Sie ist die Entdeckung einer neuen Ordnung mit wesentlichen und raffinierten Linien. Sie pr\u00e4sentiert sich in raffinierten Farben, [&hellip;]<\/p>\n","protected":false},"featured_media":6268788,"template":"","meta":{"_acf_changed":false},"product_cat":[11666,12098,12126],"product_tag":[],"class_list":{"0":"post-50170","1":"product","2":"type-product","3":"status-publish","4":"has-post-thumbnail","6":"product_cat-arredamento-casa","7":"product_cat-einrichtung-haus","8":"product_cat-vasen","10":"first","11":"outofstock","12":"sale","13":"taxable","14":"shipping-taxable","15":"purchasable","16":"product-type-simple","swatches":"rey-swatches","show_selected":"","stretch_labels":"rey-swatches--stretch-labels"},"acf":[],"yoast_head":"<!-- This site is optimized with the Yoast SEO plugin v25.4 - https:\/\/yoast.com\/wordpress\/plugins\/seo\/ -->\n<title>VENINI Opalino Vase Orizzonte H 42 cm - dev6 Erresse<\/title>\n<meta name=\"description\" content=\"Die Vase Opalino wurde 1932 von Paolo Venini erdacht und ist ebenso anmutig im Ton wie in der Form. Eine Zeitreise verbindet das 15. Jahrhundert mit dem\" \/>\n<meta name=\"robots\" content=\"noindex, follow, max-snippet:-1, max-image-preview:large, max-video-preview:-1\" \/>\n<meta property=\"og:locale\" content=\"de_DE\" \/>\n<meta property=\"og:type\" content=\"article\" \/>\n<meta property=\"og:title\" content=\"VENINI Opalino Vase Orizzonte H 42 cm - dev6 Erresse\" \/>\n<meta property=\"og:description\" content=\"Die Vase Opalino wurde 1932 von Paolo Venini erdacht und ist ebenso anmutig im Ton wie in der Form. Eine Zeitreise verbindet das 15. Jahrhundert mit dem\" \/>\n<meta property=\"og:url\" content=\"https:\/\/dev6.erresse-shop.it\/de\/shop\/einrichtung-haus\/vasen\/venini-opalino-vase-orizzonte-h-42-cm\/\" \/>\n<meta property=\"og:site_name\" content=\"dev6 Erresse\" \/>\n<meta property=\"og:image\" content=\"https:\/\/interpim.erresse-shop.it\/img-catalogo\/venini\/venini-vaso-opalino-blu.jpg\" \/><meta property=\"og:image\" content=\"https:\/\/interpim.erresse-shop.it\/img-catalogo\/venini\/venini-vaso-opalino-blu.jpg\" \/>\n\t<meta property=\"og:image:width\" content=\"1024\" \/>\n\t<meta property=\"og:image:height\" content=\"1024\" \/>\n\t<meta property=\"og:image:type\" content=\"image\/jpeg\" \/>\n<meta name=\"twitter:card\" content=\"summary_large_image\" \/>\n<meta name=\"twitter:image\" content=\"https:\/\/interpim.erresse-shop.it\/img-catalogo\/venini\/venini-vaso-opalino-blu.jpg\" \/>\n<script type=\"application\/ld+json\" class=\"yoast-schema-graph\">{\"@context\":\"https:\/\/schema.org\",\"@graph\":[{\"@type\":\"WebPage\",\"@id\":\"https:\/\/dev6.erresse-shop.it\/de\/shop\/einrichtung-haus\/vasen\/venini-opalino-vase-orizzonte-h-42-cm\/\",\"url\":\"https:\/\/dev6.erresse-shop.it\/de\/shop\/einrichtung-haus\/vasen\/venini-opalino-vase-orizzonte-h-42-cm\/\",\"name\":\"VENINI Opalino Vase Orizzonte H 42 cm - dev6 Erresse\",\"isPartOf\":{\"@id\":\"https:\/\/dev6.erresse-shop.it\/#website\"},\"primaryImageOfPage\":{\"@id\":\"https:\/\/dev6.erresse-shop.it\/de\/shop\/einrichtung-haus\/vasen\/venini-opalino-vase-orizzonte-h-42-cm\/#primaryimage\"},\"image\":{\"@id\":\"https:\/\/dev6.erresse-shop.it\/de\/shop\/einrichtung-haus\/vasen\/venini-opalino-vase-orizzonte-h-42-cm\/#primaryimage\"},\"thumbnailUrl\":\"https:\/\/i1.wp.com\/interpim.erresse-shop.it\/img-catalogo\/venini\/venini-vaso-opalino-blu.jpg?ssl=1\",\"datePublished\":\"2026-04-04T06:38:31+00:00\",\"description\":\"Die Vase Opalino wurde 1932 von Paolo Venini erdacht und ist ebenso anmutig im Ton wie in der Form. Eine Zeitreise verbindet das 15. Jahrhundert mit dem\",\"breadcrumb\":{\"@id\":\"https:\/\/dev6.erresse-shop.it\/de\/shop\/einrichtung-haus\/vasen\/venini-opalino-vase-orizzonte-h-42-cm\/#breadcrumb\"},\"inLanguage\":\"de\",\"potentialAction\":[{\"@type\":\"ReadAction\",\"target\":[\"https:\/\/dev6.erresse-shop.it\/de\/shop\/einrichtung-haus\/vasen\/venini-opalino-vase-orizzonte-h-42-cm\/\"]}]},{\"@type\":\"ImageObject\",\"inLanguage\":\"de\",\"@id\":\"https:\/\/dev6.erresse-shop.it\/de\/shop\/einrichtung-haus\/vasen\/venini-opalino-vase-orizzonte-h-42-cm\/#primaryimage\",\"url\":\"https:\/\/i1.wp.com\/interpim.erresse-shop.it\/img-catalogo\/venini\/venini-vaso-opalino-blu.jpg?ssl=1\",\"contentUrl\":\"https:\/\/i1.wp.com\/interpim.erresse-shop.it\/img-catalogo\/venini\/venini-vaso-opalino-blu.jpg?ssl=1\"},{\"@type\":\"BreadcrumbList\",\"@id\":\"https:\/\/dev6.erresse-shop.it\/de\/shop\/einrichtung-haus\/vasen\/venini-opalino-vase-orizzonte-h-42-cm\/#breadcrumb\",\"itemListElement\":[{\"@type\":\"ListItem\",\"position\":1,\"name\":\"Home\",\"item\":\"https:\/\/dev6.erresse-shop.it\/\"},{\"@type\":\"ListItem\",\"position\":2,\"name\":\"Shop\",\"item\":\"https:\/\/dev6.erresse-shop.it\/shop\/\"},{\"@type\":\"ListItem\",\"position\":3,\"name\":\"VENINI Opalino Vase Orizzonte H 42 cm\"}]},{\"@type\":\"WebSite\",\"@id\":\"https:\/\/dev6.erresse-shop.it\/#website\",\"url\":\"https:\/\/dev6.erresse-shop.it\/\",\"name\":\"Erresse Shop\",\"description\":\"\",\"publisher\":{\"@id\":\"https:\/\/dev6.erresse-shop.it\/#organization\"},\"potentialAction\":[{\"@type\":\"SearchAction\",\"target\":{\"@type\":\"EntryPoint\",\"urlTemplate\":\"https:\/\/dev6.erresse-shop.it\/?s={search_term_string}\"},\"query-input\":{\"@type\":\"PropertyValueSpecification\",\"valueRequired\":true,\"valueName\":\"search_term_string\"}}],\"inLanguage\":\"de\"},{\"@type\":\"Organization\",\"@id\":\"https:\/\/dev6.erresse-shop.it\/#organization\",\"name\":\"Erresse Shop\",\"url\":\"https:\/\/dev6.erresse-shop.it\/\",\"logo\":{\"@type\":\"ImageObject\",\"inLanguage\":\"de\",\"@id\":\"https:\/\/dev6.erresse-shop.it\/#\/schema\/logo\/image\/\",\"url\":\"https:\/\/dev6.erresse-shop.it\/wp-content\/uploads\/2025\/01\/LOGO-ERRESSE-CLASSICO.svg\",\"contentUrl\":\"https:\/\/dev6.erresse-shop.it\/wp-content\/uploads\/2025\/01\/LOGO-ERRESSE-CLASSICO.svg\",\"caption\":\"Erresse Shop\"},\"image\":{\"@id\":\"https:\/\/dev6.erresse-shop.it\/#\/schema\/logo\/image\/\"}}]}<\/script>\n<!-- \/ Yoast SEO plugin. -->","yoast_head_json":{"title":"VENINI Opalino Vase Orizzonte H 42 cm - dev6 Erresse","description":"Die Vase Opalino wurde 1932 von Paolo Venini erdacht und ist ebenso anmutig im Ton wie in der Form. Eine Zeitreise verbindet das 15. Jahrhundert mit dem","robots":{"index":"noindex","follow":"follow","max-snippet":"max-snippet:-1","max-image-preview":"max-image-preview:large","max-video-preview":"max-video-preview:-1"},"og_locale":"de_DE","og_type":"article","og_title":"VENINI Opalino Vase Orizzonte H 42 cm - dev6 Erresse","og_description":"Die Vase Opalino wurde 1932 von Paolo Venini erdacht und ist ebenso anmutig im Ton wie in der Form. Eine Zeitreise verbindet das 15. Jahrhundert mit dem","og_url":"https:\/\/dev6.erresse-shop.it\/de\/shop\/einrichtung-haus\/vasen\/venini-opalino-vase-orizzonte-h-42-cm\/","og_site_name":"dev6 Erresse","og_image":[{"url":"https:\/\/interpim.erresse-shop.it\/img-catalogo\/venini\/venini-vaso-opalino-blu.jpg","type":"","width":"","height":""},{"url":"https:\/\/interpim.erresse-shop.it\/img-catalogo\/venini\/venini-vaso-opalino-blu.jpg","width":1024,"height":1024,"type":"image\/jpeg"}],"twitter_card":"summary_large_image","twitter_image":"https:\/\/interpim.erresse-shop.it\/img-catalogo\/venini\/venini-vaso-opalino-blu.jpg","schema":{"@context":"https:\/\/schema.org","@graph":[{"@type":"WebPage","@id":"https:\/\/dev6.erresse-shop.it\/de\/shop\/einrichtung-haus\/vasen\/venini-opalino-vase-orizzonte-h-42-cm\/","url":"https:\/\/dev6.erresse-shop.it\/de\/shop\/einrichtung-haus\/vasen\/venini-opalino-vase-orizzonte-h-42-cm\/","name":"VENINI Opalino Vase Orizzonte H 42 cm - dev6 Erresse","isPartOf":{"@id":"https:\/\/dev6.erresse-shop.it\/#website"},"primaryImageOfPage":{"@id":"https:\/\/dev6.erresse-shop.it\/de\/shop\/einrichtung-haus\/vasen\/venini-opalino-vase-orizzonte-h-42-cm\/#primaryimage"},"image":{"@id":"https:\/\/dev6.erresse-shop.it\/de\/shop\/einrichtung-haus\/vasen\/venini-opalino-vase-orizzonte-h-42-cm\/#primaryimage"},"thumbnailUrl":"https:\/\/i1.wp.com\/interpim.erresse-shop.it\/img-catalogo\/venini\/venini-vaso-opalino-blu.jpg?ssl=1","datePublished":"2026-04-04T06:38:31+00:00","description":"Die Vase Opalino wurde 1932 von Paolo Venini erdacht und ist ebenso anmutig im Ton wie in der Form. Eine Zeitreise verbindet das 15. Jahrhundert mit dem","breadcrumb":{"@id":"https:\/\/dev6.erresse-shop.it\/de\/shop\/einrichtung-haus\/vasen\/venini-opalino-vase-orizzonte-h-42-cm\/#breadcrumb"},"inLanguage":"de","potentialAction":[{"@type":"ReadAction","target":["https:\/\/dev6.erresse-shop.it\/de\/shop\/einrichtung-haus\/vasen\/venini-opalino-vase-orizzonte-h-42-cm\/"]}]},{"@type":"ImageObject","inLanguage":"de","@id":"https:\/\/dev6.erresse-shop.it\/de\/shop\/einrichtung-haus\/vasen\/venini-opalino-vase-orizzonte-h-42-cm\/#primaryimage","url":"https:\/\/i1.wp.com\/interpim.erresse-shop.it\/img-catalogo\/venini\/venini-vaso-opalino-blu.jpg?ssl=1","contentUrl":"https:\/\/i1.wp.com\/interpim.erresse-shop.it\/img-catalogo\/venini\/venini-vaso-opalino-blu.jpg?ssl=1"},{"@type":"BreadcrumbList","@id":"https:\/\/dev6.erresse-shop.it\/de\/shop\/einrichtung-haus\/vasen\/venini-opalino-vase-orizzonte-h-42-cm\/#breadcrumb","itemListElement":[{"@type":"ListItem","position":1,"name":"Home","item":"https:\/\/dev6.erresse-shop.it\/"},{"@type":"ListItem","position":2,"name":"Shop","item":"https:\/\/dev6.erresse-shop.it\/shop\/"},{"@type":"ListItem","position":3,"name":"VENINI Opalino Vase Orizzonte H 42 cm"}]},{"@type":"WebSite","@id":"https:\/\/dev6.erresse-shop.it\/#website","url":"https:\/\/dev6.erresse-shop.it\/","name":"Erresse Shop","description":"","publisher":{"@id":"https:\/\/dev6.erresse-shop.it\/#organization"},"potentialAction":[{"@type":"SearchAction","target":{"@type":"EntryPoint","urlTemplate":"https:\/\/dev6.erresse-shop.it\/?s={search_term_string}"},"query-input":{"@type":"PropertyValueSpecification","valueRequired":true,"valueName":"search_term_string"}}],"inLanguage":"de"},{"@type":"Organization","@id":"https:\/\/dev6.erresse-shop.it\/#organization","name":"Erresse Shop","url":"https:\/\/dev6.erresse-shop.it\/","logo":{"@type":"ImageObject","inLanguage":"de","@id":"https:\/\/dev6.erresse-shop.it\/#\/schema\/logo\/image\/","url":"https:\/\/dev6.erresse-shop.it\/wp-content\/uploads\/2025\/01\/LOGO-ERRESSE-CLASSICO.svg","contentUrl":"https:\/\/dev6.erresse-shop.it\/wp-content\/uploads\/2025\/01\/LOGO-ERRESSE-CLASSICO.svg","caption":"Erresse Shop"},"image":{"@id":"https:\/\/dev6.erresse-shop.it\/#\/schema\/logo\/image\/"}}]}},"df_price":820,"df_sale_price":820,"df_regular_price":965,"df_image_link":"https:\/\/i1.wp.com\/interpim.erresse-shop.it\/img-catalogo\/venini\/venini-vaso-opalino-blu.jpg?resize=300,300&ssl=1","fifu_image_url":"https:\/\/interpim.erresse-shop.it\/img-catalogo\/venini\/venini-vaso-opalino-blu.jpg","_links":{"self":[{"href":"https:\/\/dev6.erresse-shop.it\/de\/wp-json\/wp\/v2\/product\/50170","targetHints":{"allow":["GET"]}}],"collection":[{"href":"https:\/\/dev6.erresse-shop.it\/de\/wp-json\/wp\/v2\/product"}],"about":[{"href":"https:\/\/dev6.erresse-shop.it\/de\/wp-json\/wp\/v2\/types\/product"}],"wp:featuredmedia":[{"embeddable":true,"href":"https:\/\/dev6.erresse-shop.it\/de\/wp-json\/wp\/v2\/media\/6268788"}],"wp:attachment":[{"href":"https:\/\/dev6.erresse-shop.it\/de\/wp-json\/wp\/v2\/media?parent=50170"}],"wp:term":[{"taxonomy":"product_cat","embeddable":true,"href":"https:\/\/dev6.erresse-shop.it\/de\/wp-json\/wp\/v2\/product_cat?post=50170"},{"taxonomy":"product_tag","embeddable":true,"href":"https:\/\/dev6.erresse-shop.it\/de\/wp-json\/wp\/v2\/product_tag?post=50170"}],"curies":[{"name":"wp","href":"https:\/\/api.w.org\/{rel}","templated":true}]}}