{"id":50090,"date":"2026-04-10T09:16:11","date_gmt":"2026-04-10T07:16:11","guid":{"rendered":"https:\/\/dev6.erresse-shop.it\/shop\/unkategorisiert\/zafferano-olimpia-pro-tischlampe-gold\/"},"modified":"2025-09-14T00:40:50","modified_gmt":"2025-09-13T22:40:50","slug":"zafferano-olimpia-pro-tischlampe-gold","status":"publish","type":"product","link":"https:\/\/dev6.erresse-shop.it\/de\/shop\/einrichtung-haus\/lampen\/zafferano-olimpia-pro-tischlampe-gold\/","title":{"rendered":"ZAFFERANO Olimpia PRO Tischlampe Gold"},"content":{"rendered":"<p>Olimpia ist eine tragbare und wiederaufladbare, batteriebetriebene Tischleuchte.<br \/>\nSie ist mit einer Kontaktaufladungsbasis, einem Ber\u00fchrungsdimmer und einem bernsteinfarbenen Zubeh\u00f6relement zum \u00c4ndern der Lichtfarbe (LED-Abdeckung) ausgestattet.<\/p>\n<p>Olimpia ist eine wiederaufladbare Tischleuchte, die mit ihrer scheinbaren Einfachheit einen gedeckten Tisch, ein Treffen mit Freunden im Freien und einen Aperitif bereichert. Ihr diffuses Licht ist in der Lage, dank der kreisf\u00f6rmigen Form des Diffusors und des Lichtstroms von 200 Lumen mit einer Farbtemperatur von 3000k, die in Richtung Wei\u00df tendiert, rundum eine sch\u00f6ne Helligkeit zu erzeugen.<\/p>\n<p>ABMESSUNGEN \u00d8 15 x H 26 cm \/ \u00d8 5,9 x H 10,2 cm<\/p>\n<p>LED-LICHTQUELLE 2,5 W 200 lm. 3000 K CRI&gt;80.<\/p>\n<p>Akku-Autonomie 9 Stunden<\/p>\n","protected":false},"excerpt":{"rendered":"<p>Olimpia ist eine tragbare und wiederaufladbare, batteriebetriebene Tischleuchte. Sie ist mit einer Kontaktaufladungsbasis, einem Ber\u00fchrungsdimmer und einem bernsteinfarbenen Zubeh\u00f6relement zum \u00c4ndern der Lichtfarbe (LED-Abdeckung) ausgestattet. Olimpia ist eine wiederaufladbare Tischleuchte, die mit ihrer scheinbaren Einfachheit einen gedeckten Tisch, ein Treffen mit Freunden im Freien und einen Aperitif bereichert. Ihr diffuses Licht ist in der Lage, [&hellip;]<\/p>\n","protected":false},"featured_media":6310054,"template":"","meta":{"_acf_changed":false},"product_cat":[11666,12098,12127],"product_tag":[],"class_list":{"0":"post-50090","1":"product","2":"type-product","3":"status-publish","4":"has-post-thumbnail","6":"product_cat-arredamento-casa","7":"product_cat-einrichtung-haus","8":"product_cat-lampen","10":"first","11":"outofstock","12":"sale","13":"taxable","14":"shipping-taxable","15":"purchasable","16":"product-type-simple","swatches":"rey-swatches","show_selected":"","stretch_labels":"rey-swatches--stretch-labels"},"acf":[],"yoast_head":"<!-- This site is optimized with the Yoast SEO plugin v25.4 - https:\/\/yoast.com\/wordpress\/plugins\/seo\/ -->\n<title>ZAFFERANO Olimpia PRO Tischlampe Gold - dev6 Erresse<\/title>\n<meta name=\"description\" content=\"Olimpia ist eine tragbare und wiederaufladbare, batteriebetriebene Tischleuchte. Sie ist mit einer Kontaktaufladungsbasis, einem Ber\u00fchrungsdimmer und\" \/>\n<meta name=\"robots\" content=\"noindex, follow, max-snippet:-1, max-image-preview:large, max-video-preview:-1\" \/>\n<meta property=\"og:locale\" content=\"de_DE\" \/>\n<meta property=\"og:type\" content=\"article\" \/>\n<meta property=\"og:title\" content=\"ZAFFERANO Olimpia PRO Tischlampe Gold - dev6 Erresse\" \/>\n<meta property=\"og:description\" content=\"Olimpia ist eine tragbare und wiederaufladbare, batteriebetriebene Tischleuchte. Sie ist mit einer Kontaktaufladungsbasis, einem Ber\u00fchrungsdimmer und\" \/>\n<meta property=\"og:url\" content=\"https:\/\/dev6.erresse-shop.it\/de\/shop\/einrichtung-haus\/lampen\/zafferano-olimpia-pro-tischlampe-gold\/\" \/>\n<meta property=\"og:site_name\" content=\"dev6 Erresse\" \/>\n<meta property=\"og:image\" content=\"https:\/\/interpim.erresse-shop.it\/img-catalogo\/zafferano\/zafferano-olimpia-pro-oro.jpg\" \/><meta property=\"og:image\" content=\"https:\/\/interpim.erresse-shop.it\/img-catalogo\/zafferano\/zafferano-olimpia-pro-oro.jpg\" \/>\n\t<meta property=\"og:image:width\" content=\"1024\" \/>\n\t<meta property=\"og:image:height\" content=\"1024\" \/>\n\t<meta property=\"og:image:type\" content=\"image\/jpeg\" \/>\n<meta name=\"twitter:card\" content=\"summary_large_image\" \/>\n<meta name=\"twitter:image\" content=\"https:\/\/interpim.erresse-shop.it\/img-catalogo\/zafferano\/zafferano-olimpia-pro-oro.jpg\" \/>\n<script type=\"application\/ld+json\" class=\"yoast-schema-graph\">{\"@context\":\"https:\/\/schema.org\",\"@graph\":[{\"@type\":\"WebPage\",\"@id\":\"https:\/\/dev6.erresse-shop.it\/de\/shop\/einrichtung-haus\/lampen\/zafferano-olimpia-pro-tischlampe-gold\/\",\"url\":\"https:\/\/dev6.erresse-shop.it\/de\/shop\/einrichtung-haus\/lampen\/zafferano-olimpia-pro-tischlampe-gold\/\",\"name\":\"ZAFFERANO Olimpia PRO Tischlampe Gold - dev6 Erresse\",\"isPartOf\":{\"@id\":\"https:\/\/dev6.erresse-shop.it\/#website\"},\"primaryImageOfPage\":{\"@id\":\"https:\/\/dev6.erresse-shop.it\/de\/shop\/einrichtung-haus\/lampen\/zafferano-olimpia-pro-tischlampe-gold\/#primaryimage\"},\"image\":{\"@id\":\"https:\/\/dev6.erresse-shop.it\/de\/shop\/einrichtung-haus\/lampen\/zafferano-olimpia-pro-tischlampe-gold\/#primaryimage\"},\"thumbnailUrl\":\"https:\/\/i0.wp.com\/interpim.erresse-shop.it\/img-catalogo\/zafferano\/zafferano-olimpia-pro-oro.jpg?ssl=1\",\"datePublished\":\"2026-04-10T07:16:11+00:00\",\"description\":\"Olimpia ist eine tragbare und wiederaufladbare, batteriebetriebene Tischleuchte. Sie ist mit einer Kontaktaufladungsbasis, einem Ber\u00fchrungsdimmer und\",\"breadcrumb\":{\"@id\":\"https:\/\/dev6.erresse-shop.it\/de\/shop\/einrichtung-haus\/lampen\/zafferano-olimpia-pro-tischlampe-gold\/#breadcrumb\"},\"inLanguage\":\"de\",\"potentialAction\":[{\"@type\":\"ReadAction\",\"target\":[\"https:\/\/dev6.erresse-shop.it\/de\/shop\/einrichtung-haus\/lampen\/zafferano-olimpia-pro-tischlampe-gold\/\"]}]},{\"@type\":\"ImageObject\",\"inLanguage\":\"de\",\"@id\":\"https:\/\/dev6.erresse-shop.it\/de\/shop\/einrichtung-haus\/lampen\/zafferano-olimpia-pro-tischlampe-gold\/#primaryimage\",\"url\":\"https:\/\/i0.wp.com\/interpim.erresse-shop.it\/img-catalogo\/zafferano\/zafferano-olimpia-pro-oro.jpg?ssl=1\",\"contentUrl\":\"https:\/\/i0.wp.com\/interpim.erresse-shop.it\/img-catalogo\/zafferano\/zafferano-olimpia-pro-oro.jpg?ssl=1\"},{\"@type\":\"BreadcrumbList\",\"@id\":\"https:\/\/dev6.erresse-shop.it\/de\/shop\/einrichtung-haus\/lampen\/zafferano-olimpia-pro-tischlampe-gold\/#breadcrumb\",\"itemListElement\":[{\"@type\":\"ListItem\",\"position\":1,\"name\":\"Home\",\"item\":\"https:\/\/dev6.erresse-shop.it\/\"},{\"@type\":\"ListItem\",\"position\":2,\"name\":\"Shop\",\"item\":\"https:\/\/dev6.erresse-shop.it\/shop\/\"},{\"@type\":\"ListItem\",\"position\":3,\"name\":\"ZAFFERANO Olimpia PRO Tischlampe Gold\"}]},{\"@type\":\"WebSite\",\"@id\":\"https:\/\/dev6.erresse-shop.it\/#website\",\"url\":\"https:\/\/dev6.erresse-shop.it\/\",\"name\":\"Erresse Shop\",\"description\":\"\",\"publisher\":{\"@id\":\"https:\/\/dev6.erresse-shop.it\/#organization\"},\"potentialAction\":[{\"@type\":\"SearchAction\",\"target\":{\"@type\":\"EntryPoint\",\"urlTemplate\":\"https:\/\/dev6.erresse-shop.it\/?s={search_term_string}\"},\"query-input\":{\"@type\":\"PropertyValueSpecification\",\"valueRequired\":true,\"valueName\":\"search_term_string\"}}],\"inLanguage\":\"de\"},{\"@type\":\"Organization\",\"@id\":\"https:\/\/dev6.erresse-shop.it\/#organization\",\"name\":\"Erresse Shop\",\"url\":\"https:\/\/dev6.erresse-shop.it\/\",\"logo\":{\"@type\":\"ImageObject\",\"inLanguage\":\"de\",\"@id\":\"https:\/\/dev6.erresse-shop.it\/#\/schema\/logo\/image\/\",\"url\":\"https:\/\/dev6.erresse-shop.it\/wp-content\/uploads\/2025\/01\/LOGO-ERRESSE-CLASSICO.svg\",\"contentUrl\":\"https:\/\/dev6.erresse-shop.it\/wp-content\/uploads\/2025\/01\/LOGO-ERRESSE-CLASSICO.svg\",\"caption\":\"Erresse Shop\"},\"image\":{\"@id\":\"https:\/\/dev6.erresse-shop.it\/#\/schema\/logo\/image\/\"}}]}<\/script>\n<!-- \/ Yoast SEO plugin. -->","yoast_head_json":{"title":"ZAFFERANO Olimpia PRO Tischlampe Gold - dev6 Erresse","description":"Olimpia ist eine tragbare und wiederaufladbare, batteriebetriebene Tischleuchte. Sie ist mit einer Kontaktaufladungsbasis, einem Ber\u00fchrungsdimmer und","robots":{"index":"noindex","follow":"follow","max-snippet":"max-snippet:-1","max-image-preview":"max-image-preview:large","max-video-preview":"max-video-preview:-1"},"og_locale":"de_DE","og_type":"article","og_title":"ZAFFERANO Olimpia PRO Tischlampe Gold - dev6 Erresse","og_description":"Olimpia ist eine tragbare und wiederaufladbare, batteriebetriebene Tischleuchte. Sie ist mit einer Kontaktaufladungsbasis, einem Ber\u00fchrungsdimmer und","og_url":"https:\/\/dev6.erresse-shop.it\/de\/shop\/einrichtung-haus\/lampen\/zafferano-olimpia-pro-tischlampe-gold\/","og_site_name":"dev6 Erresse","og_image":[{"url":"https:\/\/interpim.erresse-shop.it\/img-catalogo\/zafferano\/zafferano-olimpia-pro-oro.jpg","type":"","width":"","height":""},{"url":"https:\/\/interpim.erresse-shop.it\/img-catalogo\/zafferano\/zafferano-olimpia-pro-oro.jpg","width":1024,"height":1024,"type":"image\/jpeg"}],"twitter_card":"summary_large_image","twitter_image":"https:\/\/interpim.erresse-shop.it\/img-catalogo\/zafferano\/zafferano-olimpia-pro-oro.jpg","schema":{"@context":"https:\/\/schema.org","@graph":[{"@type":"WebPage","@id":"https:\/\/dev6.erresse-shop.it\/de\/shop\/einrichtung-haus\/lampen\/zafferano-olimpia-pro-tischlampe-gold\/","url":"https:\/\/dev6.erresse-shop.it\/de\/shop\/einrichtung-haus\/lampen\/zafferano-olimpia-pro-tischlampe-gold\/","name":"ZAFFERANO Olimpia PRO Tischlampe Gold - dev6 Erresse","isPartOf":{"@id":"https:\/\/dev6.erresse-shop.it\/#website"},"primaryImageOfPage":{"@id":"https:\/\/dev6.erresse-shop.it\/de\/shop\/einrichtung-haus\/lampen\/zafferano-olimpia-pro-tischlampe-gold\/#primaryimage"},"image":{"@id":"https:\/\/dev6.erresse-shop.it\/de\/shop\/einrichtung-haus\/lampen\/zafferano-olimpia-pro-tischlampe-gold\/#primaryimage"},"thumbnailUrl":"https:\/\/i0.wp.com\/interpim.erresse-shop.it\/img-catalogo\/zafferano\/zafferano-olimpia-pro-oro.jpg?ssl=1","datePublished":"2026-04-10T07:16:11+00:00","description":"Olimpia ist eine tragbare und wiederaufladbare, batteriebetriebene Tischleuchte. Sie ist mit einer Kontaktaufladungsbasis, einem Ber\u00fchrungsdimmer und","breadcrumb":{"@id":"https:\/\/dev6.erresse-shop.it\/de\/shop\/einrichtung-haus\/lampen\/zafferano-olimpia-pro-tischlampe-gold\/#breadcrumb"},"inLanguage":"de","potentialAction":[{"@type":"ReadAction","target":["https:\/\/dev6.erresse-shop.it\/de\/shop\/einrichtung-haus\/lampen\/zafferano-olimpia-pro-tischlampe-gold\/"]}]},{"@type":"ImageObject","inLanguage":"de","@id":"https:\/\/dev6.erresse-shop.it\/de\/shop\/einrichtung-haus\/lampen\/zafferano-olimpia-pro-tischlampe-gold\/#primaryimage","url":"https:\/\/i0.wp.com\/interpim.erresse-shop.it\/img-catalogo\/zafferano\/zafferano-olimpia-pro-oro.jpg?ssl=1","contentUrl":"https:\/\/i0.wp.com\/interpim.erresse-shop.it\/img-catalogo\/zafferano\/zafferano-olimpia-pro-oro.jpg?ssl=1"},{"@type":"BreadcrumbList","@id":"https:\/\/dev6.erresse-shop.it\/de\/shop\/einrichtung-haus\/lampen\/zafferano-olimpia-pro-tischlampe-gold\/#breadcrumb","itemListElement":[{"@type":"ListItem","position":1,"name":"Home","item":"https:\/\/dev6.erresse-shop.it\/"},{"@type":"ListItem","position":2,"name":"Shop","item":"https:\/\/dev6.erresse-shop.it\/shop\/"},{"@type":"ListItem","position":3,"name":"ZAFFERANO Olimpia PRO Tischlampe Gold"}]},{"@type":"WebSite","@id":"https:\/\/dev6.erresse-shop.it\/#website","url":"https:\/\/dev6.erresse-shop.it\/","name":"Erresse Shop","description":"","publisher":{"@id":"https:\/\/dev6.erresse-shop.it\/#organization"},"potentialAction":[{"@type":"SearchAction","target":{"@type":"EntryPoint","urlTemplate":"https:\/\/dev6.erresse-shop.it\/?s={search_term_string}"},"query-input":{"@type":"PropertyValueSpecification","valueRequired":true,"valueName":"search_term_string"}}],"inLanguage":"de"},{"@type":"Organization","@id":"https:\/\/dev6.erresse-shop.it\/#organization","name":"Erresse Shop","url":"https:\/\/dev6.erresse-shop.it\/","logo":{"@type":"ImageObject","inLanguage":"de","@id":"https:\/\/dev6.erresse-shop.it\/#\/schema\/logo\/image\/","url":"https:\/\/dev6.erresse-shop.it\/wp-content\/uploads\/2025\/01\/LOGO-ERRESSE-CLASSICO.svg","contentUrl":"https:\/\/dev6.erresse-shop.it\/wp-content\/uploads\/2025\/01\/LOGO-ERRESSE-CLASSICO.svg","caption":"Erresse Shop"},"image":{"@id":"https:\/\/dev6.erresse-shop.it\/#\/schema\/logo\/image\/"}}]}},"df_price":126,"df_sale_price":126,"df_regular_price":189,"df_image_link":"https:\/\/i0.wp.com\/interpim.erresse-shop.it\/img-catalogo\/zafferano\/zafferano-olimpia-pro-oro.jpg?resize=300,300&ssl=1","fifu_image_url":"https:\/\/interpim.erresse-shop.it\/img-catalogo\/zafferano\/zafferano-olimpia-pro-oro.jpg","_links":{"self":[{"href":"https:\/\/dev6.erresse-shop.it\/de\/wp-json\/wp\/v2\/product\/50090","targetHints":{"allow":["GET"]}}],"collection":[{"href":"https:\/\/dev6.erresse-shop.it\/de\/wp-json\/wp\/v2\/product"}],"about":[{"href":"https:\/\/dev6.erresse-shop.it\/de\/wp-json\/wp\/v2\/types\/product"}],"wp:featuredmedia":[{"embeddable":true,"href":"https:\/\/dev6.erresse-shop.it\/de\/wp-json\/wp\/v2\/media\/6310054"}],"wp:attachment":[{"href":"https:\/\/dev6.erresse-shop.it\/de\/wp-json\/wp\/v2\/media?parent=50090"}],"wp:term":[{"taxonomy":"product_cat","embeddable":true,"href":"https:\/\/dev6.erresse-shop.it\/de\/wp-json\/wp\/v2\/product_cat?post=50090"},{"taxonomy":"product_tag","embeddable":true,"href":"https:\/\/dev6.erresse-shop.it\/de\/wp-json\/wp\/v2\/product_tag?post=50090"}],"curies":[{"name":"wp","href":"https:\/\/api.w.org\/{rel}","templated":true}]}}