{"id":50050,"date":"2026-04-16T19:13:25","date_gmt":"2026-04-16T17:13:25","guid":{"rendered":"https:\/\/dev6.erresse-shop.it\/shop\/unkategorisiert\/toms-drag-herta-eule-s\/"},"modified":"2026-01-09T01:56:32","modified_gmt":"2026-01-09T00:56:32","slug":"toms-drag-herta-eule-s","status":"publish","type":"product","link":"https:\/\/dev6.erresse-shop.it\/de\/shop\/einrichtung-haus\/dekoartikel\/toms-drag-herta-eule-s\/","title":{"rendered":"TOM&#8217;S DRAG Herta Eule S"},"content":{"rendered":"<p>Material: Harz<br \/>\nH\u00f6he: 9.5 cm<\/p>\n<p>HERTA EULE<br \/>\nF\u00fcr Sammler und Eulenliebhaber. Symbol der Weisheit. Mit seinem fantastischen Kost\u00fcm voller exotischer Ornamente und dekorativer Federn ist er wie f\u00fcr einen Karnevalsumzug geschm\u00fcckt und leuchtet in den Farben des Regenbogens.<\/p>\n<p>Da es sich bei diesem Artikel um ein handgefertigtes und handbemaltes Produkt handelt, sind Abweichungen in Farbe, Muster, Farbton, kleine Unregelm\u00e4\u00dfigkeiten im Kleber oder in der Farbe sowie Unregelm\u00e4\u00dfigkeiten eine Besonderheit des Produkts und zeugen von seiner handwerklichen Herstellung.<\/p>\n<p>Alle Drachentiere sind mit phantasievollen Kost\u00fcmen und exotischen Ornamenten geschm\u00fcckt, als ob sie an einem Karnevalsumzug teilnehmen w\u00fcrden. Alle sind in den Farben des Regenbogens gehalten und vermitteln die gleiche fr\u00f6hliche Stimmung wie eines von Toms Lieblingsliedern, Louis Armstrongs \u201cWhat a Wonderful World\u201d.<\/p>\n<p>Jeder Artikel von Tom\u2019s Drag beginnt mit ein paar schnellen Skizzen, die der K\u00fcnstler zeichnet und schnell in ein detailliertes Bild verwandelt. Zu diesem Zeitpunkt wird eine grobe Figur aus dem Holz geschnitzt, deren Abmessungen und Proportionen denen des endg\u00fcltigen Objekts entsprechen. Diese wird dann von der K\u00fcnstlerin handbemalt und der Prototyp entsteht, aus dem dann die Deckenform hergestellt wird. Diese Kautschukform ist der Schl\u00fcssel zu allen Werken von Tom\u2019s Drag\u2019s, denn in sie wird fl\u00fcssiges Marmorino, eine Mischung aus gemahlenem Marmor und Kunstharz, gegossen und dann verfestigt. Das zun\u00e4chst opak-wei\u00dfe St\u00fcck wird wei\u00df lackiert und anschlie\u00dfend poliert. Zu diesem Zeitpunkt werden die R\u00e4nder der Farbfelder mit Bleistift gezeichnet, um dem K\u00fcnstler als Referenz f\u00fcr die Bemalung des Objekts zu dienen. Die Arbeit wird mit dem Auftragen eines Harzes abgeschlossen, das die Farben widerstandsf\u00e4hig macht.<\/p>\n","protected":false},"excerpt":{"rendered":"<p>Material: Harz H\u00f6he: 9.5 cm HERTA EULE F\u00fcr Sammler und Eulenliebhaber. Symbol der Weisheit. Mit seinem fantastischen Kost\u00fcm voller exotischer Ornamente und dekorativer Federn ist er wie f\u00fcr einen Karnevalsumzug geschm\u00fcckt und leuchtet in den Farben des Regenbogens. Da es sich bei diesem Artikel um ein handgefertigtes und handbemaltes Produkt handelt, sind Abweichungen in Farbe, [&hellip;]<\/p>\n","protected":false},"featured_media":6490578,"template":"","meta":{"_acf_changed":false},"product_cat":[11666,12129,12098],"product_tag":[],"class_list":{"0":"post-50050","1":"product","2":"type-product","3":"status-publish","4":"has-post-thumbnail","6":"product_cat-arredamento-casa","7":"product_cat-dekoartikel","8":"product_cat-einrichtung-haus","10":"first","11":"outofstock","12":"sale","13":"taxable","14":"shipping-taxable","15":"purchasable","16":"product-type-simple","swatches":"rey-swatches","show_selected":"","stretch_labels":"rey-swatches--stretch-labels"},"acf":[],"yoast_head":"<!-- This site is optimized with the Yoast SEO plugin v25.4 - https:\/\/yoast.com\/wordpress\/plugins\/seo\/ -->\n<title>TOM&#8217;S DRAG Herta Eule S - dev6 Erresse<\/title>\n<meta name=\"description\" content=\"Material: Harz H\u00f6he: 9.5 cm HERTA EULE F\u00fcr Sammler und Eulenliebhaber. Symbol der Weisheit. Mit seinem fantastischen Kost\u00fcm voller exotischer Ornamente\" \/>\n<meta name=\"robots\" content=\"noindex, follow, max-snippet:-1, max-image-preview:large, max-video-preview:-1\" \/>\n<meta property=\"og:locale\" content=\"de_DE\" \/>\n<meta property=\"og:type\" content=\"article\" \/>\n<meta property=\"og:title\" content=\"TOM&#8217;S DRAG Herta Eule S - dev6 Erresse\" \/>\n<meta property=\"og:description\" content=\"Material: Harz H\u00f6he: 9.5 cm HERTA EULE F\u00fcr Sammler und Eulenliebhaber. Symbol der Weisheit. Mit seinem fantastischen Kost\u00fcm voller exotischer Ornamente\" \/>\n<meta property=\"og:url\" content=\"https:\/\/dev6.erresse-shop.it\/de\/shop\/einrichtung-haus\/dekoartikel\/toms-drag-herta-eule-s\/\" \/>\n<meta property=\"og:site_name\" content=\"dev6 Erresse\" \/>\n<meta property=\"og:image\" content=\"https:\/\/interpim.erresse-shop.it\/img-catalogo\/toms-drag\/toms-drag-civetta-herta-s.jpg\" \/><meta property=\"og:image\" content=\"https:\/\/interpim.erresse-shop.it\/img-catalogo\/toms-drag\/toms-drag-civetta-herta-s.jpg\" \/>\n\t<meta property=\"og:image:width\" content=\"1024\" \/>\n\t<meta property=\"og:image:height\" content=\"1024\" \/>\n\t<meta property=\"og:image:type\" content=\"image\/jpeg\" \/>\n<meta name=\"twitter:card\" content=\"summary_large_image\" \/>\n<meta name=\"twitter:image\" content=\"https:\/\/interpim.erresse-shop.it\/img-catalogo\/toms-drag\/toms-drag-civetta-herta-s.jpg\" \/>\n<script type=\"application\/ld+json\" class=\"yoast-schema-graph\">{\"@context\":\"https:\/\/schema.org\",\"@graph\":[{\"@type\":\"WebPage\",\"@id\":\"https:\/\/dev6.erresse-shop.it\/de\/shop\/einrichtung-haus\/dekoartikel\/toms-drag-herta-eule-s\/\",\"url\":\"https:\/\/dev6.erresse-shop.it\/de\/shop\/einrichtung-haus\/dekoartikel\/toms-drag-herta-eule-s\/\",\"name\":\"TOM&#8217;S DRAG Herta Eule S - dev6 Erresse\",\"isPartOf\":{\"@id\":\"https:\/\/dev6.erresse-shop.it\/#website\"},\"primaryImageOfPage\":{\"@id\":\"https:\/\/dev6.erresse-shop.it\/de\/shop\/einrichtung-haus\/dekoartikel\/toms-drag-herta-eule-s\/#primaryimage\"},\"image\":{\"@id\":\"https:\/\/dev6.erresse-shop.it\/de\/shop\/einrichtung-haus\/dekoartikel\/toms-drag-herta-eule-s\/#primaryimage\"},\"thumbnailUrl\":\"https:\/\/i3.wp.com\/interpim.erresse-shop.it\/img-catalogo\/toms-drag\/toms-drag-civetta-herta-s.jpg?ssl=1\",\"datePublished\":\"2026-04-16T17:13:25+00:00\",\"description\":\"Material: Harz H\u00f6he: 9.5 cm HERTA EULE F\u00fcr Sammler und Eulenliebhaber. Symbol der Weisheit. Mit seinem fantastischen Kost\u00fcm voller exotischer Ornamente\",\"breadcrumb\":{\"@id\":\"https:\/\/dev6.erresse-shop.it\/de\/shop\/einrichtung-haus\/dekoartikel\/toms-drag-herta-eule-s\/#breadcrumb\"},\"inLanguage\":\"de\",\"potentialAction\":[{\"@type\":\"ReadAction\",\"target\":[\"https:\/\/dev6.erresse-shop.it\/de\/shop\/einrichtung-haus\/dekoartikel\/toms-drag-herta-eule-s\/\"]}]},{\"@type\":\"ImageObject\",\"inLanguage\":\"de\",\"@id\":\"https:\/\/dev6.erresse-shop.it\/de\/shop\/einrichtung-haus\/dekoartikel\/toms-drag-herta-eule-s\/#primaryimage\",\"url\":\"https:\/\/i3.wp.com\/interpim.erresse-shop.it\/img-catalogo\/toms-drag\/toms-drag-civetta-herta-s.jpg?ssl=1\",\"contentUrl\":\"https:\/\/i3.wp.com\/interpim.erresse-shop.it\/img-catalogo\/toms-drag\/toms-drag-civetta-herta-s.jpg?ssl=1\"},{\"@type\":\"BreadcrumbList\",\"@id\":\"https:\/\/dev6.erresse-shop.it\/de\/shop\/einrichtung-haus\/dekoartikel\/toms-drag-herta-eule-s\/#breadcrumb\",\"itemListElement\":[{\"@type\":\"ListItem\",\"position\":1,\"name\":\"Home\",\"item\":\"https:\/\/dev6.erresse-shop.it\/\"},{\"@type\":\"ListItem\",\"position\":2,\"name\":\"Shop\",\"item\":\"https:\/\/dev6.erresse-shop.it\/shop\/\"},{\"@type\":\"ListItem\",\"position\":3,\"name\":\"TOM&#8217;S DRAG Herta Eule S\"}]},{\"@type\":\"WebSite\",\"@id\":\"https:\/\/dev6.erresse-shop.it\/#website\",\"url\":\"https:\/\/dev6.erresse-shop.it\/\",\"name\":\"Erresse Shop\",\"description\":\"\",\"publisher\":{\"@id\":\"https:\/\/dev6.erresse-shop.it\/#organization\"},\"potentialAction\":[{\"@type\":\"SearchAction\",\"target\":{\"@type\":\"EntryPoint\",\"urlTemplate\":\"https:\/\/dev6.erresse-shop.it\/?s={search_term_string}\"},\"query-input\":{\"@type\":\"PropertyValueSpecification\",\"valueRequired\":true,\"valueName\":\"search_term_string\"}}],\"inLanguage\":\"de\"},{\"@type\":\"Organization\",\"@id\":\"https:\/\/dev6.erresse-shop.it\/#organization\",\"name\":\"Erresse Shop\",\"url\":\"https:\/\/dev6.erresse-shop.it\/\",\"logo\":{\"@type\":\"ImageObject\",\"inLanguage\":\"de\",\"@id\":\"https:\/\/dev6.erresse-shop.it\/#\/schema\/logo\/image\/\",\"url\":\"https:\/\/dev6.erresse-shop.it\/wp-content\/uploads\/2025\/01\/LOGO-ERRESSE-CLASSICO.svg\",\"contentUrl\":\"https:\/\/dev6.erresse-shop.it\/wp-content\/uploads\/2025\/01\/LOGO-ERRESSE-CLASSICO.svg\",\"caption\":\"Erresse Shop\"},\"image\":{\"@id\":\"https:\/\/dev6.erresse-shop.it\/#\/schema\/logo\/image\/\"}}]}<\/script>\n<!-- \/ Yoast SEO plugin. -->","yoast_head_json":{"title":"TOM&#8217;S DRAG Herta Eule S - dev6 Erresse","description":"Material: Harz H\u00f6he: 9.5 cm HERTA EULE F\u00fcr Sammler und Eulenliebhaber. Symbol der Weisheit. Mit seinem fantastischen Kost\u00fcm voller exotischer Ornamente","robots":{"index":"noindex","follow":"follow","max-snippet":"max-snippet:-1","max-image-preview":"max-image-preview:large","max-video-preview":"max-video-preview:-1"},"og_locale":"de_DE","og_type":"article","og_title":"TOM&#8217;S DRAG Herta Eule S - dev6 Erresse","og_description":"Material: Harz H\u00f6he: 9.5 cm HERTA EULE F\u00fcr Sammler und Eulenliebhaber. Symbol der Weisheit. Mit seinem fantastischen Kost\u00fcm voller exotischer Ornamente","og_url":"https:\/\/dev6.erresse-shop.it\/de\/shop\/einrichtung-haus\/dekoartikel\/toms-drag-herta-eule-s\/","og_site_name":"dev6 Erresse","og_image":[{"url":"https:\/\/interpim.erresse-shop.it\/img-catalogo\/toms-drag\/toms-drag-civetta-herta-s.jpg","type":"","width":"","height":""},{"url":"https:\/\/interpim.erresse-shop.it\/img-catalogo\/toms-drag\/toms-drag-civetta-herta-s.jpg","width":1024,"height":1024,"type":"image\/jpeg"}],"twitter_card":"summary_large_image","twitter_image":"https:\/\/interpim.erresse-shop.it\/img-catalogo\/toms-drag\/toms-drag-civetta-herta-s.jpg","schema":{"@context":"https:\/\/schema.org","@graph":[{"@type":"WebPage","@id":"https:\/\/dev6.erresse-shop.it\/de\/shop\/einrichtung-haus\/dekoartikel\/toms-drag-herta-eule-s\/","url":"https:\/\/dev6.erresse-shop.it\/de\/shop\/einrichtung-haus\/dekoartikel\/toms-drag-herta-eule-s\/","name":"TOM&#8217;S DRAG Herta Eule S - dev6 Erresse","isPartOf":{"@id":"https:\/\/dev6.erresse-shop.it\/#website"},"primaryImageOfPage":{"@id":"https:\/\/dev6.erresse-shop.it\/de\/shop\/einrichtung-haus\/dekoartikel\/toms-drag-herta-eule-s\/#primaryimage"},"image":{"@id":"https:\/\/dev6.erresse-shop.it\/de\/shop\/einrichtung-haus\/dekoartikel\/toms-drag-herta-eule-s\/#primaryimage"},"thumbnailUrl":"https:\/\/i3.wp.com\/interpim.erresse-shop.it\/img-catalogo\/toms-drag\/toms-drag-civetta-herta-s.jpg?ssl=1","datePublished":"2026-04-16T17:13:25+00:00","description":"Material: Harz H\u00f6he: 9.5 cm HERTA EULE F\u00fcr Sammler und Eulenliebhaber. Symbol der Weisheit. Mit seinem fantastischen Kost\u00fcm voller exotischer Ornamente","breadcrumb":{"@id":"https:\/\/dev6.erresse-shop.it\/de\/shop\/einrichtung-haus\/dekoartikel\/toms-drag-herta-eule-s\/#breadcrumb"},"inLanguage":"de","potentialAction":[{"@type":"ReadAction","target":["https:\/\/dev6.erresse-shop.it\/de\/shop\/einrichtung-haus\/dekoartikel\/toms-drag-herta-eule-s\/"]}]},{"@type":"ImageObject","inLanguage":"de","@id":"https:\/\/dev6.erresse-shop.it\/de\/shop\/einrichtung-haus\/dekoartikel\/toms-drag-herta-eule-s\/#primaryimage","url":"https:\/\/i3.wp.com\/interpim.erresse-shop.it\/img-catalogo\/toms-drag\/toms-drag-civetta-herta-s.jpg?ssl=1","contentUrl":"https:\/\/i3.wp.com\/interpim.erresse-shop.it\/img-catalogo\/toms-drag\/toms-drag-civetta-herta-s.jpg?ssl=1"},{"@type":"BreadcrumbList","@id":"https:\/\/dev6.erresse-shop.it\/de\/shop\/einrichtung-haus\/dekoartikel\/toms-drag-herta-eule-s\/#breadcrumb","itemListElement":[{"@type":"ListItem","position":1,"name":"Home","item":"https:\/\/dev6.erresse-shop.it\/"},{"@type":"ListItem","position":2,"name":"Shop","item":"https:\/\/dev6.erresse-shop.it\/shop\/"},{"@type":"ListItem","position":3,"name":"TOM&#8217;S DRAG Herta Eule S"}]},{"@type":"WebSite","@id":"https:\/\/dev6.erresse-shop.it\/#website","url":"https:\/\/dev6.erresse-shop.it\/","name":"Erresse Shop","description":"","publisher":{"@id":"https:\/\/dev6.erresse-shop.it\/#organization"},"potentialAction":[{"@type":"SearchAction","target":{"@type":"EntryPoint","urlTemplate":"https:\/\/dev6.erresse-shop.it\/?s={search_term_string}"},"query-input":{"@type":"PropertyValueSpecification","valueRequired":true,"valueName":"search_term_string"}}],"inLanguage":"de"},{"@type":"Organization","@id":"https:\/\/dev6.erresse-shop.it\/#organization","name":"Erresse Shop","url":"https:\/\/dev6.erresse-shop.it\/","logo":{"@type":"ImageObject","inLanguage":"de","@id":"https:\/\/dev6.erresse-shop.it\/#\/schema\/logo\/image\/","url":"https:\/\/dev6.erresse-shop.it\/wp-content\/uploads\/2025\/01\/LOGO-ERRESSE-CLASSICO.svg","contentUrl":"https:\/\/dev6.erresse-shop.it\/wp-content\/uploads\/2025\/01\/LOGO-ERRESSE-CLASSICO.svg","caption":"Erresse Shop"},"image":{"@id":"https:\/\/dev6.erresse-shop.it\/#\/schema\/logo\/image\/"}}]}},"df_price":52,"df_sale_price":52,"df_regular_price":59.9,"df_image_link":"https:\/\/i3.wp.com\/interpim.erresse-shop.it\/img-catalogo\/toms-drag\/toms-drag-civetta-herta-s.jpg?resize=300,300&ssl=1","fifu_image_url":"https:\/\/interpim.erresse-shop.it\/img-catalogo\/toms-drag\/toms-drag-civetta-herta-s.jpg","_links":{"self":[{"href":"https:\/\/dev6.erresse-shop.it\/de\/wp-json\/wp\/v2\/product\/50050","targetHints":{"allow":["GET"]}}],"collection":[{"href":"https:\/\/dev6.erresse-shop.it\/de\/wp-json\/wp\/v2\/product"}],"about":[{"href":"https:\/\/dev6.erresse-shop.it\/de\/wp-json\/wp\/v2\/types\/product"}],"wp:featuredmedia":[{"embeddable":true,"href":"https:\/\/dev6.erresse-shop.it\/de\/wp-json\/wp\/v2\/media\/6490578"}],"wp:attachment":[{"href":"https:\/\/dev6.erresse-shop.it\/de\/wp-json\/wp\/v2\/media?parent=50050"}],"wp:term":[{"taxonomy":"product_cat","embeddable":true,"href":"https:\/\/dev6.erresse-shop.it\/de\/wp-json\/wp\/v2\/product_cat?post=50050"},{"taxonomy":"product_tag","embeddable":true,"href":"https:\/\/dev6.erresse-shop.it\/de\/wp-json\/wp\/v2\/product_tag?post=50050"}],"curies":[{"name":"wp","href":"https:\/\/api.w.org\/{rel}","templated":true}]}}