{"id":50026,"date":"2026-04-12T08:36:43","date_gmt":"2026-04-12T06:36:43","guid":{"rendered":"https:\/\/dev6.erresse-shop.it\/shop\/unkategorisiert\/zwilling-vakuumpumpe-freshsave\/"},"modified":"2025-09-14T00:40:31","modified_gmt":"2025-09-13T22:40:31","slug":"zwilling-vakuumpumpe-freshsave","status":"publish","type":"product","link":"https:\/\/dev6.erresse-shop.it\/de\/shop\/kuche\/messer\/messerblocke-messer\/zwilling-vakuumpumpe-freshsave\/","title":{"rendered":"ZWILLING Vakuumpumpe Fresh&#038;Save"},"content":{"rendered":"<p>Ein Knopfdruck und Frische: FRESH &amp; SAVE Vakuumpumpe. Keine Notwendigkeit f\u00fcr sperrige und riesige Vakuummaschinen, keine Notwendigkeit, sich um unbequeme Ger\u00e4te zu k\u00fcmmern, kaufen Sie einfach die elegante ZWILLING Vakuumpumpe und sie erledigt alles! Schritt 1: Setzen Sie die handliche Pumpe auf das Deckelventil der Beh\u00e4lter und Beutel des neuen Vakuumiersystems. Schritt 2: Dr\u00fccken Sie den Knopf, damit die Pumpe in Sekundenschnelle die Luft aus den Vakuumbeuteln und -beh\u00e4ltern, die sowohl aus Plastik als auch aus Glas erh\u00e4ltlich sind, absaugen kann. Schritt 3: Die Pumpe schaltet sich automatisch ab, wenn das richtige Vakuumniveau erreicht ist. Vakuumverpackte Lebensmittel bleiben bis zu f\u00fcnfmal l\u00e4nger frisch als herk\u00f6mmliche, nicht vakuumverpackte Lagerungsmethoden. Danach k\u00f6nnen Sie die Pumpe in einer Schublade aufbewahren. Aber wollen Sie das wirklich tun? Das hochwertige Design von Matteo Thun macht ihn zu einem eleganten M\u00f6belst\u00fcck in Ihrer K\u00fcche. Psst\u2026! Diese Vakuumpumpe ist au\u00dferdem sehr leise. Alles funktioniert perfekt. Entdecken Sie FRESH &amp; SAVE von ZWILLING.<\/p>\n<p>Vakuumkonservierung in Sekundenschnelle auf Knopfdruck. Die Pumpe stoppt automatisch, sobald im Beh\u00e4lter oder Beutel ein ausreichendes<br \/>\nVakuum erzeugt wurde.<br \/>\nKabellos und einfach zu bedienen<br \/>\nPlatzsparende Aufbewahrung in der Besteckschublade oder Verwendung als dekoratives Element<br \/>\nStumm<br \/>\nDank des langlebigen Lithium-Ionen-Akkus muss die Batterie nicht gewechselt werden<br \/>\nAufladen \u00fcber USB-Kabel<br \/>\nInklusive USB-Ladekabel<br \/>\nRaffiniertes Design von Matteo Thun<\/p>\n<p>MERKMALE<br \/>\nFarbe: Wei\u00df<br \/>\nMaterial: Kunststoff<br \/>\nSpannung: 110-240 V<\/p>\n","protected":false},"excerpt":{"rendered":"<p>Ein Knopfdruck und Frische: FRESH &amp; SAVE Vakuumpumpe. Keine Notwendigkeit f\u00fcr sperrige und riesige Vakuummaschinen, keine Notwendigkeit, sich um unbequeme Ger\u00e4te zu k\u00fcmmern, kaufen Sie einfach die elegante ZWILLING Vakuumpumpe und sie erledigt alles! Schritt 1: Setzen Sie die handliche Pumpe auf das Deckelventil der Beh\u00e4lter und Beutel des neuen Vakuumiersystems. Schritt 2: Dr\u00fccken Sie [&hellip;]<\/p>\n","protected":false},"featured_media":6351507,"template":"","meta":{"_acf_changed":false},"product_cat":[11668,12100,11771,12203,12107],"product_tag":[],"class_list":{"0":"post-50026","1":"product","2":"type-product","3":"status-publish","4":"has-post-thumbnail","6":"product_cat-cucina","7":"product_cat-kuche","8":"product_cat-sottovuoto","9":"product_cat-vakuum","10":"product_cat-messerblocke-messer","12":"first","13":"outofstock","14":"sale","15":"taxable","16":"shipping-taxable","17":"purchasable","18":"product-type-simple","swatches":"rey-swatches","show_selected":"","stretch_labels":"rey-swatches--stretch-labels"},"acf":[],"yoast_head":"<!-- This site is optimized with the Yoast SEO plugin v25.4 - https:\/\/yoast.com\/wordpress\/plugins\/seo\/ -->\n<title>ZWILLING Vakuumpumpe Fresh&#038;Save - dev6 Erresse<\/title>\n<meta name=\"description\" content=\"Ein Knopfdruck und Frische: FRESH &amp; SAVE Vakuumpumpe. Keine Notwendigkeit f\u00fcr sperrige und riesige Vakuummaschinen, keine Notwendigkeit, sich um\" \/>\n<meta name=\"robots\" content=\"noindex, follow, max-snippet:-1, max-image-preview:large, max-video-preview:-1\" \/>\n<meta property=\"og:locale\" content=\"de_DE\" \/>\n<meta property=\"og:type\" content=\"article\" \/>\n<meta property=\"og:title\" content=\"ZWILLING Vakuumpumpe Fresh&#038;Save - dev6 Erresse\" \/>\n<meta property=\"og:description\" content=\"Ein Knopfdruck und Frische: FRESH &amp; SAVE Vakuumpumpe. Keine Notwendigkeit f\u00fcr sperrige und riesige Vakuummaschinen, keine Notwendigkeit, sich um\" \/>\n<meta property=\"og:url\" content=\"https:\/\/dev6.erresse-shop.it\/de\/shop\/kuche\/messer\/messerblocke-messer\/zwilling-vakuumpumpe-freshsave\/\" \/>\n<meta property=\"og:site_name\" content=\"dev6 Erresse\" \/>\n<meta property=\"og:image\" content=\"https:\/\/interpim.erresse-shop.it\/img-catalogo\/zwilling\/zwilling-pompa-per-sottovuoto-ricaricabile.jpg\" \/><meta property=\"og:image\" content=\"https:\/\/interpim.erresse-shop.it\/img-catalogo\/zwilling\/zwilling-pompa-per-sottovuoto-ricaricabile.jpg\" \/>\n\t<meta property=\"og:image:width\" content=\"1024\" \/>\n\t<meta property=\"og:image:height\" content=\"1024\" \/>\n\t<meta property=\"og:image:type\" content=\"image\/jpeg\" \/>\n<meta name=\"twitter:card\" content=\"summary_large_image\" \/>\n<meta name=\"twitter:image\" content=\"https:\/\/interpim.erresse-shop.it\/img-catalogo\/zwilling\/zwilling-pompa-per-sottovuoto-ricaricabile.jpg\" \/>\n<script type=\"application\/ld+json\" class=\"yoast-schema-graph\">{\"@context\":\"https:\/\/schema.org\",\"@graph\":[{\"@type\":\"WebPage\",\"@id\":\"https:\/\/dev6.erresse-shop.it\/de\/shop\/kuche\/messer\/messerblocke-messer\/zwilling-vakuumpumpe-freshsave\/\",\"url\":\"https:\/\/dev6.erresse-shop.it\/de\/shop\/kuche\/messer\/messerblocke-messer\/zwilling-vakuumpumpe-freshsave\/\",\"name\":\"ZWILLING Vakuumpumpe Fresh&#038;Save - dev6 Erresse\",\"isPartOf\":{\"@id\":\"https:\/\/dev6.erresse-shop.it\/#website\"},\"primaryImageOfPage\":{\"@id\":\"https:\/\/dev6.erresse-shop.it\/de\/shop\/kuche\/messer\/messerblocke-messer\/zwilling-vakuumpumpe-freshsave\/#primaryimage\"},\"image\":{\"@id\":\"https:\/\/dev6.erresse-shop.it\/de\/shop\/kuche\/messer\/messerblocke-messer\/zwilling-vakuumpumpe-freshsave\/#primaryimage\"},\"thumbnailUrl\":\"https:\/\/i2.wp.com\/interpim.erresse-shop.it\/img-catalogo\/zwilling\/zwilling-pompa-per-sottovuoto-ricaricabile.jpg?ssl=1\",\"datePublished\":\"2026-04-12T06:36:43+00:00\",\"description\":\"Ein Knopfdruck und Frische: FRESH &amp; SAVE Vakuumpumpe. Keine Notwendigkeit f\u00fcr sperrige und riesige Vakuummaschinen, keine Notwendigkeit, sich um\",\"breadcrumb\":{\"@id\":\"https:\/\/dev6.erresse-shop.it\/de\/shop\/kuche\/messer\/messerblocke-messer\/zwilling-vakuumpumpe-freshsave\/#breadcrumb\"},\"inLanguage\":\"de\",\"potentialAction\":[{\"@type\":\"ReadAction\",\"target\":[\"https:\/\/dev6.erresse-shop.it\/de\/shop\/kuche\/messer\/messerblocke-messer\/zwilling-vakuumpumpe-freshsave\/\"]}]},{\"@type\":\"ImageObject\",\"inLanguage\":\"de\",\"@id\":\"https:\/\/dev6.erresse-shop.it\/de\/shop\/kuche\/messer\/messerblocke-messer\/zwilling-vakuumpumpe-freshsave\/#primaryimage\",\"url\":\"https:\/\/i2.wp.com\/interpim.erresse-shop.it\/img-catalogo\/zwilling\/zwilling-pompa-per-sottovuoto-ricaricabile.jpg?ssl=1\",\"contentUrl\":\"https:\/\/i2.wp.com\/interpim.erresse-shop.it\/img-catalogo\/zwilling\/zwilling-pompa-per-sottovuoto-ricaricabile.jpg?ssl=1\"},{\"@type\":\"BreadcrumbList\",\"@id\":\"https:\/\/dev6.erresse-shop.it\/de\/shop\/kuche\/messer\/messerblocke-messer\/zwilling-vakuumpumpe-freshsave\/#breadcrumb\",\"itemListElement\":[{\"@type\":\"ListItem\",\"position\":1,\"name\":\"Home\",\"item\":\"https:\/\/dev6.erresse-shop.it\/\"},{\"@type\":\"ListItem\",\"position\":2,\"name\":\"Shop\",\"item\":\"https:\/\/dev6.erresse-shop.it\/shop\/\"},{\"@type\":\"ListItem\",\"position\":3,\"name\":\"ZWILLING Vakuumpumpe Fresh&#038;Save\"}]},{\"@type\":\"WebSite\",\"@id\":\"https:\/\/dev6.erresse-shop.it\/#website\",\"url\":\"https:\/\/dev6.erresse-shop.it\/\",\"name\":\"Erresse Shop\",\"description\":\"\",\"publisher\":{\"@id\":\"https:\/\/dev6.erresse-shop.it\/#organization\"},\"potentialAction\":[{\"@type\":\"SearchAction\",\"target\":{\"@type\":\"EntryPoint\",\"urlTemplate\":\"https:\/\/dev6.erresse-shop.it\/?s={search_term_string}\"},\"query-input\":{\"@type\":\"PropertyValueSpecification\",\"valueRequired\":true,\"valueName\":\"search_term_string\"}}],\"inLanguage\":\"de\"},{\"@type\":\"Organization\",\"@id\":\"https:\/\/dev6.erresse-shop.it\/#organization\",\"name\":\"Erresse Shop\",\"url\":\"https:\/\/dev6.erresse-shop.it\/\",\"logo\":{\"@type\":\"ImageObject\",\"inLanguage\":\"de\",\"@id\":\"https:\/\/dev6.erresse-shop.it\/#\/schema\/logo\/image\/\",\"url\":\"https:\/\/dev6.erresse-shop.it\/wp-content\/uploads\/2025\/01\/LOGO-ERRESSE-CLASSICO.svg\",\"contentUrl\":\"https:\/\/dev6.erresse-shop.it\/wp-content\/uploads\/2025\/01\/LOGO-ERRESSE-CLASSICO.svg\",\"caption\":\"Erresse Shop\"},\"image\":{\"@id\":\"https:\/\/dev6.erresse-shop.it\/#\/schema\/logo\/image\/\"}}]}<\/script>\n<!-- \/ Yoast SEO plugin. -->","yoast_head_json":{"title":"ZWILLING Vakuumpumpe Fresh&#038;Save - dev6 Erresse","description":"Ein Knopfdruck und Frische: FRESH &amp; SAVE Vakuumpumpe. Keine Notwendigkeit f\u00fcr sperrige und riesige Vakuummaschinen, keine Notwendigkeit, sich um","robots":{"index":"noindex","follow":"follow","max-snippet":"max-snippet:-1","max-image-preview":"max-image-preview:large","max-video-preview":"max-video-preview:-1"},"og_locale":"de_DE","og_type":"article","og_title":"ZWILLING Vakuumpumpe Fresh&#038;Save - dev6 Erresse","og_description":"Ein Knopfdruck und Frische: FRESH &amp; SAVE Vakuumpumpe. Keine Notwendigkeit f\u00fcr sperrige und riesige Vakuummaschinen, keine Notwendigkeit, sich um","og_url":"https:\/\/dev6.erresse-shop.it\/de\/shop\/kuche\/messer\/messerblocke-messer\/zwilling-vakuumpumpe-freshsave\/","og_site_name":"dev6 Erresse","og_image":[{"url":"https:\/\/interpim.erresse-shop.it\/img-catalogo\/zwilling\/zwilling-pompa-per-sottovuoto-ricaricabile.jpg","type":"","width":"","height":""},{"url":"https:\/\/interpim.erresse-shop.it\/img-catalogo\/zwilling\/zwilling-pompa-per-sottovuoto-ricaricabile.jpg","width":1024,"height":1024,"type":"image\/jpeg"}],"twitter_card":"summary_large_image","twitter_image":"https:\/\/interpim.erresse-shop.it\/img-catalogo\/zwilling\/zwilling-pompa-per-sottovuoto-ricaricabile.jpg","schema":{"@context":"https:\/\/schema.org","@graph":[{"@type":"WebPage","@id":"https:\/\/dev6.erresse-shop.it\/de\/shop\/kuche\/messer\/messerblocke-messer\/zwilling-vakuumpumpe-freshsave\/","url":"https:\/\/dev6.erresse-shop.it\/de\/shop\/kuche\/messer\/messerblocke-messer\/zwilling-vakuumpumpe-freshsave\/","name":"ZWILLING Vakuumpumpe Fresh&#038;Save - dev6 Erresse","isPartOf":{"@id":"https:\/\/dev6.erresse-shop.it\/#website"},"primaryImageOfPage":{"@id":"https:\/\/dev6.erresse-shop.it\/de\/shop\/kuche\/messer\/messerblocke-messer\/zwilling-vakuumpumpe-freshsave\/#primaryimage"},"image":{"@id":"https:\/\/dev6.erresse-shop.it\/de\/shop\/kuche\/messer\/messerblocke-messer\/zwilling-vakuumpumpe-freshsave\/#primaryimage"},"thumbnailUrl":"https:\/\/i2.wp.com\/interpim.erresse-shop.it\/img-catalogo\/zwilling\/zwilling-pompa-per-sottovuoto-ricaricabile.jpg?ssl=1","datePublished":"2026-04-12T06:36:43+00:00","description":"Ein Knopfdruck und Frische: FRESH &amp; SAVE Vakuumpumpe. Keine Notwendigkeit f\u00fcr sperrige und riesige Vakuummaschinen, keine Notwendigkeit, sich um","breadcrumb":{"@id":"https:\/\/dev6.erresse-shop.it\/de\/shop\/kuche\/messer\/messerblocke-messer\/zwilling-vakuumpumpe-freshsave\/#breadcrumb"},"inLanguage":"de","potentialAction":[{"@type":"ReadAction","target":["https:\/\/dev6.erresse-shop.it\/de\/shop\/kuche\/messer\/messerblocke-messer\/zwilling-vakuumpumpe-freshsave\/"]}]},{"@type":"ImageObject","inLanguage":"de","@id":"https:\/\/dev6.erresse-shop.it\/de\/shop\/kuche\/messer\/messerblocke-messer\/zwilling-vakuumpumpe-freshsave\/#primaryimage","url":"https:\/\/i2.wp.com\/interpim.erresse-shop.it\/img-catalogo\/zwilling\/zwilling-pompa-per-sottovuoto-ricaricabile.jpg?ssl=1","contentUrl":"https:\/\/i2.wp.com\/interpim.erresse-shop.it\/img-catalogo\/zwilling\/zwilling-pompa-per-sottovuoto-ricaricabile.jpg?ssl=1"},{"@type":"BreadcrumbList","@id":"https:\/\/dev6.erresse-shop.it\/de\/shop\/kuche\/messer\/messerblocke-messer\/zwilling-vakuumpumpe-freshsave\/#breadcrumb","itemListElement":[{"@type":"ListItem","position":1,"name":"Home","item":"https:\/\/dev6.erresse-shop.it\/"},{"@type":"ListItem","position":2,"name":"Shop","item":"https:\/\/dev6.erresse-shop.it\/shop\/"},{"@type":"ListItem","position":3,"name":"ZWILLING Vakuumpumpe Fresh&#038;Save"}]},{"@type":"WebSite","@id":"https:\/\/dev6.erresse-shop.it\/#website","url":"https:\/\/dev6.erresse-shop.it\/","name":"Erresse Shop","description":"","publisher":{"@id":"https:\/\/dev6.erresse-shop.it\/#organization"},"potentialAction":[{"@type":"SearchAction","target":{"@type":"EntryPoint","urlTemplate":"https:\/\/dev6.erresse-shop.it\/?s={search_term_string}"},"query-input":{"@type":"PropertyValueSpecification","valueRequired":true,"valueName":"search_term_string"}}],"inLanguage":"de"},{"@type":"Organization","@id":"https:\/\/dev6.erresse-shop.it\/#organization","name":"Erresse Shop","url":"https:\/\/dev6.erresse-shop.it\/","logo":{"@type":"ImageObject","inLanguage":"de","@id":"https:\/\/dev6.erresse-shop.it\/#\/schema\/logo\/image\/","url":"https:\/\/dev6.erresse-shop.it\/wp-content\/uploads\/2025\/01\/LOGO-ERRESSE-CLASSICO.svg","contentUrl":"https:\/\/dev6.erresse-shop.it\/wp-content\/uploads\/2025\/01\/LOGO-ERRESSE-CLASSICO.svg","caption":"Erresse Shop"},"image":{"@id":"https:\/\/dev6.erresse-shop.it\/#\/schema\/logo\/image\/"}}]}},"df_price":59.95,"df_sale_price":59.95,"df_regular_price":74.95,"df_image_link":"https:\/\/i2.wp.com\/interpim.erresse-shop.it\/img-catalogo\/zwilling\/zwilling-pompa-per-sottovuoto-ricaricabile.jpg?resize=300,300&ssl=1","fifu_image_url":"https:\/\/interpim.erresse-shop.it\/img-catalogo\/zwilling\/zwilling-pompa-per-sottovuoto-ricaricabile.jpg","_links":{"self":[{"href":"https:\/\/dev6.erresse-shop.it\/de\/wp-json\/wp\/v2\/product\/50026","targetHints":{"allow":["GET"]}}],"collection":[{"href":"https:\/\/dev6.erresse-shop.it\/de\/wp-json\/wp\/v2\/product"}],"about":[{"href":"https:\/\/dev6.erresse-shop.it\/de\/wp-json\/wp\/v2\/types\/product"}],"wp:featuredmedia":[{"embeddable":true,"href":"https:\/\/dev6.erresse-shop.it\/de\/wp-json\/wp\/v2\/media\/6351507"}],"wp:attachment":[{"href":"https:\/\/dev6.erresse-shop.it\/de\/wp-json\/wp\/v2\/media?parent=50026"}],"wp:term":[{"taxonomy":"product_cat","embeddable":true,"href":"https:\/\/dev6.erresse-shop.it\/de\/wp-json\/wp\/v2\/product_cat?post=50026"},{"taxonomy":"product_tag","embeddable":true,"href":"https:\/\/dev6.erresse-shop.it\/de\/wp-json\/wp\/v2\/product_tag?post=50026"}],"curies":[{"name":"wp","href":"https:\/\/api.w.org\/{rel}","templated":true}]}}