{"id":50022,"date":"2026-04-12T13:36:44","date_gmt":"2026-04-12T11:36:44","guid":{"rendered":"https:\/\/dev6.erresse-shop.it\/shop\/unkategorisiert\/staub-tajine-28-cm-cerise\/"},"modified":"2025-09-14T03:12:37","modified_gmt":"2025-09-14T01:12:37","slug":"staub-tajine-aus-gusseisen-28-cm-kirsche","status":"publish","type":"product","link":"https:\/\/dev6.erresse-shop.it\/de\/shop\/toepfe-pfannen\/tajine-de\/staub-tajine-aus-gusseisen-28-cm-kirsche\/","title":{"rendered":"STAUB Tajine aus Gusseisen 28 cm Kirsche"},"content":{"rendered":"<p>Mit der Gusseisen-Tajine von STAUB holen Sie sich nordafrikanische Tradition in Ihre K\u00fcche: Ob schmackhafte Fleischgerichte oder vegetarische K\u00f6stlichkeiten mit verschiedensten Gem\u00fcsesorten, Profi- und Hobbyk\u00f6che zaubern damit aromatische und gesunde Gerichte. Die Tajine hat ihren Ursprung bei den Berberst\u00e4mmen Marokkos und spielt noch heute eine wichtige Rolle bei der Zubereitung nordafrikanischer Spezialit\u00e4ten. Nat\u00fcrlich lassen sich damit auch Rezepte aus aller Welt zubereiten und Kochbegeisterte mit kreativen Gerichten begeistern. Durch die besondere konische Form des Keramikdeckels werden Aroma und Geschmack der Speisen besonders gut hervorgehoben und gehen dank der hermetischen Abdichtung nicht verloren. Dieser gusseiserne Allrounder l\u00e4sst sich nicht nur auf allen Herdarten, sondern auch im Backofen oder auf dem Grill verwenden. Die Zutaten k\u00f6nnen zun\u00e4chst auf dem Herd angebraten und dann im Ofen k\u00f6cheln gelassen werden, damit sich ihr volles Aroma entfalten kann.<\/p>\n<p>Ideal f\u00fcr die Zubereitung traditioneller marokkanischer Gerichte<br \/>\nF\u00fcr alle Herdarten geeignet, inklusive Induktion, auch auf dem Grill und im Backofen verwendbar<br \/>\nGlatter Boden f\u00fcr schonenden Einsatz auf empfindlichen Kochfeldern<br \/>\nEnergiesparendes Kochen dank der besonderen Eigenschaften von Gusseisen<\/p>\n<p>Produktmerkmale:<\/p>\n<p>Hitzebest\u00e4ndigkeit: 240 \u00baC<br \/>\nK\u00e4ltebest\u00e4ndigkeit:\u2013 20 \u00baC<br \/>\nMaterial: Gusseisen<br \/>\nInnenbeschichtung: Emaille<br \/>\nVorhandener Deckel: ja<br \/>\nInduktion: Ja<br \/>\nOfenfest: Ja<br \/>\nGefrierschrankgeeignet: Ja<br \/>\nHerdplattengeeignet: Ja<br \/>\nSp\u00fclmaschinenfest: Ja<\/p>\n<p>Abmessungen:<\/p>\n<p>Nettogewicht: 3,40 kg<br \/>\nFassungsverm\u00f6gen: 2,00 l<br \/>\nProduktl\u00e4nge: 28,00 cm<br \/>\nProduktbreite: 28,00 cm<br \/>\nProdukth\u00f6he: 20,00 cm<br \/>\nH\u00f6he ohne Deckel: 6,50 cm<br \/>\nOberer Durchmesser: 28,00 cm<br \/>\nOberer Durchmesser: 20,00 cm<br \/>\nBodendurchmesser: 18,80 cm<br \/>\nBodendurchmesser: 20,00 cm<\/p>\n","protected":false},"excerpt":{"rendered":"<p>Mit der Gusseisen-Tajine von STAUB holen Sie sich nordafrikanische Tradition in Ihre K\u00fcche: Ob schmackhafte Fleischgerichte oder vegetarische K\u00f6stlichkeiten mit verschiedensten Gem\u00fcsesorten, Profi- und Hobbyk\u00f6che zaubern damit aromatische und gesunde Gerichte. Die Tajine hat ihren Ursprung bei den Berberst\u00e4mmen Marokkos und spielt noch heute eine wichtige Rolle bei der Zubereitung nordafrikanischer Spezialit\u00e4ten. Nat\u00fcrlich lassen sich [&hellip;]<\/p>\n","protected":false},"featured_media":6377467,"template":"","meta":{"_acf_changed":false},"product_cat":[12133,12099],"product_tag":[],"class_list":{"0":"post-50022","1":"product","2":"type-product","3":"status-publish","4":"has-post-thumbnail","6":"product_cat-tajine-de","7":"product_cat-toepfe-pfannen","9":"first","10":"outofstock","11":"sale","12":"taxable","13":"shipping-taxable","14":"purchasable","15":"product-type-simple","swatches":"rey-swatches","show_selected":"","stretch_labels":"rey-swatches--stretch-labels"},"acf":[],"yoast_head":"<!-- This site is optimized with the Yoast SEO plugin v25.4 - https:\/\/yoast.com\/wordpress\/plugins\/seo\/ -->\n<title>STAUB Tajine aus Gusseisen 28 cm Kirsche - dev6 Erresse<\/title>\n<meta name=\"description\" content=\"Mit der Gusseisen-Tajine von STAUB holen Sie sich nordafrikanische Tradition in Ihre K\u00fcche: Ob schmackhafte Fleischgerichte oder vegetarische\" \/>\n<meta name=\"robots\" content=\"noindex, follow, max-snippet:-1, max-image-preview:large, max-video-preview:-1\" \/>\n<meta property=\"og:locale\" content=\"de_DE\" \/>\n<meta property=\"og:type\" content=\"article\" \/>\n<meta property=\"og:title\" content=\"STAUB Tajine aus Gusseisen 28 cm Kirsche - dev6 Erresse\" \/>\n<meta property=\"og:description\" content=\"Mit der Gusseisen-Tajine von STAUB holen Sie sich nordafrikanische Tradition in Ihre K\u00fcche: Ob schmackhafte Fleischgerichte oder vegetarische\" \/>\n<meta property=\"og:url\" content=\"https:\/\/dev6.erresse-shop.it\/de\/shop\/toepfe-pfannen\/tajine-de\/staub-tajine-aus-gusseisen-28-cm-kirsche\/\" \/>\n<meta property=\"og:site_name\" content=\"dev6 Erresse\" \/>\n<meta property=\"og:image\" content=\"https:\/\/interpim.erresse-shop.it\/Import\/Prodotti\/staub-tajine-ghisa-28-cm-ciliegia.jpg\" \/><meta property=\"og:image\" content=\"https:\/\/interpim.erresse-shop.it\/Import\/Prodotti\/staub-tajine-ghisa-28-cm-ciliegia.jpg\" \/>\n\t<meta property=\"og:image:width\" content=\"1024\" \/>\n\t<meta property=\"og:image:height\" content=\"1024\" \/>\n\t<meta property=\"og:image:type\" content=\"image\/jpeg\" \/>\n<meta name=\"twitter:card\" content=\"summary_large_image\" \/>\n<meta name=\"twitter:image\" content=\"https:\/\/interpim.erresse-shop.it\/Import\/Prodotti\/staub-tajine-ghisa-28-cm-ciliegia.jpg\" \/>\n<script type=\"application\/ld+json\" class=\"yoast-schema-graph\">{\"@context\":\"https:\/\/schema.org\",\"@graph\":[{\"@type\":\"WebPage\",\"@id\":\"https:\/\/dev6.erresse-shop.it\/de\/shop\/toepfe-pfannen\/tajine-de\/staub-tajine-aus-gusseisen-28-cm-kirsche\/\",\"url\":\"https:\/\/dev6.erresse-shop.it\/de\/shop\/toepfe-pfannen\/tajine-de\/staub-tajine-aus-gusseisen-28-cm-kirsche\/\",\"name\":\"STAUB Tajine aus Gusseisen 28 cm Kirsche - dev6 Erresse\",\"isPartOf\":{\"@id\":\"https:\/\/dev6.erresse-shop.it\/#website\"},\"primaryImageOfPage\":{\"@id\":\"https:\/\/dev6.erresse-shop.it\/de\/shop\/toepfe-pfannen\/tajine-de\/staub-tajine-aus-gusseisen-28-cm-kirsche\/#primaryimage\"},\"image\":{\"@id\":\"https:\/\/dev6.erresse-shop.it\/de\/shop\/toepfe-pfannen\/tajine-de\/staub-tajine-aus-gusseisen-28-cm-kirsche\/#primaryimage\"},\"thumbnailUrl\":\"https:\/\/i3.wp.com\/interpim.erresse-shop.it\/Import\/Prodotti\/staub-tajine-ghisa-28-cm-ciliegia.jpg?ssl=1\",\"datePublished\":\"2026-04-12T11:36:44+00:00\",\"description\":\"Mit der Gusseisen-Tajine von STAUB holen Sie sich nordafrikanische Tradition in Ihre K\u00fcche: Ob schmackhafte Fleischgerichte oder vegetarische\",\"breadcrumb\":{\"@id\":\"https:\/\/dev6.erresse-shop.it\/de\/shop\/toepfe-pfannen\/tajine-de\/staub-tajine-aus-gusseisen-28-cm-kirsche\/#breadcrumb\"},\"inLanguage\":\"de\",\"potentialAction\":[{\"@type\":\"ReadAction\",\"target\":[\"https:\/\/dev6.erresse-shop.it\/de\/shop\/toepfe-pfannen\/tajine-de\/staub-tajine-aus-gusseisen-28-cm-kirsche\/\"]}]},{\"@type\":\"ImageObject\",\"inLanguage\":\"de\",\"@id\":\"https:\/\/dev6.erresse-shop.it\/de\/shop\/toepfe-pfannen\/tajine-de\/staub-tajine-aus-gusseisen-28-cm-kirsche\/#primaryimage\",\"url\":\"https:\/\/i3.wp.com\/interpim.erresse-shop.it\/Import\/Prodotti\/staub-tajine-ghisa-28-cm-ciliegia.jpg?ssl=1\",\"contentUrl\":\"https:\/\/i3.wp.com\/interpim.erresse-shop.it\/Import\/Prodotti\/staub-tajine-ghisa-28-cm-ciliegia.jpg?ssl=1\"},{\"@type\":\"BreadcrumbList\",\"@id\":\"https:\/\/dev6.erresse-shop.it\/de\/shop\/toepfe-pfannen\/tajine-de\/staub-tajine-aus-gusseisen-28-cm-kirsche\/#breadcrumb\",\"itemListElement\":[{\"@type\":\"ListItem\",\"position\":1,\"name\":\"Home\",\"item\":\"https:\/\/dev6.erresse-shop.it\/\"},{\"@type\":\"ListItem\",\"position\":2,\"name\":\"Shop\",\"item\":\"https:\/\/dev6.erresse-shop.it\/shop\/\"},{\"@type\":\"ListItem\",\"position\":3,\"name\":\"STAUB Tajine aus Gusseisen 28 cm Kirsche\"}]},{\"@type\":\"WebSite\",\"@id\":\"https:\/\/dev6.erresse-shop.it\/#website\",\"url\":\"https:\/\/dev6.erresse-shop.it\/\",\"name\":\"Erresse Shop\",\"description\":\"\",\"publisher\":{\"@id\":\"https:\/\/dev6.erresse-shop.it\/#organization\"},\"potentialAction\":[{\"@type\":\"SearchAction\",\"target\":{\"@type\":\"EntryPoint\",\"urlTemplate\":\"https:\/\/dev6.erresse-shop.it\/?s={search_term_string}\"},\"query-input\":{\"@type\":\"PropertyValueSpecification\",\"valueRequired\":true,\"valueName\":\"search_term_string\"}}],\"inLanguage\":\"de\"},{\"@type\":\"Organization\",\"@id\":\"https:\/\/dev6.erresse-shop.it\/#organization\",\"name\":\"Erresse Shop\",\"url\":\"https:\/\/dev6.erresse-shop.it\/\",\"logo\":{\"@type\":\"ImageObject\",\"inLanguage\":\"de\",\"@id\":\"https:\/\/dev6.erresse-shop.it\/#\/schema\/logo\/image\/\",\"url\":\"https:\/\/dev6.erresse-shop.it\/wp-content\/uploads\/2025\/01\/LOGO-ERRESSE-CLASSICO.svg\",\"contentUrl\":\"https:\/\/dev6.erresse-shop.it\/wp-content\/uploads\/2025\/01\/LOGO-ERRESSE-CLASSICO.svg\",\"caption\":\"Erresse Shop\"},\"image\":{\"@id\":\"https:\/\/dev6.erresse-shop.it\/#\/schema\/logo\/image\/\"}}]}<\/script>\n<!-- \/ Yoast SEO plugin. -->","yoast_head_json":{"title":"STAUB Tajine aus Gusseisen 28 cm Kirsche - dev6 Erresse","description":"Mit der Gusseisen-Tajine von STAUB holen Sie sich nordafrikanische Tradition in Ihre K\u00fcche: Ob schmackhafte Fleischgerichte oder vegetarische","robots":{"index":"noindex","follow":"follow","max-snippet":"max-snippet:-1","max-image-preview":"max-image-preview:large","max-video-preview":"max-video-preview:-1"},"og_locale":"de_DE","og_type":"article","og_title":"STAUB Tajine aus Gusseisen 28 cm Kirsche - dev6 Erresse","og_description":"Mit der Gusseisen-Tajine von STAUB holen Sie sich nordafrikanische Tradition in Ihre K\u00fcche: Ob schmackhafte Fleischgerichte oder vegetarische","og_url":"https:\/\/dev6.erresse-shop.it\/de\/shop\/toepfe-pfannen\/tajine-de\/staub-tajine-aus-gusseisen-28-cm-kirsche\/","og_site_name":"dev6 Erresse","og_image":[{"url":"https:\/\/interpim.erresse-shop.it\/Import\/Prodotti\/staub-tajine-ghisa-28-cm-ciliegia.jpg","type":"","width":"","height":""},{"url":"https:\/\/interpim.erresse-shop.it\/Import\/Prodotti\/staub-tajine-ghisa-28-cm-ciliegia.jpg","width":1024,"height":1024,"type":"image\/jpeg"}],"twitter_card":"summary_large_image","twitter_image":"https:\/\/interpim.erresse-shop.it\/Import\/Prodotti\/staub-tajine-ghisa-28-cm-ciliegia.jpg","schema":{"@context":"https:\/\/schema.org","@graph":[{"@type":"WebPage","@id":"https:\/\/dev6.erresse-shop.it\/de\/shop\/toepfe-pfannen\/tajine-de\/staub-tajine-aus-gusseisen-28-cm-kirsche\/","url":"https:\/\/dev6.erresse-shop.it\/de\/shop\/toepfe-pfannen\/tajine-de\/staub-tajine-aus-gusseisen-28-cm-kirsche\/","name":"STAUB Tajine aus Gusseisen 28 cm Kirsche - dev6 Erresse","isPartOf":{"@id":"https:\/\/dev6.erresse-shop.it\/#website"},"primaryImageOfPage":{"@id":"https:\/\/dev6.erresse-shop.it\/de\/shop\/toepfe-pfannen\/tajine-de\/staub-tajine-aus-gusseisen-28-cm-kirsche\/#primaryimage"},"image":{"@id":"https:\/\/dev6.erresse-shop.it\/de\/shop\/toepfe-pfannen\/tajine-de\/staub-tajine-aus-gusseisen-28-cm-kirsche\/#primaryimage"},"thumbnailUrl":"https:\/\/i3.wp.com\/interpim.erresse-shop.it\/Import\/Prodotti\/staub-tajine-ghisa-28-cm-ciliegia.jpg?ssl=1","datePublished":"2026-04-12T11:36:44+00:00","description":"Mit der Gusseisen-Tajine von STAUB holen Sie sich nordafrikanische Tradition in Ihre K\u00fcche: Ob schmackhafte Fleischgerichte oder vegetarische","breadcrumb":{"@id":"https:\/\/dev6.erresse-shop.it\/de\/shop\/toepfe-pfannen\/tajine-de\/staub-tajine-aus-gusseisen-28-cm-kirsche\/#breadcrumb"},"inLanguage":"de","potentialAction":[{"@type":"ReadAction","target":["https:\/\/dev6.erresse-shop.it\/de\/shop\/toepfe-pfannen\/tajine-de\/staub-tajine-aus-gusseisen-28-cm-kirsche\/"]}]},{"@type":"ImageObject","inLanguage":"de","@id":"https:\/\/dev6.erresse-shop.it\/de\/shop\/toepfe-pfannen\/tajine-de\/staub-tajine-aus-gusseisen-28-cm-kirsche\/#primaryimage","url":"https:\/\/i3.wp.com\/interpim.erresse-shop.it\/Import\/Prodotti\/staub-tajine-ghisa-28-cm-ciliegia.jpg?ssl=1","contentUrl":"https:\/\/i3.wp.com\/interpim.erresse-shop.it\/Import\/Prodotti\/staub-tajine-ghisa-28-cm-ciliegia.jpg?ssl=1"},{"@type":"BreadcrumbList","@id":"https:\/\/dev6.erresse-shop.it\/de\/shop\/toepfe-pfannen\/tajine-de\/staub-tajine-aus-gusseisen-28-cm-kirsche\/#breadcrumb","itemListElement":[{"@type":"ListItem","position":1,"name":"Home","item":"https:\/\/dev6.erresse-shop.it\/"},{"@type":"ListItem","position":2,"name":"Shop","item":"https:\/\/dev6.erresse-shop.it\/shop\/"},{"@type":"ListItem","position":3,"name":"STAUB Tajine aus Gusseisen 28 cm Kirsche"}]},{"@type":"WebSite","@id":"https:\/\/dev6.erresse-shop.it\/#website","url":"https:\/\/dev6.erresse-shop.it\/","name":"Erresse Shop","description":"","publisher":{"@id":"https:\/\/dev6.erresse-shop.it\/#organization"},"potentialAction":[{"@type":"SearchAction","target":{"@type":"EntryPoint","urlTemplate":"https:\/\/dev6.erresse-shop.it\/?s={search_term_string}"},"query-input":{"@type":"PropertyValueSpecification","valueRequired":true,"valueName":"search_term_string"}}],"inLanguage":"de"},{"@type":"Organization","@id":"https:\/\/dev6.erresse-shop.it\/#organization","name":"Erresse Shop","url":"https:\/\/dev6.erresse-shop.it\/","logo":{"@type":"ImageObject","inLanguage":"de","@id":"https:\/\/dev6.erresse-shop.it\/#\/schema\/logo\/image\/","url":"https:\/\/dev6.erresse-shop.it\/wp-content\/uploads\/2025\/01\/LOGO-ERRESSE-CLASSICO.svg","contentUrl":"https:\/\/dev6.erresse-shop.it\/wp-content\/uploads\/2025\/01\/LOGO-ERRESSE-CLASSICO.svg","caption":"Erresse Shop"},"image":{"@id":"https:\/\/dev6.erresse-shop.it\/#\/schema\/logo\/image\/"}}]}},"df_price":129.95,"df_sale_price":129.95,"df_regular_price":199,"df_image_link":"https:\/\/i3.wp.com\/interpim.erresse-shop.it\/Import\/Prodotti\/staub-tajine-ghisa-28-cm-ciliegia.jpg?resize=300,300&ssl=1","fifu_image_url":"https:\/\/interpim.erresse-shop.it\/Import\/Prodotti\/staub-tajine-ghisa-28-cm-ciliegia.jpg","_links":{"self":[{"href":"https:\/\/dev6.erresse-shop.it\/de\/wp-json\/wp\/v2\/product\/50022","targetHints":{"allow":["GET"]}}],"collection":[{"href":"https:\/\/dev6.erresse-shop.it\/de\/wp-json\/wp\/v2\/product"}],"about":[{"href":"https:\/\/dev6.erresse-shop.it\/de\/wp-json\/wp\/v2\/types\/product"}],"wp:featuredmedia":[{"embeddable":true,"href":"https:\/\/dev6.erresse-shop.it\/de\/wp-json\/wp\/v2\/media\/6377467"}],"wp:attachment":[{"href":"https:\/\/dev6.erresse-shop.it\/de\/wp-json\/wp\/v2\/media?parent=50022"}],"wp:term":[{"taxonomy":"product_cat","embeddable":true,"href":"https:\/\/dev6.erresse-shop.it\/de\/wp-json\/wp\/v2\/product_cat?post=50022"},{"taxonomy":"product_tag","embeddable":true,"href":"https:\/\/dev6.erresse-shop.it\/de\/wp-json\/wp\/v2\/product_tag?post=50022"}],"curies":[{"name":"wp","href":"https:\/\/api.w.org\/{rel}","templated":true}]}}