{"id":50012,"date":"2026-04-12T08:35:43","date_gmt":"2026-04-12T06:35:43","guid":{"rendered":"https:\/\/dev6.erresse-shop.it\/shop\/unkategorisiert\/zwilling-glas-vakuumpack-m-l-freshsave-7-stueck\/"},"modified":"2025-09-14T00:40:17","modified_gmt":"2025-09-13T22:40:17","slug":"zwilling-glas-vakuumpack-m-l-freshsave-7-stueck","status":"publish","type":"product","link":"https:\/\/dev6.erresse-shop.it\/de\/shop\/kuche\/messer\/messerblocke-messer\/zwilling-glas-vakuumpack-m-l-freshsave-7-stueck\/","title":{"rendered":"ZWILLING Glas-Vakuumpack M-L Fresh&#038;Save 7 St\u00fcck"},"content":{"rendered":"<p>DAS ERSTE S\/M VAKUUM-SET: GESUND UND NACHHALTIG, DIE KONSERVIERUNG DER ZUKUNFT IST DA<\/p>\n<p>Wenn Sie zu viel vorbereiten und es hassen, Lebensmittel wegzuwerfen. Wenn zarter Salat im K\u00fchlschrank verdirbt. Wenn die G\u00e4ste in letzter Minute absagen m\u00fcssen und das halbe Buffet liegen bleibt. Es tut uns allen leid, wenn wir Lebensmittel wegwerfen m\u00fcssen. Aber es gibt eine nachhaltige L\u00f6sung: FRESH &amp; SAVE. Speziell f\u00fcr diejenigen, die die Welt Schritt f\u00fcr Schritt verbessern wollen: das erste Vakuumverpackungsset aus Glas in der Gr\u00f6\u00dfe S\/M. Und praktisch ist es auch noch: In den Beh\u00e4ltern des Sets finden Lasagne, Salat und sogar all das leckere Fingerfood Platz, das Sie f\u00fcr die Party vorbereitet haben. Dank der Vielseitigkeit von Glas und praktischen wiederverwendbaren Plastikbeuteln k\u00f6nnen Sie Ihre Lebensmittel bis zu f\u00fcnfmal l\u00e4nger frisch halten als mit herk\u00f6mmlichen, nicht vakuumierten Methoden. Die praktische, kabellose Vakuumpumpe, die im Set enthalten ist, erzeugt mit wenigen Handgriffen ein Vakuum, so dass Geschmack und N\u00e4hrstoffe erhalten bleiben. Wussten Sie, dass es auch geruchsdicht ist? Und er stoppt automatisch, wenn er genug Vakuum erzeugt hat. Neben der Pumpe enth\u00e4lt das Set zwei Vakuumbeutel in der Gr\u00f6\u00dfe S und zwei in der Gr\u00f6\u00dfe M sowie Glasbeh\u00e4lter mit einem Fassungsverm\u00f6gen von 0,35 und 0,9 Litern, die Sie auch in der Sp\u00fclmaschine reinigen k\u00f6nnen. Schlie\u00dflich k\u00f6nnen Sie so viele Lebensmittel im K\u00fchlschrank oder in der Gefriertruhe aufbewahren, wie Sie m\u00f6chten. Und wenn Sie zus\u00e4tzliche Hilfe ben\u00f6tigen, k\u00f6nnen Sie mit Ihrem Smartphone oder Tablet den QR-Code auf den Beh\u00e4ltern und Beuteln scannen und Ihre Lebensmittelvorr\u00e4te in der ZWILLING Culinary World App verwalten. Die App erinnert Sie rechtzeitig daran, wenn es an der Zeit ist, die eingelagerten Lebensmittel zu verbrauchen. Kennen Sie das ungute Gef\u00fchl, Lebensmittel wegzuwerfen? In Sekundenschnelle verschwunden, dank der praktischen Vakuumverpackung!<\/p>\n<p>Wie funktioniert die Vakuumverpackung? Im Vergleich zu herk\u00f6mmlichen Konservierungsmethoden h\u00e4lt die Vakuumverpackung Lebensmittel bis zu f\u00fcnfmal l\u00e4nger frisch. Auf diese Weise bleiben die Aromen und N\u00e4hrstoffe erhalten und die Lebensmittelverschwendung wird reduziert.<br \/>\nSie k\u00f6nnen Lebensmittel platzsparend gestapelt im K\u00fchl- oder<br \/>\nGefrierschrank aufbewahren, und wenn Sie sie nicht brauchen, k\u00f6nnen Sie die Glasbeh\u00e4lter einfach ineinander stellen.<br \/>\nDie Eleganz des Glases erlaubt es Ihnen auch, es zum Servieren bei Tisch zu verwenden.<br \/>\nSichere Aufbewahrung von Lebensmitteln und Fertiggerichten (das Vakuum verhindert Gefrierbrand).<br \/>\nSie k\u00f6nnen den Glasbeh\u00e4lter auch im Backofen (ohne Deckel bis 180 \u00b0C), in der Mikrowelle und in der Sp\u00fclmaschine verwenden.<br \/>\nWiederverwendbare Vakuumbeutel: sicher, hitzebest\u00e4ndig, perfekt zum Sous-Vide-Garen, mikrowellengeeignet.<br \/>\nDas Set enth\u00e4lt eine Vakuumpumpe, 2 Glasbeh\u00e4lter und 4 wiederverwendbare Beutel (zwei in Gr\u00f6\u00dfe S und zwei in Gr\u00f6\u00dfe M).<br \/>\nFassungsverm\u00f6gen der Glasbeh\u00e4lter, ohne Deckel \/ max. F\u00fcllh\u00f6he: M 0,9 l \/ 0,75 l; S 0,3 l \/ 0,2 l; Vakuumbeutel: S 1,25 l \/ M 4 l<br \/>\nMaterialien: BPA-frei; Glasbeh\u00e4lter: Borosilikatglas (Boden), Kunststoff (Deckel), Silikon (Ventil, Dichtung); wiederverwendbarer Beutel: Kunststoff (Beutel, Rei\u00dfverschluss), Silikon (Ventil).<br \/>\nVakuumdeckel mit innovativer Doppelverschlusstechnik und Vakuumanzeigefunktion: Wenn der Innendeckel abgesenkt wird, ist die Box vakuumiert<br \/>\nDank der ZWILLING Culinary World App und dem QR-Code auf dem Deckel, mit dem man die Lebensmittel und ihre Haltbarkeit im Blick behalten kann, hat man immer alles unter Kontrolle.<br \/>\nDie kostenlose App berechnet die Haltbarkeit Ihrer Lebensmittel und Gerichte, und die Erinnerungsfunktion zeigt Ihnen an, wann es an der Zeit ist, Ihre Vorr\u00e4te aufzubrauchen. Au\u00dferdem gibt es in der App Rezepte, ein Erkl\u00e4rvideo und eine Einkaufslistenfunktion.<\/p>\n<p>MERKMALE<\/p>\n<p>Farbe: Wei\u00df<br \/>\nHitzebest\u00e4ndigkeit: 180,00 \u00baC<br \/>\nK\u00e4ltebest\u00e4ndigkeit: -20,00 \u00baC<br \/>\nMaterial: Kunststoff<br \/>\nMikrowellengeeignet: Ja<br \/>\nGeeignet f\u00fcr Gefrierschrank: Ja<br \/>\nAnzahl der Teile: 7<br \/>\nSpannung: 110-240 V<\/p>\n","protected":false},"excerpt":{"rendered":"<p>DAS ERSTE S\/M VAKUUM-SET: GESUND UND NACHHALTIG, DIE KONSERVIERUNG DER ZUKUNFT IST DA Wenn Sie zu viel vorbereiten und es hassen, Lebensmittel wegzuwerfen. Wenn zarter Salat im K\u00fchlschrank verdirbt. Wenn die G\u00e4ste in letzter Minute absagen m\u00fcssen und das halbe Buffet liegen bleibt. Es tut uns allen leid, wenn wir Lebensmittel wegwerfen m\u00fcssen. Aber es [&hellip;]<\/p>\n","protected":false},"featured_media":6351454,"template":"","meta":{"_acf_changed":false},"product_cat":[11668,12100,11771,12203,12107],"product_tag":[],"class_list":{"0":"post-50012","1":"product","2":"type-product","3":"status-publish","4":"has-post-thumbnail","6":"product_cat-cucina","7":"product_cat-kuche","8":"product_cat-sottovuoto","9":"product_cat-vakuum","10":"product_cat-messerblocke-messer","12":"first","13":"outofstock","14":"sale","15":"taxable","16":"shipping-taxable","17":"purchasable","18":"product-type-simple","swatches":"rey-swatches","show_selected":"","stretch_labels":"rey-swatches--stretch-labels"},"acf":[],"yoast_head":"<!-- This site is optimized with the Yoast SEO plugin v25.4 - https:\/\/yoast.com\/wordpress\/plugins\/seo\/ -->\n<title>ZWILLING Glas-Vakuumpack M-L Fresh&#038;Save 7 St\u00fcck - dev6 Erresse<\/title>\n<meta name=\"description\" content=\"DAS ERSTE S\/M VAKUUM-SET: GESUND UND NACHHALTIG, DIE KONSERVIERUNG DER ZUKUNFT IST DA Wenn Sie zu viel vorbereiten und es hassen, Lebensmittel\" \/>\n<meta name=\"robots\" content=\"noindex, follow, max-snippet:-1, max-image-preview:large, max-video-preview:-1\" \/>\n<meta property=\"og:locale\" content=\"de_DE\" \/>\n<meta property=\"og:type\" content=\"article\" \/>\n<meta property=\"og:title\" content=\"ZWILLING Glas-Vakuumpack M-L Fresh&#038;Save 7 St\u00fcck - dev6 Erresse\" \/>\n<meta property=\"og:description\" content=\"DAS ERSTE S\/M VAKUUM-SET: GESUND UND NACHHALTIG, DIE KONSERVIERUNG DER ZUKUNFT IST DA Wenn Sie zu viel vorbereiten und es hassen, Lebensmittel\" \/>\n<meta property=\"og:url\" content=\"https:\/\/dev6.erresse-shop.it\/de\/shop\/kuche\/messer\/messerblocke-messer\/zwilling-glas-vakuumpack-m-l-freshsave-7-stueck\/\" \/>\n<meta property=\"og:site_name\" content=\"dev6 Erresse\" \/>\n<meta property=\"og:image\" content=\"https:\/\/interpim.erresse-shop.it\/img-catalogo\/zwilling\/zwilling-set-sottovuoto-small-medium.jpg\" \/><meta property=\"og:image\" content=\"https:\/\/interpim.erresse-shop.it\/img-catalogo\/zwilling\/zwilling-set-sottovuoto-small-medium.jpg\" \/>\n\t<meta property=\"og:image:width\" content=\"1024\" \/>\n\t<meta property=\"og:image:height\" content=\"1024\" \/>\n\t<meta property=\"og:image:type\" content=\"image\/jpeg\" \/>\n<meta name=\"twitter:card\" content=\"summary_large_image\" \/>\n<meta name=\"twitter:image\" content=\"https:\/\/interpim.erresse-shop.it\/img-catalogo\/zwilling\/zwilling-set-sottovuoto-small-medium.jpg\" \/>\n<script type=\"application\/ld+json\" class=\"yoast-schema-graph\">{\"@context\":\"https:\/\/schema.org\",\"@graph\":[{\"@type\":\"WebPage\",\"@id\":\"https:\/\/dev6.erresse-shop.it\/de\/shop\/kuche\/messer\/messerblocke-messer\/zwilling-glas-vakuumpack-m-l-freshsave-7-stueck\/\",\"url\":\"https:\/\/dev6.erresse-shop.it\/de\/shop\/kuche\/messer\/messerblocke-messer\/zwilling-glas-vakuumpack-m-l-freshsave-7-stueck\/\",\"name\":\"ZWILLING Glas-Vakuumpack M-L Fresh&#038;Save 7 St\u00fcck - dev6 Erresse\",\"isPartOf\":{\"@id\":\"https:\/\/dev6.erresse-shop.it\/#website\"},\"primaryImageOfPage\":{\"@id\":\"https:\/\/dev6.erresse-shop.it\/de\/shop\/kuche\/messer\/messerblocke-messer\/zwilling-glas-vakuumpack-m-l-freshsave-7-stueck\/#primaryimage\"},\"image\":{\"@id\":\"https:\/\/dev6.erresse-shop.it\/de\/shop\/kuche\/messer\/messerblocke-messer\/zwilling-glas-vakuumpack-m-l-freshsave-7-stueck\/#primaryimage\"},\"thumbnailUrl\":\"https:\/\/i1.wp.com\/interpim.erresse-shop.it\/img-catalogo\/zwilling\/zwilling-set-sottovuoto-small-medium.jpg?ssl=1\",\"datePublished\":\"2026-04-12T06:35:43+00:00\",\"description\":\"DAS ERSTE S\/M VAKUUM-SET: GESUND UND NACHHALTIG, DIE KONSERVIERUNG DER ZUKUNFT IST DA Wenn Sie zu viel vorbereiten und es hassen, Lebensmittel\",\"breadcrumb\":{\"@id\":\"https:\/\/dev6.erresse-shop.it\/de\/shop\/kuche\/messer\/messerblocke-messer\/zwilling-glas-vakuumpack-m-l-freshsave-7-stueck\/#breadcrumb\"},\"inLanguage\":\"de\",\"potentialAction\":[{\"@type\":\"ReadAction\",\"target\":[\"https:\/\/dev6.erresse-shop.it\/de\/shop\/kuche\/messer\/messerblocke-messer\/zwilling-glas-vakuumpack-m-l-freshsave-7-stueck\/\"]}]},{\"@type\":\"ImageObject\",\"inLanguage\":\"de\",\"@id\":\"https:\/\/dev6.erresse-shop.it\/de\/shop\/kuche\/messer\/messerblocke-messer\/zwilling-glas-vakuumpack-m-l-freshsave-7-stueck\/#primaryimage\",\"url\":\"https:\/\/i1.wp.com\/interpim.erresse-shop.it\/img-catalogo\/zwilling\/zwilling-set-sottovuoto-small-medium.jpg?ssl=1\",\"contentUrl\":\"https:\/\/i1.wp.com\/interpim.erresse-shop.it\/img-catalogo\/zwilling\/zwilling-set-sottovuoto-small-medium.jpg?ssl=1\"},{\"@type\":\"BreadcrumbList\",\"@id\":\"https:\/\/dev6.erresse-shop.it\/de\/shop\/kuche\/messer\/messerblocke-messer\/zwilling-glas-vakuumpack-m-l-freshsave-7-stueck\/#breadcrumb\",\"itemListElement\":[{\"@type\":\"ListItem\",\"position\":1,\"name\":\"Home\",\"item\":\"https:\/\/dev6.erresse-shop.it\/\"},{\"@type\":\"ListItem\",\"position\":2,\"name\":\"Shop\",\"item\":\"https:\/\/dev6.erresse-shop.it\/shop\/\"},{\"@type\":\"ListItem\",\"position\":3,\"name\":\"ZWILLING Glas-Vakuumpack M-L Fresh&#038;Save 7 St\u00fcck\"}]},{\"@type\":\"WebSite\",\"@id\":\"https:\/\/dev6.erresse-shop.it\/#website\",\"url\":\"https:\/\/dev6.erresse-shop.it\/\",\"name\":\"Erresse Shop\",\"description\":\"\",\"publisher\":{\"@id\":\"https:\/\/dev6.erresse-shop.it\/#organization\"},\"potentialAction\":[{\"@type\":\"SearchAction\",\"target\":{\"@type\":\"EntryPoint\",\"urlTemplate\":\"https:\/\/dev6.erresse-shop.it\/?s={search_term_string}\"},\"query-input\":{\"@type\":\"PropertyValueSpecification\",\"valueRequired\":true,\"valueName\":\"search_term_string\"}}],\"inLanguage\":\"de\"},{\"@type\":\"Organization\",\"@id\":\"https:\/\/dev6.erresse-shop.it\/#organization\",\"name\":\"Erresse Shop\",\"url\":\"https:\/\/dev6.erresse-shop.it\/\",\"logo\":{\"@type\":\"ImageObject\",\"inLanguage\":\"de\",\"@id\":\"https:\/\/dev6.erresse-shop.it\/#\/schema\/logo\/image\/\",\"url\":\"https:\/\/dev6.erresse-shop.it\/wp-content\/uploads\/2025\/01\/LOGO-ERRESSE-CLASSICO.svg\",\"contentUrl\":\"https:\/\/dev6.erresse-shop.it\/wp-content\/uploads\/2025\/01\/LOGO-ERRESSE-CLASSICO.svg\",\"caption\":\"Erresse Shop\"},\"image\":{\"@id\":\"https:\/\/dev6.erresse-shop.it\/#\/schema\/logo\/image\/\"}}]}<\/script>\n<!-- \/ Yoast SEO plugin. -->","yoast_head_json":{"title":"ZWILLING Glas-Vakuumpack M-L Fresh&#038;Save 7 St\u00fcck - dev6 Erresse","description":"DAS ERSTE S\/M VAKUUM-SET: GESUND UND NACHHALTIG, DIE KONSERVIERUNG DER ZUKUNFT IST DA Wenn Sie zu viel vorbereiten und es hassen, Lebensmittel","robots":{"index":"noindex","follow":"follow","max-snippet":"max-snippet:-1","max-image-preview":"max-image-preview:large","max-video-preview":"max-video-preview:-1"},"og_locale":"de_DE","og_type":"article","og_title":"ZWILLING Glas-Vakuumpack M-L Fresh&#038;Save 7 St\u00fcck - dev6 Erresse","og_description":"DAS ERSTE S\/M VAKUUM-SET: GESUND UND NACHHALTIG, DIE KONSERVIERUNG DER ZUKUNFT IST DA Wenn Sie zu viel vorbereiten und es hassen, Lebensmittel","og_url":"https:\/\/dev6.erresse-shop.it\/de\/shop\/kuche\/messer\/messerblocke-messer\/zwilling-glas-vakuumpack-m-l-freshsave-7-stueck\/","og_site_name":"dev6 Erresse","og_image":[{"url":"https:\/\/interpim.erresse-shop.it\/img-catalogo\/zwilling\/zwilling-set-sottovuoto-small-medium.jpg","type":"","width":"","height":""},{"url":"https:\/\/interpim.erresse-shop.it\/img-catalogo\/zwilling\/zwilling-set-sottovuoto-small-medium.jpg","width":1024,"height":1024,"type":"image\/jpeg"}],"twitter_card":"summary_large_image","twitter_image":"https:\/\/interpim.erresse-shop.it\/img-catalogo\/zwilling\/zwilling-set-sottovuoto-small-medium.jpg","schema":{"@context":"https:\/\/schema.org","@graph":[{"@type":"WebPage","@id":"https:\/\/dev6.erresse-shop.it\/de\/shop\/kuche\/messer\/messerblocke-messer\/zwilling-glas-vakuumpack-m-l-freshsave-7-stueck\/","url":"https:\/\/dev6.erresse-shop.it\/de\/shop\/kuche\/messer\/messerblocke-messer\/zwilling-glas-vakuumpack-m-l-freshsave-7-stueck\/","name":"ZWILLING Glas-Vakuumpack M-L Fresh&#038;Save 7 St\u00fcck - dev6 Erresse","isPartOf":{"@id":"https:\/\/dev6.erresse-shop.it\/#website"},"primaryImageOfPage":{"@id":"https:\/\/dev6.erresse-shop.it\/de\/shop\/kuche\/messer\/messerblocke-messer\/zwilling-glas-vakuumpack-m-l-freshsave-7-stueck\/#primaryimage"},"image":{"@id":"https:\/\/dev6.erresse-shop.it\/de\/shop\/kuche\/messer\/messerblocke-messer\/zwilling-glas-vakuumpack-m-l-freshsave-7-stueck\/#primaryimage"},"thumbnailUrl":"https:\/\/i1.wp.com\/interpim.erresse-shop.it\/img-catalogo\/zwilling\/zwilling-set-sottovuoto-small-medium.jpg?ssl=1","datePublished":"2026-04-12T06:35:43+00:00","description":"DAS ERSTE S\/M VAKUUM-SET: GESUND UND NACHHALTIG, DIE KONSERVIERUNG DER ZUKUNFT IST DA Wenn Sie zu viel vorbereiten und es hassen, Lebensmittel","breadcrumb":{"@id":"https:\/\/dev6.erresse-shop.it\/de\/shop\/kuche\/messer\/messerblocke-messer\/zwilling-glas-vakuumpack-m-l-freshsave-7-stueck\/#breadcrumb"},"inLanguage":"de","potentialAction":[{"@type":"ReadAction","target":["https:\/\/dev6.erresse-shop.it\/de\/shop\/kuche\/messer\/messerblocke-messer\/zwilling-glas-vakuumpack-m-l-freshsave-7-stueck\/"]}]},{"@type":"ImageObject","inLanguage":"de","@id":"https:\/\/dev6.erresse-shop.it\/de\/shop\/kuche\/messer\/messerblocke-messer\/zwilling-glas-vakuumpack-m-l-freshsave-7-stueck\/#primaryimage","url":"https:\/\/i1.wp.com\/interpim.erresse-shop.it\/img-catalogo\/zwilling\/zwilling-set-sottovuoto-small-medium.jpg?ssl=1","contentUrl":"https:\/\/i1.wp.com\/interpim.erresse-shop.it\/img-catalogo\/zwilling\/zwilling-set-sottovuoto-small-medium.jpg?ssl=1"},{"@type":"BreadcrumbList","@id":"https:\/\/dev6.erresse-shop.it\/de\/shop\/kuche\/messer\/messerblocke-messer\/zwilling-glas-vakuumpack-m-l-freshsave-7-stueck\/#breadcrumb","itemListElement":[{"@type":"ListItem","position":1,"name":"Home","item":"https:\/\/dev6.erresse-shop.it\/"},{"@type":"ListItem","position":2,"name":"Shop","item":"https:\/\/dev6.erresse-shop.it\/shop\/"},{"@type":"ListItem","position":3,"name":"ZWILLING Glas-Vakuumpack M-L Fresh&#038;Save 7 St\u00fcck"}]},{"@type":"WebSite","@id":"https:\/\/dev6.erresse-shop.it\/#website","url":"https:\/\/dev6.erresse-shop.it\/","name":"Erresse Shop","description":"","publisher":{"@id":"https:\/\/dev6.erresse-shop.it\/#organization"},"potentialAction":[{"@type":"SearchAction","target":{"@type":"EntryPoint","urlTemplate":"https:\/\/dev6.erresse-shop.it\/?s={search_term_string}"},"query-input":{"@type":"PropertyValueSpecification","valueRequired":true,"valueName":"search_term_string"}}],"inLanguage":"de"},{"@type":"Organization","@id":"https:\/\/dev6.erresse-shop.it\/#organization","name":"Erresse Shop","url":"https:\/\/dev6.erresse-shop.it\/","logo":{"@type":"ImageObject","inLanguage":"de","@id":"https:\/\/dev6.erresse-shop.it\/#\/schema\/logo\/image\/","url":"https:\/\/dev6.erresse-shop.it\/wp-content\/uploads\/2025\/01\/LOGO-ERRESSE-CLASSICO.svg","contentUrl":"https:\/\/dev6.erresse-shop.it\/wp-content\/uploads\/2025\/01\/LOGO-ERRESSE-CLASSICO.svg","caption":"Erresse Shop"},"image":{"@id":"https:\/\/dev6.erresse-shop.it\/#\/schema\/logo\/image\/"}}]}},"df_price":79.95,"df_sale_price":79.95,"df_regular_price":99.95,"df_image_link":"https:\/\/i1.wp.com\/interpim.erresse-shop.it\/img-catalogo\/zwilling\/zwilling-set-sottovuoto-small-medium.jpg?resize=300,300&ssl=1","fifu_image_url":"https:\/\/interpim.erresse-shop.it\/img-catalogo\/zwilling\/zwilling-set-sottovuoto-small-medium.jpg","_links":{"self":[{"href":"https:\/\/dev6.erresse-shop.it\/de\/wp-json\/wp\/v2\/product\/50012","targetHints":{"allow":["GET"]}}],"collection":[{"href":"https:\/\/dev6.erresse-shop.it\/de\/wp-json\/wp\/v2\/product"}],"about":[{"href":"https:\/\/dev6.erresse-shop.it\/de\/wp-json\/wp\/v2\/types\/product"}],"wp:featuredmedia":[{"embeddable":true,"href":"https:\/\/dev6.erresse-shop.it\/de\/wp-json\/wp\/v2\/media\/6351454"}],"wp:attachment":[{"href":"https:\/\/dev6.erresse-shop.it\/de\/wp-json\/wp\/v2\/media?parent=50012"}],"wp:term":[{"taxonomy":"product_cat","embeddable":true,"href":"https:\/\/dev6.erresse-shop.it\/de\/wp-json\/wp\/v2\/product_cat?post=50012"},{"taxonomy":"product_tag","embeddable":true,"href":"https:\/\/dev6.erresse-shop.it\/de\/wp-json\/wp\/v2\/product_tag?post=50012"}],"curies":[{"name":"wp","href":"https:\/\/api.w.org\/{rel}","templated":true}]}}