{"id":50010,"date":"2026-04-16T19:12:03","date_gmt":"2026-04-16T17:12:03","guid":{"rendered":"https:\/\/dev6.erresse-shop.it\/shop\/unkategorisiert\/zwilling-vakuumpack-m-l-freshsave-7-stueck\/"},"modified":"2025-09-14T00:40:14","modified_gmt":"2025-09-13T22:40:14","slug":"zwilling-vakuumpack-m-l-freshsave-7-stueck","status":"publish","type":"product","link":"https:\/\/dev6.erresse-shop.it\/de\/shop\/kuche\/messer\/messerblocke-messer\/zwilling-vakuumpack-m-l-freshsave-7-stueck\/","title":{"rendered":"ZWILLING Vakuumpack M-L Fresh&#038;Save 7 St\u00fcck"},"content":{"rendered":"<p>DAS RICHTIGE SET F\u00dcR DEN BEGINN EINER GESUNDEN UND NACHHALTIGEN ERN\u00c4HRUNG<\/p>\n<p>Das Plastikset ist eine Gelegenheit, gute Vors\u00e4tze endlich in die Tat umzusetzen. Essen Sie vollwertig und gesund, sparen Sie Zeit und Geld und werfen Sie weniger Lebensmittel in den M\u00fcll!<br \/>\nSo geht\u2019s: Kaufen Sie so viel frisches Obst und Gem\u00fcse ein, wie Sie m\u00f6chten, und lagern Sie es in den Vakuumbeh\u00e4ltern aus diesem Sortiment im K\u00fchl- oder Gefrierschrank. Oder bereiten Sie Ihre Mahlzeiten schon heute f\u00fcr den Rest der Woche vor. Mit der Vakuum-Lagerung bleiben Ihre Lebensmittel bis zu f\u00fcnfmal l\u00e4nger frisch als mit herk\u00f6mmlichen, nicht vakuumierten Lagerungsmethoden!<br \/>\nVakuumieren ist kinderleicht: Setzen Sie die praktische Vakuumpumpe auf das Ventil der Beh\u00e4lter und S\u00e4cke, dann saugt die Pumpe per Knopfdruck in Sekundenschnelle die Luft aus den Beh\u00e4ltern. Der Clou: Er stoppt automatisch, sobald ein ausreichendes Vakuum erzeugt wurde. Aromen und N\u00e4hrstoffe bleiben sicher erhalten. Neben der Vakuumpumpe enth\u00e4lt das Set zwei Vakuumbeutel in den Gr\u00f6\u00dfen S und M sowie zwei Kunststoffbeh\u00e4lter mit einem Fassungsverm\u00f6gen von 1,1 und 2,3 Litern.<br \/>\nDie Vakuumbeh\u00e4lter sind gefrierfest, mikrowellengeeignet und sp\u00fclmaschinenfest. Die Vakuumbeutel sind gefrierfest und k\u00f6nnen Temperaturen von bis zu 100 \u00b0C standhalten, was sie ideal f\u00fcr das Sous-Vide-Garen macht.<br \/>\nF\u00fcr einen besseren \u00dcberblick scannen Sie den QR-Code auf den Beh\u00e4lterdeckeln und Beuteln und behalten den \u00dcberblick \u00fcber Ihre Lebensmittel in der ZWILLING Culinary World App. Die Erinnerungsfunktion der kostenlosen App weist Sie darauf hin, wann es Zeit ist, Ihre gespeicherten Lebensmittel zu verbrauchen.<\/p>\n<p>Vakuumfunktion: Lebensmittel bleiben bis zu f\u00fcnfmal l\u00e4nger frisch als bei herk\u00f6mmlichen Aufbewahrungsmethoden ohne Vakuum. Aromen und N\u00e4hrstoffe bleiben erhalten, w\u00e4hrend die Lebensmittelverschwendung reduziert wird.<br \/>\nLeichte, unverw\u00fcstliche Vakuumbeh\u00e4lter zur platzsparenden, stapelbaren Aufbewahrung von Lebensmitteln und Geschirr im K\u00fchl- und Gefrierschrank. Wenn sie nicht gebraucht werden, k\u00f6nnen die Kunststoffbeh\u00e4lter ineinander in einem K\u00fcchenschrank aufbewahrt werden.<br \/>\nSicheres Einfrieren von Fertiggerichten und Speisen (kein Gefrierbrand durch Vakuum) in Vakuumbeh\u00e4ltern und Vakuumbeuteln<br \/>\nMikrowellengeeignete und sp\u00fclmaschinenfeste Vakuumbeh\u00e4lter<br \/>\nWiederverwendbare Vakuumbeutel: gefrierfest, hitzebest\u00e4ndig (perfekt f\u00fcr Sous-Vide-Garen), mikrowellengeeignet<br \/>\nSet enth\u00e4lt eine Vakuumpumpe, 2 Kunststoffbeh\u00e4lter, mit 2 Vakuumbeuteln Gr\u00f6\u00dfe S und 2 Gr\u00f6\u00dfe M (Fassungsverm\u00f6gen der Beh\u00e4lter (ohne Deckel) \/ max. F\u00fcllh\u00f6he: Beh\u00e4lter M 1,1 l \/ 0,9 l; Beh\u00e4lter L 2,3 l \/ 2 L, Vakuumbeutel: S 1,25 l \/ 4 l)<br \/>\nMaterialien: BPA-frei, Kunststoff (Beh\u00e4lter, Deckel, Beutel, Rei\u00dfverschluss), Silikon (Ventil, Dichtung)<br \/>\nVakuumdeckel mit innovativer Doppelverschlusstechnik und Vakuumanzeigefunktion: Wenn der Innendeckel abgesenkt wird, ist der Kanister vakuumverpackt<br \/>\nEinfaches Verbinden der Beh\u00e4lter dank der ZWILLING Culinary World App und dem QR-Code auf dem Deckel, der n\u00fctzlich ist, um den \u00dcberblick \u00fcber die Lebensmittel und ihre Haltbarkeit zu behalten.<br \/>\nDie kostenlose App berechnet die Haltbarkeit von vakuumverpackten Lebensmitteln und Speisen und die Erinnerungsfunktion informiert Sie, wenn es Zeit ist, die gelagerten Lebensmittel zu verbrauchen. Abgerundet wird das Angebot der App durch Rezepte, ein Erkl\u00e4rvideo und eine Einkaufslistenfunktion.<\/p>\n<p>MERKMALE<\/p>\n<p>Farbe: Wei\u00df<br \/>\nHitzebest\u00e4ndigkeit: 180,00 \u00baC<br \/>\nK\u00e4ltebest\u00e4ndigkeit: -20,00 \u00baC<br \/>\nMaterial: Kunststoff<br \/>\nMikrowellengeeignet: Ja<br \/>\nGeeignet f\u00fcr Gefrierschrank: Ja<br \/>\nAnzahl der Teile: 7<br \/>\nSpannung: 110-240 V<\/p>\n","protected":false},"excerpt":{"rendered":"<p>DAS RICHTIGE SET F\u00dcR DEN BEGINN EINER GESUNDEN UND NACHHALTIGEN ERN\u00c4HRUNG Das Plastikset ist eine Gelegenheit, gute Vors\u00e4tze endlich in die Tat umzusetzen. Essen Sie vollwertig und gesund, sparen Sie Zeit und Geld und werfen Sie weniger Lebensmittel in den M\u00fcll! So geht\u2019s: Kaufen Sie so viel frisches Obst und Gem\u00fcse ein, wie Sie m\u00f6chten, [&hellip;]<\/p>\n","protected":false},"featured_media":6490458,"template":"","meta":{"_acf_changed":false},"product_cat":[11668,12100,11771,12203,12107],"product_tag":[],"class_list":{"0":"post-50010","1":"product","2":"type-product","3":"status-publish","4":"has-post-thumbnail","6":"product_cat-cucina","7":"product_cat-kuche","8":"product_cat-sottovuoto","9":"product_cat-vakuum","10":"product_cat-messerblocke-messer","12":"first","13":"outofstock","14":"sale","15":"taxable","16":"shipping-taxable","17":"purchasable","18":"product-type-simple","swatches":"rey-swatches","show_selected":"","stretch_labels":"rey-swatches--stretch-labels"},"acf":[],"yoast_head":"<!-- This site is optimized with the Yoast SEO plugin v25.4 - https:\/\/yoast.com\/wordpress\/plugins\/seo\/ -->\n<title>ZWILLING Vakuumpack M-L Fresh&#038;Save 7 St\u00fcck - dev6 Erresse<\/title>\n<meta name=\"description\" content=\"DAS RICHTIGE SET F\u00dcR DEN BEGINN EINER GESUNDEN UND NACHHALTIGEN ERN\u00c4HRUNG Das Plastikset ist eine Gelegenheit, gute Vors\u00e4tze endlich in die Tat\" \/>\n<meta name=\"robots\" content=\"noindex, follow, max-snippet:-1, max-image-preview:large, max-video-preview:-1\" \/>\n<meta property=\"og:locale\" content=\"de_DE\" \/>\n<meta property=\"og:type\" content=\"article\" \/>\n<meta property=\"og:title\" content=\"ZWILLING Vakuumpack M-L Fresh&#038;Save 7 St\u00fcck - dev6 Erresse\" \/>\n<meta property=\"og:description\" content=\"DAS RICHTIGE SET F\u00dcR DEN BEGINN EINER GESUNDEN UND NACHHALTIGEN ERN\u00c4HRUNG Das Plastikset ist eine Gelegenheit, gute Vors\u00e4tze endlich in die Tat\" \/>\n<meta property=\"og:url\" content=\"https:\/\/dev6.erresse-shop.it\/de\/shop\/kuche\/messer\/messerblocke-messer\/zwilling-vakuumpack-m-l-freshsave-7-stueck\/\" \/>\n<meta property=\"og:site_name\" content=\"dev6 Erresse\" \/>\n<meta property=\"og:image\" content=\"https:\/\/interpim.erresse-shop.it\/img-catalogo\/zwilling\/zwilling-set-sottovuoto-medium-large.jpg\" \/><meta property=\"og:image\" content=\"https:\/\/interpim.erresse-shop.it\/img-catalogo\/zwilling\/zwilling-set-sottovuoto-medium-large.jpg\" \/>\n\t<meta property=\"og:image:width\" content=\"1024\" \/>\n\t<meta property=\"og:image:height\" content=\"1024\" \/>\n\t<meta property=\"og:image:type\" content=\"image\/jpeg\" \/>\n<meta name=\"twitter:card\" content=\"summary_large_image\" \/>\n<meta name=\"twitter:image\" content=\"https:\/\/interpim.erresse-shop.it\/img-catalogo\/zwilling\/zwilling-set-sottovuoto-medium-large.jpg\" \/>\n<script type=\"application\/ld+json\" class=\"yoast-schema-graph\">{\"@context\":\"https:\/\/schema.org\",\"@graph\":[{\"@type\":\"WebPage\",\"@id\":\"https:\/\/dev6.erresse-shop.it\/de\/shop\/kuche\/messer\/messerblocke-messer\/zwilling-vakuumpack-m-l-freshsave-7-stueck\/\",\"url\":\"https:\/\/dev6.erresse-shop.it\/de\/shop\/kuche\/messer\/messerblocke-messer\/zwilling-vakuumpack-m-l-freshsave-7-stueck\/\",\"name\":\"ZWILLING Vakuumpack M-L Fresh&#038;Save 7 St\u00fcck - dev6 Erresse\",\"isPartOf\":{\"@id\":\"https:\/\/dev6.erresse-shop.it\/#website\"},\"primaryImageOfPage\":{\"@id\":\"https:\/\/dev6.erresse-shop.it\/de\/shop\/kuche\/messer\/messerblocke-messer\/zwilling-vakuumpack-m-l-freshsave-7-stueck\/#primaryimage\"},\"image\":{\"@id\":\"https:\/\/dev6.erresse-shop.it\/de\/shop\/kuche\/messer\/messerblocke-messer\/zwilling-vakuumpack-m-l-freshsave-7-stueck\/#primaryimage\"},\"thumbnailUrl\":\"https:\/\/i1.wp.com\/interpim.erresse-shop.it\/img-catalogo\/zwilling\/zwilling-set-sottovuoto-medium-large.jpg?ssl=1\",\"datePublished\":\"2026-04-16T17:12:03+00:00\",\"description\":\"DAS RICHTIGE SET F\u00dcR DEN BEGINN EINER GESUNDEN UND NACHHALTIGEN ERN\u00c4HRUNG Das Plastikset ist eine Gelegenheit, gute Vors\u00e4tze endlich in die Tat\",\"breadcrumb\":{\"@id\":\"https:\/\/dev6.erresse-shop.it\/de\/shop\/kuche\/messer\/messerblocke-messer\/zwilling-vakuumpack-m-l-freshsave-7-stueck\/#breadcrumb\"},\"inLanguage\":\"de\",\"potentialAction\":[{\"@type\":\"ReadAction\",\"target\":[\"https:\/\/dev6.erresse-shop.it\/de\/shop\/kuche\/messer\/messerblocke-messer\/zwilling-vakuumpack-m-l-freshsave-7-stueck\/\"]}]},{\"@type\":\"ImageObject\",\"inLanguage\":\"de\",\"@id\":\"https:\/\/dev6.erresse-shop.it\/de\/shop\/kuche\/messer\/messerblocke-messer\/zwilling-vakuumpack-m-l-freshsave-7-stueck\/#primaryimage\",\"url\":\"https:\/\/i1.wp.com\/interpim.erresse-shop.it\/img-catalogo\/zwilling\/zwilling-set-sottovuoto-medium-large.jpg?ssl=1\",\"contentUrl\":\"https:\/\/i1.wp.com\/interpim.erresse-shop.it\/img-catalogo\/zwilling\/zwilling-set-sottovuoto-medium-large.jpg?ssl=1\"},{\"@type\":\"BreadcrumbList\",\"@id\":\"https:\/\/dev6.erresse-shop.it\/de\/shop\/kuche\/messer\/messerblocke-messer\/zwilling-vakuumpack-m-l-freshsave-7-stueck\/#breadcrumb\",\"itemListElement\":[{\"@type\":\"ListItem\",\"position\":1,\"name\":\"Home\",\"item\":\"https:\/\/dev6.erresse-shop.it\/\"},{\"@type\":\"ListItem\",\"position\":2,\"name\":\"Shop\",\"item\":\"https:\/\/dev6.erresse-shop.it\/shop\/\"},{\"@type\":\"ListItem\",\"position\":3,\"name\":\"ZWILLING Vakuumpack M-L Fresh&#038;Save 7 St\u00fcck\"}]},{\"@type\":\"WebSite\",\"@id\":\"https:\/\/dev6.erresse-shop.it\/#website\",\"url\":\"https:\/\/dev6.erresse-shop.it\/\",\"name\":\"Erresse Shop\",\"description\":\"\",\"publisher\":{\"@id\":\"https:\/\/dev6.erresse-shop.it\/#organization\"},\"potentialAction\":[{\"@type\":\"SearchAction\",\"target\":{\"@type\":\"EntryPoint\",\"urlTemplate\":\"https:\/\/dev6.erresse-shop.it\/?s={search_term_string}\"},\"query-input\":{\"@type\":\"PropertyValueSpecification\",\"valueRequired\":true,\"valueName\":\"search_term_string\"}}],\"inLanguage\":\"de\"},{\"@type\":\"Organization\",\"@id\":\"https:\/\/dev6.erresse-shop.it\/#organization\",\"name\":\"Erresse Shop\",\"url\":\"https:\/\/dev6.erresse-shop.it\/\",\"logo\":{\"@type\":\"ImageObject\",\"inLanguage\":\"de\",\"@id\":\"https:\/\/dev6.erresse-shop.it\/#\/schema\/logo\/image\/\",\"url\":\"https:\/\/dev6.erresse-shop.it\/wp-content\/uploads\/2025\/01\/LOGO-ERRESSE-CLASSICO.svg\",\"contentUrl\":\"https:\/\/dev6.erresse-shop.it\/wp-content\/uploads\/2025\/01\/LOGO-ERRESSE-CLASSICO.svg\",\"caption\":\"Erresse Shop\"},\"image\":{\"@id\":\"https:\/\/dev6.erresse-shop.it\/#\/schema\/logo\/image\/\"}}]}<\/script>\n<!-- \/ Yoast SEO plugin. -->","yoast_head_json":{"title":"ZWILLING Vakuumpack M-L Fresh&#038;Save 7 St\u00fcck - dev6 Erresse","description":"DAS RICHTIGE SET F\u00dcR DEN BEGINN EINER GESUNDEN UND NACHHALTIGEN ERN\u00c4HRUNG Das Plastikset ist eine Gelegenheit, gute Vors\u00e4tze endlich in die Tat","robots":{"index":"noindex","follow":"follow","max-snippet":"max-snippet:-1","max-image-preview":"max-image-preview:large","max-video-preview":"max-video-preview:-1"},"og_locale":"de_DE","og_type":"article","og_title":"ZWILLING Vakuumpack M-L Fresh&#038;Save 7 St\u00fcck - dev6 Erresse","og_description":"DAS RICHTIGE SET F\u00dcR DEN BEGINN EINER GESUNDEN UND NACHHALTIGEN ERN\u00c4HRUNG Das Plastikset ist eine Gelegenheit, gute Vors\u00e4tze endlich in die Tat","og_url":"https:\/\/dev6.erresse-shop.it\/de\/shop\/kuche\/messer\/messerblocke-messer\/zwilling-vakuumpack-m-l-freshsave-7-stueck\/","og_site_name":"dev6 Erresse","og_image":[{"url":"https:\/\/interpim.erresse-shop.it\/img-catalogo\/zwilling\/zwilling-set-sottovuoto-medium-large.jpg","type":"","width":"","height":""},{"url":"https:\/\/interpim.erresse-shop.it\/img-catalogo\/zwilling\/zwilling-set-sottovuoto-medium-large.jpg","width":1024,"height":1024,"type":"image\/jpeg"}],"twitter_card":"summary_large_image","twitter_image":"https:\/\/interpim.erresse-shop.it\/img-catalogo\/zwilling\/zwilling-set-sottovuoto-medium-large.jpg","schema":{"@context":"https:\/\/schema.org","@graph":[{"@type":"WebPage","@id":"https:\/\/dev6.erresse-shop.it\/de\/shop\/kuche\/messer\/messerblocke-messer\/zwilling-vakuumpack-m-l-freshsave-7-stueck\/","url":"https:\/\/dev6.erresse-shop.it\/de\/shop\/kuche\/messer\/messerblocke-messer\/zwilling-vakuumpack-m-l-freshsave-7-stueck\/","name":"ZWILLING Vakuumpack M-L Fresh&#038;Save 7 St\u00fcck - dev6 Erresse","isPartOf":{"@id":"https:\/\/dev6.erresse-shop.it\/#website"},"primaryImageOfPage":{"@id":"https:\/\/dev6.erresse-shop.it\/de\/shop\/kuche\/messer\/messerblocke-messer\/zwilling-vakuumpack-m-l-freshsave-7-stueck\/#primaryimage"},"image":{"@id":"https:\/\/dev6.erresse-shop.it\/de\/shop\/kuche\/messer\/messerblocke-messer\/zwilling-vakuumpack-m-l-freshsave-7-stueck\/#primaryimage"},"thumbnailUrl":"https:\/\/i1.wp.com\/interpim.erresse-shop.it\/img-catalogo\/zwilling\/zwilling-set-sottovuoto-medium-large.jpg?ssl=1","datePublished":"2026-04-16T17:12:03+00:00","description":"DAS RICHTIGE SET F\u00dcR DEN BEGINN EINER GESUNDEN UND NACHHALTIGEN ERN\u00c4HRUNG Das Plastikset ist eine Gelegenheit, gute Vors\u00e4tze endlich in die Tat","breadcrumb":{"@id":"https:\/\/dev6.erresse-shop.it\/de\/shop\/kuche\/messer\/messerblocke-messer\/zwilling-vakuumpack-m-l-freshsave-7-stueck\/#breadcrumb"},"inLanguage":"de","potentialAction":[{"@type":"ReadAction","target":["https:\/\/dev6.erresse-shop.it\/de\/shop\/kuche\/messer\/messerblocke-messer\/zwilling-vakuumpack-m-l-freshsave-7-stueck\/"]}]},{"@type":"ImageObject","inLanguage":"de","@id":"https:\/\/dev6.erresse-shop.it\/de\/shop\/kuche\/messer\/messerblocke-messer\/zwilling-vakuumpack-m-l-freshsave-7-stueck\/#primaryimage","url":"https:\/\/i1.wp.com\/interpim.erresse-shop.it\/img-catalogo\/zwilling\/zwilling-set-sottovuoto-medium-large.jpg?ssl=1","contentUrl":"https:\/\/i1.wp.com\/interpim.erresse-shop.it\/img-catalogo\/zwilling\/zwilling-set-sottovuoto-medium-large.jpg?ssl=1"},{"@type":"BreadcrumbList","@id":"https:\/\/dev6.erresse-shop.it\/de\/shop\/kuche\/messer\/messerblocke-messer\/zwilling-vakuumpack-m-l-freshsave-7-stueck\/#breadcrumb","itemListElement":[{"@type":"ListItem","position":1,"name":"Home","item":"https:\/\/dev6.erresse-shop.it\/"},{"@type":"ListItem","position":2,"name":"Shop","item":"https:\/\/dev6.erresse-shop.it\/shop\/"},{"@type":"ListItem","position":3,"name":"ZWILLING Vakuumpack M-L Fresh&#038;Save 7 St\u00fcck"}]},{"@type":"WebSite","@id":"https:\/\/dev6.erresse-shop.it\/#website","url":"https:\/\/dev6.erresse-shop.it\/","name":"Erresse Shop","description":"","publisher":{"@id":"https:\/\/dev6.erresse-shop.it\/#organization"},"potentialAction":[{"@type":"SearchAction","target":{"@type":"EntryPoint","urlTemplate":"https:\/\/dev6.erresse-shop.it\/?s={search_term_string}"},"query-input":{"@type":"PropertyValueSpecification","valueRequired":true,"valueName":"search_term_string"}}],"inLanguage":"de"},{"@type":"Organization","@id":"https:\/\/dev6.erresse-shop.it\/#organization","name":"Erresse Shop","url":"https:\/\/dev6.erresse-shop.it\/","logo":{"@type":"ImageObject","inLanguage":"de","@id":"https:\/\/dev6.erresse-shop.it\/#\/schema\/logo\/image\/","url":"https:\/\/dev6.erresse-shop.it\/wp-content\/uploads\/2025\/01\/LOGO-ERRESSE-CLASSICO.svg","contentUrl":"https:\/\/dev6.erresse-shop.it\/wp-content\/uploads\/2025\/01\/LOGO-ERRESSE-CLASSICO.svg","caption":"Erresse Shop"},"image":{"@id":"https:\/\/dev6.erresse-shop.it\/#\/schema\/logo\/image\/"}}]}},"df_price":79.95,"df_sale_price":79.95,"df_regular_price":99.9,"df_image_link":"https:\/\/i1.wp.com\/interpim.erresse-shop.it\/img-catalogo\/zwilling\/zwilling-set-sottovuoto-medium-large.jpg?resize=300,300&ssl=1","fifu_image_url":"https:\/\/interpim.erresse-shop.it\/img-catalogo\/zwilling\/zwilling-set-sottovuoto-medium-large.jpg","_links":{"self":[{"href":"https:\/\/dev6.erresse-shop.it\/de\/wp-json\/wp\/v2\/product\/50010","targetHints":{"allow":["GET"]}}],"collection":[{"href":"https:\/\/dev6.erresse-shop.it\/de\/wp-json\/wp\/v2\/product"}],"about":[{"href":"https:\/\/dev6.erresse-shop.it\/de\/wp-json\/wp\/v2\/types\/product"}],"wp:featuredmedia":[{"embeddable":true,"href":"https:\/\/dev6.erresse-shop.it\/de\/wp-json\/wp\/v2\/media\/6490458"}],"wp:attachment":[{"href":"https:\/\/dev6.erresse-shop.it\/de\/wp-json\/wp\/v2\/media?parent=50010"}],"wp:term":[{"taxonomy":"product_cat","embeddable":true,"href":"https:\/\/dev6.erresse-shop.it\/de\/wp-json\/wp\/v2\/product_cat?post=50010"},{"taxonomy":"product_tag","embeddable":true,"href":"https:\/\/dev6.erresse-shop.it\/de\/wp-json\/wp\/v2\/product_tag?post=50010"}],"curies":[{"name":"wp","href":"https:\/\/api.w.org\/{rel}","templated":true}]}}