{"id":49966,"date":"2026-04-16T19:10:48","date_gmt":"2026-04-16T17:10:48","guid":{"rendered":"https:\/\/dev6.erresse-shop.it\/shop\/unkategorisiert\/ruffoni-opus-cupra-set-6-stk\/"},"modified":"2025-09-14T00:39:39","modified_gmt":"2025-09-13T22:39:39","slug":"ruffoni-opus-cupra-set-6-stk","status":"publish","type":"product","link":"https:\/\/dev6.erresse-shop.it\/de\/shop\/toepfe-pfannen\/topfsets\/ruffoni-opus-cupra-set-6-stk\/","title":{"rendered":"RUFFONI Opus Cupra Set 6 stk"},"content":{"rendered":"<p>OPUS CUPRA<\/p>\n<p>Modernste Technologie hat die Herstellung dieser au\u00dfergew\u00f6hnlichen Kochutensilien erm\u00f6glicht, die von den Kupferschmiedemeistern von Ruffoni in wunderbare Kreationen verwandelt wurden. Eine 2,3 mm dicke, massive Kupferleitung f\u00fcr beste Temperaturkontrolle mit einem d\u00fcnnen Aluminiumkern und einem Innenteil aus Edelstahl.<\/p>\n<p>Diese handgeh\u00e4mmerten Kunstwerke mit verzierten Griffen aus Edelstahl und versilberten Messingkn\u00f6pfen, die von Mail\u00e4nder Silberschmieden hergestellt werden, werden allen Anspr\u00fcchen gerecht und finden auf jedem Tisch einen w\u00fcrdigen Platz.<\/p>\n<p>F\u00fcr die Verwendung im Backofen und auf jedem Heizelement (au\u00dfer Induktion).<\/p>\n<p>Das Set setzt sich wie folgt zusammen:<\/p>\n<p>Halbsch\u00fcssel mit 2 Griffen 26 cm (OCA2614X) &#43; Deckel<br \/>\nKasserolle 2 Griffe 20 cm (OCA2012X) &#43; Deckel<br \/>\nKasserolle 1 Griff 16 cm (OCA1607Z) &#43; Deckel<\/p>\n","protected":false},"excerpt":{"rendered":"<p>OPUS CUPRA Modernste Technologie hat die Herstellung dieser au\u00dfergew\u00f6hnlichen Kochutensilien erm\u00f6glicht, die von den Kupferschmiedemeistern von Ruffoni in wunderbare Kreationen verwandelt wurden. Eine 2,3 mm dicke, massive Kupferleitung f\u00fcr beste Temperaturkontrolle mit einem d\u00fcnnen Aluminiumkern und einem Innenteil aus Edelstahl. Diese handgeh\u00e4mmerten Kunstwerke mit verzierten Griffen aus Edelstahl und versilberten Messingkn\u00f6pfen, die von Mail\u00e4nder Silberschmieden [&hellip;]<\/p>\n","protected":false},"featured_media":6490255,"template":"","meta":{"_acf_changed":false},"product_cat":[11667,12099,12132],"product_tag":[],"class_list":{"0":"post-49966","1":"product","2":"type-product","3":"status-publish","4":"has-post-thumbnail","6":"product_cat-padelle-pentole","7":"product_cat-toepfe-pfannen","8":"product_cat-topfsets","10":"first","11":"outofstock","12":"sale","13":"taxable","14":"shipping-taxable","15":"purchasable","16":"product-type-simple","swatches":"rey-swatches","show_selected":"","stretch_labels":"rey-swatches--stretch-labels"},"acf":[],"yoast_head":"<!-- This site is optimized with the Yoast SEO plugin v25.4 - https:\/\/yoast.com\/wordpress\/plugins\/seo\/ -->\n<title>RUFFONI Opus Cupra Set 6 stk - dev6 Erresse<\/title>\n<meta name=\"description\" content=\"OPUS CUPRA Modernste Technologie hat die Herstellung dieser au\u00dfergew\u00f6hnlichen Kochutensilien erm\u00f6glicht, die von den Kupferschmiedemeistern von Ruffoni in\" \/>\n<meta name=\"robots\" content=\"noindex, follow, max-snippet:-1, max-image-preview:large, max-video-preview:-1\" \/>\n<meta property=\"og:locale\" content=\"de_DE\" \/>\n<meta property=\"og:type\" content=\"article\" \/>\n<meta property=\"og:title\" content=\"RUFFONI Opus Cupra Set 6 stk - dev6 Erresse\" \/>\n<meta property=\"og:description\" content=\"OPUS CUPRA Modernste Technologie hat die Herstellung dieser au\u00dfergew\u00f6hnlichen Kochutensilien erm\u00f6glicht, die von den Kupferschmiedemeistern von Ruffoni in\" \/>\n<meta property=\"og:url\" content=\"https:\/\/dev6.erresse-shop.it\/de\/shop\/toepfe-pfannen\/topfsets\/ruffoni-opus-cupra-set-6-stk\/\" \/>\n<meta property=\"og:site_name\" content=\"dev6 Erresse\" \/>\n<meta property=\"og:image\" content=\"https:\/\/interpim.erresse-shop.it\/img-catalogo\/ruffoni\/ruffoni-opus-cupra-set-6-pz.jpg\" \/><meta property=\"og:image\" content=\"https:\/\/interpim.erresse-shop.it\/img-catalogo\/ruffoni\/ruffoni-opus-cupra-set-6-pz.jpg\" \/>\n\t<meta property=\"og:image:width\" content=\"1024\" \/>\n\t<meta property=\"og:image:height\" content=\"1024\" \/>\n\t<meta property=\"og:image:type\" content=\"image\/jpeg\" \/>\n<meta name=\"twitter:card\" content=\"summary_large_image\" \/>\n<meta name=\"twitter:image\" content=\"https:\/\/interpim.erresse-shop.it\/img-catalogo\/ruffoni\/ruffoni-opus-cupra-set-6-pz.jpg\" \/>\n<script type=\"application\/ld+json\" class=\"yoast-schema-graph\">{\"@context\":\"https:\/\/schema.org\",\"@graph\":[{\"@type\":\"WebPage\",\"@id\":\"https:\/\/dev6.erresse-shop.it\/de\/shop\/toepfe-pfannen\/topfsets\/ruffoni-opus-cupra-set-6-stk\/\",\"url\":\"https:\/\/dev6.erresse-shop.it\/de\/shop\/toepfe-pfannen\/topfsets\/ruffoni-opus-cupra-set-6-stk\/\",\"name\":\"RUFFONI Opus Cupra Set 6 stk - dev6 Erresse\",\"isPartOf\":{\"@id\":\"https:\/\/dev6.erresse-shop.it\/#website\"},\"primaryImageOfPage\":{\"@id\":\"https:\/\/dev6.erresse-shop.it\/de\/shop\/toepfe-pfannen\/topfsets\/ruffoni-opus-cupra-set-6-stk\/#primaryimage\"},\"image\":{\"@id\":\"https:\/\/dev6.erresse-shop.it\/de\/shop\/toepfe-pfannen\/topfsets\/ruffoni-opus-cupra-set-6-stk\/#primaryimage\"},\"thumbnailUrl\":\"https:\/\/i2.wp.com\/interpim.erresse-shop.it\/img-catalogo\/ruffoni\/ruffoni-opus-cupra-set-6-pz.jpg?ssl=1\",\"datePublished\":\"2026-04-16T17:10:48+00:00\",\"description\":\"OPUS CUPRA Modernste Technologie hat die Herstellung dieser au\u00dfergew\u00f6hnlichen Kochutensilien erm\u00f6glicht, die von den Kupferschmiedemeistern von Ruffoni in\",\"breadcrumb\":{\"@id\":\"https:\/\/dev6.erresse-shop.it\/de\/shop\/toepfe-pfannen\/topfsets\/ruffoni-opus-cupra-set-6-stk\/#breadcrumb\"},\"inLanguage\":\"de\",\"potentialAction\":[{\"@type\":\"ReadAction\",\"target\":[\"https:\/\/dev6.erresse-shop.it\/de\/shop\/toepfe-pfannen\/topfsets\/ruffoni-opus-cupra-set-6-stk\/\"]}]},{\"@type\":\"ImageObject\",\"inLanguage\":\"de\",\"@id\":\"https:\/\/dev6.erresse-shop.it\/de\/shop\/toepfe-pfannen\/topfsets\/ruffoni-opus-cupra-set-6-stk\/#primaryimage\",\"url\":\"https:\/\/i2.wp.com\/interpim.erresse-shop.it\/img-catalogo\/ruffoni\/ruffoni-opus-cupra-set-6-pz.jpg?ssl=1\",\"contentUrl\":\"https:\/\/i2.wp.com\/interpim.erresse-shop.it\/img-catalogo\/ruffoni\/ruffoni-opus-cupra-set-6-pz.jpg?ssl=1\"},{\"@type\":\"BreadcrumbList\",\"@id\":\"https:\/\/dev6.erresse-shop.it\/de\/shop\/toepfe-pfannen\/topfsets\/ruffoni-opus-cupra-set-6-stk\/#breadcrumb\",\"itemListElement\":[{\"@type\":\"ListItem\",\"position\":1,\"name\":\"Home\",\"item\":\"https:\/\/dev6.erresse-shop.it\/\"},{\"@type\":\"ListItem\",\"position\":2,\"name\":\"Shop\",\"item\":\"https:\/\/dev6.erresse-shop.it\/shop\/\"},{\"@type\":\"ListItem\",\"position\":3,\"name\":\"RUFFONI Opus Cupra Set 6 stk\"}]},{\"@type\":\"WebSite\",\"@id\":\"https:\/\/dev6.erresse-shop.it\/#website\",\"url\":\"https:\/\/dev6.erresse-shop.it\/\",\"name\":\"Erresse Shop\",\"description\":\"\",\"publisher\":{\"@id\":\"https:\/\/dev6.erresse-shop.it\/#organization\"},\"potentialAction\":[{\"@type\":\"SearchAction\",\"target\":{\"@type\":\"EntryPoint\",\"urlTemplate\":\"https:\/\/dev6.erresse-shop.it\/?s={search_term_string}\"},\"query-input\":{\"@type\":\"PropertyValueSpecification\",\"valueRequired\":true,\"valueName\":\"search_term_string\"}}],\"inLanguage\":\"de\"},{\"@type\":\"Organization\",\"@id\":\"https:\/\/dev6.erresse-shop.it\/#organization\",\"name\":\"Erresse Shop\",\"url\":\"https:\/\/dev6.erresse-shop.it\/\",\"logo\":{\"@type\":\"ImageObject\",\"inLanguage\":\"de\",\"@id\":\"https:\/\/dev6.erresse-shop.it\/#\/schema\/logo\/image\/\",\"url\":\"https:\/\/dev6.erresse-shop.it\/wp-content\/uploads\/2025\/01\/LOGO-ERRESSE-CLASSICO.svg\",\"contentUrl\":\"https:\/\/dev6.erresse-shop.it\/wp-content\/uploads\/2025\/01\/LOGO-ERRESSE-CLASSICO.svg\",\"caption\":\"Erresse Shop\"},\"image\":{\"@id\":\"https:\/\/dev6.erresse-shop.it\/#\/schema\/logo\/image\/\"}}]}<\/script>\n<!-- \/ Yoast SEO plugin. -->","yoast_head_json":{"title":"RUFFONI Opus Cupra Set 6 stk - dev6 Erresse","description":"OPUS CUPRA Modernste Technologie hat die Herstellung dieser au\u00dfergew\u00f6hnlichen Kochutensilien erm\u00f6glicht, die von den Kupferschmiedemeistern von Ruffoni in","robots":{"index":"noindex","follow":"follow","max-snippet":"max-snippet:-1","max-image-preview":"max-image-preview:large","max-video-preview":"max-video-preview:-1"},"og_locale":"de_DE","og_type":"article","og_title":"RUFFONI Opus Cupra Set 6 stk - dev6 Erresse","og_description":"OPUS CUPRA Modernste Technologie hat die Herstellung dieser au\u00dfergew\u00f6hnlichen Kochutensilien erm\u00f6glicht, die von den Kupferschmiedemeistern von Ruffoni in","og_url":"https:\/\/dev6.erresse-shop.it\/de\/shop\/toepfe-pfannen\/topfsets\/ruffoni-opus-cupra-set-6-stk\/","og_site_name":"dev6 Erresse","og_image":[{"url":"https:\/\/interpim.erresse-shop.it\/img-catalogo\/ruffoni\/ruffoni-opus-cupra-set-6-pz.jpg","type":"","width":"","height":""},{"url":"https:\/\/interpim.erresse-shop.it\/img-catalogo\/ruffoni\/ruffoni-opus-cupra-set-6-pz.jpg","width":1024,"height":1024,"type":"image\/jpeg"}],"twitter_card":"summary_large_image","twitter_image":"https:\/\/interpim.erresse-shop.it\/img-catalogo\/ruffoni\/ruffoni-opus-cupra-set-6-pz.jpg","schema":{"@context":"https:\/\/schema.org","@graph":[{"@type":"WebPage","@id":"https:\/\/dev6.erresse-shop.it\/de\/shop\/toepfe-pfannen\/topfsets\/ruffoni-opus-cupra-set-6-stk\/","url":"https:\/\/dev6.erresse-shop.it\/de\/shop\/toepfe-pfannen\/topfsets\/ruffoni-opus-cupra-set-6-stk\/","name":"RUFFONI Opus Cupra Set 6 stk - dev6 Erresse","isPartOf":{"@id":"https:\/\/dev6.erresse-shop.it\/#website"},"primaryImageOfPage":{"@id":"https:\/\/dev6.erresse-shop.it\/de\/shop\/toepfe-pfannen\/topfsets\/ruffoni-opus-cupra-set-6-stk\/#primaryimage"},"image":{"@id":"https:\/\/dev6.erresse-shop.it\/de\/shop\/toepfe-pfannen\/topfsets\/ruffoni-opus-cupra-set-6-stk\/#primaryimage"},"thumbnailUrl":"https:\/\/i2.wp.com\/interpim.erresse-shop.it\/img-catalogo\/ruffoni\/ruffoni-opus-cupra-set-6-pz.jpg?ssl=1","datePublished":"2026-04-16T17:10:48+00:00","description":"OPUS CUPRA Modernste Technologie hat die Herstellung dieser au\u00dfergew\u00f6hnlichen Kochutensilien erm\u00f6glicht, die von den Kupferschmiedemeistern von Ruffoni in","breadcrumb":{"@id":"https:\/\/dev6.erresse-shop.it\/de\/shop\/toepfe-pfannen\/topfsets\/ruffoni-opus-cupra-set-6-stk\/#breadcrumb"},"inLanguage":"de","potentialAction":[{"@type":"ReadAction","target":["https:\/\/dev6.erresse-shop.it\/de\/shop\/toepfe-pfannen\/topfsets\/ruffoni-opus-cupra-set-6-stk\/"]}]},{"@type":"ImageObject","inLanguage":"de","@id":"https:\/\/dev6.erresse-shop.it\/de\/shop\/toepfe-pfannen\/topfsets\/ruffoni-opus-cupra-set-6-stk\/#primaryimage","url":"https:\/\/i2.wp.com\/interpim.erresse-shop.it\/img-catalogo\/ruffoni\/ruffoni-opus-cupra-set-6-pz.jpg?ssl=1","contentUrl":"https:\/\/i2.wp.com\/interpim.erresse-shop.it\/img-catalogo\/ruffoni\/ruffoni-opus-cupra-set-6-pz.jpg?ssl=1"},{"@type":"BreadcrumbList","@id":"https:\/\/dev6.erresse-shop.it\/de\/shop\/toepfe-pfannen\/topfsets\/ruffoni-opus-cupra-set-6-stk\/#breadcrumb","itemListElement":[{"@type":"ListItem","position":1,"name":"Home","item":"https:\/\/dev6.erresse-shop.it\/"},{"@type":"ListItem","position":2,"name":"Shop","item":"https:\/\/dev6.erresse-shop.it\/shop\/"},{"@type":"ListItem","position":3,"name":"RUFFONI Opus Cupra Set 6 stk"}]},{"@type":"WebSite","@id":"https:\/\/dev6.erresse-shop.it\/#website","url":"https:\/\/dev6.erresse-shop.it\/","name":"Erresse Shop","description":"","publisher":{"@id":"https:\/\/dev6.erresse-shop.it\/#organization"},"potentialAction":[{"@type":"SearchAction","target":{"@type":"EntryPoint","urlTemplate":"https:\/\/dev6.erresse-shop.it\/?s={search_term_string}"},"query-input":{"@type":"PropertyValueSpecification","valueRequired":true,"valueName":"search_term_string"}}],"inLanguage":"de"},{"@type":"Organization","@id":"https:\/\/dev6.erresse-shop.it\/#organization","name":"Erresse Shop","url":"https:\/\/dev6.erresse-shop.it\/","logo":{"@type":"ImageObject","inLanguage":"de","@id":"https:\/\/dev6.erresse-shop.it\/#\/schema\/logo\/image\/","url":"https:\/\/dev6.erresse-shop.it\/wp-content\/uploads\/2025\/01\/LOGO-ERRESSE-CLASSICO.svg","contentUrl":"https:\/\/dev6.erresse-shop.it\/wp-content\/uploads\/2025\/01\/LOGO-ERRESSE-CLASSICO.svg","caption":"Erresse Shop"},"image":{"@id":"https:\/\/dev6.erresse-shop.it\/#\/schema\/logo\/image\/"}}]}},"df_price":1199.95,"df_sale_price":1199.95,"df_regular_price":1711,"df_image_link":"https:\/\/i2.wp.com\/interpim.erresse-shop.it\/img-catalogo\/ruffoni\/ruffoni-opus-cupra-set-6-pz.jpg?resize=300,300&ssl=1","fifu_image_url":"https:\/\/interpim.erresse-shop.it\/img-catalogo\/ruffoni\/ruffoni-opus-cupra-set-6-pz.jpg","_links":{"self":[{"href":"https:\/\/dev6.erresse-shop.it\/de\/wp-json\/wp\/v2\/product\/49966","targetHints":{"allow":["GET"]}}],"collection":[{"href":"https:\/\/dev6.erresse-shop.it\/de\/wp-json\/wp\/v2\/product"}],"about":[{"href":"https:\/\/dev6.erresse-shop.it\/de\/wp-json\/wp\/v2\/types\/product"}],"wp:featuredmedia":[{"embeddable":true,"href":"https:\/\/dev6.erresse-shop.it\/de\/wp-json\/wp\/v2\/media\/6490255"}],"wp:attachment":[{"href":"https:\/\/dev6.erresse-shop.it\/de\/wp-json\/wp\/v2\/media?parent=49966"}],"wp:term":[{"taxonomy":"product_cat","embeddable":true,"href":"https:\/\/dev6.erresse-shop.it\/de\/wp-json\/wp\/v2\/product_cat?post=49966"},{"taxonomy":"product_tag","embeddable":true,"href":"https:\/\/dev6.erresse-shop.it\/de\/wp-json\/wp\/v2\/product_tag?post=49966"}],"curies":[{"name":"wp","href":"https:\/\/api.w.org\/{rel}","templated":true}]}}