{"id":49940,"date":"2026-04-16T19:10:48","date_gmt":"2026-04-16T17:10:48","guid":{"rendered":"https:\/\/dev6.erresse-shop.it\/shop\/unkategorisiert\/zwilling-enfinigy-elektrischer-wasserkocher-schwarz\/"},"modified":"2025-07-03T19:53:43","modified_gmt":"2025-07-03T17:53:43","slug":"zwilling-enfinigy-elektrischer-wasserkocher-schwarz","status":"publish","type":"product","link":"https:\/\/dev6.erresse-shop.it\/de\/shop\/kleine-elektrogeraete\/elektrische-wasserkocher\/zwilling-enfinigy-elektrischer-wasserkocher-schwarz\/","title":{"rendered":"ZWILLING Enfinigy Elektrischer Wasserkocher Schwarz"},"content":{"rendered":"<p>Elektrischer Glas-Wasserkocher ZWILLING Enfinigy schwarz: die Teepause mit elegantem Design. Um Ihren Tee zuzubereiten, stellen Sie zun\u00e4chst die Temperatur an der 360\u00b0-Basis ein. Dank der Vorkochfunktion bringt der elektrische Glaskocher das Wasser zun\u00e4chst auf 100 \u00b0C und meldet dann, wenn die gew\u00e4hlte Temperatur erreicht ist. Dann f\u00fcllen Sie einfach den Edelstahleinsatz mit Teebl\u00e4ttern. Der eingebaute Timer gibt ein akustisches Signal, wenn das Getr\u00e4nk fertig ist. Sie k\u00f6nnen die Ziehzeit zwischen 0 und 10 Minuten einstellen und so an die Art des Tees anpassen, den Sie genie\u00dfen m\u00f6chten. Der Teeeinsatz kann mit Hilfe der im Deckel integrierten Halterung, die per Knopfdruck gel\u00f6st wird, entnommen und auf die mitgelieferte Anti-Tropf-Schale gestellt werden. Wenn Sie Ihre Teepause aus irgendeinem Grund verschieben m\u00fcssen, h\u00e4lt der Wasserkocher Ihr Getr\u00e4nk dank der praktischen Warmhaltefunktion\u201d 30 Minuten lang auf der gew\u00fcnschten Temperatur. Der gl\u00e4serne Wasserkocher hat ein Fassungsverm\u00f6gen von 1,7 Litern und kann neben der Teezubereitung auch f\u00fcr andere Funktionen verwendet werden. F\u00fcr die Zubereitung und Warmhaltung von Babynahrung gibt es einen speziellen Einsatz, der auch zum Sterilisieren von Schnullern und Fl\u00e4schchen bei 100 \u00b0C f\u00fcr 5 Minuten verwendet werden kann. Dieser moderne elektrische Wasserkocher aus Glas ist au\u00dferdem sehr leicht zu reinigen.<\/p>\n<p>10 Programme und 6 Temperaturstufen<br \/>\nDie Warmhaltefunktion h\u00e4lt die gew\u00fcnschte Temperatur f\u00fcr 30 Minuten aufrecht<br \/>\nTimer und Teeeinsatz mit Halterung im Deckel zur einfachen Entnahme und passender Tropfschale<br \/>\nVorkochfunktion, die das Wasser zun\u00e4chst auf 100 \u00b0C bringt<br \/>\n360\u00b0-St\u00e4nder mit integrierter Kabelaufwicklung<br \/>\nLeicht zu reinigende Glasoberfl\u00e4che<br \/>\nHeizelemente aus rostfreiem Stahl<br \/>\nEntwickelt von ZWILLING in Deutschland, entworfen in Mailand von Matteo Thun und Antonio Rodriguez<br \/>\nEinsatz f\u00fcr Babynahrung separat erh\u00e4ltlich<\/p>\n<p>Nicht zum Verkauf au\u00dferhalb Europas<\/p>\n","protected":false},"excerpt":{"rendered":"<p>Elektrischer Glas-Wasserkocher ZWILLING Enfinigy schwarz: die Teepause mit elegantem Design. Um Ihren Tee zuzubereiten, stellen Sie zun\u00e4chst die Temperatur an der 360\u00b0-Basis ein. Dank der Vorkochfunktion bringt der elektrische Glaskocher das Wasser zun\u00e4chst auf 100 \u00b0C und meldet dann, wenn die gew\u00e4hlte Temperatur erreicht ist. Dann f\u00fcllen Sie einfach den Edelstahleinsatz mit Teebl\u00e4ttern. Der eingebaute [&hellip;]<\/p>\n","protected":false},"featured_media":6490124,"template":"","meta":{"_acf_changed":false},"product_cat":[11734,12166,12163],"product_tag":[],"class_list":{"0":"post-49940","1":"product","2":"type-product","3":"status-publish","4":"has-post-thumbnail","6":"product_cat-bollitori-elettrici","7":"product_cat-elektrische-wasserkocher","8":"product_cat-kleine-elektrogeraete","10":"first","11":"outofstock","12":"sale","13":"taxable","14":"shipping-taxable","15":"purchasable","16":"product-type-simple","swatches":"rey-swatches","show_selected":"","stretch_labels":"rey-swatches--stretch-labels"},"acf":[],"yoast_head":"<!-- This site is optimized with the Yoast SEO plugin v25.4 - https:\/\/yoast.com\/wordpress\/plugins\/seo\/ -->\n<title>ZWILLING Enfinigy Elektrischer Wasserkocher Schwarz - dev6 Erresse<\/title>\n<meta name=\"description\" content=\"Elektrischer Glas-Wasserkocher ZWILLING Enfinigy schwarz: die Teepause mit elegantem Design. Um Ihren Tee zuzubereiten, stellen Sie zun\u00e4chst die\" \/>\n<meta name=\"robots\" content=\"noindex, follow, max-snippet:-1, max-image-preview:large, max-video-preview:-1\" \/>\n<meta property=\"og:locale\" content=\"de_DE\" \/>\n<meta property=\"og:type\" content=\"article\" \/>\n<meta property=\"og:title\" content=\"ZWILLING Enfinigy Elektrischer Wasserkocher Schwarz - dev6 Erresse\" \/>\n<meta property=\"og:description\" content=\"Elektrischer Glas-Wasserkocher ZWILLING Enfinigy schwarz: die Teepause mit elegantem Design. Um Ihren Tee zuzubereiten, stellen Sie zun\u00e4chst die\" \/>\n<meta property=\"og:url\" content=\"https:\/\/dev6.erresse-shop.it\/de\/shop\/kleine-elektrogeraete\/elektrische-wasserkocher\/zwilling-enfinigy-elektrischer-wasserkocher-schwarz\/\" \/>\n<meta property=\"og:site_name\" content=\"dev6 Erresse\" \/>\n<meta property=\"og:image\" content=\"https:\/\/interpim.erresse-shop.it\/img-catalogo\/zwilling\/zwilling-enfinigy-bollitore-vetro-nero.jpg\" \/><meta property=\"og:image\" content=\"https:\/\/interpim.erresse-shop.it\/img-catalogo\/zwilling\/zwilling-enfinigy-bollitore-vetro-nero.jpg\" \/>\n\t<meta property=\"og:image:width\" content=\"1024\" \/>\n\t<meta property=\"og:image:height\" content=\"1024\" \/>\n\t<meta property=\"og:image:type\" content=\"image\/jpeg\" \/>\n<meta name=\"twitter:card\" content=\"summary_large_image\" \/>\n<meta name=\"twitter:image\" content=\"https:\/\/interpim.erresse-shop.it\/img-catalogo\/zwilling\/zwilling-enfinigy-bollitore-vetro-nero.jpg\" \/>\n<script type=\"application\/ld+json\" class=\"yoast-schema-graph\">{\"@context\":\"https:\/\/schema.org\",\"@graph\":[{\"@type\":\"WebPage\",\"@id\":\"https:\/\/dev6.erresse-shop.it\/de\/shop\/kleine-elektrogeraete\/elektrische-wasserkocher\/zwilling-enfinigy-elektrischer-wasserkocher-schwarz\/\",\"url\":\"https:\/\/dev6.erresse-shop.it\/de\/shop\/kleine-elektrogeraete\/elektrische-wasserkocher\/zwilling-enfinigy-elektrischer-wasserkocher-schwarz\/\",\"name\":\"ZWILLING Enfinigy Elektrischer Wasserkocher Schwarz - dev6 Erresse\",\"isPartOf\":{\"@id\":\"https:\/\/dev6.erresse-shop.it\/#website\"},\"primaryImageOfPage\":{\"@id\":\"https:\/\/dev6.erresse-shop.it\/de\/shop\/kleine-elektrogeraete\/elektrische-wasserkocher\/zwilling-enfinigy-elektrischer-wasserkocher-schwarz\/#primaryimage\"},\"image\":{\"@id\":\"https:\/\/dev6.erresse-shop.it\/de\/shop\/kleine-elektrogeraete\/elektrische-wasserkocher\/zwilling-enfinigy-elektrischer-wasserkocher-schwarz\/#primaryimage\"},\"thumbnailUrl\":\"https:\/\/i3.wp.com\/interpim.erresse-shop.it\/img-catalogo\/zwilling\/zwilling-enfinigy-bollitore-vetro-nero.jpg?ssl=1\",\"datePublished\":\"2026-04-16T17:10:48+00:00\",\"description\":\"Elektrischer Glas-Wasserkocher ZWILLING Enfinigy schwarz: die Teepause mit elegantem Design. Um Ihren Tee zuzubereiten, stellen Sie zun\u00e4chst die\",\"breadcrumb\":{\"@id\":\"https:\/\/dev6.erresse-shop.it\/de\/shop\/kleine-elektrogeraete\/elektrische-wasserkocher\/zwilling-enfinigy-elektrischer-wasserkocher-schwarz\/#breadcrumb\"},\"inLanguage\":\"de\",\"potentialAction\":[{\"@type\":\"ReadAction\",\"target\":[\"https:\/\/dev6.erresse-shop.it\/de\/shop\/kleine-elektrogeraete\/elektrische-wasserkocher\/zwilling-enfinigy-elektrischer-wasserkocher-schwarz\/\"]}]},{\"@type\":\"ImageObject\",\"inLanguage\":\"de\",\"@id\":\"https:\/\/dev6.erresse-shop.it\/de\/shop\/kleine-elektrogeraete\/elektrische-wasserkocher\/zwilling-enfinigy-elektrischer-wasserkocher-schwarz\/#primaryimage\",\"url\":\"https:\/\/i3.wp.com\/interpim.erresse-shop.it\/img-catalogo\/zwilling\/zwilling-enfinigy-bollitore-vetro-nero.jpg?ssl=1\",\"contentUrl\":\"https:\/\/i3.wp.com\/interpim.erresse-shop.it\/img-catalogo\/zwilling\/zwilling-enfinigy-bollitore-vetro-nero.jpg?ssl=1\"},{\"@type\":\"BreadcrumbList\",\"@id\":\"https:\/\/dev6.erresse-shop.it\/de\/shop\/kleine-elektrogeraete\/elektrische-wasserkocher\/zwilling-enfinigy-elektrischer-wasserkocher-schwarz\/#breadcrumb\",\"itemListElement\":[{\"@type\":\"ListItem\",\"position\":1,\"name\":\"Home\",\"item\":\"https:\/\/dev6.erresse-shop.it\/\"},{\"@type\":\"ListItem\",\"position\":2,\"name\":\"Shop\",\"item\":\"https:\/\/dev6.erresse-shop.it\/shop\/\"},{\"@type\":\"ListItem\",\"position\":3,\"name\":\"ZWILLING Enfinigy Elektrischer Wasserkocher Schwarz\"}]},{\"@type\":\"WebSite\",\"@id\":\"https:\/\/dev6.erresse-shop.it\/#website\",\"url\":\"https:\/\/dev6.erresse-shop.it\/\",\"name\":\"Erresse Shop\",\"description\":\"\",\"publisher\":{\"@id\":\"https:\/\/dev6.erresse-shop.it\/#organization\"},\"potentialAction\":[{\"@type\":\"SearchAction\",\"target\":{\"@type\":\"EntryPoint\",\"urlTemplate\":\"https:\/\/dev6.erresse-shop.it\/?s={search_term_string}\"},\"query-input\":{\"@type\":\"PropertyValueSpecification\",\"valueRequired\":true,\"valueName\":\"search_term_string\"}}],\"inLanguage\":\"de\"},{\"@type\":\"Organization\",\"@id\":\"https:\/\/dev6.erresse-shop.it\/#organization\",\"name\":\"Erresse Shop\",\"url\":\"https:\/\/dev6.erresse-shop.it\/\",\"logo\":{\"@type\":\"ImageObject\",\"inLanguage\":\"de\",\"@id\":\"https:\/\/dev6.erresse-shop.it\/#\/schema\/logo\/image\/\",\"url\":\"https:\/\/dev6.erresse-shop.it\/wp-content\/uploads\/2025\/01\/LOGO-ERRESSE-CLASSICO.svg\",\"contentUrl\":\"https:\/\/dev6.erresse-shop.it\/wp-content\/uploads\/2025\/01\/LOGO-ERRESSE-CLASSICO.svg\",\"caption\":\"Erresse Shop\"},\"image\":{\"@id\":\"https:\/\/dev6.erresse-shop.it\/#\/schema\/logo\/image\/\"}}]}<\/script>\n<!-- \/ Yoast SEO plugin. -->","yoast_head_json":{"title":"ZWILLING Enfinigy Elektrischer Wasserkocher Schwarz - dev6 Erresse","description":"Elektrischer Glas-Wasserkocher ZWILLING Enfinigy schwarz: die Teepause mit elegantem Design. Um Ihren Tee zuzubereiten, stellen Sie zun\u00e4chst die","robots":{"index":"noindex","follow":"follow","max-snippet":"max-snippet:-1","max-image-preview":"max-image-preview:large","max-video-preview":"max-video-preview:-1"},"og_locale":"de_DE","og_type":"article","og_title":"ZWILLING Enfinigy Elektrischer Wasserkocher Schwarz - dev6 Erresse","og_description":"Elektrischer Glas-Wasserkocher ZWILLING Enfinigy schwarz: die Teepause mit elegantem Design. Um Ihren Tee zuzubereiten, stellen Sie zun\u00e4chst die","og_url":"https:\/\/dev6.erresse-shop.it\/de\/shop\/kleine-elektrogeraete\/elektrische-wasserkocher\/zwilling-enfinigy-elektrischer-wasserkocher-schwarz\/","og_site_name":"dev6 Erresse","og_image":[{"url":"https:\/\/interpim.erresse-shop.it\/img-catalogo\/zwilling\/zwilling-enfinigy-bollitore-vetro-nero.jpg","type":"","width":"","height":""},{"url":"https:\/\/interpim.erresse-shop.it\/img-catalogo\/zwilling\/zwilling-enfinigy-bollitore-vetro-nero.jpg","width":1024,"height":1024,"type":"image\/jpeg"}],"twitter_card":"summary_large_image","twitter_image":"https:\/\/interpim.erresse-shop.it\/img-catalogo\/zwilling\/zwilling-enfinigy-bollitore-vetro-nero.jpg","schema":{"@context":"https:\/\/schema.org","@graph":[{"@type":"WebPage","@id":"https:\/\/dev6.erresse-shop.it\/de\/shop\/kleine-elektrogeraete\/elektrische-wasserkocher\/zwilling-enfinigy-elektrischer-wasserkocher-schwarz\/","url":"https:\/\/dev6.erresse-shop.it\/de\/shop\/kleine-elektrogeraete\/elektrische-wasserkocher\/zwilling-enfinigy-elektrischer-wasserkocher-schwarz\/","name":"ZWILLING Enfinigy Elektrischer Wasserkocher Schwarz - dev6 Erresse","isPartOf":{"@id":"https:\/\/dev6.erresse-shop.it\/#website"},"primaryImageOfPage":{"@id":"https:\/\/dev6.erresse-shop.it\/de\/shop\/kleine-elektrogeraete\/elektrische-wasserkocher\/zwilling-enfinigy-elektrischer-wasserkocher-schwarz\/#primaryimage"},"image":{"@id":"https:\/\/dev6.erresse-shop.it\/de\/shop\/kleine-elektrogeraete\/elektrische-wasserkocher\/zwilling-enfinigy-elektrischer-wasserkocher-schwarz\/#primaryimage"},"thumbnailUrl":"https:\/\/i3.wp.com\/interpim.erresse-shop.it\/img-catalogo\/zwilling\/zwilling-enfinigy-bollitore-vetro-nero.jpg?ssl=1","datePublished":"2026-04-16T17:10:48+00:00","description":"Elektrischer Glas-Wasserkocher ZWILLING Enfinigy schwarz: die Teepause mit elegantem Design. Um Ihren Tee zuzubereiten, stellen Sie zun\u00e4chst die","breadcrumb":{"@id":"https:\/\/dev6.erresse-shop.it\/de\/shop\/kleine-elektrogeraete\/elektrische-wasserkocher\/zwilling-enfinigy-elektrischer-wasserkocher-schwarz\/#breadcrumb"},"inLanguage":"de","potentialAction":[{"@type":"ReadAction","target":["https:\/\/dev6.erresse-shop.it\/de\/shop\/kleine-elektrogeraete\/elektrische-wasserkocher\/zwilling-enfinigy-elektrischer-wasserkocher-schwarz\/"]}]},{"@type":"ImageObject","inLanguage":"de","@id":"https:\/\/dev6.erresse-shop.it\/de\/shop\/kleine-elektrogeraete\/elektrische-wasserkocher\/zwilling-enfinigy-elektrischer-wasserkocher-schwarz\/#primaryimage","url":"https:\/\/i3.wp.com\/interpim.erresse-shop.it\/img-catalogo\/zwilling\/zwilling-enfinigy-bollitore-vetro-nero.jpg?ssl=1","contentUrl":"https:\/\/i3.wp.com\/interpim.erresse-shop.it\/img-catalogo\/zwilling\/zwilling-enfinigy-bollitore-vetro-nero.jpg?ssl=1"},{"@type":"BreadcrumbList","@id":"https:\/\/dev6.erresse-shop.it\/de\/shop\/kleine-elektrogeraete\/elektrische-wasserkocher\/zwilling-enfinigy-elektrischer-wasserkocher-schwarz\/#breadcrumb","itemListElement":[{"@type":"ListItem","position":1,"name":"Home","item":"https:\/\/dev6.erresse-shop.it\/"},{"@type":"ListItem","position":2,"name":"Shop","item":"https:\/\/dev6.erresse-shop.it\/shop\/"},{"@type":"ListItem","position":3,"name":"ZWILLING Enfinigy Elektrischer Wasserkocher Schwarz"}]},{"@type":"WebSite","@id":"https:\/\/dev6.erresse-shop.it\/#website","url":"https:\/\/dev6.erresse-shop.it\/","name":"Erresse Shop","description":"","publisher":{"@id":"https:\/\/dev6.erresse-shop.it\/#organization"},"potentialAction":[{"@type":"SearchAction","target":{"@type":"EntryPoint","urlTemplate":"https:\/\/dev6.erresse-shop.it\/?s={search_term_string}"},"query-input":{"@type":"PropertyValueSpecification","valueRequired":true,"valueName":"search_term_string"}}],"inLanguage":"de"},{"@type":"Organization","@id":"https:\/\/dev6.erresse-shop.it\/#organization","name":"Erresse Shop","url":"https:\/\/dev6.erresse-shop.it\/","logo":{"@type":"ImageObject","inLanguage":"de","@id":"https:\/\/dev6.erresse-shop.it\/#\/schema\/logo\/image\/","url":"https:\/\/dev6.erresse-shop.it\/wp-content\/uploads\/2025\/01\/LOGO-ERRESSE-CLASSICO.svg","contentUrl":"https:\/\/dev6.erresse-shop.it\/wp-content\/uploads\/2025\/01\/LOGO-ERRESSE-CLASSICO.svg","caption":"Erresse Shop"},"image":{"@id":"https:\/\/dev6.erresse-shop.it\/#\/schema\/logo\/image\/"}}]}},"df_price":122.95,"df_sale_price":122.95,"df_regular_price":149,"df_image_link":"https:\/\/i3.wp.com\/interpim.erresse-shop.it\/img-catalogo\/zwilling\/zwilling-enfinigy-bollitore-vetro-nero.jpg?resize=300,300&ssl=1","fifu_image_url":"https:\/\/interpim.erresse-shop.it\/img-catalogo\/zwilling\/zwilling-enfinigy-bollitore-vetro-nero.jpg","_links":{"self":[{"href":"https:\/\/dev6.erresse-shop.it\/de\/wp-json\/wp\/v2\/product\/49940","targetHints":{"allow":["GET"]}}],"collection":[{"href":"https:\/\/dev6.erresse-shop.it\/de\/wp-json\/wp\/v2\/product"}],"about":[{"href":"https:\/\/dev6.erresse-shop.it\/de\/wp-json\/wp\/v2\/types\/product"}],"wp:featuredmedia":[{"embeddable":true,"href":"https:\/\/dev6.erresse-shop.it\/de\/wp-json\/wp\/v2\/media\/6490124"}],"wp:attachment":[{"href":"https:\/\/dev6.erresse-shop.it\/de\/wp-json\/wp\/v2\/media?parent=49940"}],"wp:term":[{"taxonomy":"product_cat","embeddable":true,"href":"https:\/\/dev6.erresse-shop.it\/de\/wp-json\/wp\/v2\/product_cat?post=49940"},{"taxonomy":"product_tag","embeddable":true,"href":"https:\/\/dev6.erresse-shop.it\/de\/wp-json\/wp\/v2\/product_tag?post=49940"}],"curies":[{"name":"wp","href":"https:\/\/api.w.org\/{rel}","templated":true}]}}