{"id":49906,"date":"2026-04-12T08:33:55","date_gmt":"2026-04-12T06:33:55","guid":{"rendered":"https:\/\/dev6.erresse-shop.it\/shop\/unkategorisiert\/staub-cocotte-rund-24-cm-basilikum-gruen\/"},"modified":"2025-09-14T00:38:42","modified_gmt":"2025-09-13T22:38:42","slug":"staub-cocotte-rund-24-cm-basilikum-gruen","status":"publish","type":"product","link":"https:\/\/dev6.erresse-shop.it\/de\/shop\/toepfe-pfannen\/schalldaempfer-und-kokotten\/staub-cocotte-rund-24-cm-basilikum-gruen\/","title":{"rendered":"STAUB Cocotte Rund 24 cm Basilikum-Gr\u00fcn"},"content":{"rendered":"<p>Die runde Cocotte in der sch\u00f6nen Farbe Basilikumgr\u00fcn sieht in K\u00fcche wie Esszimmer attraktiv aus. In diesem Topf, der in Frankreich traditionell als Schmortopf genutzt wird, bereiten Sie leckere Gerichte aus verschiedenen Zutaten zu. In ihm werden Fleisch, Gem\u00fcse und andere Lebensmittel langsam gegart, sodass sich ihre Aromen vermischen und voll entfalten. Hierbei bleiben alle Vitamine erhalten und Ihre Speisen sind nicht nur schmackhaft, sondern auch gesund. Die gr\u00fcne Cocotte von Staub ist mit einem Durchmesser von 28 cm, einer H\u00f6he von 18,2 cm und einem Fassungsverm\u00f6gen von 6,7 l erh\u00e4ltlich. Sie besteht vollst\u00e4ndig aus Gusseisen und hat dadurch ein Gewicht von rund 8 kg. Gusseisernes Kochgeschirr wird von Anf\u00e4ngern, Hobbyk\u00f6chen und auch von Spitzenk\u00f6chen wie Paul Bocuse benutzt, denn es speichert die Hitze dauerhaft und leitet sie in alle Bereiche. In gusseisernen T\u00f6pfen werden die Zutaten in der Mitte und am Rand des Topfes daher gleichm\u00e4\u00dfig gegart. Die Cocotte der Serie La Cocotte von Staub ist in ihrem Inneren zus\u00e4tzlich mit einer mattschwarzen Emaillierung versehen. Diese verst\u00e4rkt den Eigengeschmack der Speisen und hat einen sehr guten Schmoreffekt. In dieser Cocotte, die Sie auf jedem Herd und sogar auf einem Induktionskochfeld benutzen k\u00f6nnen, gelingen Ihnen beispielsweise franz\u00f6sische Spezialit\u00e4ten, mit denen Sie Ihre Familie begeistern werden.<\/p>\n<p>\u2013 Ideal zum Anbraten und langsamen Garen von Fleisch, Fisch oder Gem\u00fcse<br \/>\n\u2013 Saftiges und zartes Kochergebnis durch die spezielle Tropfenstruktur im Deckel<br \/>\n\u2013 Die schwarzmatte Innenemaillierung eignet sich zum besonders krossen Anbraten und ist besonders strapazierf\u00e4hig<br \/>\n\u2013 F\u00fcr alle Herdarten inkl. Induktion geeignet, auch im Backofen\/Grill einsetzbar<br \/>\n\u2013 Intensiver Farbton durch die besondere Majolika Emaillierung<\/p>\n<p>Eigenschaften<br \/>\n\u2013 Hitzebest\u00e4ndigkeit (\u00b0C): 240,00 \u00baC<br \/>\n\u2013 K\u00e4ltebest\u00e4ndigkeit: -20,00 \u00baC<br \/>\n\u2013 Material: Gusseisen<br \/>\n\u2013 Vorhandener Deckel: Ja<br \/>\n\u2013 Induktion: Ja<br \/>\n\u2013 Backofenfest: Ja<br \/>\n\u2013 Geeignet f\u00fcr Gefrierschrank: Ja<br \/>\n\u2013 Herdtauglich: ja<br \/>\n\u2013 Sp\u00fclmaschinentauglich: ja<\/p>\n<p>Gr\u00f6\u00dfe<br \/>\n\u2013 Nettogewicht: 4,60 kg<br \/>\n\u2013 Fassungsverm\u00f6gen: 3,80 l<br \/>\n\u2013 Produktl\u00e4nge: 30,30 cm<br \/>\n\u2013 Produktbreite: 24,00 cm<br \/>\n\u2013 H\u00f6he des Produkts: 15,30 cm<br \/>\n\u2013 H\u00f6he ohne Deckel: 10,50 cm<br \/>\n\u2013 Durchmesser oben: 24,00 cm<br \/>\n\u2013 Durchmesser des Bodens: 19,20 cm<br \/>\n\u2013 Griffl\u00e4nge: 2,00 cm<\/p>\n<p>Abmessungen<br \/>\n\u2013 Gewicht netto: 6,90 kg<br \/>\n\u2013 Fassungsverm\u00f6gen: 6,70 l<br \/>\n\u2013 Produktl\u00e4nge: 35,20 cm<br \/>\n\u2013 Produktbreite: 28,00 cm<br \/>\n\u2013 Produkth\u00f6he: 18,20 cm<br \/>\n\u2013 Produkth\u00f6he ohne Deckel: 13,20 cm<br \/>\n\u2013 Bodenst\u00e4rke: 0,40 cm<br \/>\n\u2013 Oberer Durchmesser: 28,00 cm<br \/>\n\u2013 Bodendurchmesser: 23,70 cm<\/p>\n","protected":false},"excerpt":{"rendered":"<p>Die runde Cocotte in der sch\u00f6nen Farbe Basilikumgr\u00fcn sieht in K\u00fcche wie Esszimmer attraktiv aus. In diesem Topf, der in Frankreich traditionell als Schmortopf genutzt wird, bereiten Sie leckere Gerichte aus verschiedenen Zutaten zu. In ihm werden Fleisch, Gem\u00fcse und andere Lebensmittel langsam gegart, sodass sich ihre Aromen vermischen und voll entfalten. Hierbei bleiben alle [&hellip;]<\/p>\n","protected":false},"featured_media":6350836,"template":"","meta":{"_acf_changed":false},"product_cat":[11667,12108,12099],"product_tag":[],"class_list":{"0":"post-49906","1":"product","2":"type-product","3":"status-publish","4":"has-post-thumbnail","6":"product_cat-padelle-pentole","7":"product_cat-schalldaempfer-und-kokotten","8":"product_cat-toepfe-pfannen","10":"first","11":"outofstock","12":"sale","13":"taxable","14":"shipping-taxable","15":"purchasable","16":"product-type-simple","swatches":"rey-swatches","show_selected":"","stretch_labels":"rey-swatches--stretch-labels"},"acf":[],"yoast_head":"<!-- This site is optimized with the Yoast SEO plugin v25.4 - https:\/\/yoast.com\/wordpress\/plugins\/seo\/ -->\n<title>STAUB Cocotte Rund 24 cm Basilikum-Gr\u00fcn - dev6 Erresse<\/title>\n<meta name=\"description\" content=\"Die runde Cocotte in der sch\u00f6nen Farbe Basilikumgr\u00fcn sieht in K\u00fcche wie Esszimmer attraktiv aus. In diesem Topf, der in Frankreich traditionell als\" \/>\n<meta name=\"robots\" content=\"noindex, follow, max-snippet:-1, max-image-preview:large, max-video-preview:-1\" \/>\n<meta property=\"og:locale\" content=\"de_DE\" \/>\n<meta property=\"og:type\" content=\"article\" \/>\n<meta property=\"og:title\" content=\"STAUB Cocotte Rund 24 cm Basilikum-Gr\u00fcn - dev6 Erresse\" \/>\n<meta property=\"og:description\" content=\"Die runde Cocotte in der sch\u00f6nen Farbe Basilikumgr\u00fcn sieht in K\u00fcche wie Esszimmer attraktiv aus. In diesem Topf, der in Frankreich traditionell als\" \/>\n<meta property=\"og:url\" content=\"https:\/\/dev6.erresse-shop.it\/de\/shop\/toepfe-pfannen\/schalldaempfer-und-kokotten\/staub-cocotte-rund-24-cm-basilikum-gruen\/\" \/>\n<meta property=\"og:site_name\" content=\"dev6 Erresse\" \/>\n<meta property=\"og:image\" content=\"https:\/\/interpim.erresse-shop.it\/Import\/Prodotti\/40509-361-verde-28cm.jpeg\" \/><meta property=\"og:image\" content=\"https:\/\/interpim.erresse-shop.it\/Import\/Prodotti\/40509-361-verde-28cm.jpeg\" \/>\n\t<meta property=\"og:image:width\" content=\"1024\" \/>\n\t<meta property=\"og:image:height\" content=\"1024\" \/>\n\t<meta property=\"og:image:type\" content=\"image\/jpeg\" \/>\n<meta name=\"twitter:card\" content=\"summary_large_image\" \/>\n<meta name=\"twitter:image\" content=\"https:\/\/interpim.erresse-shop.it\/Import\/Prodotti\/40509-361-verde-28cm.jpeg\" \/>\n<script type=\"application\/ld+json\" class=\"yoast-schema-graph\">{\"@context\":\"https:\/\/schema.org\",\"@graph\":[{\"@type\":\"WebPage\",\"@id\":\"https:\/\/dev6.erresse-shop.it\/de\/shop\/toepfe-pfannen\/schalldaempfer-und-kokotten\/staub-cocotte-rund-24-cm-basilikum-gruen\/\",\"url\":\"https:\/\/dev6.erresse-shop.it\/de\/shop\/toepfe-pfannen\/schalldaempfer-und-kokotten\/staub-cocotte-rund-24-cm-basilikum-gruen\/\",\"name\":\"STAUB Cocotte Rund 24 cm Basilikum-Gr\u00fcn - dev6 Erresse\",\"isPartOf\":{\"@id\":\"https:\/\/dev6.erresse-shop.it\/#website\"},\"primaryImageOfPage\":{\"@id\":\"https:\/\/dev6.erresse-shop.it\/de\/shop\/toepfe-pfannen\/schalldaempfer-und-kokotten\/staub-cocotte-rund-24-cm-basilikum-gruen\/#primaryimage\"},\"image\":{\"@id\":\"https:\/\/dev6.erresse-shop.it\/de\/shop\/toepfe-pfannen\/schalldaempfer-und-kokotten\/staub-cocotte-rund-24-cm-basilikum-gruen\/#primaryimage\"},\"thumbnailUrl\":\"https:\/\/i2.wp.com\/interpim.erresse-shop.it\/Import\/Prodotti\/40509-361-verde-28cm.jpeg?ssl=1\",\"datePublished\":\"2026-04-12T06:33:55+00:00\",\"description\":\"Die runde Cocotte in der sch\u00f6nen Farbe Basilikumgr\u00fcn sieht in K\u00fcche wie Esszimmer attraktiv aus. In diesem Topf, der in Frankreich traditionell als\",\"breadcrumb\":{\"@id\":\"https:\/\/dev6.erresse-shop.it\/de\/shop\/toepfe-pfannen\/schalldaempfer-und-kokotten\/staub-cocotte-rund-24-cm-basilikum-gruen\/#breadcrumb\"},\"inLanguage\":\"de\",\"potentialAction\":[{\"@type\":\"ReadAction\",\"target\":[\"https:\/\/dev6.erresse-shop.it\/de\/shop\/toepfe-pfannen\/schalldaempfer-und-kokotten\/staub-cocotte-rund-24-cm-basilikum-gruen\/\"]}]},{\"@type\":\"ImageObject\",\"inLanguage\":\"de\",\"@id\":\"https:\/\/dev6.erresse-shop.it\/de\/shop\/toepfe-pfannen\/schalldaempfer-und-kokotten\/staub-cocotte-rund-24-cm-basilikum-gruen\/#primaryimage\",\"url\":\"https:\/\/i2.wp.com\/interpim.erresse-shop.it\/Import\/Prodotti\/40509-361-verde-28cm.jpeg?ssl=1\",\"contentUrl\":\"https:\/\/i2.wp.com\/interpim.erresse-shop.it\/Import\/Prodotti\/40509-361-verde-28cm.jpeg?ssl=1\"},{\"@type\":\"BreadcrumbList\",\"@id\":\"https:\/\/dev6.erresse-shop.it\/de\/shop\/toepfe-pfannen\/schalldaempfer-und-kokotten\/staub-cocotte-rund-24-cm-basilikum-gruen\/#breadcrumb\",\"itemListElement\":[{\"@type\":\"ListItem\",\"position\":1,\"name\":\"Home\",\"item\":\"https:\/\/dev6.erresse-shop.it\/\"},{\"@type\":\"ListItem\",\"position\":2,\"name\":\"Shop\",\"item\":\"https:\/\/dev6.erresse-shop.it\/shop\/\"},{\"@type\":\"ListItem\",\"position\":3,\"name\":\"STAUB Cocotte Rund 24 cm Basilikum-Gr\u00fcn\"}]},{\"@type\":\"WebSite\",\"@id\":\"https:\/\/dev6.erresse-shop.it\/#website\",\"url\":\"https:\/\/dev6.erresse-shop.it\/\",\"name\":\"Erresse Shop\",\"description\":\"\",\"publisher\":{\"@id\":\"https:\/\/dev6.erresse-shop.it\/#organization\"},\"potentialAction\":[{\"@type\":\"SearchAction\",\"target\":{\"@type\":\"EntryPoint\",\"urlTemplate\":\"https:\/\/dev6.erresse-shop.it\/?s={search_term_string}\"},\"query-input\":{\"@type\":\"PropertyValueSpecification\",\"valueRequired\":true,\"valueName\":\"search_term_string\"}}],\"inLanguage\":\"de\"},{\"@type\":\"Organization\",\"@id\":\"https:\/\/dev6.erresse-shop.it\/#organization\",\"name\":\"Erresse Shop\",\"url\":\"https:\/\/dev6.erresse-shop.it\/\",\"logo\":{\"@type\":\"ImageObject\",\"inLanguage\":\"de\",\"@id\":\"https:\/\/dev6.erresse-shop.it\/#\/schema\/logo\/image\/\",\"url\":\"https:\/\/dev6.erresse-shop.it\/wp-content\/uploads\/2025\/01\/LOGO-ERRESSE-CLASSICO.svg\",\"contentUrl\":\"https:\/\/dev6.erresse-shop.it\/wp-content\/uploads\/2025\/01\/LOGO-ERRESSE-CLASSICO.svg\",\"caption\":\"Erresse Shop\"},\"image\":{\"@id\":\"https:\/\/dev6.erresse-shop.it\/#\/schema\/logo\/image\/\"}}]}<\/script>\n<!-- \/ Yoast SEO plugin. -->","yoast_head_json":{"title":"STAUB Cocotte Rund 24 cm Basilikum-Gr\u00fcn - dev6 Erresse","description":"Die runde Cocotte in der sch\u00f6nen Farbe Basilikumgr\u00fcn sieht in K\u00fcche wie Esszimmer attraktiv aus. In diesem Topf, der in Frankreich traditionell als","robots":{"index":"noindex","follow":"follow","max-snippet":"max-snippet:-1","max-image-preview":"max-image-preview:large","max-video-preview":"max-video-preview:-1"},"og_locale":"de_DE","og_type":"article","og_title":"STAUB Cocotte Rund 24 cm Basilikum-Gr\u00fcn - dev6 Erresse","og_description":"Die runde Cocotte in der sch\u00f6nen Farbe Basilikumgr\u00fcn sieht in K\u00fcche wie Esszimmer attraktiv aus. In diesem Topf, der in Frankreich traditionell als","og_url":"https:\/\/dev6.erresse-shop.it\/de\/shop\/toepfe-pfannen\/schalldaempfer-und-kokotten\/staub-cocotte-rund-24-cm-basilikum-gruen\/","og_site_name":"dev6 Erresse","og_image":[{"url":"https:\/\/interpim.erresse-shop.it\/Import\/Prodotti\/40509-361-verde-28cm.jpeg","type":"","width":"","height":""},{"url":"https:\/\/interpim.erresse-shop.it\/Import\/Prodotti\/40509-361-verde-28cm.jpeg","width":1024,"height":1024,"type":"image\/jpeg"}],"twitter_card":"summary_large_image","twitter_image":"https:\/\/interpim.erresse-shop.it\/Import\/Prodotti\/40509-361-verde-28cm.jpeg","schema":{"@context":"https:\/\/schema.org","@graph":[{"@type":"WebPage","@id":"https:\/\/dev6.erresse-shop.it\/de\/shop\/toepfe-pfannen\/schalldaempfer-und-kokotten\/staub-cocotte-rund-24-cm-basilikum-gruen\/","url":"https:\/\/dev6.erresse-shop.it\/de\/shop\/toepfe-pfannen\/schalldaempfer-und-kokotten\/staub-cocotte-rund-24-cm-basilikum-gruen\/","name":"STAUB Cocotte Rund 24 cm Basilikum-Gr\u00fcn - dev6 Erresse","isPartOf":{"@id":"https:\/\/dev6.erresse-shop.it\/#website"},"primaryImageOfPage":{"@id":"https:\/\/dev6.erresse-shop.it\/de\/shop\/toepfe-pfannen\/schalldaempfer-und-kokotten\/staub-cocotte-rund-24-cm-basilikum-gruen\/#primaryimage"},"image":{"@id":"https:\/\/dev6.erresse-shop.it\/de\/shop\/toepfe-pfannen\/schalldaempfer-und-kokotten\/staub-cocotte-rund-24-cm-basilikum-gruen\/#primaryimage"},"thumbnailUrl":"https:\/\/i2.wp.com\/interpim.erresse-shop.it\/Import\/Prodotti\/40509-361-verde-28cm.jpeg?ssl=1","datePublished":"2026-04-12T06:33:55+00:00","description":"Die runde Cocotte in der sch\u00f6nen Farbe Basilikumgr\u00fcn sieht in K\u00fcche wie Esszimmer attraktiv aus. In diesem Topf, der in Frankreich traditionell als","breadcrumb":{"@id":"https:\/\/dev6.erresse-shop.it\/de\/shop\/toepfe-pfannen\/schalldaempfer-und-kokotten\/staub-cocotte-rund-24-cm-basilikum-gruen\/#breadcrumb"},"inLanguage":"de","potentialAction":[{"@type":"ReadAction","target":["https:\/\/dev6.erresse-shop.it\/de\/shop\/toepfe-pfannen\/schalldaempfer-und-kokotten\/staub-cocotte-rund-24-cm-basilikum-gruen\/"]}]},{"@type":"ImageObject","inLanguage":"de","@id":"https:\/\/dev6.erresse-shop.it\/de\/shop\/toepfe-pfannen\/schalldaempfer-und-kokotten\/staub-cocotte-rund-24-cm-basilikum-gruen\/#primaryimage","url":"https:\/\/i2.wp.com\/interpim.erresse-shop.it\/Import\/Prodotti\/40509-361-verde-28cm.jpeg?ssl=1","contentUrl":"https:\/\/i2.wp.com\/interpim.erresse-shop.it\/Import\/Prodotti\/40509-361-verde-28cm.jpeg?ssl=1"},{"@type":"BreadcrumbList","@id":"https:\/\/dev6.erresse-shop.it\/de\/shop\/toepfe-pfannen\/schalldaempfer-und-kokotten\/staub-cocotte-rund-24-cm-basilikum-gruen\/#breadcrumb","itemListElement":[{"@type":"ListItem","position":1,"name":"Home","item":"https:\/\/dev6.erresse-shop.it\/"},{"@type":"ListItem","position":2,"name":"Shop","item":"https:\/\/dev6.erresse-shop.it\/shop\/"},{"@type":"ListItem","position":3,"name":"STAUB Cocotte Rund 24 cm Basilikum-Gr\u00fcn"}]},{"@type":"WebSite","@id":"https:\/\/dev6.erresse-shop.it\/#website","url":"https:\/\/dev6.erresse-shop.it\/","name":"Erresse Shop","description":"","publisher":{"@id":"https:\/\/dev6.erresse-shop.it\/#organization"},"potentialAction":[{"@type":"SearchAction","target":{"@type":"EntryPoint","urlTemplate":"https:\/\/dev6.erresse-shop.it\/?s={search_term_string}"},"query-input":{"@type":"PropertyValueSpecification","valueRequired":true,"valueName":"search_term_string"}}],"inLanguage":"de"},{"@type":"Organization","@id":"https:\/\/dev6.erresse-shop.it\/#organization","name":"Erresse Shop","url":"https:\/\/dev6.erresse-shop.it\/","logo":{"@type":"ImageObject","inLanguage":"de","@id":"https:\/\/dev6.erresse-shop.it\/#\/schema\/logo\/image\/","url":"https:\/\/dev6.erresse-shop.it\/wp-content\/uploads\/2025\/01\/LOGO-ERRESSE-CLASSICO.svg","contentUrl":"https:\/\/dev6.erresse-shop.it\/wp-content\/uploads\/2025\/01\/LOGO-ERRESSE-CLASSICO.svg","caption":"Erresse Shop"},"image":{"@id":"https:\/\/dev6.erresse-shop.it\/#\/schema\/logo\/image\/"}}]}},"df_price":199.95,"df_sale_price":199.95,"df_regular_price":299,"df_image_link":"https:\/\/i2.wp.com\/interpim.erresse-shop.it\/Import\/Prodotti\/40509-361-verde-28cm.jpeg?resize=300,300&ssl=1","fifu_image_url":"https:\/\/interpim.erresse-shop.it\/Import\/Prodotti\/40509-361-verde-28cm.jpeg","_links":{"self":[{"href":"https:\/\/dev6.erresse-shop.it\/de\/wp-json\/wp\/v2\/product\/49906","targetHints":{"allow":["GET"]}}],"collection":[{"href":"https:\/\/dev6.erresse-shop.it\/de\/wp-json\/wp\/v2\/product"}],"about":[{"href":"https:\/\/dev6.erresse-shop.it\/de\/wp-json\/wp\/v2\/types\/product"}],"wp:featuredmedia":[{"embeddable":true,"href":"https:\/\/dev6.erresse-shop.it\/de\/wp-json\/wp\/v2\/media\/6350836"}],"wp:attachment":[{"href":"https:\/\/dev6.erresse-shop.it\/de\/wp-json\/wp\/v2\/media?parent=49906"}],"wp:term":[{"taxonomy":"product_cat","embeddable":true,"href":"https:\/\/dev6.erresse-shop.it\/de\/wp-json\/wp\/v2\/product_cat?post=49906"},{"taxonomy":"product_tag","embeddable":true,"href":"https:\/\/dev6.erresse-shop.it\/de\/wp-json\/wp\/v2\/product_tag?post=49906"}],"curies":[{"name":"wp","href":"https:\/\/api.w.org\/{rel}","templated":true}]}}