{"id":49904,"date":"2026-04-16T19:09:42","date_gmt":"2026-04-16T17:09:42","guid":{"rendered":"https:\/\/dev6.erresse-shop.it\/shop\/unkategorisiert\/staub-cocotte-rund-28-cm-salbei\/"},"modified":"2025-09-14T00:38:40","modified_gmt":"2025-09-13T22:38:40","slug":"staub-cocotte-rund-28-cm-salbei","status":"publish","type":"product","link":"https:\/\/dev6.erresse-shop.it\/de\/shop\/toepfe-pfannen\/schalldaempfer-und-kokotten\/staub-cocotte-rund-28-cm-salbei\/","title":{"rendered":"STAUB Cocotte Rund 28 cm Salbei"},"content":{"rendered":"<p>Die Staub-Kokotte ist nach wie vor un\u00fcbertroffen f\u00fcr das langsame Garen von Fleisch und Gem\u00fcse bis zur zarten Perfektion und f\u00fcr die Zubereitung von deftigen Eint\u00f6pfen und Suppen. Gusseisen hat hervorragende W\u00e4rmespeichereigenschaften. Das bedeutet, dass sich die Pfanne gleichm\u00e4\u00dfig erhitzt. Der innovative Deckel hat auf der Innenseite kleine Zacken, die die kondensierte Fl\u00fcssigkeit kontinuierlich \u00fcber die Lebensmittel gie\u00dfen, was zu saftigen und schmackhaften Ergebnissen f\u00fchrt. Der spezielle mattschwarze Emaille-Innenraum und der Deckel mit durchgehenden Streuspitzen von Staub sorgen f\u00fcr perfektes Anbraten und Schmoren, f\u00fcr Speisen mit au\u00dfergew\u00f6hnlichem Geschmack. Mit ihrer sch\u00f6nen Emaille-Oberfl\u00e4che passt jedes St\u00fcck wunderbar von der K\u00fcche auf den Tisch. Vom Comfort Food bis zum opulenten Dinner, jedes Gericht ist etwas Besonderes, wenn es in einem Staub-Produkt serviert wird. Staub emailliertes Gusseisen-Kochgeschirr ist die Wahl der besten K\u00f6che der Welt. Mit seiner au\u00dfergew\u00f6hnlichen Langlebigkeit eignet er sich perfekt f\u00fcr den t\u00e4glichen Gebrauch sowohl in Gourmetk\u00fcchen zu Hause als auch in renommierten Restaurants auf der ganzen Welt. Gebaut, um ein Leben lang zu halten, k\u00f6nnen diese Erbst\u00fccke von Generation zu Generation weitergegeben werden.<\/p>\n<p>Ideal zum Abdichten und langsamen Garen von Fleisch, Fisch oder Gem\u00fcse<br \/>\nF\u00fcr ein saftiges und zartes Garergebnis dank des Deckels<br \/>\nDie mattschwarze Innenemaillierung ist ideal f\u00fcr eine besonders knusprige<br \/>\nBr\u00e4unung und ist sehr langlebig<br \/>\nGeeignet f\u00fcr alle Arten von Kochfeldern, einschlie\u00dflich Induktion, kann auch in den Backofen\/Grill gestellt werden<br \/>\nBackofenfest bis zu 900F\/482C ohne Knopf, Deckelkn\u00f6pfe sind sicher bis zu 500F\/260C<\/p>\n<p>Eigenschaften<br \/>\n\u2013 Hitzebest\u00e4ndigkeit (\u00b0C): 240,00 \u00baC<br \/>\n\u2013 Material: Gusseisen<br \/>\n\u2013 Vorhandener Deckel: ja<br \/>\n\u2013 Induktion: Ja<br \/>\n\u2013 Backofenfest: Ja<br \/>\n\u2013 Geeignet f\u00fcr Gefrierschrank: Ja<br \/>\n\u2013 Herdtauglich: ja<br \/>\n\u2013 Sp\u00fclmaschinentauglich: ja<\/p>\n<p>Gr\u00f6\u00dfe<br \/>\n\u2013 Nettogewicht: 6,90 kg<br \/>\n\u2013 Fassungsverm\u00f6gen: 6,70 l<br \/>\n\u2013 Produktl\u00e4nge: 35,20 cm<br \/>\n\u2013 Produktbreite: 28,00 cm<br \/>\n\u2013 H\u00f6he des Produkts: 18,20 cm<br \/>\n\u2013 H\u00f6he ohne Deckel: 13,20 cm<br \/>\n\u2013 Durchmesser oben: 28,00 cm<br \/>\n\u2013 Durchmesser des Bodens: 23,70 cm<br \/>\n\u2013 L\u00e4nge des Griffs: 3,50 cm<\/p>\n","protected":false},"excerpt":{"rendered":"<p>Die Staub-Kokotte ist nach wie vor un\u00fcbertroffen f\u00fcr das langsame Garen von Fleisch und Gem\u00fcse bis zur zarten Perfektion und f\u00fcr die Zubereitung von deftigen Eint\u00f6pfen und Suppen. Gusseisen hat hervorragende W\u00e4rmespeichereigenschaften. Das bedeutet, dass sich die Pfanne gleichm\u00e4\u00dfig erhitzt. Der innovative Deckel hat auf der Innenseite kleine Zacken, die die kondensierte Fl\u00fcssigkeit kontinuierlich \u00fcber [&hellip;]<\/p>\n","protected":false},"featured_media":6489851,"template":"","meta":{"_acf_changed":false},"product_cat":[11667,12108,12099],"product_tag":[],"class_list":{"0":"post-49904","1":"product","2":"type-product","3":"status-publish","4":"has-post-thumbnail","6":"product_cat-padelle-pentole","7":"product_cat-schalldaempfer-und-kokotten","8":"product_cat-toepfe-pfannen","10":"first","11":"outofstock","12":"sale","13":"taxable","14":"shipping-taxable","15":"purchasable","16":"product-type-simple","swatches":"rey-swatches","show_selected":"","stretch_labels":"rey-swatches--stretch-labels"},"acf":[],"yoast_head":"<!-- This site is optimized with the Yoast SEO plugin v25.4 - https:\/\/yoast.com\/wordpress\/plugins\/seo\/ -->\n<title>STAUB Cocotte Rund 28 cm Salbei - dev6 Erresse<\/title>\n<meta name=\"description\" content=\"Die Staub-Kokotte ist nach wie vor un\u00fcbertroffen f\u00fcr das langsame Garen von Fleisch und Gem\u00fcse bis zur zarten Perfektion und f\u00fcr die Zubereitung von\" \/>\n<meta name=\"robots\" content=\"noindex, follow, max-snippet:-1, max-image-preview:large, max-video-preview:-1\" \/>\n<meta property=\"og:locale\" content=\"de_DE\" \/>\n<meta property=\"og:type\" content=\"article\" \/>\n<meta property=\"og:title\" content=\"STAUB Cocotte Rund 28 cm Salbei - dev6 Erresse\" \/>\n<meta property=\"og:description\" content=\"Die Staub-Kokotte ist nach wie vor un\u00fcbertroffen f\u00fcr das langsame Garen von Fleisch und Gem\u00fcse bis zur zarten Perfektion und f\u00fcr die Zubereitung von\" \/>\n<meta property=\"og:url\" content=\"https:\/\/dev6.erresse-shop.it\/de\/shop\/toepfe-pfannen\/schalldaempfer-und-kokotten\/staub-cocotte-rund-28-cm-salbei\/\" \/>\n<meta property=\"og:site_name\" content=\"dev6 Erresse\" \/>\n<meta property=\"og:image\" content=\"https:\/\/interpim.erresse-shop.it\/img-catalogo\/staub\/staub-cocotte-tonda-salvia.jpg\" \/><meta property=\"og:image\" content=\"https:\/\/interpim.erresse-shop.it\/img-catalogo\/staub\/staub-cocotte-tonda-salvia.jpg\" \/>\n\t<meta property=\"og:image:width\" content=\"1024\" \/>\n\t<meta property=\"og:image:height\" content=\"1024\" \/>\n\t<meta property=\"og:image:type\" content=\"image\/jpeg\" \/>\n<meta name=\"twitter:card\" content=\"summary_large_image\" \/>\n<meta name=\"twitter:image\" content=\"https:\/\/interpim.erresse-shop.it\/img-catalogo\/staub\/staub-cocotte-tonda-salvia.jpg\" \/>\n<script type=\"application\/ld+json\" class=\"yoast-schema-graph\">{\"@context\":\"https:\/\/schema.org\",\"@graph\":[{\"@type\":\"WebPage\",\"@id\":\"https:\/\/dev6.erresse-shop.it\/de\/shop\/toepfe-pfannen\/schalldaempfer-und-kokotten\/staub-cocotte-rund-28-cm-salbei\/\",\"url\":\"https:\/\/dev6.erresse-shop.it\/de\/shop\/toepfe-pfannen\/schalldaempfer-und-kokotten\/staub-cocotte-rund-28-cm-salbei\/\",\"name\":\"STAUB Cocotte Rund 28 cm Salbei - dev6 Erresse\",\"isPartOf\":{\"@id\":\"https:\/\/dev6.erresse-shop.it\/#website\"},\"primaryImageOfPage\":{\"@id\":\"https:\/\/dev6.erresse-shop.it\/de\/shop\/toepfe-pfannen\/schalldaempfer-und-kokotten\/staub-cocotte-rund-28-cm-salbei\/#primaryimage\"},\"image\":{\"@id\":\"https:\/\/dev6.erresse-shop.it\/de\/shop\/toepfe-pfannen\/schalldaempfer-und-kokotten\/staub-cocotte-rund-28-cm-salbei\/#primaryimage\"},\"thumbnailUrl\":\"https:\/\/i2.wp.com\/interpim.erresse-shop.it\/img-catalogo\/staub\/staub-cocotte-tonda-salvia.jpg?ssl=1\",\"datePublished\":\"2026-04-16T17:09:42+00:00\",\"description\":\"Die Staub-Kokotte ist nach wie vor un\u00fcbertroffen f\u00fcr das langsame Garen von Fleisch und Gem\u00fcse bis zur zarten Perfektion und f\u00fcr die Zubereitung von\",\"breadcrumb\":{\"@id\":\"https:\/\/dev6.erresse-shop.it\/de\/shop\/toepfe-pfannen\/schalldaempfer-und-kokotten\/staub-cocotte-rund-28-cm-salbei\/#breadcrumb\"},\"inLanguage\":\"de\",\"potentialAction\":[{\"@type\":\"ReadAction\",\"target\":[\"https:\/\/dev6.erresse-shop.it\/de\/shop\/toepfe-pfannen\/schalldaempfer-und-kokotten\/staub-cocotte-rund-28-cm-salbei\/\"]}]},{\"@type\":\"ImageObject\",\"inLanguage\":\"de\",\"@id\":\"https:\/\/dev6.erresse-shop.it\/de\/shop\/toepfe-pfannen\/schalldaempfer-und-kokotten\/staub-cocotte-rund-28-cm-salbei\/#primaryimage\",\"url\":\"https:\/\/i2.wp.com\/interpim.erresse-shop.it\/img-catalogo\/staub\/staub-cocotte-tonda-salvia.jpg?ssl=1\",\"contentUrl\":\"https:\/\/i2.wp.com\/interpim.erresse-shop.it\/img-catalogo\/staub\/staub-cocotte-tonda-salvia.jpg?ssl=1\"},{\"@type\":\"BreadcrumbList\",\"@id\":\"https:\/\/dev6.erresse-shop.it\/de\/shop\/toepfe-pfannen\/schalldaempfer-und-kokotten\/staub-cocotte-rund-28-cm-salbei\/#breadcrumb\",\"itemListElement\":[{\"@type\":\"ListItem\",\"position\":1,\"name\":\"Home\",\"item\":\"https:\/\/dev6.erresse-shop.it\/\"},{\"@type\":\"ListItem\",\"position\":2,\"name\":\"Shop\",\"item\":\"https:\/\/dev6.erresse-shop.it\/shop\/\"},{\"@type\":\"ListItem\",\"position\":3,\"name\":\"STAUB Cocotte Rund 28 cm Salbei\"}]},{\"@type\":\"WebSite\",\"@id\":\"https:\/\/dev6.erresse-shop.it\/#website\",\"url\":\"https:\/\/dev6.erresse-shop.it\/\",\"name\":\"Erresse Shop\",\"description\":\"\",\"publisher\":{\"@id\":\"https:\/\/dev6.erresse-shop.it\/#organization\"},\"potentialAction\":[{\"@type\":\"SearchAction\",\"target\":{\"@type\":\"EntryPoint\",\"urlTemplate\":\"https:\/\/dev6.erresse-shop.it\/?s={search_term_string}\"},\"query-input\":{\"@type\":\"PropertyValueSpecification\",\"valueRequired\":true,\"valueName\":\"search_term_string\"}}],\"inLanguage\":\"de\"},{\"@type\":\"Organization\",\"@id\":\"https:\/\/dev6.erresse-shop.it\/#organization\",\"name\":\"Erresse Shop\",\"url\":\"https:\/\/dev6.erresse-shop.it\/\",\"logo\":{\"@type\":\"ImageObject\",\"inLanguage\":\"de\",\"@id\":\"https:\/\/dev6.erresse-shop.it\/#\/schema\/logo\/image\/\",\"url\":\"https:\/\/dev6.erresse-shop.it\/wp-content\/uploads\/2025\/01\/LOGO-ERRESSE-CLASSICO.svg\",\"contentUrl\":\"https:\/\/dev6.erresse-shop.it\/wp-content\/uploads\/2025\/01\/LOGO-ERRESSE-CLASSICO.svg\",\"caption\":\"Erresse Shop\"},\"image\":{\"@id\":\"https:\/\/dev6.erresse-shop.it\/#\/schema\/logo\/image\/\"}}]}<\/script>\n<!-- \/ Yoast SEO plugin. -->","yoast_head_json":{"title":"STAUB Cocotte Rund 28 cm Salbei - dev6 Erresse","description":"Die Staub-Kokotte ist nach wie vor un\u00fcbertroffen f\u00fcr das langsame Garen von Fleisch und Gem\u00fcse bis zur zarten Perfektion und f\u00fcr die Zubereitung von","robots":{"index":"noindex","follow":"follow","max-snippet":"max-snippet:-1","max-image-preview":"max-image-preview:large","max-video-preview":"max-video-preview:-1"},"og_locale":"de_DE","og_type":"article","og_title":"STAUB Cocotte Rund 28 cm Salbei - dev6 Erresse","og_description":"Die Staub-Kokotte ist nach wie vor un\u00fcbertroffen f\u00fcr das langsame Garen von Fleisch und Gem\u00fcse bis zur zarten Perfektion und f\u00fcr die Zubereitung von","og_url":"https:\/\/dev6.erresse-shop.it\/de\/shop\/toepfe-pfannen\/schalldaempfer-und-kokotten\/staub-cocotte-rund-28-cm-salbei\/","og_site_name":"dev6 Erresse","og_image":[{"url":"https:\/\/interpim.erresse-shop.it\/img-catalogo\/staub\/staub-cocotte-tonda-salvia.jpg","type":"","width":"","height":""},{"url":"https:\/\/interpim.erresse-shop.it\/img-catalogo\/staub\/staub-cocotte-tonda-salvia.jpg","width":1024,"height":1024,"type":"image\/jpeg"}],"twitter_card":"summary_large_image","twitter_image":"https:\/\/interpim.erresse-shop.it\/img-catalogo\/staub\/staub-cocotte-tonda-salvia.jpg","schema":{"@context":"https:\/\/schema.org","@graph":[{"@type":"WebPage","@id":"https:\/\/dev6.erresse-shop.it\/de\/shop\/toepfe-pfannen\/schalldaempfer-und-kokotten\/staub-cocotte-rund-28-cm-salbei\/","url":"https:\/\/dev6.erresse-shop.it\/de\/shop\/toepfe-pfannen\/schalldaempfer-und-kokotten\/staub-cocotte-rund-28-cm-salbei\/","name":"STAUB Cocotte Rund 28 cm Salbei - dev6 Erresse","isPartOf":{"@id":"https:\/\/dev6.erresse-shop.it\/#website"},"primaryImageOfPage":{"@id":"https:\/\/dev6.erresse-shop.it\/de\/shop\/toepfe-pfannen\/schalldaempfer-und-kokotten\/staub-cocotte-rund-28-cm-salbei\/#primaryimage"},"image":{"@id":"https:\/\/dev6.erresse-shop.it\/de\/shop\/toepfe-pfannen\/schalldaempfer-und-kokotten\/staub-cocotte-rund-28-cm-salbei\/#primaryimage"},"thumbnailUrl":"https:\/\/i2.wp.com\/interpim.erresse-shop.it\/img-catalogo\/staub\/staub-cocotte-tonda-salvia.jpg?ssl=1","datePublished":"2026-04-16T17:09:42+00:00","description":"Die Staub-Kokotte ist nach wie vor un\u00fcbertroffen f\u00fcr das langsame Garen von Fleisch und Gem\u00fcse bis zur zarten Perfektion und f\u00fcr die Zubereitung von","breadcrumb":{"@id":"https:\/\/dev6.erresse-shop.it\/de\/shop\/toepfe-pfannen\/schalldaempfer-und-kokotten\/staub-cocotte-rund-28-cm-salbei\/#breadcrumb"},"inLanguage":"de","potentialAction":[{"@type":"ReadAction","target":["https:\/\/dev6.erresse-shop.it\/de\/shop\/toepfe-pfannen\/schalldaempfer-und-kokotten\/staub-cocotte-rund-28-cm-salbei\/"]}]},{"@type":"ImageObject","inLanguage":"de","@id":"https:\/\/dev6.erresse-shop.it\/de\/shop\/toepfe-pfannen\/schalldaempfer-und-kokotten\/staub-cocotte-rund-28-cm-salbei\/#primaryimage","url":"https:\/\/i2.wp.com\/interpim.erresse-shop.it\/img-catalogo\/staub\/staub-cocotte-tonda-salvia.jpg?ssl=1","contentUrl":"https:\/\/i2.wp.com\/interpim.erresse-shop.it\/img-catalogo\/staub\/staub-cocotte-tonda-salvia.jpg?ssl=1"},{"@type":"BreadcrumbList","@id":"https:\/\/dev6.erresse-shop.it\/de\/shop\/toepfe-pfannen\/schalldaempfer-und-kokotten\/staub-cocotte-rund-28-cm-salbei\/#breadcrumb","itemListElement":[{"@type":"ListItem","position":1,"name":"Home","item":"https:\/\/dev6.erresse-shop.it\/"},{"@type":"ListItem","position":2,"name":"Shop","item":"https:\/\/dev6.erresse-shop.it\/shop\/"},{"@type":"ListItem","position":3,"name":"STAUB Cocotte Rund 28 cm Salbei"}]},{"@type":"WebSite","@id":"https:\/\/dev6.erresse-shop.it\/#website","url":"https:\/\/dev6.erresse-shop.it\/","name":"Erresse Shop","description":"","publisher":{"@id":"https:\/\/dev6.erresse-shop.it\/#organization"},"potentialAction":[{"@type":"SearchAction","target":{"@type":"EntryPoint","urlTemplate":"https:\/\/dev6.erresse-shop.it\/?s={search_term_string}"},"query-input":{"@type":"PropertyValueSpecification","valueRequired":true,"valueName":"search_term_string"}}],"inLanguage":"de"},{"@type":"Organization","@id":"https:\/\/dev6.erresse-shop.it\/#organization","name":"Erresse Shop","url":"https:\/\/dev6.erresse-shop.it\/","logo":{"@type":"ImageObject","inLanguage":"de","@id":"https:\/\/dev6.erresse-shop.it\/#\/schema\/logo\/image\/","url":"https:\/\/dev6.erresse-shop.it\/wp-content\/uploads\/2025\/01\/LOGO-ERRESSE-CLASSICO.svg","contentUrl":"https:\/\/dev6.erresse-shop.it\/wp-content\/uploads\/2025\/01\/LOGO-ERRESSE-CLASSICO.svg","caption":"Erresse Shop"},"image":{"@id":"https:\/\/dev6.erresse-shop.it\/#\/schema\/logo\/image\/"}}]}},"df_price":219,"df_sale_price":219,"df_regular_price":349,"df_image_link":"https:\/\/i2.wp.com\/interpim.erresse-shop.it\/img-catalogo\/staub\/staub-cocotte-tonda-salvia.jpg?resize=300,300&ssl=1","fifu_image_url":"https:\/\/interpim.erresse-shop.it\/img-catalogo\/staub\/staub-cocotte-tonda-salvia.jpg","_links":{"self":[{"href":"https:\/\/dev6.erresse-shop.it\/de\/wp-json\/wp\/v2\/product\/49904","targetHints":{"allow":["GET"]}}],"collection":[{"href":"https:\/\/dev6.erresse-shop.it\/de\/wp-json\/wp\/v2\/product"}],"about":[{"href":"https:\/\/dev6.erresse-shop.it\/de\/wp-json\/wp\/v2\/types\/product"}],"wp:featuredmedia":[{"embeddable":true,"href":"https:\/\/dev6.erresse-shop.it\/de\/wp-json\/wp\/v2\/media\/6489851"}],"wp:attachment":[{"href":"https:\/\/dev6.erresse-shop.it\/de\/wp-json\/wp\/v2\/media?parent=49904"}],"wp:term":[{"taxonomy":"product_cat","embeddable":true,"href":"https:\/\/dev6.erresse-shop.it\/de\/wp-json\/wp\/v2\/product_cat?post=49904"},{"taxonomy":"product_tag","embeddable":true,"href":"https:\/\/dev6.erresse-shop.it\/de\/wp-json\/wp\/v2\/product_tag?post=49904"}],"curies":[{"name":"wp","href":"https:\/\/api.w.org\/{rel}","templated":true}]}}