{"id":49866,"date":"2026-04-16T19:08:46","date_gmt":"2026-04-16T17:08:46","guid":{"rendered":"https:\/\/dev6.erresse-shop.it\/shop\/unkategorisiert\/sage-the-combi-wave-3-in-1\/"},"modified":"2025-07-03T19:52:19","modified_gmt":"2025-07-03T17:52:19","slug":"sage-the-combi-wave-3-in-1","status":"publish","type":"product","link":"https:\/\/dev6.erresse-shop.it\/de\/shop\/kleine-elektrogeraete\/oefen\/sage-the-combi-wave-3-in-1\/","title":{"rendered":"SAGE The Combi Wave 3 in 1"},"content":{"rendered":"<p>HEI\u00dfLUFTFRITTIERER, UMLUFTOFEN UND MIKROWELLE<br \/>\nMehr Vielseitigkeit und Leistung als je zuvor. Bereiten Sie Ihre Lieblingsgerichte mit dem Hei\u00dfluftfrittierer, dem Umluftofen und der Inverter-Mikrowelle auf Knopfdruck zu. Unser Element iQ\u2122-System leitet Hitze dorthin, wo und wann sie ben\u00f6tigt wird, um die ideale Kochumgebung f\u00fcr perfekte Ergebnisse zu schaffen. The Combi Wave 3 in 1 erleichtert Ihnen das Kochen mit Voreinstellungen wie \u201eSchnelle Kombi\u201c und \u201eGefrorene Lebensmittel kochen\u201c.<\/p>\n<p>DIE VIELSEITIGKEIT DREIER GER\u00c4TE IN EINEM<br \/>\nThe Combi Wave\u2122 3 in 1 verf\u00fcgt \u00fcber die Funktionen eines Hei\u00dfluftfrittierers, eines Umluftofens und einer Mikrowelle, um schmackhaftere, ges\u00fcndere Gerichte zu zaubern \u2013 egal, wie und was Sie kochen. Bereiten Sie knusprige Pommes Frites mit der \u201eHei\u00dfluftfrittierer\u201c-Funktion zu, genie\u00dfen Sie Brath\u00e4hnchen und Schokoladen-Brownies dank der \u201eUmluftofen\u201c-Funktion oder tauen Sie Suppen auf und erw\u00e4rmen Sie Lasagne mit der \u201eInverter-Mikrowelle\u201c-Funktion.<\/p>\n<p>ELEMENT IQ\u2122-SYSTEM<br \/>\nIntelligente Algorithmen leiten die Hitze dorthin, wo und wann sie ben\u00f6tigt wird, um die ideale Kochumgebung f\u00fcr perfekte Ergebnisse zu schaffen. Genie\u00dfen Sie knusprig goldbraune Ergebnisse und viele weitere schmackhafte Mahlzeiten dank der \u201eHei\u00dfluftfrittierer\u201c-, \u201eBraten\u201c- und \u201eBacken\u201c-Funktionen.<\/p>\n<p>\u201eSCHNELLE KOMBI\u201c- UND \u201eGEFRORENE LEBENSMITTEL KOCHEN\u201c-FUNKTIONEN<br \/>\nMit der \u201eSchnelle Kombi\u201c-Funktion werden Ihre Lieblingsgerichte schneller zubereitet. Hierbei werden die \u201eUmluft\u201c-, \u201eGrill\u201c- und \u201eMikrowelle\u201c-Funktion kombiniert, um die gew\u00fcnschte Temperatur und perfekte Ergebnisse schneller als mit gew\u00f6hnlichen \u00d6fen zu erreichen. Die \u201eGefrorene Lebensmittel kochen\u201c-Funktion nutzt die \u201eUmluft\u201c-, \u201eGrill\u201c- und \u201eMikrowelle\u201c-Funktion in mehreren Kochstufen \u2013 f\u00fcr perfekte Ergebnisse direkt aus dem Gefrierschrank.<\/p>\n<p>POWER SMOOTHING INVERTER\u2122<br \/>\nDie Power Smoothing Inverter-Technologie ersetzt die unpr\u00e4zise AN-AUS-Methode, passt die Leistungsst\u00e4rke automatisch an, liefert gleichm\u00e4\u00dfig Energie und erkennt, ob mehr oder weniger Leistung ben\u00f6tigt wird \u2013 f\u00fcr schmackhaft gleichm\u00e4\u00dfige Ergebnisse. Erw\u00e4rmen Sie Pizzast\u00fccke, Suppen und Lasagne punktgenau oder tauen Sie Fleisch und Gerichte vorsichtig auf, ohne sie zu \u00fcberhitzen und auszutrocknen.<\/p>\n<p>INTELLIGENTES KOCHEN, AUFW\u00c4RMEN UND AUFTAUEN<br \/>\nDie Combi Wave 3 in 1 verf\u00fcgt \u00fcber 19 intelligente Voreinstellungen wie \u201eIntelligentes Kochen\u201c, \u201eIntelligentes Aufw\u00e4rmen\u201c und \u201eIntelligentes Auftauen\u201c f\u00fcr perfekte Gerichte auf Knopfdruck. Gleichm\u00e4\u00dfig zugef\u00fchrte, niedrige Energie w\u00e4rmt die Speisen auf, ohne sie zu \u00fcberhitzen und auszutrocknen. So kochen, erw\u00e4rmen oder tauen Sie Ihre Lieblingsgerichte mit Leichtigkeit, punktgenau und vorsichtig auf.<\/p>\n<p>SANFT SCHLIESSENDE T\u00dcR UND LEISERER BETRIEB<br \/>\nThe Combi Wave 3 in 1 verf\u00fcgt \u00fcber eine 80 % leisere*, sanft schlie\u00dfenden T\u00fcr und ist 50 % leiser** im Betrieb. Raffinierte Schaltfl\u00e4chen f\u00fcr Kindersicherung, Sage-T\u00f6ne und Stummschaltung sorgen f\u00fcr Genuss ohne L\u00e4rm, aber mit mehr Knack, Biss und Geschmack.<\/p>\n<p>SCHNELLAUSWAHL- UND AUTOMATISCHE ONE-TOUCH-EINSTELLUNGEN<br \/>\nEin raffiniert entwickeltes, innen an der T\u00fcr der the Combi Wave 3 in 1 angebrachtes Schnellauswahl-Panel erm\u00f6glicht eine direkte Auswahl beliebter Funktion wie Schokolade schmelzen, Butter erweichen, Popcorn zubereiten und mehr. Speichern Sie Ihre Lieblingsprogramme mit nur einem Knopfdruck, um jedes Mal schmackhafte Ergebnisse zu erzielen.<\/p>\n<p>PRODUKTSPEZIFIKATION<br \/>\n\u2013 Innenma\u00dfe (BxTxH): 51,9 cm (L) x 31,6 cm (H) x 51,3 cm (T) mit Griff\/49 cm (T) ohne Griff<br \/>\n\u2013 Garantie: 2 Jahre Garantie<br \/>\n\u2013 Materialien: Geb\u00fcrsteter Edelstahl<br \/>\n\u2013 Kapazit\u00e4t: 32 L<br \/>\n\u2013 Einstellungen: Intelligentes Kochen, Intelligentes Auftauen, Intelligentes Aufw\u00e4rmen, Schnelle Kombi, Gefrorene Lebensmittel kochen, Hei\u00dfluftfrittierer, Ofen, Mikrowelle, Grill, A Bit More\u2122, Kindersicherung, &#43;30 Sekunden Sofortstart, Drehteller aus, Schnellauswahl-Panel<\/p>\n","protected":false},"excerpt":{"rendered":"<p>HEI\u00dfLUFTFRITTIERER, UMLUFTOFEN UND MIKROWELLE Mehr Vielseitigkeit und Leistung als je zuvor. Bereiten Sie Ihre Lieblingsgerichte mit dem Hei\u00dfluftfrittierer, dem Umluftofen und der Inverter-Mikrowelle auf Knopfdruck zu. Unser Element iQ\u2122-System leitet Hitze dorthin, wo und wann sie ben\u00f6tigt wird, um die ideale Kochumgebung f\u00fcr perfekte Ergebnisse zu schaffen. The Combi Wave 3 in 1 erleichtert Ihnen [&hellip;]<\/p>\n","protected":false},"featured_media":6489592,"template":"","meta":{"_acf_changed":false},"product_cat":[11761,12163,12193],"product_tag":[],"class_list":{"0":"post-49866","1":"product","2":"type-product","3":"status-publish","4":"has-post-thumbnail","6":"product_cat-forni","7":"product_cat-kleine-elektrogeraete","8":"product_cat-oefen","10":"first","11":"instock","12":"sale","13":"taxable","14":"shipping-taxable","15":"purchasable","16":"product-type-simple","swatches":"rey-swatches","show_selected":"","stretch_labels":"rey-swatches--stretch-labels"},"acf":[],"yoast_head":"<!-- This site is optimized with the Yoast SEO plugin v25.4 - https:\/\/yoast.com\/wordpress\/plugins\/seo\/ -->\n<title>SAGE The Combi Wave 3 in 1 - dev6 Erresse<\/title>\n<meta name=\"description\" content=\"HEI\u00dfLUFTFRITTIERER, UMLUFTOFEN UND MIKROWELLE Mehr Vielseitigkeit und Leistung als je zuvor. Bereiten Sie Ihre Lieblingsgerichte mit dem\" \/>\n<meta name=\"robots\" content=\"noindex, follow, max-snippet:-1, max-image-preview:large, max-video-preview:-1\" \/>\n<meta property=\"og:locale\" content=\"de_DE\" \/>\n<meta property=\"og:type\" content=\"article\" \/>\n<meta property=\"og:title\" content=\"SAGE The Combi Wave 3 in 1 - dev6 Erresse\" \/>\n<meta property=\"og:description\" content=\"HEI\u00dfLUFTFRITTIERER, UMLUFTOFEN UND MIKROWELLE Mehr Vielseitigkeit und Leistung als je zuvor. Bereiten Sie Ihre Lieblingsgerichte mit dem\" \/>\n<meta property=\"og:url\" content=\"https:\/\/dev6.erresse-shop.it\/de\/shop\/kleine-elektrogeraete\/oefen\/sage-the-combi-wave-3-in-1\/\" \/>\n<meta property=\"og:site_name\" content=\"dev6 Erresse\" \/>\n<meta property=\"og:image\" content=\"https:\/\/interpim.erresse-shop.it\/img-catalogo\/sage\/smo870bss.jpg\" \/><meta property=\"og:image\" content=\"https:\/\/interpim.erresse-shop.it\/img-catalogo\/sage\/smo870bss.jpg\" \/>\n\t<meta property=\"og:image:width\" content=\"1024\" \/>\n\t<meta property=\"og:image:height\" content=\"1024\" \/>\n\t<meta property=\"og:image:type\" content=\"image\/jpeg\" \/>\n<meta name=\"twitter:card\" content=\"summary_large_image\" \/>\n<meta name=\"twitter:image\" content=\"https:\/\/interpim.erresse-shop.it\/img-catalogo\/sage\/smo870bss.jpg\" \/>\n<script type=\"application\/ld+json\" class=\"yoast-schema-graph\">{\"@context\":\"https:\/\/schema.org\",\"@graph\":[{\"@type\":\"WebPage\",\"@id\":\"https:\/\/dev6.erresse-shop.it\/de\/shop\/kleine-elektrogeraete\/oefen\/sage-the-combi-wave-3-in-1\/\",\"url\":\"https:\/\/dev6.erresse-shop.it\/de\/shop\/kleine-elektrogeraete\/oefen\/sage-the-combi-wave-3-in-1\/\",\"name\":\"SAGE The Combi Wave 3 in 1 - dev6 Erresse\",\"isPartOf\":{\"@id\":\"https:\/\/dev6.erresse-shop.it\/#website\"},\"primaryImageOfPage\":{\"@id\":\"https:\/\/dev6.erresse-shop.it\/de\/shop\/kleine-elektrogeraete\/oefen\/sage-the-combi-wave-3-in-1\/#primaryimage\"},\"image\":{\"@id\":\"https:\/\/dev6.erresse-shop.it\/de\/shop\/kleine-elektrogeraete\/oefen\/sage-the-combi-wave-3-in-1\/#primaryimage\"},\"thumbnailUrl\":\"https:\/\/i1.wp.com\/interpim.erresse-shop.it\/img-catalogo\/sage\/smo870bss.jpg?ssl=1\",\"datePublished\":\"2026-04-16T17:08:46+00:00\",\"description\":\"HEI\u00dfLUFTFRITTIERER, UMLUFTOFEN UND MIKROWELLE Mehr Vielseitigkeit und Leistung als je zuvor. Bereiten Sie Ihre Lieblingsgerichte mit dem\",\"breadcrumb\":{\"@id\":\"https:\/\/dev6.erresse-shop.it\/de\/shop\/kleine-elektrogeraete\/oefen\/sage-the-combi-wave-3-in-1\/#breadcrumb\"},\"inLanguage\":\"de\",\"potentialAction\":[{\"@type\":\"ReadAction\",\"target\":[\"https:\/\/dev6.erresse-shop.it\/de\/shop\/kleine-elektrogeraete\/oefen\/sage-the-combi-wave-3-in-1\/\"]}]},{\"@type\":\"ImageObject\",\"inLanguage\":\"de\",\"@id\":\"https:\/\/dev6.erresse-shop.it\/de\/shop\/kleine-elektrogeraete\/oefen\/sage-the-combi-wave-3-in-1\/#primaryimage\",\"url\":\"https:\/\/i1.wp.com\/interpim.erresse-shop.it\/img-catalogo\/sage\/smo870bss.jpg?ssl=1\",\"contentUrl\":\"https:\/\/i1.wp.com\/interpim.erresse-shop.it\/img-catalogo\/sage\/smo870bss.jpg?ssl=1\"},{\"@type\":\"BreadcrumbList\",\"@id\":\"https:\/\/dev6.erresse-shop.it\/de\/shop\/kleine-elektrogeraete\/oefen\/sage-the-combi-wave-3-in-1\/#breadcrumb\",\"itemListElement\":[{\"@type\":\"ListItem\",\"position\":1,\"name\":\"Home\",\"item\":\"https:\/\/dev6.erresse-shop.it\/\"},{\"@type\":\"ListItem\",\"position\":2,\"name\":\"Shop\",\"item\":\"https:\/\/dev6.erresse-shop.it\/shop\/\"},{\"@type\":\"ListItem\",\"position\":3,\"name\":\"SAGE The Combi Wave 3 in 1\"}]},{\"@type\":\"WebSite\",\"@id\":\"https:\/\/dev6.erresse-shop.it\/#website\",\"url\":\"https:\/\/dev6.erresse-shop.it\/\",\"name\":\"Erresse Shop\",\"description\":\"\",\"publisher\":{\"@id\":\"https:\/\/dev6.erresse-shop.it\/#organization\"},\"potentialAction\":[{\"@type\":\"SearchAction\",\"target\":{\"@type\":\"EntryPoint\",\"urlTemplate\":\"https:\/\/dev6.erresse-shop.it\/?s={search_term_string}\"},\"query-input\":{\"@type\":\"PropertyValueSpecification\",\"valueRequired\":true,\"valueName\":\"search_term_string\"}}],\"inLanguage\":\"de\"},{\"@type\":\"Organization\",\"@id\":\"https:\/\/dev6.erresse-shop.it\/#organization\",\"name\":\"Erresse Shop\",\"url\":\"https:\/\/dev6.erresse-shop.it\/\",\"logo\":{\"@type\":\"ImageObject\",\"inLanguage\":\"de\",\"@id\":\"https:\/\/dev6.erresse-shop.it\/#\/schema\/logo\/image\/\",\"url\":\"https:\/\/dev6.erresse-shop.it\/wp-content\/uploads\/2025\/01\/LOGO-ERRESSE-CLASSICO.svg\",\"contentUrl\":\"https:\/\/dev6.erresse-shop.it\/wp-content\/uploads\/2025\/01\/LOGO-ERRESSE-CLASSICO.svg\",\"caption\":\"Erresse Shop\"},\"image\":{\"@id\":\"https:\/\/dev6.erresse-shop.it\/#\/schema\/logo\/image\/\"}}]}<\/script>\n<!-- \/ Yoast SEO plugin. -->","yoast_head_json":{"title":"SAGE The Combi Wave 3 in 1 - dev6 Erresse","description":"HEI\u00dfLUFTFRITTIERER, UMLUFTOFEN UND MIKROWELLE Mehr Vielseitigkeit und Leistung als je zuvor. Bereiten Sie Ihre Lieblingsgerichte mit dem","robots":{"index":"noindex","follow":"follow","max-snippet":"max-snippet:-1","max-image-preview":"max-image-preview:large","max-video-preview":"max-video-preview:-1"},"og_locale":"de_DE","og_type":"article","og_title":"SAGE The Combi Wave 3 in 1 - dev6 Erresse","og_description":"HEI\u00dfLUFTFRITTIERER, UMLUFTOFEN UND MIKROWELLE Mehr Vielseitigkeit und Leistung als je zuvor. Bereiten Sie Ihre Lieblingsgerichte mit dem","og_url":"https:\/\/dev6.erresse-shop.it\/de\/shop\/kleine-elektrogeraete\/oefen\/sage-the-combi-wave-3-in-1\/","og_site_name":"dev6 Erresse","og_image":[{"url":"https:\/\/interpim.erresse-shop.it\/img-catalogo\/sage\/smo870bss.jpg","type":"","width":"","height":""},{"url":"https:\/\/interpim.erresse-shop.it\/img-catalogo\/sage\/smo870bss.jpg","width":1024,"height":1024,"type":"image\/jpeg"}],"twitter_card":"summary_large_image","twitter_image":"https:\/\/interpim.erresse-shop.it\/img-catalogo\/sage\/smo870bss.jpg","schema":{"@context":"https:\/\/schema.org","@graph":[{"@type":"WebPage","@id":"https:\/\/dev6.erresse-shop.it\/de\/shop\/kleine-elektrogeraete\/oefen\/sage-the-combi-wave-3-in-1\/","url":"https:\/\/dev6.erresse-shop.it\/de\/shop\/kleine-elektrogeraete\/oefen\/sage-the-combi-wave-3-in-1\/","name":"SAGE The Combi Wave 3 in 1 - dev6 Erresse","isPartOf":{"@id":"https:\/\/dev6.erresse-shop.it\/#website"},"primaryImageOfPage":{"@id":"https:\/\/dev6.erresse-shop.it\/de\/shop\/kleine-elektrogeraete\/oefen\/sage-the-combi-wave-3-in-1\/#primaryimage"},"image":{"@id":"https:\/\/dev6.erresse-shop.it\/de\/shop\/kleine-elektrogeraete\/oefen\/sage-the-combi-wave-3-in-1\/#primaryimage"},"thumbnailUrl":"https:\/\/i1.wp.com\/interpim.erresse-shop.it\/img-catalogo\/sage\/smo870bss.jpg?ssl=1","datePublished":"2026-04-16T17:08:46+00:00","description":"HEI\u00dfLUFTFRITTIERER, UMLUFTOFEN UND MIKROWELLE Mehr Vielseitigkeit und Leistung als je zuvor. Bereiten Sie Ihre Lieblingsgerichte mit dem","breadcrumb":{"@id":"https:\/\/dev6.erresse-shop.it\/de\/shop\/kleine-elektrogeraete\/oefen\/sage-the-combi-wave-3-in-1\/#breadcrumb"},"inLanguage":"de","potentialAction":[{"@type":"ReadAction","target":["https:\/\/dev6.erresse-shop.it\/de\/shop\/kleine-elektrogeraete\/oefen\/sage-the-combi-wave-3-in-1\/"]}]},{"@type":"ImageObject","inLanguage":"de","@id":"https:\/\/dev6.erresse-shop.it\/de\/shop\/kleine-elektrogeraete\/oefen\/sage-the-combi-wave-3-in-1\/#primaryimage","url":"https:\/\/i1.wp.com\/interpim.erresse-shop.it\/img-catalogo\/sage\/smo870bss.jpg?ssl=1","contentUrl":"https:\/\/i1.wp.com\/interpim.erresse-shop.it\/img-catalogo\/sage\/smo870bss.jpg?ssl=1"},{"@type":"BreadcrumbList","@id":"https:\/\/dev6.erresse-shop.it\/de\/shop\/kleine-elektrogeraete\/oefen\/sage-the-combi-wave-3-in-1\/#breadcrumb","itemListElement":[{"@type":"ListItem","position":1,"name":"Home","item":"https:\/\/dev6.erresse-shop.it\/"},{"@type":"ListItem","position":2,"name":"Shop","item":"https:\/\/dev6.erresse-shop.it\/shop\/"},{"@type":"ListItem","position":3,"name":"SAGE The Combi Wave 3 in 1"}]},{"@type":"WebSite","@id":"https:\/\/dev6.erresse-shop.it\/#website","url":"https:\/\/dev6.erresse-shop.it\/","name":"Erresse Shop","description":"","publisher":{"@id":"https:\/\/dev6.erresse-shop.it\/#organization"},"potentialAction":[{"@type":"SearchAction","target":{"@type":"EntryPoint","urlTemplate":"https:\/\/dev6.erresse-shop.it\/?s={search_term_string}"},"query-input":{"@type":"PropertyValueSpecification","valueRequired":true,"valueName":"search_term_string"}}],"inLanguage":"de"},{"@type":"Organization","@id":"https:\/\/dev6.erresse-shop.it\/#organization","name":"Erresse Shop","url":"https:\/\/dev6.erresse-shop.it\/","logo":{"@type":"ImageObject","inLanguage":"de","@id":"https:\/\/dev6.erresse-shop.it\/#\/schema\/logo\/image\/","url":"https:\/\/dev6.erresse-shop.it\/wp-content\/uploads\/2025\/01\/LOGO-ERRESSE-CLASSICO.svg","contentUrl":"https:\/\/dev6.erresse-shop.it\/wp-content\/uploads\/2025\/01\/LOGO-ERRESSE-CLASSICO.svg","caption":"Erresse Shop"},"image":{"@id":"https:\/\/dev6.erresse-shop.it\/#\/schema\/logo\/image\/"}}]}},"df_price":469.95,"df_sale_price":469.95,"df_regular_price":529.9,"df_image_link":"https:\/\/i1.wp.com\/interpim.erresse-shop.it\/img-catalogo\/sage\/smo870bss.jpg?resize=300,300&ssl=1","fifu_image_url":"https:\/\/interpim.erresse-shop.it\/img-catalogo\/sage\/smo870bss.jpg","_links":{"self":[{"href":"https:\/\/dev6.erresse-shop.it\/de\/wp-json\/wp\/v2\/product\/49866","targetHints":{"allow":["GET"]}}],"collection":[{"href":"https:\/\/dev6.erresse-shop.it\/de\/wp-json\/wp\/v2\/product"}],"about":[{"href":"https:\/\/dev6.erresse-shop.it\/de\/wp-json\/wp\/v2\/types\/product"}],"wp:featuredmedia":[{"embeddable":true,"href":"https:\/\/dev6.erresse-shop.it\/de\/wp-json\/wp\/v2\/media\/6489592"}],"wp:attachment":[{"href":"https:\/\/dev6.erresse-shop.it\/de\/wp-json\/wp\/v2\/media?parent=49866"}],"wp:term":[{"taxonomy":"product_cat","embeddable":true,"href":"https:\/\/dev6.erresse-shop.it\/de\/wp-json\/wp\/v2\/product_cat?post=49866"},{"taxonomy":"product_tag","embeddable":true,"href":"https:\/\/dev6.erresse-shop.it\/de\/wp-json\/wp\/v2\/product_tag?post=49866"}],"curies":[{"name":"wp","href":"https:\/\/api.w.org\/{rel}","templated":true}]}}