{"id":49864,"date":"2026-04-04T08:32:06","date_gmt":"2026-04-04T06:32:06","guid":{"rendered":"https:\/\/dev6.erresse-shop.it\/shop\/unkategorisiert\/sage-the-smart-oven-air-fryer\/"},"modified":"2025-07-03T19:52:17","modified_gmt":"2025-07-03T17:52:17","slug":"sage-the-smart-oven-air-fryer","status":"publish","type":"product","link":"https:\/\/dev6.erresse-shop.it\/de\/shop\/kleine-elektrogeraete\/oefen\/sage-the-smart-oven-air-fryer\/","title":{"rendered":"SAGE The Smart Oven Air Fryer"},"content":{"rendered":"<p>MIT 10 INTELLIGENTEN KOCHFUNKTIONEN WIE HEI\u00dfLUFTFRITTIEREN<br \/>\nMit unserem Element iQ\u2122-System liefert the Smart Oven Air Fryer ein H\u00f6chstma\u00df an Leistung und Vielseitigkeit. Intelligente Algorithmen bilden die ideale Umgebung zum Hei\u00dfluftfrittieren und f\u00fcr 9 weitere Kochtechniken. H\u00f6here Temperaturen und Superkonvektion beschleunigen die Garzeit und sorgen f\u00fcr k\u00f6stlich-knusprige Gerichte.<\/p>\n<p>SPEZIELLE HEISSLUFTFRITTIER-EINSTELLUNG<br \/>\nWarum eine separate Fritteuse kaufen? Mit the Smart Oven\u2122 Air Fryer genie\u00dfen Sie Pommes Frites, Chicken Wings und andere Gerichte mit gutem Gewissen. Dank der h\u00f6heren Temperaturen in Kombination mit Superkonvektion (maximierter Hei\u00dfluftstrom) k\u00f6nnen Sie knusprige, goldbraune K\u00f6stlichkeiten hei\u00dfluftfrittieren.<\/p>\n<p>ELEMENT iQ\u2122-SYSTEM<br \/>\nIntelligente Algorithmen leiten die Hitze zum richtigen Zeitpunkt dorthin, wo sie gebraucht wird, um die ideale Kochumgebung f\u00fcr verschiedenste Zubereitungstechniken zu schaffen. Mit Sensoren und digitaler PID-Temperaturregelung werden kalte Stellen f\u00fcr pr\u00e4zises und gleichm\u00e4\u00dfiges Garen vermieden. Unabh\u00e4ngige Heizelemente und eine ideale Rostpositionierung gew\u00e4hrleisten zuverl\u00e4ssige Ergebnisse.<\/p>\n<p>WIRKLICH VIELSEITIG<br \/>\n10 Kochfunktionen f\u00fcr perfekte Ergebnisse: 6 Scheiben Toast, Crumpets, Grillen, Backen, Braten, Warmhalten, Pizza, Hei\u00dfluftfrittieren, Aufw\u00e4rmen und Schongaren bei niedrigen Temperaturen.<\/p>\n<p>UMLUFT UND SUPER-UMLUFT<br \/>\nKonvektion kann die Zubereitungszeit um bis zu 30 % senken. Die Zubereitung wird beschleunigt, weil hei\u00dfere Luft nach oben steigt, w\u00e4hrend k\u00e4ltere nach unten gedr\u00fcckt wird. Superkonvektion sorgt hingegen f\u00fcr einen besonders starken Hei\u00dfluftstrom, ideal zum Hei\u00dfluftfrittieren.<\/p>\n<p>LCD-DISPLAY<br \/>\nEin LCD-Display f\u00fcr den m\u00fchelosen Zugriff auf alle intelligenten Funktionen. W\u00e4hlen Sie unter 10 intelligenten Zubereitungsfunktionen aus. Auf der LCD-Anzeige wird angegeben, wenn das Ger\u00e4t vorgeheizt ist. Danach zeigt ein Timer an, wann die Speisen perfekt gegart sind.<\/p>\n<p>OFEN-INNENBELEUCHTUNG<br \/>\nDie integrierte Backofenbeleuchtung schaltet sich am Ende des Garzyklus automatisch ein, damit Sie alles im Blick haben. Sie kann aber auch vorher jederzeit eingeschaltet werden, falls Sie zwischendurch einen Blick darauf werfen m\u00f6chten. Wie f\u00fcr herk\u00f6mmliche Back\u00f6fen sind verschiedene Bauteile austauschbar.<\/p>\n<p>PRODUKTSPEZIFIKATION<br \/>\n\u2013 Innenma\u00dfe (BxTxH): 47 x 37 x 28 cm<br \/>\n\u2013 Garantie: 2 Jahre Reparatur oder Ersatz<br \/>\n\u2013 Materialien: Geb\u00fcrsteter Edelstahl<br \/>\n\u2013 Kapazit\u00e4t: 22 L; 6-Scheiben-Toaster, Pizza \u00d8 30 cm, ganzes Huhn, Muffinbackblech f\u00fcr 9 Muffins<br \/>\n\u2013 Einstellungen: 10 Voreinstellungen: Toasten, Crumpets, Backen, Braten, Grillen, Pizza, Hei\u00dfluftfrittieren, Aufw\u00e4rmen, Warmhalten und Schongaren<\/p>\n","protected":false},"excerpt":{"rendered":"<p>MIT 10 INTELLIGENTEN KOCHFUNKTIONEN WIE HEI\u00dfLUFTFRITTIEREN Mit unserem Element iQ\u2122-System liefert the Smart Oven Air Fryer ein H\u00f6chstma\u00df an Leistung und Vielseitigkeit. Intelligente Algorithmen bilden die ideale Umgebung zum Hei\u00dfluftfrittieren und f\u00fcr 9 weitere Kochtechniken. H\u00f6here Temperaturen und Superkonvektion beschleunigen die Garzeit und sorgen f\u00fcr k\u00f6stlich-knusprige Gerichte. SPEZIELLE HEISSLUFTFRITTIER-EINSTELLUNG Warum eine separate Fritteuse kaufen? Mit [&hellip;]<\/p>\n","protected":false},"featured_media":6267233,"template":"","meta":{"_acf_changed":false},"product_cat":[11761,12163,12193],"product_tag":[],"class_list":{"0":"post-49864","1":"product","2":"type-product","3":"status-publish","4":"has-post-thumbnail","6":"product_cat-forni","7":"product_cat-kleine-elektrogeraete","8":"product_cat-oefen","10":"first","11":"instock","12":"sale","13":"taxable","14":"shipping-taxable","15":"purchasable","16":"product-type-simple","swatches":"rey-swatches","show_selected":"","stretch_labels":"rey-swatches--stretch-labels"},"acf":[],"yoast_head":"<!-- This site is optimized with the Yoast SEO plugin v25.4 - https:\/\/yoast.com\/wordpress\/plugins\/seo\/ -->\n<title>SAGE The Smart Oven Air Fryer - dev6 Erresse<\/title>\n<meta name=\"description\" content=\"MIT 10 INTELLIGENTEN KOCHFUNKTIONEN WIE HEI\u00dfLUFTFRITTIEREN Mit unserem Element iQ\u2122-System liefert the Smart Oven Air Fryer ein H\u00f6chstma\u00df an Leistung und\" \/>\n<meta name=\"robots\" content=\"noindex, follow, max-snippet:-1, max-image-preview:large, max-video-preview:-1\" \/>\n<meta property=\"og:locale\" content=\"de_DE\" \/>\n<meta property=\"og:type\" content=\"article\" \/>\n<meta property=\"og:title\" content=\"SAGE The Smart Oven Air Fryer - dev6 Erresse\" \/>\n<meta property=\"og:description\" content=\"MIT 10 INTELLIGENTEN KOCHFUNKTIONEN WIE HEI\u00dfLUFTFRITTIEREN Mit unserem Element iQ\u2122-System liefert the Smart Oven Air Fryer ein H\u00f6chstma\u00df an Leistung und\" \/>\n<meta property=\"og:url\" content=\"https:\/\/dev6.erresse-shop.it\/de\/shop\/kleine-elektrogeraete\/oefen\/sage-the-smart-oven-air-fryer\/\" \/>\n<meta property=\"og:site_name\" content=\"dev6 Erresse\" \/>\n<meta property=\"og:image\" content=\"https:\/\/interpim.erresse-shop.it\/Import\/Prodotti\/sov860bss.jpg\" \/><meta property=\"og:image\" content=\"https:\/\/interpim.erresse-shop.it\/Import\/Prodotti\/sov860bss.jpg\" \/>\n\t<meta property=\"og:image:width\" content=\"1024\" \/>\n\t<meta property=\"og:image:height\" content=\"1024\" \/>\n\t<meta property=\"og:image:type\" content=\"image\/jpeg\" \/>\n<meta name=\"twitter:card\" content=\"summary_large_image\" \/>\n<meta name=\"twitter:image\" content=\"https:\/\/interpim.erresse-shop.it\/Import\/Prodotti\/sov860bss.jpg\" \/>\n<script type=\"application\/ld+json\" class=\"yoast-schema-graph\">{\"@context\":\"https:\/\/schema.org\",\"@graph\":[{\"@type\":\"WebPage\",\"@id\":\"https:\/\/dev6.erresse-shop.it\/de\/shop\/kleine-elektrogeraete\/oefen\/sage-the-smart-oven-air-fryer\/\",\"url\":\"https:\/\/dev6.erresse-shop.it\/de\/shop\/kleine-elektrogeraete\/oefen\/sage-the-smart-oven-air-fryer\/\",\"name\":\"SAGE The Smart Oven Air Fryer - dev6 Erresse\",\"isPartOf\":{\"@id\":\"https:\/\/dev6.erresse-shop.it\/#website\"},\"primaryImageOfPage\":{\"@id\":\"https:\/\/dev6.erresse-shop.it\/de\/shop\/kleine-elektrogeraete\/oefen\/sage-the-smart-oven-air-fryer\/#primaryimage\"},\"image\":{\"@id\":\"https:\/\/dev6.erresse-shop.it\/de\/shop\/kleine-elektrogeraete\/oefen\/sage-the-smart-oven-air-fryer\/#primaryimage\"},\"thumbnailUrl\":\"https:\/\/i3.wp.com\/interpim.erresse-shop.it\/Import\/Prodotti\/sov860bss.jpg?ssl=1\",\"datePublished\":\"2026-04-04T06:32:06+00:00\",\"description\":\"MIT 10 INTELLIGENTEN KOCHFUNKTIONEN WIE HEI\u00dfLUFTFRITTIEREN Mit unserem Element iQ\u2122-System liefert the Smart Oven Air Fryer ein H\u00f6chstma\u00df an Leistung und\",\"breadcrumb\":{\"@id\":\"https:\/\/dev6.erresse-shop.it\/de\/shop\/kleine-elektrogeraete\/oefen\/sage-the-smart-oven-air-fryer\/#breadcrumb\"},\"inLanguage\":\"de\",\"potentialAction\":[{\"@type\":\"ReadAction\",\"target\":[\"https:\/\/dev6.erresse-shop.it\/de\/shop\/kleine-elektrogeraete\/oefen\/sage-the-smart-oven-air-fryer\/\"]}]},{\"@type\":\"ImageObject\",\"inLanguage\":\"de\",\"@id\":\"https:\/\/dev6.erresse-shop.it\/de\/shop\/kleine-elektrogeraete\/oefen\/sage-the-smart-oven-air-fryer\/#primaryimage\",\"url\":\"https:\/\/i3.wp.com\/interpim.erresse-shop.it\/Import\/Prodotti\/sov860bss.jpg?ssl=1\",\"contentUrl\":\"https:\/\/i3.wp.com\/interpim.erresse-shop.it\/Import\/Prodotti\/sov860bss.jpg?ssl=1\"},{\"@type\":\"BreadcrumbList\",\"@id\":\"https:\/\/dev6.erresse-shop.it\/de\/shop\/kleine-elektrogeraete\/oefen\/sage-the-smart-oven-air-fryer\/#breadcrumb\",\"itemListElement\":[{\"@type\":\"ListItem\",\"position\":1,\"name\":\"Home\",\"item\":\"https:\/\/dev6.erresse-shop.it\/\"},{\"@type\":\"ListItem\",\"position\":2,\"name\":\"Shop\",\"item\":\"https:\/\/dev6.erresse-shop.it\/shop\/\"},{\"@type\":\"ListItem\",\"position\":3,\"name\":\"SAGE The Smart Oven Air Fryer\"}]},{\"@type\":\"WebSite\",\"@id\":\"https:\/\/dev6.erresse-shop.it\/#website\",\"url\":\"https:\/\/dev6.erresse-shop.it\/\",\"name\":\"Erresse Shop\",\"description\":\"\",\"publisher\":{\"@id\":\"https:\/\/dev6.erresse-shop.it\/#organization\"},\"potentialAction\":[{\"@type\":\"SearchAction\",\"target\":{\"@type\":\"EntryPoint\",\"urlTemplate\":\"https:\/\/dev6.erresse-shop.it\/?s={search_term_string}\"},\"query-input\":{\"@type\":\"PropertyValueSpecification\",\"valueRequired\":true,\"valueName\":\"search_term_string\"}}],\"inLanguage\":\"de\"},{\"@type\":\"Organization\",\"@id\":\"https:\/\/dev6.erresse-shop.it\/#organization\",\"name\":\"Erresse Shop\",\"url\":\"https:\/\/dev6.erresse-shop.it\/\",\"logo\":{\"@type\":\"ImageObject\",\"inLanguage\":\"de\",\"@id\":\"https:\/\/dev6.erresse-shop.it\/#\/schema\/logo\/image\/\",\"url\":\"https:\/\/dev6.erresse-shop.it\/wp-content\/uploads\/2025\/01\/LOGO-ERRESSE-CLASSICO.svg\",\"contentUrl\":\"https:\/\/dev6.erresse-shop.it\/wp-content\/uploads\/2025\/01\/LOGO-ERRESSE-CLASSICO.svg\",\"caption\":\"Erresse Shop\"},\"image\":{\"@id\":\"https:\/\/dev6.erresse-shop.it\/#\/schema\/logo\/image\/\"}}]}<\/script>\n<!-- \/ Yoast SEO plugin. -->","yoast_head_json":{"title":"SAGE The Smart Oven Air Fryer - dev6 Erresse","description":"MIT 10 INTELLIGENTEN KOCHFUNKTIONEN WIE HEI\u00dfLUFTFRITTIEREN Mit unserem Element iQ\u2122-System liefert the Smart Oven Air Fryer ein H\u00f6chstma\u00df an Leistung und","robots":{"index":"noindex","follow":"follow","max-snippet":"max-snippet:-1","max-image-preview":"max-image-preview:large","max-video-preview":"max-video-preview:-1"},"og_locale":"de_DE","og_type":"article","og_title":"SAGE The Smart Oven Air Fryer - dev6 Erresse","og_description":"MIT 10 INTELLIGENTEN KOCHFUNKTIONEN WIE HEI\u00dfLUFTFRITTIEREN Mit unserem Element iQ\u2122-System liefert the Smart Oven Air Fryer ein H\u00f6chstma\u00df an Leistung und","og_url":"https:\/\/dev6.erresse-shop.it\/de\/shop\/kleine-elektrogeraete\/oefen\/sage-the-smart-oven-air-fryer\/","og_site_name":"dev6 Erresse","og_image":[{"url":"https:\/\/interpim.erresse-shop.it\/Import\/Prodotti\/sov860bss.jpg","type":"","width":"","height":""},{"url":"https:\/\/interpim.erresse-shop.it\/Import\/Prodotti\/sov860bss.jpg","width":1024,"height":1024,"type":"image\/jpeg"}],"twitter_card":"summary_large_image","twitter_image":"https:\/\/interpim.erresse-shop.it\/Import\/Prodotti\/sov860bss.jpg","schema":{"@context":"https:\/\/schema.org","@graph":[{"@type":"WebPage","@id":"https:\/\/dev6.erresse-shop.it\/de\/shop\/kleine-elektrogeraete\/oefen\/sage-the-smart-oven-air-fryer\/","url":"https:\/\/dev6.erresse-shop.it\/de\/shop\/kleine-elektrogeraete\/oefen\/sage-the-smart-oven-air-fryer\/","name":"SAGE The Smart Oven Air Fryer - dev6 Erresse","isPartOf":{"@id":"https:\/\/dev6.erresse-shop.it\/#website"},"primaryImageOfPage":{"@id":"https:\/\/dev6.erresse-shop.it\/de\/shop\/kleine-elektrogeraete\/oefen\/sage-the-smart-oven-air-fryer\/#primaryimage"},"image":{"@id":"https:\/\/dev6.erresse-shop.it\/de\/shop\/kleine-elektrogeraete\/oefen\/sage-the-smart-oven-air-fryer\/#primaryimage"},"thumbnailUrl":"https:\/\/i3.wp.com\/interpim.erresse-shop.it\/Import\/Prodotti\/sov860bss.jpg?ssl=1","datePublished":"2026-04-04T06:32:06+00:00","description":"MIT 10 INTELLIGENTEN KOCHFUNKTIONEN WIE HEI\u00dfLUFTFRITTIEREN Mit unserem Element iQ\u2122-System liefert the Smart Oven Air Fryer ein H\u00f6chstma\u00df an Leistung und","breadcrumb":{"@id":"https:\/\/dev6.erresse-shop.it\/de\/shop\/kleine-elektrogeraete\/oefen\/sage-the-smart-oven-air-fryer\/#breadcrumb"},"inLanguage":"de","potentialAction":[{"@type":"ReadAction","target":["https:\/\/dev6.erresse-shop.it\/de\/shop\/kleine-elektrogeraete\/oefen\/sage-the-smart-oven-air-fryer\/"]}]},{"@type":"ImageObject","inLanguage":"de","@id":"https:\/\/dev6.erresse-shop.it\/de\/shop\/kleine-elektrogeraete\/oefen\/sage-the-smart-oven-air-fryer\/#primaryimage","url":"https:\/\/i3.wp.com\/interpim.erresse-shop.it\/Import\/Prodotti\/sov860bss.jpg?ssl=1","contentUrl":"https:\/\/i3.wp.com\/interpim.erresse-shop.it\/Import\/Prodotti\/sov860bss.jpg?ssl=1"},{"@type":"BreadcrumbList","@id":"https:\/\/dev6.erresse-shop.it\/de\/shop\/kleine-elektrogeraete\/oefen\/sage-the-smart-oven-air-fryer\/#breadcrumb","itemListElement":[{"@type":"ListItem","position":1,"name":"Home","item":"https:\/\/dev6.erresse-shop.it\/"},{"@type":"ListItem","position":2,"name":"Shop","item":"https:\/\/dev6.erresse-shop.it\/shop\/"},{"@type":"ListItem","position":3,"name":"SAGE The Smart Oven Air Fryer"}]},{"@type":"WebSite","@id":"https:\/\/dev6.erresse-shop.it\/#website","url":"https:\/\/dev6.erresse-shop.it\/","name":"Erresse Shop","description":"","publisher":{"@id":"https:\/\/dev6.erresse-shop.it\/#organization"},"potentialAction":[{"@type":"SearchAction","target":{"@type":"EntryPoint","urlTemplate":"https:\/\/dev6.erresse-shop.it\/?s={search_term_string}"},"query-input":{"@type":"PropertyValueSpecification","valueRequired":true,"valueName":"search_term_string"}}],"inLanguage":"de"},{"@type":"Organization","@id":"https:\/\/dev6.erresse-shop.it\/#organization","name":"Erresse Shop","url":"https:\/\/dev6.erresse-shop.it\/","logo":{"@type":"ImageObject","inLanguage":"de","@id":"https:\/\/dev6.erresse-shop.it\/#\/schema\/logo\/image\/","url":"https:\/\/dev6.erresse-shop.it\/wp-content\/uploads\/2025\/01\/LOGO-ERRESSE-CLASSICO.svg","contentUrl":"https:\/\/dev6.erresse-shop.it\/wp-content\/uploads\/2025\/01\/LOGO-ERRESSE-CLASSICO.svg","caption":"Erresse Shop"},"image":{"@id":"https:\/\/dev6.erresse-shop.it\/#\/schema\/logo\/image\/"}}]}},"df_price":379.95,"df_sale_price":379.95,"df_regular_price":429.9,"df_image_link":"https:\/\/i3.wp.com\/interpim.erresse-shop.it\/Import\/Prodotti\/sov860bss.jpg?resize=300,300&ssl=1","fifu_image_url":"https:\/\/interpim.erresse-shop.it\/Import\/Prodotti\/sov860bss.jpg","_links":{"self":[{"href":"https:\/\/dev6.erresse-shop.it\/de\/wp-json\/wp\/v2\/product\/49864","targetHints":{"allow":["GET"]}}],"collection":[{"href":"https:\/\/dev6.erresse-shop.it\/de\/wp-json\/wp\/v2\/product"}],"about":[{"href":"https:\/\/dev6.erresse-shop.it\/de\/wp-json\/wp\/v2\/types\/product"}],"wp:featuredmedia":[{"embeddable":true,"href":"https:\/\/dev6.erresse-shop.it\/de\/wp-json\/wp\/v2\/media\/6267233"}],"wp:attachment":[{"href":"https:\/\/dev6.erresse-shop.it\/de\/wp-json\/wp\/v2\/media?parent=49864"}],"wp:term":[{"taxonomy":"product_cat","embeddable":true,"href":"https:\/\/dev6.erresse-shop.it\/de\/wp-json\/wp\/v2\/product_cat?post=49864"},{"taxonomy":"product_tag","embeddable":true,"href":"https:\/\/dev6.erresse-shop.it\/de\/wp-json\/wp\/v2\/product_tag?post=49864"}],"curies":[{"name":"wp","href":"https:\/\/api.w.org\/{rel}","templated":true}]}}