{"id":49862,"date":"2026-04-16T19:08:46","date_gmt":"2026-04-16T17:08:46","guid":{"rendered":"https:\/\/dev6.erresse-shop.it\/shop\/unkategorisiert\/sage-the-smart-oven-pro\/"},"modified":"2025-07-03T19:52:14","modified_gmt":"2025-07-03T17:52:14","slug":"sage-the-smart-oven-pro","status":"publish","type":"product","link":"https:\/\/dev6.erresse-shop.it\/de\/shop\/kleine-elektrogeraete\/oefen\/sage-the-smart-oven-pro\/","title":{"rendered":"SAGE The Smart Oven Pro"},"content":{"rendered":"<p>10 CLEVERE KOCHFUNKTIONEN UND INTEGRIERTES OFENLICHT<br \/>\nThe Smart Oven\u2122 Pro mit Element iQ\u2122 ist ein unentbehrliches Werkzeug f\u00fcr den Koch, der sich einen Arbeitsplattenofen w\u00fcnscht. Die optimale L\u00f6sung f\u00fcr perfekte Pizza, k\u00f6stliche Kekse, \u00fcberbackenes Toast oder saftigen Braten. Die Konvektion reduziert die Kochzeit um bis zu 30%.<br \/>\nErfahren Sie mehr \u00fcber die Entstehungsgeschichte unserer Smart Oven-Reihe.<\/p>\n<p>INTELLIGENTES ELEMENT IQ\u2122<br \/>\nEs gibt Hitze und es gibt intelligente Hitze. Element iQ \u00fcbertr\u00e4gt W\u00e4rme intelligent \u00fcber 5 Quarzelemente f\u00fcr pr\u00e4zise und stabile W\u00e4rme genau dort, wo und wann Sie es w\u00fcnschen. F\u00fcr perfekte Ergebnisse, jedes Mal. Die super schnelle 2400W Vorheizung bringt Ihre Mahlzeiten schneller auf den Tisch.<\/p>\n<p>KONVEKTIONSW\u00c4RME<br \/>\nSie sind kein Profi ohne eingebauten Ventilator, der die hei\u00dfe Luft in Ihrem Ofen umw\u00e4lzt. Die Konvektion beschleunigt den Kochvorgang, indem sie hei\u00dfere Luft ansaugt und k\u00e4ltere, weniger dichte Luft absaugt, um noch schneller zu heizen.<\/p>\n<p>LANGSAME KOCHFUNKTION<br \/>\nAn manchen Tagen m\u00f6chten Sie sich Zeit nehmen, um komplexe Aromen zu zarten und zu entwickeln. Deshalb haben wir eine langsame Kochfunktion, die f\u00fcr lange Garzeiten bei niedrigen Temperaturen ausgelegt ist. Sie k\u00f6nnen bis zu 10 Stunden lang kochen, bevor die Einstellung automatisch warm bleibt.<\/p>\n<p>10 KOCHFUNKTIONEN<br \/>\n10 Kochfunktionen, um Sie zur Perfektion zu f\u00fchren: 6 Scheiben Toasts, Bagel, Backen, Braten, Grillen, Pizza, Kekse, Aufw\u00e4rmen, Slow Cook.<\/p>\n<p>INNENRAUMBELEUCHTUNG<br \/>\nDie integrierte Backofenlampe schaltet sich beim \u00d6ffnen der T\u00fcr und am Ende des Garzyklus automatisch ein, damit Sie alles im Blick haben. Automatische Abschaltung oder per Knopfdruck.<\/p>\n<p>LCD BILDSCHIRM<br \/>\nMit LCD-Display f\u00fcr einen leichten Zugriff auf alle Funktionen W\u00e4hlen Sie zum Beispiel aus 10 Backfunktionen. Das integrierte Backofenlicht schaltet sich am Ende des Garzyklus automatisch ein oder kann einfach per Knopfdruck geschaltet werden.<\/p>\n<p>PRODUKTSPEZIFIKATION<br \/>\n\u2013 Innenma\u00dfe (BxTxH): 32 x 47 x 28 cm<br \/>\n\u2013 Garantie: 2 Jahre Herstellergarantie<br \/>\n\u2013 Materialien: Geb\u00fcrstetes Edelstahl<br \/>\n\u2013 Kapazit\u00e4t: 6 Scheiben Toast, 30cm Pizza, ein ganzes Huhn, 9 Muffins<br \/>\n\u2013 Einstellungen: 10 Voreinstellungen: Toasten, Hefe, Backen, Grillen, Braten, Pizza, Kekse, Warmhalten, Aufw\u00e4rmen and Slow Cook.<\/p>\n","protected":false},"excerpt":{"rendered":"<p>10 CLEVERE KOCHFUNKTIONEN UND INTEGRIERTES OFENLICHT The Smart Oven\u2122 Pro mit Element iQ\u2122 ist ein unentbehrliches Werkzeug f\u00fcr den Koch, der sich einen Arbeitsplattenofen w\u00fcnscht. Die optimale L\u00f6sung f\u00fcr perfekte Pizza, k\u00f6stliche Kekse, \u00fcberbackenes Toast oder saftigen Braten. Die Konvektion reduziert die Kochzeit um bis zu 30%. Erfahren Sie mehr \u00fcber die Entstehungsgeschichte unserer Smart [&hellip;]<\/p>\n","protected":false},"featured_media":6489561,"template":"","meta":{"_acf_changed":false},"product_cat":[11761,12163,12100,12193],"product_tag":[],"class_list":{"0":"post-49862","1":"product","2":"type-product","3":"status-publish","4":"has-post-thumbnail","6":"product_cat-forni","7":"product_cat-kleine-elektrogeraete","8":"product_cat-kuche","9":"product_cat-oefen","11":"first","12":"outofstock","13":"sale","14":"taxable","15":"shipping-taxable","16":"purchasable","17":"product-type-simple","swatches":"rey-swatches","show_selected":"","stretch_labels":"rey-swatches--stretch-labels"},"acf":[],"yoast_head":"<!-- This site is optimized with the Yoast SEO plugin v25.4 - https:\/\/yoast.com\/wordpress\/plugins\/seo\/ -->\n<title>SAGE The Smart Oven Pro - dev6 Erresse<\/title>\n<meta name=\"description\" content=\"10 CLEVERE KOCHFUNKTIONEN UND INTEGRIERTES OFENLICHT The Smart Oven\u2122 Pro mit Element iQ\u2122 ist ein unentbehrliches Werkzeug f\u00fcr den Koch, der sich einen\" \/>\n<meta name=\"robots\" content=\"noindex, follow, max-snippet:-1, max-image-preview:large, max-video-preview:-1\" \/>\n<meta property=\"og:locale\" content=\"de_DE\" \/>\n<meta property=\"og:type\" content=\"article\" \/>\n<meta property=\"og:title\" content=\"SAGE The Smart Oven Pro - dev6 Erresse\" \/>\n<meta property=\"og:description\" content=\"10 CLEVERE KOCHFUNKTIONEN UND INTEGRIERTES OFENLICHT The Smart Oven\u2122 Pro mit Element iQ\u2122 ist ein unentbehrliches Werkzeug f\u00fcr den Koch, der sich einen\" \/>\n<meta property=\"og:url\" content=\"https:\/\/dev6.erresse-shop.it\/de\/shop\/kleine-elektrogeraete\/oefen\/sage-the-smart-oven-pro\/\" \/>\n<meta property=\"og:site_name\" content=\"dev6 Erresse\" \/>\n<meta property=\"og:image\" content=\"https:\/\/interpim.erresse-shop.it\/img-catalogo\/sage\/sov820bss.jpg\" \/><meta property=\"og:image\" content=\"https:\/\/interpim.erresse-shop.it\/img-catalogo\/sage\/sov820bss.jpg\" \/>\n\t<meta property=\"og:image:width\" content=\"1024\" \/>\n\t<meta property=\"og:image:height\" content=\"1024\" \/>\n\t<meta property=\"og:image:type\" content=\"image\/jpeg\" \/>\n<meta name=\"twitter:card\" content=\"summary_large_image\" \/>\n<meta name=\"twitter:image\" content=\"https:\/\/interpim.erresse-shop.it\/img-catalogo\/sage\/sov820bss.jpg\" \/>\n<script type=\"application\/ld+json\" class=\"yoast-schema-graph\">{\"@context\":\"https:\/\/schema.org\",\"@graph\":[{\"@type\":\"WebPage\",\"@id\":\"https:\/\/dev6.erresse-shop.it\/de\/shop\/kleine-elektrogeraete\/oefen\/sage-the-smart-oven-pro\/\",\"url\":\"https:\/\/dev6.erresse-shop.it\/de\/shop\/kleine-elektrogeraete\/oefen\/sage-the-smart-oven-pro\/\",\"name\":\"SAGE The Smart Oven Pro - dev6 Erresse\",\"isPartOf\":{\"@id\":\"https:\/\/dev6.erresse-shop.it\/#website\"},\"primaryImageOfPage\":{\"@id\":\"https:\/\/dev6.erresse-shop.it\/de\/shop\/kleine-elektrogeraete\/oefen\/sage-the-smart-oven-pro\/#primaryimage\"},\"image\":{\"@id\":\"https:\/\/dev6.erresse-shop.it\/de\/shop\/kleine-elektrogeraete\/oefen\/sage-the-smart-oven-pro\/#primaryimage\"},\"thumbnailUrl\":\"https:\/\/i3.wp.com\/interpim.erresse-shop.it\/img-catalogo\/sage\/sov820bss.jpg?ssl=1\",\"datePublished\":\"2026-04-16T17:08:46+00:00\",\"description\":\"10 CLEVERE KOCHFUNKTIONEN UND INTEGRIERTES OFENLICHT The Smart Oven\u2122 Pro mit Element iQ\u2122 ist ein unentbehrliches Werkzeug f\u00fcr den Koch, der sich einen\",\"breadcrumb\":{\"@id\":\"https:\/\/dev6.erresse-shop.it\/de\/shop\/kleine-elektrogeraete\/oefen\/sage-the-smart-oven-pro\/#breadcrumb\"},\"inLanguage\":\"de\",\"potentialAction\":[{\"@type\":\"ReadAction\",\"target\":[\"https:\/\/dev6.erresse-shop.it\/de\/shop\/kleine-elektrogeraete\/oefen\/sage-the-smart-oven-pro\/\"]}]},{\"@type\":\"ImageObject\",\"inLanguage\":\"de\",\"@id\":\"https:\/\/dev6.erresse-shop.it\/de\/shop\/kleine-elektrogeraete\/oefen\/sage-the-smart-oven-pro\/#primaryimage\",\"url\":\"https:\/\/i3.wp.com\/interpim.erresse-shop.it\/img-catalogo\/sage\/sov820bss.jpg?ssl=1\",\"contentUrl\":\"https:\/\/i3.wp.com\/interpim.erresse-shop.it\/img-catalogo\/sage\/sov820bss.jpg?ssl=1\"},{\"@type\":\"BreadcrumbList\",\"@id\":\"https:\/\/dev6.erresse-shop.it\/de\/shop\/kleine-elektrogeraete\/oefen\/sage-the-smart-oven-pro\/#breadcrumb\",\"itemListElement\":[{\"@type\":\"ListItem\",\"position\":1,\"name\":\"Home\",\"item\":\"https:\/\/dev6.erresse-shop.it\/\"},{\"@type\":\"ListItem\",\"position\":2,\"name\":\"Shop\",\"item\":\"https:\/\/dev6.erresse-shop.it\/shop\/\"},{\"@type\":\"ListItem\",\"position\":3,\"name\":\"SAGE The Smart Oven Pro\"}]},{\"@type\":\"WebSite\",\"@id\":\"https:\/\/dev6.erresse-shop.it\/#website\",\"url\":\"https:\/\/dev6.erresse-shop.it\/\",\"name\":\"Erresse Shop\",\"description\":\"\",\"publisher\":{\"@id\":\"https:\/\/dev6.erresse-shop.it\/#organization\"},\"potentialAction\":[{\"@type\":\"SearchAction\",\"target\":{\"@type\":\"EntryPoint\",\"urlTemplate\":\"https:\/\/dev6.erresse-shop.it\/?s={search_term_string}\"},\"query-input\":{\"@type\":\"PropertyValueSpecification\",\"valueRequired\":true,\"valueName\":\"search_term_string\"}}],\"inLanguage\":\"de\"},{\"@type\":\"Organization\",\"@id\":\"https:\/\/dev6.erresse-shop.it\/#organization\",\"name\":\"Erresse Shop\",\"url\":\"https:\/\/dev6.erresse-shop.it\/\",\"logo\":{\"@type\":\"ImageObject\",\"inLanguage\":\"de\",\"@id\":\"https:\/\/dev6.erresse-shop.it\/#\/schema\/logo\/image\/\",\"url\":\"https:\/\/dev6.erresse-shop.it\/wp-content\/uploads\/2025\/01\/LOGO-ERRESSE-CLASSICO.svg\",\"contentUrl\":\"https:\/\/dev6.erresse-shop.it\/wp-content\/uploads\/2025\/01\/LOGO-ERRESSE-CLASSICO.svg\",\"caption\":\"Erresse Shop\"},\"image\":{\"@id\":\"https:\/\/dev6.erresse-shop.it\/#\/schema\/logo\/image\/\"}}]}<\/script>\n<!-- \/ Yoast SEO plugin. -->","yoast_head_json":{"title":"SAGE The Smart Oven Pro - dev6 Erresse","description":"10 CLEVERE KOCHFUNKTIONEN UND INTEGRIERTES OFENLICHT The Smart Oven\u2122 Pro mit Element iQ\u2122 ist ein unentbehrliches Werkzeug f\u00fcr den Koch, der sich einen","robots":{"index":"noindex","follow":"follow","max-snippet":"max-snippet:-1","max-image-preview":"max-image-preview:large","max-video-preview":"max-video-preview:-1"},"og_locale":"de_DE","og_type":"article","og_title":"SAGE The Smart Oven Pro - dev6 Erresse","og_description":"10 CLEVERE KOCHFUNKTIONEN UND INTEGRIERTES OFENLICHT The Smart Oven\u2122 Pro mit Element iQ\u2122 ist ein unentbehrliches Werkzeug f\u00fcr den Koch, der sich einen","og_url":"https:\/\/dev6.erresse-shop.it\/de\/shop\/kleine-elektrogeraete\/oefen\/sage-the-smart-oven-pro\/","og_site_name":"dev6 Erresse","og_image":[{"url":"https:\/\/interpim.erresse-shop.it\/img-catalogo\/sage\/sov820bss.jpg","type":"","width":"","height":""},{"url":"https:\/\/interpim.erresse-shop.it\/img-catalogo\/sage\/sov820bss.jpg","width":1024,"height":1024,"type":"image\/jpeg"}],"twitter_card":"summary_large_image","twitter_image":"https:\/\/interpim.erresse-shop.it\/img-catalogo\/sage\/sov820bss.jpg","schema":{"@context":"https:\/\/schema.org","@graph":[{"@type":"WebPage","@id":"https:\/\/dev6.erresse-shop.it\/de\/shop\/kleine-elektrogeraete\/oefen\/sage-the-smart-oven-pro\/","url":"https:\/\/dev6.erresse-shop.it\/de\/shop\/kleine-elektrogeraete\/oefen\/sage-the-smart-oven-pro\/","name":"SAGE The Smart Oven Pro - dev6 Erresse","isPartOf":{"@id":"https:\/\/dev6.erresse-shop.it\/#website"},"primaryImageOfPage":{"@id":"https:\/\/dev6.erresse-shop.it\/de\/shop\/kleine-elektrogeraete\/oefen\/sage-the-smart-oven-pro\/#primaryimage"},"image":{"@id":"https:\/\/dev6.erresse-shop.it\/de\/shop\/kleine-elektrogeraete\/oefen\/sage-the-smart-oven-pro\/#primaryimage"},"thumbnailUrl":"https:\/\/i3.wp.com\/interpim.erresse-shop.it\/img-catalogo\/sage\/sov820bss.jpg?ssl=1","datePublished":"2026-04-16T17:08:46+00:00","description":"10 CLEVERE KOCHFUNKTIONEN UND INTEGRIERTES OFENLICHT The Smart Oven\u2122 Pro mit Element iQ\u2122 ist ein unentbehrliches Werkzeug f\u00fcr den Koch, der sich einen","breadcrumb":{"@id":"https:\/\/dev6.erresse-shop.it\/de\/shop\/kleine-elektrogeraete\/oefen\/sage-the-smart-oven-pro\/#breadcrumb"},"inLanguage":"de","potentialAction":[{"@type":"ReadAction","target":["https:\/\/dev6.erresse-shop.it\/de\/shop\/kleine-elektrogeraete\/oefen\/sage-the-smart-oven-pro\/"]}]},{"@type":"ImageObject","inLanguage":"de","@id":"https:\/\/dev6.erresse-shop.it\/de\/shop\/kleine-elektrogeraete\/oefen\/sage-the-smart-oven-pro\/#primaryimage","url":"https:\/\/i3.wp.com\/interpim.erresse-shop.it\/img-catalogo\/sage\/sov820bss.jpg?ssl=1","contentUrl":"https:\/\/i3.wp.com\/interpim.erresse-shop.it\/img-catalogo\/sage\/sov820bss.jpg?ssl=1"},{"@type":"BreadcrumbList","@id":"https:\/\/dev6.erresse-shop.it\/de\/shop\/kleine-elektrogeraete\/oefen\/sage-the-smart-oven-pro\/#breadcrumb","itemListElement":[{"@type":"ListItem","position":1,"name":"Home","item":"https:\/\/dev6.erresse-shop.it\/"},{"@type":"ListItem","position":2,"name":"Shop","item":"https:\/\/dev6.erresse-shop.it\/shop\/"},{"@type":"ListItem","position":3,"name":"SAGE The Smart Oven Pro"}]},{"@type":"WebSite","@id":"https:\/\/dev6.erresse-shop.it\/#website","url":"https:\/\/dev6.erresse-shop.it\/","name":"Erresse Shop","description":"","publisher":{"@id":"https:\/\/dev6.erresse-shop.it\/#organization"},"potentialAction":[{"@type":"SearchAction","target":{"@type":"EntryPoint","urlTemplate":"https:\/\/dev6.erresse-shop.it\/?s={search_term_string}"},"query-input":{"@type":"PropertyValueSpecification","valueRequired":true,"valueName":"search_term_string"}}],"inLanguage":"de"},{"@type":"Organization","@id":"https:\/\/dev6.erresse-shop.it\/#organization","name":"Erresse Shop","url":"https:\/\/dev6.erresse-shop.it\/","logo":{"@type":"ImageObject","inLanguage":"de","@id":"https:\/\/dev6.erresse-shop.it\/#\/schema\/logo\/image\/","url":"https:\/\/dev6.erresse-shop.it\/wp-content\/uploads\/2025\/01\/LOGO-ERRESSE-CLASSICO.svg","contentUrl":"https:\/\/dev6.erresse-shop.it\/wp-content\/uploads\/2025\/01\/LOGO-ERRESSE-CLASSICO.svg","caption":"Erresse Shop"},"image":{"@id":"https:\/\/dev6.erresse-shop.it\/#\/schema\/logo\/image\/"}}]}},"df_price":279.95,"df_sale_price":279.95,"df_regular_price":319.9,"df_image_link":"https:\/\/i3.wp.com\/interpim.erresse-shop.it\/img-catalogo\/sage\/sov820bss.jpg?resize=300,300&ssl=1","fifu_image_url":"https:\/\/interpim.erresse-shop.it\/img-catalogo\/sage\/sov820bss.jpg","_links":{"self":[{"href":"https:\/\/dev6.erresse-shop.it\/de\/wp-json\/wp\/v2\/product\/49862","targetHints":{"allow":["GET"]}}],"collection":[{"href":"https:\/\/dev6.erresse-shop.it\/de\/wp-json\/wp\/v2\/product"}],"about":[{"href":"https:\/\/dev6.erresse-shop.it\/de\/wp-json\/wp\/v2\/types\/product"}],"wp:featuredmedia":[{"embeddable":true,"href":"https:\/\/dev6.erresse-shop.it\/de\/wp-json\/wp\/v2\/media\/6489561"}],"wp:attachment":[{"href":"https:\/\/dev6.erresse-shop.it\/de\/wp-json\/wp\/v2\/media?parent=49862"}],"wp:term":[{"taxonomy":"product_cat","embeddable":true,"href":"https:\/\/dev6.erresse-shop.it\/de\/wp-json\/wp\/v2\/product_cat?post=49862"},{"taxonomy":"product_tag","embeddable":true,"href":"https:\/\/dev6.erresse-shop.it\/de\/wp-json\/wp\/v2\/product_tag?post=49862"}],"curies":[{"name":"wp","href":"https:\/\/api.w.org\/{rel}","templated":true}]}}