{"id":49826,"date":"2026-04-04T08:31:17","date_gmt":"2026-04-04T06:31:17","guid":{"rendered":"https:\/\/dev6.erresse-shop.it\/shop\/unkategorisiert\/carlo-moretti-kristallvase-singleflower-11\/"},"modified":"2025-11-22T17:46:45","modified_gmt":"2025-11-22T16:46:45","slug":"carlo-moretti-kristallvase-singleflower-11","status":"publish","type":"product","link":"https:\/\/dev6.erresse-shop.it\/de\/shop\/einrichtung-haus\/vasen\/carlo-moretti-kristallvase-singleflower-11\/","title":{"rendered":"CARLO MORETTI Kristallvase Singleflower"},"content":{"rendered":"<p>Mundgeblasene und handgefertigte Vasen aus Muranokristall, mit hei\u00dfen Applikationen aus verschiedenen dekorativen Elementen.<\/p>\n<p>Die Vasen von Singleflower sind aus dem Wunsch entstanden, Designobjekte mit reduzierten Abmessungen, aber immer elegant und von visueller Wirkung, vorzuschlagen. Diese 17zm hohe Vasen sind geeignet, jede Ecke des Hauses zu versch\u00f6nern und ihr Farbe, Licht und Eleganz zu verleihen.<\/p>\n<p>Murano-Glas und -Kristall: rein italienische Wertelemente, die in den wertvollen Kollektionen der Firma Carlo Moretti, die auf den kleinen Inseln von Murano ans\u00e4ssig ist, ihren maximalen Ausdruck finden. Das Prestige dieser Firma aus Murano ist auf die gro\u00dfe Meisterschaft in der Verwendung von Glas und Kristall zur\u00fcckzuf\u00fchren, wobei letzteres durch den Zusatz von Blei in der Mischung eine gr\u00f6\u00dfere Widerstandsf\u00e4higkeit aufweist.<\/p>\n<p>Muranovase vollst\u00e4ndig von Hand bearbeitet und bemalt.<br \/>\nBestellen Sie weitere Carlo Moretti Vasen, um eine einzigartige Sammlung zu haben.<\/p>\n","protected":false},"excerpt":{"rendered":"<p>Mundgeblasene und handgefertigte Vasen aus Muranokristall, mit hei\u00dfen Applikationen aus verschiedenen dekorativen Elementen. Die Vasen von Singleflower sind aus dem Wunsch entstanden, Designobjekte mit reduzierten Abmessungen, aber immer elegant und von visueller Wirkung, vorzuschlagen. Diese 17zm hohe Vasen sind geeignet, jede Ecke des Hauses zu versch\u00f6nern und ihr Farbe, Licht und Eleganz zu verleihen. Murano-Glas [&hellip;]<\/p>\n","protected":false},"featured_media":6267074,"template":"","meta":{"_acf_changed":false},"product_cat":[11666,12098,12126],"product_tag":[],"class_list":{"0":"post-49826","1":"product","2":"type-product","3":"status-publish","4":"has-post-thumbnail","6":"product_cat-arredamento-casa","7":"product_cat-einrichtung-haus","8":"product_cat-vasen","10":"first","11":"outofstock","12":"sale","13":"taxable","14":"shipping-taxable","15":"purchasable","16":"product-type-simple","swatches":"rey-swatches","show_selected":"","stretch_labels":"rey-swatches--stretch-labels"},"acf":[],"yoast_head":"<!-- This site is optimized with the Yoast SEO plugin v25.4 - https:\/\/yoast.com\/wordpress\/plugins\/seo\/ -->\n<title>CARLO MORETTI Kristallvase Singleflower - dev6 Erresse<\/title>\n<meta name=\"description\" content=\"Mundgeblasene und handgefertigte Vasen aus Muranokristall, mit hei\u00dfen Applikationen aus verschiedenen dekorativen Elementen. Die Vasen von Singleflower\" \/>\n<meta name=\"robots\" content=\"noindex, follow, max-snippet:-1, max-image-preview:large, max-video-preview:-1\" \/>\n<meta property=\"og:locale\" content=\"de_DE\" \/>\n<meta property=\"og:type\" content=\"article\" \/>\n<meta property=\"og:title\" content=\"CARLO MORETTI Kristallvase Singleflower - dev6 Erresse\" \/>\n<meta property=\"og:description\" content=\"Mundgeblasene und handgefertigte Vasen aus Muranokristall, mit hei\u00dfen Applikationen aus verschiedenen dekorativen Elementen. Die Vasen von Singleflower\" \/>\n<meta property=\"og:url\" content=\"https:\/\/dev6.erresse-shop.it\/de\/shop\/einrichtung-haus\/vasen\/carlo-moretti-kristallvase-singleflower-11\/\" \/>\n<meta property=\"og:site_name\" content=\"dev6 Erresse\" \/>\n<meta property=\"og:image\" content=\"https:\/\/interpim.erresse-shop.it\/Import\/Prodotti\/14.0306.6.ct_.jpg\" \/><meta property=\"og:image\" content=\"https:\/\/interpim.erresse-shop.it\/Import\/Prodotti\/14.0306.6.ct_.jpg\" \/>\n\t<meta property=\"og:image:width\" content=\"1024\" \/>\n\t<meta property=\"og:image:height\" content=\"1024\" \/>\n\t<meta property=\"og:image:type\" content=\"image\/jpeg\" \/>\n<meta name=\"twitter:card\" content=\"summary_large_image\" \/>\n<meta name=\"twitter:image\" content=\"https:\/\/interpim.erresse-shop.it\/Import\/Prodotti\/14.0306.6.ct_.jpg\" \/>\n<script type=\"application\/ld+json\" class=\"yoast-schema-graph\">{\"@context\":\"https:\/\/schema.org\",\"@graph\":[{\"@type\":\"WebPage\",\"@id\":\"https:\/\/dev6.erresse-shop.it\/de\/shop\/einrichtung-haus\/vasen\/carlo-moretti-kristallvase-singleflower-11\/\",\"url\":\"https:\/\/dev6.erresse-shop.it\/de\/shop\/einrichtung-haus\/vasen\/carlo-moretti-kristallvase-singleflower-11\/\",\"name\":\"CARLO MORETTI Kristallvase Singleflower - dev6 Erresse\",\"isPartOf\":{\"@id\":\"https:\/\/dev6.erresse-shop.it\/#website\"},\"primaryImageOfPage\":{\"@id\":\"https:\/\/dev6.erresse-shop.it\/de\/shop\/einrichtung-haus\/vasen\/carlo-moretti-kristallvase-singleflower-11\/#primaryimage\"},\"image\":{\"@id\":\"https:\/\/dev6.erresse-shop.it\/de\/shop\/einrichtung-haus\/vasen\/carlo-moretti-kristallvase-singleflower-11\/#primaryimage\"},\"thumbnailUrl\":\"https:\/\/i0.wp.com\/interpim.erresse-shop.it\/Import\/Prodotti\/14.0306.6.ct_.jpg?ssl=1\",\"datePublished\":\"2026-04-04T06:31:17+00:00\",\"description\":\"Mundgeblasene und handgefertigte Vasen aus Muranokristall, mit hei\u00dfen Applikationen aus verschiedenen dekorativen Elementen. Die Vasen von Singleflower\",\"breadcrumb\":{\"@id\":\"https:\/\/dev6.erresse-shop.it\/de\/shop\/einrichtung-haus\/vasen\/carlo-moretti-kristallvase-singleflower-11\/#breadcrumb\"},\"inLanguage\":\"de\",\"potentialAction\":[{\"@type\":\"ReadAction\",\"target\":[\"https:\/\/dev6.erresse-shop.it\/de\/shop\/einrichtung-haus\/vasen\/carlo-moretti-kristallvase-singleflower-11\/\"]}]},{\"@type\":\"ImageObject\",\"inLanguage\":\"de\",\"@id\":\"https:\/\/dev6.erresse-shop.it\/de\/shop\/einrichtung-haus\/vasen\/carlo-moretti-kristallvase-singleflower-11\/#primaryimage\",\"url\":\"https:\/\/i0.wp.com\/interpim.erresse-shop.it\/Import\/Prodotti\/14.0306.6.ct_.jpg?ssl=1\",\"contentUrl\":\"https:\/\/i0.wp.com\/interpim.erresse-shop.it\/Import\/Prodotti\/14.0306.6.ct_.jpg?ssl=1\"},{\"@type\":\"BreadcrumbList\",\"@id\":\"https:\/\/dev6.erresse-shop.it\/de\/shop\/einrichtung-haus\/vasen\/carlo-moretti-kristallvase-singleflower-11\/#breadcrumb\",\"itemListElement\":[{\"@type\":\"ListItem\",\"position\":1,\"name\":\"Home\",\"item\":\"https:\/\/dev6.erresse-shop.it\/\"},{\"@type\":\"ListItem\",\"position\":2,\"name\":\"Shop\",\"item\":\"https:\/\/dev6.erresse-shop.it\/shop\/\"},{\"@type\":\"ListItem\",\"position\":3,\"name\":\"CARLO MORETTI Kristallvase Singleflower\"}]},{\"@type\":\"WebSite\",\"@id\":\"https:\/\/dev6.erresse-shop.it\/#website\",\"url\":\"https:\/\/dev6.erresse-shop.it\/\",\"name\":\"Erresse Shop\",\"description\":\"\",\"publisher\":{\"@id\":\"https:\/\/dev6.erresse-shop.it\/#organization\"},\"potentialAction\":[{\"@type\":\"SearchAction\",\"target\":{\"@type\":\"EntryPoint\",\"urlTemplate\":\"https:\/\/dev6.erresse-shop.it\/?s={search_term_string}\"},\"query-input\":{\"@type\":\"PropertyValueSpecification\",\"valueRequired\":true,\"valueName\":\"search_term_string\"}}],\"inLanguage\":\"de\"},{\"@type\":\"Organization\",\"@id\":\"https:\/\/dev6.erresse-shop.it\/#organization\",\"name\":\"Erresse Shop\",\"url\":\"https:\/\/dev6.erresse-shop.it\/\",\"logo\":{\"@type\":\"ImageObject\",\"inLanguage\":\"de\",\"@id\":\"https:\/\/dev6.erresse-shop.it\/#\/schema\/logo\/image\/\",\"url\":\"https:\/\/dev6.erresse-shop.it\/wp-content\/uploads\/2025\/01\/LOGO-ERRESSE-CLASSICO.svg\",\"contentUrl\":\"https:\/\/dev6.erresse-shop.it\/wp-content\/uploads\/2025\/01\/LOGO-ERRESSE-CLASSICO.svg\",\"caption\":\"Erresse Shop\"},\"image\":{\"@id\":\"https:\/\/dev6.erresse-shop.it\/#\/schema\/logo\/image\/\"}}]}<\/script>\n<!-- \/ Yoast SEO plugin. -->","yoast_head_json":{"title":"CARLO MORETTI Kristallvase Singleflower - dev6 Erresse","description":"Mundgeblasene und handgefertigte Vasen aus Muranokristall, mit hei\u00dfen Applikationen aus verschiedenen dekorativen Elementen. Die Vasen von Singleflower","robots":{"index":"noindex","follow":"follow","max-snippet":"max-snippet:-1","max-image-preview":"max-image-preview:large","max-video-preview":"max-video-preview:-1"},"og_locale":"de_DE","og_type":"article","og_title":"CARLO MORETTI Kristallvase Singleflower - dev6 Erresse","og_description":"Mundgeblasene und handgefertigte Vasen aus Muranokristall, mit hei\u00dfen Applikationen aus verschiedenen dekorativen Elementen. Die Vasen von Singleflower","og_url":"https:\/\/dev6.erresse-shop.it\/de\/shop\/einrichtung-haus\/vasen\/carlo-moretti-kristallvase-singleflower-11\/","og_site_name":"dev6 Erresse","og_image":[{"url":"https:\/\/interpim.erresse-shop.it\/Import\/Prodotti\/14.0306.6.ct_.jpg","type":"","width":"","height":""},{"url":"https:\/\/interpim.erresse-shop.it\/Import\/Prodotti\/14.0306.6.ct_.jpg","width":1024,"height":1024,"type":"image\/jpeg"}],"twitter_card":"summary_large_image","twitter_image":"https:\/\/interpim.erresse-shop.it\/Import\/Prodotti\/14.0306.6.ct_.jpg","schema":{"@context":"https:\/\/schema.org","@graph":[{"@type":"WebPage","@id":"https:\/\/dev6.erresse-shop.it\/de\/shop\/einrichtung-haus\/vasen\/carlo-moretti-kristallvase-singleflower-11\/","url":"https:\/\/dev6.erresse-shop.it\/de\/shop\/einrichtung-haus\/vasen\/carlo-moretti-kristallvase-singleflower-11\/","name":"CARLO MORETTI Kristallvase Singleflower - dev6 Erresse","isPartOf":{"@id":"https:\/\/dev6.erresse-shop.it\/#website"},"primaryImageOfPage":{"@id":"https:\/\/dev6.erresse-shop.it\/de\/shop\/einrichtung-haus\/vasen\/carlo-moretti-kristallvase-singleflower-11\/#primaryimage"},"image":{"@id":"https:\/\/dev6.erresse-shop.it\/de\/shop\/einrichtung-haus\/vasen\/carlo-moretti-kristallvase-singleflower-11\/#primaryimage"},"thumbnailUrl":"https:\/\/i0.wp.com\/interpim.erresse-shop.it\/Import\/Prodotti\/14.0306.6.ct_.jpg?ssl=1","datePublished":"2026-04-04T06:31:17+00:00","description":"Mundgeblasene und handgefertigte Vasen aus Muranokristall, mit hei\u00dfen Applikationen aus verschiedenen dekorativen Elementen. Die Vasen von Singleflower","breadcrumb":{"@id":"https:\/\/dev6.erresse-shop.it\/de\/shop\/einrichtung-haus\/vasen\/carlo-moretti-kristallvase-singleflower-11\/#breadcrumb"},"inLanguage":"de","potentialAction":[{"@type":"ReadAction","target":["https:\/\/dev6.erresse-shop.it\/de\/shop\/einrichtung-haus\/vasen\/carlo-moretti-kristallvase-singleflower-11\/"]}]},{"@type":"ImageObject","inLanguage":"de","@id":"https:\/\/dev6.erresse-shop.it\/de\/shop\/einrichtung-haus\/vasen\/carlo-moretti-kristallvase-singleflower-11\/#primaryimage","url":"https:\/\/i0.wp.com\/interpim.erresse-shop.it\/Import\/Prodotti\/14.0306.6.ct_.jpg?ssl=1","contentUrl":"https:\/\/i0.wp.com\/interpim.erresse-shop.it\/Import\/Prodotti\/14.0306.6.ct_.jpg?ssl=1"},{"@type":"BreadcrumbList","@id":"https:\/\/dev6.erresse-shop.it\/de\/shop\/einrichtung-haus\/vasen\/carlo-moretti-kristallvase-singleflower-11\/#breadcrumb","itemListElement":[{"@type":"ListItem","position":1,"name":"Home","item":"https:\/\/dev6.erresse-shop.it\/"},{"@type":"ListItem","position":2,"name":"Shop","item":"https:\/\/dev6.erresse-shop.it\/shop\/"},{"@type":"ListItem","position":3,"name":"CARLO MORETTI Kristallvase Singleflower"}]},{"@type":"WebSite","@id":"https:\/\/dev6.erresse-shop.it\/#website","url":"https:\/\/dev6.erresse-shop.it\/","name":"Erresse Shop","description":"","publisher":{"@id":"https:\/\/dev6.erresse-shop.it\/#organization"},"potentialAction":[{"@type":"SearchAction","target":{"@type":"EntryPoint","urlTemplate":"https:\/\/dev6.erresse-shop.it\/?s={search_term_string}"},"query-input":{"@type":"PropertyValueSpecification","valueRequired":true,"valueName":"search_term_string"}}],"inLanguage":"de"},{"@type":"Organization","@id":"https:\/\/dev6.erresse-shop.it\/#organization","name":"Erresse Shop","url":"https:\/\/dev6.erresse-shop.it\/","logo":{"@type":"ImageObject","inLanguage":"de","@id":"https:\/\/dev6.erresse-shop.it\/#\/schema\/logo\/image\/","url":"https:\/\/dev6.erresse-shop.it\/wp-content\/uploads\/2025\/01\/LOGO-ERRESSE-CLASSICO.svg","contentUrl":"https:\/\/dev6.erresse-shop.it\/wp-content\/uploads\/2025\/01\/LOGO-ERRESSE-CLASSICO.svg","caption":"Erresse Shop"},"image":{"@id":"https:\/\/dev6.erresse-shop.it\/#\/schema\/logo\/image\/"}}]}},"df_price":202.5,"df_sale_price":202.5,"df_regular_price":225,"df_image_link":"https:\/\/i0.wp.com\/interpim.erresse-shop.it\/Import\/Prodotti\/14.0306.6.ct_.jpg?resize=300,300&ssl=1","fifu_image_url":"https:\/\/interpim.erresse-shop.it\/Import\/Prodotti\/14.0306.6.ct_.jpg","_links":{"self":[{"href":"https:\/\/dev6.erresse-shop.it\/de\/wp-json\/wp\/v2\/product\/49826","targetHints":{"allow":["GET"]}}],"collection":[{"href":"https:\/\/dev6.erresse-shop.it\/de\/wp-json\/wp\/v2\/product"}],"about":[{"href":"https:\/\/dev6.erresse-shop.it\/de\/wp-json\/wp\/v2\/types\/product"}],"wp:featuredmedia":[{"embeddable":true,"href":"https:\/\/dev6.erresse-shop.it\/de\/wp-json\/wp\/v2\/media\/6267074"}],"wp:attachment":[{"href":"https:\/\/dev6.erresse-shop.it\/de\/wp-json\/wp\/v2\/media?parent=49826"}],"wp:term":[{"taxonomy":"product_cat","embeddable":true,"href":"https:\/\/dev6.erresse-shop.it\/de\/wp-json\/wp\/v2\/product_cat?post=49826"},{"taxonomy":"product_tag","embeddable":true,"href":"https:\/\/dev6.erresse-shop.it\/de\/wp-json\/wp\/v2\/product_tag?post=49826"}],"curies":[{"name":"wp","href":"https:\/\/api.w.org\/{rel}","templated":true}]}}