{"id":49814,"date":"2026-04-04T08:31:17","date_gmt":"2026-04-04T06:31:17","guid":{"rendered":"https:\/\/dev6.erresse-shop.it\/shop\/unkategorisiert\/sage-the-bambino-plus-schwarz\/"},"modified":"2025-07-03T19:51:08","modified_gmt":"2025-07-03T17:51:08","slug":"sage-the-bambino-plus-schwarz","status":"publish","type":"product","link":"https:\/\/dev6.erresse-shop.it\/de\/shop\/kleine-elektrogeraete\/kaffeemaschinen-espresso\/handbuecher\/sage-the-bambino-plus-schwarz\/","title":{"rendered":"SAGE The Bambino Plus Schwarz"},"content":{"rendered":"<p>ECHTER ESPRESSO MIT AUTOMATISCHER MILCHAUFSCH\u00c4UMUNG. DER SCHNELLERE WEG F\u00dcR PROFESSIONELLE ERGEBNISSE ZU HAUSE<br \/>\nWie professionelle Maschinen kann die Bambino Plus Kaffeespezialit\u00e4ten der \u201eThird Wave\u201c produzieren. Dank der 4-Schl\u00fcssel-Formel. 54 mm Siebtr\u00e4gerfilter mit 18 Gramm Kaffee f\u00fcr vollen Geschmack und eine leistungsstarke freih\u00e4ndige Dampfd\u00fcse zur Zubereitung von Mikro-Milchschaum, wie er f\u00fcr Latte Art unerl\u00e4sslich ist, gew\u00e4hrleisten Barista-Qualit\u00e4t. Mit einem eigenen ThermoJet-Heizsystem ist die Maschine in 3 Sekunden startbereit.<\/p>\n<p>AUTOMATISCHE MILCHAUFSCH\u00c4UMUNG<br \/>\nMit der automatischen Dampfd\u00fcse k\u00f6nnen Sie das Aufsch\u00e4umen und die Temperatur der Milch individuell einstellen, um einen Mikroblasenschaum wie an der Bar zu erhalten, der das Aroma des Kaffees verst\u00e4rkt und f\u00fcr die Latte Art unerl\u00e4sslich ist.<\/p>\n<p>SCHNELLERE HEIZUNG<br \/>\nMit dem innovativen ThermoJet\u00ae-Heizsystem erreichen Sie die ideale Absaugtemperatur in nur 3 Sekunden. Kein Warten mehr, um eine tolle Tasse Kaffee zu genie\u00dfen.<\/p>\n<p>18 GRAMM KAFFEE F\u00dcR EIN VOLLMUNDIGES AROMA<br \/>\nDie richtige Menge an Kaffeepulver ist die Basis f\u00fcr einen ausgewogenen Espresso. Der 54-mm-Filterhalter mit seinem Fassungsverm\u00f6gen von 18 Gramm ist der Schl\u00fcssel zu einem schmackhaften und ausgewogenen Kaffee der dritten Generation.<\/p>\n<p>AUTOMATISCHES WASCHEN<br \/>\nDa das Heizsystem nach der Dampfausgabe automatisch gesp\u00fclt wird, wird der Espresso immer mit der richtigen Temperatur ausgegeben.<\/p>\n<p>Garantie: 2 Jahre f\u00fcr Reparatur, Ersatz oder R\u00fcckerstattung (nach alleinigem Ermessen von Sage Appliances).<br \/>\nKonstruktionsmaterialien: Edelstahl<br \/>\nFassungsverm\u00f6gen Wassertank: 1,9 l<br \/>\nEinstellungen Bedienfeld: 1 TASTE, 2 TASTE und STEAM-Tasten<br \/>\nEinstellbare Temperatur und Milchaufsch\u00e4umstufe<\/p>\n<p>Inklusive Zubeh\u00f6r:<\/p>\n<p>54 mm Filterhalter<br \/>\n54 mm Dr\u00fccker<br \/>\nDas Razor\u2122 Pr\u00e4zisions-Dosierwerkzeug<br \/>\nClaro Swiss Wasserfilter<br \/>\n480-ml-Edelstahl-Milchk\u00e4nnchen<br \/>\n1 und 2 Tassen Doppelwandfilter<br \/>\nReinigungszubeh\u00f6r<br \/>\nReinigungsscheibe<\/p>\n<p>Einige Demonstrationsvideos:<\/p>\n<p>https:\/\/www.youtube.com\/watch?v&#61;wATqZLsyqq0<br \/>\nhttps:\/\/www.youtube.com\/watch?v&#61;RNgXOg-Gr2E<br \/>\nhttps:\/\/www.youtube.com\/watch?v&#61;CmNGoS-B8gg<\/p>\n<p>Nicht zum Verkauf au\u00dferhalb Europas<\/p>\n","protected":false},"excerpt":{"rendered":"<p>ECHTER ESPRESSO MIT AUTOMATISCHER MILCHAUFSCH\u00c4UMUNG. DER SCHNELLERE WEG F\u00dcR PROFESSIONELLE ERGEBNISSE ZU HAUSE Wie professionelle Maschinen kann die Bambino Plus Kaffeespezialit\u00e4ten der \u201eThird Wave\u201c produzieren. Dank der 4-Schl\u00fcssel-Formel. 54 mm Siebtr\u00e4gerfilter mit 18 Gramm Kaffee f\u00fcr vollen Geschmack und eine leistungsstarke freih\u00e4ndige Dampfd\u00fcse zur Zubereitung von Mikro-Milchschaum, wie er f\u00fcr Latte Art unerl\u00e4sslich ist, gew\u00e4hrleisten [&hellip;]<\/p>\n","protected":false},"featured_media":6267064,"template":"","meta":{"_acf_changed":false},"product_cat":[12198,12171,12163,11766],"product_tag":[],"class_list":{"0":"post-49814","1":"product","2":"type-product","3":"status-publish","4":"has-post-thumbnail","6":"product_cat-handbuecher","7":"product_cat-kaffeemaschinen-espresso","8":"product_cat-kleine-elektrogeraete","9":"product_cat-manuali","11":"first","12":"outofstock","13":"sale","14":"taxable","15":"shipping-taxable","16":"purchasable","17":"product-type-simple","swatches":"rey-swatches","show_selected":"","stretch_labels":"rey-swatches--stretch-labels"},"acf":[],"yoast_head":"<!-- This site is optimized with the Yoast SEO plugin v25.4 - https:\/\/yoast.com\/wordpress\/plugins\/seo\/ -->\n<title>SAGE The Bambino Plus Schwarz - dev6 Erresse<\/title>\n<meta name=\"description\" content=\"ECHTER ESPRESSO MIT AUTOMATISCHER MILCHAUFSCH\u00c4UMUNG. DER SCHNELLERE WEG F\u00dcR PROFESSIONELLE ERGEBNISSE ZU HAUSE Wie professionelle Maschinen kann die\" \/>\n<meta name=\"robots\" content=\"noindex, follow, max-snippet:-1, max-image-preview:large, max-video-preview:-1\" \/>\n<meta property=\"og:locale\" content=\"de_DE\" \/>\n<meta property=\"og:type\" content=\"article\" \/>\n<meta property=\"og:title\" content=\"SAGE The Bambino Plus Schwarz - dev6 Erresse\" \/>\n<meta property=\"og:description\" content=\"ECHTER ESPRESSO MIT AUTOMATISCHER MILCHAUFSCH\u00c4UMUNG. DER SCHNELLERE WEG F\u00dcR PROFESSIONELLE ERGEBNISSE ZU HAUSE Wie professionelle Maschinen kann die\" \/>\n<meta property=\"og:url\" content=\"https:\/\/dev6.erresse-shop.it\/de\/shop\/kleine-elektrogeraete\/kaffeemaschinen-espresso\/handbuecher\/sage-the-bambino-plus-schwarz\/\" \/>\n<meta property=\"og:site_name\" content=\"dev6 Erresse\" \/>\n<meta property=\"og:image\" content=\"https:\/\/interpim.erresse-shop.it\/Import\/Prodotti\/bambino-plus.jpg\" \/><meta property=\"og:image\" content=\"https:\/\/interpim.erresse-shop.it\/Import\/Prodotti\/bambino-plus.jpg\" \/>\n\t<meta property=\"og:image:width\" content=\"1024\" \/>\n\t<meta property=\"og:image:height\" content=\"1024\" \/>\n\t<meta property=\"og:image:type\" content=\"image\/jpeg\" \/>\n<meta name=\"twitter:card\" content=\"summary_large_image\" \/>\n<meta name=\"twitter:image\" content=\"https:\/\/interpim.erresse-shop.it\/Import\/Prodotti\/bambino-plus.jpg\" \/>\n<script type=\"application\/ld+json\" class=\"yoast-schema-graph\">{\"@context\":\"https:\/\/schema.org\",\"@graph\":[{\"@type\":\"WebPage\",\"@id\":\"https:\/\/dev6.erresse-shop.it\/de\/shop\/kleine-elektrogeraete\/kaffeemaschinen-espresso\/handbuecher\/sage-the-bambino-plus-schwarz\/\",\"url\":\"https:\/\/dev6.erresse-shop.it\/de\/shop\/kleine-elektrogeraete\/kaffeemaschinen-espresso\/handbuecher\/sage-the-bambino-plus-schwarz\/\",\"name\":\"SAGE The Bambino Plus Schwarz - dev6 Erresse\",\"isPartOf\":{\"@id\":\"https:\/\/dev6.erresse-shop.it\/#website\"},\"primaryImageOfPage\":{\"@id\":\"https:\/\/dev6.erresse-shop.it\/de\/shop\/kleine-elektrogeraete\/kaffeemaschinen-espresso\/handbuecher\/sage-the-bambino-plus-schwarz\/#primaryimage\"},\"image\":{\"@id\":\"https:\/\/dev6.erresse-shop.it\/de\/shop\/kleine-elektrogeraete\/kaffeemaschinen-espresso\/handbuecher\/sage-the-bambino-plus-schwarz\/#primaryimage\"},\"thumbnailUrl\":\"https:\/\/i0.wp.com\/interpim.erresse-shop.it\/Import\/Prodotti\/bambino-plus.jpg?ssl=1\",\"datePublished\":\"2026-04-04T06:31:17+00:00\",\"description\":\"ECHTER ESPRESSO MIT AUTOMATISCHER MILCHAUFSCH\u00c4UMUNG. DER SCHNELLERE WEG F\u00dcR PROFESSIONELLE ERGEBNISSE ZU HAUSE Wie professionelle Maschinen kann die\",\"breadcrumb\":{\"@id\":\"https:\/\/dev6.erresse-shop.it\/de\/shop\/kleine-elektrogeraete\/kaffeemaschinen-espresso\/handbuecher\/sage-the-bambino-plus-schwarz\/#breadcrumb\"},\"inLanguage\":\"de\",\"potentialAction\":[{\"@type\":\"ReadAction\",\"target\":[\"https:\/\/dev6.erresse-shop.it\/de\/shop\/kleine-elektrogeraete\/kaffeemaschinen-espresso\/handbuecher\/sage-the-bambino-plus-schwarz\/\"]}]},{\"@type\":\"ImageObject\",\"inLanguage\":\"de\",\"@id\":\"https:\/\/dev6.erresse-shop.it\/de\/shop\/kleine-elektrogeraete\/kaffeemaschinen-espresso\/handbuecher\/sage-the-bambino-plus-schwarz\/#primaryimage\",\"url\":\"https:\/\/i0.wp.com\/interpim.erresse-shop.it\/Import\/Prodotti\/bambino-plus.jpg?ssl=1\",\"contentUrl\":\"https:\/\/i0.wp.com\/interpim.erresse-shop.it\/Import\/Prodotti\/bambino-plus.jpg?ssl=1\"},{\"@type\":\"BreadcrumbList\",\"@id\":\"https:\/\/dev6.erresse-shop.it\/de\/shop\/kleine-elektrogeraete\/kaffeemaschinen-espresso\/handbuecher\/sage-the-bambino-plus-schwarz\/#breadcrumb\",\"itemListElement\":[{\"@type\":\"ListItem\",\"position\":1,\"name\":\"Home\",\"item\":\"https:\/\/dev6.erresse-shop.it\/\"},{\"@type\":\"ListItem\",\"position\":2,\"name\":\"Shop\",\"item\":\"https:\/\/dev6.erresse-shop.it\/shop\/\"},{\"@type\":\"ListItem\",\"position\":3,\"name\":\"SAGE The Bambino Plus Schwarz\"}]},{\"@type\":\"WebSite\",\"@id\":\"https:\/\/dev6.erresse-shop.it\/#website\",\"url\":\"https:\/\/dev6.erresse-shop.it\/\",\"name\":\"Erresse Shop\",\"description\":\"\",\"publisher\":{\"@id\":\"https:\/\/dev6.erresse-shop.it\/#organization\"},\"potentialAction\":[{\"@type\":\"SearchAction\",\"target\":{\"@type\":\"EntryPoint\",\"urlTemplate\":\"https:\/\/dev6.erresse-shop.it\/?s={search_term_string}\"},\"query-input\":{\"@type\":\"PropertyValueSpecification\",\"valueRequired\":true,\"valueName\":\"search_term_string\"}}],\"inLanguage\":\"de\"},{\"@type\":\"Organization\",\"@id\":\"https:\/\/dev6.erresse-shop.it\/#organization\",\"name\":\"Erresse Shop\",\"url\":\"https:\/\/dev6.erresse-shop.it\/\",\"logo\":{\"@type\":\"ImageObject\",\"inLanguage\":\"de\",\"@id\":\"https:\/\/dev6.erresse-shop.it\/#\/schema\/logo\/image\/\",\"url\":\"https:\/\/dev6.erresse-shop.it\/wp-content\/uploads\/2025\/01\/LOGO-ERRESSE-CLASSICO.svg\",\"contentUrl\":\"https:\/\/dev6.erresse-shop.it\/wp-content\/uploads\/2025\/01\/LOGO-ERRESSE-CLASSICO.svg\",\"caption\":\"Erresse Shop\"},\"image\":{\"@id\":\"https:\/\/dev6.erresse-shop.it\/#\/schema\/logo\/image\/\"}}]}<\/script>\n<!-- \/ Yoast SEO plugin. -->","yoast_head_json":{"title":"SAGE The Bambino Plus Schwarz - dev6 Erresse","description":"ECHTER ESPRESSO MIT AUTOMATISCHER MILCHAUFSCH\u00c4UMUNG. DER SCHNELLERE WEG F\u00dcR PROFESSIONELLE ERGEBNISSE ZU HAUSE Wie professionelle Maschinen kann die","robots":{"index":"noindex","follow":"follow","max-snippet":"max-snippet:-1","max-image-preview":"max-image-preview:large","max-video-preview":"max-video-preview:-1"},"og_locale":"de_DE","og_type":"article","og_title":"SAGE The Bambino Plus Schwarz - dev6 Erresse","og_description":"ECHTER ESPRESSO MIT AUTOMATISCHER MILCHAUFSCH\u00c4UMUNG. DER SCHNELLERE WEG F\u00dcR PROFESSIONELLE ERGEBNISSE ZU HAUSE Wie professionelle Maschinen kann die","og_url":"https:\/\/dev6.erresse-shop.it\/de\/shop\/kleine-elektrogeraete\/kaffeemaschinen-espresso\/handbuecher\/sage-the-bambino-plus-schwarz\/","og_site_name":"dev6 Erresse","og_image":[{"url":"https:\/\/interpim.erresse-shop.it\/Import\/Prodotti\/bambino-plus.jpg","type":"","width":"","height":""},{"url":"https:\/\/interpim.erresse-shop.it\/Import\/Prodotti\/bambino-plus.jpg","width":1024,"height":1024,"type":"image\/jpeg"}],"twitter_card":"summary_large_image","twitter_image":"https:\/\/interpim.erresse-shop.it\/Import\/Prodotti\/bambino-plus.jpg","schema":{"@context":"https:\/\/schema.org","@graph":[{"@type":"WebPage","@id":"https:\/\/dev6.erresse-shop.it\/de\/shop\/kleine-elektrogeraete\/kaffeemaschinen-espresso\/handbuecher\/sage-the-bambino-plus-schwarz\/","url":"https:\/\/dev6.erresse-shop.it\/de\/shop\/kleine-elektrogeraete\/kaffeemaschinen-espresso\/handbuecher\/sage-the-bambino-plus-schwarz\/","name":"SAGE The Bambino Plus Schwarz - dev6 Erresse","isPartOf":{"@id":"https:\/\/dev6.erresse-shop.it\/#website"},"primaryImageOfPage":{"@id":"https:\/\/dev6.erresse-shop.it\/de\/shop\/kleine-elektrogeraete\/kaffeemaschinen-espresso\/handbuecher\/sage-the-bambino-plus-schwarz\/#primaryimage"},"image":{"@id":"https:\/\/dev6.erresse-shop.it\/de\/shop\/kleine-elektrogeraete\/kaffeemaschinen-espresso\/handbuecher\/sage-the-bambino-plus-schwarz\/#primaryimage"},"thumbnailUrl":"https:\/\/i0.wp.com\/interpim.erresse-shop.it\/Import\/Prodotti\/bambino-plus.jpg?ssl=1","datePublished":"2026-04-04T06:31:17+00:00","description":"ECHTER ESPRESSO MIT AUTOMATISCHER MILCHAUFSCH\u00c4UMUNG. DER SCHNELLERE WEG F\u00dcR PROFESSIONELLE ERGEBNISSE ZU HAUSE Wie professionelle Maschinen kann die","breadcrumb":{"@id":"https:\/\/dev6.erresse-shop.it\/de\/shop\/kleine-elektrogeraete\/kaffeemaschinen-espresso\/handbuecher\/sage-the-bambino-plus-schwarz\/#breadcrumb"},"inLanguage":"de","potentialAction":[{"@type":"ReadAction","target":["https:\/\/dev6.erresse-shop.it\/de\/shop\/kleine-elektrogeraete\/kaffeemaschinen-espresso\/handbuecher\/sage-the-bambino-plus-schwarz\/"]}]},{"@type":"ImageObject","inLanguage":"de","@id":"https:\/\/dev6.erresse-shop.it\/de\/shop\/kleine-elektrogeraete\/kaffeemaschinen-espresso\/handbuecher\/sage-the-bambino-plus-schwarz\/#primaryimage","url":"https:\/\/i0.wp.com\/interpim.erresse-shop.it\/Import\/Prodotti\/bambino-plus.jpg?ssl=1","contentUrl":"https:\/\/i0.wp.com\/interpim.erresse-shop.it\/Import\/Prodotti\/bambino-plus.jpg?ssl=1"},{"@type":"BreadcrumbList","@id":"https:\/\/dev6.erresse-shop.it\/de\/shop\/kleine-elektrogeraete\/kaffeemaschinen-espresso\/handbuecher\/sage-the-bambino-plus-schwarz\/#breadcrumb","itemListElement":[{"@type":"ListItem","position":1,"name":"Home","item":"https:\/\/dev6.erresse-shop.it\/"},{"@type":"ListItem","position":2,"name":"Shop","item":"https:\/\/dev6.erresse-shop.it\/shop\/"},{"@type":"ListItem","position":3,"name":"SAGE The Bambino Plus Schwarz"}]},{"@type":"WebSite","@id":"https:\/\/dev6.erresse-shop.it\/#website","url":"https:\/\/dev6.erresse-shop.it\/","name":"Erresse Shop","description":"","publisher":{"@id":"https:\/\/dev6.erresse-shop.it\/#organization"},"potentialAction":[{"@type":"SearchAction","target":{"@type":"EntryPoint","urlTemplate":"https:\/\/dev6.erresse-shop.it\/?s={search_term_string}"},"query-input":{"@type":"PropertyValueSpecification","valueRequired":true,"valueName":"search_term_string"}}],"inLanguage":"de"},{"@type":"Organization","@id":"https:\/\/dev6.erresse-shop.it\/#organization","name":"Erresse Shop","url":"https:\/\/dev6.erresse-shop.it\/","logo":{"@type":"ImageObject","inLanguage":"de","@id":"https:\/\/dev6.erresse-shop.it\/#\/schema\/logo\/image\/","url":"https:\/\/dev6.erresse-shop.it\/wp-content\/uploads\/2025\/01\/LOGO-ERRESSE-CLASSICO.svg","contentUrl":"https:\/\/dev6.erresse-shop.it\/wp-content\/uploads\/2025\/01\/LOGO-ERRESSE-CLASSICO.svg","caption":"Erresse Shop"},"image":{"@id":"https:\/\/dev6.erresse-shop.it\/#\/schema\/logo\/image\/"}}]}},"df_price":489.95,"df_sale_price":489.95,"df_regular_price":529.9,"df_image_link":"https:\/\/i0.wp.com\/interpim.erresse-shop.it\/Import\/Prodotti\/bambino-plus.jpg?resize=300,300&ssl=1","fifu_image_url":"https:\/\/interpim.erresse-shop.it\/Import\/Prodotti\/bambino-plus.jpg","_links":{"self":[{"href":"https:\/\/dev6.erresse-shop.it\/de\/wp-json\/wp\/v2\/product\/49814","targetHints":{"allow":["GET"]}}],"collection":[{"href":"https:\/\/dev6.erresse-shop.it\/de\/wp-json\/wp\/v2\/product"}],"about":[{"href":"https:\/\/dev6.erresse-shop.it\/de\/wp-json\/wp\/v2\/types\/product"}],"wp:featuredmedia":[{"embeddable":true,"href":"https:\/\/dev6.erresse-shop.it\/de\/wp-json\/wp\/v2\/media\/6267064"}],"wp:attachment":[{"href":"https:\/\/dev6.erresse-shop.it\/de\/wp-json\/wp\/v2\/media?parent=49814"}],"wp:term":[{"taxonomy":"product_cat","embeddable":true,"href":"https:\/\/dev6.erresse-shop.it\/de\/wp-json\/wp\/v2\/product_cat?post=49814"},{"taxonomy":"product_tag","embeddable":true,"href":"https:\/\/dev6.erresse-shop.it\/de\/wp-json\/wp\/v2\/product_tag?post=49814"}],"curies":[{"name":"wp","href":"https:\/\/api.w.org\/{rel}","templated":true}]}}