{"id":49690,"date":"2026-04-04T08:28:46","date_gmt":"2026-04-04T06:28:46","guid":{"rendered":"https:\/\/dev6.erresse-shop.it\/shop\/unkategorisiert\/sage-the-smart-kettle\/"},"modified":"2025-09-14T00:34:46","modified_gmt":"2025-09-13T22:34:46","slug":"sage-the-smart-kettle","status":"publish","type":"product","link":"https:\/\/dev6.erresse-shop.it\/de\/shop\/kleine-elektrogeraete\/elektrische-wasserkocher\/sage-the-smart-kettle\/","title":{"rendered":"SAGE The Smart Kettle"},"content":{"rendered":"<p>BRUHT TEE MIT 5 UNTERSCHIDLICHEN EINSTELLUNGEN<br \/>\n1,7 l Wasserkocher, der die perfekte Temperatur f\u00fcr Tee oder Kaffee kennt. Es kann zwischen f\u00fcnf unterschiedlichen Einstellungen gew\u00e4hlt werden: schwarzer, gr\u00fcner, wei\u00dfer, Ooolong-Tee oder French Press-Kaffee.<\/p>\n<p>IMMER DIE PERFEKTE TEMPERATUR<br \/>\nDer Smart Kettle kann die richtige Ziehzeit einstellen. Tee und Kaffee erhalten dadurch den perfekten Geschmack.<\/p>\n<p>5 EINSTELLUNGEN<br \/>\nOb schwarzer, gr\u00fcner, wei\u00dfer, Oolong-Tee oder French Press-Kaffee \u2013 der Sage Smart Kettle kennt die exakte Temperatur f\u00fcr jede Teesorte. Vorprogrammierte Einstellungen sowie eine benutzerdefinierte Temperatursteuerung sorgen f\u00fcr den perfekten Geschmack auf Knopfdruck.<\/p>\n<p>WARMHALTEFUNKTION<br \/>\nDie Warmhaltefunktion kann mit einem Knopfdruck vor, w\u00e4hrend oder nach dem Erhitzen aktiviert werden. Das Wasser kann bis zu 20 Minuten warmgehalten werden.<\/p>\n<p>ABGEFEDERTER DECKEL<br \/>\nBeim Einschenken des hei\u00dfen Wassers k\u00f6nnen schnell Verbrennungen entstehen. Der speziell abgefederte Deckel verschl\u00e4gt Dampf und reduziert Wasserspritzer.<\/p>\n<p>KABELLOSER KOMFORT<br \/>\nKabellose Kanne mit 360 Grad drehbahrem Aufsetzer und Kabelaufwicklung.<\/p>\n<p>PRODUKTSPEZIFIKATION<br \/>\n\u2013 Abmessung (BxTxH): 18.5 x 18.3 x 24.6 cm<br \/>\n\u2013 Garantie: 2 Jahre Produktgarantie (Reparatur, Austausch oder Erstattung liegen im Ermessen von Sage Appliances)<br \/>\n\u2013 Materialien: Geb\u00fcrsteter Edelstahl<br \/>\n\u2013 Kapazit\u00e4t: 1,7 l<br \/>\n\u2013 Einstellungen: 5 Voreinstellungen. Abschalt- und Leerbetriebschutz<\/p>\n","protected":false},"excerpt":{"rendered":"<p>BRUHT TEE MIT 5 UNTERSCHIDLICHEN EINSTELLUNGEN 1,7 l Wasserkocher, der die perfekte Temperatur f\u00fcr Tee oder Kaffee kennt. Es kann zwischen f\u00fcnf unterschiedlichen Einstellungen gew\u00e4hlt werden: schwarzer, gr\u00fcner, wei\u00dfer, Ooolong-Tee oder French Press-Kaffee. IMMER DIE PERFEKTE TEMPERATUR Der Smart Kettle kann die richtige Ziehzeit einstellen. Tee und Kaffee erhalten dadurch den perfekten Geschmack. 5 EINSTELLUNGEN [&hellip;]<\/p>\n","protected":false},"featured_media":6266666,"template":"","meta":{"_acf_changed":false},"product_cat":[11734,12166,12163],"product_tag":[],"class_list":{"0":"post-49690","1":"product","2":"type-product","3":"status-publish","4":"has-post-thumbnail","6":"product_cat-bollitori-elettrici","7":"product_cat-elektrische-wasserkocher","8":"product_cat-kleine-elektrogeraete","10":"first","11":"outofstock","12":"sale","13":"taxable","14":"shipping-taxable","15":"purchasable","16":"product-type-simple","swatches":"rey-swatches","show_selected":"","stretch_labels":"rey-swatches--stretch-labels"},"acf":[],"yoast_head":"<!-- This site is optimized with the Yoast SEO plugin v25.4 - https:\/\/yoast.com\/wordpress\/plugins\/seo\/ -->\n<title>SAGE The Smart Kettle - dev6 Erresse<\/title>\n<meta name=\"description\" content=\"BRUHT TEE MIT 5 UNTERSCHIDLICHEN EINSTELLUNGEN 1,7 l Wasserkocher, der die perfekte Temperatur f\u00fcr Tee oder Kaffee kennt. Es kann zwischen f\u00fcnf\" \/>\n<meta name=\"robots\" content=\"noindex, follow, max-snippet:-1, max-image-preview:large, max-video-preview:-1\" \/>\n<meta property=\"og:locale\" content=\"de_DE\" \/>\n<meta property=\"og:type\" content=\"article\" \/>\n<meta property=\"og:title\" content=\"SAGE The Smart Kettle - dev6 Erresse\" \/>\n<meta property=\"og:description\" content=\"BRUHT TEE MIT 5 UNTERSCHIDLICHEN EINSTELLUNGEN 1,7 l Wasserkocher, der die perfekte Temperatur f\u00fcr Tee oder Kaffee kennt. Es kann zwischen f\u00fcnf\" \/>\n<meta property=\"og:url\" content=\"https:\/\/dev6.erresse-shop.it\/de\/shop\/kleine-elektrogeraete\/elektrische-wasserkocher\/sage-the-smart-kettle\/\" \/>\n<meta property=\"og:site_name\" content=\"dev6 Erresse\" \/>\n<meta property=\"og:image\" content=\"https:\/\/interpim.erresse-shop.it\/img-catalogo\/sage\/sage-the-smart-kettle-bollitore-4.jpg\" \/><meta property=\"og:image\" content=\"https:\/\/interpim.erresse-shop.it\/img-catalogo\/sage\/sage-the-smart-kettle-bollitore-4.jpg\" \/>\n\t<meta property=\"og:image:width\" content=\"1024\" \/>\n\t<meta property=\"og:image:height\" content=\"1024\" \/>\n\t<meta property=\"og:image:type\" content=\"image\/jpeg\" \/>\n<meta name=\"twitter:card\" content=\"summary_large_image\" \/>\n<meta name=\"twitter:image\" content=\"https:\/\/interpim.erresse-shop.it\/img-catalogo\/sage\/sage-the-smart-kettle-bollitore-4.jpg\" \/>\n<script type=\"application\/ld+json\" class=\"yoast-schema-graph\">{\"@context\":\"https:\/\/schema.org\",\"@graph\":[{\"@type\":\"WebPage\",\"@id\":\"https:\/\/dev6.erresse-shop.it\/de\/shop\/kleine-elektrogeraete\/elektrische-wasserkocher\/sage-the-smart-kettle\/\",\"url\":\"https:\/\/dev6.erresse-shop.it\/de\/shop\/kleine-elektrogeraete\/elektrische-wasserkocher\/sage-the-smart-kettle\/\",\"name\":\"SAGE The Smart Kettle - dev6 Erresse\",\"isPartOf\":{\"@id\":\"https:\/\/dev6.erresse-shop.it\/#website\"},\"primaryImageOfPage\":{\"@id\":\"https:\/\/dev6.erresse-shop.it\/de\/shop\/kleine-elektrogeraete\/elektrische-wasserkocher\/sage-the-smart-kettle\/#primaryimage\"},\"image\":{\"@id\":\"https:\/\/dev6.erresse-shop.it\/de\/shop\/kleine-elektrogeraete\/elektrische-wasserkocher\/sage-the-smart-kettle\/#primaryimage\"},\"thumbnailUrl\":\"https:\/\/i2.wp.com\/interpim.erresse-shop.it\/img-catalogo\/sage\/sage-the-smart-kettle-bollitore-4.jpg?ssl=1\",\"datePublished\":\"2026-04-04T06:28:46+00:00\",\"description\":\"BRUHT TEE MIT 5 UNTERSCHIDLICHEN EINSTELLUNGEN 1,7 l Wasserkocher, der die perfekte Temperatur f\u00fcr Tee oder Kaffee kennt. Es kann zwischen f\u00fcnf\",\"breadcrumb\":{\"@id\":\"https:\/\/dev6.erresse-shop.it\/de\/shop\/kleine-elektrogeraete\/elektrische-wasserkocher\/sage-the-smart-kettle\/#breadcrumb\"},\"inLanguage\":\"de\",\"potentialAction\":[{\"@type\":\"ReadAction\",\"target\":[\"https:\/\/dev6.erresse-shop.it\/de\/shop\/kleine-elektrogeraete\/elektrische-wasserkocher\/sage-the-smart-kettle\/\"]}]},{\"@type\":\"ImageObject\",\"inLanguage\":\"de\",\"@id\":\"https:\/\/dev6.erresse-shop.it\/de\/shop\/kleine-elektrogeraete\/elektrische-wasserkocher\/sage-the-smart-kettle\/#primaryimage\",\"url\":\"https:\/\/i2.wp.com\/interpim.erresse-shop.it\/img-catalogo\/sage\/sage-the-smart-kettle-bollitore-4.jpg?ssl=1\",\"contentUrl\":\"https:\/\/i2.wp.com\/interpim.erresse-shop.it\/img-catalogo\/sage\/sage-the-smart-kettle-bollitore-4.jpg?ssl=1\"},{\"@type\":\"BreadcrumbList\",\"@id\":\"https:\/\/dev6.erresse-shop.it\/de\/shop\/kleine-elektrogeraete\/elektrische-wasserkocher\/sage-the-smart-kettle\/#breadcrumb\",\"itemListElement\":[{\"@type\":\"ListItem\",\"position\":1,\"name\":\"Home\",\"item\":\"https:\/\/dev6.erresse-shop.it\/\"},{\"@type\":\"ListItem\",\"position\":2,\"name\":\"Shop\",\"item\":\"https:\/\/dev6.erresse-shop.it\/shop\/\"},{\"@type\":\"ListItem\",\"position\":3,\"name\":\"SAGE The Smart Kettle\"}]},{\"@type\":\"WebSite\",\"@id\":\"https:\/\/dev6.erresse-shop.it\/#website\",\"url\":\"https:\/\/dev6.erresse-shop.it\/\",\"name\":\"Erresse Shop\",\"description\":\"\",\"publisher\":{\"@id\":\"https:\/\/dev6.erresse-shop.it\/#organization\"},\"potentialAction\":[{\"@type\":\"SearchAction\",\"target\":{\"@type\":\"EntryPoint\",\"urlTemplate\":\"https:\/\/dev6.erresse-shop.it\/?s={search_term_string}\"},\"query-input\":{\"@type\":\"PropertyValueSpecification\",\"valueRequired\":true,\"valueName\":\"search_term_string\"}}],\"inLanguage\":\"de\"},{\"@type\":\"Organization\",\"@id\":\"https:\/\/dev6.erresse-shop.it\/#organization\",\"name\":\"Erresse Shop\",\"url\":\"https:\/\/dev6.erresse-shop.it\/\",\"logo\":{\"@type\":\"ImageObject\",\"inLanguage\":\"de\",\"@id\":\"https:\/\/dev6.erresse-shop.it\/#\/schema\/logo\/image\/\",\"url\":\"https:\/\/dev6.erresse-shop.it\/wp-content\/uploads\/2025\/01\/LOGO-ERRESSE-CLASSICO.svg\",\"contentUrl\":\"https:\/\/dev6.erresse-shop.it\/wp-content\/uploads\/2025\/01\/LOGO-ERRESSE-CLASSICO.svg\",\"caption\":\"Erresse Shop\"},\"image\":{\"@id\":\"https:\/\/dev6.erresse-shop.it\/#\/schema\/logo\/image\/\"}}]}<\/script>\n<!-- \/ Yoast SEO plugin. -->","yoast_head_json":{"title":"SAGE The Smart Kettle - dev6 Erresse","description":"BRUHT TEE MIT 5 UNTERSCHIDLICHEN EINSTELLUNGEN 1,7 l Wasserkocher, der die perfekte Temperatur f\u00fcr Tee oder Kaffee kennt. Es kann zwischen f\u00fcnf","robots":{"index":"noindex","follow":"follow","max-snippet":"max-snippet:-1","max-image-preview":"max-image-preview:large","max-video-preview":"max-video-preview:-1"},"og_locale":"de_DE","og_type":"article","og_title":"SAGE The Smart Kettle - dev6 Erresse","og_description":"BRUHT TEE MIT 5 UNTERSCHIDLICHEN EINSTELLUNGEN 1,7 l Wasserkocher, der die perfekte Temperatur f\u00fcr Tee oder Kaffee kennt. Es kann zwischen f\u00fcnf","og_url":"https:\/\/dev6.erresse-shop.it\/de\/shop\/kleine-elektrogeraete\/elektrische-wasserkocher\/sage-the-smart-kettle\/","og_site_name":"dev6 Erresse","og_image":[{"url":"https:\/\/interpim.erresse-shop.it\/img-catalogo\/sage\/sage-the-smart-kettle-bollitore-4.jpg","type":"","width":"","height":""},{"url":"https:\/\/interpim.erresse-shop.it\/img-catalogo\/sage\/sage-the-smart-kettle-bollitore-4.jpg","width":1024,"height":1024,"type":"image\/jpeg"}],"twitter_card":"summary_large_image","twitter_image":"https:\/\/interpim.erresse-shop.it\/img-catalogo\/sage\/sage-the-smart-kettle-bollitore-4.jpg","schema":{"@context":"https:\/\/schema.org","@graph":[{"@type":"WebPage","@id":"https:\/\/dev6.erresse-shop.it\/de\/shop\/kleine-elektrogeraete\/elektrische-wasserkocher\/sage-the-smart-kettle\/","url":"https:\/\/dev6.erresse-shop.it\/de\/shop\/kleine-elektrogeraete\/elektrische-wasserkocher\/sage-the-smart-kettle\/","name":"SAGE The Smart Kettle - dev6 Erresse","isPartOf":{"@id":"https:\/\/dev6.erresse-shop.it\/#website"},"primaryImageOfPage":{"@id":"https:\/\/dev6.erresse-shop.it\/de\/shop\/kleine-elektrogeraete\/elektrische-wasserkocher\/sage-the-smart-kettle\/#primaryimage"},"image":{"@id":"https:\/\/dev6.erresse-shop.it\/de\/shop\/kleine-elektrogeraete\/elektrische-wasserkocher\/sage-the-smart-kettle\/#primaryimage"},"thumbnailUrl":"https:\/\/i2.wp.com\/interpim.erresse-shop.it\/img-catalogo\/sage\/sage-the-smart-kettle-bollitore-4.jpg?ssl=1","datePublished":"2026-04-04T06:28:46+00:00","description":"BRUHT TEE MIT 5 UNTERSCHIDLICHEN EINSTELLUNGEN 1,7 l Wasserkocher, der die perfekte Temperatur f\u00fcr Tee oder Kaffee kennt. Es kann zwischen f\u00fcnf","breadcrumb":{"@id":"https:\/\/dev6.erresse-shop.it\/de\/shop\/kleine-elektrogeraete\/elektrische-wasserkocher\/sage-the-smart-kettle\/#breadcrumb"},"inLanguage":"de","potentialAction":[{"@type":"ReadAction","target":["https:\/\/dev6.erresse-shop.it\/de\/shop\/kleine-elektrogeraete\/elektrische-wasserkocher\/sage-the-smart-kettle\/"]}]},{"@type":"ImageObject","inLanguage":"de","@id":"https:\/\/dev6.erresse-shop.it\/de\/shop\/kleine-elektrogeraete\/elektrische-wasserkocher\/sage-the-smart-kettle\/#primaryimage","url":"https:\/\/i2.wp.com\/interpim.erresse-shop.it\/img-catalogo\/sage\/sage-the-smart-kettle-bollitore-4.jpg?ssl=1","contentUrl":"https:\/\/i2.wp.com\/interpim.erresse-shop.it\/img-catalogo\/sage\/sage-the-smart-kettle-bollitore-4.jpg?ssl=1"},{"@type":"BreadcrumbList","@id":"https:\/\/dev6.erresse-shop.it\/de\/shop\/kleine-elektrogeraete\/elektrische-wasserkocher\/sage-the-smart-kettle\/#breadcrumb","itemListElement":[{"@type":"ListItem","position":1,"name":"Home","item":"https:\/\/dev6.erresse-shop.it\/"},{"@type":"ListItem","position":2,"name":"Shop","item":"https:\/\/dev6.erresse-shop.it\/shop\/"},{"@type":"ListItem","position":3,"name":"SAGE The Smart Kettle"}]},{"@type":"WebSite","@id":"https:\/\/dev6.erresse-shop.it\/#website","url":"https:\/\/dev6.erresse-shop.it\/","name":"Erresse Shop","description":"","publisher":{"@id":"https:\/\/dev6.erresse-shop.it\/#organization"},"potentialAction":[{"@type":"SearchAction","target":{"@type":"EntryPoint","urlTemplate":"https:\/\/dev6.erresse-shop.it\/?s={search_term_string}"},"query-input":{"@type":"PropertyValueSpecification","valueRequired":true,"valueName":"search_term_string"}}],"inLanguage":"de"},{"@type":"Organization","@id":"https:\/\/dev6.erresse-shop.it\/#organization","name":"Erresse Shop","url":"https:\/\/dev6.erresse-shop.it\/","logo":{"@type":"ImageObject","inLanguage":"de","@id":"https:\/\/dev6.erresse-shop.it\/#\/schema\/logo\/image\/","url":"https:\/\/dev6.erresse-shop.it\/wp-content\/uploads\/2025\/01\/LOGO-ERRESSE-CLASSICO.svg","contentUrl":"https:\/\/dev6.erresse-shop.it\/wp-content\/uploads\/2025\/01\/LOGO-ERRESSE-CLASSICO.svg","caption":"Erresse Shop"},"image":{"@id":"https:\/\/dev6.erresse-shop.it\/#\/schema\/logo\/image\/"}}]}},"df_price":139.95,"df_sale_price":139.95,"df_regular_price":159.9,"df_image_link":"https:\/\/i2.wp.com\/interpim.erresse-shop.it\/img-catalogo\/sage\/sage-the-smart-kettle-bollitore-4.jpg?resize=300,300&ssl=1","fifu_image_url":"https:\/\/interpim.erresse-shop.it\/img-catalogo\/sage\/sage-the-smart-kettle-bollitore-4.jpg","_links":{"self":[{"href":"https:\/\/dev6.erresse-shop.it\/de\/wp-json\/wp\/v2\/product\/49690","targetHints":{"allow":["GET"]}}],"collection":[{"href":"https:\/\/dev6.erresse-shop.it\/de\/wp-json\/wp\/v2\/product"}],"about":[{"href":"https:\/\/dev6.erresse-shop.it\/de\/wp-json\/wp\/v2\/types\/product"}],"wp:featuredmedia":[{"embeddable":true,"href":"https:\/\/dev6.erresse-shop.it\/de\/wp-json\/wp\/v2\/media\/6266666"}],"wp:attachment":[{"href":"https:\/\/dev6.erresse-shop.it\/de\/wp-json\/wp\/v2\/media?parent=49690"}],"wp:term":[{"taxonomy":"product_cat","embeddable":true,"href":"https:\/\/dev6.erresse-shop.it\/de\/wp-json\/wp\/v2\/product_cat?post=49690"},{"taxonomy":"product_tag","embeddable":true,"href":"https:\/\/dev6.erresse-shop.it\/de\/wp-json\/wp\/v2\/product_tag?post=49690"}],"curies":[{"name":"wp","href":"https:\/\/api.w.org\/{rel}","templated":true}]}}