{"id":49681,"date":"2026-04-16T19:03:46","date_gmt":"2026-04-16T17:03:46","guid":{"rendered":"https:\/\/dev6.erresse-shop.it\/shop\/unkategorisiert\/portmeirion-botanic-garden-set-6-grosse-kaffeetassen\/"},"modified":"2026-01-09T01:56:19","modified_gmt":"2026-01-09T00:56:19","slug":"portmeirion-botanic-garden-set-6-grosse-kaffeetassen","status":"publish","type":"product","link":"https:\/\/dev6.erresse-shop.it\/de\/shop\/tisch\/tassen\/portmeirion-botanic-garden-set-6-grosse-kaffeetassen\/","title":{"rendered":"PORTMEIRION Botanic Garden Set 6 gro\u00dfe Kaffeetassen"},"content":{"rendered":"<p>Botanic Garden ist ein zeitloser Klassiker und die bekannteste Kollektion von British Ceramics. Sch\u00f6ne florale Muster und auff\u00e4llige Schmetterlinge machen allt\u00e4gliche Anl\u00e4sse zu etwas Besonderem und bringen Freude in unseren modernen Lebensstil. Botanic Garden enth\u00e4lt eine breite Palette von St\u00fccken, f\u00fcr den Einsatz innerhalb und au\u00dferhalb des Hauses. Lassen Sie sich von der Magie der Natur verzaubern und entdecken Sie Ihren eigenen geheimen Garten.<\/p>\n<p>Portmeirion wurde 1960 von der legend\u00e4ren T\u00f6pferin Susan Williams-Ellis und ihrem Mann Euan Cooper-Willis gegr\u00fcndet.<br \/>\nMit fast f\u00fcnfzig Jahren Kreativit\u00e4t war Susan Williams-Ellis\u2019 Beitrag zum britischen Designstil, zu Portmeirion Potteries und zur britischen Keramikindustrie unermesslich und stellt sie fest in die Gesellschaft einer kleinen Gruppe von gro\u00dfen und gefeierten Keramikdesignern des 20. Ihre Philosophie, dass Geschirr sowohl sch\u00f6n als auch praktisch sein sollte, wird auch weiterhin die Designwerte von Portmeirion durchdringen und den Erfolg des von ihr gegr\u00fcndeten Unternehmens bestimmen.<\/p>\n<p>Sp\u00fclmaschinenfest, gefrierschrank-, mikrowellen- und backofenfest bis 170\u00b0C.<\/p>\n<p>Abmessungen (B x H x T)&#61; 12,2 x 10,3 x 8,2 cm<\/p>\n<p>Siehe Portmeirion-Video an<\/p>\n","protected":false},"excerpt":{"rendered":"<p>Botanic Garden ist ein zeitloser Klassiker und die bekannteste Kollektion von British Ceramics. Sch\u00f6ne florale Muster und auff\u00e4llige Schmetterlinge machen allt\u00e4gliche Anl\u00e4sse zu etwas Besonderem und bringen Freude in unseren modernen Lebensstil. Botanic Garden enth\u00e4lt eine breite Palette von St\u00fccken, f\u00fcr den Einsatz innerhalb und au\u00dferhalb des Hauses. Lassen Sie sich von der Magie der [&hellip;]<\/p>\n","protected":false},"featured_media":6488936,"template":"","meta":{"_acf_changed":false},"product_cat":[12121,11671,12103],"product_tag":[],"class_list":{"0":"post-49681","1":"product","2":"type-product","3":"status-publish","4":"has-post-thumbnail","6":"product_cat-tassen","7":"product_cat-tavola","8":"product_cat-tisch","10":"first","11":"outofstock","12":"sale","13":"taxable","14":"shipping-taxable","15":"purchasable","16":"product-type-simple","swatches":"rey-swatches","show_selected":"","stretch_labels":"rey-swatches--stretch-labels"},"acf":[],"yoast_head":"<!-- This site is optimized with the Yoast SEO plugin v25.4 - https:\/\/yoast.com\/wordpress\/plugins\/seo\/ -->\n<title>PORTMEIRION Botanic Garden Set 6 gro\u00dfe Kaffeetassen - dev6 Erresse<\/title>\n<meta name=\"description\" content=\"Botanic Garden ist ein zeitloser Klassiker und die bekannteste Kollektion von British Ceramics. Sch\u00f6ne florale Muster und auff\u00e4llige Schmetterlinge machen\" \/>\n<meta name=\"robots\" content=\"noindex, follow, max-snippet:-1, max-image-preview:large, max-video-preview:-1\" \/>\n<meta property=\"og:locale\" content=\"de_DE\" \/>\n<meta property=\"og:type\" content=\"article\" \/>\n<meta property=\"og:title\" content=\"PORTMEIRION Botanic Garden Set 6 gro\u00dfe Kaffeetassen - dev6 Erresse\" \/>\n<meta property=\"og:description\" content=\"Botanic Garden ist ein zeitloser Klassiker und die bekannteste Kollektion von British Ceramics. Sch\u00f6ne florale Muster und auff\u00e4llige Schmetterlinge machen\" \/>\n<meta property=\"og:url\" content=\"https:\/\/dev6.erresse-shop.it\/de\/shop\/tisch\/tassen\/portmeirion-botanic-garden-set-6-grosse-kaffeetassen\/\" \/>\n<meta property=\"og:site_name\" content=\"dev6 Erresse\" \/>\n<meta property=\"og:image\" content=\"https:\/\/interpim.erresse-shop.it\/wp-content\/uploads\/2021\/06\/PORTMEIRION-Botanic-Garden-Tazze-Caff\u00e8-1.jpg\/portmeirion-botanic-garden-tazze-caff-c3-a8-1.jpg\" \/><meta property=\"og:image\" content=\"https:\/\/interpim.erresse-shop.it\/wp-content\/uploads\/2021\/06\/PORTMEIRION-Botanic-Garden-Tazze-Caff\u00e8-1.jpg\/portmeirion-botanic-garden-tazze-caff-c3-a8-1.jpg\" \/>\n\t<meta property=\"og:image:width\" content=\"1024\" \/>\n\t<meta property=\"og:image:height\" content=\"1024\" \/>\n\t<meta property=\"og:image:type\" content=\"image\/jpeg\" \/>\n<meta name=\"twitter:card\" content=\"summary_large_image\" \/>\n<meta name=\"twitter:image\" content=\"https:\/\/interpim.erresse-shop.it\/wp-content\/uploads\/2021\/06\/PORTMEIRION-Botanic-Garden-Tazze-Caff\u00e8-1.jpg\/portmeirion-botanic-garden-tazze-caff-c3-a8-1.jpg\" \/>\n<script type=\"application\/ld+json\" class=\"yoast-schema-graph\">{\"@context\":\"https:\/\/schema.org\",\"@graph\":[{\"@type\":\"WebPage\",\"@id\":\"https:\/\/dev6.erresse-shop.it\/de\/shop\/tisch\/tassen\/portmeirion-botanic-garden-set-6-grosse-kaffeetassen\/\",\"url\":\"https:\/\/dev6.erresse-shop.it\/de\/shop\/tisch\/tassen\/portmeirion-botanic-garden-set-6-grosse-kaffeetassen\/\",\"name\":\"PORTMEIRION Botanic Garden Set 6 gro\u00dfe Kaffeetassen - dev6 Erresse\",\"isPartOf\":{\"@id\":\"https:\/\/dev6.erresse-shop.it\/#website\"},\"primaryImageOfPage\":{\"@id\":\"https:\/\/dev6.erresse-shop.it\/de\/shop\/tisch\/tassen\/portmeirion-botanic-garden-set-6-grosse-kaffeetassen\/#primaryimage\"},\"image\":{\"@id\":\"https:\/\/dev6.erresse-shop.it\/de\/shop\/tisch\/tassen\/portmeirion-botanic-garden-set-6-grosse-kaffeetassen\/#primaryimage\"},\"thumbnailUrl\":\"https:\/\/i2.wp.com\/interpim.erresse-shop.it\/wp-content\/uploads\/2021\/06\/PORTMEIRION-Botanic-Garden-Tazze-Caff\u00e8-1.jpg\/portmeirion-botanic-garden-tazze-caff-c3-a8-1.jpg?ssl=1\",\"datePublished\":\"2026-04-16T17:03:46+00:00\",\"description\":\"Botanic Garden ist ein zeitloser Klassiker und die bekannteste Kollektion von British Ceramics. Sch\u00f6ne florale Muster und auff\u00e4llige Schmetterlinge machen\",\"breadcrumb\":{\"@id\":\"https:\/\/dev6.erresse-shop.it\/de\/shop\/tisch\/tassen\/portmeirion-botanic-garden-set-6-grosse-kaffeetassen\/#breadcrumb\"},\"inLanguage\":\"de\",\"potentialAction\":[{\"@type\":\"ReadAction\",\"target\":[\"https:\/\/dev6.erresse-shop.it\/de\/shop\/tisch\/tassen\/portmeirion-botanic-garden-set-6-grosse-kaffeetassen\/\"]}]},{\"@type\":\"ImageObject\",\"inLanguage\":\"de\",\"@id\":\"https:\/\/dev6.erresse-shop.it\/de\/shop\/tisch\/tassen\/portmeirion-botanic-garden-set-6-grosse-kaffeetassen\/#primaryimage\",\"url\":\"https:\/\/i2.wp.com\/interpim.erresse-shop.it\/wp-content\/uploads\/2021\/06\/PORTMEIRION-Botanic-Garden-Tazze-Caff\u00e8-1.jpg\/portmeirion-botanic-garden-tazze-caff-c3-a8-1.jpg?ssl=1\",\"contentUrl\":\"https:\/\/i2.wp.com\/interpim.erresse-shop.it\/wp-content\/uploads\/2021\/06\/PORTMEIRION-Botanic-Garden-Tazze-Caff\u00e8-1.jpg\/portmeirion-botanic-garden-tazze-caff-c3-a8-1.jpg?ssl=1\"},{\"@type\":\"BreadcrumbList\",\"@id\":\"https:\/\/dev6.erresse-shop.it\/de\/shop\/tisch\/tassen\/portmeirion-botanic-garden-set-6-grosse-kaffeetassen\/#breadcrumb\",\"itemListElement\":[{\"@type\":\"ListItem\",\"position\":1,\"name\":\"Home\",\"item\":\"https:\/\/dev6.erresse-shop.it\/\"},{\"@type\":\"ListItem\",\"position\":2,\"name\":\"Shop\",\"item\":\"https:\/\/dev6.erresse-shop.it\/shop\/\"},{\"@type\":\"ListItem\",\"position\":3,\"name\":\"PORTMEIRION Botanic Garden Set 6 gro\u00dfe Kaffeetassen\"}]},{\"@type\":\"WebSite\",\"@id\":\"https:\/\/dev6.erresse-shop.it\/#website\",\"url\":\"https:\/\/dev6.erresse-shop.it\/\",\"name\":\"Erresse Shop\",\"description\":\"\",\"publisher\":{\"@id\":\"https:\/\/dev6.erresse-shop.it\/#organization\"},\"potentialAction\":[{\"@type\":\"SearchAction\",\"target\":{\"@type\":\"EntryPoint\",\"urlTemplate\":\"https:\/\/dev6.erresse-shop.it\/?s={search_term_string}\"},\"query-input\":{\"@type\":\"PropertyValueSpecification\",\"valueRequired\":true,\"valueName\":\"search_term_string\"}}],\"inLanguage\":\"de\"},{\"@type\":\"Organization\",\"@id\":\"https:\/\/dev6.erresse-shop.it\/#organization\",\"name\":\"Erresse Shop\",\"url\":\"https:\/\/dev6.erresse-shop.it\/\",\"logo\":{\"@type\":\"ImageObject\",\"inLanguage\":\"de\",\"@id\":\"https:\/\/dev6.erresse-shop.it\/#\/schema\/logo\/image\/\",\"url\":\"https:\/\/dev6.erresse-shop.it\/wp-content\/uploads\/2025\/01\/LOGO-ERRESSE-CLASSICO.svg\",\"contentUrl\":\"https:\/\/dev6.erresse-shop.it\/wp-content\/uploads\/2025\/01\/LOGO-ERRESSE-CLASSICO.svg\",\"caption\":\"Erresse Shop\"},\"image\":{\"@id\":\"https:\/\/dev6.erresse-shop.it\/#\/schema\/logo\/image\/\"}}]}<\/script>\n<!-- \/ Yoast SEO plugin. -->","yoast_head_json":{"title":"PORTMEIRION Botanic Garden Set 6 gro\u00dfe Kaffeetassen - dev6 Erresse","description":"Botanic Garden ist ein zeitloser Klassiker und die bekannteste Kollektion von British Ceramics. Sch\u00f6ne florale Muster und auff\u00e4llige Schmetterlinge machen","robots":{"index":"noindex","follow":"follow","max-snippet":"max-snippet:-1","max-image-preview":"max-image-preview:large","max-video-preview":"max-video-preview:-1"},"og_locale":"de_DE","og_type":"article","og_title":"PORTMEIRION Botanic Garden Set 6 gro\u00dfe Kaffeetassen - dev6 Erresse","og_description":"Botanic Garden ist ein zeitloser Klassiker und die bekannteste Kollektion von British Ceramics. Sch\u00f6ne florale Muster und auff\u00e4llige Schmetterlinge machen","og_url":"https:\/\/dev6.erresse-shop.it\/de\/shop\/tisch\/tassen\/portmeirion-botanic-garden-set-6-grosse-kaffeetassen\/","og_site_name":"dev6 Erresse","og_image":[{"url":"https:\/\/interpim.erresse-shop.it\/wp-content\/uploads\/2021\/06\/PORTMEIRION-Botanic-Garden-Tazze-Caff\u00e8-1.jpg\/portmeirion-botanic-garden-tazze-caff-c3-a8-1.jpg","type":"","width":"","height":""},{"url":"https:\/\/interpim.erresse-shop.it\/wp-content\/uploads\/2021\/06\/PORTMEIRION-Botanic-Garden-Tazze-Caff\u00e8-1.jpg\/portmeirion-botanic-garden-tazze-caff-c3-a8-1.jpg","width":1024,"height":1024,"type":"image\/jpeg"}],"twitter_card":"summary_large_image","twitter_image":"https:\/\/interpim.erresse-shop.it\/wp-content\/uploads\/2021\/06\/PORTMEIRION-Botanic-Garden-Tazze-Caff\u00e8-1.jpg\/portmeirion-botanic-garden-tazze-caff-c3-a8-1.jpg","schema":{"@context":"https:\/\/schema.org","@graph":[{"@type":"WebPage","@id":"https:\/\/dev6.erresse-shop.it\/de\/shop\/tisch\/tassen\/portmeirion-botanic-garden-set-6-grosse-kaffeetassen\/","url":"https:\/\/dev6.erresse-shop.it\/de\/shop\/tisch\/tassen\/portmeirion-botanic-garden-set-6-grosse-kaffeetassen\/","name":"PORTMEIRION Botanic Garden Set 6 gro\u00dfe Kaffeetassen - dev6 Erresse","isPartOf":{"@id":"https:\/\/dev6.erresse-shop.it\/#website"},"primaryImageOfPage":{"@id":"https:\/\/dev6.erresse-shop.it\/de\/shop\/tisch\/tassen\/portmeirion-botanic-garden-set-6-grosse-kaffeetassen\/#primaryimage"},"image":{"@id":"https:\/\/dev6.erresse-shop.it\/de\/shop\/tisch\/tassen\/portmeirion-botanic-garden-set-6-grosse-kaffeetassen\/#primaryimage"},"thumbnailUrl":"https:\/\/i2.wp.com\/interpim.erresse-shop.it\/wp-content\/uploads\/2021\/06\/PORTMEIRION-Botanic-Garden-Tazze-Caff\u00e8-1.jpg\/portmeirion-botanic-garden-tazze-caff-c3-a8-1.jpg?ssl=1","datePublished":"2026-04-16T17:03:46+00:00","description":"Botanic Garden ist ein zeitloser Klassiker und die bekannteste Kollektion von British Ceramics. Sch\u00f6ne florale Muster und auff\u00e4llige Schmetterlinge machen","breadcrumb":{"@id":"https:\/\/dev6.erresse-shop.it\/de\/shop\/tisch\/tassen\/portmeirion-botanic-garden-set-6-grosse-kaffeetassen\/#breadcrumb"},"inLanguage":"de","potentialAction":[{"@type":"ReadAction","target":["https:\/\/dev6.erresse-shop.it\/de\/shop\/tisch\/tassen\/portmeirion-botanic-garden-set-6-grosse-kaffeetassen\/"]}]},{"@type":"ImageObject","inLanguage":"de","@id":"https:\/\/dev6.erresse-shop.it\/de\/shop\/tisch\/tassen\/portmeirion-botanic-garden-set-6-grosse-kaffeetassen\/#primaryimage","url":"https:\/\/i2.wp.com\/interpim.erresse-shop.it\/wp-content\/uploads\/2021\/06\/PORTMEIRION-Botanic-Garden-Tazze-Caff\u00e8-1.jpg\/portmeirion-botanic-garden-tazze-caff-c3-a8-1.jpg?ssl=1","contentUrl":"https:\/\/i2.wp.com\/interpim.erresse-shop.it\/wp-content\/uploads\/2021\/06\/PORTMEIRION-Botanic-Garden-Tazze-Caff\u00e8-1.jpg\/portmeirion-botanic-garden-tazze-caff-c3-a8-1.jpg?ssl=1"},{"@type":"BreadcrumbList","@id":"https:\/\/dev6.erresse-shop.it\/de\/shop\/tisch\/tassen\/portmeirion-botanic-garden-set-6-grosse-kaffeetassen\/#breadcrumb","itemListElement":[{"@type":"ListItem","position":1,"name":"Home","item":"https:\/\/dev6.erresse-shop.it\/"},{"@type":"ListItem","position":2,"name":"Shop","item":"https:\/\/dev6.erresse-shop.it\/shop\/"},{"@type":"ListItem","position":3,"name":"PORTMEIRION Botanic Garden Set 6 gro\u00dfe Kaffeetassen"}]},{"@type":"WebSite","@id":"https:\/\/dev6.erresse-shop.it\/#website","url":"https:\/\/dev6.erresse-shop.it\/","name":"Erresse Shop","description":"","publisher":{"@id":"https:\/\/dev6.erresse-shop.it\/#organization"},"potentialAction":[{"@type":"SearchAction","target":{"@type":"EntryPoint","urlTemplate":"https:\/\/dev6.erresse-shop.it\/?s={search_term_string}"},"query-input":{"@type":"PropertyValueSpecification","valueRequired":true,"valueName":"search_term_string"}}],"inLanguage":"de"},{"@type":"Organization","@id":"https:\/\/dev6.erresse-shop.it\/#organization","name":"Erresse Shop","url":"https:\/\/dev6.erresse-shop.it\/","logo":{"@type":"ImageObject","inLanguage":"de","@id":"https:\/\/dev6.erresse-shop.it\/#\/schema\/logo\/image\/","url":"https:\/\/dev6.erresse-shop.it\/wp-content\/uploads\/2025\/01\/LOGO-ERRESSE-CLASSICO.svg","contentUrl":"https:\/\/dev6.erresse-shop.it\/wp-content\/uploads\/2025\/01\/LOGO-ERRESSE-CLASSICO.svg","caption":"Erresse Shop"},"image":{"@id":"https:\/\/dev6.erresse-shop.it\/#\/schema\/logo\/image\/"}}]}},"df_price":109.95,"df_sale_price":109.95,"df_regular_price":169.74,"df_image_link":"https:\/\/i2.wp.com\/interpim.erresse-shop.it\/wp-content\/uploads\/2021\/06\/PORTMEIRION-Botanic-Garden-Tazze-Caff\u00e8-1.jpg\/portmeirion-botanic-garden-tazze-caff-c3-a8-1.jpg?resize=300,300&ssl=1","fifu_image_url":"https:\/\/interpim.erresse-shop.it\/wp-content\/uploads\/2021\/06\/PORTMEIRION-Botanic-Garden-Tazze-Caff\u00e8-1.jpg\/portmeirion-botanic-garden-tazze-caff-c3-a8-1.jpg","_links":{"self":[{"href":"https:\/\/dev6.erresse-shop.it\/de\/wp-json\/wp\/v2\/product\/49681","targetHints":{"allow":["GET"]}}],"collection":[{"href":"https:\/\/dev6.erresse-shop.it\/de\/wp-json\/wp\/v2\/product"}],"about":[{"href":"https:\/\/dev6.erresse-shop.it\/de\/wp-json\/wp\/v2\/types\/product"}],"wp:featuredmedia":[{"embeddable":true,"href":"https:\/\/dev6.erresse-shop.it\/de\/wp-json\/wp\/v2\/media\/6488936"}],"wp:attachment":[{"href":"https:\/\/dev6.erresse-shop.it\/de\/wp-json\/wp\/v2\/media?parent=49681"}],"wp:term":[{"taxonomy":"product_cat","embeddable":true,"href":"https:\/\/dev6.erresse-shop.it\/de\/wp-json\/wp\/v2\/product_cat?post=49681"},{"taxonomy":"product_tag","embeddable":true,"href":"https:\/\/dev6.erresse-shop.it\/de\/wp-json\/wp\/v2\/product_tag?post=49681"}],"curies":[{"name":"wp","href":"https:\/\/api.w.org\/{rel}","templated":true}]}}