{"id":49647,"date":"2026-04-12T08:28:52","date_gmt":"2026-04-12T06:28:52","guid":{"rendered":"https:\/\/dev6.erresse-shop.it\/shop\/unkategorisiert\/taitu-mare-mittelgrosse-multifunktions-schuessel\/"},"modified":"2025-07-03T19:47:45","modified_gmt":"2025-07-03T17:47:45","slug":"taitu-mare-mittelgrosse-multifunktions-schuessel","status":"publish","type":"product","link":"https:\/\/dev6.erresse-shop.it\/de\/shop\/tisch\/koerbe-und-schalen\/taitu-mare-mittelgrosse-multifunktions-schuessel\/","title":{"rendered":"TAIT\u00d9 Mare Mittelgro\u00dfe Multifunktions-Sch\u00fcssel"},"content":{"rendered":"<p>Handgemalt<br \/>\nMaterial: Fine Bone China<\/p>\n<p>Mit MARE sind Sie immer am Meer, wo immer Sie auch sind!<\/p>\n<p>Noch mehr Lust auf MARE! F\u00fcr den Sommer 2021 bereichert TAIT\u00d9 die weltweite Bestseller-Kollektion mit 3 neuen Tischaccessoires, inspiriert vom unwiderstehlichen Wunsch, das Meer nach Hause zu holen. Diese Objekte haben eine spektakul\u00e4re visuelle Wirkung und bieten Ihnen die M\u00f6glichkeit zu leben, zu teilen und MARE, das Meer, dorthin zu bringen, wo immer Sie sind. MARE wird daher zu einer noch kostbareren Luxus-Kollektion f\u00fcr das Haus in der Stadt und auch am Meer, eine Kollektion, die das ganze Jahr \u00fcber genossen werden kann. Um in einer zauberhaften Unterwasserwelt voller Lebensfreude zu tr\u00e4umen und sich frei zu f\u00fchlen.<\/p>\n","protected":false},"excerpt":{"rendered":"<p>Handgemalt Material: Fine Bone China Mit MARE sind Sie immer am Meer, wo immer Sie auch sind! Noch mehr Lust auf MARE! F\u00fcr den Sommer 2021 bereichert TAIT\u00d9 die weltweite Bestseller-Kollektion mit 3 neuen Tischaccessoires, inspiriert vom unwiderstehlichen Wunsch, das Meer nach Hause zu holen. Diese Objekte haben eine spektakul\u00e4re visuelle Wirkung und bieten Ihnen [&hellip;]<\/p>\n","protected":false},"featured_media":6349769,"template":"","meta":{"_acf_changed":false},"product_cat":[12123,11671,12103],"product_tag":[],"class_list":{"0":"post-49647","1":"product","2":"type-product","3":"status-publish","4":"has-post-thumbnail","6":"product_cat-koerbe-und-schalen","7":"product_cat-tavola","8":"product_cat-tisch","10":"first","11":"outofstock","12":"taxable","13":"shipping-taxable","14":"purchasable","15":"product-type-simple","swatches":"rey-swatches","show_selected":"","stretch_labels":"rey-swatches--stretch-labels"},"acf":[],"yoast_head":"<!-- This site is optimized with the Yoast SEO plugin v25.4 - https:\/\/yoast.com\/wordpress\/plugins\/seo\/ -->\n<title>TAIT\u00d9 Mare Mittelgro\u00dfe Multifunktions-Sch\u00fcssel - dev6 Erresse<\/title>\n<meta name=\"description\" content=\"Handgemalt Material: Fine Bone China Mit MARE sind Sie immer am Meer, wo immer Sie auch sind! Noch mehr Lust auf MARE! F\u00fcr den Sommer 2021 bereichert\" \/>\n<meta name=\"robots\" content=\"noindex, follow, max-snippet:-1, max-image-preview:large, max-video-preview:-1\" \/>\n<meta property=\"og:locale\" content=\"de_DE\" \/>\n<meta property=\"og:type\" content=\"article\" \/>\n<meta property=\"og:title\" content=\"TAIT\u00d9 Mare Mittelgro\u00dfe Multifunktions-Sch\u00fcssel - dev6 Erresse\" \/>\n<meta property=\"og:description\" content=\"Handgemalt Material: Fine Bone China Mit MARE sind Sie immer am Meer, wo immer Sie auch sind! Noch mehr Lust auf MARE! F\u00fcr den Sommer 2021 bereichert\" \/>\n<meta property=\"og:url\" content=\"https:\/\/dev6.erresse-shop.it\/de\/shop\/tisch\/koerbe-und-schalen\/taitu-mare-mittelgrosse-multifunktions-schuessel\/\" \/>\n<meta property=\"og:site_name\" content=\"dev6 Erresse\" \/>\n<meta property=\"og:image\" content=\"https:\/\/interpim.erresse-shop.it\/img-catalogo\/taitu\/taitu-mare-ciotola-milleusi-quadrata-media.jpg\" \/><meta property=\"og:image\" content=\"https:\/\/interpim.erresse-shop.it\/img-catalogo\/taitu\/taitu-mare-ciotola-milleusi-quadrata-media.jpg\" \/>\n\t<meta property=\"og:image:width\" content=\"1024\" \/>\n\t<meta property=\"og:image:height\" content=\"1024\" \/>\n\t<meta property=\"og:image:type\" content=\"image\/jpeg\" \/>\n<meta name=\"twitter:card\" content=\"summary_large_image\" \/>\n<meta name=\"twitter:image\" content=\"https:\/\/interpim.erresse-shop.it\/img-catalogo\/taitu\/taitu-mare-ciotola-milleusi-quadrata-media.jpg\" \/>\n<script type=\"application\/ld+json\" class=\"yoast-schema-graph\">{\"@context\":\"https:\/\/schema.org\",\"@graph\":[{\"@type\":\"WebPage\",\"@id\":\"https:\/\/dev6.erresse-shop.it\/de\/shop\/tisch\/koerbe-und-schalen\/taitu-mare-mittelgrosse-multifunktions-schuessel\/\",\"url\":\"https:\/\/dev6.erresse-shop.it\/de\/shop\/tisch\/koerbe-und-schalen\/taitu-mare-mittelgrosse-multifunktions-schuessel\/\",\"name\":\"TAIT\u00d9 Mare Mittelgro\u00dfe Multifunktions-Sch\u00fcssel - dev6 Erresse\",\"isPartOf\":{\"@id\":\"https:\/\/dev6.erresse-shop.it\/#website\"},\"primaryImageOfPage\":{\"@id\":\"https:\/\/dev6.erresse-shop.it\/de\/shop\/tisch\/koerbe-und-schalen\/taitu-mare-mittelgrosse-multifunktions-schuessel\/#primaryimage\"},\"image\":{\"@id\":\"https:\/\/dev6.erresse-shop.it\/de\/shop\/tisch\/koerbe-und-schalen\/taitu-mare-mittelgrosse-multifunktions-schuessel\/#primaryimage\"},\"thumbnailUrl\":\"https:\/\/i3.wp.com\/interpim.erresse-shop.it\/img-catalogo\/taitu\/taitu-mare-ciotola-milleusi-quadrata-media.jpg?ssl=1\",\"datePublished\":\"2026-04-12T06:28:52+00:00\",\"description\":\"Handgemalt Material: Fine Bone China Mit MARE sind Sie immer am Meer, wo immer Sie auch sind! Noch mehr Lust auf MARE! F\u00fcr den Sommer 2021 bereichert\",\"breadcrumb\":{\"@id\":\"https:\/\/dev6.erresse-shop.it\/de\/shop\/tisch\/koerbe-und-schalen\/taitu-mare-mittelgrosse-multifunktions-schuessel\/#breadcrumb\"},\"inLanguage\":\"de\",\"potentialAction\":[{\"@type\":\"ReadAction\",\"target\":[\"https:\/\/dev6.erresse-shop.it\/de\/shop\/tisch\/koerbe-und-schalen\/taitu-mare-mittelgrosse-multifunktions-schuessel\/\"]}]},{\"@type\":\"ImageObject\",\"inLanguage\":\"de\",\"@id\":\"https:\/\/dev6.erresse-shop.it\/de\/shop\/tisch\/koerbe-und-schalen\/taitu-mare-mittelgrosse-multifunktions-schuessel\/#primaryimage\",\"url\":\"https:\/\/i3.wp.com\/interpim.erresse-shop.it\/img-catalogo\/taitu\/taitu-mare-ciotola-milleusi-quadrata-media.jpg?ssl=1\",\"contentUrl\":\"https:\/\/i3.wp.com\/interpim.erresse-shop.it\/img-catalogo\/taitu\/taitu-mare-ciotola-milleusi-quadrata-media.jpg?ssl=1\"},{\"@type\":\"BreadcrumbList\",\"@id\":\"https:\/\/dev6.erresse-shop.it\/de\/shop\/tisch\/koerbe-und-schalen\/taitu-mare-mittelgrosse-multifunktions-schuessel\/#breadcrumb\",\"itemListElement\":[{\"@type\":\"ListItem\",\"position\":1,\"name\":\"Home\",\"item\":\"https:\/\/dev6.erresse-shop.it\/\"},{\"@type\":\"ListItem\",\"position\":2,\"name\":\"Shop\",\"item\":\"https:\/\/dev6.erresse-shop.it\/shop\/\"},{\"@type\":\"ListItem\",\"position\":3,\"name\":\"TAIT\u00d9 Mare Mittelgro\u00dfe Multifunktions-Sch\u00fcssel\"}]},{\"@type\":\"WebSite\",\"@id\":\"https:\/\/dev6.erresse-shop.it\/#website\",\"url\":\"https:\/\/dev6.erresse-shop.it\/\",\"name\":\"Erresse Shop\",\"description\":\"\",\"publisher\":{\"@id\":\"https:\/\/dev6.erresse-shop.it\/#organization\"},\"potentialAction\":[{\"@type\":\"SearchAction\",\"target\":{\"@type\":\"EntryPoint\",\"urlTemplate\":\"https:\/\/dev6.erresse-shop.it\/?s={search_term_string}\"},\"query-input\":{\"@type\":\"PropertyValueSpecification\",\"valueRequired\":true,\"valueName\":\"search_term_string\"}}],\"inLanguage\":\"de\"},{\"@type\":\"Organization\",\"@id\":\"https:\/\/dev6.erresse-shop.it\/#organization\",\"name\":\"Erresse Shop\",\"url\":\"https:\/\/dev6.erresse-shop.it\/\",\"logo\":{\"@type\":\"ImageObject\",\"inLanguage\":\"de\",\"@id\":\"https:\/\/dev6.erresse-shop.it\/#\/schema\/logo\/image\/\",\"url\":\"https:\/\/dev6.erresse-shop.it\/wp-content\/uploads\/2025\/01\/LOGO-ERRESSE-CLASSICO.svg\",\"contentUrl\":\"https:\/\/dev6.erresse-shop.it\/wp-content\/uploads\/2025\/01\/LOGO-ERRESSE-CLASSICO.svg\",\"caption\":\"Erresse Shop\"},\"image\":{\"@id\":\"https:\/\/dev6.erresse-shop.it\/#\/schema\/logo\/image\/\"}}]}<\/script>\n<!-- \/ Yoast SEO plugin. -->","yoast_head_json":{"title":"TAIT\u00d9 Mare Mittelgro\u00dfe Multifunktions-Sch\u00fcssel - dev6 Erresse","description":"Handgemalt Material: Fine Bone China Mit MARE sind Sie immer am Meer, wo immer Sie auch sind! Noch mehr Lust auf MARE! F\u00fcr den Sommer 2021 bereichert","robots":{"index":"noindex","follow":"follow","max-snippet":"max-snippet:-1","max-image-preview":"max-image-preview:large","max-video-preview":"max-video-preview:-1"},"og_locale":"de_DE","og_type":"article","og_title":"TAIT\u00d9 Mare Mittelgro\u00dfe Multifunktions-Sch\u00fcssel - dev6 Erresse","og_description":"Handgemalt Material: Fine Bone China Mit MARE sind Sie immer am Meer, wo immer Sie auch sind! Noch mehr Lust auf MARE! F\u00fcr den Sommer 2021 bereichert","og_url":"https:\/\/dev6.erresse-shop.it\/de\/shop\/tisch\/koerbe-und-schalen\/taitu-mare-mittelgrosse-multifunktions-schuessel\/","og_site_name":"dev6 Erresse","og_image":[{"url":"https:\/\/interpim.erresse-shop.it\/img-catalogo\/taitu\/taitu-mare-ciotola-milleusi-quadrata-media.jpg","type":"","width":"","height":""},{"url":"https:\/\/interpim.erresse-shop.it\/img-catalogo\/taitu\/taitu-mare-ciotola-milleusi-quadrata-media.jpg","width":1024,"height":1024,"type":"image\/jpeg"}],"twitter_card":"summary_large_image","twitter_image":"https:\/\/interpim.erresse-shop.it\/img-catalogo\/taitu\/taitu-mare-ciotola-milleusi-quadrata-media.jpg","schema":{"@context":"https:\/\/schema.org","@graph":[{"@type":"WebPage","@id":"https:\/\/dev6.erresse-shop.it\/de\/shop\/tisch\/koerbe-und-schalen\/taitu-mare-mittelgrosse-multifunktions-schuessel\/","url":"https:\/\/dev6.erresse-shop.it\/de\/shop\/tisch\/koerbe-und-schalen\/taitu-mare-mittelgrosse-multifunktions-schuessel\/","name":"TAIT\u00d9 Mare Mittelgro\u00dfe Multifunktions-Sch\u00fcssel - dev6 Erresse","isPartOf":{"@id":"https:\/\/dev6.erresse-shop.it\/#website"},"primaryImageOfPage":{"@id":"https:\/\/dev6.erresse-shop.it\/de\/shop\/tisch\/koerbe-und-schalen\/taitu-mare-mittelgrosse-multifunktions-schuessel\/#primaryimage"},"image":{"@id":"https:\/\/dev6.erresse-shop.it\/de\/shop\/tisch\/koerbe-und-schalen\/taitu-mare-mittelgrosse-multifunktions-schuessel\/#primaryimage"},"thumbnailUrl":"https:\/\/i3.wp.com\/interpim.erresse-shop.it\/img-catalogo\/taitu\/taitu-mare-ciotola-milleusi-quadrata-media.jpg?ssl=1","datePublished":"2026-04-12T06:28:52+00:00","description":"Handgemalt Material: Fine Bone China Mit MARE sind Sie immer am Meer, wo immer Sie auch sind! Noch mehr Lust auf MARE! F\u00fcr den Sommer 2021 bereichert","breadcrumb":{"@id":"https:\/\/dev6.erresse-shop.it\/de\/shop\/tisch\/koerbe-und-schalen\/taitu-mare-mittelgrosse-multifunktions-schuessel\/#breadcrumb"},"inLanguage":"de","potentialAction":[{"@type":"ReadAction","target":["https:\/\/dev6.erresse-shop.it\/de\/shop\/tisch\/koerbe-und-schalen\/taitu-mare-mittelgrosse-multifunktions-schuessel\/"]}]},{"@type":"ImageObject","inLanguage":"de","@id":"https:\/\/dev6.erresse-shop.it\/de\/shop\/tisch\/koerbe-und-schalen\/taitu-mare-mittelgrosse-multifunktions-schuessel\/#primaryimage","url":"https:\/\/i3.wp.com\/interpim.erresse-shop.it\/img-catalogo\/taitu\/taitu-mare-ciotola-milleusi-quadrata-media.jpg?ssl=1","contentUrl":"https:\/\/i3.wp.com\/interpim.erresse-shop.it\/img-catalogo\/taitu\/taitu-mare-ciotola-milleusi-quadrata-media.jpg?ssl=1"},{"@type":"BreadcrumbList","@id":"https:\/\/dev6.erresse-shop.it\/de\/shop\/tisch\/koerbe-und-schalen\/taitu-mare-mittelgrosse-multifunktions-schuessel\/#breadcrumb","itemListElement":[{"@type":"ListItem","position":1,"name":"Home","item":"https:\/\/dev6.erresse-shop.it\/"},{"@type":"ListItem","position":2,"name":"Shop","item":"https:\/\/dev6.erresse-shop.it\/shop\/"},{"@type":"ListItem","position":3,"name":"TAIT\u00d9 Mare Mittelgro\u00dfe Multifunktions-Sch\u00fcssel"}]},{"@type":"WebSite","@id":"https:\/\/dev6.erresse-shop.it\/#website","url":"https:\/\/dev6.erresse-shop.it\/","name":"Erresse Shop","description":"","publisher":{"@id":"https:\/\/dev6.erresse-shop.it\/#organization"},"potentialAction":[{"@type":"SearchAction","target":{"@type":"EntryPoint","urlTemplate":"https:\/\/dev6.erresse-shop.it\/?s={search_term_string}"},"query-input":{"@type":"PropertyValueSpecification","valueRequired":true,"valueName":"search_term_string"}}],"inLanguage":"de"},{"@type":"Organization","@id":"https:\/\/dev6.erresse-shop.it\/#organization","name":"Erresse Shop","url":"https:\/\/dev6.erresse-shop.it\/","logo":{"@type":"ImageObject","inLanguage":"de","@id":"https:\/\/dev6.erresse-shop.it\/#\/schema\/logo\/image\/","url":"https:\/\/dev6.erresse-shop.it\/wp-content\/uploads\/2025\/01\/LOGO-ERRESSE-CLASSICO.svg","contentUrl":"https:\/\/dev6.erresse-shop.it\/wp-content\/uploads\/2025\/01\/LOGO-ERRESSE-CLASSICO.svg","caption":"Erresse Shop"},"image":{"@id":"https:\/\/dev6.erresse-shop.it\/#\/schema\/logo\/image\/"}}]}},"df_price":55,"df_sale_price":"","df_regular_price":55,"df_image_link":"https:\/\/i3.wp.com\/interpim.erresse-shop.it\/img-catalogo\/taitu\/taitu-mare-ciotola-milleusi-quadrata-media.jpg?resize=300,300&ssl=1","fifu_image_url":"https:\/\/interpim.erresse-shop.it\/img-catalogo\/taitu\/taitu-mare-ciotola-milleusi-quadrata-media.jpg","_links":{"self":[{"href":"https:\/\/dev6.erresse-shop.it\/de\/wp-json\/wp\/v2\/product\/49647","targetHints":{"allow":["GET"]}}],"collection":[{"href":"https:\/\/dev6.erresse-shop.it\/de\/wp-json\/wp\/v2\/product"}],"about":[{"href":"https:\/\/dev6.erresse-shop.it\/de\/wp-json\/wp\/v2\/types\/product"}],"wp:featuredmedia":[{"embeddable":true,"href":"https:\/\/dev6.erresse-shop.it\/de\/wp-json\/wp\/v2\/media\/6349769"}],"wp:attachment":[{"href":"https:\/\/dev6.erresse-shop.it\/de\/wp-json\/wp\/v2\/media?parent=49647"}],"wp:term":[{"taxonomy":"product_cat","embeddable":true,"href":"https:\/\/dev6.erresse-shop.it\/de\/wp-json\/wp\/v2\/product_cat?post=49647"},{"taxonomy":"product_tag","embeddable":true,"href":"https:\/\/dev6.erresse-shop.it\/de\/wp-json\/wp\/v2\/product_tag?post=49647"}],"curies":[{"name":"wp","href":"https:\/\/api.w.org\/{rel}","templated":true}]}}