{"id":49637,"date":"2026-04-16T19:02:45","date_gmt":"2026-04-16T17:02:45","guid":{"rendered":"https:\/\/dev6.erresse-shop.it\/shop\/unkategorisiert\/zwilling-satz-4-steak-messer-pro\/"},"modified":"2025-09-14T00:34:05","modified_gmt":"2025-09-13T22:34:05","slug":"zwilling-satz-4-steak-messer-pro","status":"publish","type":"product","link":"https:\/\/dev6.erresse-shop.it\/de\/shop\/kuche\/messer\/kuechenmesser\/zwilling-satz-4-steak-messer-pro\/","title":{"rendered":"ZWILLING Satz 4 Steak-Messer PRO"},"content":{"rendered":"<p>Die 4 ZWILLING Steakmesser in diesem Set sind hochwertig und langlebig. Sie eignen sich zum Schneiden eines saftigen, in der Pfanne gebratenen Rindersteaks, eines marinierten Steaks vom Grill oder eines Kalbskoteletts. Sie k\u00f6nnen mit Leichtigkeit leckere Grillsteaks und andere gebratene Speisen schneiden. Das klassische Drei-Nieten-Design verleiht diesen sch\u00f6nen K\u00fcchenartikeln eine auff\u00e4llige Optik. Dank des zweiphasigen V-Schliffs garantieren diese Messer eine hervorragende und unver\u00e4nderte Schneidleistung sowie eine ausgezeichnete Sch\u00e4rfe. Das Material ver\u00e4ndert den Geschmack nicht und ist korrosionsbest\u00e4ndig. Diese schlagfesten Messer sind unglaublich verschlei\u00dffest und robust. Dank der scharfen Klingen dieses Sets haben Sie immer die richtigen Messer zur Hand. Die geschliffene Klinge, die glatte Schnittfl\u00e4che und der hochwertige ABS-Griff verleihen den Messern eine attraktive Optik. SIGMAFORGE Messer werden in einem speziellen Verfahren aus einem einzigen St\u00fcck Stahl geschmiedet, wodurch eine au\u00dfergew\u00f6hnliche Schnitthaltigkeit, Flexibilit\u00e4t und H\u00e4rte erreicht wird. Dank des speziell geformten Griffs sind die Messer leicht zu handhaben und sicher in der Anwendung. Mit diesem ZWILLING\u00ae Pro Set erhalten Sie eine Sammlung erstklassiger Steakmesser, die Sie t\u00e4glich oder zu besonderen Anl\u00e4ssen auf den Tisch bringen k\u00f6nnen.<br \/>\n\u2013 Gebogene Verst\u00e4rkung f\u00f6rdert das Schneiden mit gr\u00f6\u00dferer Pr\u00e4zision, Sicherheit und Komfort<br \/>\n\u2013 Der POM-Griff ist langlebig und widerstandsf\u00e4hig<br \/>\n\u2013 SIGMAFORGE Messer sind aus einem St\u00fcck Special Formula High-Carbon NO STAIN Edelstahl geschmiedet<br \/>\n\u2013 FRIODUR\u00ae kryogenisch geh\u00e4rtete Klinge mit au\u00dfergew\u00f6hnlicher Haltbarkeit und Korrosionsbest\u00e4ndigkeit<br \/>\n\u2013 Pr\u00e4zisionsgeschliffene Klinge und lasergesteuerte Schneide sorgen f\u00fcr einen idealen Schnittwinkel sowie Sch\u00e4rfe und Haltbarkeit<br \/>\n\u2013 Schaft und Griff werden durch 3 Nieten f\u00fcr optimale Stabilit\u00e4t erg\u00e4nzt<br \/>\n\u2013 Sp\u00fclmaschinenfest, Handw\u00e4sche empfohlen<br \/>\n\u2013 Hergestellt in Deutschland<\/p>\n","protected":false},"excerpt":{"rendered":"<p>Die 4 ZWILLING Steakmesser in diesem Set sind hochwertig und langlebig. Sie eignen sich zum Schneiden eines saftigen, in der Pfanne gebratenen Rindersteaks, eines marinierten Steaks vom Grill oder eines Kalbskoteletts. Sie k\u00f6nnen mit Leichtigkeit leckere Grillsteaks und andere gebratene Speisen schneiden. Das klassische Drei-Nieten-Design verleiht diesen sch\u00f6nen K\u00fcchenartikeln eine auff\u00e4llige Optik. Dank des zweiphasigen [&hellip;]<\/p>\n","protected":false},"featured_media":6488746,"template":"","meta":{"_acf_changed":false},"product_cat":[12100,12105],"product_tag":[],"class_list":{"0":"post-49637","1":"product","2":"type-product","3":"status-publish","4":"has-post-thumbnail","6":"product_cat-kuche","7":"product_cat-kuechenmesser","9":"first","10":"outofstock","11":"sale","12":"taxable","13":"shipping-taxable","14":"purchasable","15":"product-type-simple","swatches":"rey-swatches","show_selected":"","stretch_labels":"rey-swatches--stretch-labels"},"acf":[],"yoast_head":"<!-- This site is optimized with the Yoast SEO plugin v25.4 - https:\/\/yoast.com\/wordpress\/plugins\/seo\/ -->\n<title>ZWILLING Satz 4 Steak-Messer PRO - dev6 Erresse<\/title>\n<meta name=\"description\" content=\"Die 4 ZWILLING Steakmesser in diesem Set sind hochwertig und langlebig. Sie eignen sich zum Schneiden eines saftigen, in der Pfanne gebratenen\" \/>\n<meta name=\"robots\" content=\"noindex, follow, max-snippet:-1, max-image-preview:large, max-video-preview:-1\" \/>\n<meta property=\"og:locale\" content=\"de_DE\" \/>\n<meta property=\"og:type\" content=\"article\" \/>\n<meta property=\"og:title\" content=\"ZWILLING Satz 4 Steak-Messer PRO - dev6 Erresse\" \/>\n<meta property=\"og:description\" content=\"Die 4 ZWILLING Steakmesser in diesem Set sind hochwertig und langlebig. Sie eignen sich zum Schneiden eines saftigen, in der Pfanne gebratenen\" \/>\n<meta property=\"og:url\" content=\"https:\/\/dev6.erresse-shop.it\/de\/shop\/kuche\/messer\/kuechenmesser\/zwilling-satz-4-steak-messer-pro\/\" \/>\n<meta property=\"og:site_name\" content=\"dev6 Erresse\" \/>\n<meta property=\"og:image\" content=\"https:\/\/interpim.erresse-shop.it\/Import\/Prodotti\/38430-002-0_1.jpg\" \/><meta property=\"og:image\" content=\"https:\/\/interpim.erresse-shop.it\/Import\/Prodotti\/38430-002-0_1.jpg\" \/>\n\t<meta property=\"og:image:width\" content=\"1024\" \/>\n\t<meta property=\"og:image:height\" content=\"1024\" \/>\n\t<meta property=\"og:image:type\" content=\"image\/jpeg\" \/>\n<meta name=\"twitter:card\" content=\"summary_large_image\" \/>\n<meta name=\"twitter:image\" content=\"https:\/\/interpim.erresse-shop.it\/Import\/Prodotti\/38430-002-0_1.jpg\" \/>\n<script type=\"application\/ld+json\" class=\"yoast-schema-graph\">{\"@context\":\"https:\/\/schema.org\",\"@graph\":[{\"@type\":\"WebPage\",\"@id\":\"https:\/\/dev6.erresse-shop.it\/de\/shop\/kuche\/messer\/kuechenmesser\/zwilling-satz-4-steak-messer-pro\/\",\"url\":\"https:\/\/dev6.erresse-shop.it\/de\/shop\/kuche\/messer\/kuechenmesser\/zwilling-satz-4-steak-messer-pro\/\",\"name\":\"ZWILLING Satz 4 Steak-Messer PRO - dev6 Erresse\",\"isPartOf\":{\"@id\":\"https:\/\/dev6.erresse-shop.it\/#website\"},\"primaryImageOfPage\":{\"@id\":\"https:\/\/dev6.erresse-shop.it\/de\/shop\/kuche\/messer\/kuechenmesser\/zwilling-satz-4-steak-messer-pro\/#primaryimage\"},\"image\":{\"@id\":\"https:\/\/dev6.erresse-shop.it\/de\/shop\/kuche\/messer\/kuechenmesser\/zwilling-satz-4-steak-messer-pro\/#primaryimage\"},\"thumbnailUrl\":\"https:\/\/i1.wp.com\/interpim.erresse-shop.it\/Import\/Prodotti\/38430-002-0_1.jpg?ssl=1\",\"datePublished\":\"2026-04-16T17:02:45+00:00\",\"description\":\"Die 4 ZWILLING Steakmesser in diesem Set sind hochwertig und langlebig. Sie eignen sich zum Schneiden eines saftigen, in der Pfanne gebratenen\",\"breadcrumb\":{\"@id\":\"https:\/\/dev6.erresse-shop.it\/de\/shop\/kuche\/messer\/kuechenmesser\/zwilling-satz-4-steak-messer-pro\/#breadcrumb\"},\"inLanguage\":\"de\",\"potentialAction\":[{\"@type\":\"ReadAction\",\"target\":[\"https:\/\/dev6.erresse-shop.it\/de\/shop\/kuche\/messer\/kuechenmesser\/zwilling-satz-4-steak-messer-pro\/\"]}]},{\"@type\":\"ImageObject\",\"inLanguage\":\"de\",\"@id\":\"https:\/\/dev6.erresse-shop.it\/de\/shop\/kuche\/messer\/kuechenmesser\/zwilling-satz-4-steak-messer-pro\/#primaryimage\",\"url\":\"https:\/\/i1.wp.com\/interpim.erresse-shop.it\/Import\/Prodotti\/38430-002-0_1.jpg?ssl=1\",\"contentUrl\":\"https:\/\/i1.wp.com\/interpim.erresse-shop.it\/Import\/Prodotti\/38430-002-0_1.jpg?ssl=1\"},{\"@type\":\"BreadcrumbList\",\"@id\":\"https:\/\/dev6.erresse-shop.it\/de\/shop\/kuche\/messer\/kuechenmesser\/zwilling-satz-4-steak-messer-pro\/#breadcrumb\",\"itemListElement\":[{\"@type\":\"ListItem\",\"position\":1,\"name\":\"Home\",\"item\":\"https:\/\/dev6.erresse-shop.it\/\"},{\"@type\":\"ListItem\",\"position\":2,\"name\":\"Shop\",\"item\":\"https:\/\/dev6.erresse-shop.it\/shop\/\"},{\"@type\":\"ListItem\",\"position\":3,\"name\":\"ZWILLING Satz 4 Steak-Messer PRO\"}]},{\"@type\":\"WebSite\",\"@id\":\"https:\/\/dev6.erresse-shop.it\/#website\",\"url\":\"https:\/\/dev6.erresse-shop.it\/\",\"name\":\"Erresse Shop\",\"description\":\"\",\"publisher\":{\"@id\":\"https:\/\/dev6.erresse-shop.it\/#organization\"},\"potentialAction\":[{\"@type\":\"SearchAction\",\"target\":{\"@type\":\"EntryPoint\",\"urlTemplate\":\"https:\/\/dev6.erresse-shop.it\/?s={search_term_string}\"},\"query-input\":{\"@type\":\"PropertyValueSpecification\",\"valueRequired\":true,\"valueName\":\"search_term_string\"}}],\"inLanguage\":\"de\"},{\"@type\":\"Organization\",\"@id\":\"https:\/\/dev6.erresse-shop.it\/#organization\",\"name\":\"Erresse Shop\",\"url\":\"https:\/\/dev6.erresse-shop.it\/\",\"logo\":{\"@type\":\"ImageObject\",\"inLanguage\":\"de\",\"@id\":\"https:\/\/dev6.erresse-shop.it\/#\/schema\/logo\/image\/\",\"url\":\"https:\/\/dev6.erresse-shop.it\/wp-content\/uploads\/2025\/01\/LOGO-ERRESSE-CLASSICO.svg\",\"contentUrl\":\"https:\/\/dev6.erresse-shop.it\/wp-content\/uploads\/2025\/01\/LOGO-ERRESSE-CLASSICO.svg\",\"caption\":\"Erresse Shop\"},\"image\":{\"@id\":\"https:\/\/dev6.erresse-shop.it\/#\/schema\/logo\/image\/\"}}]}<\/script>\n<!-- \/ Yoast SEO plugin. -->","yoast_head_json":{"title":"ZWILLING Satz 4 Steak-Messer PRO - dev6 Erresse","description":"Die 4 ZWILLING Steakmesser in diesem Set sind hochwertig und langlebig. Sie eignen sich zum Schneiden eines saftigen, in der Pfanne gebratenen","robots":{"index":"noindex","follow":"follow","max-snippet":"max-snippet:-1","max-image-preview":"max-image-preview:large","max-video-preview":"max-video-preview:-1"},"og_locale":"de_DE","og_type":"article","og_title":"ZWILLING Satz 4 Steak-Messer PRO - dev6 Erresse","og_description":"Die 4 ZWILLING Steakmesser in diesem Set sind hochwertig und langlebig. Sie eignen sich zum Schneiden eines saftigen, in der Pfanne gebratenen","og_url":"https:\/\/dev6.erresse-shop.it\/de\/shop\/kuche\/messer\/kuechenmesser\/zwilling-satz-4-steak-messer-pro\/","og_site_name":"dev6 Erresse","og_image":[{"url":"https:\/\/interpim.erresse-shop.it\/Import\/Prodotti\/38430-002-0_1.jpg","type":"","width":"","height":""},{"url":"https:\/\/interpim.erresse-shop.it\/Import\/Prodotti\/38430-002-0_1.jpg","width":1024,"height":1024,"type":"image\/jpeg"}],"twitter_card":"summary_large_image","twitter_image":"https:\/\/interpim.erresse-shop.it\/Import\/Prodotti\/38430-002-0_1.jpg","schema":{"@context":"https:\/\/schema.org","@graph":[{"@type":"WebPage","@id":"https:\/\/dev6.erresse-shop.it\/de\/shop\/kuche\/messer\/kuechenmesser\/zwilling-satz-4-steak-messer-pro\/","url":"https:\/\/dev6.erresse-shop.it\/de\/shop\/kuche\/messer\/kuechenmesser\/zwilling-satz-4-steak-messer-pro\/","name":"ZWILLING Satz 4 Steak-Messer PRO - dev6 Erresse","isPartOf":{"@id":"https:\/\/dev6.erresse-shop.it\/#website"},"primaryImageOfPage":{"@id":"https:\/\/dev6.erresse-shop.it\/de\/shop\/kuche\/messer\/kuechenmesser\/zwilling-satz-4-steak-messer-pro\/#primaryimage"},"image":{"@id":"https:\/\/dev6.erresse-shop.it\/de\/shop\/kuche\/messer\/kuechenmesser\/zwilling-satz-4-steak-messer-pro\/#primaryimage"},"thumbnailUrl":"https:\/\/i1.wp.com\/interpim.erresse-shop.it\/Import\/Prodotti\/38430-002-0_1.jpg?ssl=1","datePublished":"2026-04-16T17:02:45+00:00","description":"Die 4 ZWILLING Steakmesser in diesem Set sind hochwertig und langlebig. Sie eignen sich zum Schneiden eines saftigen, in der Pfanne gebratenen","breadcrumb":{"@id":"https:\/\/dev6.erresse-shop.it\/de\/shop\/kuche\/messer\/kuechenmesser\/zwilling-satz-4-steak-messer-pro\/#breadcrumb"},"inLanguage":"de","potentialAction":[{"@type":"ReadAction","target":["https:\/\/dev6.erresse-shop.it\/de\/shop\/kuche\/messer\/kuechenmesser\/zwilling-satz-4-steak-messer-pro\/"]}]},{"@type":"ImageObject","inLanguage":"de","@id":"https:\/\/dev6.erresse-shop.it\/de\/shop\/kuche\/messer\/kuechenmesser\/zwilling-satz-4-steak-messer-pro\/#primaryimage","url":"https:\/\/i1.wp.com\/interpim.erresse-shop.it\/Import\/Prodotti\/38430-002-0_1.jpg?ssl=1","contentUrl":"https:\/\/i1.wp.com\/interpim.erresse-shop.it\/Import\/Prodotti\/38430-002-0_1.jpg?ssl=1"},{"@type":"BreadcrumbList","@id":"https:\/\/dev6.erresse-shop.it\/de\/shop\/kuche\/messer\/kuechenmesser\/zwilling-satz-4-steak-messer-pro\/#breadcrumb","itemListElement":[{"@type":"ListItem","position":1,"name":"Home","item":"https:\/\/dev6.erresse-shop.it\/"},{"@type":"ListItem","position":2,"name":"Shop","item":"https:\/\/dev6.erresse-shop.it\/shop\/"},{"@type":"ListItem","position":3,"name":"ZWILLING Satz 4 Steak-Messer PRO"}]},{"@type":"WebSite","@id":"https:\/\/dev6.erresse-shop.it\/#website","url":"https:\/\/dev6.erresse-shop.it\/","name":"Erresse Shop","description":"","publisher":{"@id":"https:\/\/dev6.erresse-shop.it\/#organization"},"potentialAction":[{"@type":"SearchAction","target":{"@type":"EntryPoint","urlTemplate":"https:\/\/dev6.erresse-shop.it\/?s={search_term_string}"},"query-input":{"@type":"PropertyValueSpecification","valueRequired":true,"valueName":"search_term_string"}}],"inLanguage":"de"},{"@type":"Organization","@id":"https:\/\/dev6.erresse-shop.it\/#organization","name":"Erresse Shop","url":"https:\/\/dev6.erresse-shop.it\/","logo":{"@type":"ImageObject","inLanguage":"de","@id":"https:\/\/dev6.erresse-shop.it\/#\/schema\/logo\/image\/","url":"https:\/\/dev6.erresse-shop.it\/wp-content\/uploads\/2025\/01\/LOGO-ERRESSE-CLASSICO.svg","contentUrl":"https:\/\/dev6.erresse-shop.it\/wp-content\/uploads\/2025\/01\/LOGO-ERRESSE-CLASSICO.svg","caption":"Erresse Shop"},"image":{"@id":"https:\/\/dev6.erresse-shop.it\/#\/schema\/logo\/image\/"}}]}},"df_price":179,"df_sale_price":179,"df_regular_price":249,"df_image_link":"https:\/\/i1.wp.com\/interpim.erresse-shop.it\/Import\/Prodotti\/38430-002-0_1.jpg?resize=300,300&ssl=1","fifu_image_url":"https:\/\/interpim.erresse-shop.it\/Import\/Prodotti\/38430-002-0_1.jpg","_links":{"self":[{"href":"https:\/\/dev6.erresse-shop.it\/de\/wp-json\/wp\/v2\/product\/49637","targetHints":{"allow":["GET"]}}],"collection":[{"href":"https:\/\/dev6.erresse-shop.it\/de\/wp-json\/wp\/v2\/product"}],"about":[{"href":"https:\/\/dev6.erresse-shop.it\/de\/wp-json\/wp\/v2\/types\/product"}],"wp:featuredmedia":[{"embeddable":true,"href":"https:\/\/dev6.erresse-shop.it\/de\/wp-json\/wp\/v2\/media\/6488746"}],"wp:attachment":[{"href":"https:\/\/dev6.erresse-shop.it\/de\/wp-json\/wp\/v2\/media?parent=49637"}],"wp:term":[{"taxonomy":"product_cat","embeddable":true,"href":"https:\/\/dev6.erresse-shop.it\/de\/wp-json\/wp\/v2\/product_cat?post=49637"},{"taxonomy":"product_tag","embeddable":true,"href":"https:\/\/dev6.erresse-shop.it\/de\/wp-json\/wp\/v2\/product_tag?post=49637"}],"curies":[{"name":"wp","href":"https:\/\/api.w.org\/{rel}","templated":true}]}}