{"id":49615,"date":"2026-04-16T19:02:45","date_gmt":"2026-04-16T17:02:45","guid":{"rendered":"https:\/\/dev6.erresse-shop.it\/shop\/unkategorisiert\/vulcanus-masterbutcher\/"},"modified":"2025-07-03T19:47:16","modified_gmt":"2025-07-03T17:47:16","slug":"vulcanus-masterbutcher","status":"publish","type":"product","link":"https:\/\/dev6.erresse-shop.it\/de\/shop\/kleine-elektrogeraete\/grills-und-barbecues\/vulcanus-masterbutcher\/","title":{"rendered":"VULCANUS Masterbutcher"},"content":{"rendered":"<p>DER PREIS BEINHALTET DEN VERSAND AUF PALETTE.<br \/>\nDAS PRODUKT WIRD NUR IN ITALIEN VERKAUFT (f\u00fcr alle anderen L\u00e4nder kontaktieren Sie info&#64;erresse-shop.it).<\/p>\n<p>Veranstalten Sie gerne gro\u00dfe Feiern? Bedienen Sie den Grill zusammen mit einem Freund? Der gro\u00dfe und verl\u00e4ngerte Sockel Masterbutcher ist wie f\u00fcr Sie geschaffen. Er hat eine massive Holzplatte, auf der Sie bequem alle K\u00f6stlichkeiten vorbereiten k\u00f6nnen. Er bietet au\u00dferdem eine Menge Platz.<\/p>\n<p>Echte Sommeratmosph\u00e4re<br \/>\nDesign, Funktionalit\u00e4t und Qualit\u00e4t<br \/>\nWerden Sie zum Grillk\u00f6nig<br \/>\nHerstellung des Vulcanus-Grills<br \/>\nVulcanus Grilltechnologie<\/p>\n<p>Gew\u00e4hrleistungsfrist: Sockel 5 Jahre, Holzplatte 2 Jahre.<br \/>\nMaterial: Cor-Ten, Buche.<br \/>\nOberfl\u00e4chenbehandlung: Patina, \u00d6l.<\/p>\n","protected":false},"excerpt":{"rendered":"<p>DER PREIS BEINHALTET DEN VERSAND AUF PALETTE. DAS PRODUKT WIRD NUR IN ITALIEN VERKAUFT (f\u00fcr alle anderen L\u00e4nder kontaktieren Sie info&#64;erresse-shop.it). Veranstalten Sie gerne gro\u00dfe Feiern? Bedienen Sie den Grill zusammen mit einem Freund? Der gro\u00dfe und verl\u00e4ngerte Sockel Masterbutcher ist wie f\u00fcr Sie geschaffen. Er hat eine massive Holzplatte, auf der Sie bequem alle [&hellip;]<\/p>\n","protected":false},"featured_media":6488649,"template":"","meta":{"_acf_changed":false},"product_cat":[11763,12195,12163],"product_tag":[],"class_list":{"0":"post-49615","1":"product","2":"type-product","3":"status-publish","4":"has-post-thumbnail","6":"product_cat-grill-barbecue","7":"product_cat-grills-und-barbecues","8":"product_cat-kleine-elektrogeraete","10":"first","11":"outofstock","12":"taxable","13":"shipping-taxable","14":"product-type-simple","swatches":"rey-swatches","show_selected":"","stretch_labels":"rey-swatches--stretch-labels"},"acf":[],"yoast_head":"<!-- This site is optimized with the Yoast SEO plugin v25.4 - https:\/\/yoast.com\/wordpress\/plugins\/seo\/ -->\n<title>VULCANUS Masterbutcher - dev6 Erresse<\/title>\n<meta name=\"description\" content=\"DER PREIS BEINHALTET DEN VERSAND AUF PALETTE. DAS PRODUKT WIRD NUR IN ITALIEN VERKAUFT (f\u00fcr alle anderen L\u00e4nder kontaktieren Sie\" \/>\n<meta name=\"robots\" content=\"noindex, follow, max-snippet:-1, max-image-preview:large, max-video-preview:-1\" \/>\n<meta property=\"og:locale\" content=\"de_DE\" \/>\n<meta property=\"og:type\" content=\"article\" \/>\n<meta property=\"og:title\" content=\"VULCANUS Masterbutcher - dev6 Erresse\" \/>\n<meta property=\"og:description\" content=\"DER PREIS BEINHALTET DEN VERSAND AUF PALETTE. DAS PRODUKT WIRD NUR IN ITALIEN VERKAUFT (f\u00fcr alle anderen L\u00e4nder kontaktieren Sie\" \/>\n<meta property=\"og:url\" content=\"https:\/\/dev6.erresse-shop.it\/de\/shop\/kleine-elektrogeraete\/grills-und-barbecues\/vulcanus-masterbutcher\/\" \/>\n<meta property=\"og:site_name\" content=\"dev6 Erresse\" \/>\n<meta property=\"og:image\" content=\"https:\/\/interpim.erresse-shop.it\/img-catalogo\/vulcanus\/vulcanus-tavolo-da-lavoro-doppio-1.jpg\" \/><meta property=\"og:image\" content=\"https:\/\/interpim.erresse-shop.it\/img-catalogo\/vulcanus\/vulcanus-tavolo-da-lavoro-doppio-1.jpg\" \/>\n\t<meta property=\"og:image:width\" content=\"1024\" \/>\n\t<meta property=\"og:image:height\" content=\"1024\" \/>\n\t<meta property=\"og:image:type\" content=\"image\/jpeg\" \/>\n<meta name=\"twitter:card\" content=\"summary_large_image\" \/>\n<meta name=\"twitter:image\" content=\"https:\/\/interpim.erresse-shop.it\/img-catalogo\/vulcanus\/vulcanus-tavolo-da-lavoro-doppio-1.jpg\" \/>\n<script type=\"application\/ld+json\" class=\"yoast-schema-graph\">{\"@context\":\"https:\/\/schema.org\",\"@graph\":[{\"@type\":\"WebPage\",\"@id\":\"https:\/\/dev6.erresse-shop.it\/de\/shop\/kleine-elektrogeraete\/grills-und-barbecues\/vulcanus-masterbutcher\/\",\"url\":\"https:\/\/dev6.erresse-shop.it\/de\/shop\/kleine-elektrogeraete\/grills-und-barbecues\/vulcanus-masterbutcher\/\",\"name\":\"VULCANUS Masterbutcher - dev6 Erresse\",\"isPartOf\":{\"@id\":\"https:\/\/dev6.erresse-shop.it\/#website\"},\"primaryImageOfPage\":{\"@id\":\"https:\/\/dev6.erresse-shop.it\/de\/shop\/kleine-elektrogeraete\/grills-und-barbecues\/vulcanus-masterbutcher\/#primaryimage\"},\"image\":{\"@id\":\"https:\/\/dev6.erresse-shop.it\/de\/shop\/kleine-elektrogeraete\/grills-und-barbecues\/vulcanus-masterbutcher\/#primaryimage\"},\"thumbnailUrl\":\"https:\/\/i0.wp.com\/interpim.erresse-shop.it\/img-catalogo\/vulcanus\/vulcanus-tavolo-da-lavoro-doppio-1.jpg?ssl=1\",\"datePublished\":\"2026-04-16T17:02:45+00:00\",\"description\":\"DER PREIS BEINHALTET DEN VERSAND AUF PALETTE. DAS PRODUKT WIRD NUR IN ITALIEN VERKAUFT (f\u00fcr alle anderen L\u00e4nder kontaktieren Sie\",\"breadcrumb\":{\"@id\":\"https:\/\/dev6.erresse-shop.it\/de\/shop\/kleine-elektrogeraete\/grills-und-barbecues\/vulcanus-masterbutcher\/#breadcrumb\"},\"inLanguage\":\"de\",\"potentialAction\":[{\"@type\":\"ReadAction\",\"target\":[\"https:\/\/dev6.erresse-shop.it\/de\/shop\/kleine-elektrogeraete\/grills-und-barbecues\/vulcanus-masterbutcher\/\"]}]},{\"@type\":\"ImageObject\",\"inLanguage\":\"de\",\"@id\":\"https:\/\/dev6.erresse-shop.it\/de\/shop\/kleine-elektrogeraete\/grills-und-barbecues\/vulcanus-masterbutcher\/#primaryimage\",\"url\":\"https:\/\/i0.wp.com\/interpim.erresse-shop.it\/img-catalogo\/vulcanus\/vulcanus-tavolo-da-lavoro-doppio-1.jpg?ssl=1\",\"contentUrl\":\"https:\/\/i0.wp.com\/interpim.erresse-shop.it\/img-catalogo\/vulcanus\/vulcanus-tavolo-da-lavoro-doppio-1.jpg?ssl=1\"},{\"@type\":\"BreadcrumbList\",\"@id\":\"https:\/\/dev6.erresse-shop.it\/de\/shop\/kleine-elektrogeraete\/grills-und-barbecues\/vulcanus-masterbutcher\/#breadcrumb\",\"itemListElement\":[{\"@type\":\"ListItem\",\"position\":1,\"name\":\"Home\",\"item\":\"https:\/\/dev6.erresse-shop.it\/\"},{\"@type\":\"ListItem\",\"position\":2,\"name\":\"Shop\",\"item\":\"https:\/\/dev6.erresse-shop.it\/shop\/\"},{\"@type\":\"ListItem\",\"position\":3,\"name\":\"VULCANUS Masterbutcher\"}]},{\"@type\":\"WebSite\",\"@id\":\"https:\/\/dev6.erresse-shop.it\/#website\",\"url\":\"https:\/\/dev6.erresse-shop.it\/\",\"name\":\"Erresse Shop\",\"description\":\"\",\"publisher\":{\"@id\":\"https:\/\/dev6.erresse-shop.it\/#organization\"},\"potentialAction\":[{\"@type\":\"SearchAction\",\"target\":{\"@type\":\"EntryPoint\",\"urlTemplate\":\"https:\/\/dev6.erresse-shop.it\/?s={search_term_string}\"},\"query-input\":{\"@type\":\"PropertyValueSpecification\",\"valueRequired\":true,\"valueName\":\"search_term_string\"}}],\"inLanguage\":\"de\"},{\"@type\":\"Organization\",\"@id\":\"https:\/\/dev6.erresse-shop.it\/#organization\",\"name\":\"Erresse Shop\",\"url\":\"https:\/\/dev6.erresse-shop.it\/\",\"logo\":{\"@type\":\"ImageObject\",\"inLanguage\":\"de\",\"@id\":\"https:\/\/dev6.erresse-shop.it\/#\/schema\/logo\/image\/\",\"url\":\"https:\/\/dev6.erresse-shop.it\/wp-content\/uploads\/2025\/01\/LOGO-ERRESSE-CLASSICO.svg\",\"contentUrl\":\"https:\/\/dev6.erresse-shop.it\/wp-content\/uploads\/2025\/01\/LOGO-ERRESSE-CLASSICO.svg\",\"caption\":\"Erresse Shop\"},\"image\":{\"@id\":\"https:\/\/dev6.erresse-shop.it\/#\/schema\/logo\/image\/\"}}]}<\/script>\n<!-- \/ Yoast SEO plugin. -->","yoast_head_json":{"title":"VULCANUS Masterbutcher - dev6 Erresse","description":"DER PREIS BEINHALTET DEN VERSAND AUF PALETTE. DAS PRODUKT WIRD NUR IN ITALIEN VERKAUFT (f\u00fcr alle anderen L\u00e4nder kontaktieren Sie","robots":{"index":"noindex","follow":"follow","max-snippet":"max-snippet:-1","max-image-preview":"max-image-preview:large","max-video-preview":"max-video-preview:-1"},"og_locale":"de_DE","og_type":"article","og_title":"VULCANUS Masterbutcher - dev6 Erresse","og_description":"DER PREIS BEINHALTET DEN VERSAND AUF PALETTE. DAS PRODUKT WIRD NUR IN ITALIEN VERKAUFT (f\u00fcr alle anderen L\u00e4nder kontaktieren Sie","og_url":"https:\/\/dev6.erresse-shop.it\/de\/shop\/kleine-elektrogeraete\/grills-und-barbecues\/vulcanus-masterbutcher\/","og_site_name":"dev6 Erresse","og_image":[{"url":"https:\/\/interpim.erresse-shop.it\/img-catalogo\/vulcanus\/vulcanus-tavolo-da-lavoro-doppio-1.jpg","type":"","width":"","height":""},{"url":"https:\/\/interpim.erresse-shop.it\/img-catalogo\/vulcanus\/vulcanus-tavolo-da-lavoro-doppio-1.jpg","width":1024,"height":1024,"type":"image\/jpeg"}],"twitter_card":"summary_large_image","twitter_image":"https:\/\/interpim.erresse-shop.it\/img-catalogo\/vulcanus\/vulcanus-tavolo-da-lavoro-doppio-1.jpg","schema":{"@context":"https:\/\/schema.org","@graph":[{"@type":"WebPage","@id":"https:\/\/dev6.erresse-shop.it\/de\/shop\/kleine-elektrogeraete\/grills-und-barbecues\/vulcanus-masterbutcher\/","url":"https:\/\/dev6.erresse-shop.it\/de\/shop\/kleine-elektrogeraete\/grills-und-barbecues\/vulcanus-masterbutcher\/","name":"VULCANUS Masterbutcher - dev6 Erresse","isPartOf":{"@id":"https:\/\/dev6.erresse-shop.it\/#website"},"primaryImageOfPage":{"@id":"https:\/\/dev6.erresse-shop.it\/de\/shop\/kleine-elektrogeraete\/grills-und-barbecues\/vulcanus-masterbutcher\/#primaryimage"},"image":{"@id":"https:\/\/dev6.erresse-shop.it\/de\/shop\/kleine-elektrogeraete\/grills-und-barbecues\/vulcanus-masterbutcher\/#primaryimage"},"thumbnailUrl":"https:\/\/i0.wp.com\/interpim.erresse-shop.it\/img-catalogo\/vulcanus\/vulcanus-tavolo-da-lavoro-doppio-1.jpg?ssl=1","datePublished":"2026-04-16T17:02:45+00:00","description":"DER PREIS BEINHALTET DEN VERSAND AUF PALETTE. DAS PRODUKT WIRD NUR IN ITALIEN VERKAUFT (f\u00fcr alle anderen L\u00e4nder kontaktieren Sie","breadcrumb":{"@id":"https:\/\/dev6.erresse-shop.it\/de\/shop\/kleine-elektrogeraete\/grills-und-barbecues\/vulcanus-masterbutcher\/#breadcrumb"},"inLanguage":"de","potentialAction":[{"@type":"ReadAction","target":["https:\/\/dev6.erresse-shop.it\/de\/shop\/kleine-elektrogeraete\/grills-und-barbecues\/vulcanus-masterbutcher\/"]}]},{"@type":"ImageObject","inLanguage":"de","@id":"https:\/\/dev6.erresse-shop.it\/de\/shop\/kleine-elektrogeraete\/grills-und-barbecues\/vulcanus-masterbutcher\/#primaryimage","url":"https:\/\/i0.wp.com\/interpim.erresse-shop.it\/img-catalogo\/vulcanus\/vulcanus-tavolo-da-lavoro-doppio-1.jpg?ssl=1","contentUrl":"https:\/\/i0.wp.com\/interpim.erresse-shop.it\/img-catalogo\/vulcanus\/vulcanus-tavolo-da-lavoro-doppio-1.jpg?ssl=1"},{"@type":"BreadcrumbList","@id":"https:\/\/dev6.erresse-shop.it\/de\/shop\/kleine-elektrogeraete\/grills-und-barbecues\/vulcanus-masterbutcher\/#breadcrumb","itemListElement":[{"@type":"ListItem","position":1,"name":"Home","item":"https:\/\/dev6.erresse-shop.it\/"},{"@type":"ListItem","position":2,"name":"Shop","item":"https:\/\/dev6.erresse-shop.it\/shop\/"},{"@type":"ListItem","position":3,"name":"VULCANUS Masterbutcher"}]},{"@type":"WebSite","@id":"https:\/\/dev6.erresse-shop.it\/#website","url":"https:\/\/dev6.erresse-shop.it\/","name":"Erresse Shop","description":"","publisher":{"@id":"https:\/\/dev6.erresse-shop.it\/#organization"},"potentialAction":[{"@type":"SearchAction","target":{"@type":"EntryPoint","urlTemplate":"https:\/\/dev6.erresse-shop.it\/?s={search_term_string}"},"query-input":{"@type":"PropertyValueSpecification","valueRequired":true,"valueName":"search_term_string"}}],"inLanguage":"de"},{"@type":"Organization","@id":"https:\/\/dev6.erresse-shop.it\/#organization","name":"Erresse Shop","url":"https:\/\/dev6.erresse-shop.it\/","logo":{"@type":"ImageObject","inLanguage":"de","@id":"https:\/\/dev6.erresse-shop.it\/#\/schema\/logo\/image\/","url":"https:\/\/dev6.erresse-shop.it\/wp-content\/uploads\/2025\/01\/LOGO-ERRESSE-CLASSICO.svg","contentUrl":"https:\/\/dev6.erresse-shop.it\/wp-content\/uploads\/2025\/01\/LOGO-ERRESSE-CLASSICO.svg","caption":"Erresse Shop"},"image":{"@id":"https:\/\/dev6.erresse-shop.it\/#\/schema\/logo\/image\/"}}]}},"df_price":"","df_sale_price":"","df_regular_price":"","df_image_link":"https:\/\/i0.wp.com\/interpim.erresse-shop.it\/img-catalogo\/vulcanus\/vulcanus-tavolo-da-lavoro-doppio-1.jpg?resize=300,300&ssl=1","fifu_image_url":"https:\/\/interpim.erresse-shop.it\/img-catalogo\/vulcanus\/vulcanus-tavolo-da-lavoro-doppio-1.jpg","_links":{"self":[{"href":"https:\/\/dev6.erresse-shop.it\/de\/wp-json\/wp\/v2\/product\/49615","targetHints":{"allow":["GET"]}}],"collection":[{"href":"https:\/\/dev6.erresse-shop.it\/de\/wp-json\/wp\/v2\/product"}],"about":[{"href":"https:\/\/dev6.erresse-shop.it\/de\/wp-json\/wp\/v2\/types\/product"}],"wp:featuredmedia":[{"embeddable":true,"href":"https:\/\/dev6.erresse-shop.it\/de\/wp-json\/wp\/v2\/media\/6488649"}],"wp:attachment":[{"href":"https:\/\/dev6.erresse-shop.it\/de\/wp-json\/wp\/v2\/media?parent=49615"}],"wp:term":[{"taxonomy":"product_cat","embeddable":true,"href":"https:\/\/dev6.erresse-shop.it\/de\/wp-json\/wp\/v2\/product_cat?post=49615"},{"taxonomy":"product_tag","embeddable":true,"href":"https:\/\/dev6.erresse-shop.it\/de\/wp-json\/wp\/v2\/product_tag?post=49615"}],"curies":[{"name":"wp","href":"https:\/\/api.w.org\/{rel}","templated":true}]}}