{"id":49609,"date":"2026-04-04T08:27:06","date_gmt":"2026-04-04T06:27:06","guid":{"rendered":"https:\/\/dev6.erresse-shop.it\/shop\/unkategorisiert\/vulcanus-grill-pro910-camp\/"},"modified":"2025-07-03T19:47:08","modified_gmt":"2025-07-03T17:47:08","slug":"vulcanus-grill-pro910-camp","status":"publish","type":"product","link":"https:\/\/dev6.erresse-shop.it\/de\/shop\/kleine-elektrogeraete\/grills-und-barbecues\/vulcanus-grill-pro910-camp\/","title":{"rendered":"VULCANUS Grill Pro910 Camp"},"content":{"rendered":"<p>DER PREIS BEINHALTET DEN VERSAND AUF PALETTE.<br \/>\nDAS PRODUKT WIRD NUR IN ITALIEN VERKAUFT (f\u00fcr alle anderen L\u00e4nder kontaktieren Sie info&#64;erresse-shop.it).<\/p>\n<p>Legen Sie sich einen Feuerplatz f\u00fcr Ihre Familie zu, an dem Sie in Ruhe sitzen und grillen k\u00f6nnen. Das klassische Model VULCANUS Pro910 (Grillfl\u00e4che 91 x 91 cm) auf einem abgesenktem Standfu\u00df ist daf\u00fcr wie geschaffen. Er eignet sich aber auch f\u00fcr Parks und \u00f6ffentliche Fl\u00e4chen, wie zum Beispiel Zeltpl\u00e4tze.<\/p>\n<p>Der Grill Vulcanus Pro910 Camp verf\u00fcgt \u00fcber ein patentiertes Design mit einem Geh\u00e4use aus COR-TEN-Stahl, der eine sch\u00f6ne Patina bildet. Er widersteht jeglichen Au\u00dfenbedingungen, und seine Brennkammer ist f\u00fcr h\u00f6heren Grillkomfort mit einer Akkumulationseinlage versehen. Das Zubereiten von Speisen wird durch bessere Zirkulation der hei\u00dfen Luft, thermische Stabilit\u00e4t und reduzierten Holzverbrauch erleichtert.<br \/>\nDie quadratische Form der Grillfl\u00e4che bietet im Vergleich zu runden Grills um bis zu \u2153 mehr Platz. Dank Aufteilung in zwei Temperaturzonen k\u00f6nnen Sie zudem Fleisch und Gem\u00fcse gleichzeitig zubereiten.<\/p>\n<p>12 mm dicke Grillplatte mit EU-Zertifizierung f\u00fcr den Kontakt mit Lebensmitteln.<br \/>\nSystem zur Ableitung von Fett f\u00fcr gesundes Grillen ohne Karzinogene.<br \/>\nEinfache Entleerung der Asche am unteren Teil des Grills.<\/p>\n<p>Welchen Brennstoff kann ich im Vulcanus verwenden?<br \/>\nGeeignet sind alle Arten von Hartholz, sofern ihre Restfeuchte unter 20 % liegt. Das Holz sollte also ausreichend trocken sein. Feuchtes Holz setzt w\u00e4hrend der Verbrennung Rauch und Teer frei, was zu st\u00e4rkerer Rauchentwicklung, h\u00f6herem Holzverbrauch und reduzierter Heizleistung f\u00fchrt. Wir empfehlen, technisch getrocknete Holzscheite mit einer L\u00e4nge von etwa 33 cm zu verwenden, wie Sie in jedem Hobby-Markt erh\u00e4ltlich sind. Sie k\u00f6nnen auch Holzkohle verwenden.<\/p>\n<p>Echte Sommeratmosph\u00e4re<br \/>\nDesign, Funktionalit\u00e4t und Qualit\u00e4t<br \/>\nWerden Sie zum Grillk\u00f6nig<br \/>\nHerstellung des Vulcanus-Grills<br \/>\nVulcanus Grilltechnologie<\/p>\n<p>Gew\u00e4hrleistungsfrist: 5 Jahre.<br \/>\nMaterial: Italy Cor-Ten steel (Body) and Boiler steel (Plate).<br \/>\nOberfl\u00e4chenbehandlung: Patina, \u00d6l.<br \/>\nGebrauchsanweisung: Anleitung<\/p>\n","protected":false},"excerpt":{"rendered":"<p>DER PREIS BEINHALTET DEN VERSAND AUF PALETTE. DAS PRODUKT WIRD NUR IN ITALIEN VERKAUFT (f\u00fcr alle anderen L\u00e4nder kontaktieren Sie info&#64;erresse-shop.it). Legen Sie sich einen Feuerplatz f\u00fcr Ihre Familie zu, an dem Sie in Ruhe sitzen und grillen k\u00f6nnen. Das klassische Model VULCANUS Pro910 (Grillfl\u00e4che 91 x 91 cm) auf einem abgesenktem Standfu\u00df ist daf\u00fcr [&hellip;]<\/p>\n","protected":false},"featured_media":6266186,"template":"","meta":{"_acf_changed":false},"product_cat":[11763,12195,12163],"product_tag":[],"class_list":{"0":"post-49609","1":"product","2":"type-product","3":"status-publish","4":"has-post-thumbnail","6":"product_cat-grill-barbecue","7":"product_cat-grills-und-barbecues","8":"product_cat-kleine-elektrogeraete","10":"first","11":"outofstock","12":"taxable","13":"shipping-taxable","14":"product-type-simple","swatches":"rey-swatches","show_selected":"","stretch_labels":"rey-swatches--stretch-labels"},"acf":[],"yoast_head":"<!-- This site is optimized with the Yoast SEO plugin v25.4 - https:\/\/yoast.com\/wordpress\/plugins\/seo\/ -->\n<title>VULCANUS Grill Pro910 Camp - dev6 Erresse<\/title>\n<meta name=\"description\" content=\"DER PREIS BEINHALTET DEN VERSAND AUF PALETTE. DAS PRODUKT WIRD NUR IN ITALIEN VERKAUFT (f\u00fcr alle anderen L\u00e4nder kontaktieren Sie\" \/>\n<meta name=\"robots\" content=\"noindex, follow, max-snippet:-1, max-image-preview:large, max-video-preview:-1\" \/>\n<meta property=\"og:locale\" content=\"de_DE\" \/>\n<meta property=\"og:type\" content=\"article\" \/>\n<meta property=\"og:title\" content=\"VULCANUS Grill Pro910 Camp - dev6 Erresse\" \/>\n<meta property=\"og:description\" content=\"DER PREIS BEINHALTET DEN VERSAND AUF PALETTE. DAS PRODUKT WIRD NUR IN ITALIEN VERKAUFT (f\u00fcr alle anderen L\u00e4nder kontaktieren Sie\" \/>\n<meta property=\"og:url\" content=\"https:\/\/dev6.erresse-shop.it\/de\/shop\/kleine-elektrogeraete\/grills-und-barbecues\/vulcanus-grill-pro910-camp\/\" \/>\n<meta property=\"og:site_name\" content=\"dev6 Erresse\" \/>\n<meta property=\"og:image\" content=\"https:\/\/interpim.erresse-shop.it\/img-catalogo\/vulcanus\/vulcanus-grill-pro-910-camp-1.jpg\" \/><meta property=\"og:image\" content=\"https:\/\/interpim.erresse-shop.it\/img-catalogo\/vulcanus\/vulcanus-grill-pro-910-camp-1.jpg\" \/>\n\t<meta property=\"og:image:width\" content=\"1024\" \/>\n\t<meta property=\"og:image:height\" content=\"1024\" \/>\n\t<meta property=\"og:image:type\" content=\"image\/jpeg\" \/>\n<meta name=\"twitter:card\" content=\"summary_large_image\" \/>\n<meta name=\"twitter:image\" content=\"https:\/\/interpim.erresse-shop.it\/img-catalogo\/vulcanus\/vulcanus-grill-pro-910-camp-1.jpg\" \/>\n<script type=\"application\/ld+json\" class=\"yoast-schema-graph\">{\"@context\":\"https:\/\/schema.org\",\"@graph\":[{\"@type\":\"WebPage\",\"@id\":\"https:\/\/dev6.erresse-shop.it\/de\/shop\/kleine-elektrogeraete\/grills-und-barbecues\/vulcanus-grill-pro910-camp\/\",\"url\":\"https:\/\/dev6.erresse-shop.it\/de\/shop\/kleine-elektrogeraete\/grills-und-barbecues\/vulcanus-grill-pro910-camp\/\",\"name\":\"VULCANUS Grill Pro910 Camp - dev6 Erresse\",\"isPartOf\":{\"@id\":\"https:\/\/dev6.erresse-shop.it\/#website\"},\"primaryImageOfPage\":{\"@id\":\"https:\/\/dev6.erresse-shop.it\/de\/shop\/kleine-elektrogeraete\/grills-und-barbecues\/vulcanus-grill-pro910-camp\/#primaryimage\"},\"image\":{\"@id\":\"https:\/\/dev6.erresse-shop.it\/de\/shop\/kleine-elektrogeraete\/grills-und-barbecues\/vulcanus-grill-pro910-camp\/#primaryimage\"},\"thumbnailUrl\":\"https:\/\/i0.wp.com\/interpim.erresse-shop.it\/img-catalogo\/vulcanus\/vulcanus-grill-pro-910-camp-1.jpg?ssl=1\",\"datePublished\":\"2026-04-04T06:27:06+00:00\",\"description\":\"DER PREIS BEINHALTET DEN VERSAND AUF PALETTE. DAS PRODUKT WIRD NUR IN ITALIEN VERKAUFT (f\u00fcr alle anderen L\u00e4nder kontaktieren Sie\",\"breadcrumb\":{\"@id\":\"https:\/\/dev6.erresse-shop.it\/de\/shop\/kleine-elektrogeraete\/grills-und-barbecues\/vulcanus-grill-pro910-camp\/#breadcrumb\"},\"inLanguage\":\"de\",\"potentialAction\":[{\"@type\":\"ReadAction\",\"target\":[\"https:\/\/dev6.erresse-shop.it\/de\/shop\/kleine-elektrogeraete\/grills-und-barbecues\/vulcanus-grill-pro910-camp\/\"]}]},{\"@type\":\"ImageObject\",\"inLanguage\":\"de\",\"@id\":\"https:\/\/dev6.erresse-shop.it\/de\/shop\/kleine-elektrogeraete\/grills-und-barbecues\/vulcanus-grill-pro910-camp\/#primaryimage\",\"url\":\"https:\/\/i0.wp.com\/interpim.erresse-shop.it\/img-catalogo\/vulcanus\/vulcanus-grill-pro-910-camp-1.jpg?ssl=1\",\"contentUrl\":\"https:\/\/i0.wp.com\/interpim.erresse-shop.it\/img-catalogo\/vulcanus\/vulcanus-grill-pro-910-camp-1.jpg?ssl=1\"},{\"@type\":\"BreadcrumbList\",\"@id\":\"https:\/\/dev6.erresse-shop.it\/de\/shop\/kleine-elektrogeraete\/grills-und-barbecues\/vulcanus-grill-pro910-camp\/#breadcrumb\",\"itemListElement\":[{\"@type\":\"ListItem\",\"position\":1,\"name\":\"Home\",\"item\":\"https:\/\/dev6.erresse-shop.it\/\"},{\"@type\":\"ListItem\",\"position\":2,\"name\":\"Shop\",\"item\":\"https:\/\/dev6.erresse-shop.it\/shop\/\"},{\"@type\":\"ListItem\",\"position\":3,\"name\":\"VULCANUS Grill Pro910 Camp\"}]},{\"@type\":\"WebSite\",\"@id\":\"https:\/\/dev6.erresse-shop.it\/#website\",\"url\":\"https:\/\/dev6.erresse-shop.it\/\",\"name\":\"Erresse Shop\",\"description\":\"\",\"publisher\":{\"@id\":\"https:\/\/dev6.erresse-shop.it\/#organization\"},\"potentialAction\":[{\"@type\":\"SearchAction\",\"target\":{\"@type\":\"EntryPoint\",\"urlTemplate\":\"https:\/\/dev6.erresse-shop.it\/?s={search_term_string}\"},\"query-input\":{\"@type\":\"PropertyValueSpecification\",\"valueRequired\":true,\"valueName\":\"search_term_string\"}}],\"inLanguage\":\"de\"},{\"@type\":\"Organization\",\"@id\":\"https:\/\/dev6.erresse-shop.it\/#organization\",\"name\":\"Erresse Shop\",\"url\":\"https:\/\/dev6.erresse-shop.it\/\",\"logo\":{\"@type\":\"ImageObject\",\"inLanguage\":\"de\",\"@id\":\"https:\/\/dev6.erresse-shop.it\/#\/schema\/logo\/image\/\",\"url\":\"https:\/\/dev6.erresse-shop.it\/wp-content\/uploads\/2025\/01\/LOGO-ERRESSE-CLASSICO.svg\",\"contentUrl\":\"https:\/\/dev6.erresse-shop.it\/wp-content\/uploads\/2025\/01\/LOGO-ERRESSE-CLASSICO.svg\",\"caption\":\"Erresse Shop\"},\"image\":{\"@id\":\"https:\/\/dev6.erresse-shop.it\/#\/schema\/logo\/image\/\"}}]}<\/script>\n<!-- \/ Yoast SEO plugin. -->","yoast_head_json":{"title":"VULCANUS Grill Pro910 Camp - dev6 Erresse","description":"DER PREIS BEINHALTET DEN VERSAND AUF PALETTE. DAS PRODUKT WIRD NUR IN ITALIEN VERKAUFT (f\u00fcr alle anderen L\u00e4nder kontaktieren Sie","robots":{"index":"noindex","follow":"follow","max-snippet":"max-snippet:-1","max-image-preview":"max-image-preview:large","max-video-preview":"max-video-preview:-1"},"og_locale":"de_DE","og_type":"article","og_title":"VULCANUS Grill Pro910 Camp - dev6 Erresse","og_description":"DER PREIS BEINHALTET DEN VERSAND AUF PALETTE. DAS PRODUKT WIRD NUR IN ITALIEN VERKAUFT (f\u00fcr alle anderen L\u00e4nder kontaktieren Sie","og_url":"https:\/\/dev6.erresse-shop.it\/de\/shop\/kleine-elektrogeraete\/grills-und-barbecues\/vulcanus-grill-pro910-camp\/","og_site_name":"dev6 Erresse","og_image":[{"url":"https:\/\/interpim.erresse-shop.it\/img-catalogo\/vulcanus\/vulcanus-grill-pro-910-camp-1.jpg","type":"","width":"","height":""},{"url":"https:\/\/interpim.erresse-shop.it\/img-catalogo\/vulcanus\/vulcanus-grill-pro-910-camp-1.jpg","width":1024,"height":1024,"type":"image\/jpeg"}],"twitter_card":"summary_large_image","twitter_image":"https:\/\/interpim.erresse-shop.it\/img-catalogo\/vulcanus\/vulcanus-grill-pro-910-camp-1.jpg","schema":{"@context":"https:\/\/schema.org","@graph":[{"@type":"WebPage","@id":"https:\/\/dev6.erresse-shop.it\/de\/shop\/kleine-elektrogeraete\/grills-und-barbecues\/vulcanus-grill-pro910-camp\/","url":"https:\/\/dev6.erresse-shop.it\/de\/shop\/kleine-elektrogeraete\/grills-und-barbecues\/vulcanus-grill-pro910-camp\/","name":"VULCANUS Grill Pro910 Camp - dev6 Erresse","isPartOf":{"@id":"https:\/\/dev6.erresse-shop.it\/#website"},"primaryImageOfPage":{"@id":"https:\/\/dev6.erresse-shop.it\/de\/shop\/kleine-elektrogeraete\/grills-und-barbecues\/vulcanus-grill-pro910-camp\/#primaryimage"},"image":{"@id":"https:\/\/dev6.erresse-shop.it\/de\/shop\/kleine-elektrogeraete\/grills-und-barbecues\/vulcanus-grill-pro910-camp\/#primaryimage"},"thumbnailUrl":"https:\/\/i0.wp.com\/interpim.erresse-shop.it\/img-catalogo\/vulcanus\/vulcanus-grill-pro-910-camp-1.jpg?ssl=1","datePublished":"2026-04-04T06:27:06+00:00","description":"DER PREIS BEINHALTET DEN VERSAND AUF PALETTE. DAS PRODUKT WIRD NUR IN ITALIEN VERKAUFT (f\u00fcr alle anderen L\u00e4nder kontaktieren Sie","breadcrumb":{"@id":"https:\/\/dev6.erresse-shop.it\/de\/shop\/kleine-elektrogeraete\/grills-und-barbecues\/vulcanus-grill-pro910-camp\/#breadcrumb"},"inLanguage":"de","potentialAction":[{"@type":"ReadAction","target":["https:\/\/dev6.erresse-shop.it\/de\/shop\/kleine-elektrogeraete\/grills-und-barbecues\/vulcanus-grill-pro910-camp\/"]}]},{"@type":"ImageObject","inLanguage":"de","@id":"https:\/\/dev6.erresse-shop.it\/de\/shop\/kleine-elektrogeraete\/grills-und-barbecues\/vulcanus-grill-pro910-camp\/#primaryimage","url":"https:\/\/i0.wp.com\/interpim.erresse-shop.it\/img-catalogo\/vulcanus\/vulcanus-grill-pro-910-camp-1.jpg?ssl=1","contentUrl":"https:\/\/i0.wp.com\/interpim.erresse-shop.it\/img-catalogo\/vulcanus\/vulcanus-grill-pro-910-camp-1.jpg?ssl=1"},{"@type":"BreadcrumbList","@id":"https:\/\/dev6.erresse-shop.it\/de\/shop\/kleine-elektrogeraete\/grills-und-barbecues\/vulcanus-grill-pro910-camp\/#breadcrumb","itemListElement":[{"@type":"ListItem","position":1,"name":"Home","item":"https:\/\/dev6.erresse-shop.it\/"},{"@type":"ListItem","position":2,"name":"Shop","item":"https:\/\/dev6.erresse-shop.it\/shop\/"},{"@type":"ListItem","position":3,"name":"VULCANUS Grill Pro910 Camp"}]},{"@type":"WebSite","@id":"https:\/\/dev6.erresse-shop.it\/#website","url":"https:\/\/dev6.erresse-shop.it\/","name":"Erresse Shop","description":"","publisher":{"@id":"https:\/\/dev6.erresse-shop.it\/#organization"},"potentialAction":[{"@type":"SearchAction","target":{"@type":"EntryPoint","urlTemplate":"https:\/\/dev6.erresse-shop.it\/?s={search_term_string}"},"query-input":{"@type":"PropertyValueSpecification","valueRequired":true,"valueName":"search_term_string"}}],"inLanguage":"de"},{"@type":"Organization","@id":"https:\/\/dev6.erresse-shop.it\/#organization","name":"Erresse Shop","url":"https:\/\/dev6.erresse-shop.it\/","logo":{"@type":"ImageObject","inLanguage":"de","@id":"https:\/\/dev6.erresse-shop.it\/#\/schema\/logo\/image\/","url":"https:\/\/dev6.erresse-shop.it\/wp-content\/uploads\/2025\/01\/LOGO-ERRESSE-CLASSICO.svg","contentUrl":"https:\/\/dev6.erresse-shop.it\/wp-content\/uploads\/2025\/01\/LOGO-ERRESSE-CLASSICO.svg","caption":"Erresse Shop"},"image":{"@id":"https:\/\/dev6.erresse-shop.it\/#\/schema\/logo\/image\/"}}]}},"df_price":"","df_sale_price":"","df_regular_price":"","df_image_link":"https:\/\/i0.wp.com\/interpim.erresse-shop.it\/img-catalogo\/vulcanus\/vulcanus-grill-pro-910-camp-1.jpg?resize=300,300&ssl=1","fifu_image_url":"https:\/\/interpim.erresse-shop.it\/img-catalogo\/vulcanus\/vulcanus-grill-pro-910-camp-1.jpg","_links":{"self":[{"href":"https:\/\/dev6.erresse-shop.it\/de\/wp-json\/wp\/v2\/product\/49609","targetHints":{"allow":["GET"]}}],"collection":[{"href":"https:\/\/dev6.erresse-shop.it\/de\/wp-json\/wp\/v2\/product"}],"about":[{"href":"https:\/\/dev6.erresse-shop.it\/de\/wp-json\/wp\/v2\/types\/product"}],"wp:featuredmedia":[{"embeddable":true,"href":"https:\/\/dev6.erresse-shop.it\/de\/wp-json\/wp\/v2\/media\/6266186"}],"wp:attachment":[{"href":"https:\/\/dev6.erresse-shop.it\/de\/wp-json\/wp\/v2\/media?parent=49609"}],"wp:term":[{"taxonomy":"product_cat","embeddable":true,"href":"https:\/\/dev6.erresse-shop.it\/de\/wp-json\/wp\/v2\/product_cat?post=49609"},{"taxonomy":"product_tag","embeddable":true,"href":"https:\/\/dev6.erresse-shop.it\/de\/wp-json\/wp\/v2\/product_tag?post=49609"}],"curies":[{"name":"wp","href":"https:\/\/api.w.org\/{rel}","templated":true}]}}