{"id":49603,"date":"2026-04-04T08:27:06","date_gmt":"2026-04-04T06:27:06","guid":{"rendered":"https:\/\/dev6.erresse-shop.it\/shop\/unkategorisiert\/vulcanus-grill-pro730-chef\/"},"modified":"2025-07-03T19:47:01","modified_gmt":"2025-07-03T17:47:01","slug":"vulcanus-grill-pro730-chef","status":"publish","type":"product","link":"https:\/\/dev6.erresse-shop.it\/de\/shop\/kleine-elektrogeraete\/grills-und-barbecues\/vulcanus-grill-pro730-chef\/","title":{"rendered":"VULCANUS Grill Pro730 Chef"},"content":{"rendered":"<p>DER PREIS BEINHALTET DEN VERSAND AUF PALETTE.<br \/>\nDAS PRODUKT WIRD NUR IN ITALIEN VERKAUFT (f\u00fcr alle anderen L\u00e4nder kontaktieren Sie info&#64;erresse-shop.it).<\/p>\n<p>Genie\u00dfen Sie professionelles Grillen im Stehen. Bestandteil des Vulcanus Pro730 Chef (Grillfl\u00e4che 73 x 73 cm) ist ein Standfu\u00df, in dem Sie genug Platz f\u00fcr Holz sowie zum Aufbewahren von Geschirr und Lebensmitteln haben.<\/p>\n<p>Der Vulcanus Grill Pro730 Chef hat ein einzigartiges, patentiertes Design. Den Grillk\u00f6rper fertigen wir aus langlebigem COR-TEN-Stahl, der eine sch\u00f6ne Patina bildet. Zudem ist er mit einer Akkumulationseinlage f\u00fcr bessere Zirkulation der hei\u00dfen Luft, f\u00fcr thermische Stabilit\u00e4t und reduzierten Holzverbrauch versehen.<br \/>\nDank der quadratischen Form hat der Grill eine um bis zu \u2153 gr\u00f6\u00dfere Grillfl\u00e4che als klassische runde Grills. Zwei Temperaturzonen erm\u00f6glichen es Ihnen, gleichzeitig Fleisch zu grillen und K\u00e4se oder Gem\u00fcse aufzuw\u00e4rmen.<\/p>\n<p>Der hohe Sockel mit Holzvorratsbeh\u00e4lter ist wie geschaffen f\u00fcr gem\u00fctliches Grillen im Stehen. In seinem Ablagefach finden au\u00dferdem Geschirr und andere Dinge Platz, die Sie zur Hand haben wollen.<\/p>\n<p>12 mm dicke Grillplatte mit EU-Zertifizierung f\u00fcr den Kontakt mit Lebensmitteln.<br \/>\nSystem zur Ableitung von Fett f\u00fcr gesunderes Grillen ohne karzinogene Stoffe.<br \/>\nSystem zum einfachen Entleeren der Asche im unteren Teil des Grills.<\/p>\n<p>Welchen Brennstoff kann ich im Vulcanus verwenden?<br \/>\nGeeignet sind alle Arten von Hartholz, sofern ihre Restfeuchte unter 20 % liegt. Das Holz sollte also ausreichend trocken sein. Feuchtes Holz setzt w\u00e4hrend der Verbrennung Rauch und Teer frei, was zu st\u00e4rkerer Rauchentwicklung, h\u00f6herem Holzverbrauch und reduzierter Heizleistung f\u00fchrt. Wir empfehlen, technisch getrocknete Holzscheite mit einer L\u00e4nge von etwa 33 cm zu verwenden, wie Sie in jedem Hobby-Markt erh\u00e4ltlich sind. Sie k\u00f6nnen auch Holzkohle verwenden.<\/p>\n<p>Echte Sommeratmosph\u00e4re<br \/>\nDesign, Funktionalit\u00e4t und Qualit\u00e4t<br \/>\nWerden Sie zum Grillk\u00f6nig<br \/>\nHerstellung des Vulcanus-Grills<br \/>\nVulcanus Grilltechnologie<\/p>\n<p>Gew\u00e4hrleistungsfrist: 5 Jahre.<br \/>\nMaterial: Italy Cor-Ten steel (Body) and Boiler steel (Plate).<br \/>\nOberfl\u00e4chenbehandlung: Patina, \u00d6l.<br \/>\nGebrauchsanweisung: Anleitung<\/p>\n","protected":false},"excerpt":{"rendered":"<p>DER PREIS BEINHALTET DEN VERSAND AUF PALETTE. DAS PRODUKT WIRD NUR IN ITALIEN VERKAUFT (f\u00fcr alle anderen L\u00e4nder kontaktieren Sie info&#64;erresse-shop.it). Genie\u00dfen Sie professionelles Grillen im Stehen. Bestandteil des Vulcanus Pro730 Chef (Grillfl\u00e4che 73 x 73 cm) ist ein Standfu\u00df, in dem Sie genug Platz f\u00fcr Holz sowie zum Aufbewahren von Geschirr und Lebensmitteln haben. [&hellip;]<\/p>\n","protected":false},"featured_media":6266058,"template":"","meta":{"_acf_changed":false},"product_cat":[11763,12195,12163],"product_tag":[],"class_list":{"0":"post-49603","1":"product","2":"type-product","3":"status-publish","4":"has-post-thumbnail","6":"product_cat-grill-barbecue","7":"product_cat-grills-und-barbecues","8":"product_cat-kleine-elektrogeraete","10":"first","11":"outofstock","12":"taxable","13":"shipping-taxable","14":"product-type-simple","swatches":"rey-swatches","show_selected":"","stretch_labels":"rey-swatches--stretch-labels"},"acf":[],"yoast_head":"<!-- This site is optimized with the Yoast SEO plugin v25.4 - https:\/\/yoast.com\/wordpress\/plugins\/seo\/ -->\n<title>VULCANUS Grill Pro730 Chef - dev6 Erresse<\/title>\n<meta name=\"description\" content=\"DER PREIS BEINHALTET DEN VERSAND AUF PALETTE. DAS PRODUKT WIRD NUR IN ITALIEN VERKAUFT (f\u00fcr alle anderen L\u00e4nder kontaktieren Sie\" \/>\n<meta name=\"robots\" content=\"noindex, follow, max-snippet:-1, max-image-preview:large, max-video-preview:-1\" \/>\n<meta property=\"og:locale\" content=\"de_DE\" \/>\n<meta property=\"og:type\" content=\"article\" \/>\n<meta property=\"og:title\" content=\"VULCANUS Grill Pro730 Chef - dev6 Erresse\" \/>\n<meta property=\"og:description\" content=\"DER PREIS BEINHALTET DEN VERSAND AUF PALETTE. DAS PRODUKT WIRD NUR IN ITALIEN VERKAUFT (f\u00fcr alle anderen L\u00e4nder kontaktieren Sie\" \/>\n<meta property=\"og:url\" content=\"https:\/\/dev6.erresse-shop.it\/de\/shop\/kleine-elektrogeraete\/grills-und-barbecues\/vulcanus-grill-pro730-chef\/\" \/>\n<meta property=\"og:site_name\" content=\"dev6 Erresse\" \/>\n<meta property=\"og:image\" content=\"https:\/\/interpim.erresse-shop.it\/img-catalogo\/vulcanus\/vulcanus-grill-pro-730-chef-1.jpg\" \/><meta property=\"og:image\" content=\"https:\/\/interpim.erresse-shop.it\/img-catalogo\/vulcanus\/vulcanus-grill-pro-730-chef-1.jpg\" \/>\n\t<meta property=\"og:image:width\" content=\"1024\" \/>\n\t<meta property=\"og:image:height\" content=\"1024\" \/>\n\t<meta property=\"og:image:type\" content=\"image\/jpeg\" \/>\n<meta name=\"twitter:card\" content=\"summary_large_image\" \/>\n<meta name=\"twitter:image\" content=\"https:\/\/interpim.erresse-shop.it\/img-catalogo\/vulcanus\/vulcanus-grill-pro-730-chef-1.jpg\" \/>\n<script type=\"application\/ld+json\" class=\"yoast-schema-graph\">{\"@context\":\"https:\/\/schema.org\",\"@graph\":[{\"@type\":\"WebPage\",\"@id\":\"https:\/\/dev6.erresse-shop.it\/de\/shop\/kleine-elektrogeraete\/grills-und-barbecues\/vulcanus-grill-pro730-chef\/\",\"url\":\"https:\/\/dev6.erresse-shop.it\/de\/shop\/kleine-elektrogeraete\/grills-und-barbecues\/vulcanus-grill-pro730-chef\/\",\"name\":\"VULCANUS Grill Pro730 Chef - dev6 Erresse\",\"isPartOf\":{\"@id\":\"https:\/\/dev6.erresse-shop.it\/#website\"},\"primaryImageOfPage\":{\"@id\":\"https:\/\/dev6.erresse-shop.it\/de\/shop\/kleine-elektrogeraete\/grills-und-barbecues\/vulcanus-grill-pro730-chef\/#primaryimage\"},\"image\":{\"@id\":\"https:\/\/dev6.erresse-shop.it\/de\/shop\/kleine-elektrogeraete\/grills-und-barbecues\/vulcanus-grill-pro730-chef\/#primaryimage\"},\"thumbnailUrl\":\"https:\/\/i1.wp.com\/interpim.erresse-shop.it\/img-catalogo\/vulcanus\/vulcanus-grill-pro-730-chef-1.jpg?ssl=1\",\"datePublished\":\"2026-04-04T06:27:06+00:00\",\"description\":\"DER PREIS BEINHALTET DEN VERSAND AUF PALETTE. DAS PRODUKT WIRD NUR IN ITALIEN VERKAUFT (f\u00fcr alle anderen L\u00e4nder kontaktieren Sie\",\"breadcrumb\":{\"@id\":\"https:\/\/dev6.erresse-shop.it\/de\/shop\/kleine-elektrogeraete\/grills-und-barbecues\/vulcanus-grill-pro730-chef\/#breadcrumb\"},\"inLanguage\":\"de\",\"potentialAction\":[{\"@type\":\"ReadAction\",\"target\":[\"https:\/\/dev6.erresse-shop.it\/de\/shop\/kleine-elektrogeraete\/grills-und-barbecues\/vulcanus-grill-pro730-chef\/\"]}]},{\"@type\":\"ImageObject\",\"inLanguage\":\"de\",\"@id\":\"https:\/\/dev6.erresse-shop.it\/de\/shop\/kleine-elektrogeraete\/grills-und-barbecues\/vulcanus-grill-pro730-chef\/#primaryimage\",\"url\":\"https:\/\/i1.wp.com\/interpim.erresse-shop.it\/img-catalogo\/vulcanus\/vulcanus-grill-pro-730-chef-1.jpg?ssl=1\",\"contentUrl\":\"https:\/\/i1.wp.com\/interpim.erresse-shop.it\/img-catalogo\/vulcanus\/vulcanus-grill-pro-730-chef-1.jpg?ssl=1\"},{\"@type\":\"BreadcrumbList\",\"@id\":\"https:\/\/dev6.erresse-shop.it\/de\/shop\/kleine-elektrogeraete\/grills-und-barbecues\/vulcanus-grill-pro730-chef\/#breadcrumb\",\"itemListElement\":[{\"@type\":\"ListItem\",\"position\":1,\"name\":\"Home\",\"item\":\"https:\/\/dev6.erresse-shop.it\/\"},{\"@type\":\"ListItem\",\"position\":2,\"name\":\"Shop\",\"item\":\"https:\/\/dev6.erresse-shop.it\/shop\/\"},{\"@type\":\"ListItem\",\"position\":3,\"name\":\"VULCANUS Grill Pro730 Chef\"}]},{\"@type\":\"WebSite\",\"@id\":\"https:\/\/dev6.erresse-shop.it\/#website\",\"url\":\"https:\/\/dev6.erresse-shop.it\/\",\"name\":\"Erresse Shop\",\"description\":\"\",\"publisher\":{\"@id\":\"https:\/\/dev6.erresse-shop.it\/#organization\"},\"potentialAction\":[{\"@type\":\"SearchAction\",\"target\":{\"@type\":\"EntryPoint\",\"urlTemplate\":\"https:\/\/dev6.erresse-shop.it\/?s={search_term_string}\"},\"query-input\":{\"@type\":\"PropertyValueSpecification\",\"valueRequired\":true,\"valueName\":\"search_term_string\"}}],\"inLanguage\":\"de\"},{\"@type\":\"Organization\",\"@id\":\"https:\/\/dev6.erresse-shop.it\/#organization\",\"name\":\"Erresse Shop\",\"url\":\"https:\/\/dev6.erresse-shop.it\/\",\"logo\":{\"@type\":\"ImageObject\",\"inLanguage\":\"de\",\"@id\":\"https:\/\/dev6.erresse-shop.it\/#\/schema\/logo\/image\/\",\"url\":\"https:\/\/dev6.erresse-shop.it\/wp-content\/uploads\/2025\/01\/LOGO-ERRESSE-CLASSICO.svg\",\"contentUrl\":\"https:\/\/dev6.erresse-shop.it\/wp-content\/uploads\/2025\/01\/LOGO-ERRESSE-CLASSICO.svg\",\"caption\":\"Erresse Shop\"},\"image\":{\"@id\":\"https:\/\/dev6.erresse-shop.it\/#\/schema\/logo\/image\/\"}}]}<\/script>\n<!-- \/ Yoast SEO plugin. -->","yoast_head_json":{"title":"VULCANUS Grill Pro730 Chef - dev6 Erresse","description":"DER PREIS BEINHALTET DEN VERSAND AUF PALETTE. DAS PRODUKT WIRD NUR IN ITALIEN VERKAUFT (f\u00fcr alle anderen L\u00e4nder kontaktieren Sie","robots":{"index":"noindex","follow":"follow","max-snippet":"max-snippet:-1","max-image-preview":"max-image-preview:large","max-video-preview":"max-video-preview:-1"},"og_locale":"de_DE","og_type":"article","og_title":"VULCANUS Grill Pro730 Chef - dev6 Erresse","og_description":"DER PREIS BEINHALTET DEN VERSAND AUF PALETTE. DAS PRODUKT WIRD NUR IN ITALIEN VERKAUFT (f\u00fcr alle anderen L\u00e4nder kontaktieren Sie","og_url":"https:\/\/dev6.erresse-shop.it\/de\/shop\/kleine-elektrogeraete\/grills-und-barbecues\/vulcanus-grill-pro730-chef\/","og_site_name":"dev6 Erresse","og_image":[{"url":"https:\/\/interpim.erresse-shop.it\/img-catalogo\/vulcanus\/vulcanus-grill-pro-730-chef-1.jpg","type":"","width":"","height":""},{"url":"https:\/\/interpim.erresse-shop.it\/img-catalogo\/vulcanus\/vulcanus-grill-pro-730-chef-1.jpg","width":1024,"height":1024,"type":"image\/jpeg"}],"twitter_card":"summary_large_image","twitter_image":"https:\/\/interpim.erresse-shop.it\/img-catalogo\/vulcanus\/vulcanus-grill-pro-730-chef-1.jpg","schema":{"@context":"https:\/\/schema.org","@graph":[{"@type":"WebPage","@id":"https:\/\/dev6.erresse-shop.it\/de\/shop\/kleine-elektrogeraete\/grills-und-barbecues\/vulcanus-grill-pro730-chef\/","url":"https:\/\/dev6.erresse-shop.it\/de\/shop\/kleine-elektrogeraete\/grills-und-barbecues\/vulcanus-grill-pro730-chef\/","name":"VULCANUS Grill Pro730 Chef - dev6 Erresse","isPartOf":{"@id":"https:\/\/dev6.erresse-shop.it\/#website"},"primaryImageOfPage":{"@id":"https:\/\/dev6.erresse-shop.it\/de\/shop\/kleine-elektrogeraete\/grills-und-barbecues\/vulcanus-grill-pro730-chef\/#primaryimage"},"image":{"@id":"https:\/\/dev6.erresse-shop.it\/de\/shop\/kleine-elektrogeraete\/grills-und-barbecues\/vulcanus-grill-pro730-chef\/#primaryimage"},"thumbnailUrl":"https:\/\/i1.wp.com\/interpim.erresse-shop.it\/img-catalogo\/vulcanus\/vulcanus-grill-pro-730-chef-1.jpg?ssl=1","datePublished":"2026-04-04T06:27:06+00:00","description":"DER PREIS BEINHALTET DEN VERSAND AUF PALETTE. DAS PRODUKT WIRD NUR IN ITALIEN VERKAUFT (f\u00fcr alle anderen L\u00e4nder kontaktieren Sie","breadcrumb":{"@id":"https:\/\/dev6.erresse-shop.it\/de\/shop\/kleine-elektrogeraete\/grills-und-barbecues\/vulcanus-grill-pro730-chef\/#breadcrumb"},"inLanguage":"de","potentialAction":[{"@type":"ReadAction","target":["https:\/\/dev6.erresse-shop.it\/de\/shop\/kleine-elektrogeraete\/grills-und-barbecues\/vulcanus-grill-pro730-chef\/"]}]},{"@type":"ImageObject","inLanguage":"de","@id":"https:\/\/dev6.erresse-shop.it\/de\/shop\/kleine-elektrogeraete\/grills-und-barbecues\/vulcanus-grill-pro730-chef\/#primaryimage","url":"https:\/\/i1.wp.com\/interpim.erresse-shop.it\/img-catalogo\/vulcanus\/vulcanus-grill-pro-730-chef-1.jpg?ssl=1","contentUrl":"https:\/\/i1.wp.com\/interpim.erresse-shop.it\/img-catalogo\/vulcanus\/vulcanus-grill-pro-730-chef-1.jpg?ssl=1"},{"@type":"BreadcrumbList","@id":"https:\/\/dev6.erresse-shop.it\/de\/shop\/kleine-elektrogeraete\/grills-und-barbecues\/vulcanus-grill-pro730-chef\/#breadcrumb","itemListElement":[{"@type":"ListItem","position":1,"name":"Home","item":"https:\/\/dev6.erresse-shop.it\/"},{"@type":"ListItem","position":2,"name":"Shop","item":"https:\/\/dev6.erresse-shop.it\/shop\/"},{"@type":"ListItem","position":3,"name":"VULCANUS Grill Pro730 Chef"}]},{"@type":"WebSite","@id":"https:\/\/dev6.erresse-shop.it\/#website","url":"https:\/\/dev6.erresse-shop.it\/","name":"Erresse Shop","description":"","publisher":{"@id":"https:\/\/dev6.erresse-shop.it\/#organization"},"potentialAction":[{"@type":"SearchAction","target":{"@type":"EntryPoint","urlTemplate":"https:\/\/dev6.erresse-shop.it\/?s={search_term_string}"},"query-input":{"@type":"PropertyValueSpecification","valueRequired":true,"valueName":"search_term_string"}}],"inLanguage":"de"},{"@type":"Organization","@id":"https:\/\/dev6.erresse-shop.it\/#organization","name":"Erresse Shop","url":"https:\/\/dev6.erresse-shop.it\/","logo":{"@type":"ImageObject","inLanguage":"de","@id":"https:\/\/dev6.erresse-shop.it\/#\/schema\/logo\/image\/","url":"https:\/\/dev6.erresse-shop.it\/wp-content\/uploads\/2025\/01\/LOGO-ERRESSE-CLASSICO.svg","contentUrl":"https:\/\/dev6.erresse-shop.it\/wp-content\/uploads\/2025\/01\/LOGO-ERRESSE-CLASSICO.svg","caption":"Erresse Shop"},"image":{"@id":"https:\/\/dev6.erresse-shop.it\/#\/schema\/logo\/image\/"}}]}},"df_price":"","df_sale_price":"","df_regular_price":"","df_image_link":"https:\/\/i1.wp.com\/interpim.erresse-shop.it\/img-catalogo\/vulcanus\/vulcanus-grill-pro-730-chef-1.jpg?resize=300,300&ssl=1","fifu_image_url":"https:\/\/interpim.erresse-shop.it\/img-catalogo\/vulcanus\/vulcanus-grill-pro-730-chef-1.jpg","_links":{"self":[{"href":"https:\/\/dev6.erresse-shop.it\/de\/wp-json\/wp\/v2\/product\/49603","targetHints":{"allow":["GET"]}}],"collection":[{"href":"https:\/\/dev6.erresse-shop.it\/de\/wp-json\/wp\/v2\/product"}],"about":[{"href":"https:\/\/dev6.erresse-shop.it\/de\/wp-json\/wp\/v2\/types\/product"}],"wp:featuredmedia":[{"embeddable":true,"href":"https:\/\/dev6.erresse-shop.it\/de\/wp-json\/wp\/v2\/media\/6266058"}],"wp:attachment":[{"href":"https:\/\/dev6.erresse-shop.it\/de\/wp-json\/wp\/v2\/media?parent=49603"}],"wp:term":[{"taxonomy":"product_cat","embeddable":true,"href":"https:\/\/dev6.erresse-shop.it\/de\/wp-json\/wp\/v2\/product_cat?post=49603"},{"taxonomy":"product_tag","embeddable":true,"href":"https:\/\/dev6.erresse-shop.it\/de\/wp-json\/wp\/v2\/product_tag?post=49603"}],"curies":[{"name":"wp","href":"https:\/\/api.w.org\/{rel}","templated":true}]}}