{"id":49569,"date":"2026-04-04T08:26:16","date_gmt":"2026-04-04T06:26:16","guid":{"rendered":"https:\/\/dev6.erresse-shop.it\/shop\/unkategorisiert\/le-creuset-braeter-aus-gusseisen-40-cm-kirschrot\/"},"modified":"2025-09-14T00:33:08","modified_gmt":"2025-09-13T22:33:08","slug":"le-creuset-braeter-aus-gusseisen-40-cm-kirschrot","status":"publish","type":"product","link":"https:\/\/dev6.erresse-shop.it\/de\/shop\/toepfe-pfannen\/schalldaempfer-und-kokotten\/le-creuset-braeter-aus-gusseisen-40-cm-kirschrot\/","title":{"rendered":"LE CREUSET Br\u00e4ter aus Gusseisen 40 cm Kirschrot"},"content":{"rendered":"<p>\u201eGochisousama deshita!\u201c m\u00f6chte man am liebsten nach jeder Mahlzeit sagen. \u00dcbersetzt hei\u00dft das \u201eVielen Dank f\u00fcr das wundervolle Essen!\u201c. Denn egal, ob man nur f\u00fcr sich oder f\u00fcr die eigene Familie kocht, der von japanischen Tont\u00f6pfen inspirierte Br\u00e4ter l\u00e4sst sich zu jedem Anlass und nicht nur f\u00fcr asiatische Gerichte einsetzen.<\/p>\n<p>Daher auch sein Name, der sich von everyday, everyone und every menu ableitet. Warum? Weil die Cocotte Every perfekt f\u00fcr jeden Tag, einfach in der Handhabung \u2013 ob Einsteiger oder erfahrener Koch \u2013 und f\u00fcr verschiedenste Speisen zu nutzen ist. Ein echter Allrounder eben.<\/p>\n<p>Das Besondere: Neben dem gusseisernen Deckel verf\u00fcgt die Cocotte Every auch \u00fcber einen innenliegenden Poteriedeckel, der bei der Zubereitung von Reis das \u00dcberkochen verhindert. Dank der f\u00fcr Le Creuset charakteristischen leuchtend lebendigen Farben und des kompakten Designs l\u00e4sst sich die Cocotte Every nicht nur praktisch verstauen, sondern ist auch ein echter Blickfang in jeder K\u00fcche und auf jedem sch\u00f6n gedeckten Tisch.<\/p>\n<p>Die Cocotte Every bietet viele clevere Details um perfekte Kochergebnisse zu erzielen:<br \/>\n\u2013 Der innenliegende Poteriedeckel sorgt daf\u00fcr, dass das Wasser beim Reiskochen nicht \u00fcberkocht. Dieses einzigartige Accessoire verf\u00fcgt \u00fcber 2 L\u00f6cher, \u00fcber die der Dampf w\u00e4hrend des Kochens entweichen kann. Der Poteriedeckel sorgt somit f\u00fcr perfektes Kochergebnis.<br \/>\n\u2013 Der Edelstahlknauf mit Le Creuset Schriftzug sieht nicht nur edel aus, sondern sorgt auch f\u00fcr eine komfortable Handhabung. Er ist bis 260 \u00b0C hitzebest\u00e4ndig und kann somit auch in herk\u00f6mmlichen Back\u00f6fen verwendet werden.<br \/>\n\u2013 Die mattschwarze Innen-Emaille ist Besonders strapazierf\u00e4hig und kratzfest und daher auch zum Frittieren geeignet. Durch das Einbraten von \u00d6len und Fetten entsteht eine Patina, welche die Brateigenschaften sowie das Aroma verbessert. Die Patina ist eine nat\u00fcrliche Schutzschicht und sollte nicht mit Sp\u00fclmittel entfernt werden.<br \/>\n\u2013 Dank des kompakten Designs und einem Durchmesser von 18 cm ben\u00f6tigt die Cocotte Every weder auf dem Herd beim Kochen noch beim Verstauen im Schrank viel Platz.<br \/>\n\u2013 Dank des gro\u00dfz\u00fcgigen Volumens von 2,0 Litern kann die Cocotte Every nicht nur zur Zubereitung von Reis, sondern auch f\u00fcr viele andere Gerichte wie Suppen, Eint\u00f6pfe oder Kuchen verwendet werden.<br \/>\n\u2013 Die einmalige, tiefe Form mit den abgerundeten Seitenw\u00e4nde sowie der kuppelf\u00f6rmige Deckel sorgen f\u00fcr eine effiziente Hitzeverteilung. So werden alle Zutaten gleichm\u00e4\u00dfig gekocht und die Aromen k\u00f6nnen sich optimal entfalten.<\/p>\n<p>See Movie 1See Movie 2<\/p>\n","protected":false},"excerpt":{"rendered":"<p>\u201eGochisousama deshita!\u201c m\u00f6chte man am liebsten nach jeder Mahlzeit sagen. \u00dcbersetzt hei\u00dft das \u201eVielen Dank f\u00fcr das wundervolle Essen!\u201c. Denn egal, ob man nur f\u00fcr sich oder f\u00fcr die eigene Familie kocht, der von japanischen Tont\u00f6pfen inspirierte Br\u00e4ter l\u00e4sst sich zu jedem Anlass und nicht nur f\u00fcr asiatische Gerichte einsetzen. Daher auch sein Name, der [&hellip;]<\/p>\n","protected":false},"featured_media":6265700,"template":"","meta":{"_acf_changed":false},"product_cat":[11667,12108,12099],"product_tag":[],"class_list":{"0":"post-49569","1":"product","2":"type-product","3":"status-publish","4":"has-post-thumbnail","6":"product_cat-padelle-pentole","7":"product_cat-schalldaempfer-und-kokotten","8":"product_cat-toepfe-pfannen","10":"first","11":"outofstock","12":"sale","13":"taxable","14":"shipping-taxable","15":"purchasable","16":"product-type-simple","swatches":"rey-swatches","show_selected":"","stretch_labels":"rey-swatches--stretch-labels"},"acf":[],"yoast_head":"<!-- This site is optimized with the Yoast SEO plugin v25.4 - https:\/\/yoast.com\/wordpress\/plugins\/seo\/ -->\n<title>LE CREUSET Br\u00e4ter aus Gusseisen 40 cm Kirschrot - dev6 Erresse<\/title>\n<meta name=\"description\" content=\"\u201eGochisousama deshita!\u201c m\u00f6chte man am liebsten nach jeder Mahlzeit sagen. \u00dcbersetzt hei\u00dft das \u201eVielen Dank f\u00fcr das wundervolle Essen!\u201c. Denn egal, ob man\" \/>\n<meta name=\"robots\" content=\"noindex, follow, max-snippet:-1, max-image-preview:large, max-video-preview:-1\" \/>\n<meta property=\"og:locale\" content=\"de_DE\" \/>\n<meta property=\"og:type\" content=\"article\" \/>\n<meta property=\"og:title\" content=\"LE CREUSET Br\u00e4ter aus Gusseisen 40 cm Kirschrot - dev6 Erresse\" \/>\n<meta property=\"og:description\" content=\"\u201eGochisousama deshita!\u201c m\u00f6chte man am liebsten nach jeder Mahlzeit sagen. \u00dcbersetzt hei\u00dft das \u201eVielen Dank f\u00fcr das wundervolle Essen!\u201c. Denn egal, ob man\" \/>\n<meta property=\"og:url\" content=\"https:\/\/dev6.erresse-shop.it\/de\/shop\/toepfe-pfannen\/schalldaempfer-und-kokotten\/le-creuset-braeter-aus-gusseisen-40-cm-kirschrot\/\" \/>\n<meta property=\"og:site_name\" content=\"dev6 Erresse\" \/>\n<meta property=\"og:image\" content=\"https:\/\/interpim.erresse-shop.it\/Import\/Prodotti\/le-creuset-cocotte-evolution-in-ghisa-40-cm-ciliegia.jpg\" \/><meta property=\"og:image\" content=\"https:\/\/interpim.erresse-shop.it\/Import\/Prodotti\/le-creuset-cocotte-evolution-in-ghisa-40-cm-ciliegia.jpg\" \/>\n\t<meta property=\"og:image:width\" content=\"1024\" \/>\n\t<meta property=\"og:image:height\" content=\"1024\" \/>\n\t<meta property=\"og:image:type\" content=\"image\/jpeg\" \/>\n<meta name=\"twitter:card\" content=\"summary_large_image\" \/>\n<meta name=\"twitter:image\" content=\"https:\/\/interpim.erresse-shop.it\/Import\/Prodotti\/le-creuset-cocotte-evolution-in-ghisa-40-cm-ciliegia.jpg\" \/>\n<script type=\"application\/ld+json\" class=\"yoast-schema-graph\">{\"@context\":\"https:\/\/schema.org\",\"@graph\":[{\"@type\":\"WebPage\",\"@id\":\"https:\/\/dev6.erresse-shop.it\/de\/shop\/toepfe-pfannen\/schalldaempfer-und-kokotten\/le-creuset-braeter-aus-gusseisen-40-cm-kirschrot\/\",\"url\":\"https:\/\/dev6.erresse-shop.it\/de\/shop\/toepfe-pfannen\/schalldaempfer-und-kokotten\/le-creuset-braeter-aus-gusseisen-40-cm-kirschrot\/\",\"name\":\"LE CREUSET Br\u00e4ter aus Gusseisen 40 cm Kirschrot - dev6 Erresse\",\"isPartOf\":{\"@id\":\"https:\/\/dev6.erresse-shop.it\/#website\"},\"primaryImageOfPage\":{\"@id\":\"https:\/\/dev6.erresse-shop.it\/de\/shop\/toepfe-pfannen\/schalldaempfer-und-kokotten\/le-creuset-braeter-aus-gusseisen-40-cm-kirschrot\/#primaryimage\"},\"image\":{\"@id\":\"https:\/\/dev6.erresse-shop.it\/de\/shop\/toepfe-pfannen\/schalldaempfer-und-kokotten\/le-creuset-braeter-aus-gusseisen-40-cm-kirschrot\/#primaryimage\"},\"thumbnailUrl\":\"https:\/\/i1.wp.com\/interpim.erresse-shop.it\/Import\/Prodotti\/le-creuset-cocotte-evolution-in-ghisa-40-cm-ciliegia.jpg?ssl=1\",\"datePublished\":\"2026-04-04T06:26:16+00:00\",\"description\":\"\u201eGochisousama deshita!\u201c m\u00f6chte man am liebsten nach jeder Mahlzeit sagen. \u00dcbersetzt hei\u00dft das \u201eVielen Dank f\u00fcr das wundervolle Essen!\u201c. Denn egal, ob man\",\"breadcrumb\":{\"@id\":\"https:\/\/dev6.erresse-shop.it\/de\/shop\/toepfe-pfannen\/schalldaempfer-und-kokotten\/le-creuset-braeter-aus-gusseisen-40-cm-kirschrot\/#breadcrumb\"},\"inLanguage\":\"de\",\"potentialAction\":[{\"@type\":\"ReadAction\",\"target\":[\"https:\/\/dev6.erresse-shop.it\/de\/shop\/toepfe-pfannen\/schalldaempfer-und-kokotten\/le-creuset-braeter-aus-gusseisen-40-cm-kirschrot\/\"]}]},{\"@type\":\"ImageObject\",\"inLanguage\":\"de\",\"@id\":\"https:\/\/dev6.erresse-shop.it\/de\/shop\/toepfe-pfannen\/schalldaempfer-und-kokotten\/le-creuset-braeter-aus-gusseisen-40-cm-kirschrot\/#primaryimage\",\"url\":\"https:\/\/i1.wp.com\/interpim.erresse-shop.it\/Import\/Prodotti\/le-creuset-cocotte-evolution-in-ghisa-40-cm-ciliegia.jpg?ssl=1\",\"contentUrl\":\"https:\/\/i1.wp.com\/interpim.erresse-shop.it\/Import\/Prodotti\/le-creuset-cocotte-evolution-in-ghisa-40-cm-ciliegia.jpg?ssl=1\"},{\"@type\":\"BreadcrumbList\",\"@id\":\"https:\/\/dev6.erresse-shop.it\/de\/shop\/toepfe-pfannen\/schalldaempfer-und-kokotten\/le-creuset-braeter-aus-gusseisen-40-cm-kirschrot\/#breadcrumb\",\"itemListElement\":[{\"@type\":\"ListItem\",\"position\":1,\"name\":\"Home\",\"item\":\"https:\/\/dev6.erresse-shop.it\/\"},{\"@type\":\"ListItem\",\"position\":2,\"name\":\"Shop\",\"item\":\"https:\/\/dev6.erresse-shop.it\/shop\/\"},{\"@type\":\"ListItem\",\"position\":3,\"name\":\"LE CREUSET Br\u00e4ter aus Gusseisen 40 cm Kirschrot\"}]},{\"@type\":\"WebSite\",\"@id\":\"https:\/\/dev6.erresse-shop.it\/#website\",\"url\":\"https:\/\/dev6.erresse-shop.it\/\",\"name\":\"Erresse Shop\",\"description\":\"\",\"publisher\":{\"@id\":\"https:\/\/dev6.erresse-shop.it\/#organization\"},\"potentialAction\":[{\"@type\":\"SearchAction\",\"target\":{\"@type\":\"EntryPoint\",\"urlTemplate\":\"https:\/\/dev6.erresse-shop.it\/?s={search_term_string}\"},\"query-input\":{\"@type\":\"PropertyValueSpecification\",\"valueRequired\":true,\"valueName\":\"search_term_string\"}}],\"inLanguage\":\"de\"},{\"@type\":\"Organization\",\"@id\":\"https:\/\/dev6.erresse-shop.it\/#organization\",\"name\":\"Erresse Shop\",\"url\":\"https:\/\/dev6.erresse-shop.it\/\",\"logo\":{\"@type\":\"ImageObject\",\"inLanguage\":\"de\",\"@id\":\"https:\/\/dev6.erresse-shop.it\/#\/schema\/logo\/image\/\",\"url\":\"https:\/\/dev6.erresse-shop.it\/wp-content\/uploads\/2025\/01\/LOGO-ERRESSE-CLASSICO.svg\",\"contentUrl\":\"https:\/\/dev6.erresse-shop.it\/wp-content\/uploads\/2025\/01\/LOGO-ERRESSE-CLASSICO.svg\",\"caption\":\"Erresse Shop\"},\"image\":{\"@id\":\"https:\/\/dev6.erresse-shop.it\/#\/schema\/logo\/image\/\"}}]}<\/script>\n<!-- \/ Yoast SEO plugin. -->","yoast_head_json":{"title":"LE CREUSET Br\u00e4ter aus Gusseisen 40 cm Kirschrot - dev6 Erresse","description":"\u201eGochisousama deshita!\u201c m\u00f6chte man am liebsten nach jeder Mahlzeit sagen. \u00dcbersetzt hei\u00dft das \u201eVielen Dank f\u00fcr das wundervolle Essen!\u201c. Denn egal, ob man","robots":{"index":"noindex","follow":"follow","max-snippet":"max-snippet:-1","max-image-preview":"max-image-preview:large","max-video-preview":"max-video-preview:-1"},"og_locale":"de_DE","og_type":"article","og_title":"LE CREUSET Br\u00e4ter aus Gusseisen 40 cm Kirschrot - dev6 Erresse","og_description":"\u201eGochisousama deshita!\u201c m\u00f6chte man am liebsten nach jeder Mahlzeit sagen. \u00dcbersetzt hei\u00dft das \u201eVielen Dank f\u00fcr das wundervolle Essen!\u201c. Denn egal, ob man","og_url":"https:\/\/dev6.erresse-shop.it\/de\/shop\/toepfe-pfannen\/schalldaempfer-und-kokotten\/le-creuset-braeter-aus-gusseisen-40-cm-kirschrot\/","og_site_name":"dev6 Erresse","og_image":[{"url":"https:\/\/interpim.erresse-shop.it\/Import\/Prodotti\/le-creuset-cocotte-evolution-in-ghisa-40-cm-ciliegia.jpg","type":"","width":"","height":""},{"url":"https:\/\/interpim.erresse-shop.it\/Import\/Prodotti\/le-creuset-cocotte-evolution-in-ghisa-40-cm-ciliegia.jpg","width":1024,"height":1024,"type":"image\/jpeg"}],"twitter_card":"summary_large_image","twitter_image":"https:\/\/interpim.erresse-shop.it\/Import\/Prodotti\/le-creuset-cocotte-evolution-in-ghisa-40-cm-ciliegia.jpg","schema":{"@context":"https:\/\/schema.org","@graph":[{"@type":"WebPage","@id":"https:\/\/dev6.erresse-shop.it\/de\/shop\/toepfe-pfannen\/schalldaempfer-und-kokotten\/le-creuset-braeter-aus-gusseisen-40-cm-kirschrot\/","url":"https:\/\/dev6.erresse-shop.it\/de\/shop\/toepfe-pfannen\/schalldaempfer-und-kokotten\/le-creuset-braeter-aus-gusseisen-40-cm-kirschrot\/","name":"LE CREUSET Br\u00e4ter aus Gusseisen 40 cm Kirschrot - dev6 Erresse","isPartOf":{"@id":"https:\/\/dev6.erresse-shop.it\/#website"},"primaryImageOfPage":{"@id":"https:\/\/dev6.erresse-shop.it\/de\/shop\/toepfe-pfannen\/schalldaempfer-und-kokotten\/le-creuset-braeter-aus-gusseisen-40-cm-kirschrot\/#primaryimage"},"image":{"@id":"https:\/\/dev6.erresse-shop.it\/de\/shop\/toepfe-pfannen\/schalldaempfer-und-kokotten\/le-creuset-braeter-aus-gusseisen-40-cm-kirschrot\/#primaryimage"},"thumbnailUrl":"https:\/\/i1.wp.com\/interpim.erresse-shop.it\/Import\/Prodotti\/le-creuset-cocotte-evolution-in-ghisa-40-cm-ciliegia.jpg?ssl=1","datePublished":"2026-04-04T06:26:16+00:00","description":"\u201eGochisousama deshita!\u201c m\u00f6chte man am liebsten nach jeder Mahlzeit sagen. \u00dcbersetzt hei\u00dft das \u201eVielen Dank f\u00fcr das wundervolle Essen!\u201c. Denn egal, ob man","breadcrumb":{"@id":"https:\/\/dev6.erresse-shop.it\/de\/shop\/toepfe-pfannen\/schalldaempfer-und-kokotten\/le-creuset-braeter-aus-gusseisen-40-cm-kirschrot\/#breadcrumb"},"inLanguage":"de","potentialAction":[{"@type":"ReadAction","target":["https:\/\/dev6.erresse-shop.it\/de\/shop\/toepfe-pfannen\/schalldaempfer-und-kokotten\/le-creuset-braeter-aus-gusseisen-40-cm-kirschrot\/"]}]},{"@type":"ImageObject","inLanguage":"de","@id":"https:\/\/dev6.erresse-shop.it\/de\/shop\/toepfe-pfannen\/schalldaempfer-und-kokotten\/le-creuset-braeter-aus-gusseisen-40-cm-kirschrot\/#primaryimage","url":"https:\/\/i1.wp.com\/interpim.erresse-shop.it\/Import\/Prodotti\/le-creuset-cocotte-evolution-in-ghisa-40-cm-ciliegia.jpg?ssl=1","contentUrl":"https:\/\/i1.wp.com\/interpim.erresse-shop.it\/Import\/Prodotti\/le-creuset-cocotte-evolution-in-ghisa-40-cm-ciliegia.jpg?ssl=1"},{"@type":"BreadcrumbList","@id":"https:\/\/dev6.erresse-shop.it\/de\/shop\/toepfe-pfannen\/schalldaempfer-und-kokotten\/le-creuset-braeter-aus-gusseisen-40-cm-kirschrot\/#breadcrumb","itemListElement":[{"@type":"ListItem","position":1,"name":"Home","item":"https:\/\/dev6.erresse-shop.it\/"},{"@type":"ListItem","position":2,"name":"Shop","item":"https:\/\/dev6.erresse-shop.it\/shop\/"},{"@type":"ListItem","position":3,"name":"LE CREUSET Br\u00e4ter aus Gusseisen 40 cm Kirschrot"}]},{"@type":"WebSite","@id":"https:\/\/dev6.erresse-shop.it\/#website","url":"https:\/\/dev6.erresse-shop.it\/","name":"Erresse Shop","description":"","publisher":{"@id":"https:\/\/dev6.erresse-shop.it\/#organization"},"potentialAction":[{"@type":"SearchAction","target":{"@type":"EntryPoint","urlTemplate":"https:\/\/dev6.erresse-shop.it\/?s={search_term_string}"},"query-input":{"@type":"PropertyValueSpecification","valueRequired":true,"valueName":"search_term_string"}}],"inLanguage":"de"},{"@type":"Organization","@id":"https:\/\/dev6.erresse-shop.it\/#organization","name":"Erresse Shop","url":"https:\/\/dev6.erresse-shop.it\/","logo":{"@type":"ImageObject","inLanguage":"de","@id":"https:\/\/dev6.erresse-shop.it\/#\/schema\/logo\/image\/","url":"https:\/\/dev6.erresse-shop.it\/wp-content\/uploads\/2025\/01\/LOGO-ERRESSE-CLASSICO.svg","contentUrl":"https:\/\/dev6.erresse-shop.it\/wp-content\/uploads\/2025\/01\/LOGO-ERRESSE-CLASSICO.svg","caption":"Erresse Shop"},"image":{"@id":"https:\/\/dev6.erresse-shop.it\/#\/schema\/logo\/image\/"}}]}},"df_price":419.95,"df_sale_price":419.95,"df_regular_price":599,"df_image_link":"https:\/\/i1.wp.com\/interpim.erresse-shop.it\/Import\/Prodotti\/le-creuset-cocotte-evolution-in-ghisa-40-cm-ciliegia.jpg?resize=300,300&ssl=1","fifu_image_url":"https:\/\/interpim.erresse-shop.it\/Import\/Prodotti\/le-creuset-cocotte-evolution-in-ghisa-40-cm-ciliegia.jpg","_links":{"self":[{"href":"https:\/\/dev6.erresse-shop.it\/de\/wp-json\/wp\/v2\/product\/49569","targetHints":{"allow":["GET"]}}],"collection":[{"href":"https:\/\/dev6.erresse-shop.it\/de\/wp-json\/wp\/v2\/product"}],"about":[{"href":"https:\/\/dev6.erresse-shop.it\/de\/wp-json\/wp\/v2\/types\/product"}],"wp:featuredmedia":[{"embeddable":true,"href":"https:\/\/dev6.erresse-shop.it\/de\/wp-json\/wp\/v2\/media\/6265700"}],"wp:attachment":[{"href":"https:\/\/dev6.erresse-shop.it\/de\/wp-json\/wp\/v2\/media?parent=49569"}],"wp:term":[{"taxonomy":"product_cat","embeddable":true,"href":"https:\/\/dev6.erresse-shop.it\/de\/wp-json\/wp\/v2\/product_cat?post=49569"},{"taxonomy":"product_tag","embeddable":true,"href":"https:\/\/dev6.erresse-shop.it\/de\/wp-json\/wp\/v2\/product_tag?post=49569"}],"curies":[{"name":"wp","href":"https:\/\/api.w.org\/{rel}","templated":true}]}}